{"id":3571,"date":"2023-09-03T11:54:51","date_gmt":"2023-09-03T11:54:51","guid":{"rendered":"http:\/\/mijn-lo.nl\/?page_id=3571"},"modified":"2025-08-19T17:19:25","modified_gmt":"2025-08-19T17:19:25","slug":"who-lives-in-the-netherlands","status":"publish","type":"page","link":"https:\/\/mijn-lo.nl\/es\/the-netherlands\/who-lives-in-the-netherlands\/","title":{"rendered":"\u00bfQui\u00e9n vive en los Pa\u00edses Bajos?"},"content":{"rendered":"<div data-elementor-type=\"wp-page\" data-elementor-id=\"3571\" class=\"elementor elementor-3571\" data-elementor-post-type=\"page\">\n\t\t\t\t\t\t<section class=\"elementor-section elementor-top-section elementor-element elementor-element-4ab774c elementor-section-boxed elementor-section-height-default elementor-section-height-default\" data-id=\"4ab774c\" data-element_type=\"section\">\n\t\t\t\t\t\t<div class=\"elementor-container elementor-column-gap-default\">\n\t\t\t\t\t<div class=\"elementor-column elementor-col-50 elementor-top-column elementor-element elementor-element-d52035b\" data-id=\"d52035b\" data-element_type=\"column\">\n\t\t\t<div class=\"elementor-widget-wrap elementor-element-populated\">\n\t\t\t\t\t\t<div class=\"elementor-element elementor-element-5307f71 elementor-widget elementor-widget-image\" data-id=\"5307f71\" data-element_type=\"widget\" data-widget_type=\"image.default\">\n\t\t\t\t<div class=\"elementor-widget-container\">\n\t\t\t\t\t\t\t\t\t\t\t\t\t\t\t<img fetchpriority=\"high\" decoding=\"async\" width=\"914\" height=\"825\" src=\"https:\/\/mijn-lo.nl\/wp-content\/uploads\/2023\/09\/bewoners3-914x825-1.webp\" class=\"attachment-large size-large wp-image-3574\" alt=\"\" srcset=\"https:\/\/mijn-lo.nl\/wp-content\/uploads\/2023\/09\/bewoners3-914x825-1.webp 914w, https:\/\/mijn-lo.nl\/wp-content\/uploads\/2023\/09\/bewoners3-914x825-1-300x271.webp 300w, https:\/\/mijn-lo.nl\/wp-content\/uploads\/2023\/09\/bewoners3-914x825-1-768x693.webp 768w, https:\/\/mijn-lo.nl\/wp-content\/uploads\/2023\/09\/bewoners3-914x825-1-13x12.webp 13w, https:\/\/mijn-lo.nl\/wp-content\/uploads\/2023\/09\/bewoners3-914x825-1-24x22.webp 24w, https:\/\/mijn-lo.nl\/wp-content\/uploads\/2023\/09\/bewoners3-914x825-1-36x32.webp 36w, https:\/\/mijn-lo.nl\/wp-content\/uploads\/2023\/09\/bewoners3-914x825-1-48x43.webp 48w\" sizes=\"(max-width: 914px) 100vw, 914px\" \/>\t\t\t\t\t\t\t\t\t\t\t\t\t\t\t<\/div>\n\t\t\t\t<\/div>\n\t\t\t\t\t<\/div>\n\t\t<\/div>\n\t\t\t\t<div class=\"elementor-column elementor-col-50 elementor-top-column elementor-element elementor-element-0de69c5\" data-id=\"0de69c5\" data-element_type=\"column\">\n\t\t\t<div class=\"elementor-widget-wrap elementor-element-populated\">\n\t\t\t\t\t\t<div class=\"elementor-element elementor-element-3ec27b9 elementor-widget elementor-widget-text-editor\" data-id=\"3ec27b9\" data-element_type=\"widget\" data-widget_type=\"text-editor.default\">\n\t\t\t\t<div class=\"elementor-widget-container\">\n\t\t\t\t\t\t\t\t\t<h3 class=\"mbr-section-title mbr-fonts-style mb-3 display-5\"><strong>\u00bfQui\u00e9n vive en los Pa\u00edses Bajos?<\/strong><\/h3>\n<p class=\"mbr-text mbr-fonts-style display-7\">En los Pa\u00edses Bajos mucha gente viene de diferentes pa\u00edses. Los grupos m\u00e1s grandes de personas en el pa\u00eds provienen de Turqu\u00eda, Marruecos o Surinam. Los grupos turco y marroqu\u00ed son los m\u00e1s grandes, con casi medio mill\u00f3n de personas en cada grupo. Estos grupos han ido creciendo en los \u00faltimos a\u00f1os, sobre todo por el nacimiento de la segunda generaci\u00f3n.<\/p>\nLos nombres holandeses para las personas que vienen de Turqu\u00eda, Marruecos y Surinam son:\n\n<audio class=\"wp-audio-shortcode\" id=\"audio-3571-1\" preload=\"none\" style=\"width: 100%;\" controls=\"controls\"><source type=\"audio\/wav\" src=\"https:\/\/mijn-lo.nl\/wp-content\/uploads\/2023\/09\/MAPH1-7-1.wav?_=1\" \/><a href=\"https:\/\/mijn-lo.nl\/wp-content\/uploads\/2023\/09\/MAPH1-7-1.wav\">https:\/\/mijn-lo.nl\/wp-content\/uploads\/2023\/09\/MAPH1-7-1.wav<\/a><\/audio>\t\t\t\t\t\t\t\t<\/div>\n\t\t\t\t<\/div>\n\t\t\t\t\t<\/div>\n\t\t<\/div>\n\t\t\t\t\t<\/div>\n\t\t<\/section>\n\t\t\t\t<section class=\"elementor-section elementor-top-section elementor-element elementor-element-3f9afad elementor-section-boxed elementor-section-height-default elementor-section-height-default\" data-id=\"3f9afad\" data-element_type=\"section\">\n\t\t\t\t\t\t<div class=\"elementor-container elementor-column-gap-default\">\n\t\t\t\t\t<div class=\"elementor-column elementor-col-100 elementor-top-column elementor-element elementor-element-2369197\" data-id=\"2369197\" data-element_type=\"column\">\n\t\t\t<div class=\"elementor-widget-wrap elementor-element-populated\">\n\t\t\t\t\t\t<div class=\"elementor-element elementor-element-81717f7 elementor-widget elementor-widget-text-editor\" data-id=\"81717f7\" data-element_type=\"widget\" data-widget_type=\"text-editor.default\">\n\t\t\t\t<div class=\"elementor-widget-container\">\n\t\t\t\t\t\t\t\t\t<h3 class=\"mbr-section-subtitle mbr-fonts-style mb-4 display-5\"><strong>Algunos n\u00fameros<\/strong><\/h3>\n<p class=\"mbr-text mbr-fonts-style display-7\">En los Pa\u00edses Bajos viven casi 18 millones de personas, lo que significa que es un pa\u00eds superpoblado. En promedio, viven 500 personas en cada kil\u00f3metro cuadrado, lo que lo convierte en el pa\u00eds m\u00e1s densamente poblado de Europa.<\/p>\nM\u00e1s del 10% de los habitantes de los Pa\u00edses Bajos no han nacido all\u00ed, pero suelen tener la nacionalidad holandesa. La Reina M\u00e1xima es un buen ejemplo de ello. Es originaria de Argentina.\n\nMuchos extranjeros viven en grandes ciudades de Holanda. O trabajan all\u00ed o tienen una relaci\u00f3n con un holand\u00e9s. Los surinameses viven en Holanda por la relaci\u00f3n hist\u00f3rica entre ambos pa\u00edses. Turcos y marroqu\u00edes llegaron a Holanda como trabajadores invitados en los a\u00f1os setenta.\n\nHoy en d\u00eda llegan a Holanda muchos refugiados de pa\u00edses como Ir\u00e1n, Irak y Somalia. Sin embargo, no todos los refugiados tienen permiso de residencia. Una vez que tienen permiso de residencia, se les llama \"titulares del estatuto\". Adem\u00e1s de refugiados, tambi\u00e9n han venido a Holanda muchas personas de Polonia y Ruman\u00eda.\n\nLa palabra neerlandesa para refugiado es : \"vluchteling\":\n\n<audio class=\"wp-audio-shortcode\" id=\"audio-3571-2\" preload=\"none\" style=\"width: 100%;\" controls=\"controls\"><source type=\"audio\/wav\" src=\"https:\/\/mijn-lo.nl\/wp-content\/uploads\/2023\/09\/MAPH1-8-1.wav?_=2\" \/><a href=\"https:\/\/mijn-lo.nl\/wp-content\/uploads\/2023\/09\/MAPH1-8-1.wav\">https:\/\/mijn-lo.nl\/wp-content\/uploads\/2023\/09\/MAPH1-8-1.wav<\/a><\/audio>\t\t\t\t\t\t\t\t<\/div>\n\t\t\t\t<\/div>\n\t\t\t\t\t<\/div>\n\t\t<\/div>\n\t\t\t\t\t<\/div>\n\t\t<\/section>\n\t\t\t\t<section class=\"elementor-section elementor-top-section elementor-element elementor-element-5de23806 elementor-section-boxed elementor-section-height-default elementor-section-height-default\" data-id=\"5de23806\" data-element_type=\"section\">\n\t\t\t\t\t\t<div class=\"elementor-container elementor-column-gap-default\">\n\t\t\t\t\t<div class=\"elementor-column elementor-col-100 elementor-top-column elementor-element elementor-element-4066c27f\" data-id=\"4066c27f\" data-element_type=\"column\">\n\t\t\t<div class=\"elementor-widget-wrap elementor-element-populated\">\n\t\t\t\t\t\t<div class=\"elementor-element elementor-element-37f97aef elementor-align-center elementor-widget elementor-widget-button\" data-id=\"37f97aef\" data-element_type=\"widget\" data-widget_type=\"button.default\">\n\t\t\t\t<div class=\"elementor-widget-container\">\n\t\t\t\t\t\t\t\t\t<div class=\"elementor-button-wrapper\">\n\t\t\t\t\t<a class=\"elementor-button elementor-button-link elementor-size-sm\" href=\"https:\/\/mijn-lo.nl\/es\/the-netherlands\/the-netherlands-is-a-democracy\/\">\n\t\t\t\t\t\t<span class=\"elementor-button-content-wrapper\">\n\t\t\t\t\t\t\t\t\t<span class=\"elementor-button-text\">continuar<\/span>\n\t\t\t\t\t<\/span>\n\t\t\t\t\t<\/a>\n\t\t\t\t<\/div>\n\t\t\t\t\t\t\t\t<\/div>\n\t\t\t\t<\/div>\n\t\t\t\t\t<\/div>\n\t\t<\/div>\n\t\t\t\t\t<\/div>\n\t\t<\/section>\n\t\t\t\t<\/div>","protected":false},"excerpt":{"rendered":"<p>Who lives in the Netherlands? In the Netherlands, many people come from different countries. The largest groups of people in the country have backgrounds from Turkey, Morocco, or Suriname. The Turkish and Moroccan groups are the biggest, with nearly half a million people in each group. These groups have been growing in recent years, especially [&hellip;]<\/p>\n","protected":false},"author":1,"featured_media":0,"parent":5002,"menu_order":6,"comment_status":"closed","ping_status":"closed","template":"elementor_canvas","meta":{"site-sidebar-layout":"no-sidebar","site-content-layout":"page-builder","ast-site-content-layout":"full-width-container","site-content-style":"default","site-sidebar-style":"default","ast-global-header-display":"","ast-banner-title-visibility":"","ast-main-header-display":"","ast-hfb-above-header-display":"","ast-hfb-below-header-display":"","ast-hfb-mobile-header-display":"","site-post-title":"disabled","ast-breadcrumbs-content":"","ast-featured-img":"disabled","footer-sml-layout":"","theme-transparent-header-meta":"","adv-header-id-meta":"","stick-header-meta":"","header-above-stick-meta":"","header-main-stick-meta":"","header-below-stick-meta":"","astra-migrate-meta-layouts":"set","ast-page-background-enabled":"default","ast-page-background-meta":{"desktop":{"background-color":"var(--ast-global-color-4)","background-image":"","background-repeat":"repeat","background-position":"center center","background-size":"auto","background-attachment":"scroll","background-type":"","background-media":"","overlay-type":"","overlay-color":"","overlay-opacity":"","overlay-gradient":""},"tablet":{"background-color":"","background-image":"","background-repeat":"repeat","background-position":"center center","background-size":"auto","background-attachment":"scroll","background-type":"","background-media":"","overlay-type":"","overlay-color":"","overlay-opacity":"","overlay-gradient":""},"mobile":{"background-color":"","background-image":"","background-repeat":"repeat","background-position":"center center","background-size":"auto","background-attachment":"scroll","background-type":"","background-media":"","overlay-type":"","overlay-color":"","overlay-opacity":"","overlay-gradient":""}},"ast-content-background-meta":{"desktop":{"background-color":"var(--ast-global-color-5)","background-image":"","background-repeat":"repeat","background-position":"center center","background-size":"auto","background-attachment":"scroll","background-type":"","background-media":"","overlay-type":"","overlay-color":"","overlay-opacity":"","overlay-gradient":""},"tablet":{"background-color":"var(--ast-global-color-5)","background-image":"","background-repeat":"repeat","background-position":"center center","background-size":"auto","background-attachment":"scroll","background-type":"","background-media":"","overlay-type":"","overlay-color":"","overlay-opacity":"","overlay-gradient":""},"mobile":{"background-color":"var(--ast-global-color-5)","background-image":"","background-repeat":"repeat","background-position":"center center","background-size":"auto","background-attachment":"scroll","background-type":"","background-media":"","overlay-type":"","overlay-color":"","overlay-opacity":"","overlay-gradient":""}},"footnotes":""},"class_list":["post-3571","page","type-page","status-publish","hentry"],"_links":{"self":[{"href":"https:\/\/mijn-lo.nl\/es\/wp-json\/wp\/v2\/pages\/3571","targetHints":{"allow":["GET"]}}],"collection":[{"href":"https:\/\/mijn-lo.nl\/es\/wp-json\/wp\/v2\/pages"}],"about":[{"href":"https:\/\/mijn-lo.nl\/es\/wp-json\/wp\/v2\/types\/page"}],"author":[{"embeddable":true,"href":"https:\/\/mijn-lo.nl\/es\/wp-json\/wp\/v2\/users\/1"}],"replies":[{"embeddable":true,"href":"https:\/\/mijn-lo.nl\/es\/wp-json\/wp\/v2\/comments?post=3571"}],"version-history":[{"count":32,"href":"https:\/\/mijn-lo.nl\/es\/wp-json\/wp\/v2\/pages\/3571\/revisions"}],"predecessor-version":[{"id":6220,"href":"https:\/\/mijn-lo.nl\/es\/wp-json\/wp\/v2\/pages\/3571\/revisions\/6220"}],"up":[{"embeddable":true,"href":"https:\/\/mijn-lo.nl\/es\/wp-json\/wp\/v2\/pages\/5002"}],"wp:attachment":[{"href":"https:\/\/mijn-lo.nl\/es\/wp-json\/wp\/v2\/media?parent=3571"}],"curies":[{"name":"wp","href":"https:\/\/api.w.org\/{rel}","templated":true}]}}