{"id":3585,"date":"2023-09-03T12:00:13","date_gmt":"2023-09-03T12:00:13","guid":{"rendered":"http:\/\/mijn-lo.nl\/?page_id=3585"},"modified":"2025-08-19T17:19:51","modified_gmt":"2025-08-19T17:19:51","slug":"the-netherlands-is-a-democracy","status":"publish","type":"page","link":"https:\/\/mijn-lo.nl\/es\/the-netherlands\/the-netherlands-is-a-democracy\/","title":{"rendered":"Holanda es una democracia"},"content":{"rendered":"<div data-elementor-type=\"wp-page\" data-elementor-id=\"3585\" class=\"elementor elementor-3585\" data-elementor-post-type=\"page\">\n\t\t\t\t\t\t<section class=\"elementor-section elementor-top-section elementor-element elementor-element-4ab774c elementor-section-boxed elementor-section-height-default elementor-section-height-default\" data-id=\"4ab774c\" data-element_type=\"section\">\n\t\t\t\t\t\t\t<div class=\"elementor-background-overlay\"><\/div>\n\t\t\t\t\t\t\t<div class=\"elementor-container elementor-column-gap-default\">\n\t\t\t\t\t<div class=\"elementor-column elementor-col-50 elementor-top-column elementor-element elementor-element-d52035b\" data-id=\"d52035b\" data-element_type=\"column\">\n\t\t\t<div class=\"elementor-widget-wrap elementor-element-populated\">\n\t\t\t\t\t\t<div class=\"elementor-element elementor-element-5307f71 elementor-widget elementor-widget-image\" data-id=\"5307f71\" data-element_type=\"widget\" data-widget_type=\"image.default\">\n\t\t\t\t<div class=\"elementor-widget-container\">\n\t\t\t\t\t\t\t\t\t\t\t\t\t\t\t<img fetchpriority=\"high\" decoding=\"async\" width=\"697\" height=\"799\" src=\"https:\/\/mijn-lo.nl\/wp-content\/uploads\/2023\/09\/willem-maxima-697x799-1.webp\" class=\"attachment-large size-large wp-image-3587\" alt=\"\" srcset=\"https:\/\/mijn-lo.nl\/wp-content\/uploads\/2023\/09\/willem-maxima-697x799-1.webp 697w, https:\/\/mijn-lo.nl\/wp-content\/uploads\/2023\/09\/willem-maxima-697x799-1-262x300.webp 262w, https:\/\/mijn-lo.nl\/wp-content\/uploads\/2023\/09\/willem-maxima-697x799-1-10x12.webp 10w, https:\/\/mijn-lo.nl\/wp-content\/uploads\/2023\/09\/willem-maxima-697x799-1-21x24.webp 21w, https:\/\/mijn-lo.nl\/wp-content\/uploads\/2023\/09\/willem-maxima-697x799-1-31x36.webp 31w, https:\/\/mijn-lo.nl\/wp-content\/uploads\/2023\/09\/willem-maxima-697x799-1-42x48.webp 42w\" sizes=\"(max-width: 697px) 100vw, 697px\" \/>\t\t\t\t\t\t\t\t\t\t\t\t\t\t\t<\/div>\n\t\t\t\t<\/div>\n\t\t\t\t<div class=\"elementor-element elementor-element-12a9154 elementor-widget elementor-widget-text-editor\" data-id=\"12a9154\" data-element_type=\"widget\" data-widget_type=\"text-editor.default\">\n\t\t\t\t<div class=\"elementor-widget-container\">\n\t\t\t\t\t\t\t\t\t<p style=\"text-align: center;\">El rey Willem-Alexander y la reina M\u00e1xima<\/p>\t\t\t\t\t\t\t\t<\/div>\n\t\t\t\t<\/div>\n\t\t\t\t\t<\/div>\n\t\t<\/div>\n\t\t\t\t<div class=\"elementor-column elementor-col-50 elementor-top-column elementor-element elementor-element-0de69c5\" data-id=\"0de69c5\" data-element_type=\"column\">\n\t\t\t<div class=\"elementor-widget-wrap elementor-element-populated\">\n\t\t\t\t\t\t<div class=\"elementor-element elementor-element-3ec27b9 elementor-widget elementor-widget-text-editor\" data-id=\"3ec27b9\" data-element_type=\"widget\" data-widget_type=\"text-editor.default\">\n\t\t\t\t<div class=\"elementor-widget-container\">\n\t\t\t\t\t\t\t\t\t<h3 class=\"mbr-section-title mbr-fonts-style mb-3 display-5\"><strong>Holanda es una democracia con familia real<\/strong><\/h3><p class=\"mbr-text mbr-fonts-style display-7\">A diferencia de pa\u00edses como Francia y Alemania, Holanda no es una rep\u00fablica. Sigue teniendo una familia real con algunos derechos, pero muy limitados. El Rey Guillermo Alejandro y la Reina M\u00e1xima representan principalmente al pa\u00eds y a su pueblo. No participan en pol\u00edtica. Tienen tres hijos en com\u00fan.<br \/><br \/>En neerland\u00e9s: \"Koning Willem-Alexander, Koningin Maxima\"<\/p><p><audio class=\"wp-audio-shortcode\" id=\"audio-3585-1\" preload=\"none\" style=\"width: 100%;\" controls=\"controls\"><source type=\"audio\/wav\" src=\"https:\/\/mijn-lo.nl\/wp-content\/uploads\/2023\/09\/MAPH1-9-1.wav?_=1\" \/><a href=\"https:\/\/mijn-lo.nl\/wp-content\/uploads\/2023\/09\/MAPH1-9-1.wav\">https:\/\/mijn-lo.nl\/wp-content\/uploads\/2023\/09\/MAPH1-9-1.wav<\/a><\/audio><\/p><p><br \/>Holanda es una democracia, lo que significa que el pueblo elige a sus representantes en el Parlamento mediante elecciones. Cada cuatro a\u00f1os, los ciudadanos neerlandeses pueden votar al Parlamento. En el parlamento se debaten los planes del gobierno. El gobierno propone nuevas leyes, y el parlamento tiene poder para aprobarlas. Los debates entre el gobierno y el parlamento tienen lugar en un famoso lugar de La Haya llamado: (La Segunda C\u00e1mara).<br \/><br \/>En neerland\u00e9s: \"De Tweede Kamer\"<\/p><p><audio class=\"wp-audio-shortcode\" id=\"audio-3585-2\" preload=\"none\" style=\"width: 100%;\" controls=\"controls\"><source type=\"audio\/wav\" src=\"https:\/\/mijn-lo.nl\/wp-content\/uploads\/2023\/09\/MAPH1-9-2.wav?_=2\" \/><a href=\"https:\/\/mijn-lo.nl\/wp-content\/uploads\/2023\/09\/MAPH1-9-2.wav\">https:\/\/mijn-lo.nl\/wp-content\/uploads\/2023\/09\/MAPH1-9-2.wav<\/a><\/audio><\/p><p><br \/>El Gobierno y el Parlamento tienen su sede en La Haya.<\/p>\t\t\t\t\t\t\t\t<\/div>\n\t\t\t\t<\/div>\n\t\t\t\t\t<\/div>\n\t\t<\/div>\n\t\t\t\t\t<\/div>\n\t\t<\/section>\n\t\t\t\t<section class=\"elementor-section elementor-top-section elementor-element elementor-element-5fcdf827 elementor-section-boxed elementor-section-height-default elementor-section-height-default\" data-id=\"5fcdf827\" data-element_type=\"section\">\n\t\t\t\t\t\t<div class=\"elementor-container elementor-column-gap-default\">\n\t\t\t\t\t<div class=\"elementor-column elementor-col-100 elementor-top-column elementor-element elementor-element-54c9087\" data-id=\"54c9087\" data-element_type=\"column\">\n\t\t\t<div class=\"elementor-widget-wrap elementor-element-populated\">\n\t\t\t\t\t\t<div class=\"elementor-element elementor-element-2d831a59 elementor-align-center elementor-widget elementor-widget-button\" data-id=\"2d831a59\" data-element_type=\"widget\" data-widget_type=\"button.default\">\n\t\t\t\t<div class=\"elementor-widget-container\">\n\t\t\t\t\t\t\t\t\t<div class=\"elementor-button-wrapper\">\n\t\t\t\t\t<a class=\"elementor-button elementor-button-link elementor-size-sm\" href=\"https:\/\/mijn-lo.nl\/es\/the-netherlands\/religions\/\">\n\t\t\t\t\t\t<span class=\"elementor-button-content-wrapper\">\n\t\t\t\t\t\t\t\t\t<span class=\"elementor-button-text\">continuar<\/span>\n\t\t\t\t\t<\/span>\n\t\t\t\t\t<\/a>\n\t\t\t\t<\/div>\n\t\t\t\t\t\t\t\t<\/div>\n\t\t\t\t<\/div>\n\t\t\t\t\t<\/div>\n\t\t<\/div>\n\t\t\t\t\t<\/div>\n\t\t<\/section>\n\t\t\t\t<\/div>","protected":false},"excerpt":{"rendered":"<p>King Willem-Alexander and Queen Maxima The Netherlands is a democracy with a royal family Unlike countries like France and Germany, the Netherlands is not a republic. It still has a royal family that has some rights, but those rights are very limited. The king and queen, King Willem-Alexander and Queen Maxima, mainly have a role [&hellip;]<\/p>\n","protected":false},"author":1,"featured_media":0,"parent":5002,"menu_order":7,"comment_status":"closed","ping_status":"closed","template":"elementor_canvas","meta":{"site-sidebar-layout":"no-sidebar","site-content-layout":"page-builder","ast-site-content-layout":"full-width-container","site-content-style":"default","site-sidebar-style":"default","ast-global-header-display":"","ast-banner-title-visibility":"","ast-main-header-display":"","ast-hfb-above-header-display":"","ast-hfb-below-header-display":"","ast-hfb-mobile-header-display":"","site-post-title":"disabled","ast-breadcrumbs-content":"","ast-featured-img":"disabled","footer-sml-layout":"","theme-transparent-header-meta":"","adv-header-id-meta":"","stick-header-meta":"","header-above-stick-meta":"","header-main-stick-meta":"","header-below-stick-meta":"","astra-migrate-meta-layouts":"set","ast-page-background-enabled":"default","ast-page-background-meta":{"desktop":{"background-color":"var(--ast-global-color-4)","background-image":"","background-repeat":"repeat","background-position":"center center","background-size":"auto","background-attachment":"scroll","background-type":"","background-media":"","overlay-type":"","overlay-color":"","overlay-opacity":"","overlay-gradient":""},"tablet":{"background-color":"","background-image":"","background-repeat":"repeat","background-position":"center center","background-size":"auto","background-attachment":"scroll","background-type":"","background-media":"","overlay-type":"","overlay-color":"","overlay-opacity":"","overlay-gradient":""},"mobile":{"background-color":"","background-image":"","background-repeat":"repeat","background-position":"center center","background-size":"auto","background-attachment":"scroll","background-type":"","background-media":"","overlay-type":"","overlay-color":"","overlay-opacity":"","overlay-gradient":""}},"ast-content-background-meta":{"desktop":{"background-color":"var(--ast-global-color-5)","background-image":"","background-repeat":"repeat","background-position":"center center","background-size":"auto","background-attachment":"scroll","background-type":"","background-media":"","overlay-type":"","overlay-color":"","overlay-opacity":"","overlay-gradient":""},"tablet":{"background-color":"var(--ast-global-color-5)","background-image":"","background-repeat":"repeat","background-position":"center center","background-size":"auto","background-attachment":"scroll","background-type":"","background-media":"","overlay-type":"","overlay-color":"","overlay-opacity":"","overlay-gradient":""},"mobile":{"background-color":"var(--ast-global-color-5)","background-image":"","background-repeat":"repeat","background-position":"center center","background-size":"auto","background-attachment":"scroll","background-type":"","background-media":"","overlay-type":"","overlay-color":"","overlay-opacity":"","overlay-gradient":""}},"footnotes":""},"class_list":["post-3585","page","type-page","status-publish","hentry"],"_links":{"self":[{"href":"https:\/\/mijn-lo.nl\/es\/wp-json\/wp\/v2\/pages\/3585","targetHints":{"allow":["GET"]}}],"collection":[{"href":"https:\/\/mijn-lo.nl\/es\/wp-json\/wp\/v2\/pages"}],"about":[{"href":"https:\/\/mijn-lo.nl\/es\/wp-json\/wp\/v2\/types\/page"}],"author":[{"embeddable":true,"href":"https:\/\/mijn-lo.nl\/es\/wp-json\/wp\/v2\/users\/1"}],"replies":[{"embeddable":true,"href":"https:\/\/mijn-lo.nl\/es\/wp-json\/wp\/v2\/comments?post=3585"}],"version-history":[{"count":20,"href":"https:\/\/mijn-lo.nl\/es\/wp-json\/wp\/v2\/pages\/3585\/revisions"}],"predecessor-version":[{"id":6223,"href":"https:\/\/mijn-lo.nl\/es\/wp-json\/wp\/v2\/pages\/3585\/revisions\/6223"}],"up":[{"embeddable":true,"href":"https:\/\/mijn-lo.nl\/es\/wp-json\/wp\/v2\/pages\/5002"}],"wp:attachment":[{"href":"https:\/\/mijn-lo.nl\/es\/wp-json\/wp\/v2\/media?parent=3585"}],"curies":[{"name":"wp","href":"https:\/\/api.w.org\/{rel}","templated":true}]}}