{"id":4132,"date":"2024-02-03T15:49:17","date_gmt":"2024-02-03T15:49:17","guid":{"rendered":"http:\/\/mijn-lo.nl\/?page_id=4132"},"modified":"2025-08-19T17:25:25","modified_gmt":"2025-08-19T17:25:25","slug":"mortgage","status":"publish","type":"page","link":"https:\/\/mijn-lo.nl\/es\/housing\/mortgage\/","title":{"rendered":"Hipoteca"},"content":{"rendered":"<div data-elementor-type=\"wp-page\" data-elementor-id=\"4132\" class=\"elementor elementor-4132\" data-elementor-post-type=\"page\">\n\t\t\t\t\t\t<section class=\"elementor-section elementor-top-section elementor-element elementor-element-d43131f elementor-section-boxed elementor-section-height-default elementor-section-height-default\" data-id=\"d43131f\" data-element_type=\"section\">\n\t\t\t\t\t\t<div class=\"elementor-container elementor-column-gap-default\">\n\t\t\t\t\t<div class=\"elementor-column elementor-col-50 elementor-top-column elementor-element elementor-element-1189115\" data-id=\"1189115\" data-element_type=\"column\">\n\t\t\t<div class=\"elementor-widget-wrap elementor-element-populated\">\n\t\t\t\t\t\t<div class=\"elementor-element elementor-element-ec4366b elementor-widget elementor-widget-image\" data-id=\"ec4366b\" data-element_type=\"widget\" data-widget_type=\"image.default\">\n\t\t\t\t<div class=\"elementor-widget-container\">\n\t\t\t\t\t\t\t\t\t\t\t\t\t\t\t<img fetchpriority=\"high\" decoding=\"async\" width=\"570\" height=\"823\" src=\"https:\/\/mijn-lo.nl\/wp-content\/uploads\/2024\/02\/hypotheektxt-570x823-1.webp\" class=\"attachment-large size-large wp-image-4134\" alt=\"\" srcset=\"https:\/\/mijn-lo.nl\/wp-content\/uploads\/2024\/02\/hypotheektxt-570x823-1.webp 570w, https:\/\/mijn-lo.nl\/wp-content\/uploads\/2024\/02\/hypotheektxt-570x823-1-208x300.webp 208w, https:\/\/mijn-lo.nl\/wp-content\/uploads\/2024\/02\/hypotheektxt-570x823-1-8x12.webp 8w, https:\/\/mijn-lo.nl\/wp-content\/uploads\/2024\/02\/hypotheektxt-570x823-1-17x24.webp 17w, https:\/\/mijn-lo.nl\/wp-content\/uploads\/2024\/02\/hypotheektxt-570x823-1-25x36.webp 25w, https:\/\/mijn-lo.nl\/wp-content\/uploads\/2024\/02\/hypotheektxt-570x823-1-33x48.webp 33w\" sizes=\"(max-width: 570px) 100vw, 570px\" \/>\t\t\t\t\t\t\t\t\t\t\t\t\t\t\t<\/div>\n\t\t\t\t<\/div>\n\t\t\t\t<div class=\"elementor-element elementor-element-be81f1b elementor-widget elementor-widget-text-editor\" data-id=\"be81f1b\" data-element_type=\"widget\" data-widget_type=\"text-editor.default\">\n\t\t\t\t<div class=\"elementor-widget-container\">\n\t\t\t\t\t\t\t\t\t<p>Cada hipoteca est\u00e1 relacionada con un porcentaje<\/p>\t\t\t\t\t\t\t\t<\/div>\n\t\t\t\t<\/div>\n\t\t\t\t\t<\/div>\n\t\t<\/div>\n\t\t\t\t<div class=\"elementor-column elementor-col-50 elementor-top-column elementor-element elementor-element-b74fd01\" data-id=\"b74fd01\" data-element_type=\"column\">\n\t\t\t<div class=\"elementor-widget-wrap elementor-element-populated\">\n\t\t\t\t\t\t<div class=\"elementor-element elementor-element-669e7d1 elementor-widget elementor-widget-text-editor\" data-id=\"669e7d1\" data-element_type=\"widget\" data-widget_type=\"text-editor.default\">\n\t\t\t\t<div class=\"elementor-widget-container\">\n\t\t\t\t\t\t\t\t\t<h3 class=\"mbr-section-title mbr-fonts-style mb-3 display-5\"><strong>Obtener una hipoteca (en neerland\u00e9s: \"hypotheek\")<\/strong><\/h3><p>Si compras una casa, normalmente necesitas una hipoteca (pr\u00e9stamo). Para obtener una hipoteca del banco, hay que seguir unos pasos importantes:<\/p><p><strong>Calcula tu presupuesto:<\/strong>\u00a0Antes de solicitar una hipoteca, debe saber cu\u00e1nto dinero puede permitirse pedir prestado. Considera tus ingresos, gastos y ahorros para determinar un presupuesto para comprar una casa.<br \/><strong><br \/>Buscar opciones hipotecarias<\/strong>: Los bancos ofrecen distintos tipos de hipotecas, cada una con sus propias condiciones y tipos de inter\u00e9s. Busque entre los distintos prestamistas y compare sus opciones hipotecarias para encontrar una que se adapte a sus necesidades. Los tipos m\u00e1s habituales son las hipotecas a tipo fijo y a tipo variable.<\/p><p><strong>Reunir los documentos necesarios<\/strong>: Para solicitar una hipoteca, tendr\u00e1 que presentar documentos espec\u00edficos que demuestren su situaci\u00f3n financiera. Puede tratarse de justificantes de ingresos (como recibos de n\u00f3mina o declaraciones de la renta), extractos bancarios, documentos de identidad, verificaci\u00f3n de empleo y datos sobre cualquier deuda o pr\u00e9stamo existente.<\/p><p><strong>Buscar un inmueble y hacer una oferta<\/strong>: Una vez que conozcas tu presupuesto, empieza a buscar una casa adecuada. Puedes trabajar con un agente inmobiliario o buscar en Internet. Cuando encuentres una casa que quieras comprar, haz una oferta al vendedor.<\/p><p><strong>Solicita la hipoteca:<\/strong>\u00a0Una vez aceptada la oferta, tendr\u00e1s que solicitar formalmente la hipoteca al banco que hayas elegido. Presente todos los documentos requeridos y rellene los formularios de solicitud. El banco revisar\u00e1 tu solicitud, incluido tu historial crediticio, estabilidad laboral e informaci\u00f3n financiera.<\/p>\t\t\t\t\t\t\t\t<\/div>\n\t\t\t\t<\/div>\n\t\t\t\t\t<\/div>\n\t\t<\/div>\n\t\t\t\t\t<\/div>\n\t\t<\/section>\n\t\t\t\t<section class=\"elementor-section elementor-top-section elementor-element elementor-element-66a8790 elementor-reverse-tablet elementor-reverse-mobile elementor-section-boxed elementor-section-height-default elementor-section-height-default\" data-id=\"66a8790\" data-element_type=\"section\">\n\t\t\t\t\t\t<div class=\"elementor-container elementor-column-gap-default\">\n\t\t\t\t\t<div class=\"elementor-column elementor-col-50 elementor-top-column elementor-element elementor-element-a301002\" data-id=\"a301002\" data-element_type=\"column\">\n\t\t\t<div class=\"elementor-widget-wrap elementor-element-populated\">\n\t\t\t\t\t\t<div class=\"elementor-element elementor-element-c5a19ba elementor-widget elementor-widget-text-editor\" data-id=\"c5a19ba\" data-element_type=\"widget\" data-widget_type=\"text-editor.default\">\n\t\t\t\t<div class=\"elementor-widget-container\">\n\t\t\t\t\t\t\t\t\t<h3 class=\"mbr-section-title mbr-fonts-style mb-3 display-5\"><strong>Obtener una vivienda a trav\u00e9s de una asociaci\u00f3n de la vivienda (en neerland\u00e9s: \"woningcorporatie\")<\/strong><\/h3><p>\u00a0<\/p><p class=\"mbr-text mbr-fonts-style display-7\">Lo normal es no tener dinero suficiente para comprar una casa. Obtener una casa a trav\u00e9s de una cooperativa de viviendas en Holanda suele implicar los siguientes pasos:<br \/><br \/><strong>Empezar por las cooperativas de viviendas:<\/strong>\u00a0Empiece por investigar e identificar cooperativas de viviendas en la localidad que desee. Hay varias cooperativas en los Pa\u00edses Bajos, cada una con sus propias normas, requisitos y propiedades disponibles. Explora sus p\u00e1ginas web, ponte en contacto directamente con ellas o visita sus oficinas para recabar informaci\u00f3n.<br \/><br \/><strong>Solicite un permiso de alojamiento:\u00a0<\/strong>En algunos municipios necesita un permiso de vivienda. Puede solicitarlo en su ayuntamiento.<br \/>-<br \/><strong>Cumplir los requisitos de la corporaci\u00f3n de la vivienda:\u00a0<\/strong>La asociaci\u00f3n de la vivienda puede establecer requisitos en funci\u00f3n del tama\u00f1o de su familia. O el nivel de ingresos.<br \/><br \/><strong>Afiliaci\u00f3n e inscripci\u00f3n:<\/strong>\u00a0Para participar en una cooperativa de viviendas, normalmente hay que hacerse socio. Compruebe los requisitos espec\u00edficos para ser socio, que pueden incluir criterios como l\u00edmites de ingresos u otros criterios de elegibilidad. Inscr\u00edbete en la cooperativa presentando los documentos necesarios y cumplimentando los formularios de solicitud.<br \/><strong><br \/>Inscribirse en listas de espera:<\/strong>\u00a0Las cooperativas de viviendas suelen tener listas de espera para las propiedades disponibles. Una vez que se haga socio, es posible que tenga que inscribirse en la lista de espera para los tipos espec\u00edficos de propiedades o barrios que le interesen. Los tiempos de espera pueden variar mucho, desde unos meses hasta varios a\u00f1os, en funci\u00f3n de la demanda y la disponibilidad.<\/p>\t\t\t\t\t\t\t\t<\/div>\n\t\t\t\t<\/div>\n\t\t\t\t\t<\/div>\n\t\t<\/div>\n\t\t\t\t<div class=\"elementor-column elementor-col-50 elementor-top-column elementor-element elementor-element-b0ecfdc\" data-id=\"b0ecfdc\" data-element_type=\"column\">\n\t\t\t<div class=\"elementor-widget-wrap elementor-element-populated\">\n\t\t\t\t\t\t<div class=\"elementor-element elementor-element-1c999f8 elementor-widget elementor-widget-image\" data-id=\"1c999f8\" data-element_type=\"widget\" data-widget_type=\"image.default\">\n\t\t\t\t<div class=\"elementor-widget-container\">\n\t\t\t\t\t\t\t\t\t\t\t\t\t\t\t<img decoding=\"async\" width=\"526\" height=\"785\" src=\"https:\/\/mijn-lo.nl\/wp-content\/uploads\/2024\/02\/alliantie-526x785-1.webp\" class=\"attachment-large size-large wp-image-4135\" alt=\"\" srcset=\"https:\/\/mijn-lo.nl\/wp-content\/uploads\/2024\/02\/alliantie-526x785-1.webp 526w, https:\/\/mijn-lo.nl\/wp-content\/uploads\/2024\/02\/alliantie-526x785-1-201x300.webp 201w, https:\/\/mijn-lo.nl\/wp-content\/uploads\/2024\/02\/alliantie-526x785-1-8x12.webp 8w, https:\/\/mijn-lo.nl\/wp-content\/uploads\/2024\/02\/alliantie-526x785-1-16x24.webp 16w, https:\/\/mijn-lo.nl\/wp-content\/uploads\/2024\/02\/alliantie-526x785-1-24x36.webp 24w, https:\/\/mijn-lo.nl\/wp-content\/uploads\/2024\/02\/alliantie-526x785-1-32x48.webp 32w\" sizes=\"(max-width: 526px) 100vw, 526px\" \/>\t\t\t\t\t\t\t\t\t\t\t\t\t\t\t<\/div>\n\t\t\t\t<\/div>\n\t\t\t\t<div class=\"elementor-element elementor-element-6942d17 elementor-widget elementor-widget-text-editor\" data-id=\"6942d17\" data-element_type=\"widget\" data-widget_type=\"text-editor.default\">\n\t\t\t\t<div class=\"elementor-widget-container\">\n\t\t\t\t\t\t\t\t\t<p style=\"text-align: center;\">asociaci\u00f3n de la vivienda (texto en \u00e1rabe)<\/p>\t\t\t\t\t\t\t\t<\/div>\n\t\t\t\t<\/div>\n\t\t\t\t\t<\/div>\n\t\t<\/div>\n\t\t\t\t\t<\/div>\n\t\t<\/section>\n\t\t\t\t<section class=\"elementor-section elementor-top-section elementor-element elementor-element-19e8993 elementor-section-boxed elementor-section-height-default elementor-section-height-default\" data-id=\"19e8993\" data-element_type=\"section\">\n\t\t\t\t\t\t<div class=\"elementor-container elementor-column-gap-default\">\n\t\t\t\t\t<div class=\"elementor-column elementor-col-50 elementor-top-column elementor-element elementor-element-8702fd5\" data-id=\"8702fd5\" data-element_type=\"column\">\n\t\t\t<div class=\"elementor-widget-wrap elementor-element-populated\">\n\t\t\t\t\t\t<div class=\"elementor-element elementor-element-94168c2 elementor-widget elementor-widget-image\" data-id=\"94168c2\" data-element_type=\"widget\" data-widget_type=\"image.default\">\n\t\t\t\t<div class=\"elementor-widget-container\">\n\t\t\t\t\t\t\t\t\t\t\t\t\t\t\t<img decoding=\"async\" width=\"553\" height=\"865\" src=\"https:\/\/mijn-lo.nl\/wp-content\/uploads\/2024\/02\/funda1-553x865-1.webp\" class=\"attachment-large size-large wp-image-4136\" alt=\"\" srcset=\"https:\/\/mijn-lo.nl\/wp-content\/uploads\/2024\/02\/funda1-553x865-1.webp 553w, https:\/\/mijn-lo.nl\/wp-content\/uploads\/2024\/02\/funda1-553x865-1-192x300.webp 192w, https:\/\/mijn-lo.nl\/wp-content\/uploads\/2024\/02\/funda1-553x865-1-8x12.webp 8w, https:\/\/mijn-lo.nl\/wp-content\/uploads\/2024\/02\/funda1-553x865-1-15x24.webp 15w, https:\/\/mijn-lo.nl\/wp-content\/uploads\/2024\/02\/funda1-553x865-1-23x36.webp 23w, https:\/\/mijn-lo.nl\/wp-content\/uploads\/2024\/02\/funda1-553x865-1-31x48.webp 31w\" sizes=\"(max-width: 553px) 100vw, 553px\" \/>\t\t\t\t\t\t\t\t\t\t\t\t\t\t\t<\/div>\n\t\t\t\t<\/div>\n\t\t\t\t<div class=\"elementor-element elementor-element-fd048d8 elementor-widget elementor-widget-text-editor\" data-id=\"fd048d8\" data-element_type=\"widget\" data-widget_type=\"text-editor.default\">\n\t\t\t\t<div class=\"elementor-widget-container\">\n\t\t\t\t\t\t\t\t\t<p style=\"text-align: center;\">P\u00e1gina web de Funda<\/p>\t\t\t\t\t\t\t\t<\/div>\n\t\t\t\t<\/div>\n\t\t\t\t\t<\/div>\n\t\t<\/div>\n\t\t\t\t<div class=\"elementor-column elementor-col-50 elementor-top-column elementor-element elementor-element-0a060ed\" data-id=\"0a060ed\" data-element_type=\"column\">\n\t\t\t<div class=\"elementor-widget-wrap elementor-element-populated\">\n\t\t\t\t\t\t<div class=\"elementor-element elementor-element-0c01867 elementor-widget elementor-widget-text-editor\" data-id=\"0c01867\" data-element_type=\"widget\" data-widget_type=\"text-editor.default\">\n\t\t\t\t<div class=\"elementor-widget-container\">\n\t\t\t\t\t\t\t\t\t<h3 class=\"mbr-section-title mbr-fonts-style mb-3 display-5\"><strong>Comprar una casa con un intermediario (en neerland\u00e9s: \"makelaar\")<\/strong><\/h3><p>\u00a0<\/p><p>A la hora de comprar una casa con un intermediario, hay que tener en cuenta algunos puntos importantes:<br \/>Elija un agente inmobiliario reputado y con experiencia: T\u00f3mese su tiempo para investigar y elegir un agente inmobiliario con experiencia y buena reputaci\u00f3n. Busque recomendaciones, lea opiniones y tenga en cuenta su trayectoria en el mercado. Un agente de confianza puede proporcionarle orientaci\u00f3n y apoyo valiosos durante todo el proceso de compra.<br \/><br \/><strong>Comunique claramente sus necesidades y preferencias:<\/strong>\u00a0Explique claramente a su agente sus necesidades, preferencias y presupuesto.<br \/>Acceso a listados e informaci\u00f3n de mercado: Un corredor tendr\u00e1 acceso a una amplia gama de listados de propiedades y a informaci\u00f3n actualizada sobre el mercado.<br \/><br \/><strong>Visitas e inspecciones de propiedades:<\/strong>\u00a0Su agente le programar\u00e1 visitas a posibles viviendas. Asista a estas visitas con su agente e inspeccione a fondo la propiedad.<br \/><br \/><strong>Negociaci\u00f3n y preparaci\u00f3n de ofertas:<\/strong>\u00a0Cuando encuentre una casa que le interese, su agente le ayudar\u00e1 a preparar una oferta y a negociar con el vendedor. Puede orientarle sobre el precio, las condiciones del mercado y las condiciones de la oferta. Conf\u00ede en su experiencia para conseguir un trato justo.<br \/><br \/><strong>Consideraciones contractuales y jur\u00eddicas:<\/strong>\u00a0Una vez aceptada su oferta, su agente le ayudar\u00e1 a revisar el contrato y a asegurarse de que todos los aspectos legales est\u00e1n en orden. Puede trabajar con usted y su representante legal para resolver cualquier contingencia, aclarar los t\u00e9rminos y garantizar una transacci\u00f3n fluida.<\/p>\t\t\t\t\t\t\t\t<\/div>\n\t\t\t\t<\/div>\n\t\t\t\t\t<\/div>\n\t\t<\/div>\n\t\t\t\t\t<\/div>\n\t\t<\/section>\n\t\t\t\t<section class=\"elementor-section elementor-top-section elementor-element elementor-element-2edcca1 elementor-section-boxed elementor-section-height-default elementor-section-height-default\" data-id=\"2edcca1\" data-element_type=\"section\">\n\t\t\t\t\t\t<div class=\"elementor-container elementor-column-gap-default\">\n\t\t\t\t\t<div class=\"elementor-column elementor-col-100 elementor-top-column elementor-element elementor-element-75349f87\" data-id=\"75349f87\" data-element_type=\"column\">\n\t\t\t<div class=\"elementor-widget-wrap elementor-element-populated\">\n\t\t\t\t\t\t<div class=\"elementor-element elementor-element-2d2d0e50 elementor-align-center elementor-widget elementor-widget-button\" data-id=\"2d2d0e50\" data-element_type=\"widget\" data-widget_type=\"button.default\">\n\t\t\t\t<div class=\"elementor-widget-container\">\n\t\t\t\t\t\t\t\t\t<div class=\"elementor-button-wrapper\">\n\t\t\t\t\t<a class=\"elementor-button elementor-button-link elementor-size-sm\" href=\"https:\/\/mijn-lo.nl\/es\/housing\/energy\/\">\n\t\t\t\t\t\t<span class=\"elementor-button-content-wrapper\">\n\t\t\t\t\t\t\t\t\t<span class=\"elementor-button-text\">continuar<\/span>\n\t\t\t\t\t<\/span>\n\t\t\t\t\t<\/a>\n\t\t\t\t<\/div>\n\t\t\t\t\t\t\t\t<\/div>\n\t\t\t\t<\/div>\n\t\t\t\t\t<\/div>\n\t\t<\/div>\n\t\t\t\t\t<\/div>\n\t\t<\/section>\n\t\t\t\t<\/div>","protected":false},"excerpt":{"rendered":"<p>Each mortgage is related to a percentage To get a mortgage (Dutch: &#8220;hypotheek&#8221;) If you buy a house, usually you need a mortgage (loan). To get a mortgage from the bank, there are important steps to follow: Figure out your budget:\u00a0Before applying for a mortgage, you need to understand how much money you can afford [&hellip;]<\/p>\n","protected":false},"author":1,"featured_media":0,"parent":3311,"menu_order":3,"comment_status":"closed","ping_status":"closed","template":"elementor_canvas","meta":{"site-sidebar-layout":"no-sidebar","site-content-layout":"page-builder","ast-site-content-layout":"full-width-container","site-content-style":"default","site-sidebar-style":"default","ast-global-header-display":"","ast-banner-title-visibility":"","ast-main-header-display":"","ast-hfb-above-header-display":"","ast-hfb-below-header-display":"","ast-hfb-mobile-header-display":"","site-post-title":"disabled","ast-breadcrumbs-content":"","ast-featured-img":"disabled","footer-sml-layout":"","theme-transparent-header-meta":"","adv-header-id-meta":"","stick-header-meta":"","header-above-stick-meta":"","header-main-stick-meta":"","header-below-stick-meta":"","astra-migrate-meta-layouts":"set","ast-page-background-enabled":"default","ast-page-background-meta":{"desktop":{"background-color":"var(--ast-global-color-4)","background-image":"","background-repeat":"repeat","background-position":"center center","background-size":"auto","background-attachment":"scroll","background-type":"","background-media":"","overlay-type":"","overlay-color":"","overlay-opacity":"","overlay-gradient":""},"tablet":{"background-color":"","background-image":"","background-repeat":"repeat","background-position":"center center","background-size":"auto","background-attachment":"scroll","background-type":"","background-media":"","overlay-type":"","overlay-color":"","overlay-opacity":"","overlay-gradient":""},"mobile":{"background-color":"","background-image":"","background-repeat":"repeat","background-position":"center center","background-size":"auto","background-attachment":"scroll","background-type":"","background-media":"","overlay-type":"","overlay-color":"","overlay-opacity":"","overlay-gradient":""}},"ast-content-background-meta":{"desktop":{"background-color":"var(--ast-global-color-5)","background-image":"","background-repeat":"repeat","background-position":"center center","background-size":"auto","background-attachment":"scroll","background-type":"","background-media":"","overlay-type":"","overlay-color":"","overlay-opacity":"","overlay-gradient":""},"tablet":{"background-color":"var(--ast-global-color-5)","background-image":"","background-repeat":"repeat","background-position":"center center","background-size":"auto","background-attachment":"scroll","background-type":"","background-media":"","overlay-type":"","overlay-color":"","overlay-opacity":"","overlay-gradient":""},"mobile":{"background-color":"var(--ast-global-color-5)","background-image":"","background-repeat":"repeat","background-position":"center center","background-size":"auto","background-attachment":"scroll","background-type":"","background-media":"","overlay-type":"","overlay-color":"","overlay-opacity":"","overlay-gradient":""}},"footnotes":""},"class_list":["post-4132","page","type-page","status-publish","hentry"],"_links":{"self":[{"href":"https:\/\/mijn-lo.nl\/es\/wp-json\/wp\/v2\/pages\/4132","targetHints":{"allow":["GET"]}}],"collection":[{"href":"https:\/\/mijn-lo.nl\/es\/wp-json\/wp\/v2\/pages"}],"about":[{"href":"https:\/\/mijn-lo.nl\/es\/wp-json\/wp\/v2\/types\/page"}],"author":[{"embeddable":true,"href":"https:\/\/mijn-lo.nl\/es\/wp-json\/wp\/v2\/users\/1"}],"replies":[{"embeddable":true,"href":"https:\/\/mijn-lo.nl\/es\/wp-json\/wp\/v2\/comments?post=4132"}],"version-history":[{"count":19,"href":"https:\/\/mijn-lo.nl\/es\/wp-json\/wp\/v2\/pages\/4132\/revisions"}],"predecessor-version":[{"id":6256,"href":"https:\/\/mijn-lo.nl\/es\/wp-json\/wp\/v2\/pages\/4132\/revisions\/6256"}],"up":[{"embeddable":true,"href":"https:\/\/mijn-lo.nl\/es\/wp-json\/wp\/v2\/pages\/3311"}],"wp:attachment":[{"href":"https:\/\/mijn-lo.nl\/es\/wp-json\/wp\/v2\/media?parent=4132"}],"curies":[{"name":"wp","href":"https:\/\/api.w.org\/{rel}","templated":true}]}}