{"id":4140,"date":"2024-02-03T15:55:27","date_gmt":"2024-02-03T15:55:27","guid":{"rendered":"http:\/\/mijn-lo.nl\/?page_id=4140"},"modified":"2025-08-19T17:25:55","modified_gmt":"2025-08-19T17:25:55","slug":"energy","status":"publish","type":"page","link":"https:\/\/mijn-lo.nl\/es\/housing\/energy\/","title":{"rendered":"Energ\u00eda"},"content":{"rendered":"<div data-elementor-type=\"wp-page\" data-elementor-id=\"4140\" class=\"elementor elementor-4140\" data-elementor-post-type=\"page\">\n\t\t\t\t\t\t<section class=\"elementor-section elementor-top-section elementor-element elementor-element-d43131f elementor-section-boxed elementor-section-height-default elementor-section-height-default\" data-id=\"d43131f\" data-element_type=\"section\">\n\t\t\t\t\t\t<div class=\"elementor-container elementor-column-gap-default\">\n\t\t\t\t\t<div class=\"elementor-column elementor-col-50 elementor-top-column elementor-element elementor-element-1189115\" data-id=\"1189115\" data-element_type=\"column\">\n\t\t\t<div class=\"elementor-widget-wrap elementor-element-populated\">\n\t\t\t\t\t\t<div class=\"elementor-element elementor-element-ec4366b elementor-widget elementor-widget-image\" data-id=\"ec4366b\" data-element_type=\"widget\" data-widget_type=\"image.default\">\n\t\t\t\t<div class=\"elementor-widget-container\">\n\t\t\t\t\t\t\t\t\t\t\t\t\t\t\t<img fetchpriority=\"high\" decoding=\"async\" width=\"344\" height=\"807\" src=\"https:\/\/mijn-lo.nl\/wp-content\/uploads\/2024\/02\/energy2-344x807-1.webp\" class=\"attachment-large size-large wp-image-4145\" alt=\"\" srcset=\"https:\/\/mijn-lo.nl\/wp-content\/uploads\/2024\/02\/energy2-344x807-1.webp 344w, https:\/\/mijn-lo.nl\/wp-content\/uploads\/2024\/02\/energy2-344x807-1-128x300.webp 128w, https:\/\/mijn-lo.nl\/wp-content\/uploads\/2024\/02\/energy2-344x807-1-5x12.webp 5w, https:\/\/mijn-lo.nl\/wp-content\/uploads\/2024\/02\/energy2-344x807-1-10x24.webp 10w, https:\/\/mijn-lo.nl\/wp-content\/uploads\/2024\/02\/energy2-344x807-1-15x36.webp 15w, https:\/\/mijn-lo.nl\/wp-content\/uploads\/2024\/02\/energy2-344x807-1-20x48.webp 20w\" sizes=\"(max-width: 344px) 100vw, 344px\" \/>\t\t\t\t\t\t\t\t\t\t\t\t\t\t\t<\/div>\n\t\t\t\t<\/div>\n\t\t\t\t<div class=\"elementor-element elementor-element-be81f1b elementor-widget elementor-widget-text-editor\" data-id=\"be81f1b\" data-element_type=\"widget\" data-widget_type=\"text-editor.default\">\n\t\t\t\t<div class=\"elementor-widget-container\">\n\t\t\t\t\t\t\t\t\t<p style=\"text-align: center;\">Molinos de viento por todas partes<\/p>\t\t\t\t\t\t\t\t<\/div>\n\t\t\t\t<\/div>\n\t\t\t\t\t<\/div>\n\t\t<\/div>\n\t\t\t\t<div class=\"elementor-column elementor-col-50 elementor-top-column elementor-element elementor-element-b74fd01\" data-id=\"b74fd01\" data-element_type=\"column\">\n\t\t\t<div class=\"elementor-widget-wrap elementor-element-populated\">\n\t\t\t\t\t\t<div class=\"elementor-element elementor-element-669e7d1 elementor-widget elementor-widget-text-editor\" data-id=\"669e7d1\" data-element_type=\"widget\" data-widget_type=\"text-editor.default\">\n\t\t\t\t<div class=\"elementor-widget-container\">\n\t\t\t\t\t\t\t\t\t<h3 class=\"mbr-section-title mbr-fonts-style mb-3 display-5\"><strong>Energ\u00eda<\/strong><\/h3><p class=\"mbr-text mbr-fonts-style display-7\">Para obtener un contrato energ\u00e9tico para su vivienda en Holanda, tiene que seguir varios pasos. Aqu\u00ed tienes una versi\u00f3n simplificada del proceso:<br \/><br \/><strong>Comparar proveedores de energ\u00eda<\/strong>: Empieza por comparar diferentes proveedores de energ\u00eda para encontrar el mejor contrato que se adapte a tus necesidades. Hay varios sitios web de comparaci\u00f3n donde puedes comparar tarifas, condiciones y ofertas de distintos proveedores.<br \/><br \/><strong>Elige un proveedor de energ\u00eda:\u00a0<\/strong>Despu\u00e9s de revisar las distintas opciones, elija el proveedor de energ\u00eda que m\u00e1s le convenga. Como no est\u00e1s familiarizado con el neerland\u00e9s, tendr\u00e1s problemas para entender el contrato. Pregunta c\u00f3mo pueden ayudarte.<br \/><br \/><strong>Contactar con el proveedor de energ\u00eda<\/strong>: Ponte en contacto con el proveedor de energ\u00eda elegido para solicitar un contrato energ\u00e9tico. Normalmente puede hacerse en l\u00ednea a trav\u00e9s de su p\u00e1gina web o por tel\u00e9fono.<br \/><br \/><strong>Facilite la informaci\u00f3n necesaria:<\/strong>\u00a0Es posible que tenga que facilitar algunos datos, como sus datos personales, la direcci\u00f3n de su casa, el tipo de contador de energ\u00eda que tiene e informaci\u00f3n sobre su contrato de energ\u00eda actual (si procede).<br \/><br \/><strong>Enviar lecturas de contadores<\/strong>: Despu\u00e9s de firmar el contrato, tendr\u00e1s que enviar las lecturas del contador al proveedor de energ\u00eda. Normalmente puede hacerse por Internet o por tel\u00e9fono. Es importante proporcionar lecturas exactas del contador para garantizar una facturaci\u00f3n correcta.<br \/><br \/><strong>Confirmaci\u00f3n y paquete de bienvenida<\/strong>: Una vez que hayas facilitado toda la informaci\u00f3n necesaria, recibir\u00e1s una confirmaci\u00f3n de tu contrato energ\u00e9tico por parte del proveedor. Normalmente te enviar\u00e1n un paquete de bienvenida con detalles importantes sobre el contrato e informaci\u00f3n sobre el pago.<br \/><br \/><strong>Organizar los pagos<\/strong>: Configure el m\u00e9todo de pago de sus facturas de energ\u00eda. Puedes elegir domiciliaci\u00f3n autom\u00e1tica, transferencia bancaria u otro m\u00e9todo de pago ofrecido por el proveedor de energ\u00eda.<br \/><br \/>Tenga en cuenta que los pasos y requisitos exactos pueden variar de un proveedor de energ\u00eda a otro. Siempre es aconsejable seguir las instrucciones espec\u00edficas del proveedor de energ\u00eda elegido y dirigirle cualquier pregunta que tenga para aclarar el proceso.<\/p>\t\t\t\t\t\t\t\t<\/div>\n\t\t\t\t<\/div>\n\t\t\t\t\t<\/div>\n\t\t<\/div>\n\t\t\t\t\t<\/div>\n\t\t<\/section>\n\t\t\t\t<section class=\"elementor-section elementor-top-section elementor-element elementor-element-66a8790 elementor-reverse-tablet elementor-reverse-mobile elementor-section-boxed elementor-section-height-default elementor-section-height-default\" data-id=\"66a8790\" data-element_type=\"section\">\n\t\t\t\t\t\t<div class=\"elementor-container elementor-column-gap-default\">\n\t\t\t\t\t<div class=\"elementor-column elementor-col-50 elementor-top-column elementor-element elementor-element-a301002\" data-id=\"a301002\" data-element_type=\"column\">\n\t\t\t<div class=\"elementor-widget-wrap elementor-element-populated\">\n\t\t\t\t\t\t<div class=\"elementor-element elementor-element-c5a19ba elementor-widget elementor-widget-text-editor\" data-id=\"c5a19ba\" data-element_type=\"widget\" data-widget_type=\"text-editor.default\">\n\t\t\t\t<div class=\"elementor-widget-container\">\n\t\t\t\t\t\t\t\t\t<h3 class=\"mbr-section-title mbr-fonts-style mb-3 display-5\"><strong>He aqu\u00ed algunos consejos importantes para ahorrar energ\u00eda:<\/strong><\/h3><p class=\"mbr-text mbr-fonts-style display-7\">La energ\u00eda es muy cara. Por eso te damos algunos consejos importantes para ahorrar energ\u00eda, en neerland\u00e9s \"energie besparen\":<\/p><p><strong>Utiliza electrodom\u00e9sticos de bajo consumo:\u00a0<\/strong>Elige electrodom\u00e9sticos con una alta calificaci\u00f3n Energy Star. Utilizan menos electricidad y te ayudan a ahorrar energ\u00eda.<br \/><strong><br \/>Desenchufa los aparatos cuando no los uses:<\/strong>\u00a0Cuando no utilices aparatos electr\u00f3nicos como cargadores, port\u00e1tiles o televisores, desench\u00fafalos. Aunque est\u00e9n apagados, pueden seguir consumiendo energ\u00eda.<br \/><br \/><strong>C\u00e1mbiate a las luces LED: Sustituye las bombillas antiguas por luces LED de bajo consumo.\u00a0<\/strong>Duran m\u00e1s y consumen menos energ\u00eda.<br \/><br \/><strong>Ajuste el termostato:<\/strong>\u00a0Baje la calefacci\u00f3n en invierno y suba la temperatura de refrigeraci\u00f3n en verano. Puedes utilizar un termostato programable para ajustar autom\u00e1ticamente la temperatura en funci\u00f3n de tus horarios.<br \/><br \/><strong>A\u00edsle su casa:<\/strong>\u00a0A\u00edsle su casa para mantenerla caliente en invierno y fresca en verano. Esto le ayudar\u00e1 a utilizar menos calefacci\u00f3n o refrigeraci\u00f3n. Si la casa no es suya, pregunte al propietario c\u00f3mo tratar el aislamiento.<br \/><br \/><strong>Utiliza la luz natural:<\/strong>\u00a0Abre las cortinas y persianas durante el d\u00eda para que entre la luz del sol. Ahorra energ\u00eda utilizando menos iluminaci\u00f3n artificial.<br \/><br \/><strong>Sellar las fugas de aire<\/strong>: Comprueba si hay huecos o grietas alrededor de ventanas, puertas o respiraderos. S\u00e9llalos para evitar corrientes y ahorrar energ\u00eda.<br \/><br \/><strong>Ajuste la temperatura del calentador de agua:<\/strong>\u00a0Mantenga la temperatura del calentador de agua en torno a los 49 \u00b0C (120 \u00b0F) para evitar el derroche de energ\u00eda. Utiliza agua fr\u00eda para lavar la ropa y date duchas m\u00e1s cortas.<br \/><strong><br \/>Utilice regletas<\/strong>: Conecte varios dispositivos a regletas y ap\u00e1guelos cuando no los utilice. As\u00ed evitar\u00e1s que consuman energ\u00eda en modo de espera.<br \/><br \/><strong>Desarrollar h\u00e1bitos de ahorro energ\u00e9tico<\/strong>: Acu\u00e9rdate de apagar las luces cuando salgas de una habitaci\u00f3n, utiliza los modos de ahorro de energ\u00eda de los aparatos y evita usar innecesariamente electrodom\u00e9sticos que consuman mucha energ\u00eda.<br \/><br \/>Haciendo estos sencillos cambios, puedes ahorrar energ\u00eda y reducir tus facturas de electricidad.<\/p>\t\t\t\t\t\t\t\t<\/div>\n\t\t\t\t<\/div>\n\t\t\t\t\t<\/div>\n\t\t<\/div>\n\t\t\t\t<div class=\"elementor-column elementor-col-50 elementor-top-column elementor-element elementor-element-b0ecfdc\" data-id=\"b0ecfdc\" data-element_type=\"column\">\n\t\t\t<div class=\"elementor-widget-wrap elementor-element-populated\">\n\t\t\t\t\t\t<div class=\"elementor-element elementor-element-1c999f8 elementor-widget elementor-widget-image\" data-id=\"1c999f8\" data-element_type=\"widget\" data-widget_type=\"image.default\">\n\t\t\t\t<div class=\"elementor-widget-container\">\n\t\t\t\t\t\t\t\t\t\t\t\t\t\t\t<img decoding=\"async\" width=\"460\" height=\"806\" src=\"https:\/\/mijn-lo.nl\/wp-content\/uploads\/2024\/02\/energy3-460x806-1.webp\" class=\"attachment-large size-large wp-image-4146\" alt=\"\" srcset=\"https:\/\/mijn-lo.nl\/wp-content\/uploads\/2024\/02\/energy3-460x806-1.webp 460w, https:\/\/mijn-lo.nl\/wp-content\/uploads\/2024\/02\/energy3-460x806-1-171x300.webp 171w, https:\/\/mijn-lo.nl\/wp-content\/uploads\/2024\/02\/energy3-460x806-1-7x12.webp 7w, https:\/\/mijn-lo.nl\/wp-content\/uploads\/2024\/02\/energy3-460x806-1-14x24.webp 14w, https:\/\/mijn-lo.nl\/wp-content\/uploads\/2024\/02\/energy3-460x806-1-21x36.webp 21w, https:\/\/mijn-lo.nl\/wp-content\/uploads\/2024\/02\/energy3-460x806-1-27x48.webp 27w\" sizes=\"(max-width: 460px) 100vw, 460px\" \/>\t\t\t\t\t\t\t\t\t\t\t\t\t\t\t<\/div>\n\t\t\t\t<\/div>\n\t\t\t\t<div class=\"elementor-element elementor-element-6942d17 elementor-widget elementor-widget-text-editor\" data-id=\"6942d17\" data-element_type=\"widget\" data-widget_type=\"text-editor.default\">\n\t\t\t\t<div class=\"elementor-widget-container\">\n\t\t\t\t\t\t\t\t\t<p style=\"text-align: center;\">El verde es bueno<\/p>\t\t\t\t\t\t\t\t<\/div>\n\t\t\t\t<\/div>\n\t\t\t\t\t<\/div>\n\t\t<\/div>\n\t\t\t\t\t<\/div>\n\t\t<\/section>\n\t\t\t\t<section class=\"elementor-section elementor-top-section elementor-element elementor-element-2edcca1 elementor-section-boxed elementor-section-height-default elementor-section-height-default\" data-id=\"2edcca1\" data-element_type=\"section\">\n\t\t\t\t\t\t<div class=\"elementor-container elementor-column-gap-default\">\n\t\t\t\t\t<div class=\"elementor-column elementor-col-100 elementor-top-column elementor-element elementor-element-75349f87\" data-id=\"75349f87\" data-element_type=\"column\">\n\t\t\t<div class=\"elementor-widget-wrap elementor-element-populated\">\n\t\t\t\t\t\t<div class=\"elementor-element elementor-element-2d2d0e50 elementor-align-center elementor-widget elementor-widget-button\" data-id=\"2d2d0e50\" data-element_type=\"widget\" data-widget_type=\"button.default\">\n\t\t\t\t<div class=\"elementor-widget-container\">\n\t\t\t\t\t\t\t\t\t<div class=\"elementor-button-wrapper\">\n\t\t\t\t\t<a class=\"elementor-button elementor-button-link elementor-size-sm\" href=\"https:\/\/mijn-lo.nl\/es\/housing\/environment\/\">\n\t\t\t\t\t\t<span class=\"elementor-button-content-wrapper\">\n\t\t\t\t\t\t\t\t\t<span class=\"elementor-button-text\">continuar<\/span>\n\t\t\t\t\t<\/span>\n\t\t\t\t\t<\/a>\n\t\t\t\t<\/div>\n\t\t\t\t\t\t\t\t<\/div>\n\t\t\t\t<\/div>\n\t\t\t\t\t<\/div>\n\t\t<\/div>\n\t\t\t\t\t<\/div>\n\t\t<\/section>\n\t\t\t\t<\/div>","protected":false},"excerpt":{"rendered":"<p>Windmills everywhere Energy To get an energy contract for your home in the Netherlands, you need to follow several steps. Here&#8217;s a simplified version of the process: Compare energy providers: Start by comparing different energy providers to find the best contract that suits your needs. There are various comparison websites available where you can compare [&hellip;]<\/p>\n","protected":false},"author":1,"featured_media":0,"parent":3311,"menu_order":4,"comment_status":"closed","ping_status":"closed","template":"elementor_canvas","meta":{"site-sidebar-layout":"no-sidebar","site-content-layout":"page-builder","ast-site-content-layout":"full-width-container","site-content-style":"default","site-sidebar-style":"default","ast-global-header-display":"","ast-banner-title-visibility":"","ast-main-header-display":"","ast-hfb-above-header-display":"","ast-hfb-below-header-display":"","ast-hfb-mobile-header-display":"","site-post-title":"disabled","ast-breadcrumbs-content":"","ast-featured-img":"disabled","footer-sml-layout":"","theme-transparent-header-meta":"","adv-header-id-meta":"","stick-header-meta":"","header-above-stick-meta":"","header-main-stick-meta":"","header-below-stick-meta":"","astra-migrate-meta-layouts":"set","ast-page-background-enabled":"default","ast-page-background-meta":{"desktop":{"background-color":"var(--ast-global-color-4)","background-image":"","background-repeat":"repeat","background-position":"center center","background-size":"auto","background-attachment":"scroll","background-type":"","background-media":"","overlay-type":"","overlay-color":"","overlay-opacity":"","overlay-gradient":""},"tablet":{"background-color":"","background-image":"","background-repeat":"repeat","background-position":"center center","background-size":"auto","background-attachment":"scroll","background-type":"","background-media":"","overlay-type":"","overlay-color":"","overlay-opacity":"","overlay-gradient":""},"mobile":{"background-color":"","background-image":"","background-repeat":"repeat","background-position":"center center","background-size":"auto","background-attachment":"scroll","background-type":"","background-media":"","overlay-type":"","overlay-color":"","overlay-opacity":"","overlay-gradient":""}},"ast-content-background-meta":{"desktop":{"background-color":"var(--ast-global-color-5)","background-image":"","background-repeat":"repeat","background-position":"center center","background-size":"auto","background-attachment":"scroll","background-type":"","background-media":"","overlay-type":"","overlay-color":"","overlay-opacity":"","overlay-gradient":""},"tablet":{"background-color":"var(--ast-global-color-5)","background-image":"","background-repeat":"repeat","background-position":"center center","background-size":"auto","background-attachment":"scroll","background-type":"","background-media":"","overlay-type":"","overlay-color":"","overlay-opacity":"","overlay-gradient":""},"mobile":{"background-color":"var(--ast-global-color-5)","background-image":"","background-repeat":"repeat","background-position":"center center","background-size":"auto","background-attachment":"scroll","background-type":"","background-media":"","overlay-type":"","overlay-color":"","overlay-opacity":"","overlay-gradient":""}},"footnotes":""},"class_list":["post-4140","page","type-page","status-publish","hentry"],"_links":{"self":[{"href":"https:\/\/mijn-lo.nl\/es\/wp-json\/wp\/v2\/pages\/4140","targetHints":{"allow":["GET"]}}],"collection":[{"href":"https:\/\/mijn-lo.nl\/es\/wp-json\/wp\/v2\/pages"}],"about":[{"href":"https:\/\/mijn-lo.nl\/es\/wp-json\/wp\/v2\/types\/page"}],"author":[{"embeddable":true,"href":"https:\/\/mijn-lo.nl\/es\/wp-json\/wp\/v2\/users\/1"}],"replies":[{"embeddable":true,"href":"https:\/\/mijn-lo.nl\/es\/wp-json\/wp\/v2\/comments?post=4140"}],"version-history":[{"count":13,"href":"https:\/\/mijn-lo.nl\/es\/wp-json\/wp\/v2\/pages\/4140\/revisions"}],"predecessor-version":[{"id":6259,"href":"https:\/\/mijn-lo.nl\/es\/wp-json\/wp\/v2\/pages\/4140\/revisions\/6259"}],"up":[{"embeddable":true,"href":"https:\/\/mijn-lo.nl\/es\/wp-json\/wp\/v2\/pages\/3311"}],"wp:attachment":[{"href":"https:\/\/mijn-lo.nl\/es\/wp-json\/wp\/v2\/media?parent=4140"}],"curies":[{"name":"wp","href":"https:\/\/api.w.org\/{rel}","templated":true}]}}