{"id":4150,"date":"2024-02-03T16:02:56","date_gmt":"2024-02-03T16:02:56","guid":{"rendered":"http:\/\/mijn-lo.nl\/?page_id=4150"},"modified":"2025-08-19T17:26:26","modified_gmt":"2025-08-19T17:26:26","slug":"environment","status":"publish","type":"page","link":"https:\/\/mijn-lo.nl\/es\/housing\/environment\/","title":{"rendered":"Ambiente"},"content":{"rendered":"<div data-elementor-type=\"wp-page\" data-elementor-id=\"4150\" class=\"elementor elementor-4150\" data-elementor-post-type=\"page\">\n\t\t\t\t\t\t<section class=\"elementor-section elementor-top-section elementor-element elementor-element-d43131f elementor-section-boxed elementor-section-height-default elementor-section-height-default\" data-id=\"d43131f\" data-element_type=\"section\">\n\t\t\t\t\t\t<div class=\"elementor-container elementor-column-gap-default\">\n\t\t\t\t\t<div class=\"elementor-column elementor-col-50 elementor-top-column elementor-element elementor-element-1189115\" data-id=\"1189115\" data-element_type=\"column\">\n\t\t\t<div class=\"elementor-widget-wrap elementor-element-populated\">\n\t\t\t\t\t\t<div class=\"elementor-element elementor-element-ec4366b elementor-widget elementor-widget-image\" data-id=\"ec4366b\" data-element_type=\"widget\" data-widget_type=\"image.default\">\n\t\t\t\t<div class=\"elementor-widget-container\">\n\t\t\t\t\t\t\t\t\t\t\t\t\t\t\t<img fetchpriority=\"high\" decoding=\"async\" width=\"900\" height=\"839\" src=\"https:\/\/mijn-lo.nl\/wp-content\/uploads\/2024\/02\/bakken-900x839-1.webp\" class=\"attachment-large size-large wp-image-4152\" alt=\"\" srcset=\"https:\/\/mijn-lo.nl\/wp-content\/uploads\/2024\/02\/bakken-900x839-1.webp 900w, https:\/\/mijn-lo.nl\/wp-content\/uploads\/2024\/02\/bakken-900x839-1-300x280.webp 300w, https:\/\/mijn-lo.nl\/wp-content\/uploads\/2024\/02\/bakken-900x839-1-768x716.webp 768w, https:\/\/mijn-lo.nl\/wp-content\/uploads\/2024\/02\/bakken-900x839-1-13x12.webp 13w, https:\/\/mijn-lo.nl\/wp-content\/uploads\/2024\/02\/bakken-900x839-1-24x22.webp 24w, https:\/\/mijn-lo.nl\/wp-content\/uploads\/2024\/02\/bakken-900x839-1-36x34.webp 36w, https:\/\/mijn-lo.nl\/wp-content\/uploads\/2024\/02\/bakken-900x839-1-48x45.webp 48w\" sizes=\"(max-width: 900px) 100vw, 900px\" \/>\t\t\t\t\t\t\t\t\t\t\t\t\t\t\t<\/div>\n\t\t\t\t<\/div>\n\t\t\t\t<div class=\"elementor-element elementor-element-be81f1b elementor-widget elementor-widget-text-editor\" data-id=\"be81f1b\" data-element_type=\"widget\" data-widget_type=\"text-editor.default\">\n\t\t\t\t<div class=\"elementor-widget-container\">\n\t\t\t\t\t\t\t\t\t<p style=\"text-align: center;\">Contenedor verde para residuos org\u00e1nicos y contenedor gris para residuos generales<\/p>\t\t\t\t\t\t\t\t<\/div>\n\t\t\t\t<\/div>\n\t\t\t\t\t<\/div>\n\t\t<\/div>\n\t\t\t\t<div class=\"elementor-column elementor-col-50 elementor-top-column elementor-element elementor-element-b74fd01\" data-id=\"b74fd01\" data-element_type=\"column\">\n\t\t\t<div class=\"elementor-widget-wrap elementor-element-populated\">\n\t\t\t\t\t\t<div class=\"elementor-element elementor-element-669e7d1 elementor-widget elementor-widget-text-editor\" data-id=\"669e7d1\" data-element_type=\"widget\" data-widget_type=\"text-editor.default\">\n\t\t\t\t<div class=\"elementor-widget-container\">\n\t\t\t\t\t\t\t\t\t<h3 class=\"mbr-section-title mbr-fonts-style mb-3 display-5\"><strong>Entorno: el lugar donde vive<\/strong><\/h3><p class=\"mbr-text mbr-fonts-style display-7\"><strong>Basura<br \/><\/strong>En Holanda es importante cuidar bien el medio ambiente. Hay que separar los residuos y tirarlos al contenedor adecuado. El contenedor verde es para los residuos org\u00e1nicos, el gris para el resto. El papel y el vidrio van en cubos separados. Est\u00e1 prohibido tirar la basura sin m\u00e1s.\u00a0<\/p><p><strong>Fumar<br \/><\/strong>En los Pa\u00edses Bajos, fumar ya no es tan normal como antes. Ya no est\u00e1 permitido fumar en restaurantes, cafeter\u00edas ni en el trabajo. Si usted tambi\u00e9n fuma, debe tenerlo en cuenta y no fumar donde no est\u00e9 permitido. Est\u00e1 permitido fumar hach\u00eds (hierba).\u00a0<\/p>\t\t\t\t\t\t\t\t<\/div>\n\t\t\t\t<\/div>\n\t\t\t\t\t<\/div>\n\t\t<\/div>\n\t\t\t\t\t<\/div>\n\t\t<\/section>\n\t\t\t\t<section class=\"elementor-section elementor-top-section elementor-element elementor-element-66a8790 elementor-reverse-tablet elementor-reverse-mobile elementor-section-boxed elementor-section-height-default elementor-section-height-default\" data-id=\"66a8790\" data-element_type=\"section\">\n\t\t\t\t\t\t<div class=\"elementor-container elementor-column-gap-default\">\n\t\t\t\t\t<div class=\"elementor-column elementor-col-50 elementor-top-column elementor-element elementor-element-a301002\" data-id=\"a301002\" data-element_type=\"column\">\n\t\t\t<div class=\"elementor-widget-wrap elementor-element-populated\">\n\t\t\t\t\t\t<div class=\"elementor-element elementor-element-c5a19ba elementor-widget elementor-widget-text-editor\" data-id=\"c5a19ba\" data-element_type=\"widget\" data-widget_type=\"text-editor.default\">\n\t\t\t\t<div class=\"elementor-widget-container\">\n\t\t\t\t\t\t\t\t\t<h3 class=\"mbr-section-title mbr-fonts-style mb-3 display-5\"><strong>Algunos puntos m\u00e1s importantes<\/strong><\/h3><p class=\"mbr-text mbr-fonts-style display-7\">1. Si busca una casa r\u00e1pidamente y no recibe una declaraci\u00f3n de urgencia, puede alquilar una casa a un particular. Esto suele ser caro.<br \/>2. En un contrato de alquiler se establece cu\u00e1nto tienes que pagar de alquiler cada mes.<br \/>3. Si el alquiler es demasiado elevado, puedes solicitar una desgravaci\u00f3n por alquiler a Hacienda.<br \/>4. Si el grifo de una casa alquilada est\u00e1 roto, lo mejor es llamar al propietario. El propietario debe proporcionarle un grifo nuevo. (En una casa ocupada por el propietario, tienes que arreglarlo t\u00fa mismo).<br \/>5. Las personas con bajos ingresos pueden solicitar al ayuntamiento una exenci\u00f3n de la tasa de basuras.<br \/>6. El vidrio debe desecharse en un contenedor de vidrio cercano.<br \/>7. Debe presentar la lectura del contador de gas y electricidad una vez al a\u00f1o.<br \/>8. Si ya no tienes electricidad en tu casa, primero debes comprobar si otras personas de la calle siguen teniendo electricidad.<br \/>9. Puedes elegir t\u00fa mismo un abono de tel\u00e9fono, televisi\u00f3n o Internet.<br \/>10. Si rompes algo en casa de un amigo, necesitas un seguro de responsabilidad civil.<\/p>\t\t\t\t\t\t\t\t<\/div>\n\t\t\t\t<\/div>\n\t\t\t\t\t<\/div>\n\t\t<\/div>\n\t\t\t\t<div class=\"elementor-column elementor-col-50 elementor-top-column elementor-element elementor-element-b0ecfdc\" data-id=\"b0ecfdc\" data-element_type=\"column\">\n\t\t\t<div class=\"elementor-widget-wrap elementor-element-populated\">\n\t\t\t\t\t\t<div class=\"elementor-element elementor-element-1c999f8 elementor-widget elementor-widget-image\" data-id=\"1c999f8\" data-element_type=\"widget\" data-widget_type=\"image.default\">\n\t\t\t\t<div class=\"elementor-widget-container\">\n\t\t\t\t\t\t\t\t\t\t\t\t\t\t\t<img decoding=\"async\" width=\"446\" height=\"448\" src=\"https:\/\/mijn-lo.nl\/wp-content\/uploads\/2024\/02\/checklist-446x448-1.webp\" class=\"attachment-large size-large wp-image-4153\" alt=\"\" srcset=\"https:\/\/mijn-lo.nl\/wp-content\/uploads\/2024\/02\/checklist-446x448-1.webp 446w, https:\/\/mijn-lo.nl\/wp-content\/uploads\/2024\/02\/checklist-446x448-1-300x300.webp 300w, https:\/\/mijn-lo.nl\/wp-content\/uploads\/2024\/02\/checklist-446x448-1-150x150.webp 150w, https:\/\/mijn-lo.nl\/wp-content\/uploads\/2024\/02\/checklist-446x448-1-12x12.webp 12w, https:\/\/mijn-lo.nl\/wp-content\/uploads\/2024\/02\/checklist-446x448-1-24x24.webp 24w, https:\/\/mijn-lo.nl\/wp-content\/uploads\/2024\/02\/checklist-446x448-1-36x36.webp 36w, https:\/\/mijn-lo.nl\/wp-content\/uploads\/2024\/02\/checklist-446x448-1-48x48.webp 48w\" sizes=\"(max-width: 446px) 100vw, 446px\" \/>\t\t\t\t\t\t\t\t\t\t\t\t\t\t\t<\/div>\n\t\t\t\t<\/div>\n\t\t\t\t<div class=\"elementor-element elementor-element-6942d17 elementor-widget elementor-widget-text-editor\" data-id=\"6942d17\" data-element_type=\"widget\" data-widget_type=\"text-editor.default\">\n\t\t\t\t<div class=\"elementor-widget-container\">\n\t\t\t\t\t\t\t\t\t<p style=\"text-align: center;\">Lista de control<\/p>\t\t\t\t\t\t\t\t<\/div>\n\t\t\t\t<\/div>\n\t\t\t\t\t<\/div>\n\t\t<\/div>\n\t\t\t\t\t<\/div>\n\t\t<\/section>\n\t\t\t\t<section class=\"elementor-section elementor-top-section elementor-element elementor-element-2edcca1 elementor-section-boxed elementor-section-height-default elementor-section-height-default\" data-id=\"2edcca1\" data-element_type=\"section\">\n\t\t\t\t\t\t<div class=\"elementor-container elementor-column-gap-default\">\n\t\t\t\t\t<div class=\"elementor-column elementor-col-100 elementor-top-column elementor-element elementor-element-75349f87\" data-id=\"75349f87\" data-element_type=\"column\">\n\t\t\t<div class=\"elementor-widget-wrap elementor-element-populated\">\n\t\t\t\t\t\t<div class=\"elementor-element elementor-element-2d2d0e50 elementor-align-center elementor-widget elementor-widget-button\" data-id=\"2d2d0e50\" data-element_type=\"widget\" data-widget_type=\"button.default\">\n\t\t\t\t<div class=\"elementor-widget-container\">\n\t\t\t\t\t\t\t\t\t<div class=\"elementor-button-wrapper\">\n\t\t\t\t\t<a class=\"elementor-button elementor-button-link elementor-size-sm\" href=\"https:\/\/mijn-lo.nl\/es\/housing\/test-3\/\">\n\t\t\t\t\t\t<span class=\"elementor-button-content-wrapper\">\n\t\t\t\t\t\t\t\t\t<span class=\"elementor-button-text\">continuar<\/span>\n\t\t\t\t\t<\/span>\n\t\t\t\t\t<\/a>\n\t\t\t\t<\/div>\n\t\t\t\t\t\t\t\t<\/div>\n\t\t\t\t<\/div>\n\t\t\t\t\t<\/div>\n\t\t<\/div>\n\t\t\t\t\t<\/div>\n\t\t<\/section>\n\t\t\t\t<\/div>","protected":false},"excerpt":{"rendered":"<p>Green bin for organic waste and grey bin for general waste Environment: the place where you live GarbageIn the Netherlands it is important to take good care of the environment. You must separate waste and throw it in the right bin. The green bin is for organic waste the grey bin for the rest. Paper [&hellip;]<\/p>\n","protected":false},"author":1,"featured_media":0,"parent":3311,"menu_order":5,"comment_status":"closed","ping_status":"closed","template":"elementor_canvas","meta":{"site-sidebar-layout":"no-sidebar","site-content-layout":"page-builder","ast-site-content-layout":"full-width-container","site-content-style":"default","site-sidebar-style":"default","ast-global-header-display":"","ast-banner-title-visibility":"","ast-main-header-display":"","ast-hfb-above-header-display":"","ast-hfb-below-header-display":"","ast-hfb-mobile-header-display":"","site-post-title":"disabled","ast-breadcrumbs-content":"","ast-featured-img":"disabled","footer-sml-layout":"","theme-transparent-header-meta":"","adv-header-id-meta":"","stick-header-meta":"","header-above-stick-meta":"","header-main-stick-meta":"","header-below-stick-meta":"","astra-migrate-meta-layouts":"set","ast-page-background-enabled":"default","ast-page-background-meta":{"desktop":{"background-color":"var(--ast-global-color-4)","background-image":"","background-repeat":"repeat","background-position":"center center","background-size":"auto","background-attachment":"scroll","background-type":"","background-media":"","overlay-type":"","overlay-color":"","overlay-opacity":"","overlay-gradient":""},"tablet":{"background-color":"","background-image":"","background-repeat":"repeat","background-position":"center center","background-size":"auto","background-attachment":"scroll","background-type":"","background-media":"","overlay-type":"","overlay-color":"","overlay-opacity":"","overlay-gradient":""},"mobile":{"background-color":"","background-image":"","background-repeat":"repeat","background-position":"center center","background-size":"auto","background-attachment":"scroll","background-type":"","background-media":"","overlay-type":"","overlay-color":"","overlay-opacity":"","overlay-gradient":""}},"ast-content-background-meta":{"desktop":{"background-color":"var(--ast-global-color-5)","background-image":"","background-repeat":"repeat","background-position":"center center","background-size":"auto","background-attachment":"scroll","background-type":"","background-media":"","overlay-type":"","overlay-color":"","overlay-opacity":"","overlay-gradient":""},"tablet":{"background-color":"var(--ast-global-color-5)","background-image":"","background-repeat":"repeat","background-position":"center center","background-size":"auto","background-attachment":"scroll","background-type":"","background-media":"","overlay-type":"","overlay-color":"","overlay-opacity":"","overlay-gradient":""},"mobile":{"background-color":"var(--ast-global-color-5)","background-image":"","background-repeat":"repeat","background-position":"center center","background-size":"auto","background-attachment":"scroll","background-type":"","background-media":"","overlay-type":"","overlay-color":"","overlay-opacity":"","overlay-gradient":""}},"footnotes":""},"class_list":["post-4150","page","type-page","status-publish","hentry"],"_links":{"self":[{"href":"https:\/\/mijn-lo.nl\/es\/wp-json\/wp\/v2\/pages\/4150","targetHints":{"allow":["GET"]}}],"collection":[{"href":"https:\/\/mijn-lo.nl\/es\/wp-json\/wp\/v2\/pages"}],"about":[{"href":"https:\/\/mijn-lo.nl\/es\/wp-json\/wp\/v2\/types\/page"}],"author":[{"embeddable":true,"href":"https:\/\/mijn-lo.nl\/es\/wp-json\/wp\/v2\/users\/1"}],"replies":[{"embeddable":true,"href":"https:\/\/mijn-lo.nl\/es\/wp-json\/wp\/v2\/comments?post=4150"}],"version-history":[{"count":22,"href":"https:\/\/mijn-lo.nl\/es\/wp-json\/wp\/v2\/pages\/4150\/revisions"}],"predecessor-version":[{"id":6262,"href":"https:\/\/mijn-lo.nl\/es\/wp-json\/wp\/v2\/pages\/4150\/revisions\/6262"}],"up":[{"embeddable":true,"href":"https:\/\/mijn-lo.nl\/es\/wp-json\/wp\/v2\/pages\/3311"}],"wp:attachment":[{"href":"https:\/\/mijn-lo.nl\/es\/wp-json\/wp\/v2\/media?parent=4150"}],"curies":[{"name":"wp","href":"https:\/\/api.w.org\/{rel}","templated":true}]}}