{"id":4223,"date":"2024-02-03T17:41:44","date_gmt":"2024-02-03T17:41:44","guid":{"rendered":"http:\/\/mijn-lo.nl\/?page_id=4223"},"modified":"2025-08-19T17:28:05","modified_gmt":"2025-08-19T17:28:05","slug":"basis-insurance","status":"publish","type":"page","link":"https:\/\/mijn-lo.nl\/es\/healthcare\/basis-insurance\/","title":{"rendered":"Seguro b\u00e1sico"},"content":{"rendered":"<div data-elementor-type=\"wp-page\" data-elementor-id=\"4223\" class=\"elementor elementor-4223\" data-elementor-post-type=\"page\">\n\t\t\t\t\t\t<section class=\"elementor-section elementor-top-section elementor-element elementor-element-54745e55 elementor-section-boxed elementor-section-height-default elementor-section-height-default\" data-id=\"54745e55\" data-element_type=\"section\">\n\t\t\t\t\t\t<div class=\"elementor-container elementor-column-gap-default\">\n\t\t\t\t\t<div class=\"elementor-column elementor-col-50 elementor-top-column elementor-element elementor-element-6ed89152\" data-id=\"6ed89152\" data-element_type=\"column\">\n\t\t\t<div class=\"elementor-widget-wrap elementor-element-populated\">\n\t\t\t\t\t\t<div class=\"elementor-element elementor-element-5a215560 elementor-widget elementor-widget-image\" data-id=\"5a215560\" data-element_type=\"widget\" data-widget_type=\"image.default\">\n\t\t\t\t<div class=\"elementor-widget-container\">\n\t\t\t\t\t\t\t\t\t\t\t\t\t\t\t<img fetchpriority=\"high\" decoding=\"async\" width=\"543\" height=\"859\" src=\"https:\/\/mijn-lo.nl\/wp-content\/uploads\/2024\/02\/hospital2cb-543x859-1.webp\" class=\"attachment-large size-large wp-image-4218\" alt=\"\" srcset=\"https:\/\/mijn-lo.nl\/wp-content\/uploads\/2024\/02\/hospital2cb-543x859-1.webp 543w, https:\/\/mijn-lo.nl\/wp-content\/uploads\/2024\/02\/hospital2cb-543x859-1-190x300.webp 190w, https:\/\/mijn-lo.nl\/wp-content\/uploads\/2024\/02\/hospital2cb-543x859-1-8x12.webp 8w, https:\/\/mijn-lo.nl\/wp-content\/uploads\/2024\/02\/hospital2cb-543x859-1-15x24.webp 15w, https:\/\/mijn-lo.nl\/wp-content\/uploads\/2024\/02\/hospital2cb-543x859-1-23x36.webp 23w, https:\/\/mijn-lo.nl\/wp-content\/uploads\/2024\/02\/hospital2cb-543x859-1-30x48.webp 30w\" sizes=\"(max-width: 543px) 100vw, 543px\" \/>\t\t\t\t\t\t\t\t\t\t\t\t\t\t\t<\/div>\n\t\t\t\t<\/div>\n\t\t\t\t<div class=\"elementor-element elementor-element-4b903e40 elementor-widget elementor-widget-text-editor\" data-id=\"4b903e40\" data-element_type=\"widget\" data-widget_type=\"text-editor.default\">\n\t\t\t\t<div class=\"elementor-widget-container\">\n\t\t\t\t\t\t\t\t\t<p style=\"text-align: center;\">Hospital<\/p>\t\t\t\t\t\t\t\t<\/div>\n\t\t\t\t<\/div>\n\t\t\t\t\t<\/div>\n\t\t<\/div>\n\t\t\t\t<div class=\"elementor-column elementor-col-50 elementor-top-column elementor-element elementor-element-78ab3ed7\" data-id=\"78ab3ed7\" data-element_type=\"column\">\n\t\t\t<div class=\"elementor-widget-wrap elementor-element-populated\">\n\t\t\t\t\t\t<div class=\"elementor-element elementor-element-3b4bee8e elementor-widget elementor-widget-text-editor\" data-id=\"3b4bee8e\" data-element_type=\"widget\" data-widget_type=\"text-editor.default\">\n\t\t\t\t<div class=\"elementor-widget-container\">\n\t\t\t\t\t\t\t\t\t<h3 class=\"mbr-section-title mbr-fonts-style mb-3 display-5\"><strong>C\u00f3mo se organiza la asistencia sanitaria en los Pa\u00edses Bajos<\/strong><\/h3><p class=\"mbr-text mbr-fonts-style display-7\">En los Pa\u00edses Bajos llamamos \"zorg\" a la asistencia sanitaria.<\/p><p><audio class=\"wp-audio-shortcode\" id=\"audio-4223-1\" preload=\"none\" style=\"width: 100%;\" controls=\"controls\"><source type=\"audio\/wav\" src=\"http:\/\/mijn-lo.nl\/wp-content\/uploads\/2024\/02\/zorg.wav?_=1\" \/><a href=\"http:\/\/mijn-lo.nl\/wp-content\/uploads\/2024\/02\/zorg.wav\">http:\/\/mijn-lo.nl\/wp-content\/uploads\/2024\/02\/zorg.wav<\/a><\/audio><\/p><p><strong>Seguro de enfermedad:\u00a0<\/strong>Todo el mundo debe tener un seguro de enfermedad. Eliges una compa\u00f1\u00eda y les pagas cada mes. Esto ayuda a pagar las visitas al m\u00e9dico, las estancias en el hospital y los medicamentos. Este seguro se llama \"basisverzekering\".<\/p><p><strong>Acudir al m\u00e9dico:<\/strong>\u00a0Si est\u00e1s enfermo, lo primero que ves es a un m\u00e9dico general. Este m\u00e9dico es como tu principal ayudante sanitario. Si necesitas m\u00e1s ayuda, este m\u00e9dico te dir\u00e1 d\u00f3nde tienes que ir.<\/p><p><strong>Pagar la asistencia sanitaria:\u00a0<\/strong>Su seguro paga la mayor\u00eda de las cosas, pero a veces usted tambi\u00e9n paga un poco. Cu\u00e1nto pagas depende de cu\u00e1nto dinero ganas.<\/p><p><strong>Medicamentos<\/strong>: Si un m\u00e9dico te da un medicamento, lo compras en una tienda llamada farmacia. El seguro paga una parte, pero puede que t\u00fa pagues un poco. La farmacia s\u00f3lo puede dar medicamentos especiales si el m\u00e9dico los describe.<\/p><p><strong>Cuidado de los dientes<\/strong>: El seguro principal no cubre la totalidad de las visitas al dentista. Puede que tengas que contratar un seguro adicional o pagarlo t\u00fa mismo.<\/p><p><strong>Cuidados de larga duraci\u00f3n:<\/strong>\u00a0Si alguien necesita ayuda durante mucho tiempo, como permanecer en una residencia especial, hay un sistema diferente para ayudarle a pagarla.<\/p>\t\t\t\t\t\t\t\t<\/div>\n\t\t\t\t<\/div>\n\t\t\t\t\t<\/div>\n\t\t<\/div>\n\t\t\t\t\t<\/div>\n\t\t<\/section>\n\t\t\t\t<section class=\"elementor-section elementor-top-section elementor-element elementor-element-66a8790 elementor-reverse-tablet elementor-reverse-mobile elementor-section-boxed elementor-section-height-default elementor-section-height-default\" data-id=\"66a8790\" data-element_type=\"section\">\n\t\t\t\t\t\t<div class=\"elementor-container elementor-column-gap-default\">\n\t\t\t\t\t<div class=\"elementor-column elementor-col-50 elementor-top-column elementor-element elementor-element-a301002\" data-id=\"a301002\" data-element_type=\"column\">\n\t\t\t<div class=\"elementor-widget-wrap elementor-element-populated\">\n\t\t\t\t\t\t<div class=\"elementor-element elementor-element-c5a19ba elementor-widget elementor-widget-text-editor\" data-id=\"c5a19ba\" data-element_type=\"widget\" data-widget_type=\"text-editor.default\">\n\t\t\t\t<div class=\"elementor-widget-container\">\n\t\t\t\t\t\t\t\t\t<h3 class=\"mbr-section-title mbr-fonts-style mb-3 display-5\"><strong>Seguro de base, m\u00e1s informaci\u00f3n<\/strong><\/h3><p class=\"mbr-text mbr-fonts-style display-7\">En Holanda llamamos al seguro b\u00e1sico \"basisverzekering\".<\/p><p class=\"mbr-text mbr-fonts-style display-7\">\u00a0<\/p><p><audio class=\"wp-audio-shortcode\" id=\"audio-4223-2\" preload=\"none\" style=\"width: 100%;\" controls=\"controls\"><source type=\"audio\/wav\" src=\"http:\/\/mijn-lo.nl\/wp-content\/uploads\/2024\/02\/basisverzekering.wav?_=2\" \/><a href=\"http:\/\/mijn-lo.nl\/wp-content\/uploads\/2024\/02\/basisverzekering.wav\">http:\/\/mijn-lo.nl\/wp-content\/uploads\/2024\/02\/basisverzekering.wav<\/a><\/audio><\/p><p class=\"mbr-section-title mbr-fonts-style mb-3 display-5\">En los Pa\u00edses Bajos, todo el mundo est\u00e1 obligado a tener un seguro b\u00e1sico, gestionado por compa\u00f1\u00edas de seguros privadas. El seguro b\u00e1sico cubre:<br \/>1.\u00a0<strong>Ir al m\u00e9dico:<\/strong>\u00a0Visitar al m\u00e9dico cuando se est\u00e1 enfermo o se necesita consejo m\u00e9dico.<br \/>2.\u00a0<strong>Atenci\u00f3n hospitalaria:<\/strong>\u00a0Recibir tratamiento y atenci\u00f3n en un hospital, incluidas las intervenciones quir\u00fargicas y la atenci\u00f3n de urgencia.<br \/>3.\u00a0<strong>Medicamentos:<\/strong>\u00a0Medicamentos sujetos a prescripci\u00f3n m\u00e9dica aprobados y enumerados por el seguro.<br \/>4.\u00a0<strong>Atenci\u00f3n a la maternidad:<\/strong>\u00a0Servicios relacionados con el embarazo, el parto y el posparto.<br \/>5.\u00a0<strong>Salud mental:<\/strong>\u00a0Ayuda y tratamiento para problemas de salud mental.<br \/>6.\u00a0<strong>Rehabilitaci\u00f3n:<\/strong>\u00a0Terapia y ejercicios para ayudar a recuperarse de una lesi\u00f3n o enfermedad.<br \/>7.\u00a0<strong>Atenci\u00f3n especializada:<\/strong>\u00a0Acudir a m\u00e9dicos especializados para problemas de salud espec\u00edficos.<br \/>8.\u00a0<strong>Equipos m\u00e9dicos:<\/strong>\u00a0Determinados dispositivos y ayudas, como sillas de ruedas o muletas, en caso necesario.<br \/>9. <strong>Cuidados preventivos:<\/strong>\u00a0Vacunas y revisiones para detectar precozmente los problemas de salud.<br \/><br \/>Recuerde que a\u00fan puede haber algunos costes, como franquicias o peque\u00f1os pagos por determinados servicios.<\/p>\t\t\t\t\t\t\t\t<\/div>\n\t\t\t\t<\/div>\n\t\t\t\t\t<\/div>\n\t\t<\/div>\n\t\t\t\t<div class=\"elementor-column elementor-col-50 elementor-top-column elementor-element elementor-element-b0ecfdc\" data-id=\"b0ecfdc\" data-element_type=\"column\">\n\t\t\t<div class=\"elementor-widget-wrap elementor-element-populated\">\n\t\t\t\t\t\t<div class=\"elementor-element elementor-element-1c999f8 elementor-widget elementor-widget-image\" data-id=\"1c999f8\" data-element_type=\"widget\" data-widget_type=\"image.default\">\n\t\t\t\t<div class=\"elementor-widget-container\">\n\t\t\t\t\t\t\t\t\t\t\t\t\t\t\t<img decoding=\"async\" width=\"603\" height=\"809\" src=\"https:\/\/mijn-lo.nl\/wp-content\/uploads\/2024\/02\/chirurg4-603x809-1.webp\" class=\"attachment-large size-large wp-image-4232\" alt=\"\" srcset=\"https:\/\/mijn-lo.nl\/wp-content\/uploads\/2024\/02\/chirurg4-603x809-1.webp 603w, https:\/\/mijn-lo.nl\/wp-content\/uploads\/2024\/02\/chirurg4-603x809-1-224x300.webp 224w, https:\/\/mijn-lo.nl\/wp-content\/uploads\/2024\/02\/chirurg4-603x809-1-9x12.webp 9w, https:\/\/mijn-lo.nl\/wp-content\/uploads\/2024\/02\/chirurg4-603x809-1-18x24.webp 18w, https:\/\/mijn-lo.nl\/wp-content\/uploads\/2024\/02\/chirurg4-603x809-1-27x36.webp 27w, https:\/\/mijn-lo.nl\/wp-content\/uploads\/2024\/02\/chirurg4-603x809-1-36x48.webp 36w\" sizes=\"(max-width: 603px) 100vw, 603px\" \/>\t\t\t\t\t\t\t\t\t\t\t\t\t\t\t<\/div>\n\t\t\t\t<\/div>\n\t\t\t\t<div class=\"elementor-element elementor-element-6942d17 elementor-widget elementor-widget-text-editor\" data-id=\"6942d17\" data-element_type=\"widget\" data-widget_type=\"text-editor.default\">\n\t\t\t\t<div class=\"elementor-widget-container\">\n\t\t\t\t\t\t\t\t\t<p style=\"text-align: center;\">Atenci\u00f3n hospitalaria<\/p>\t\t\t\t\t\t\t\t<\/div>\n\t\t\t\t<\/div>\n\t\t\t\t\t<\/div>\n\t\t<\/div>\n\t\t\t\t\t<\/div>\n\t\t<\/section>\n\t\t\t\t<section class=\"elementor-section elementor-top-section elementor-element elementor-element-0ff0813 elementor-section-boxed elementor-section-height-default elementor-section-height-default\" data-id=\"0ff0813\" data-element_type=\"section\">\n\t\t\t\t\t\t<div class=\"elementor-container elementor-column-gap-default\">\n\t\t\t\t\t<div class=\"elementor-column elementor-col-50 elementor-top-column elementor-element elementor-element-11e498c\" data-id=\"11e498c\" data-element_type=\"column\">\n\t\t\t<div class=\"elementor-widget-wrap elementor-element-populated\">\n\t\t\t\t\t\t<div class=\"elementor-element elementor-element-9ffb1b0 elementor-widget elementor-widget-image\" data-id=\"9ffb1b0\" data-element_type=\"widget\" data-widget_type=\"image.default\">\n\t\t\t\t<div class=\"elementor-widget-container\">\n\t\t\t\t\t\t\t\t\t\t\t\t\t\t\t<img decoding=\"async\" width=\"600\" height=\"1024\" src=\"https:\/\/mijn-lo.nl\/wp-content\/uploads\/2024\/02\/1-gezondeten-800x1365-1-600x1024.webp\" class=\"attachment-large size-large wp-image-4259\" alt=\"\" srcset=\"https:\/\/mijn-lo.nl\/wp-content\/uploads\/2024\/02\/1-gezondeten-800x1365-1-600x1024.webp 600w, https:\/\/mijn-lo.nl\/wp-content\/uploads\/2024\/02\/1-gezondeten-800x1365-1-176x300.webp 176w, https:\/\/mijn-lo.nl\/wp-content\/uploads\/2024\/02\/1-gezondeten-800x1365-1-768x1310.webp 768w, https:\/\/mijn-lo.nl\/wp-content\/uploads\/2024\/02\/1-gezondeten-800x1365-1-7x12.webp 7w, https:\/\/mijn-lo.nl\/wp-content\/uploads\/2024\/02\/1-gezondeten-800x1365-1-14x24.webp 14w, https:\/\/mijn-lo.nl\/wp-content\/uploads\/2024\/02\/1-gezondeten-800x1365-1-21x36.webp 21w, https:\/\/mijn-lo.nl\/wp-content\/uploads\/2024\/02\/1-gezondeten-800x1365-1-28x48.webp 28w, https:\/\/mijn-lo.nl\/wp-content\/uploads\/2024\/02\/1-gezondeten-800x1365-1.webp 800w\" sizes=\"(max-width: 600px) 100vw, 600px\" \/>\t\t\t\t\t\t\t\t\t\t\t\t\t\t\t<\/div>\n\t\t\t\t<\/div>\n\t\t\t\t\t<\/div>\n\t\t<\/div>\n\t\t\t\t<div class=\"elementor-column elementor-col-50 elementor-top-column elementor-element elementor-element-4ec2c60\" data-id=\"4ec2c60\" data-element_type=\"column\">\n\t\t\t<div class=\"elementor-widget-wrap elementor-element-populated\">\n\t\t\t\t\t\t<div class=\"elementor-element elementor-element-27c87d7 elementor-widget elementor-widget-text-editor\" data-id=\"27c87d7\" data-element_type=\"widget\" data-widget_type=\"text-editor.default\">\n\t\t\t\t<div class=\"elementor-widget-container\">\n\t\t\t\t\t\t\t\t\t<h3 class=\"mbr-section-title mbr-fonts-style mb-3 display-5\"><strong>Vida sana<\/strong><\/h3><p>Vivir sano significa tomar buenas decisiones para nuestro cuerpo y nuestra mente. Esto nos ayuda a sentirnos bien y a vivir m\u00e1s tiempo.<br \/><br \/><strong>C\u00f3mo vivir sano<br \/><\/strong><br \/><em>Comer bien:<br \/><\/em>Come alimentos diferentes, como verduras, frutas, cereales y carne.<br \/>Come tres veces al d\u00eda. No te saltes el desayuno.<br \/>Bebe mucha agua.<br \/>No comas demasiado az\u00facar, sal o grasa.<br \/>Compruebe las fechas de los alimentos y mant\u00e9ngalos limpios.<br \/><br \/><em>Moverse y jugar:<br \/><\/em>Haz cosas como caminar, montar en bicicleta o practicar alg\u00fan deporte.<br \/>Intenta moverte durante 30 minutos cada d\u00eda.<br \/><br \/><em>Dormir bien<\/em>: Duerma lo suficiente cada noche para sentirse descansado.<br \/><br \/><em>Relajante<\/em>: Haz cosas divertidas o rel\u00e1jate para sentirte tranquilo.<br \/><br \/><em>Sin malos h\u00e1bitos:<\/em><br \/>No fumes. Es malo para los pulmones.<br \/>No bebas demasiado alcohol.<br \/><br \/><strong>Visitas al m\u00e9dico:<\/strong>\u00a0Acude al m\u00e9dico de vez en cuando para comprobar si est\u00e1s sano.<br \/><br \/><em>Sentirse bien por dentro:\u00a0<\/em>Habla con amigos y familiares. Pide ayuda si te sientes muy triste.<br \/><br \/><em>Agua potable<\/em>: Bebe agua a menudo. No bebas demasiadas bebidas dulces.<br \/><br \/><strong>Estar seguro con los dem\u00e1s:<br \/><\/strong>Las chicas pueden tomar una pastilla.<br \/>Los chicos pueden usar algo llamado preservativo.<br \/>Estar seguro para no enfermar.<\/p>\t\t\t\t\t\t\t\t<\/div>\n\t\t\t\t<\/div>\n\t\t\t\t\t<\/div>\n\t\t<\/div>\n\t\t\t\t\t<\/div>\n\t\t<\/section>\n\t\t\t\t<section class=\"elementor-section elementor-top-section elementor-element elementor-element-2edcca1 elementor-section-boxed elementor-section-height-default elementor-section-height-default\" data-id=\"2edcca1\" data-element_type=\"section\">\n\t\t\t\t\t\t<div class=\"elementor-container elementor-column-gap-default\">\n\t\t\t\t\t<div class=\"elementor-column elementor-col-100 elementor-top-column elementor-element elementor-element-75349f87\" data-id=\"75349f87\" data-element_type=\"column\">\n\t\t\t<div class=\"elementor-widget-wrap elementor-element-populated\">\n\t\t\t\t\t\t<div class=\"elementor-element elementor-element-2d2d0e50 elementor-align-center elementor-widget elementor-widget-button\" data-id=\"2d2d0e50\" data-element_type=\"widget\" data-widget_type=\"button.default\">\n\t\t\t\t<div class=\"elementor-widget-container\">\n\t\t\t\t\t\t\t\t\t<div class=\"elementor-button-wrapper\">\n\t\t\t\t\t<a class=\"elementor-button elementor-button-link elementor-size-sm\" href=\"https:\/\/mijn-lo.nl\/es\/healthcare\/learn-basic-words\/\">\n\t\t\t\t\t\t<span class=\"elementor-button-content-wrapper\">\n\t\t\t\t\t\t\t\t\t<span class=\"elementor-button-text\">continuar<\/span>\n\t\t\t\t\t<\/span>\n\t\t\t\t\t<\/a>\n\t\t\t\t<\/div>\n\t\t\t\t\t\t\t\t<\/div>\n\t\t\t\t<\/div>\n\t\t\t\t\t<\/div>\n\t\t<\/div>\n\t\t\t\t\t<\/div>\n\t\t<\/section>\n\t\t\t\t<\/div>","protected":false},"excerpt":{"rendered":"<p>Hospital How healthcare is organized in the Netherlands In the Netherlands, we call healthcare &#8220;zorg&#8221;. Health Insurance:\u00a0Everyone must have health insurance. You pick a company and pay them every month. This helps pay for doctor visits, hospital stays, and medicines. This insurance is called &#8220;basisverzekering&#8221;. Seeing a Doctor:\u00a0If you&#8217;re sick, you see a general doctor [&hellip;]<\/p>\n","protected":false},"author":1,"featured_media":0,"parent":4178,"menu_order":2,"comment_status":"closed","ping_status":"closed","template":"elementor_canvas","meta":{"site-sidebar-layout":"no-sidebar","site-content-layout":"page-builder","ast-site-content-layout":"full-width-container","site-content-style":"default","site-sidebar-style":"default","ast-global-header-display":"","ast-banner-title-visibility":"","ast-main-header-display":"","ast-hfb-above-header-display":"","ast-hfb-below-header-display":"","ast-hfb-mobile-header-display":"","site-post-title":"disabled","ast-breadcrumbs-content":"","ast-featured-img":"disabled","footer-sml-layout":"","theme-transparent-header-meta":"","adv-header-id-meta":"","stick-header-meta":"","header-above-stick-meta":"","header-main-stick-meta":"","header-below-stick-meta":"","astra-migrate-meta-layouts":"set","ast-page-background-enabled":"default","ast-page-background-meta":{"desktop":{"background-color":"var(--ast-global-color-4)","background-image":"","background-repeat":"repeat","background-position":"center center","background-size":"auto","background-attachment":"scroll","background-type":"","background-media":"","overlay-type":"","overlay-color":"","overlay-opacity":"","overlay-gradient":""},"tablet":{"background-color":"","background-image":"","background-repeat":"repeat","background-position":"center center","background-size":"auto","background-attachment":"scroll","background-type":"","background-media":"","overlay-type":"","overlay-color":"","overlay-opacity":"","overlay-gradient":""},"mobile":{"background-color":"","background-image":"","background-repeat":"repeat","background-position":"center center","background-size":"auto","background-attachment":"scroll","background-type":"","background-media":"","overlay-type":"","overlay-color":"","overlay-opacity":"","overlay-gradient":""}},"ast-content-background-meta":{"desktop":{"background-color":"var(--ast-global-color-5)","background-image":"","background-repeat":"repeat","background-position":"center center","background-size":"auto","background-attachment":"scroll","background-type":"","background-media":"","overlay-type":"","overlay-color":"","overlay-opacity":"","overlay-gradient":""},"tablet":{"background-color":"var(--ast-global-color-5)","background-image":"","background-repeat":"repeat","background-position":"center center","background-size":"auto","background-attachment":"scroll","background-type":"","background-media":"","overlay-type":"","overlay-color":"","overlay-opacity":"","overlay-gradient":""},"mobile":{"background-color":"var(--ast-global-color-5)","background-image":"","background-repeat":"repeat","background-position":"center center","background-size":"auto","background-attachment":"scroll","background-type":"","background-media":"","overlay-type":"","overlay-color":"","overlay-opacity":"","overlay-gradient":""}},"footnotes":""},"class_list":["post-4223","page","type-page","status-publish","hentry"],"_links":{"self":[{"href":"https:\/\/mijn-lo.nl\/es\/wp-json\/wp\/v2\/pages\/4223","targetHints":{"allow":["GET"]}}],"collection":[{"href":"https:\/\/mijn-lo.nl\/es\/wp-json\/wp\/v2\/pages"}],"about":[{"href":"https:\/\/mijn-lo.nl\/es\/wp-json\/wp\/v2\/types\/page"}],"author":[{"embeddable":true,"href":"https:\/\/mijn-lo.nl\/es\/wp-json\/wp\/v2\/users\/1"}],"replies":[{"embeddable":true,"href":"https:\/\/mijn-lo.nl\/es\/wp-json\/wp\/v2\/comments?post=4223"}],"version-history":[{"count":22,"href":"https:\/\/mijn-lo.nl\/es\/wp-json\/wp\/v2\/pages\/4223\/revisions"}],"predecessor-version":[{"id":6268,"href":"https:\/\/mijn-lo.nl\/es\/wp-json\/wp\/v2\/pages\/4223\/revisions\/6268"}],"up":[{"embeddable":true,"href":"https:\/\/mijn-lo.nl\/es\/wp-json\/wp\/v2\/pages\/4178"}],"wp:attachment":[{"href":"https:\/\/mijn-lo.nl\/es\/wp-json\/wp\/v2\/media?parent=4223"}],"curies":[{"name":"wp","href":"https:\/\/api.w.org\/{rel}","templated":true}]}}