{"id":4339,"date":"2024-02-04T15:53:54","date_gmt":"2024-02-04T15:53:54","guid":{"rendered":"http:\/\/mijn-lo.nl\/?page_id=4339"},"modified":"2025-08-19T17:29:38","modified_gmt":"2025-08-19T17:29:38","slug":"the-dentist-first-aid-specialistic-care","status":"publish","type":"page","link":"https:\/\/mijn-lo.nl\/es\/healthcare\/the-dentist-first-aid-specialistic-care\/","title":{"rendered":"El dentista, Primeros auxilios, Atenci\u00f3n especializada."},"content":{"rendered":"<div data-elementor-type=\"wp-page\" data-elementor-id=\"4339\" class=\"elementor elementor-4339\" data-elementor-post-type=\"page\">\n\t\t\t\t\t\t<section class=\"elementor-section elementor-top-section elementor-element elementor-element-b111678 elementor-reverse-tablet elementor-reverse-mobile elementor-section-boxed elementor-section-height-default elementor-section-height-default\" data-id=\"b111678\" data-element_type=\"section\">\n\t\t\t\t\t\t<div class=\"elementor-container elementor-column-gap-default\">\n\t\t\t\t\t<div class=\"elementor-column elementor-col-50 elementor-top-column elementor-element elementor-element-8c61f63\" data-id=\"8c61f63\" data-element_type=\"column\">\n\t\t\t<div class=\"elementor-widget-wrap elementor-element-populated\">\n\t\t\t\t\t\t<div class=\"elementor-element elementor-element-fd8374c elementor-widget elementor-widget-text-editor\" data-id=\"fd8374c\" data-element_type=\"widget\" data-widget_type=\"text-editor.default\">\n\t\t\t\t<div class=\"elementor-widget-container\">\n\t\t\t\t\t\t\t\t\t<h3 class=\"mbr-section-title mbr-fonts-style mb-3 display-5\"><strong>Dentista<\/strong><\/h3><p>En neerland\u00e9s: \"tandarts\"<\/p><p><audio class=\"wp-audio-shortcode\" id=\"audio-4339-1\" preload=\"none\" style=\"width: 100%;\" controls=\"controls\"><source type=\"audio\/wav\" src=\"https:\/\/mijn-lo.nl\/wp-content\/uploads\/2024\/02\/tandarts.wav?_=1\" \/><a href=\"https:\/\/mijn-lo.nl\/wp-content\/uploads\/2024\/02\/tandarts.wav\">https:\/\/mijn-lo.nl\/wp-content\/uploads\/2024\/02\/tandarts.wav<\/a><\/audio><\/p><p><br \/>En Holanda, la asistencia dental no est\u00e1 totalmente cubierta por el seguro m\u00e9dico b\u00e1sico. Para ayudarle a cubrir los gastos dentales, puede contratar un seguro dental adicional en compa\u00f1\u00edas privadas. Este seguro puede pagar parte de los costes de los tratamientos dentales.<\/p><p><strong>Seguro dental b\u00e1sico\u00a0<\/strong>suele cubrir revisiones rutinarias, limpiezas y radiograf\u00edas. Tambi\u00e9n puede cubrir parcialmente empastes o extracciones dentales. Sin embargo, los tratamientos m\u00e1s extensos, como los aparatos de ortodoncia, no suelen estar cubiertos para los adultos, pero los ni\u00f1os pueden optar a ellos si los necesitan por motivos de salud.<\/p><p>Incluso con seguro dental, es posible que tenga que pagar parte de los costes usted mismo. El importe exacto depende de tu seguro y del tratamiento concreto que recibas.<\/p><p><strong>Para los ni\u00f1os:<\/strong>\u00a0Es importante saber que los cuidados dentales para ni\u00f1os est\u00e1n cubiertos por el seguro de enfermedad b\u00e1sico, incluidas las revisiones, los empastes y los aparatos necesarios.<\/p><p>Si necesita tratamiento dental, es buena idea comprobar qu\u00e9 cubre su seguro dental o plantearse contratar un seguro dental que le ayude a sufragar los gastos.<\/p>\t\t\t\t\t\t\t\t<\/div>\n\t\t\t\t<\/div>\n\t\t\t\t\t<\/div>\n\t\t<\/div>\n\t\t\t\t<div class=\"elementor-column elementor-col-50 elementor-top-column elementor-element elementor-element-d3e4923\" data-id=\"d3e4923\" data-element_type=\"column\">\n\t\t\t<div class=\"elementor-widget-wrap elementor-element-populated\">\n\t\t\t\t\t\t<div class=\"elementor-element elementor-element-856007c elementor-widget elementor-widget-image\" data-id=\"856007c\" data-element_type=\"widget\" data-widget_type=\"image.default\">\n\t\t\t\t<div class=\"elementor-widget-container\">\n\t\t\t\t\t\t\t\t\t\t\t\t\t\t\t<img fetchpriority=\"high\" decoding=\"async\" width=\"334\" height=\"500\" src=\"https:\/\/mijn-lo.nl\/wp-content\/uploads\/2024\/02\/geen-suiker-334x500-1.webp\" class=\"attachment-large size-large wp-image-4355\" alt=\"\" srcset=\"https:\/\/mijn-lo.nl\/wp-content\/uploads\/2024\/02\/geen-suiker-334x500-1.webp 334w, https:\/\/mijn-lo.nl\/wp-content\/uploads\/2024\/02\/geen-suiker-334x500-1-200x300.webp 200w, https:\/\/mijn-lo.nl\/wp-content\/uploads\/2024\/02\/geen-suiker-334x500-1-8x12.webp 8w, https:\/\/mijn-lo.nl\/wp-content\/uploads\/2024\/02\/geen-suiker-334x500-1-16x24.webp 16w, https:\/\/mijn-lo.nl\/wp-content\/uploads\/2024\/02\/geen-suiker-334x500-1-24x36.webp 24w, https:\/\/mijn-lo.nl\/wp-content\/uploads\/2024\/02\/geen-suiker-334x500-1-32x48.webp 32w\" sizes=\"(max-width: 334px) 100vw, 334px\" \/>\t\t\t\t\t\t\t\t\t\t\t\t\t\t\t<\/div>\n\t\t\t\t<\/div>\n\t\t\t\t\t<\/div>\n\t\t<\/div>\n\t\t\t\t\t<\/div>\n\t\t<\/section>\n\t\t\t\t<section class=\"elementor-section elementor-top-section elementor-element elementor-element-84bd087 elementor-section-boxed elementor-section-height-default elementor-section-height-default\" data-id=\"84bd087\" data-element_type=\"section\">\n\t\t\t\t\t\t<div class=\"elementor-container elementor-column-gap-default\">\n\t\t\t\t\t<div class=\"elementor-column elementor-col-50 elementor-top-column elementor-element elementor-element-b8c686f\" data-id=\"b8c686f\" data-element_type=\"column\">\n\t\t\t<div class=\"elementor-widget-wrap elementor-element-populated\">\n\t\t\t\t\t\t<div class=\"elementor-element elementor-element-801b584 elementor-widget elementor-widget-image\" data-id=\"801b584\" data-element_type=\"widget\" data-widget_type=\"image.default\">\n\t\t\t\t<div class=\"elementor-widget-container\">\n\t\t\t\t\t\t\t\t\t\t\t\t\t\t\t<img decoding=\"async\" width=\"504\" height=\"151\" src=\"https:\/\/mijn-lo.nl\/wp-content\/uploads\/2024\/02\/bord-tandarts.jpg\" class=\"attachment-large size-large wp-image-4357\" alt=\"\" srcset=\"https:\/\/mijn-lo.nl\/wp-content\/uploads\/2024\/02\/bord-tandarts.jpg 504w, https:\/\/mijn-lo.nl\/wp-content\/uploads\/2024\/02\/bord-tandarts-300x90.jpg 300w, https:\/\/mijn-lo.nl\/wp-content\/uploads\/2024\/02\/bord-tandarts-18x5.jpg 18w, https:\/\/mijn-lo.nl\/wp-content\/uploads\/2024\/02\/bord-tandarts-24x7.jpg 24w, https:\/\/mijn-lo.nl\/wp-content\/uploads\/2024\/02\/bord-tandarts-36x11.jpg 36w, https:\/\/mijn-lo.nl\/wp-content\/uploads\/2024\/02\/bord-tandarts-48x14.jpg 48w\" sizes=\"(max-width: 504px) 100vw, 504px\" \/>\t\t\t\t\t\t\t\t\t\t\t\t\t\t\t<\/div>\n\t\t\t\t<\/div>\n\t\t\t\t<div class=\"elementor-element elementor-element-e230858 elementor-widget elementor-widget-text-editor\" data-id=\"e230858\" data-element_type=\"widget\" data-widget_type=\"text-editor.default\">\n\t\t\t\t<div class=\"elementor-widget-container\">\n\t\t\t\t\t\t\t\t\t<p style=\"text-align: center;\">B\u00fasqueda de un dentista<\/p>\t\t\t\t\t\t\t\t<\/div>\n\t\t\t\t<\/div>\n\t\t\t\t\t<\/div>\n\t\t<\/div>\n\t\t\t\t<div class=\"elementor-column elementor-col-50 elementor-top-column elementor-element elementor-element-0551744\" data-id=\"0551744\" data-element_type=\"column\">\n\t\t\t<div class=\"elementor-widget-wrap elementor-element-populated\">\n\t\t\t\t\t\t<div class=\"elementor-element elementor-element-c6eb488 elementor-widget elementor-widget-text-editor\" data-id=\"c6eb488\" data-element_type=\"widget\" data-widget_type=\"text-editor.default\">\n\t\t\t\t<div class=\"elementor-widget-container\">\n\t\t\t\t\t\t\t\t\t<h3 class=\"mbr-section-title mbr-fonts-style mb-3 display-5\"><strong>Consejos adicionales para refugiados con dificultades para encontrar dentista:<\/strong><\/h3><p class=\"mbr-text mbr-fonts-style display-7\">Averigua si hay alg\u00fan dentista en tu zona que atienda espec\u00edficamente a refugiados.<br \/>Pide ayuda a una organizaci\u00f3n que atienda a refugiados. Hay muchas organizaciones que pueden ayudar a encontrar un dentista.<br \/>Considera la posibilidad de acudir a un dentista de otro municipio. Suele haber m\u00e1s dentistas en las grandes ciudades que en los pueblos peque\u00f1os.<\/p>\t\t\t\t\t\t\t\t<\/div>\n\t\t\t\t<\/div>\n\t\t\t\t\t<\/div>\n\t\t<\/div>\n\t\t\t\t\t<\/div>\n\t\t<\/section>\n\t\t\t\t<section class=\"elementor-section elementor-top-section elementor-element elementor-element-134c880 elementor-reverse-tablet elementor-reverse-mobile elementor-section-boxed elementor-section-height-default elementor-section-height-default\" data-id=\"134c880\" data-element_type=\"section\">\n\t\t\t\t\t\t<div class=\"elementor-container elementor-column-gap-default\">\n\t\t\t\t\t<div class=\"elementor-column elementor-col-50 elementor-top-column elementor-element elementor-element-ab7892e\" data-id=\"ab7892e\" data-element_type=\"column\">\n\t\t\t<div class=\"elementor-widget-wrap elementor-element-populated\">\n\t\t\t\t\t\t<div class=\"elementor-element elementor-element-aa8be7e elementor-widget elementor-widget-text-editor\" data-id=\"aa8be7e\" data-element_type=\"widget\" data-widget_type=\"text-editor.default\">\n\t\t\t\t<div class=\"elementor-widget-container\">\n\t\t\t\t\t\t\t\t\t<h3 class=\"mbr-section-title mbr-fonts-style mb-3 display-5\">Primeros auxilios en los Pa\u00edses Bajos<\/h3><p>En neerland\u00e9s: \"spoedeisende hulp SEH\/EHBO\"<br \/><br \/>En primer lugar, expliquemos qu\u00e9 son los primeros auxilios: es un departamento del hospital al que se puede acudir si hay un problema de salud agudo, como un accidente. El hospital cuenta con una consulta de medicina general (b\u00e1sicamente, un consultorio m\u00e9dico). Antes de ir, llame a esta consulta. Busca el n\u00famero de tel\u00e9fono. Si no puedes llamar, ve directamente al hospital y explica lo que te ocurre. Si se trata de una situaci\u00f3n que pone en peligro la vida, debes llamar al 112.<\/p><p>Cu\u00e1ndo acudir al servicio de primeros auxilios de un hospital de los Pa\u00edses Bajos:<\/p><ol><li><strong>Emergencias:<\/strong> Si alguien est\u00e1 en peligro inmediato o tiene un problema de salud grave, como dificultad para respirar, hemorragia grave o p\u00e9rdida del conocimiento, dir\u00edjase directamente al servicio de primeros auxilios del hospital. Llame al 112 para situaciones que pongan en peligro la vida.<\/li><li><strong>Accidentes y lesiones:<\/strong> En caso de lesiones importantes, como fracturas \u00f3seas, cortes profundos, quemaduras o traumatismos craneales, el servicio de primeros auxilios del hospital puede prestar asistencia.<\/li><li><strong>Enfermedad repentina:<\/strong> En caso de problemas de salud graves y repentinos, como una reacci\u00f3n al\u00e9rgica grave, signos de derrame cerebral o convulsiones incontroladas, es crucial buscar ayuda en el servicio de primeros auxilios del hospital.<\/li><\/ol>\t\t\t\t\t\t\t\t<\/div>\n\t\t\t\t<\/div>\n\t\t\t\t\t<\/div>\n\t\t<\/div>\n\t\t\t\t<div class=\"elementor-column elementor-col-50 elementor-top-column elementor-element elementor-element-007db59\" data-id=\"007db59\" data-element_type=\"column\">\n\t\t\t<div class=\"elementor-widget-wrap elementor-element-populated\">\n\t\t\t\t\t\t<div class=\"elementor-element elementor-element-2a15ae7 elementor-widget elementor-widget-image\" data-id=\"2a15ae7\" data-element_type=\"widget\" data-widget_type=\"image.default\">\n\t\t\t\t<div class=\"elementor-widget-container\">\n\t\t\t\t\t\t\t\t\t\t\t\t\t\t\t<img decoding=\"async\" width=\"496\" height=\"838\" src=\"https:\/\/mijn-lo.nl\/wp-content\/uploads\/2024\/02\/seh-496x838-1.webp\" class=\"attachment-large size-large wp-image-4359\" alt=\"\" srcset=\"https:\/\/mijn-lo.nl\/wp-content\/uploads\/2024\/02\/seh-496x838-1.webp 496w, https:\/\/mijn-lo.nl\/wp-content\/uploads\/2024\/02\/seh-496x838-1-178x300.webp 178w, https:\/\/mijn-lo.nl\/wp-content\/uploads\/2024\/02\/seh-496x838-1-7x12.webp 7w, https:\/\/mijn-lo.nl\/wp-content\/uploads\/2024\/02\/seh-496x838-1-14x24.webp 14w, https:\/\/mijn-lo.nl\/wp-content\/uploads\/2024\/02\/seh-496x838-1-21x36.webp 21w, https:\/\/mijn-lo.nl\/wp-content\/uploads\/2024\/02\/seh-496x838-1-28x48.webp 28w\" sizes=\"(max-width: 496px) 100vw, 496px\" \/>\t\t\t\t\t\t\t\t\t\t\t\t\t\t\t<\/div>\n\t\t\t\t<\/div>\n\t\t\t\t<div class=\"elementor-element elementor-element-f4f13bb elementor-widget elementor-widget-text-editor\" data-id=\"f4f13bb\" data-element_type=\"widget\" data-widget_type=\"text-editor.default\">\n\t\t\t\t<div class=\"elementor-widget-container\">\n\t\t\t\t\t\t\t\t\t<p style=\"text-align: center;\">EHBO<\/p>\t\t\t\t\t\t\t\t<\/div>\n\t\t\t\t<\/div>\n\t\t\t\t\t<\/div>\n\t\t<\/div>\n\t\t\t\t\t<\/div>\n\t\t<\/section>\n\t\t\t\t<section class=\"elementor-section elementor-top-section elementor-element elementor-element-26e2316 elementor-section-boxed elementor-section-height-default elementor-section-height-default\" data-id=\"26e2316\" data-element_type=\"section\">\n\t\t\t\t\t\t<div class=\"elementor-container elementor-column-gap-default\">\n\t\t\t\t\t<div class=\"elementor-column elementor-col-50 elementor-top-column elementor-element elementor-element-393b79f\" data-id=\"393b79f\" data-element_type=\"column\">\n\t\t\t<div class=\"elementor-widget-wrap elementor-element-populated\">\n\t\t\t\t\t\t<div class=\"elementor-element elementor-element-98c69f0 elementor-widget elementor-widget-image\" data-id=\"98c69f0\" data-element_type=\"widget\" data-widget_type=\"image.default\">\n\t\t\t\t<div class=\"elementor-widget-container\">\n\t\t\t\t\t\t\t\t\t\t\t\t\t\t\t<img loading=\"lazy\" decoding=\"async\" width=\"750\" height=\"503\" src=\"https:\/\/mijn-lo.nl\/wp-content\/uploads\/2024\/02\/ambulance-750x503-1.webp\" class=\"attachment-large size-large wp-image-4361\" alt=\"\" srcset=\"https:\/\/mijn-lo.nl\/wp-content\/uploads\/2024\/02\/ambulance-750x503-1.webp 750w, https:\/\/mijn-lo.nl\/wp-content\/uploads\/2024\/02\/ambulance-750x503-1-300x201.webp 300w, https:\/\/mijn-lo.nl\/wp-content\/uploads\/2024\/02\/ambulance-750x503-1-18x12.webp 18w, https:\/\/mijn-lo.nl\/wp-content\/uploads\/2024\/02\/ambulance-750x503-1-24x16.webp 24w, https:\/\/mijn-lo.nl\/wp-content\/uploads\/2024\/02\/ambulance-750x503-1-36x24.webp 36w, https:\/\/mijn-lo.nl\/wp-content\/uploads\/2024\/02\/ambulance-750x503-1-48x32.webp 48w\" sizes=\"(max-width: 750px) 100vw, 750px\" \/>\t\t\t\t\t\t\t\t\t\t\t\t\t\t\t<\/div>\n\t\t\t\t<\/div>\n\t\t\t\t\t<\/div>\n\t\t<\/div>\n\t\t\t\t<div class=\"elementor-column elementor-col-50 elementor-top-column elementor-element elementor-element-c6a548c\" data-id=\"c6a548c\" data-element_type=\"column\">\n\t\t\t<div class=\"elementor-widget-wrap elementor-element-populated\">\n\t\t\t\t\t\t<div class=\"elementor-element elementor-element-e3cd877 elementor-widget elementor-widget-text-editor\" data-id=\"e3cd877\" data-element_type=\"widget\" data-widget_type=\"text-editor.default\">\n\t\t\t\t<div class=\"elementor-widget-container\">\n\t\t\t\t\t\t\t\t\t<h3 class=\"mbr-section-title mbr-fonts-style mb-3 display-5\"><strong>Emergencia<\/strong><\/h3><p>En neerland\u00e9s: \"spoed\"<br \/><br \/>Problemas m\u00e9dicos urgentes: Si tiene un problema de salud que requiere atenci\u00f3n inmediata y no puede esperar a una cita m\u00e9dica normal, como una infecci\u00f3n grave, dolor intenso o complicaciones de una enfermedad existente, puede acudir a los Primeros Auxilios del hospital.<\/p><p>Recuerde que el servicio de primeros auxilios es para situaciones m\u00e9dicas urgentes y graves. Para problemas menos urgentes o problemas generales de salud, es mejor acudir a un m\u00e9dico habitual en su horario normal de trabajo o llamar a un tel\u00e9fono de asistencia m\u00e9dica para pedir consejo.<br \/>Si no est\u00e1 seguro de si necesita ayuda inmediata, puede llamar al servicio de primeros auxilios del hospital o al n\u00famero nacional de emergencias (112) para que le orienten. Ellos te ayudar\u00e1n a saber qu\u00e9 hacer.<\/p>\t\t\t\t\t\t\t\t<\/div>\n\t\t\t\t<\/div>\n\t\t\t\t\t<\/div>\n\t\t<\/div>\n\t\t\t\t\t<\/div>\n\t\t<\/section>\n\t\t\t\t<section class=\"elementor-section elementor-top-section elementor-element elementor-element-ed7b26a elementor-reverse-tablet elementor-reverse-mobile elementor-section-boxed elementor-section-height-default elementor-section-height-default\" data-id=\"ed7b26a\" data-element_type=\"section\">\n\t\t\t\t\t\t<div class=\"elementor-container elementor-column-gap-default\">\n\t\t\t\t\t<div class=\"elementor-column elementor-col-50 elementor-top-column elementor-element elementor-element-764f6f2\" data-id=\"764f6f2\" data-element_type=\"column\">\n\t\t\t<div class=\"elementor-widget-wrap elementor-element-populated\">\n\t\t\t\t\t\t<div class=\"elementor-element elementor-element-a922bc6 elementor-widget elementor-widget-text-editor\" data-id=\"a922bc6\" data-element_type=\"widget\" data-widget_type=\"text-editor.default\">\n\t\t\t\t<div class=\"elementor-widget-container\">\n\t\t\t\t\t\t\t\t\t<h3 class=\"mbr-section-title mbr-fonts-style mb-3 display-5\"><strong>Atenci\u00f3n especializada<\/strong><\/h3><p>El sistema sanitario aqu\u00ed puede parecer un poco confuso al principio, pero esperamos que esta explicaci\u00f3n le ayude a entenderlo mejor.<br \/><br \/><strong>1. Atenci\u00f3n Primaria y Secundaria: \u00bfCu\u00e1l es la diferencia?<br \/><\/strong><br \/>En los Pa\u00edses Bajos distinguimos entre asistencia sanitaria primaria y secundaria:<br \/><br \/>La atenci\u00f3n primaria es la atenci\u00f3n b\u00e1sica directamente accesible a todo el mundo. Incluye, por ejemplo, el m\u00e9dico de cabecera, el dentista y la fisioterapia.<br \/><br \/>La atenci\u00f3n secundaria es la atenci\u00f3n especializada. Se refiere a la atenci\u00f3n hospitalaria, los tratamientos especializados y determinadas formas de atenci\u00f3n mental. Para recibir atenci\u00f3n secundaria, suele ser necesario que te derive un profesional de atenci\u00f3n primaria, como tu m\u00e9dico de cabecera.<br \/><br \/><strong>2. \u00bfC\u00f3mo acceder a la asistencia sanitaria secundaria?<br \/><\/strong><br \/>Si tiene un problema de salud que no puede resolver la atenci\u00f3n primaria, su m\u00e9dico de cabecera le remitir\u00e1 a un especialista de atenci\u00f3n secundaria. Puede ser, por ejemplo, un cardi\u00f3logo, un cirujano o un psiquiatra.<br \/><br \/><strong>3. Costes y seguros<br \/><\/strong><br \/>En los Pa\u00edses Bajos, todo el mundo est\u00e1 obligado a tener un seguro m\u00e9dico b\u00e1sico. Este seguro cubre los gastos de la mayor parte de la atenci\u00f3n primaria, incluida gran parte de la atenci\u00f3n secundaria. Sin embargo, para algunos tratamientos de atenci\u00f3n secundaria, puede haber una contribuci\u00f3n personal o una franquicia. Es importante comprobarlo de antemano con su seguro m\u00e9dico.<\/p>\t\t\t\t\t\t\t\t<\/div>\n\t\t\t\t<\/div>\n\t\t\t\t\t<\/div>\n\t\t<\/div>\n\t\t\t\t<div class=\"elementor-column elementor-col-50 elementor-top-column elementor-element elementor-element-9cf4488\" data-id=\"9cf4488\" data-element_type=\"column\">\n\t\t\t<div class=\"elementor-widget-wrap elementor-element-populated\">\n\t\t\t\t\t\t<div class=\"elementor-element elementor-element-5b2320d elementor-widget elementor-widget-image\" data-id=\"5b2320d\" data-element_type=\"widget\" data-widget_type=\"image.default\">\n\t\t\t\t<div class=\"elementor-widget-container\">\n\t\t\t\t\t\t\t\t\t\t\t\t\t\t\t<img loading=\"lazy\" decoding=\"async\" width=\"643\" height=\"968\" src=\"https:\/\/mijn-lo.nl\/wp-content\/uploads\/2024\/02\/operatiekamer-643x968-1.webp\" class=\"attachment-large size-large wp-image-4362\" alt=\"\" srcset=\"https:\/\/mijn-lo.nl\/wp-content\/uploads\/2024\/02\/operatiekamer-643x968-1.webp 643w, https:\/\/mijn-lo.nl\/wp-content\/uploads\/2024\/02\/operatiekamer-643x968-1-199x300.webp 199w, https:\/\/mijn-lo.nl\/wp-content\/uploads\/2024\/02\/operatiekamer-643x968-1-8x12.webp 8w, https:\/\/mijn-lo.nl\/wp-content\/uploads\/2024\/02\/operatiekamer-643x968-1-16x24.webp 16w, https:\/\/mijn-lo.nl\/wp-content\/uploads\/2024\/02\/operatiekamer-643x968-1-24x36.webp 24w, https:\/\/mijn-lo.nl\/wp-content\/uploads\/2024\/02\/operatiekamer-643x968-1-32x48.webp 32w\" sizes=\"(max-width: 643px) 100vw, 643px\" \/>\t\t\t\t\t\t\t\t\t\t\t\t\t\t\t<\/div>\n\t\t\t\t<\/div>\n\t\t\t\t<div class=\"elementor-element elementor-element-bffb7cf elementor-widget elementor-widget-text-editor\" data-id=\"bffb7cf\" data-element_type=\"widget\" data-widget_type=\"text-editor.default\">\n\t\t\t\t<div class=\"elementor-widget-container\">\n\t\t\t\t\t\t\t\t\t<p style=\"text-align: center;\">Cirug\u00eda<\/p>\t\t\t\t\t\t\t\t<\/div>\n\t\t\t\t<\/div>\n\t\t\t\t\t<\/div>\n\t\t<\/div>\n\t\t\t\t\t<\/div>\n\t\t<\/section>\n\t\t\t\t<section class=\"elementor-section elementor-top-section elementor-element elementor-element-2edcca1 elementor-section-boxed elementor-section-height-default elementor-section-height-default\" data-id=\"2edcca1\" data-element_type=\"section\">\n\t\t\t\t\t\t<div class=\"elementor-container elementor-column-gap-default\">\n\t\t\t\t\t<div class=\"elementor-column elementor-col-100 elementor-top-column elementor-element elementor-element-75349f87\" data-id=\"75349f87\" data-element_type=\"column\">\n\t\t\t<div class=\"elementor-widget-wrap elementor-element-populated\">\n\t\t\t\t\t\t<div class=\"elementor-element elementor-element-2d2d0e50 elementor-align-center elementor-widget elementor-widget-button\" data-id=\"2d2d0e50\" data-element_type=\"widget\" data-widget_type=\"button.default\">\n\t\t\t\t<div class=\"elementor-widget-container\">\n\t\t\t\t\t\t\t\t\t<div class=\"elementor-button-wrapper\">\n\t\t\t\t\t<a class=\"elementor-button elementor-button-link elementor-size-sm\" href=\"https:\/\/mijn-lo.nl\/es\/healthcare\/pregnancy-childbirth-vaccination-physiotherapy\/\">\n\t\t\t\t\t\t<span class=\"elementor-button-content-wrapper\">\n\t\t\t\t\t\t\t\t\t<span class=\"elementor-button-text\">continuar<\/span>\n\t\t\t\t\t<\/span>\n\t\t\t\t\t<\/a>\n\t\t\t\t<\/div>\n\t\t\t\t\t\t\t\t<\/div>\n\t\t\t\t<\/div>\n\t\t\t\t\t<\/div>\n\t\t<\/div>\n\t\t\t\t\t<\/div>\n\t\t<\/section>\n\t\t\t\t<\/div>","protected":false},"excerpt":{"rendered":"<p>Dentist In Dutch: &#8220;tandarts&#8221; Dental care in the Netherlands is not completely covered by the basic health insurance. To help cover dental expenses, you can buy extra dental insurance from private companies. This insurance can pay for some of the costs of dental treatments. Basic dental insurance\u00a0usually covers routine check-ups, cleanings, and X-rays. It may [&hellip;]<\/p>\n","protected":false},"author":1,"featured_media":0,"parent":4178,"menu_order":4,"comment_status":"closed","ping_status":"closed","template":"elementor_canvas","meta":{"site-sidebar-layout":"no-sidebar","site-content-layout":"page-builder","ast-site-content-layout":"full-width-container","site-content-style":"default","site-sidebar-style":"default","ast-global-header-display":"","ast-banner-title-visibility":"","ast-main-header-display":"","ast-hfb-above-header-display":"","ast-hfb-below-header-display":"","ast-hfb-mobile-header-display":"","site-post-title":"disabled","ast-breadcrumbs-content":"","ast-featured-img":"disabled","footer-sml-layout":"","theme-transparent-header-meta":"","adv-header-id-meta":"","stick-header-meta":"","header-above-stick-meta":"","header-main-stick-meta":"","header-below-stick-meta":"","astra-migrate-meta-layouts":"set","ast-page-background-enabled":"default","ast-page-background-meta":{"desktop":{"background-color":"var(--ast-global-color-4)","background-image":"","background-repeat":"repeat","background-position":"center center","background-size":"auto","background-attachment":"scroll","background-type":"","background-media":"","overlay-type":"","overlay-color":"","overlay-opacity":"","overlay-gradient":""},"tablet":{"background-color":"","background-image":"","background-repeat":"repeat","background-position":"center center","background-size":"auto","background-attachment":"scroll","background-type":"","background-media":"","overlay-type":"","overlay-color":"","overlay-opacity":"","overlay-gradient":""},"mobile":{"background-color":"","background-image":"","background-repeat":"repeat","background-position":"center center","background-size":"auto","background-attachment":"scroll","background-type":"","background-media":"","overlay-type":"","overlay-color":"","overlay-opacity":"","overlay-gradient":""}},"ast-content-background-meta":{"desktop":{"background-color":"var(--ast-global-color-5)","background-image":"","background-repeat":"repeat","background-position":"center center","background-size":"auto","background-attachment":"scroll","background-type":"","background-media":"","overlay-type":"","overlay-color":"","overlay-opacity":"","overlay-gradient":""},"tablet":{"background-color":"var(--ast-global-color-5)","background-image":"","background-repeat":"repeat","background-position":"center center","background-size":"auto","background-attachment":"scroll","background-type":"","background-media":"","overlay-type":"","overlay-color":"","overlay-opacity":"","overlay-gradient":""},"mobile":{"background-color":"var(--ast-global-color-5)","background-image":"","background-repeat":"repeat","background-position":"center center","background-size":"auto","background-attachment":"scroll","background-type":"","background-media":"","overlay-type":"","overlay-color":"","overlay-opacity":"","overlay-gradient":""}},"footnotes":""},"class_list":["post-4339","page","type-page","status-publish","hentry"],"_links":{"self":[{"href":"https:\/\/mijn-lo.nl\/es\/wp-json\/wp\/v2\/pages\/4339","targetHints":{"allow":["GET"]}}],"collection":[{"href":"https:\/\/mijn-lo.nl\/es\/wp-json\/wp\/v2\/pages"}],"about":[{"href":"https:\/\/mijn-lo.nl\/es\/wp-json\/wp\/v2\/types\/page"}],"author":[{"embeddable":true,"href":"https:\/\/mijn-lo.nl\/es\/wp-json\/wp\/v2\/users\/1"}],"replies":[{"embeddable":true,"href":"https:\/\/mijn-lo.nl\/es\/wp-json\/wp\/v2\/comments?post=4339"}],"version-history":[{"count":21,"href":"https:\/\/mijn-lo.nl\/es\/wp-json\/wp\/v2\/pages\/4339\/revisions"}],"predecessor-version":[{"id":6274,"href":"https:\/\/mijn-lo.nl\/es\/wp-json\/wp\/v2\/pages\/4339\/revisions\/6274"}],"up":[{"embeddable":true,"href":"https:\/\/mijn-lo.nl\/es\/wp-json\/wp\/v2\/pages\/4178"}],"wp:attachment":[{"href":"https:\/\/mijn-lo.nl\/es\/wp-json\/wp\/v2\/media?parent=4339"}],"curies":[{"name":"wp","href":"https:\/\/api.w.org\/{rel}","templated":true}]}}