{"id":4777,"date":"2024-02-09T14:01:10","date_gmt":"2024-02-09T14:01:10","guid":{"rendered":"http:\/\/mijn-lo.nl\/?page_id=4777"},"modified":"2025-08-19T17:40:54","modified_gmt":"2025-08-19T17:40:54","slug":"living-together-in-the-netherlands","status":"publish","type":"page","link":"https:\/\/mijn-lo.nl\/es\/living-together\/living-together-in-the-netherlands\/","title":{"rendered":"Vivir juntos en los Pa\u00edses Bajos"},"content":{"rendered":"<div data-elementor-type=\"wp-page\" data-elementor-id=\"4777\" class=\"elementor elementor-4777\" data-elementor-post-type=\"page\">\n\t\t\t\t\t\t<section class=\"elementor-section elementor-top-section elementor-element elementor-element-225a7cef elementor-section-boxed elementor-section-height-default elementor-section-height-default\" data-id=\"225a7cef\" data-element_type=\"section\" data-settings=\"{&quot;background_background&quot;:&quot;classic&quot;}\">\n\t\t\t\t\t\t<div class=\"elementor-container elementor-column-gap-default\">\n\t\t\t\t\t<div class=\"elementor-column elementor-col-100 elementor-top-column elementor-element elementor-element-7ff2ed98\" data-id=\"7ff2ed98\" data-element_type=\"column\">\n\t\t\t<div class=\"elementor-widget-wrap elementor-element-populated\">\n\t\t\t\t\t\t<div class=\"elementor-element elementor-element-4c131b03 elementor-widget elementor-widget-heading\" data-id=\"4c131b03\" data-element_type=\"widget\" data-widget_type=\"heading.default\">\n\t\t\t\t<div class=\"elementor-widget-container\">\n\t\t\t\t\t<h2 class=\"elementor-heading-title elementor-size-default\">CONVIVENCIA<\/h2>\t\t\t\t<\/div>\n\t\t\t\t<\/div>\n\t\t\t\t\t<\/div>\n\t\t<\/div>\n\t\t\t\t\t<\/div>\n\t\t<\/section>\n\t\t\t\t<section class=\"elementor-section elementor-top-section elementor-element elementor-element-6887aa9 elementor-section-boxed elementor-section-height-default elementor-section-height-default\" data-id=\"6887aa9\" data-element_type=\"section\">\n\t\t\t\t\t\t<div class=\"elementor-container elementor-column-gap-default\">\n\t\t\t\t\t<div class=\"elementor-column elementor-col-100 elementor-top-column elementor-element elementor-element-fbca87d\" data-id=\"fbca87d\" data-element_type=\"column\">\n\t\t\t<div class=\"elementor-widget-wrap elementor-element-populated\">\n\t\t\t\t\t\t<div class=\"elementor-element elementor-element-e13e3b7 elementor-widget elementor-widget-image\" data-id=\"e13e3b7\" data-element_type=\"widget\" data-widget_type=\"image.default\">\n\t\t\t\t<div class=\"elementor-widget-container\">\n\t\t\t\t\t\t\t\t\t\t\t\t\t\t\t<img fetchpriority=\"high\" decoding=\"async\" width=\"1024\" height=\"528\" src=\"https:\/\/mijn-lo.nl\/wp-content\/uploads\/2024\/02\/leuk-stel-1-1500x773-1-1024x528.webp\" class=\"attachment-large size-large wp-image-4779\" alt=\"\" srcset=\"https:\/\/mijn-lo.nl\/wp-content\/uploads\/2024\/02\/leuk-stel-1-1500x773-1-1024x528.webp 1024w, https:\/\/mijn-lo.nl\/wp-content\/uploads\/2024\/02\/leuk-stel-1-1500x773-1-300x155.webp 300w, https:\/\/mijn-lo.nl\/wp-content\/uploads\/2024\/02\/leuk-stel-1-1500x773-1-768x396.webp 768w, https:\/\/mijn-lo.nl\/wp-content\/uploads\/2024\/02\/leuk-stel-1-1500x773-1-18x9.webp 18w, https:\/\/mijn-lo.nl\/wp-content\/uploads\/2024\/02\/leuk-stel-1-1500x773-1-24x12.webp 24w, https:\/\/mijn-lo.nl\/wp-content\/uploads\/2024\/02\/leuk-stel-1-1500x773-1-36x19.webp 36w, https:\/\/mijn-lo.nl\/wp-content\/uploads\/2024\/02\/leuk-stel-1-1500x773-1-48x25.webp 48w, https:\/\/mijn-lo.nl\/wp-content\/uploads\/2024\/02\/leuk-stel-1-1500x773-1.webp 1500w\" sizes=\"(max-width: 1024px) 100vw, 1024px\" \/>\t\t\t\t\t\t\t\t\t\t\t\t\t\t\t<\/div>\n\t\t\t\t<\/div>\n\t\t\t\t\t<\/div>\n\t\t<\/div>\n\t\t\t\t\t<\/div>\n\t\t<\/section>\n\t\t\t\t<section class=\"elementor-section elementor-top-section elementor-element elementor-element-4ab774c elementor-section-boxed elementor-section-height-default elementor-section-height-default\" data-id=\"4ab774c\" data-element_type=\"section\">\n\t\t\t\t\t\t\t<div class=\"elementor-background-overlay\"><\/div>\n\t\t\t\t\t\t\t<div class=\"elementor-container elementor-column-gap-default\">\n\t\t\t\t\t<div class=\"elementor-column elementor-col-50 elementor-top-column elementor-element elementor-element-d52035b\" data-id=\"d52035b\" data-element_type=\"column\">\n\t\t\t<div class=\"elementor-widget-wrap elementor-element-populated\">\n\t\t\t\t\t\t<div class=\"elementor-element elementor-element-5307f71 elementor-widget elementor-widget-image\" data-id=\"5307f71\" data-element_type=\"widget\" data-widget_type=\"image.default\">\n\t\t\t\t<div class=\"elementor-widget-container\">\n\t\t\t\t\t\t\t\t\t\t\t\t\t\t\t<img decoding=\"async\" width=\"487\" height=\"353\" src=\"https:\/\/mijn-lo.nl\/wp-content\/uploads\/2024\/02\/woman-alone-487x353-1.webp\" class=\"attachment-large size-large wp-image-4780\" alt=\"\" srcset=\"https:\/\/mijn-lo.nl\/wp-content\/uploads\/2024\/02\/woman-alone-487x353-1.webp 487w, https:\/\/mijn-lo.nl\/wp-content\/uploads\/2024\/02\/woman-alone-487x353-1-300x217.webp 300w, https:\/\/mijn-lo.nl\/wp-content\/uploads\/2024\/02\/woman-alone-487x353-1-18x12.webp 18w, https:\/\/mijn-lo.nl\/wp-content\/uploads\/2024\/02\/woman-alone-487x353-1-24x17.webp 24w, https:\/\/mijn-lo.nl\/wp-content\/uploads\/2024\/02\/woman-alone-487x353-1-36x26.webp 36w, https:\/\/mijn-lo.nl\/wp-content\/uploads\/2024\/02\/woman-alone-487x353-1-48x35.webp 48w\" sizes=\"(max-width: 487px) 100vw, 487px\" \/>\t\t\t\t\t\t\t\t\t\t\t\t\t\t\t<\/div>\n\t\t\t\t<\/div>\n\t\t\t\t<div class=\"elementor-element elementor-element-12a9154 elementor-widget elementor-widget-text-editor\" data-id=\"12a9154\" data-element_type=\"widget\" data-widget_type=\"text-editor.default\">\n\t\t\t\t<div class=\"elementor-widget-container\">\n\t\t\t\t\t\t\t\t\t<p style=\"text-align: center;\">Mucha gente vive sola<\/p>\t\t\t\t\t\t\t\t<\/div>\n\t\t\t\t<\/div>\n\t\t\t\t\t<\/div>\n\t\t<\/div>\n\t\t\t\t<div class=\"elementor-column elementor-col-50 elementor-top-column elementor-element elementor-element-0de69c5\" data-id=\"0de69c5\" data-element_type=\"column\">\n\t\t\t<div class=\"elementor-widget-wrap elementor-element-populated\">\n\t\t\t\t\t\t<div class=\"elementor-element elementor-element-3ec27b9 elementor-widget elementor-widget-text-editor\" data-id=\"3ec27b9\" data-element_type=\"widget\" data-widget_type=\"text-editor.default\">\n\t\t\t\t<div class=\"elementor-widget-container\">\n\t\t\t\t\t\t\t\t\t<h3 class=\"mbr-section-title mbr-fonts-style mb-3 display-5\"><strong>Mucha gente vive sola<\/strong><\/h3><p class=\"mbr-text mbr-fonts-style display-7\">Un n\u00famero importante de holandeses optan por vivir solos por diversos motivos. Aqu\u00ed hay algunas explicaciones comunes:<br \/><br \/><strong>Falleci\u00f3 el socio:<\/strong>\u00a0En el caso de las personas mayores, vivir solo se produce muchas veces porque su pareja ha fallecido y se encuentran sin compa\u00f1\u00eda.<br \/><br \/><strong>Divorcio<\/strong>: El divorcio es otra raz\u00f3n frecuente para vivir solo. De hecho, aproximadamente uno de cada tres matrimonios en los Pa\u00edses Bajos termina en divorcio, lo que lleva a muchas personas a establecer sus propios hogares.<br \/><br \/><strong>Gente joven:\u00a0<\/strong>Los j\u00f3venes suelen optar por vivir solos mientras emprenden su viaje hacia la independencia. Por lo general, las parejas empiezan a vivir juntas cuando no est\u00e1n casadas.\u00a0<br \/><br \/><strong>Vivir juntos separados:\u00a0<\/strong>Curiosamente, algunas personas tienen una relaci\u00f3n pero a\u00fan as\u00ed eligen vivir solas. Esta decisi\u00f3n puede surgir debido a preferencias personales, el deseo de espacio personal u otros factores espec\u00edficos de sus circunstancias.<\/p>\t\t\t\t\t\t\t\t<\/div>\n\t\t\t\t<\/div>\n\t\t\t\t\t<\/div>\n\t\t<\/div>\n\t\t\t\t\t<\/div>\n\t\t<\/section>\n\t\t\t\t<section class=\"elementor-section elementor-top-section elementor-element elementor-element-24cf9fa elementor-reverse-tablet elementor-reverse-mobile elementor-section-boxed elementor-section-height-default elementor-section-height-default\" data-id=\"24cf9fa\" data-element_type=\"section\">\n\t\t\t\t\t\t<div class=\"elementor-container elementor-column-gap-default\">\n\t\t\t\t\t<div class=\"elementor-column elementor-col-50 elementor-top-column elementor-element elementor-element-2c54c47\" data-id=\"2c54c47\" data-element_type=\"column\">\n\t\t\t<div class=\"elementor-widget-wrap elementor-element-populated\">\n\t\t\t\t\t\t<div class=\"elementor-element elementor-element-1830e68 elementor-widget elementor-widget-text-editor\" data-id=\"1830e68\" data-element_type=\"widget\" data-widget_type=\"text-editor.default\">\n\t\t\t\t<div class=\"elementor-widget-container\">\n\t\t\t\t\t\t\t\t\t<h3 class=\"mbr-section-title mbr-fonts-style mb-3 display-5\"><strong>Familia<\/strong><\/h3><p class=\"mbr-text mbr-fonts-style display-7\">La familia es una parte integral de la sociedad holandesa, y m\u00e1s de la mitad de la poblaci\u00f3n forma parte de una unidad familiar. Sin embargo, hay varios hechos importantes que hay que tener en cuenta:<br \/><br \/><strong>Tama\u00f1o de la familia:<\/strong>\u00a0En promedio, una familia holandesa est\u00e1 compuesta por 1 o 2 hijos, lo que indica que las familias tienden a tener menos de dos hijos.\u00a0<br \/><br \/><strong>Divorcio y nuevo matrimonio:\u00a0<\/strong>El divorcio es algo com\u00fan en los Pa\u00edses Bajos y no es raro que las personas se divorcien y posteriormente se casen con otra persona. t<br \/><br \/><strong>Familias monoparentales:<\/strong>\u00a0El pa\u00eds tambi\u00e9n tiene un n\u00famero importante de familias monoparentales, principalmente debido a divorcios. Estas familias est\u00e1n formadas por uno de los padres (padre o madre) que cr\u00eda a los ni\u00f1os.<br \/><br \/><strong>Selecci\u00f3n de socios:\u00a0<\/strong>Los holandeses tienen la libertad de elegir sus propias parejas. En la sociedad contempor\u00e1nea, muchas personas dependen de Internet y de los sitios de citas para conocer parejas potenciales, lo que ampl\u00eda el abanico de posibilidades para encontrar relaciones rom\u00e1nticas.<br \/><br \/><strong>Experiencias sexuales:\u00a0<\/strong>De media, los j\u00f3venes holandeses tienen su primera experiencia sexual entre los 16 y 17 a\u00f1os. Esto indica un inicio relativamente temprano de la actividad sexual en comparaci\u00f3n con otros pa\u00edses. Vale la pena se\u00f1alar que la edad a la que las personas participan en actividades sexuales puede variar ampliamente entre diferentes personas. El sexo antes del matrimonio es ampliamente aceptado.<br \/><br \/><strong>Educaci\u00f3n sexual:<\/strong>\u00a0En los Pa\u00edses Bajos, muchos padres entablan conversaciones abiertas sobre sexo con sus hijos cuando llegan a la pubertad, normalmente entre los 12 y los 18 a\u00f1os. Adem\u00e1s, en las escuelas se brinda educaci\u00f3n sexual integral, abarcando temas como cambios f\u00edsicos en ni\u00f1os y ni\u00f1as e informaci\u00f3n sobre sexo.\u00a0<\/p>\t\t\t\t\t\t\t\t<\/div>\n\t\t\t\t<\/div>\n\t\t\t\t\t<\/div>\n\t\t<\/div>\n\t\t\t\t<div class=\"elementor-column elementor-col-50 elementor-top-column elementor-element elementor-element-b1caf59\" data-id=\"b1caf59\" data-element_type=\"column\">\n\t\t\t<div class=\"elementor-widget-wrap elementor-element-populated\">\n\t\t\t\t\t\t<div class=\"elementor-element elementor-element-6484c7e elementor-widget elementor-widget-image\" data-id=\"6484c7e\" data-element_type=\"widget\" data-widget_type=\"image.default\">\n\t\t\t\t<div class=\"elementor-widget-container\">\n\t\t\t\t\t\t\t\t\t\t\t\t\t\t\t<img decoding=\"async\" width=\"791\" height=\"863\" src=\"https:\/\/mijn-lo.nl\/wp-content\/uploads\/2024\/02\/family2-791x863-1.webp\" class=\"attachment-large size-large wp-image-4781\" alt=\"\" srcset=\"https:\/\/mijn-lo.nl\/wp-content\/uploads\/2024\/02\/family2-791x863-1.webp 791w, https:\/\/mijn-lo.nl\/wp-content\/uploads\/2024\/02\/family2-791x863-1-275x300.webp 275w, https:\/\/mijn-lo.nl\/wp-content\/uploads\/2024\/02\/family2-791x863-1-768x838.webp 768w, https:\/\/mijn-lo.nl\/wp-content\/uploads\/2024\/02\/family2-791x863-1-11x12.webp 11w, https:\/\/mijn-lo.nl\/wp-content\/uploads\/2024\/02\/family2-791x863-1-22x24.webp 22w, https:\/\/mijn-lo.nl\/wp-content\/uploads\/2024\/02\/family2-791x863-1-33x36.webp 33w, https:\/\/mijn-lo.nl\/wp-content\/uploads\/2024\/02\/family2-791x863-1-44x48.webp 44w\" sizes=\"(max-width: 791px) 100vw, 791px\" \/>\t\t\t\t\t\t\t\t\t\t\t\t\t\t\t<\/div>\n\t\t\t\t<\/div>\n\t\t\t\t<div class=\"elementor-element elementor-element-7254094 elementor-widget elementor-widget-text-editor\" data-id=\"7254094\" data-element_type=\"widget\" data-widget_type=\"text-editor.default\">\n\t\t\t\t<div class=\"elementor-widget-container\">\n\t\t\t\t\t\t\t\t\t<p style=\"text-align: center;\">Familia<\/p>\t\t\t\t\t\t\t\t<\/div>\n\t\t\t\t<\/div>\n\t\t\t\t\t<\/div>\n\t\t<\/div>\n\t\t\t\t\t<\/div>\n\t\t<\/section>\n\t\t\t\t<section class=\"elementor-section elementor-top-section elementor-element elementor-element-9b5fa28 elementor-section-boxed elementor-section-height-default elementor-section-height-default\" data-id=\"9b5fa28\" data-element_type=\"section\">\n\t\t\t\t\t\t<div class=\"elementor-container elementor-column-gap-default\">\n\t\t\t\t\t<div class=\"elementor-column elementor-col-100 elementor-top-column elementor-element elementor-element-5d372b1\" data-id=\"5d372b1\" data-element_type=\"column\">\n\t\t\t<div class=\"elementor-widget-wrap elementor-element-populated\">\n\t\t\t\t\t\t<div class=\"elementor-element elementor-element-6371b14 elementor-widget elementor-widget-text-editor\" data-id=\"6371b14\" data-element_type=\"widget\" data-widget_type=\"text-editor.default\">\n\t\t\t\t<div class=\"elementor-widget-container\">\n\t\t\t\t\t\t\t\t\t<h3 class=\"mbr-section-title mbr-fonts-style mb-3 display-5\"><strong>\u00bfEst\u00e1s casado o no est\u00e1s casado?<\/strong><\/h3><p class=\"mbr-text mbr-fonts-style display-7\">\u201cBurgerlijke staat\u201d es un t\u00e9rmino en los Pa\u00edses Bajos que se refiere al estado civil o estado civil de una persona. Indica si una persona es soltera, casada, en uni\u00f3n registrada, divorciada, viuda o tiene otro estatus legalmente aceptado. El t\u00e9rmino se utiliza en documentos oficiales para recopilar informaci\u00f3n sobre el estado civil de una persona.<br \/><br \/><strong>Ejemplos<\/strong><br \/><br \/><strong>Ongehuwd\/Alleenstaand:\u00a0<\/strong>Soltero\/soltero: se refiere a personas que nunca han estado casadas o que actualmente no est\u00e1n en una sociedad legalmente reconocida.<br \/><br \/><strong>Gehuwd\/Getrouwd:<\/strong>\u00a0Casado: esto indica que una persona est\u00e1 legalmente casada con su c\u00f3nyuge.<br \/><br \/><strong>Socios registrados:<\/strong>\u00a0Pareja registrada: esta categor\u00eda se aplica a parejas que han elegido formar una sociedad legalmente reconocida similar al matrimonio, pero sin una ceremonia de boda formal.<br \/><br \/><strong>Indicaciones:<\/strong>\u00a0Divorciados: se refiere a personas que han terminado legalmente su matrimonio mediante divorcio.<br \/><br \/><strong>Weduwe\/Weduwnaar:<\/strong>\u00a0Viuda\/Viudo: esta categor\u00eda se aplica a personas cuyo c\u00f3nyuge ha fallecido.<br \/><br \/>Estas categor\u00edas se utilizan en documentos oficiales como tarjetas de identificaci\u00f3n, pasaportes y formularios legales para proporcionar informaci\u00f3n sobre el \u201cburgerlijke staat\u201d o estado civil actual de una persona.<\/p>\t\t\t\t\t\t\t\t<\/div>\n\t\t\t\t<\/div>\n\t\t\t\t\t<\/div>\n\t\t<\/div>\n\t\t\t\t\t<\/div>\n\t\t<\/section>\n\t\t\t\t<section class=\"elementor-section elementor-top-section elementor-element elementor-element-27f1b0b elementor-section-boxed elementor-section-height-default elementor-section-height-default\" data-id=\"27f1b0b\" data-element_type=\"section\">\n\t\t\t\t\t\t<div class=\"elementor-container elementor-column-gap-default\">\n\t\t\t\t\t<div class=\"elementor-column elementor-col-50 elementor-top-column elementor-element elementor-element-618028c\" data-id=\"618028c\" data-element_type=\"column\">\n\t\t\t<div class=\"elementor-widget-wrap elementor-element-populated\">\n\t\t\t\t\t\t<div class=\"elementor-element elementor-element-438cd57 elementor-widget elementor-widget-image\" data-id=\"438cd57\" data-element_type=\"widget\" data-widget_type=\"image.default\">\n\t\t\t\t<div class=\"elementor-widget-container\">\n\t\t\t\t\t\t\t\t\t\t\t\t\t\t\t<img loading=\"lazy\" decoding=\"async\" width=\"730\" height=\"532\" src=\"https:\/\/mijn-lo.nl\/wp-content\/uploads\/2024\/02\/burgerlijkestatus-730x532-1.jpg\" class=\"attachment-large size-large wp-image-4782\" alt=\"\" srcset=\"https:\/\/mijn-lo.nl\/wp-content\/uploads\/2024\/02\/burgerlijkestatus-730x532-1.jpg 730w, https:\/\/mijn-lo.nl\/wp-content\/uploads\/2024\/02\/burgerlijkestatus-730x532-1-300x219.jpg 300w, https:\/\/mijn-lo.nl\/wp-content\/uploads\/2024\/02\/burgerlijkestatus-730x532-1-16x12.jpg 16w, https:\/\/mijn-lo.nl\/wp-content\/uploads\/2024\/02\/burgerlijkestatus-730x532-1-24x17.jpg 24w, https:\/\/mijn-lo.nl\/wp-content\/uploads\/2024\/02\/burgerlijkestatus-730x532-1-36x26.jpg 36w, https:\/\/mijn-lo.nl\/wp-content\/uploads\/2024\/02\/burgerlijkestatus-730x532-1-48x35.jpg 48w\" sizes=\"(max-width: 730px) 100vw, 730px\" \/>\t\t\t\t\t\t\t\t\t\t\t\t\t\t\t<\/div>\n\t\t\t\t<\/div>\n\t\t\t\t\t<\/div>\n\t\t<\/div>\n\t\t\t\t<div class=\"elementor-column elementor-col-50 elementor-top-column elementor-element elementor-element-d41e83a\" data-id=\"d41e83a\" data-element_type=\"column\">\n\t\t\t<div class=\"elementor-widget-wrap elementor-element-populated\">\n\t\t\t\t\t\t<div class=\"elementor-element elementor-element-37bb06c elementor-widget__width-initial elementor-widget elementor-widget-text-editor\" data-id=\"37bb06c\" data-element_type=\"widget\" data-widget_type=\"text-editor.default\">\n\t\t\t\t<div class=\"elementor-widget-container\">\n\t\t\t\t\t\t\t\t\t<p>\u00a0<\/p><p>1. Estado civil<\/p><p>2 Nombre: Karel Appel<\/p><p>3 G\u00e9nero: masculino<\/p><p>4 Nacido el: 12 de febrero de 1988<\/p><p>5 Lugar de nacimiento: \u00c1msterdam<\/p><p>6 Casado\/soltero\/pareja\/soltero: casado<\/p><p>7 Lugar de residencia: Eindhoven<\/p><p>8 Direcci\u00f3n: Heuvelplein 8<\/p><p>9 C\u00f3digo Postal: 5643 JG<\/p>\t\t\t\t\t\t\t\t<\/div>\n\t\t\t\t<\/div>\n\t\t\t\t\t<\/div>\n\t\t<\/div>\n\t\t\t\t\t<\/div>\n\t\t<\/section>\n\t\t\t\t<section class=\"elementor-section elementor-top-section elementor-element elementor-element-3a3011f1 elementor-section-boxed elementor-section-height-default elementor-section-height-default\" data-id=\"3a3011f1\" data-element_type=\"section\">\n\t\t\t\t\t\t<div class=\"elementor-container elementor-column-gap-default\">\n\t\t\t\t\t<div class=\"elementor-column elementor-col-100 elementor-top-column elementor-element elementor-element-4ccefaa5\" data-id=\"4ccefaa5\" data-element_type=\"column\">\n\t\t\t<div class=\"elementor-widget-wrap elementor-element-populated\">\n\t\t\t\t\t\t<div class=\"elementor-element elementor-element-5d53655a elementor-align-center elementor-widget elementor-widget-button\" data-id=\"5d53655a\" data-element_type=\"widget\" data-widget_type=\"button.default\">\n\t\t\t\t<div class=\"elementor-widget-container\">\n\t\t\t\t\t\t\t\t\t<div class=\"elementor-button-wrapper\">\n\t\t\t\t\t<a class=\"elementor-button elementor-button-link elementor-size-sm\" href=\"https:\/\/mijn-lo.nl\/es\/living-together\/learn-words-and-expressions\/\">\n\t\t\t\t\t\t<span class=\"elementor-button-content-wrapper\">\n\t\t\t\t\t\t\t\t\t<span class=\"elementor-button-text\">continuar<\/span>\n\t\t\t\t\t<\/span>\n\t\t\t\t\t<\/a>\n\t\t\t\t<\/div>\n\t\t\t\t\t\t\t\t<\/div>\n\t\t\t\t<\/div>\n\t\t\t\t\t<\/div>\n\t\t<\/div>\n\t\t\t\t\t<\/div>\n\t\t<\/section>\n\t\t\t\t<\/div>","protected":false},"excerpt":{"rendered":"<p>LIVING TOGETHER Many people live alone Many people live alone A significant number of Dutch people choose to live alone for various reasons. Here are some common explanations: Partner passed away:\u00a0In the case of older individuals, living alone often occurs because their partner has passed away, and they find themselves without a companion. Divorce: Divorce [&hellip;]<\/p>\n","protected":false},"author":1,"featured_media":0,"parent":3365,"menu_order":1,"comment_status":"closed","ping_status":"closed","template":"elementor_canvas","meta":{"site-sidebar-layout":"no-sidebar","site-content-layout":"page-builder","ast-site-content-layout":"full-width-container","site-content-style":"default","site-sidebar-style":"default","ast-global-header-display":"","ast-banner-title-visibility":"","ast-main-header-display":"","ast-hfb-above-header-display":"","ast-hfb-below-header-display":"","ast-hfb-mobile-header-display":"","site-post-title":"disabled","ast-breadcrumbs-content":"","ast-featured-img":"disabled","footer-sml-layout":"","theme-transparent-header-meta":"","adv-header-id-meta":"","stick-header-meta":"","header-above-stick-meta":"","header-main-stick-meta":"","header-below-stick-meta":"","astra-migrate-meta-layouts":"set","ast-page-background-enabled":"default","ast-page-background-meta":{"desktop":{"background-color":"var(--ast-global-color-4)","background-image":"","background-repeat":"repeat","background-position":"center center","background-size":"auto","background-attachment":"scroll","background-type":"","background-media":"","overlay-type":"","overlay-color":"","overlay-opacity":"","overlay-gradient":""},"tablet":{"background-color":"","background-image":"","background-repeat":"repeat","background-position":"center center","background-size":"auto","background-attachment":"scroll","background-type":"","background-media":"","overlay-type":"","overlay-color":"","overlay-opacity":"","overlay-gradient":""},"mobile":{"background-color":"","background-image":"","background-repeat":"repeat","background-position":"center center","background-size":"auto","background-attachment":"scroll","background-type":"","background-media":"","overlay-type":"","overlay-color":"","overlay-opacity":"","overlay-gradient":""}},"ast-content-background-meta":{"desktop":{"background-color":"var(--ast-global-color-5)","background-image":"","background-repeat":"repeat","background-position":"center center","background-size":"auto","background-attachment":"scroll","background-type":"","background-media":"","overlay-type":"","overlay-color":"","overlay-opacity":"","overlay-gradient":""},"tablet":{"background-color":"var(--ast-global-color-5)","background-image":"","background-repeat":"repeat","background-position":"center center","background-size":"auto","background-attachment":"scroll","background-type":"","background-media":"","overlay-type":"","overlay-color":"","overlay-opacity":"","overlay-gradient":""},"mobile":{"background-color":"var(--ast-global-color-5)","background-image":"","background-repeat":"repeat","background-position":"center center","background-size":"auto","background-attachment":"scroll","background-type":"","background-media":"","overlay-type":"","overlay-color":"","overlay-opacity":"","overlay-gradient":""}},"footnotes":""},"class_list":["post-4777","page","type-page","status-publish","hentry"],"_links":{"self":[{"href":"https:\/\/mijn-lo.nl\/es\/wp-json\/wp\/v2\/pages\/4777","targetHints":{"allow":["GET"]}}],"collection":[{"href":"https:\/\/mijn-lo.nl\/es\/wp-json\/wp\/v2\/pages"}],"about":[{"href":"https:\/\/mijn-lo.nl\/es\/wp-json\/wp\/v2\/types\/page"}],"author":[{"embeddable":true,"href":"https:\/\/mijn-lo.nl\/es\/wp-json\/wp\/v2\/users\/1"}],"replies":[{"embeddable":true,"href":"https:\/\/mijn-lo.nl\/es\/wp-json\/wp\/v2\/comments?post=4777"}],"version-history":[{"count":19,"href":"https:\/\/mijn-lo.nl\/es\/wp-json\/wp\/v2\/pages\/4777\/revisions"}],"predecessor-version":[{"id":6334,"href":"https:\/\/mijn-lo.nl\/es\/wp-json\/wp\/v2\/pages\/4777\/revisions\/6334"}],"up":[{"embeddable":true,"href":"https:\/\/mijn-lo.nl\/es\/wp-json\/wp\/v2\/pages\/3365"}],"wp:attachment":[{"href":"https:\/\/mijn-lo.nl\/es\/wp-json\/wp\/v2\/media?parent=4777"}],"curies":[{"name":"wp","href":"https:\/\/api.w.org\/{rel}","templated":true}]}}