{"id":4920,"date":"2024-02-09T15:53:53","date_gmt":"2024-02-09T15:53:53","guid":{"rendered":"http:\/\/mijn-lo.nl\/?page_id=4920"},"modified":"2025-08-19T17:44:18","modified_gmt":"2025-08-19T17:44:18","slug":"golden-age","status":"publish","type":"page","link":"https:\/\/mijn-lo.nl\/es\/history\/golden-age\/","title":{"rendered":"edad de oro"},"content":{"rendered":"<div data-elementor-type=\"wp-page\" data-elementor-id=\"4920\" class=\"elementor elementor-4920\" data-elementor-post-type=\"page\">\n\t\t\t\t\t\t<section class=\"elementor-section elementor-top-section elementor-element elementor-element-f3da63f elementor-reverse-tablet elementor-reverse-mobile elementor-section-boxed elementor-section-height-default elementor-section-height-default\" data-id=\"f3da63f\" data-element_type=\"section\">\n\t\t\t\t\t\t<div class=\"elementor-container elementor-column-gap-default\">\n\t\t\t\t\t<div class=\"elementor-column elementor-col-50 elementor-top-column elementor-element elementor-element-02860a7\" data-id=\"02860a7\" data-element_type=\"column\">\n\t\t\t<div class=\"elementor-widget-wrap elementor-element-populated\">\n\t\t\t\t\t\t<div class=\"elementor-element elementor-element-c1d4860 elementor-widget elementor-widget-text-editor\" data-id=\"c1d4860\" data-element_type=\"widget\" data-widget_type=\"text-editor.default\">\n\t\t\t\t<div class=\"elementor-widget-container\">\n\t\t\t\t\t\t\t\t\t<h3 class=\"mbr-section-title mbr-fonts-style mb-3 display-5\"><strong>edad de oro<\/strong><\/h3><p class=\"mbr-text mbr-fonts-style display-7\"><strong>El periodo<br \/><\/strong>El periodo comprendido entre 1600 y 1700 se denomina la edad de oro. A Holanda le va muy bien. Esto se deb\u00eda principalmente al comercio en las colonias. La organizaci\u00f3n que regulaba este comercio se llamaba VOC. T<br \/><br \/><strong>COV<br \/><\/strong>1602 - Creaci\u00f3n de la Compa\u00f1\u00eda Holandesa de las Indias Orientales (VOC): La VOC se estableci\u00f3 como la primera corporaci\u00f3n multinacional del mundo, que desempe\u00f1\u00f3 un papel crucial en la exploraci\u00f3n, el comercio y la colonizaci\u00f3n holandesa en Asia. Se comerciaba con especias, pero tambi\u00e9n con esclavos.<br \/><br \/><strong>Efectos de la Edad de Oro<br \/><\/strong>El hecho de que las cosas fueran bien en aquella \u00e9poca se puede ver, por ejemplo, en las hermosas casas a lo largo de los canales de \u00c1msterdam. Tambi\u00e9n vemos esas\u00a0<strong>hermosas casas en otras ciudades antiguas<\/strong>\u00a0en el Randstad. Durante esta \u00e9poca, tambi\u00e9n estuvieron activos artistas que m\u00e1s tarde se har\u00edan mundialmente famosos, como\u00a0<strong>Rembrandt<\/strong>. Su cuadro m\u00e1s famoso es \"La ronda de noche\", que puede verse en el Rijksmuseum de \u00c1msterdam.<br \/><br \/><br \/><strong>Un v\u00eddeo interesante<br \/><\/strong>El siguiente v\u00eddeo es s\u00f3lo ilustrativo. As\u00ed que m\u00edralo si te interesa. Muestra el gran periodo de \"la Edad de Oro\", y c\u00f3mo Holanda logr\u00f3 convertirse en una potencia mundial.<br \/>Mediante la rueda dentada puede adaptar el subtitulado.<\/p>\t\t\t\t\t\t\t\t<\/div>\n\t\t\t\t<\/div>\n\t\t\t\t\t<\/div>\n\t\t<\/div>\n\t\t\t\t<div class=\"elementor-column elementor-col-50 elementor-top-column elementor-element elementor-element-fc1ff83\" data-id=\"fc1ff83\" data-element_type=\"column\">\n\t\t\t<div class=\"elementor-widget-wrap elementor-element-populated\">\n\t\t\t\t\t\t<div class=\"elementor-element elementor-element-c64e3d9 elementor-widget elementor-widget-image\" data-id=\"c64e3d9\" data-element_type=\"widget\" data-widget_type=\"image.default\">\n\t\t\t\t<div class=\"elementor-widget-container\">\n\t\t\t\t\t\t\t\t\t\t\t\t\t\t\t<img fetchpriority=\"high\" decoding=\"async\" width=\"529\" height=\"434\" src=\"https:\/\/mijn-lo.nl\/wp-content\/uploads\/2024\/02\/nachtwacht2-529x434-1.webp\" class=\"attachment-large size-large wp-image-4871\" alt=\"\" srcset=\"https:\/\/mijn-lo.nl\/wp-content\/uploads\/2024\/02\/nachtwacht2-529x434-1.webp 529w, https:\/\/mijn-lo.nl\/wp-content\/uploads\/2024\/02\/nachtwacht2-529x434-1-300x246.webp 300w, https:\/\/mijn-lo.nl\/wp-content\/uploads\/2024\/02\/nachtwacht2-529x434-1-15x12.webp 15w, https:\/\/mijn-lo.nl\/wp-content\/uploads\/2024\/02\/nachtwacht2-529x434-1-24x20.webp 24w, https:\/\/mijn-lo.nl\/wp-content\/uploads\/2024\/02\/nachtwacht2-529x434-1-36x30.webp 36w, https:\/\/mijn-lo.nl\/wp-content\/uploads\/2024\/02\/nachtwacht2-529x434-1-48x39.webp 48w\" sizes=\"(max-width: 529px) 100vw, 529px\" \/>\t\t\t\t\t\t\t\t\t\t\t\t\t\t\t<\/div>\n\t\t\t\t<\/div>\n\t\t\t\t<div class=\"elementor-element elementor-element-d2fdbf6 elementor-widget elementor-widget-text-editor\" data-id=\"d2fdbf6\" data-element_type=\"widget\" data-widget_type=\"text-editor.default\">\n\t\t\t\t<div class=\"elementor-widget-container\">\n\t\t\t\t\t\t\t\t\t<p style=\"text-align: center;\">Vigilia nocturna (Rembrandt)<\/p>\t\t\t\t\t\t\t\t<\/div>\n\t\t\t\t<\/div>\n\t\t\t\t\t<\/div>\n\t\t<\/div>\n\t\t\t\t\t<\/div>\n\t\t<\/section>\n\t\t\t\t<section class=\"elementor-section elementor-top-section elementor-element elementor-element-0fbf82c elementor-section-boxed elementor-section-height-default elementor-section-height-default\" data-id=\"0fbf82c\" data-element_type=\"section\">\n\t\t\t\t\t\t<div class=\"elementor-container elementor-column-gap-default\">\n\t\t\t\t\t<div class=\"elementor-column elementor-col-100 elementor-top-column elementor-element elementor-element-da48bf1\" data-id=\"da48bf1\" data-element_type=\"column\">\n\t\t\t<div class=\"elementor-widget-wrap elementor-element-populated\">\n\t\t\t\t\t\t<div class=\"elementor-element elementor-element-7fa867a elementor-widget elementor-widget-video\" data-id=\"7fa867a\" data-element_type=\"widget\" data-settings=\"{&quot;youtube_url&quot;:&quot;https:\\\/\\\/youtu.be\\\/ewCs5CF5HEg&quot;,&quot;video_type&quot;:&quot;youtube&quot;,&quot;controls&quot;:&quot;yes&quot;}\" data-widget_type=\"video.default\">\n\t\t\t\t<div class=\"elementor-widget-container\">\n\t\t\t\t\t\t\t<div class=\"elementor-wrapper elementor-open-inline\">\n\t\t\t<div class=\"elementor-video\"><\/div>\t\t<\/div>\n\t\t\t\t\t\t<\/div>\n\t\t\t\t<\/div>\n\t\t\t\t\t<\/div>\n\t\t<\/div>\n\t\t\t\t\t<\/div>\n\t\t<\/section>\n\t\t\t\t<section class=\"elementor-section elementor-top-section elementor-element elementor-element-21c66c4 elementor-section-boxed elementor-section-height-default elementor-section-height-default\" data-id=\"21c66c4\" data-element_type=\"section\">\n\t\t\t\t\t\t<div class=\"elementor-container elementor-column-gap-default\">\n\t\t\t\t\t<div class=\"elementor-column elementor-col-50 elementor-top-column elementor-element elementor-element-60e1a44\" data-id=\"60e1a44\" data-element_type=\"column\">\n\t\t\t<div class=\"elementor-widget-wrap elementor-element-populated\">\n\t\t\t\t\t\t<div class=\"elementor-element elementor-element-f6c5e96 elementor-widget elementor-widget-image\" data-id=\"f6c5e96\" data-element_type=\"widget\" data-widget_type=\"image.default\">\n\t\t\t\t<div class=\"elementor-widget-container\">\n\t\t\t\t\t\t\t\t\t\t\t\t\t\t\t<img decoding=\"async\" width=\"780\" height=\"439\" src=\"https:\/\/mijn-lo.nl\/wp-content\/uploads\/2024\/02\/opkomst-textiel-780x439-1.webp\" class=\"attachment-large size-large wp-image-4872\" alt=\"\" srcset=\"https:\/\/mijn-lo.nl\/wp-content\/uploads\/2024\/02\/opkomst-textiel-780x439-1.webp 780w, https:\/\/mijn-lo.nl\/wp-content\/uploads\/2024\/02\/opkomst-textiel-780x439-1-300x169.webp 300w, https:\/\/mijn-lo.nl\/wp-content\/uploads\/2024\/02\/opkomst-textiel-780x439-1-768x432.webp 768w, https:\/\/mijn-lo.nl\/wp-content\/uploads\/2024\/02\/opkomst-textiel-780x439-1-18x10.webp 18w, https:\/\/mijn-lo.nl\/wp-content\/uploads\/2024\/02\/opkomst-textiel-780x439-1-24x14.webp 24w, https:\/\/mijn-lo.nl\/wp-content\/uploads\/2024\/02\/opkomst-textiel-780x439-1-36x20.webp 36w, https:\/\/mijn-lo.nl\/wp-content\/uploads\/2024\/02\/opkomst-textiel-780x439-1-48x27.webp 48w\" sizes=\"(max-width: 780px) 100vw, 780px\" \/>\t\t\t\t\t\t\t\t\t\t\t\t\t\t\t<\/div>\n\t\t\t\t<\/div>\n\t\t\t\t<div class=\"elementor-element elementor-element-04aff24 elementor-widget elementor-widget-text-editor\" data-id=\"04aff24\" data-element_type=\"widget\" data-widget_type=\"text-editor.default\">\n\t\t\t\t<div class=\"elementor-widget-container\">\n\t\t\t\t\t\t\t\t\t<p style=\"text-align: center;\">Surgen industrias... la gente se muda del campo<\/p>\t\t\t\t\t\t\t\t<\/div>\n\t\t\t\t<\/div>\n\t\t\t\t\t<\/div>\n\t\t<\/div>\n\t\t\t\t<div class=\"elementor-column elementor-col-50 elementor-top-column elementor-element elementor-element-e531f2e\" data-id=\"e531f2e\" data-element_type=\"column\">\n\t\t\t<div class=\"elementor-widget-wrap elementor-element-populated\">\n\t\t\t\t\t\t<div class=\"elementor-element elementor-element-cb7b0bb elementor-widget elementor-widget-text-editor\" data-id=\"cb7b0bb\" data-element_type=\"widget\" data-widget_type=\"text-editor.default\">\n\t\t\t\t<div class=\"elementor-widget-container\">\n\t\t\t\t\t\t\t\t\t<h3 class=\"mbr-section-title mbr-fonts-style mb-3 display-5\"><strong>Per\u00edodo 1700 - 1900<\/strong><\/h3><div><strong>\u00a0<\/strong><\/div><p class=\"mbr-text mbr-fonts-style display-7\">Durante el siglo XVIII, la Rep\u00fablica Holandesa experiment\u00f3 un periodo de crecimiento econ\u00f3mico y prosperidad, impulsado por su pr\u00f3spero comercio y sus industrias mar\u00edtimas. Sin embargo, este periodo tambi\u00e9n estuvo marcado por las disputas pol\u00edticas internas y los levantamientos, incluida la Revoluci\u00f3n Patriota de finales de la d\u00e9cada de 1780.<br \/><br \/>En 1814, Holanda aprob\u00f3 la constituci\u00f3n, una ley b\u00e1sica que describe los principios a los que debe atenerse un pa\u00eds. Por ejemplo, en la constituci\u00f3n encontramos art\u00edculos que describen que:<br \/>- todos somos iguales<br \/>- hay libertad religiosa<br \/>Esa constituci\u00f3n se modific\u00f3 m\u00e1s tarde: el rey fue despojado de todo poder y los Pa\u00edses Bajos se convirtieron en una aut\u00e9ntica democracia.<br \/><br \/>Se observan cambios importantes sobre todo en el periodo posterior a 1850. Surgen industrias textiles y mucha gente se traslada del campo a las f\u00e1bricas. Hab\u00eda mucha pobreza.<\/p>\t\t\t\t\t\t\t\t<\/div>\n\t\t\t\t<\/div>\n\t\t\t\t\t<\/div>\n\t\t<\/div>\n\t\t\t\t\t<\/div>\n\t\t<\/section>\n\t\t\t\t<section class=\"elementor-section elementor-top-section elementor-element elementor-element-311e16a elementor-reverse-tablet elementor-reverse-mobile elementor-section-boxed elementor-section-height-default elementor-section-height-default\" data-id=\"311e16a\" data-element_type=\"section\">\n\t\t\t\t\t\t<div class=\"elementor-container elementor-column-gap-default\">\n\t\t\t\t\t<div class=\"elementor-column elementor-col-50 elementor-top-column elementor-element elementor-element-092da81\" data-id=\"092da81\" data-element_type=\"column\">\n\t\t\t<div class=\"elementor-widget-wrap elementor-element-populated\">\n\t\t\t\t\t\t<div class=\"elementor-element elementor-element-7789889 elementor-widget elementor-widget-text-editor\" data-id=\"7789889\" data-element_type=\"widget\" data-widget_type=\"text-editor.default\">\n\t\t\t\t<div class=\"elementor-widget-container\">\n\t\t\t\t\t\t\t\t\t<h3 class=\"mbr-section-title mbr-fonts-style mb-0 display-2\"><strong>Despu\u00e9s de 1900<\/strong><\/h3><p class=\"mbr-section-title mbr-fonts-style mb-3 display-5\">La influencia de la democracia es cada vez m\u00e1s evidente. Habr\u00e1 leyes para proteger a los trabajadores.<\/p><p><strong>Primera Guerra Mundial<br \/><\/strong>En 1914 estalla la primera guerra mundial. Alemania ataca muchos pa\u00edses de Europa. Holanda permanece imparcial. En B\u00e9lgica hay muchas bajas.<\/p><p><strong>Crisis<br \/><\/strong><\/p><p class=\"mbr-section-title mbr-fonts-style mb-3 display-5\">Hacia 1930 la econom\u00eda iba muy mal en todo el mundo. Las f\u00e1bricas tuvieron que cerrar y mucha gente se ech\u00f3 a la calle. Es una \u00e9poca de gran pobreza y malas condiciones.<\/p>\t\t\t\t\t\t\t\t<\/div>\n\t\t\t\t<\/div>\n\t\t\t\t\t<\/div>\n\t\t<\/div>\n\t\t\t\t<div class=\"elementor-column elementor-col-50 elementor-top-column elementor-element elementor-element-b6b32b9\" data-id=\"b6b32b9\" data-element_type=\"column\">\n\t\t\t<div class=\"elementor-widget-wrap elementor-element-populated\">\n\t\t\t\t\t\t<div class=\"elementor-element elementor-element-2e5276e elementor-widget elementor-widget-video\" data-id=\"2e5276e\" data-element_type=\"widget\" data-settings=\"{&quot;video_type&quot;:&quot;vimeo&quot;}\" data-widget_type=\"video.default\">\n\t\t\t\t<div class=\"elementor-widget-container\">\n\t\t\t\t\t\t\t<div class=\"elementor-wrapper elementor-open-inline\">\n\t\t\t<iframe class=\"elementor-video-iframe\" allowfullscreen allow=\"clipboard-write\" title=\"Reproductor de v\u00eddeo vimeo\" src=\"https:\/\/player.vimeo.com\/video\/816834642?color&amp;autopause=0&amp;loop=0&amp;muted=0&amp;title=1&amp;portrait=1&amp;byline=1#t=\"><\/iframe>\t\t<\/div>\n\t\t\t\t\t\t<\/div>\n\t\t\t\t<\/div>\n\t\t\t\t<div class=\"elementor-element elementor-element-0ddf208 elementor-widget elementor-widget-text-editor\" data-id=\"0ddf208\" data-element_type=\"widget\" data-widget_type=\"text-editor.default\">\n\t\t\t\t<div class=\"elementor-widget-container\">\n\t\t\t\t\t\t\t\t\t<p style=\"text-align: center;\">Pobreza 1850 - 1930\u00a0<\/p>\t\t\t\t\t\t\t\t<\/div>\n\t\t\t\t<\/div>\n\t\t\t\t\t<\/div>\n\t\t<\/div>\n\t\t\t\t\t<\/div>\n\t\t<\/section>\n\t\t\t\t<section class=\"elementor-section elementor-top-section elementor-element elementor-element-2edcca1 elementor-section-boxed elementor-section-height-default elementor-section-height-default\" data-id=\"2edcca1\" data-element_type=\"section\">\n\t\t\t\t\t\t<div class=\"elementor-container elementor-column-gap-default\">\n\t\t\t\t\t<div class=\"elementor-column elementor-col-100 elementor-top-column elementor-element elementor-element-75349f87\" data-id=\"75349f87\" data-element_type=\"column\">\n\t\t\t<div class=\"elementor-widget-wrap elementor-element-populated\">\n\t\t\t\t\t\t<div class=\"elementor-element elementor-element-2d2d0e50 elementor-align-center elementor-widget elementor-widget-button\" data-id=\"2d2d0e50\" data-element_type=\"widget\" data-widget_type=\"button.default\">\n\t\t\t\t<div class=\"elementor-widget-container\">\n\t\t\t\t\t\t\t\t\t<div class=\"elementor-button-wrapper\">\n\t\t\t\t\t<a class=\"elementor-button elementor-button-link elementor-size-sm\" href=\"https:\/\/mijn-lo.nl\/es\/history\/world-war-2\/\">\n\t\t\t\t\t\t<span class=\"elementor-button-content-wrapper\">\n\t\t\t\t\t\t\t\t\t<span class=\"elementor-button-text\">continuar<\/span>\n\t\t\t\t\t<\/span>\n\t\t\t\t\t<\/a>\n\t\t\t\t<\/div>\n\t\t\t\t\t\t\t\t<\/div>\n\t\t\t\t<\/div>\n\t\t\t\t\t<\/div>\n\t\t<\/div>\n\t\t\t\t\t<\/div>\n\t\t<\/section>\n\t\t\t\t<\/div>","protected":false},"excerpt":{"rendered":"<p>Golden age The periodThe period from 1600 to 1700 is called the golden age. The Netherlands is doing very well. This was mainly due to trade in the colonies. The organization that regulated this trade was called VOC. T VOC1602 &#8211; Formation of the Dutch East India Company (VOC): The VOC was established as the [&hellip;]<\/p>\n","protected":false},"author":1,"featured_media":0,"parent":3258,"menu_order":2,"comment_status":"closed","ping_status":"closed","template":"elementor_canvas","meta":{"site-sidebar-layout":"no-sidebar","site-content-layout":"page-builder","ast-site-content-layout":"full-width-container","site-content-style":"default","site-sidebar-style":"default","ast-global-header-display":"","ast-banner-title-visibility":"","ast-main-header-display":"","ast-hfb-above-header-display":"","ast-hfb-below-header-display":"","ast-hfb-mobile-header-display":"","site-post-title":"disabled","ast-breadcrumbs-content":"","ast-featured-img":"disabled","footer-sml-layout":"","theme-transparent-header-meta":"","adv-header-id-meta":"","stick-header-meta":"","header-above-stick-meta":"","header-main-stick-meta":"","header-below-stick-meta":"","astra-migrate-meta-layouts":"set","ast-page-background-enabled":"default","ast-page-background-meta":{"desktop":{"background-color":"var(--ast-global-color-4)","background-image":"","background-repeat":"repeat","background-position":"center center","background-size":"auto","background-attachment":"scroll","background-type":"","background-media":"","overlay-type":"","overlay-color":"","overlay-opacity":"","overlay-gradient":""},"tablet":{"background-color":"","background-image":"","background-repeat":"repeat","background-position":"center center","background-size":"auto","background-attachment":"scroll","background-type":"","background-media":"","overlay-type":"","overlay-color":"","overlay-opacity":"","overlay-gradient":""},"mobile":{"background-color":"","background-image":"","background-repeat":"repeat","background-position":"center center","background-size":"auto","background-attachment":"scroll","background-type":"","background-media":"","overlay-type":"","overlay-color":"","overlay-opacity":"","overlay-gradient":""}},"ast-content-background-meta":{"desktop":{"background-color":"var(--ast-global-color-5)","background-image":"","background-repeat":"repeat","background-position":"center center","background-size":"auto","background-attachment":"scroll","background-type":"","background-media":"","overlay-type":"","overlay-color":"","overlay-opacity":"","overlay-gradient":""},"tablet":{"background-color":"var(--ast-global-color-5)","background-image":"","background-repeat":"repeat","background-position":"center center","background-size":"auto","background-attachment":"scroll","background-type":"","background-media":"","overlay-type":"","overlay-color":"","overlay-opacity":"","overlay-gradient":""},"mobile":{"background-color":"var(--ast-global-color-5)","background-image":"","background-repeat":"repeat","background-position":"center center","background-size":"auto","background-attachment":"scroll","background-type":"","background-media":"","overlay-type":"","overlay-color":"","overlay-opacity":"","overlay-gradient":""}},"footnotes":""},"class_list":["post-4920","page","type-page","status-publish","hentry"],"_links":{"self":[{"href":"https:\/\/mijn-lo.nl\/es\/wp-json\/wp\/v2\/pages\/4920","targetHints":{"allow":["GET"]}}],"collection":[{"href":"https:\/\/mijn-lo.nl\/es\/wp-json\/wp\/v2\/pages"}],"about":[{"href":"https:\/\/mijn-lo.nl\/es\/wp-json\/wp\/v2\/types\/page"}],"author":[{"embeddable":true,"href":"https:\/\/mijn-lo.nl\/es\/wp-json\/wp\/v2\/users\/1"}],"replies":[{"embeddable":true,"href":"https:\/\/mijn-lo.nl\/es\/wp-json\/wp\/v2\/comments?post=4920"}],"version-history":[{"count":10,"href":"https:\/\/mijn-lo.nl\/es\/wp-json\/wp\/v2\/pages\/4920\/revisions"}],"predecessor-version":[{"id":6352,"href":"https:\/\/mijn-lo.nl\/es\/wp-json\/wp\/v2\/pages\/4920\/revisions\/6352"}],"up":[{"embeddable":true,"href":"https:\/\/mijn-lo.nl\/es\/wp-json\/wp\/v2\/pages\/3258"}],"wp:attachment":[{"href":"https:\/\/mijn-lo.nl\/es\/wp-json\/wp\/v2\/media?parent=4920"}],"curies":[{"name":"wp","href":"https:\/\/api.w.org\/{rel}","templated":true}]}}