{"id":4922,"date":"2024-02-09T15:54:15","date_gmt":"2024-02-09T15:54:15","guid":{"rendered":"http:\/\/mijn-lo.nl\/?page_id=4922"},"modified":"2025-08-19T17:47:38","modified_gmt":"2025-08-19T17:47:38","slug":"world-war-2","status":"publish","type":"page","link":"https:\/\/mijn-lo.nl\/es\/history\/world-war-2\/","title":{"rendered":"Segunda Guerra Mundial"},"content":{"rendered":"<div data-elementor-type=\"wp-page\" data-elementor-id=\"4922\" class=\"elementor elementor-4922\" data-elementor-post-type=\"page\">\n\t\t\t\t\t\t<section class=\"elementor-section elementor-top-section elementor-element elementor-element-853250f elementor-section-boxed elementor-section-height-default elementor-section-height-default\" data-id=\"853250f\" data-element_type=\"section\">\n\t\t\t\t\t\t<div class=\"elementor-container elementor-column-gap-default\">\n\t\t\t\t\t<div class=\"elementor-column elementor-col-50 elementor-top-column elementor-element elementor-element-f947750\" data-id=\"f947750\" data-element_type=\"column\">\n\t\t\t<div class=\"elementor-widget-wrap elementor-element-populated\">\n\t\t\t\t\t\t<div class=\"elementor-element elementor-element-7bba9c0 elementor-widget elementor-widget-image\" data-id=\"7bba9c0\" data-element_type=\"widget\" data-widget_type=\"image.default\">\n\t\t\t\t<div class=\"elementor-widget-container\">\n\t\t\t\t\t\t\t\t\t\t\t\t\t\t\t<img fetchpriority=\"high\" decoding=\"async\" width=\"1024\" height=\"639\" src=\"https:\/\/mijn-lo.nl\/wp-content\/uploads\/2024\/02\/tank.jpg\" class=\"attachment-large size-large wp-image-4874\" alt=\"\" srcset=\"https:\/\/mijn-lo.nl\/wp-content\/uploads\/2024\/02\/tank.jpg 1024w, https:\/\/mijn-lo.nl\/wp-content\/uploads\/2024\/02\/tank-300x187.jpg 300w, https:\/\/mijn-lo.nl\/wp-content\/uploads\/2024\/02\/tank-768x479.jpg 768w, https:\/\/mijn-lo.nl\/wp-content\/uploads\/2024\/02\/tank-18x12.jpg 18w, https:\/\/mijn-lo.nl\/wp-content\/uploads\/2024\/02\/tank-24x15.jpg 24w, https:\/\/mijn-lo.nl\/wp-content\/uploads\/2024\/02\/tank-36x22.jpg 36w, https:\/\/mijn-lo.nl\/wp-content\/uploads\/2024\/02\/tank-48x30.jpg 48w\" sizes=\"(max-width: 1024px) 100vw, 1024px\" \/>\t\t\t\t\t\t\t\t\t\t\t\t\t\t\t<\/div>\n\t\t\t\t<\/div>\n\t\t\t\t<div class=\"elementor-element elementor-element-25fb557 elementor-widget elementor-widget-text-editor\" data-id=\"25fb557\" data-element_type=\"widget\" data-widget_type=\"text-editor.default\">\n\t\t\t\t<div class=\"elementor-widget-container\">\n\t\t\t\t\t\t\t\t\t<p style=\"text-align: center;\">Guerra<\/p>\t\t\t\t\t\t\t\t<\/div>\n\t\t\t\t<\/div>\n\t\t\t\t\t<\/div>\n\t\t<\/div>\n\t\t\t\t<div class=\"elementor-column elementor-col-50 elementor-top-column elementor-element elementor-element-8db01a1\" data-id=\"8db01a1\" data-element_type=\"column\">\n\t\t\t<div class=\"elementor-widget-wrap elementor-element-populated\">\n\t\t\t\t\t\t<div class=\"elementor-element elementor-element-eb35863 elementor-widget elementor-widget-text-editor\" data-id=\"eb35863\" data-element_type=\"widget\" data-widget_type=\"text-editor.default\">\n\t\t\t\t<div class=\"elementor-widget-container\">\n\t\t\t\t\t\t\t\t\t<h3 class=\"mbr-section-title mbr-fonts-style mb-3 display-5\"><strong>Segunda Guerra Mundial<\/strong><\/h3><div>\u00a0<\/div><p class=\"mbr-text mbr-fonts-style display-7\"><strong>Alemania nazi<br \/><\/strong>Durante la Segunda Guerra Mundial, Holanda fue tomada por la Alemania nazi, dirigida por Adolf Hitler. Las tropas alemanas invadieron el pa\u00eds en 1940 y, tras una breve lucha, los holandeses se rindieron. La ocupaci\u00f3n dur\u00f3 hasta 1945 y fue una \u00e9poca dif\u00edcil para los holandeses. La ciudad de Rotterdam fue destruida por los bombardeos. Los holandeses dejaron de luchar y la reina huy\u00f3 a Inglaterra.<br \/><br \/><strong>Situaci\u00f3n de los jud\u00edos<br \/><\/strong>Hitler culp\u00f3 a los jud\u00edos de los problemas de Europa. Los jud\u00edos vieron limitados sus derechos, fueron encarcelados y enviados a campos. En estos campos, muchos fueron asesinados en c\u00e1maras de gas o murieron de enfermedad e inanici\u00f3n. Algunos jud\u00edos se escondieron en lugares secretos, conocidos como escondidos. Seis millones de jud\u00edos fueron asesinados en total.<br \/><br \/><strong>Por fin la libertad<br \/><\/strong>La guerra trajo penurias, con poca comida y fr\u00edo. Cualquiera que ayudara a los jud\u00edos era castigado. Hitler tambi\u00e9n intent\u00f3 conquistar Rusia, pero las duras condiciones invernales dificultaban la tarea de los soldados alemanes. Pa\u00edses como Estados Unidos, Canad\u00e1, Inglaterra y Rusia lucharon contra Alemania. En 1945, Alemania fue derrotada, y el 5 de mayo los Pa\u00edses Bajos fueron liberados.<\/p>\t\t\t\t\t\t\t\t<\/div>\n\t\t\t\t<\/div>\n\t\t\t\t\t<\/div>\n\t\t<\/div>\n\t\t\t\t\t<\/div>\n\t\t<\/section>\n\t\t\t\t<section class=\"elementor-section elementor-top-section elementor-element elementor-element-4d3fa3d elementor-reverse-tablet elementor-reverse-mobile elementor-section-boxed elementor-section-height-default elementor-section-height-default\" data-id=\"4d3fa3d\" data-element_type=\"section\">\n\t\t\t\t\t\t<div class=\"elementor-container elementor-column-gap-default\">\n\t\t\t\t\t<div class=\"elementor-column elementor-col-50 elementor-top-column elementor-element elementor-element-fcf9551\" data-id=\"fcf9551\" data-element_type=\"column\">\n\t\t\t<div class=\"elementor-widget-wrap elementor-element-populated\">\n\t\t\t\t\t\t<div class=\"elementor-element elementor-element-db8dc4d elementor-widget elementor-widget-text-editor\" data-id=\"db8dc4d\" data-element_type=\"widget\" data-widget_type=\"text-editor.default\">\n\t\t\t\t<div class=\"elementor-widget-container\">\n\t\t\t\t\t\t\t\t\t<h3 class=\"mbr-section-title mbr-fonts-style mb-3 display-5\"><strong>Ana Frank<\/strong><\/h3><p class=\"mbr-text mbr-fonts-style display-7\">Ana Frank era una ni\u00f1a jud\u00eda que viv\u00eda en \u00c1msterdam durante la Segunda Guerra Mundial. Ella y su familia se escondieron en 1942 para evitar ser capturados por los nazis, que estaban haciendo redadas de jud\u00edos y envi\u00e1ndolos a campos de concentraci\u00f3n. Ana y su familia vivieron en un anexo secreto durante dos a\u00f1os antes de ser traicionados y capturados por los nazis en 1944. Ana muri\u00f3 en un campo de concentraci\u00f3n alem\u00e1n en 1945, a la edad de 15 a\u00f1os.<br \/><br \/><strong>Su famoso diario<br \/><\/strong>Su diario, que conserv\u00f3 mientras estaba escondida, se public\u00f3 posteriormente y se ha convertido en uno de los libros m\u00e1s le\u00eddos del mundo, proporcionando un relato personal y conmovedor de las atrocidades del Holocausto.<\/p>\t\t\t\t\t\t\t\t<\/div>\n\t\t\t\t<\/div>\n\t\t\t\t\t<\/div>\n\t\t<\/div>\n\t\t\t\t<div class=\"elementor-column elementor-col-50 elementor-top-column elementor-element elementor-element-fb8883b\" data-id=\"fb8883b\" data-element_type=\"column\">\n\t\t\t<div class=\"elementor-widget-wrap elementor-element-populated\">\n\t\t\t\t\t\t<div class=\"elementor-element elementor-element-0a1b385 elementor-widget elementor-widget-image\" data-id=\"0a1b385\" data-element_type=\"widget\" data-widget_type=\"image.default\">\n\t\t\t\t<div class=\"elementor-widget-container\">\n\t\t\t\t\t\t\t\t\t\t\t\t\t\t\t<img decoding=\"async\" width=\"701\" height=\"664\" src=\"https:\/\/mijn-lo.nl\/wp-content\/uploads\/2024\/02\/anne-frank-701x664-1.webp\" class=\"attachment-large size-large wp-image-4875\" alt=\"\" srcset=\"https:\/\/mijn-lo.nl\/wp-content\/uploads\/2024\/02\/anne-frank-701x664-1.webp 701w, https:\/\/mijn-lo.nl\/wp-content\/uploads\/2024\/02\/anne-frank-701x664-1-300x284.webp 300w, https:\/\/mijn-lo.nl\/wp-content\/uploads\/2024\/02\/anne-frank-701x664-1-13x12.webp 13w, https:\/\/mijn-lo.nl\/wp-content\/uploads\/2024\/02\/anne-frank-701x664-1-24x24.webp 24w, https:\/\/mijn-lo.nl\/wp-content\/uploads\/2024\/02\/anne-frank-701x664-1-36x34.webp 36w, https:\/\/mijn-lo.nl\/wp-content\/uploads\/2024\/02\/anne-frank-701x664-1-48x45.webp 48w\" sizes=\"(max-width: 701px) 100vw, 701px\" \/>\t\t\t\t\t\t\t\t\t\t\t\t\t\t\t<\/div>\n\t\t\t\t<\/div>\n\t\t\t\t<div class=\"elementor-element elementor-element-488cc37 elementor-widget elementor-widget-text-editor\" data-id=\"488cc37\" data-element_type=\"widget\" data-widget_type=\"text-editor.default\">\n\t\t\t\t<div class=\"elementor-widget-container\">\n\t\t\t\t\t\t\t\t\t<p style=\"text-align: center;\">Ana Frank<\/p>\t\t\t\t\t\t\t\t<\/div>\n\t\t\t\t<\/div>\n\t\t\t\t\t<\/div>\n\t\t<\/div>\n\t\t\t\t\t<\/div>\n\t\t<\/section>\n\t\t\t\t<section class=\"elementor-section elementor-top-section elementor-element elementor-element-eb6bef8 elementor-section-boxed elementor-section-height-default elementor-section-height-default\" data-id=\"eb6bef8\" data-element_type=\"section\">\n\t\t\t\t\t\t<div class=\"elementor-container elementor-column-gap-default\">\n\t\t\t\t\t<div class=\"elementor-column elementor-col-50 elementor-top-column elementor-element elementor-element-f92d88a\" data-id=\"f92d88a\" data-element_type=\"column\">\n\t\t\t<div class=\"elementor-widget-wrap elementor-element-populated\">\n\t\t\t\t\t\t<div class=\"elementor-element elementor-element-44af40a elementor-widget elementor-widget-image\" data-id=\"44af40a\" data-element_type=\"widget\" data-widget_type=\"image.default\">\n\t\t\t\t<div class=\"elementor-widget-container\">\n\t\t\t\t\t\t\t\t\t\t\t\t\t\t\t<img decoding=\"async\" width=\"744\" height=\"830\" src=\"https:\/\/mijn-lo.nl\/wp-content\/uploads\/2024\/02\/wtarsnood5-744x830-1.webp\" class=\"attachment-large size-large wp-image-4876\" alt=\"\" srcset=\"https:\/\/mijn-lo.nl\/wp-content\/uploads\/2024\/02\/wtarsnood5-744x830-1.webp 744w, https:\/\/mijn-lo.nl\/wp-content\/uploads\/2024\/02\/wtarsnood5-744x830-1-269x300.webp 269w, https:\/\/mijn-lo.nl\/wp-content\/uploads\/2024\/02\/wtarsnood5-744x830-1-11x12.webp 11w, https:\/\/mijn-lo.nl\/wp-content\/uploads\/2024\/02\/wtarsnood5-744x830-1-22x24.webp 22w, https:\/\/mijn-lo.nl\/wp-content\/uploads\/2024\/02\/wtarsnood5-744x830-1-32x36.webp 32w, https:\/\/mijn-lo.nl\/wp-content\/uploads\/2024\/02\/wtarsnood5-744x830-1-43x48.webp 43w\" sizes=\"(max-width: 744px) 100vw, 744px\" \/>\t\t\t\t\t\t\t\t\t\t\t\t\t\t\t<\/div>\n\t\t\t\t<\/div>\n\t\t\t\t<div class=\"elementor-element elementor-element-0fb6b56 elementor-widget elementor-widget-text-editor\" data-id=\"0fb6b56\" data-element_type=\"widget\" data-widget_type=\"text-editor.default\">\n\t\t\t\t<div class=\"elementor-widget-container\">\n\t\t\t\t\t\t\t\t\t<p style=\"text-align: center;\">Cat\u00e1strofe de las inundaciones de 1953<\/p>\t\t\t\t\t\t\t\t<\/div>\n\t\t\t\t<\/div>\n\t\t\t\t\t<\/div>\n\t\t<\/div>\n\t\t\t\t<div class=\"elementor-column elementor-col-50 elementor-top-column elementor-element elementor-element-7ec25a6\" data-id=\"7ec25a6\" data-element_type=\"column\">\n\t\t\t<div class=\"elementor-widget-wrap elementor-element-populated\">\n\t\t\t\t\t\t<div class=\"elementor-element elementor-element-89f35ff elementor-widget elementor-widget-text-editor\" data-id=\"89f35ff\" data-element_type=\"widget\" data-widget_type=\"text-editor.default\">\n\t\t\t\t<div class=\"elementor-widget-container\">\n\t\t\t\t\t\t\t\t\t<h3 class=\"mbr-section-title mbr-fonts-style mb-3 display-5\"><strong>Tras el fin de la guerra<\/strong><\/h3><div><strong>\u00a0<\/strong><\/div><p class=\"mbr-text mbr-fonts-style display-7\">Tras el final de la Segunda Guerra Mundial en 1945, los Pa\u00edses Bajos atravesaron un periodo de reconstrucci\u00f3n. El pa\u00eds hab\u00eda sufrido mucho durante la guerra, con gran parte de sus infraestructuras destruidas y muchos de sus ciudadanos muertos o desplazados. Sin embargo, el pueblo holand\u00e9s estaba decidido a reconstruir, y con la ayuda de ayuda extranjera y programas gubernamentales, el pa\u00eds pudo recuperarse.<br \/><br \/>En la posguerra se produjeron importantes cambios sociales, econ\u00f3micos y pol\u00edticos en Holanda. El pa\u00eds se hizo m\u00e1s pr\u00f3spero y desarrollado, con una gran atenci\u00f3n al bienestar social y la creaci\u00f3n de un moderno estado del bienestar. En 1953 se produjo una cat\u00e1strofe. Gran parte del pa\u00eds, especialmente la provincia de Zelanda, qued\u00f3 inundada. Murieron m\u00e1s de 1.800 personas. Despu\u00e9s de esto, se reforzaron los diques y se hicieron nuevas presas (el proyecto se llam\u00f3 Delta-plan).<br \/><br \/><strong>Adhesi\u00f3n a las Naciones Unidas<br \/><\/strong>os holandeses tambi\u00e9n desempe\u00f1aron un papel activo en la comunidad internacional, incorpor\u00e1ndose a las Naciones Unidas y otras organizaciones internacionales.<br \/><br \/>En las d\u00e9cadas siguientes, Holanda se hizo famosa por sus actitudes liberales y tolerantes hacia cuestiones sociales, como la pol\u00edtica de drogas, la eutanasia y el matrimonio entre personas del mismo sexo.<br \/><br \/><strong>Adhesi\u00f3n a la OTAN<br \/><\/strong>Holanda es miembro de la OTAN. Cuando un pa\u00eds entra en la OTAN, se convierte en miembro de un grupo llamado Organizaci\u00f3n del Tratado del Atl\u00e1ntico Norte. La OTAN est\u00e1 formada por pa\u00edses de Norteam\u00e9rica y Europa. El principal objetivo de la OTAN es trabajar juntos para defenderse y protegerse mutuamente. Por lo tanto, es una organizaci\u00f3n militar.<\/p>\t\t\t\t\t\t\t\t<\/div>\n\t\t\t\t<\/div>\n\t\t\t\t\t<\/div>\n\t\t<\/div>\n\t\t\t\t\t<\/div>\n\t\t<\/section>\n\t\t\t\t<section class=\"elementor-section elementor-top-section elementor-element elementor-element-be602bb elementor-reverse-tablet elementor-reverse-mobile elementor-section-boxed elementor-section-height-default elementor-section-height-default\" data-id=\"be602bb\" data-element_type=\"section\">\n\t\t\t\t\t\t<div class=\"elementor-container elementor-column-gap-default\">\n\t\t\t\t\t<div class=\"elementor-column elementor-col-50 elementor-top-column elementor-element elementor-element-e17c5d1\" data-id=\"e17c5d1\" data-element_type=\"column\">\n\t\t\t<div class=\"elementor-widget-wrap elementor-element-populated\">\n\t\t\t\t\t\t<div class=\"elementor-element elementor-element-d3ac2d1 elementor-widget elementor-widget-text-editor\" data-id=\"d3ac2d1\" data-element_type=\"widget\" data-widget_type=\"text-editor.default\">\n\t\t\t\t<div class=\"elementor-widget-container\">\n\t\t\t\t\t\t\t\t\t<h3 class=\"mbr-section-title mbr-fonts-style mb-3 display-5\"><strong>Personas de otros pa\u00edses<\/strong><\/h3><div>\u00a0<\/div><p class=\"mbr-text mbr-fonts-style display-7\"><strong>1970, nuevos inmigrantes<br \/><\/strong>Hacia 1970 la econom\u00eda creci\u00f3 con fuerza. Los holandeses no quer\u00edan hacer mucho trabajo que hab\u00eda que hacer. Se trajo a gente de Turqu\u00eda y Marruecos dispuesta a hacer este trabajo. A estos inmigrantes se les llama \"trabajadores invitados\". Muchos regresaron, pero tambi\u00e9n muchos se quedaron. Esto provoc\u00f3 importantes cambios en la composici\u00f3n de la poblaci\u00f3n, sobre todo en grandes ciudades como Rotterdam y La Haya. El resultado fueron tensiones. Hoy en d\u00eda es dif\u00edcil entrar en los Pa\u00edses Bajos. Desde 2007 est\u00e1 en vigor la Ley de Integraci\u00f3n C\u00edvica.<br \/><br \/><strong>Personas de la Uni\u00f3n Europea<br \/><\/strong>Como los ciudadanos de la Uni\u00f3n Europea pueden viajar libremente, muchas personas de, por ejemplo, Polonia y Ruman\u00eda entraron en el pa\u00eds. Por ejemplo, muchos polacos trabajan en la construcci\u00f3n.<\/p>\t\t\t\t\t\t\t\t<\/div>\n\t\t\t\t<\/div>\n\t\t\t\t\t<\/div>\n\t\t<\/div>\n\t\t\t\t<div class=\"elementor-column elementor-col-50 elementor-top-column elementor-element elementor-element-165f104\" data-id=\"165f104\" data-element_type=\"column\">\n\t\t\t<div class=\"elementor-widget-wrap elementor-element-populated\">\n\t\t\t\t\t\t<div class=\"elementor-element elementor-element-13281ba elementor-widget elementor-widget-image\" data-id=\"13281ba\" data-element_type=\"widget\" data-widget_type=\"image.default\">\n\t\t\t\t<div class=\"elementor-widget-container\">\n\t\t\t\t\t\t\t\t\t\t\t\t\t\t\t<img loading=\"lazy\" decoding=\"async\" width=\"627\" height=\"658\" src=\"https:\/\/mijn-lo.nl\/wp-content\/uploads\/2024\/02\/polen-bouw-627x658-1.webp\" class=\"attachment-large size-large wp-image-4877\" alt=\"\" srcset=\"https:\/\/mijn-lo.nl\/wp-content\/uploads\/2024\/02\/polen-bouw-627x658-1.webp 627w, https:\/\/mijn-lo.nl\/wp-content\/uploads\/2024\/02\/polen-bouw-627x658-1-286x300.webp 286w, https:\/\/mijn-lo.nl\/wp-content\/uploads\/2024\/02\/polen-bouw-627x658-1-11x12.webp 11w, https:\/\/mijn-lo.nl\/wp-content\/uploads\/2024\/02\/polen-bouw-627x658-1-24x24.webp 24w, https:\/\/mijn-lo.nl\/wp-content\/uploads\/2024\/02\/polen-bouw-627x658-1-34x36.webp 34w, https:\/\/mijn-lo.nl\/wp-content\/uploads\/2024\/02\/polen-bouw-627x658-1-46x48.webp 46w\" sizes=\"(max-width: 627px) 100vw, 627px\" \/>\t\t\t\t\t\t\t\t\t\t\t\t\t\t\t<\/div>\n\t\t\t\t<\/div>\n\t\t\t\t<div class=\"elementor-element elementor-element-e63d61c elementor-widget elementor-widget-text-editor\" data-id=\"e63d61c\" data-element_type=\"widget\" data-widget_type=\"text-editor.default\">\n\t\t\t\t<div class=\"elementor-widget-container\">\n\t\t\t\t\t\t\t\t\t<p style=\"text-align: center;\">Trabajadores invitados, muchos procedentes de Polonia\u00a0<\/p>\t\t\t\t\t\t\t\t<\/div>\n\t\t\t\t<\/div>\n\t\t\t\t\t<\/div>\n\t\t<\/div>\n\t\t\t\t\t<\/div>\n\t\t<\/section>\n\t\t\t\t<section class=\"elementor-section elementor-top-section elementor-element elementor-element-2edcca1 elementor-section-boxed elementor-section-height-default elementor-section-height-default\" data-id=\"2edcca1\" data-element_type=\"section\">\n\t\t\t\t\t\t<div class=\"elementor-container elementor-column-gap-default\">\n\t\t\t\t\t<div class=\"elementor-column elementor-col-100 elementor-top-column elementor-element elementor-element-75349f87\" data-id=\"75349f87\" data-element_type=\"column\">\n\t\t\t<div class=\"elementor-widget-wrap elementor-element-populated\">\n\t\t\t\t\t\t<div class=\"elementor-element elementor-element-2d2d0e50 elementor-align-center elementor-widget elementor-widget-button\" data-id=\"2d2d0e50\" data-element_type=\"widget\" data-widget_type=\"button.default\">\n\t\t\t\t<div class=\"elementor-widget-container\">\n\t\t\t\t\t\t\t\t\t<div class=\"elementor-button-wrapper\">\n\t\t\t\t\t<a class=\"elementor-button elementor-button-link elementor-size-sm\" href=\"https:\/\/mijn-lo.nl\/es\/history\/test-11\/\">\n\t\t\t\t\t\t<span class=\"elementor-button-content-wrapper\">\n\t\t\t\t\t\t\t\t\t<span class=\"elementor-button-text\">continuar<\/span>\n\t\t\t\t\t<\/span>\n\t\t\t\t\t<\/a>\n\t\t\t\t<\/div>\n\t\t\t\t\t\t\t\t<\/div>\n\t\t\t\t<\/div>\n\t\t\t\t\t<\/div>\n\t\t<\/div>\n\t\t\t\t\t<\/div>\n\t\t<\/section>\n\t\t\t\t<\/div>","protected":false},"excerpt":{"rendered":"<p>War World War II \u00a0 Nazi GermanyDuring World War II, the Netherlands was taken over by Nazi Germany, led by Adolf Hitler. German troops invaded the country in 1940, and after a short fight, the Dutch surrendered. The occupation lasted until 1945, and it was a difficult time for the Dutch people. The city of [&hellip;]<\/p>\n","protected":false},"author":1,"featured_media":0,"parent":3258,"menu_order":3,"comment_status":"closed","ping_status":"closed","template":"elementor_canvas","meta":{"site-sidebar-layout":"no-sidebar","site-content-layout":"page-builder","ast-site-content-layout":"full-width-container","site-content-style":"default","site-sidebar-style":"default","ast-global-header-display":"","ast-banner-title-visibility":"","ast-main-header-display":"","ast-hfb-above-header-display":"","ast-hfb-below-header-display":"","ast-hfb-mobile-header-display":"","site-post-title":"disabled","ast-breadcrumbs-content":"","ast-featured-img":"disabled","footer-sml-layout":"","theme-transparent-header-meta":"","adv-header-id-meta":"","stick-header-meta":"","header-above-stick-meta":"","header-main-stick-meta":"","header-below-stick-meta":"","astra-migrate-meta-layouts":"set","ast-page-background-enabled":"default","ast-page-background-meta":{"desktop":{"background-color":"var(--ast-global-color-4)","background-image":"","background-repeat":"repeat","background-position":"center center","background-size":"auto","background-attachment":"scroll","background-type":"","background-media":"","overlay-type":"","overlay-color":"","overlay-opacity":"","overlay-gradient":""},"tablet":{"background-color":"","background-image":"","background-repeat":"repeat","background-position":"center center","background-size":"auto","background-attachment":"scroll","background-type":"","background-media":"","overlay-type":"","overlay-color":"","overlay-opacity":"","overlay-gradient":""},"mobile":{"background-color":"","background-image":"","background-repeat":"repeat","background-position":"center center","background-size":"auto","background-attachment":"scroll","background-type":"","background-media":"","overlay-type":"","overlay-color":"","overlay-opacity":"","overlay-gradient":""}},"ast-content-background-meta":{"desktop":{"background-color":"var(--ast-global-color-5)","background-image":"","background-repeat":"repeat","background-position":"center center","background-size":"auto","background-attachment":"scroll","background-type":"","background-media":"","overlay-type":"","overlay-color":"","overlay-opacity":"","overlay-gradient":""},"tablet":{"background-color":"var(--ast-global-color-5)","background-image":"","background-repeat":"repeat","background-position":"center center","background-size":"auto","background-attachment":"scroll","background-type":"","background-media":"","overlay-type":"","overlay-color":"","overlay-opacity":"","overlay-gradient":""},"mobile":{"background-color":"var(--ast-global-color-5)","background-image":"","background-repeat":"repeat","background-position":"center center","background-size":"auto","background-attachment":"scroll","background-type":"","background-media":"","overlay-type":"","overlay-color":"","overlay-opacity":"","overlay-gradient":""}},"footnotes":""},"class_list":["post-4922","page","type-page","status-publish","hentry"],"_links":{"self":[{"href":"https:\/\/mijn-lo.nl\/es\/wp-json\/wp\/v2\/pages\/4922","targetHints":{"allow":["GET"]}}],"collection":[{"href":"https:\/\/mijn-lo.nl\/es\/wp-json\/wp\/v2\/pages"}],"about":[{"href":"https:\/\/mijn-lo.nl\/es\/wp-json\/wp\/v2\/types\/page"}],"author":[{"embeddable":true,"href":"https:\/\/mijn-lo.nl\/es\/wp-json\/wp\/v2\/users\/1"}],"replies":[{"embeddable":true,"href":"https:\/\/mijn-lo.nl\/es\/wp-json\/wp\/v2\/comments?post=4922"}],"version-history":[{"count":16,"href":"https:\/\/mijn-lo.nl\/es\/wp-json\/wp\/v2\/pages\/4922\/revisions"}],"predecessor-version":[{"id":6358,"href":"https:\/\/mijn-lo.nl\/es\/wp-json\/wp\/v2\/pages\/4922\/revisions\/6358"}],"up":[{"embeddable":true,"href":"https:\/\/mijn-lo.nl\/es\/wp-json\/wp\/v2\/pages\/3258"}],"wp:attachment":[{"href":"https:\/\/mijn-lo.nl\/es\/wp-json\/wp\/v2\/media?parent=4922"}],"curies":[{"name":"wp","href":"https:\/\/api.w.org\/{rel}","templated":true}]}}