{"id":5359,"date":"2024-02-13T14:26:29","date_gmt":"2024-02-13T14:26:29","guid":{"rendered":"http:\/\/mijn-lo.nl\/?page_id=5359"},"modified":"2025-08-19T17:38:44","modified_gmt":"2025-08-19T17:38:44","slug":"or-mr-and-arbo","status":"publish","type":"page","link":"https:\/\/mijn-lo.nl\/es\/work\/or-mr-and-arbo\/","title":{"rendered":"O, MR y ARBO"},"content":{"rendered":"<div data-elementor-type=\"wp-page\" data-elementor-id=\"5359\" class=\"elementor elementor-5359\" data-elementor-post-type=\"page\">\n\t\t\t\t\t\t<section class=\"elementor-section elementor-top-section elementor-element elementor-element-489fbd7 elementor-section-boxed elementor-section-height-default elementor-section-height-default\" data-id=\"489fbd7\" data-element_type=\"section\">\n\t\t\t\t\t\t<div class=\"elementor-container elementor-column-gap-default\">\n\t\t\t\t\t<div class=\"elementor-column elementor-col-50 elementor-top-column elementor-element elementor-element-0f39a21\" data-id=\"0f39a21\" data-element_type=\"column\">\n\t\t\t<div class=\"elementor-widget-wrap elementor-element-populated\">\n\t\t\t\t\t\t<div class=\"elementor-element elementor-element-77c3ca6 elementor-widget elementor-widget-image\" data-id=\"77c3ca6\" data-element_type=\"widget\" data-widget_type=\"image.default\">\n\t\t\t\t<div class=\"elementor-widget-container\">\n\t\t\t\t\t\t\t\t\t\t\t\t\t\t\t<img fetchpriority=\"high\" decoding=\"async\" width=\"604\" height=\"882\" src=\"https:\/\/mijn-lo.nl\/wp-content\/uploads\/2024\/02\/or-mr-604x882-1.webp\" class=\"attachment-large size-large wp-image-5345\" alt=\"\" srcset=\"https:\/\/mijn-lo.nl\/wp-content\/uploads\/2024\/02\/or-mr-604x882-1.webp 604w, https:\/\/mijn-lo.nl\/wp-content\/uploads\/2024\/02\/or-mr-604x882-1-205x300.webp 205w, https:\/\/mijn-lo.nl\/wp-content\/uploads\/2024\/02\/or-mr-604x882-1-8x12.webp 8w, https:\/\/mijn-lo.nl\/wp-content\/uploads\/2024\/02\/or-mr-604x882-1-16x24.webp 16w, https:\/\/mijn-lo.nl\/wp-content\/uploads\/2024\/02\/or-mr-604x882-1-25x36.webp 25w, https:\/\/mijn-lo.nl\/wp-content\/uploads\/2024\/02\/or-mr-604x882-1-33x48.webp 33w\" sizes=\"(max-width: 604px) 100vw, 604px\" \/>\t\t\t\t\t\t\t\t\t\t\t\t\t\t\t<\/div>\n\t\t\t\t<\/div>\n\t\t\t\t\t<\/div>\n\t\t<\/div>\n\t\t\t\t<div class=\"elementor-column elementor-col-50 elementor-top-column elementor-element elementor-element-d6be124\" data-id=\"d6be124\" data-element_type=\"column\">\n\t\t\t<div class=\"elementor-widget-wrap elementor-element-populated\">\n\t\t\t\t\t\t<div class=\"elementor-element elementor-element-f047b54 elementor-widget elementor-widget-text-editor\" data-id=\"f047b54\" data-element_type=\"widget\" data-widget_type=\"text-editor.default\">\n\t\t\t\t<div class=\"elementor-widget-container\">\n\t\t\t\t\t\t\t\t\t<h3 class=\"mbr-section-title mbr-fonts-style mb-3 display-5\"><strong>OR y MR<\/strong><\/h3><p class=\"mbr-text mbr-fonts-style display-7\">\u00a0El \"ondernemingsraad (OR)\" y : el medezeggenschapsraad (MR)\" son dos organismos importantes en los Pa\u00edses Bajos que representan los intereses de los trabajadores en el lugar de trabajo.<br \/><br \/><strong>\"Ondernemingsraad (OR)\"<br \/><\/strong>Las empresas con 50 o m\u00e1s empleados deben tener un \"RUP\". Este consejo est\u00e1 compuesto por representantes elegidos tanto de la direcci\u00f3n como de los empleados.<br \/>Este consejo debe asesorar en caso de decisiones importantes que afecten a la empresa, como:<br \/>- fusiones y adquisiciones<br \/>- inversiones importantes<br \/>- reestructuraci\u00f3n de la plantilla<br \/>- condiciones de trabajo<br \/>De este modo, los trabajadores tienen \"voz\" para ser escuchados en las altas esferas.<br \/><br \/><strong>Medezeggenschapsraad (MR):<br \/><\/strong>El RM tambi\u00e9n es un consejo espec\u00edfico. Se establece en instituciones p\u00fablicas y educativas con 50 o m\u00e1s empleados.<br \/>Su funci\u00f3n es casi similar a la del quir\u00f3fano, pero centrada en cuestiones espec\u00edficas del sector p\u00fablico<br \/><br \/><strong>Tanto el quir\u00f3fano como la RM:<br \/><\/strong>Desempe\u00f1ar un papel importante en la promoci\u00f3n de la democracia y la transparencia en el lugar de trabajo.<br \/>En general, la OR y la RM son instituciones importantes que contribuyen a proteger los derechos de los trabajadores y a promover un lugar de trabajo m\u00e1s justo y equitativo.<\/p>\t\t\t\t\t\t\t\t<\/div>\n\t\t\t\t<\/div>\n\t\t\t\t\t<\/div>\n\t\t<\/div>\n\t\t\t\t\t<\/div>\n\t\t<\/section>\n\t\t\t\t<section class=\"elementor-section elementor-top-section elementor-element elementor-element-6fd9a28 elementor-reverse-tablet elementor-reverse-mobile elementor-section-boxed elementor-section-height-default elementor-section-height-default\" data-id=\"6fd9a28\" data-element_type=\"section\">\n\t\t\t\t\t\t<div class=\"elementor-container elementor-column-gap-default\">\n\t\t\t\t\t<div class=\"elementor-column elementor-col-50 elementor-top-column elementor-element elementor-element-443efd3\" data-id=\"443efd3\" data-element_type=\"column\">\n\t\t\t<div class=\"elementor-widget-wrap elementor-element-populated\">\n\t\t\t\t\t\t<div class=\"elementor-element elementor-element-69fa9c8 elementor-widget elementor-widget-text-editor\" data-id=\"69fa9c8\" data-element_type=\"widget\" data-widget_type=\"text-editor.default\">\n\t\t\t\t<div class=\"elementor-widget-container\">\n\t\t\t\t\t\t\t\t\t<h3 class=\"mbr-section-title mbr-fonts-style mb-3 display-5\"><strong>ARBO<\/strong><\/h3><p class=\"mbr-text mbr-fonts-style display-7\">En los Pa\u00edses Bajos, \"ARBO\" no es en realidad una organizaci\u00f3n en s\u00ed, sino una abreviatura de \"Arbeidsomstandigheden\", que se traduce como \"Condiciones de trabajo\". Se refiere a todo el sistema de seguridad y salud en el trabajo de los Pa\u00edses Bajos. El punto central de informaci\u00f3n es:<br \/><br \/><a class=\"text-primary\" href=\"https:\/\/www.arboportaal.nl\/\" target=\"_blank\" rel=\"noopener\">www.arboportaal.nl<\/a><br \/><br \/>Lamentablemente, la informaci\u00f3n s\u00f3lo se facilita en neerland\u00e9s.<br \/>Estos puntos informativos ofrecen informaci\u00f3n sobre la legislaci\u00f3n neerlandesa en relaci\u00f3n con<br \/>- seguridad en el trabajo;<br \/>- c\u00f3mo afrontar los problemas de salud<br \/>- c\u00f3mo estudiar los posibles riesgos en el lugar de trabajo<br \/>- c\u00f3mo promover un trabajo seguro<\/p>\t\t\t\t\t\t\t\t<\/div>\n\t\t\t\t<\/div>\n\t\t\t\t\t<\/div>\n\t\t<\/div>\n\t\t\t\t<div class=\"elementor-column elementor-col-50 elementor-top-column elementor-element elementor-element-c159fdd\" data-id=\"c159fdd\" data-element_type=\"column\">\n\t\t\t<div class=\"elementor-widget-wrap elementor-element-populated\">\n\t\t\t\t\t\t<div class=\"elementor-element elementor-element-567519f elementor-widget elementor-widget-image\" data-id=\"567519f\" data-element_type=\"widget\" data-widget_type=\"image.default\">\n\t\t\t\t<div class=\"elementor-widget-container\">\n\t\t\t\t\t\t\t\t\t\t\t\t\t\t\t<img decoding=\"async\" width=\"853\" height=\"675\" src=\"https:\/\/mijn-lo.nl\/wp-content\/uploads\/2024\/02\/arbo-853x675-1.webp\" class=\"attachment-large size-large wp-image-5346\" alt=\"\" srcset=\"https:\/\/mijn-lo.nl\/wp-content\/uploads\/2024\/02\/arbo-853x675-1.webp 853w, https:\/\/mijn-lo.nl\/wp-content\/uploads\/2024\/02\/arbo-853x675-1-300x237.webp 300w, https:\/\/mijn-lo.nl\/wp-content\/uploads\/2024\/02\/arbo-853x675-1-768x608.webp 768w, https:\/\/mijn-lo.nl\/wp-content\/uploads\/2024\/02\/arbo-853x675-1-15x12.webp 15w, https:\/\/mijn-lo.nl\/wp-content\/uploads\/2024\/02\/arbo-853x675-1-24x19.webp 24w, https:\/\/mijn-lo.nl\/wp-content\/uploads\/2024\/02\/arbo-853x675-1-36x28.webp 36w, https:\/\/mijn-lo.nl\/wp-content\/uploads\/2024\/02\/arbo-853x675-1-48x38.webp 48w\" sizes=\"(max-width: 853px) 100vw, 853px\" \/>\t\t\t\t\t\t\t\t\t\t\t\t\t\t\t<\/div>\n\t\t\t\t<\/div>\n\t\t\t\t\t<\/div>\n\t\t<\/div>\n\t\t\t\t\t<\/div>\n\t\t<\/section>\n\t\t\t\t<section class=\"elementor-section elementor-top-section elementor-element elementor-element-2edcca1 elementor-section-boxed elementor-section-height-default elementor-section-height-default\" data-id=\"2edcca1\" data-element_type=\"section\">\n\t\t\t\t\t\t<div class=\"elementor-container elementor-column-gap-default\">\n\t\t\t\t\t<div class=\"elementor-column elementor-col-100 elementor-top-column elementor-element elementor-element-75349f87\" data-id=\"75349f87\" data-element_type=\"column\">\n\t\t\t<div class=\"elementor-widget-wrap elementor-element-populated\">\n\t\t\t\t\t\t<div class=\"elementor-element elementor-element-2d2d0e50 elementor-align-center elementor-widget elementor-widget-button\" data-id=\"2d2d0e50\" data-element_type=\"widget\" data-widget_type=\"button.default\">\n\t\t\t\t<div class=\"elementor-widget-container\">\n\t\t\t\t\t\t\t\t\t<div class=\"elementor-button-wrapper\">\n\t\t\t\t\t<a class=\"elementor-button elementor-button-link elementor-size-sm\" href=\"https:\/\/mijn-lo.nl\/es\/work\/salary-and-taxes\/\">\n\t\t\t\t\t\t<span class=\"elementor-button-content-wrapper\">\n\t\t\t\t\t\t\t\t\t<span class=\"elementor-button-text\">continuar<\/span>\n\t\t\t\t\t<\/span>\n\t\t\t\t\t<\/a>\n\t\t\t\t<\/div>\n\t\t\t\t\t\t\t\t<\/div>\n\t\t\t\t<\/div>\n\t\t\t\t\t<\/div>\n\t\t<\/div>\n\t\t\t\t\t<\/div>\n\t\t<\/section>\n\t\t\t\t<\/div>","protected":false},"excerpt":{"rendered":"<p>OR and MR \u00a0The &#8220;ondernemingsraad (OR)&#8221; and : the medezeggenschapsraad (MR)&#8221; are two important bodies in the Netherlands that represent the interests of employees in the workplace. &#8220;Ondernemingsraad (OR)&#8221;Companies with 50 or more employees need to have a &#8220;OR&#8221;. This board is composed\u00a0of elected representatives from both management and employees.This board has to give an [&hellip;]<\/p>\n","protected":false},"author":1,"featured_media":0,"parent":3364,"menu_order":6,"comment_status":"closed","ping_status":"closed","template":"elementor_canvas","meta":{"site-sidebar-layout":"no-sidebar","site-content-layout":"page-builder","ast-site-content-layout":"full-width-container","site-content-style":"default","site-sidebar-style":"default","ast-global-header-display":"","ast-banner-title-visibility":"","ast-main-header-display":"","ast-hfb-above-header-display":"","ast-hfb-below-header-display":"","ast-hfb-mobile-header-display":"","site-post-title":"disabled","ast-breadcrumbs-content":"","ast-featured-img":"disabled","footer-sml-layout":"","theme-transparent-header-meta":"","adv-header-id-meta":"","stick-header-meta":"","header-above-stick-meta":"","header-main-stick-meta":"","header-below-stick-meta":"","astra-migrate-meta-layouts":"set","ast-page-background-enabled":"default","ast-page-background-meta":{"desktop":{"background-color":"var(--ast-global-color-4)","background-image":"","background-repeat":"repeat","background-position":"center center","background-size":"auto","background-attachment":"scroll","background-type":"","background-media":"","overlay-type":"","overlay-color":"","overlay-opacity":"","overlay-gradient":""},"tablet":{"background-color":"","background-image":"","background-repeat":"repeat","background-position":"center center","background-size":"auto","background-attachment":"scroll","background-type":"","background-media":"","overlay-type":"","overlay-color":"","overlay-opacity":"","overlay-gradient":""},"mobile":{"background-color":"","background-image":"","background-repeat":"repeat","background-position":"center center","background-size":"auto","background-attachment":"scroll","background-type":"","background-media":"","overlay-type":"","overlay-color":"","overlay-opacity":"","overlay-gradient":""}},"ast-content-background-meta":{"desktop":{"background-color":"var(--ast-global-color-5)","background-image":"","background-repeat":"repeat","background-position":"center center","background-size":"auto","background-attachment":"scroll","background-type":"","background-media":"","overlay-type":"","overlay-color":"","overlay-opacity":"","overlay-gradient":""},"tablet":{"background-color":"var(--ast-global-color-5)","background-image":"","background-repeat":"repeat","background-position":"center center","background-size":"auto","background-attachment":"scroll","background-type":"","background-media":"","overlay-type":"","overlay-color":"","overlay-opacity":"","overlay-gradient":""},"mobile":{"background-color":"var(--ast-global-color-5)","background-image":"","background-repeat":"repeat","background-position":"center center","background-size":"auto","background-attachment":"scroll","background-type":"","background-media":"","overlay-type":"","overlay-color":"","overlay-opacity":"","overlay-gradient":""}},"footnotes":""},"class_list":["post-5359","page","type-page","status-publish","hentry"],"_links":{"self":[{"href":"https:\/\/mijn-lo.nl\/es\/wp-json\/wp\/v2\/pages\/5359","targetHints":{"allow":["GET"]}}],"collection":[{"href":"https:\/\/mijn-lo.nl\/es\/wp-json\/wp\/v2\/pages"}],"about":[{"href":"https:\/\/mijn-lo.nl\/es\/wp-json\/wp\/v2\/types\/page"}],"author":[{"embeddable":true,"href":"https:\/\/mijn-lo.nl\/es\/wp-json\/wp\/v2\/users\/1"}],"replies":[{"embeddable":true,"href":"https:\/\/mijn-lo.nl\/es\/wp-json\/wp\/v2\/comments?post=5359"}],"version-history":[{"count":10,"href":"https:\/\/mijn-lo.nl\/es\/wp-json\/wp\/v2\/pages\/5359\/revisions"}],"predecessor-version":[{"id":6319,"href":"https:\/\/mijn-lo.nl\/es\/wp-json\/wp\/v2\/pages\/5359\/revisions\/6319"}],"up":[{"embeddable":true,"href":"https:\/\/mijn-lo.nl\/es\/wp-json\/wp\/v2\/pages\/3364"}],"wp:attachment":[{"href":"https:\/\/mijn-lo.nl\/es\/wp-json\/wp\/v2\/media?parent=5359"}],"curies":[{"name":"wp","href":"https:\/\/api.w.org\/{rel}","templated":true}]}}