{"id":5361,"date":"2024-02-13T14:38:36","date_gmt":"2024-02-13T14:38:36","guid":{"rendered":"http:\/\/mijn-lo.nl\/?page_id=5361"},"modified":"2025-08-19T17:39:13","modified_gmt":"2025-08-19T17:39:13","slug":"salary-and-taxes","status":"publish","type":"page","link":"https:\/\/mijn-lo.nl\/es\/work\/salary-and-taxes\/","title":{"rendered":"Salario e impuestos"},"content":{"rendered":"<div data-elementor-type=\"wp-page\" data-elementor-id=\"5361\" class=\"elementor elementor-5361\" data-elementor-post-type=\"page\">\n\t\t\t\t\t\t<section class=\"elementor-section elementor-top-section elementor-element elementor-element-44bcf34 elementor-section-boxed elementor-section-height-default elementor-section-height-default\" data-id=\"44bcf34\" data-element_type=\"section\">\n\t\t\t\t\t\t<div class=\"elementor-container elementor-column-gap-default\">\n\t\t\t\t\t<div class=\"elementor-column elementor-col-50 elementor-top-column elementor-element elementor-element-a440396\" data-id=\"a440396\" data-element_type=\"column\">\n\t\t\t<div class=\"elementor-widget-wrap elementor-element-populated\">\n\t\t\t\t\t\t<div class=\"elementor-element elementor-element-7d0bcb3 elementor-widget elementor-widget-image\" data-id=\"7d0bcb3\" data-element_type=\"widget\" data-widget_type=\"image.default\">\n\t\t\t\t<div class=\"elementor-widget-container\">\n\t\t\t\t\t\t\t\t\t\t\t\t\t\t\t<img fetchpriority=\"high\" decoding=\"async\" width=\"700\" height=\"447\" src=\"https:\/\/mijn-lo.nl\/wp-content\/uploads\/2024\/02\/taxes1-700x447-1.webp\" class=\"attachment-large size-large wp-image-5347\" alt=\"\" srcset=\"https:\/\/mijn-lo.nl\/wp-content\/uploads\/2024\/02\/taxes1-700x447-1.webp 700w, https:\/\/mijn-lo.nl\/wp-content\/uploads\/2024\/02\/taxes1-700x447-1-300x192.webp 300w, https:\/\/mijn-lo.nl\/wp-content\/uploads\/2024\/02\/taxes1-700x447-1-18x12.webp 18w, https:\/\/mijn-lo.nl\/wp-content\/uploads\/2024\/02\/taxes1-700x447-1-24x15.webp 24w, https:\/\/mijn-lo.nl\/wp-content\/uploads\/2024\/02\/taxes1-700x447-1-36x23.webp 36w, https:\/\/mijn-lo.nl\/wp-content\/uploads\/2024\/02\/taxes1-700x447-1-48x31.webp 48w\" sizes=\"(max-width: 700px) 100vw, 700px\" \/>\t\t\t\t\t\t\t\t\t\t\t\t\t\t\t<\/div>\n\t\t\t\t<\/div>\n\t\t\t\t\t<\/div>\n\t\t<\/div>\n\t\t\t\t<div class=\"elementor-column elementor-col-50 elementor-top-column elementor-element elementor-element-876cbcb\" data-id=\"876cbcb\" data-element_type=\"column\">\n\t\t\t<div class=\"elementor-widget-wrap elementor-element-populated\">\n\t\t\t\t\t\t<div class=\"elementor-element elementor-element-4f79eb6 elementor-widget elementor-widget-text-editor\" data-id=\"4f79eb6\" data-element_type=\"widget\" data-widget_type=\"text-editor.default\">\n\t\t\t\t<div class=\"elementor-widget-container\">\n\t\t\t\t\t\t\t\t\t<h3 class=\"mbr-section-title mbr-fonts-style mb-3 display-5\"><strong>Salario e impuestos<\/strong><\/h3><p class=\"mbr-text mbr-fonts-style display-7\">Una vez al a\u00f1o recibir\u00e1 una declaraci\u00f3n en la que constan su salario bruto y neto del a\u00f1o anterior. Tiene que utilizar este documento para la declaraci\u00f3n de la renta que debe presentar el 1 de marzo. A veces te devuelven dinero.<br \/>El salario figura en su n\u00f3mina:<br \/><strong>Salario neto<\/strong>\u00a0es la cantidad que recibe en su cuenta bancaria, sin impuestos.<br \/><strong>Salario bruto<\/strong>\u00a0es el salario total, impuestos incluidos, del que quedan por deducir los impuestos.<br \/><br \/><strong>Ejemplo<\/strong><br \/>Supongamos que su salario es de 1 600 EUR brutos y 1 200 EUR netos. En este caso pagas 400 EUR de impuestos y primas.<br \/><br \/><strong>Impuesto\u00a0<\/strong>es una cantidad que pagas al gobierno y que \u00e9ste utiliza para financiar carreteras, escuelas, polic\u00eda y prestaciones sociales, por ejemplo. Pagas primas por seguros relacionados con tu trabajo, como pensiones, desempleo e invalidez.<\/p>\t\t\t\t\t\t\t\t<\/div>\n\t\t\t\t<\/div>\n\t\t\t\t\t<\/div>\n\t\t<\/div>\n\t\t\t\t\t<\/div>\n\t\t<\/section>\n\t\t\t\t<section class=\"elementor-section elementor-top-section elementor-element elementor-element-f378856 elementor-reverse-tablet elementor-reverse-mobile elementor-section-boxed elementor-section-height-default elementor-section-height-default\" data-id=\"f378856\" data-element_type=\"section\">\n\t\t\t\t\t\t<div class=\"elementor-container elementor-column-gap-default\">\n\t\t\t\t\t<div class=\"elementor-column elementor-col-50 elementor-top-column elementor-element elementor-element-c944c5a\" data-id=\"c944c5a\" data-element_type=\"column\">\n\t\t\t<div class=\"elementor-widget-wrap elementor-element-populated\">\n\t\t\t\t\t\t<div class=\"elementor-element elementor-element-06ec7e2 elementor-widget elementor-widget-text-editor\" data-id=\"06ec7e2\" data-element_type=\"widget\" data-widget_type=\"text-editor.default\">\n\t\t\t\t<div class=\"elementor-widget-container\">\n\t\t\t\t\t\t\t\t\t<h3 class=\"mbr-section-title mbr-fonts-style mb-3 display-5\"><strong>Si tiene o crea una empresa<\/strong><\/h3><p class=\"mbr-text mbr-fonts-style display-7\">Alguien puede convertirse en empresario independiente (= crear su propia empresa). En ese caso, t\u00fa mismo eres el jefe. Trabajo duro y buena organizaci\u00f3n = ganar mucho dinero. Enfermedad o vacaciones = \u00a1no hay dinero!<br \/><br \/><strong>\u00bfQu\u00e9 necesita?<br \/><\/strong>- A veces se necesitan determinados t\u00edtulos, por ejemplo si quieres empezar como peluquero.<br \/>- Para empezar se suele necesitar dinero que se puede pedir prestado al banco<br \/>- Para que el banco te conceda el dinero, tienes que redactar un plan de negocio (es decir, lo que quieres hacer y c\u00f3mo lo vas a hacer). El banco siempre quiere saber cu\u00e1l es tu plan. Si montas tu propia empresa, tienes que registrarte en la C\u00e1mara de Comercio (= una organizaci\u00f3n que ayuda a las empresas). M\u00e1s informaci\u00f3n en:<br \/><br \/><a class=\"text-primary\" href=\"https:\/\/www.kvk.nl\/\" target=\"_blank\" rel=\"noopener\">KVK<\/a>\u00a0 \u00a0Lamentablemente, la informaci\u00f3n s\u00f3lo est\u00e1 disponible en neerland\u00e9s.<br \/><br \/>La KvK comprueba si una empresa funciona conforme a las normas legales. Proporcionan informaci\u00f3n sobre impuestos, cursos y el plan de empresa.<\/p>\t\t\t\t\t\t\t\t<\/div>\n\t\t\t\t<\/div>\n\t\t\t\t\t<\/div>\n\t\t<\/div>\n\t\t\t\t<div class=\"elementor-column elementor-col-50 elementor-top-column elementor-element elementor-element-c440c33\" data-id=\"c440c33\" data-element_type=\"column\">\n\t\t\t<div class=\"elementor-widget-wrap elementor-element-populated\">\n\t\t\t\t\t\t<div class=\"elementor-element elementor-element-dcb091d elementor-widget elementor-widget-image\" data-id=\"dcb091d\" data-element_type=\"widget\" data-widget_type=\"image.default\">\n\t\t\t\t<div class=\"elementor-widget-container\">\n\t\t\t\t\t\t\t\t\t\t\t\t\t\t\t<img decoding=\"async\" width=\"576\" height=\"946\" src=\"https:\/\/mijn-lo.nl\/wp-content\/uploads\/2024\/02\/own-company2-576x946-1-1.webp\" class=\"attachment-large size-large wp-image-5329\" alt=\"\" srcset=\"https:\/\/mijn-lo.nl\/wp-content\/uploads\/2024\/02\/own-company2-576x946-1-1.webp 576w, https:\/\/mijn-lo.nl\/wp-content\/uploads\/2024\/02\/own-company2-576x946-1-1-183x300.webp 183w, https:\/\/mijn-lo.nl\/wp-content\/uploads\/2024\/02\/own-company2-576x946-1-1-7x12.webp 7w, https:\/\/mijn-lo.nl\/wp-content\/uploads\/2024\/02\/own-company2-576x946-1-1-15x24.webp 15w, https:\/\/mijn-lo.nl\/wp-content\/uploads\/2024\/02\/own-company2-576x946-1-1-22x36.webp 22w, https:\/\/mijn-lo.nl\/wp-content\/uploads\/2024\/02\/own-company2-576x946-1-1-29x48.webp 29w\" sizes=\"(max-width: 576px) 100vw, 576px\" \/>\t\t\t\t\t\t\t\t\t\t\t\t\t\t\t<\/div>\n\t\t\t\t<\/div>\n\t\t\t\t\t<\/div>\n\t\t<\/div>\n\t\t\t\t\t<\/div>\n\t\t<\/section>\n\t\t\t\t<section class=\"elementor-section elementor-top-section elementor-element elementor-element-eeab46b elementor-section-boxed elementor-section-height-default elementor-section-height-default\" data-id=\"eeab46b\" data-element_type=\"section\">\n\t\t\t\t\t\t<div class=\"elementor-container elementor-column-gap-default\">\n\t\t\t\t\t<div class=\"elementor-column elementor-col-50 elementor-top-column elementor-element elementor-element-ff9b4f5\" data-id=\"ff9b4f5\" data-element_type=\"column\">\n\t\t\t<div class=\"elementor-widget-wrap elementor-element-populated\">\n\t\t\t\t\t\t<div class=\"elementor-element elementor-element-ac161c3 elementor-widget elementor-widget-image\" data-id=\"ac161c3\" data-element_type=\"widget\" data-widget_type=\"image.default\">\n\t\t\t\t<div class=\"elementor-widget-container\">\n\t\t\t\t\t\t\t\t\t\t\t\t\t\t\t<img decoding=\"async\" width=\"583\" height=\"934\" src=\"https:\/\/mijn-lo.nl\/wp-content\/uploads\/2024\/02\/together2-583x934-1.webp\" class=\"attachment-large size-large wp-image-4593\" alt=\"\" srcset=\"https:\/\/mijn-lo.nl\/wp-content\/uploads\/2024\/02\/together2-583x934-1.webp 583w, https:\/\/mijn-lo.nl\/wp-content\/uploads\/2024\/02\/together2-583x934-1-187x300.webp 187w, https:\/\/mijn-lo.nl\/wp-content\/uploads\/2024\/02\/together2-583x934-1-7x12.webp 7w, https:\/\/mijn-lo.nl\/wp-content\/uploads\/2024\/02\/together2-583x934-1-15x24.webp 15w, https:\/\/mijn-lo.nl\/wp-content\/uploads\/2024\/02\/together2-583x934-1-22x36.webp 22w, https:\/\/mijn-lo.nl\/wp-content\/uploads\/2024\/02\/together2-583x934-1-30x48.webp 30w\" sizes=\"(max-width: 583px) 100vw, 583px\" \/>\t\t\t\t\t\t\t\t\t\t\t\t\t\t\t<\/div>\n\t\t\t\t<\/div>\n\t\t\t\t\t<\/div>\n\t\t<\/div>\n\t\t\t\t<div class=\"elementor-column elementor-col-50 elementor-top-column elementor-element elementor-element-1c75fdc\" data-id=\"1c75fdc\" data-element_type=\"column\">\n\t\t\t<div class=\"elementor-widget-wrap elementor-element-populated\">\n\t\t\t\t\t\t<div class=\"elementor-element elementor-element-4a855f7 elementor-widget elementor-widget-text-editor\" data-id=\"4a855f7\" data-element_type=\"widget\" data-widget_type=\"text-editor.default\">\n\t\t\t\t<div class=\"elementor-widget-container\">\n\t\t\t\t\t\t\t\t\t<h3 class=\"mbr-section-title mbr-fonts-style mb-3 display-5\"><strong>Trabajando juntos<\/strong><\/h3><p class=\"mbr-text mbr-fonts-style display-7\">Trabaja junto con colegas y, a veces, tiene una consulta o reuni\u00f3n de trabajo en la que habla sobre el trabajo, hace planes y discute problemas. En una empresa, cada departamento tiene un gerente. El director es el jefe de los ejecutivos. Hablas de forma diferente con tu jefe que con tus compa\u00f1eros normales.<\/p><p>\u2022 Los colegas hacen que el trabajo sea m\u00e1s divertido y f\u00e1cil. Se ayudan mutuamente, hablan entre s\u00ed y se felicitan. Muchas empresas cuentan con una asociaci\u00f3n de personal que organiza actividades divertidas, como fiestas o jugar a los bolos.<br \/>\u2022 Es probable que cometa errores al principio porque todav\u00eda est\u00e1 aprendiendo. Pida ayuda y est\u00e9 abierto a las cr\u00edticas. Habla con tu gerente. Una revisi\u00f3n de desempe\u00f1o es una conversaci\u00f3n con su gerente sobre c\u00f3mo va el trabajo y qu\u00e9 se podr\u00eda mejorar.<br \/>\u2022 Es normal cometer errores al principio porque todav\u00eda est\u00e1s aprendiendo. Es importante pedir ayuda y estar abierto a las cr\u00edticas para poder hacer lo mejor que puedas. Es bueno hablar con tu jefe.<br \/>\u2022 Una evaluaci\u00f3n de desempe\u00f1o es una conversaci\u00f3n con su jefe sobre c\u00f3mo hace su trabajo y qu\u00e9 podr\u00eda mejorarse.<br \/>- A veces hay discriminaci\u00f3n si eres extranjero, por ejemplo si eres musulm\u00e1n y los compa\u00f1eros te molestan cuando quieres rezar. Es importante no enfadarse f\u00e1cilmente, porque a veces puede tratarse de una broma. Si no para, es bueno hablar primero con el colega. Si eso no ayuda, puedes pedir cita con el jefe o el director. <strong>Prohibida la discriminaci\u00f3n<\/strong> y tienes derecho a hacer algo al respecto. Siempre puedes denunciarlo a la polic\u00eda.<\/p>\t\t\t\t\t\t\t\t<\/div>\n\t\t\t\t<\/div>\n\t\t\t\t\t<\/div>\n\t\t<\/div>\n\t\t\t\t\t<\/div>\n\t\t<\/section>\n\t\t\t\t<section class=\"elementor-section elementor-top-section elementor-element elementor-element-2edcca1 elementor-section-boxed elementor-section-height-default elementor-section-height-default\" data-id=\"2edcca1\" data-element_type=\"section\">\n\t\t\t\t\t\t<div class=\"elementor-container elementor-column-gap-default\">\n\t\t\t\t\t<div class=\"elementor-column elementor-col-100 elementor-top-column elementor-element elementor-element-75349f87\" data-id=\"75349f87\" data-element_type=\"column\">\n\t\t\t<div class=\"elementor-widget-wrap elementor-element-populated\">\n\t\t\t\t\t\t<div class=\"elementor-element elementor-element-2d2d0e50 elementor-align-center elementor-widget elementor-widget-button\" data-id=\"2d2d0e50\" data-element_type=\"widget\" data-widget_type=\"button.default\">\n\t\t\t\t<div class=\"elementor-widget-container\">\n\t\t\t\t\t\t\t\t\t<div class=\"elementor-button-wrapper\">\n\t\t\t\t\t<a class=\"elementor-button elementor-button-link elementor-size-sm\" href=\"https:\/\/mijn-lo.nl\/es\/work\/learn-words-about-work\/\">\n\t\t\t\t\t\t<span class=\"elementor-button-content-wrapper\">\n\t\t\t\t\t\t\t\t\t<span class=\"elementor-button-text\">continuar<\/span>\n\t\t\t\t\t<\/span>\n\t\t\t\t\t<\/a>\n\t\t\t\t<\/div>\n\t\t\t\t\t\t\t\t<\/div>\n\t\t\t\t<\/div>\n\t\t\t\t\t<\/div>\n\t\t<\/div>\n\t\t\t\t\t<\/div>\n\t\t<\/section>\n\t\t\t\t<\/div>","protected":false},"excerpt":{"rendered":"<p>Salary and Taxes Once a year you will receive an annual statement stating your gross and net salary for the past year. You have to use this document for the tax return that you must submit on March 1. Sometimes you get money back.The salary is stated on your payslip:Net salary\u00a0is the amount you receive [&hellip;]<\/p>\n","protected":false},"author":1,"featured_media":0,"parent":3364,"menu_order":7,"comment_status":"closed","ping_status":"closed","template":"elementor_canvas","meta":{"site-sidebar-layout":"no-sidebar","site-content-layout":"page-builder","ast-site-content-layout":"full-width-container","site-content-style":"default","site-sidebar-style":"default","ast-global-header-display":"","ast-banner-title-visibility":"","ast-main-header-display":"","ast-hfb-above-header-display":"","ast-hfb-below-header-display":"","ast-hfb-mobile-header-display":"","site-post-title":"disabled","ast-breadcrumbs-content":"","ast-featured-img":"disabled","footer-sml-layout":"","theme-transparent-header-meta":"","adv-header-id-meta":"","stick-header-meta":"","header-above-stick-meta":"","header-main-stick-meta":"","header-below-stick-meta":"","astra-migrate-meta-layouts":"set","ast-page-background-enabled":"default","ast-page-background-meta":{"desktop":{"background-color":"var(--ast-global-color-4)","background-image":"","background-repeat":"repeat","background-position":"center center","background-size":"auto","background-attachment":"scroll","background-type":"","background-media":"","overlay-type":"","overlay-color":"","overlay-opacity":"","overlay-gradient":""},"tablet":{"background-color":"","background-image":"","background-repeat":"repeat","background-position":"center center","background-size":"auto","background-attachment":"scroll","background-type":"","background-media":"","overlay-type":"","overlay-color":"","overlay-opacity":"","overlay-gradient":""},"mobile":{"background-color":"","background-image":"","background-repeat":"repeat","background-position":"center center","background-size":"auto","background-attachment":"scroll","background-type":"","background-media":"","overlay-type":"","overlay-color":"","overlay-opacity":"","overlay-gradient":""}},"ast-content-background-meta":{"desktop":{"background-color":"var(--ast-global-color-5)","background-image":"","background-repeat":"repeat","background-position":"center center","background-size":"auto","background-attachment":"scroll","background-type":"","background-media":"","overlay-type":"","overlay-color":"","overlay-opacity":"","overlay-gradient":""},"tablet":{"background-color":"var(--ast-global-color-5)","background-image":"","background-repeat":"repeat","background-position":"center center","background-size":"auto","background-attachment":"scroll","background-type":"","background-media":"","overlay-type":"","overlay-color":"","overlay-opacity":"","overlay-gradient":""},"mobile":{"background-color":"var(--ast-global-color-5)","background-image":"","background-repeat":"repeat","background-position":"center center","background-size":"auto","background-attachment":"scroll","background-type":"","background-media":"","overlay-type":"","overlay-color":"","overlay-opacity":"","overlay-gradient":""}},"footnotes":""},"class_list":["post-5361","page","type-page","status-publish","hentry"],"_links":{"self":[{"href":"https:\/\/mijn-lo.nl\/es\/wp-json\/wp\/v2\/pages\/5361","targetHints":{"allow":["GET"]}}],"collection":[{"href":"https:\/\/mijn-lo.nl\/es\/wp-json\/wp\/v2\/pages"}],"about":[{"href":"https:\/\/mijn-lo.nl\/es\/wp-json\/wp\/v2\/types\/page"}],"author":[{"embeddable":true,"href":"https:\/\/mijn-lo.nl\/es\/wp-json\/wp\/v2\/users\/1"}],"replies":[{"embeddable":true,"href":"https:\/\/mijn-lo.nl\/es\/wp-json\/wp\/v2\/comments?post=5361"}],"version-history":[{"count":13,"href":"https:\/\/mijn-lo.nl\/es\/wp-json\/wp\/v2\/pages\/5361\/revisions"}],"predecessor-version":[{"id":6322,"href":"https:\/\/mijn-lo.nl\/es\/wp-json\/wp\/v2\/pages\/5361\/revisions\/6322"}],"up":[{"embeddable":true,"href":"https:\/\/mijn-lo.nl\/es\/wp-json\/wp\/v2\/pages\/3364"}],"wp:attachment":[{"href":"https:\/\/mijn-lo.nl\/es\/wp-json\/wp\/v2\/media?parent=5361"}],"curies":[{"name":"wp","href":"https:\/\/api.w.org\/{rel}","templated":true}]}}