{"id":5571,"date":"2024-02-14T16:04:17","date_gmt":"2024-02-14T16:04:17","guid":{"rendered":"http:\/\/mijn-lo.nl\/?page_id=5571"},"modified":"2025-08-19T17:35:53","modified_gmt":"2025-08-19T17:35:53","slug":"finance","status":"publish","type":"page","link":"https:\/\/mijn-lo.nl\/es\/education\/finance\/","title":{"rendered":"Finanzas"},"content":{"rendered":"<div data-elementor-type=\"wp-page\" data-elementor-id=\"5571\" class=\"elementor elementor-5571\" data-elementor-post-type=\"page\">\n\t\t\t\t\t\t<section class=\"elementor-section elementor-top-section elementor-element elementor-element-820a8ba elementor-section-boxed elementor-section-height-default elementor-section-height-default\" data-id=\"820a8ba\" data-element_type=\"section\" data-settings=\"{&quot;background_background&quot;:&quot;classic&quot;}\">\n\t\t\t\t\t\t<div class=\"elementor-container elementor-column-gap-default\">\n\t\t\t\t\t<div class=\"elementor-column elementor-col-100 elementor-top-column elementor-element elementor-element-4f68968\" data-id=\"4f68968\" data-element_type=\"column\">\n\t\t\t<div class=\"elementor-widget-wrap elementor-element-populated\">\n\t\t\t\t\t\t<div class=\"elementor-element elementor-element-cf64e00 elementor-widget elementor-widget-heading\" data-id=\"cf64e00\" data-element_type=\"widget\" data-widget_type=\"heading.default\">\n\t\t\t\t<div class=\"elementor-widget-container\">\n\t\t\t\t\t<h2 class=\"elementor-heading-title elementor-size-default\">Finanzas <\/h2>\t\t\t\t<\/div>\n\t\t\t\t<\/div>\n\t\t\t\t\t<\/div>\n\t\t<\/div>\n\t\t\t\t\t<\/div>\n\t\t<\/section>\n\t\t\t\t<section class=\"elementor-section elementor-top-section elementor-element elementor-element-21c66c4 elementor-section-boxed elementor-section-height-default elementor-section-height-default\" data-id=\"21c66c4\" data-element_type=\"section\">\n\t\t\t\t\t\t<div class=\"elementor-container elementor-column-gap-default\">\n\t\t\t\t\t<div class=\"elementor-column elementor-col-50 elementor-top-column elementor-element elementor-element-60e1a44\" data-id=\"60e1a44\" data-element_type=\"column\">\n\t\t\t<div class=\"elementor-widget-wrap elementor-element-populated\">\n\t\t\t\t\t\t<div class=\"elementor-element elementor-element-f6c5e96 elementor-widget elementor-widget-image\" data-id=\"f6c5e96\" data-element_type=\"widget\" data-widget_type=\"image.default\">\n\t\t\t\t<div class=\"elementor-widget-container\">\n\t\t\t\t\t\t\t\t\t\t\t\t\t\t\t<img fetchpriority=\"high\" decoding=\"async\" width=\"766\" height=\"667\" src=\"https:\/\/mijn-lo.nl\/wp-content\/uploads\/2024\/02\/money-766x667-1.webp\" class=\"attachment-large size-large wp-image-4513\" alt=\"\" srcset=\"https:\/\/mijn-lo.nl\/wp-content\/uploads\/2024\/02\/money-766x667-1.webp 766w, https:\/\/mijn-lo.nl\/wp-content\/uploads\/2024\/02\/money-766x667-1-300x261.webp 300w, https:\/\/mijn-lo.nl\/wp-content\/uploads\/2024\/02\/money-766x667-1-14x12.webp 14w, https:\/\/mijn-lo.nl\/wp-content\/uploads\/2024\/02\/money-766x667-1-24x21.webp 24w, https:\/\/mijn-lo.nl\/wp-content\/uploads\/2024\/02\/money-766x667-1-36x31.webp 36w, https:\/\/mijn-lo.nl\/wp-content\/uploads\/2024\/02\/money-766x667-1-48x42.webp 48w\" sizes=\"(max-width: 766px) 100vw, 766px\" \/>\t\t\t\t\t\t\t\t\t\t\t\t\t\t\t<\/div>\n\t\t\t\t<\/div>\n\t\t\t\t<div class=\"elementor-element elementor-element-04aff24 elementor-widget elementor-widget-text-editor\" data-id=\"04aff24\" data-element_type=\"widget\" data-widget_type=\"text-editor.default\">\n\t\t\t\t<div class=\"elementor-widget-container\">\n\t\t\t\t\t\t\t\t\t<p style=\"text-align: center;\">Dinero<\/p>\t\t\t\t\t\t\t\t<\/div>\n\t\t\t\t<\/div>\n\t\t\t\t\t<\/div>\n\t\t<\/div>\n\t\t\t\t<div class=\"elementor-column elementor-col-50 elementor-top-column elementor-element elementor-element-e531f2e\" data-id=\"e531f2e\" data-element_type=\"column\">\n\t\t\t<div class=\"elementor-widget-wrap elementor-element-populated\">\n\t\t\t\t\t\t<div class=\"elementor-element elementor-element-cb7b0bb elementor-widget elementor-widget-text-editor\" data-id=\"cb7b0bb\" data-element_type=\"widget\" data-widget_type=\"text-editor.default\">\n\t\t\t\t<div class=\"elementor-widget-container\">\n\t\t\t\t\t\t\t\t\t<h3 class=\"mbr-section-title mbr-fonts-style mb-3 display-5\"><strong>Educaci\u00f3n y costes<\/strong><\/h3><p class=\"mbr-text mbr-fonts-style display-7\">En los Pa\u00edses Bajos, los costes escolares var\u00edan en funci\u00f3n del tipo de centro.<br \/><br \/>Para los ni\u00f1os de primaria (basisschool), es gratis. Pero los padres pueden tener que pagar por algunas cosas, como l\u00e1pices y libros.<br \/><br \/>Para los ni\u00f1os mayores de secundaria (voortgezet onderwijs), tambi\u00e9n es gratis. Pero, los padres tienen que comprar algunas cosas de la escuela.<br \/><br \/>Los estudiantes de ense\u00f1anza superior (hoger onderwijs) deben pagar dinero. Esto es lo que pueden pagar<br \/><br \/>Universidad: Los estudiantes holandeses pagan unos miles de euros al a\u00f1o. Los estudiantes de otros pa\u00edses pagan mucho m\u00e1s.<br \/>Escuela de ciencias aplicadas: Los estudiantes neerlandeses pagan varios miles de euros al a\u00f1o. Los estudiantes de otros pa\u00edses pagan mucho m\u00e1s.<\/p>\t\t\t\t\t\t\t\t<\/div>\n\t\t\t\t<\/div>\n\t\t\t\t\t<\/div>\n\t\t<\/div>\n\t\t\t\t\t<\/div>\n\t\t<\/section>\n\t\t\t\t<section class=\"elementor-section elementor-top-section elementor-element elementor-element-11d6ec2 elementor-reverse-tablet elementor-reverse-mobile elementor-section-boxed elementor-section-height-default elementor-section-height-default\" data-id=\"11d6ec2\" data-element_type=\"section\">\n\t\t\t\t\t\t<div class=\"elementor-container elementor-column-gap-default\">\n\t\t\t\t\t<div class=\"elementor-column elementor-col-50 elementor-top-column elementor-element elementor-element-213854b\" data-id=\"213854b\" data-element_type=\"column\">\n\t\t\t<div class=\"elementor-widget-wrap elementor-element-populated\">\n\t\t\t\t\t\t<div class=\"elementor-element elementor-element-6d77de9 elementor-widget elementor-widget-text-editor\" data-id=\"6d77de9\" data-element_type=\"widget\" data-widget_type=\"text-editor.default\">\n\t\t\t\t<div class=\"elementor-widget-container\">\n\t\t\t\t\t\t\t\t\t<h3 class=\"mbr-section-title mbr-fonts-style mb-3 display-5\"><strong>Despu\u00e9s de la escuela primaria<\/strong><\/h3><p class=\"mbr-text mbr-fonts-style display-7\">Nos remitimos a la ilustraci\u00f3n ya dada. Vemos primero un per\u00edodo de 2 a\u00f1os. De hecho todos los ni\u00f1os reciben durante este periodo la misma educaci\u00f3n. Tienen que elegir entre vwo, havo o vmbo. Este periodo com\u00fan se introduce por motivos pol\u00edticos, pero en la pr\u00e1ctica los ni\u00f1os ya van a una escuela vmbo, a una havo o a una vwo. Por lo tanto, en la pr\u00e1ctica se pueden encontrar claras diferencias. La VWO tiene 2 posibilidades: Atheneum y Gymnasium. Gymnasium se considera la \"posibilidad m\u00e1s alta\" con cursos de lat\u00edn y griego.\u00a0<\/p>\t\t\t\t\t\t\t\t<\/div>\n\t\t\t\t<\/div>\n\t\t\t\t\t<\/div>\n\t\t<\/div>\n\t\t\t\t<div class=\"elementor-column elementor-col-50 elementor-top-column elementor-element elementor-element-0a869f7\" data-id=\"0a869f7\" data-element_type=\"column\">\n\t\t\t<div class=\"elementor-widget-wrap elementor-element-populated\">\n\t\t\t\t\t\t<div class=\"elementor-element elementor-element-78fd82c elementor-widget elementor-widget-image\" data-id=\"78fd82c\" data-element_type=\"widget\" data-widget_type=\"image.default\">\n\t\t\t\t<div class=\"elementor-widget-container\">\n\t\t\t\t\t\t\t\t\t\t\t\t\t\t\t<img decoding=\"async\" width=\"872\" height=\"629\" src=\"https:\/\/mijn-lo.nl\/wp-content\/uploads\/2024\/02\/schoolsysteem2-872x629-1.webp\" class=\"attachment-large size-large wp-image-5562\" alt=\"\" srcset=\"https:\/\/mijn-lo.nl\/wp-content\/uploads\/2024\/02\/schoolsysteem2-872x629-1.webp 872w, https:\/\/mijn-lo.nl\/wp-content\/uploads\/2024\/02\/schoolsysteem2-872x629-1-300x216.webp 300w, https:\/\/mijn-lo.nl\/wp-content\/uploads\/2024\/02\/schoolsysteem2-872x629-1-768x554.webp 768w, https:\/\/mijn-lo.nl\/wp-content\/uploads\/2024\/02\/schoolsysteem2-872x629-1-18x12.webp 18w, https:\/\/mijn-lo.nl\/wp-content\/uploads\/2024\/02\/schoolsysteem2-872x629-1-24x17.webp 24w, https:\/\/mijn-lo.nl\/wp-content\/uploads\/2024\/02\/schoolsysteem2-872x629-1-36x26.webp 36w, https:\/\/mijn-lo.nl\/wp-content\/uploads\/2024\/02\/schoolsysteem2-872x629-1-48x35.webp 48w\" sizes=\"(max-width: 872px) 100vw, 872px\" \/>\t\t\t\t\t\t\t\t\t\t\t\t\t\t\t<\/div>\n\t\t\t\t<\/div>\n\t\t\t\t<div class=\"elementor-element elementor-element-07b498e elementor-widget elementor-widget-text-editor\" data-id=\"07b498e\" data-element_type=\"widget\" data-widget_type=\"text-editor.default\">\n\t\t\t\t<div class=\"elementor-widget-container\">\n\t\t\t\t\t\t\t\t\t<p style=\"text-align: center;\">Dinero<\/p>\t\t\t\t\t\t\t\t<\/div>\n\t\t\t\t<\/div>\n\t\t\t\t\t<\/div>\n\t\t<\/div>\n\t\t\t\t\t<\/div>\n\t\t<\/section>\n\t\t\t\t<section class=\"elementor-section elementor-top-section elementor-element elementor-element-311e16a elementor-section-boxed elementor-section-height-default elementor-section-height-default\" data-id=\"311e16a\" data-element_type=\"section\">\n\t\t\t\t\t\t<div class=\"elementor-container elementor-column-gap-default\">\n\t\t\t\t\t<div class=\"elementor-column elementor-col-50 elementor-top-column elementor-element elementor-element-b6b32b9\" data-id=\"b6b32b9\" data-element_type=\"column\">\n\t\t\t<div class=\"elementor-widget-wrap elementor-element-populated\">\n\t\t\t\t\t\t<div class=\"elementor-element elementor-element-600b574 elementor-widget elementor-widget-image\" data-id=\"600b574\" data-element_type=\"widget\" data-widget_type=\"image.default\">\n\t\t\t\t<div class=\"elementor-widget-container\">\n\t\t\t\t\t\t\t\t\t\t\t\t\t\t\t<img decoding=\"async\" width=\"332\" height=\"500\" src=\"https:\/\/mijn-lo.nl\/wp-content\/uploads\/2024\/02\/euro-help-332x500-1.webp\" class=\"attachment-large size-large wp-image-4514\" alt=\"\" srcset=\"https:\/\/mijn-lo.nl\/wp-content\/uploads\/2024\/02\/euro-help-332x500-1.webp 332w, https:\/\/mijn-lo.nl\/wp-content\/uploads\/2024\/02\/euro-help-332x500-1-199x300.webp 199w, https:\/\/mijn-lo.nl\/wp-content\/uploads\/2024\/02\/euro-help-332x500-1-8x12.webp 8w, https:\/\/mijn-lo.nl\/wp-content\/uploads\/2024\/02\/euro-help-332x500-1-16x24.webp 16w, https:\/\/mijn-lo.nl\/wp-content\/uploads\/2024\/02\/euro-help-332x500-1-24x36.webp 24w, https:\/\/mijn-lo.nl\/wp-content\/uploads\/2024\/02\/euro-help-332x500-1-32x48.webp 32w\" sizes=\"(max-width: 332px) 100vw, 332px\" \/>\t\t\t\t\t\t\t\t\t\t\t\t\t\t\t<\/div>\n\t\t\t\t<\/div>\n\t\t\t\t<div class=\"elementor-element elementor-element-cafad67 elementor-widget elementor-widget-text-editor\" data-id=\"cafad67\" data-element_type=\"widget\" data-widget_type=\"text-editor.default\">\n\t\t\t\t<div class=\"elementor-widget-container\">\n\t\t\t\t\t\t\t\t\t<p style=\"text-align: center;\">Ayuda financiera<\/p>\t\t\t\t\t\t\t\t<\/div>\n\t\t\t\t<\/div>\n\t\t\t\t\t<\/div>\n\t\t<\/div>\n\t\t\t\t<div class=\"elementor-column elementor-col-50 elementor-top-column elementor-element elementor-element-092da81\" data-id=\"092da81\" data-element_type=\"column\">\n\t\t\t<div class=\"elementor-widget-wrap elementor-element-populated\">\n\t\t\t\t\t\t<div class=\"elementor-element elementor-element-7789889 elementor-widget elementor-widget-text-editor\" data-id=\"7789889\" data-element_type=\"widget\" data-widget_type=\"text-editor.default\">\n\t\t\t\t<div class=\"elementor-widget-container\">\n\t\t\t\t\t\t\t\t\t<h3 class=\"mbr-section-title mbr-fonts-style mb-3 display-5\"><strong>Ayuda financiera<\/strong><\/h3><p class=\"mbr-text mbr-fonts-style display-7\">El gobierno holand\u00e9s ofrece una serie de programas de asistencia financiera para ayudar a los padres con bajos ingresos a sufragar los gastos de educaci\u00f3n de sus hijos. Estos programas incluyen:<br \/><br \/><strong>\"Presupuesto Kindgebonden\"\u00a0<\/strong>(prestaci\u00f3n por hijo a cargo): Se trata de un subsidio mensual que se abona a los padres de hijos menores de 18 a\u00f1os. La cuant\u00eda de la prestaci\u00f3n depende de los ingresos de la familia y del n\u00famero de hijos que tengan.<br \/><strong>\"Studietoeslag\"\u00a0<\/strong>(beca de estudios): Se trata de una beca a la que pueden acceder los estudiantes que cursan estudios de formaci\u00f3n profesional de grado medio (MBO o VMBO) o de grado superior (HBO o WO). La cuant\u00eda de la beca depende de los ingresos del estudiante, de los ingresos de sus padres y del tipo de estudios que curse.<br \/><strong>\"MBO-studentenfonds\"<\/strong>(Fondo para estudiantes de MBO): Este fondo concede pr\u00e9stamos y becas a los estudiantes que cursan estudios de formaci\u00f3n profesional secundaria (MBO). Los pr\u00e9stamos no devengan intereses durante el periodo de estudios y el plazo de amortizaci\u00f3n es de diez a\u00f1os tras la graduaci\u00f3n.<br \/><strong>\"Tegemoetkoming onderwijskosten\"<\/strong>\u00a0(subsidio para gastos de educaci\u00f3n): Este subsidio se concede a los estudiantes de ense\u00f1anza secundaria profesional (MBO o VMBO) o superior (HBO o WO) con bajos ingresos. El subsidio est\u00e1 destinado a ayudar a los estudiantes a sufragar los gastos de matr\u00edcula, libros y otros gastos educativos.<br \/><br \/>Adem\u00e1s de estos programas, el Gobierno neerland\u00e9s ofrece otras prestaciones y subsidios que pueden ayudar a las familias con bajos ingresos a sufragar los gastos de crianza de los hijos, como por ejemplo<br \/><br \/><strong>\"Zorgtoeslag\"<\/strong>\u00a0(subsidio de asistencia sanitaria): Esta prestaci\u00f3n ayuda a los ciudadanos a sufragar los gastos de su seguro de enfermedad holand\u00e9s.<br \/><strong>\"Huurtoeslag\"<\/strong>\u00a0(ayuda al alquiler): Este subsidio ayuda a las personas a cubrir los gastos de su alquiler.<br \/><strong>\"Kinderbijslag\"<\/strong>\u00a0(prestaci\u00f3n por hijo a cargo): Este subsidio se abona a los padres de hijos menores de 18 a\u00f1os. La cuant\u00eda del subsidio es la misma para todas las familias, independientemente de sus ingresos.<br \/><br \/>Para solicitar cualquiera de estos programas, los padres o estudiantes pueden ponerse en contacto con la Administraci\u00f3n de Impuestos y Aduanas neerlandesa (<strong>\"Belastingdienst\"<\/strong>). Para m\u00e1s informaci\u00f3n, visite el sitio web de Belastingdienst o llame al tel\u00e9fono de atenci\u00f3n al cliente de Belastingdienst: 0800-0543.<\/p>\t\t\t\t\t\t\t\t<\/div>\n\t\t\t\t<\/div>\n\t\t\t\t\t<\/div>\n\t\t<\/div>\n\t\t\t\t\t<\/div>\n\t\t<\/section>\n\t\t\t\t<section class=\"elementor-section elementor-top-section elementor-element elementor-element-2edcca1 elementor-section-boxed elementor-section-height-default elementor-section-height-default\" data-id=\"2edcca1\" data-element_type=\"section\">\n\t\t\t\t\t\t<div class=\"elementor-container elementor-column-gap-default\">\n\t\t\t\t\t<div class=\"elementor-column elementor-col-100 elementor-top-column elementor-element elementor-element-75349f87\" data-id=\"75349f87\" data-element_type=\"column\">\n\t\t\t<div class=\"elementor-widget-wrap elementor-element-populated\">\n\t\t\t\t\t\t<div class=\"elementor-element elementor-element-2d2d0e50 elementor-align-center elementor-widget elementor-widget-button\" data-id=\"2d2d0e50\" data-element_type=\"widget\" data-widget_type=\"button.default\">\n\t\t\t\t<div class=\"elementor-widget-container\">\n\t\t\t\t\t\t\t\t\t<div class=\"elementor-button-wrapper\">\n\t\t\t\t\t<a class=\"elementor-button elementor-button-link elementor-size-sm\" href=\"https:\/\/mijn-lo.nl\/es\/education\/raising-kids\/\">\n\t\t\t\t\t\t<span class=\"elementor-button-content-wrapper\">\n\t\t\t\t\t\t\t\t\t<span class=\"elementor-button-text\">continuar<\/span>\n\t\t\t\t\t<\/span>\n\t\t\t\t\t<\/a>\n\t\t\t\t<\/div>\n\t\t\t\t\t\t\t\t<\/div>\n\t\t\t\t<\/div>\n\t\t\t\t\t<\/div>\n\t\t<\/div>\n\t\t\t\t\t<\/div>\n\t\t<\/section>\n\t\t\t\t<\/div>","protected":false},"excerpt":{"rendered":"<p>Finance Money Education and costs In the Netherlands, school costs change based on the school type. For little kids in primary school (basisschool), it&#8217;s free. But, parents might need to pay for some things like pencils and books. For bigger kids in secondary school (voortgezet onderwijs), it&#8217;s also free. But, parents have to buy some [&hellip;]<\/p>\n","protected":false},"author":1,"featured_media":0,"parent":3363,"menu_order":3,"comment_status":"closed","ping_status":"closed","template":"elementor_canvas","meta":{"site-sidebar-layout":"no-sidebar","site-content-layout":"page-builder","ast-site-content-layout":"full-width-container","site-content-style":"default","site-sidebar-style":"default","ast-global-header-display":"","ast-banner-title-visibility":"","ast-main-header-display":"","ast-hfb-above-header-display":"","ast-hfb-below-header-display":"","ast-hfb-mobile-header-display":"","site-post-title":"disabled","ast-breadcrumbs-content":"","ast-featured-img":"disabled","footer-sml-layout":"","theme-transparent-header-meta":"","adv-header-id-meta":"","stick-header-meta":"","header-above-stick-meta":"","header-main-stick-meta":"","header-below-stick-meta":"","astra-migrate-meta-layouts":"set","ast-page-background-enabled":"default","ast-page-background-meta":{"desktop":{"background-color":"var(--ast-global-color-4)","background-image":"","background-repeat":"repeat","background-position":"center center","background-size":"auto","background-attachment":"scroll","background-type":"","background-media":"","overlay-type":"","overlay-color":"","overlay-opacity":"","overlay-gradient":""},"tablet":{"background-color":"","background-image":"","background-repeat":"repeat","background-position":"center center","background-size":"auto","background-attachment":"scroll","background-type":"","background-media":"","overlay-type":"","overlay-color":"","overlay-opacity":"","overlay-gradient":""},"mobile":{"background-color":"","background-image":"","background-repeat":"repeat","background-position":"center center","background-size":"auto","background-attachment":"scroll","background-type":"","background-media":"","overlay-type":"","overlay-color":"","overlay-opacity":"","overlay-gradient":""}},"ast-content-background-meta":{"desktop":{"background-color":"var(--ast-global-color-5)","background-image":"","background-repeat":"repeat","background-position":"center center","background-size":"auto","background-attachment":"scroll","background-type":"","background-media":"","overlay-type":"","overlay-color":"","overlay-opacity":"","overlay-gradient":""},"tablet":{"background-color":"var(--ast-global-color-5)","background-image":"","background-repeat":"repeat","background-position":"center center","background-size":"auto","background-attachment":"scroll","background-type":"","background-media":"","overlay-type":"","overlay-color":"","overlay-opacity":"","overlay-gradient":""},"mobile":{"background-color":"var(--ast-global-color-5)","background-image":"","background-repeat":"repeat","background-position":"center center","background-size":"auto","background-attachment":"scroll","background-type":"","background-media":"","overlay-type":"","overlay-color":"","overlay-opacity":"","overlay-gradient":""}},"footnotes":""},"class_list":["post-5571","page","type-page","status-publish","hentry"],"_links":{"self":[{"href":"https:\/\/mijn-lo.nl\/es\/wp-json\/wp\/v2\/pages\/5571","targetHints":{"allow":["GET"]}}],"collection":[{"href":"https:\/\/mijn-lo.nl\/es\/wp-json\/wp\/v2\/pages"}],"about":[{"href":"https:\/\/mijn-lo.nl\/es\/wp-json\/wp\/v2\/types\/page"}],"author":[{"embeddable":true,"href":"https:\/\/mijn-lo.nl\/es\/wp-json\/wp\/v2\/users\/1"}],"replies":[{"embeddable":true,"href":"https:\/\/mijn-lo.nl\/es\/wp-json\/wp\/v2\/comments?post=5571"}],"version-history":[{"count":7,"href":"https:\/\/mijn-lo.nl\/es\/wp-json\/wp\/v2\/pages\/5571\/revisions"}],"predecessor-version":[{"id":6298,"href":"https:\/\/mijn-lo.nl\/es\/wp-json\/wp\/v2\/pages\/5571\/revisions\/6298"}],"up":[{"embeddable":true,"href":"https:\/\/mijn-lo.nl\/es\/wp-json\/wp\/v2\/pages\/3363"}],"wp:attachment":[{"href":"https:\/\/mijn-lo.nl\/es\/wp-json\/wp\/v2\/media?parent=5571"}],"curies":[{"name":"wp","href":"https:\/\/api.w.org\/{rel}","templated":true}]}}