{"id":5573,"date":"2024-02-14T16:04:36","date_gmt":"2024-02-14T16:04:36","guid":{"rendered":"http:\/\/mijn-lo.nl\/?page_id=5573"},"modified":"2025-08-19T17:36:17","modified_gmt":"2025-08-19T17:36:17","slug":"raising-kids","status":"publish","type":"page","link":"https:\/\/mijn-lo.nl\/es\/education\/raising-kids\/","title":{"rendered":"Criar a los ni\u00f1os"},"content":{"rendered":"<div data-elementor-type=\"wp-page\" data-elementor-id=\"5573\" class=\"elementor elementor-5573\" data-elementor-post-type=\"page\">\n\t\t\t\t\t\t<section class=\"elementor-section elementor-top-section elementor-element elementor-element-6810fd3 elementor-section-boxed elementor-section-height-default elementor-section-height-default\" data-id=\"6810fd3\" data-element_type=\"section\" data-settings=\"{&quot;background_background&quot;:&quot;classic&quot;}\">\n\t\t\t\t\t\t<div class=\"elementor-container elementor-column-gap-default\">\n\t\t\t\t\t<div class=\"elementor-column elementor-col-100 elementor-top-column elementor-element elementor-element-665021e\" data-id=\"665021e\" data-element_type=\"column\">\n\t\t\t<div class=\"elementor-widget-wrap elementor-element-populated\">\n\t\t\t\t\t\t<div class=\"elementor-element elementor-element-dc5257a elementor-widget elementor-widget-heading\" data-id=\"dc5257a\" data-element_type=\"widget\" data-widget_type=\"heading.default\">\n\t\t\t\t<div class=\"elementor-widget-container\">\n\t\t\t\t\t<h2 class=\"elementor-heading-title elementor-size-default\">Criar a los ni\u00f1os <\/h2>\t\t\t\t<\/div>\n\t\t\t\t<\/div>\n\t\t\t\t\t<\/div>\n\t\t<\/div>\n\t\t\t\t\t<\/div>\n\t\t<\/section>\n\t\t\t\t<section class=\"elementor-section elementor-top-section elementor-element elementor-element-f88c832 elementor-reverse-tablet elementor-reverse-mobile elementor-section-boxed elementor-section-height-default elementor-section-height-default\" data-id=\"f88c832\" data-element_type=\"section\">\n\t\t\t\t\t\t<div class=\"elementor-container elementor-column-gap-default\">\n\t\t\t\t\t<div class=\"elementor-column elementor-col-50 elementor-top-column elementor-element elementor-element-748187a\" data-id=\"748187a\" data-element_type=\"column\">\n\t\t\t<div class=\"elementor-widget-wrap elementor-element-populated\">\n\t\t\t\t\t\t<div class=\"elementor-element elementor-element-9ea2d13 elementor-widget elementor-widget-text-editor\" data-id=\"9ea2d13\" data-element_type=\"widget\" data-widget_type=\"text-editor.default\">\n\t\t\t\t<div class=\"elementor-widget-container\">\n\t\t\t\t\t\t\t\t\t<h3 class=\"mbr-section-title mbr-fonts-style mb-3 display-5\"><strong>Sobre la educaci\u00f3n de los hijos<\/strong><\/h3><p class=\"mbr-text mbr-fonts-style display-7\">Criar a los hijos en los Pa\u00edses Bajos es un asunto importante<br \/><br \/><strong>Los ni\u00f1os tienen que tener una infancia feliz y sentirse seguros.\u00a0<\/strong>Los Pa\u00edses Bajos suelen encabezar las listas sobre la felicidad de los ni\u00f1os gracias a las buenas escuelas, los fuertes lazos familiares y el apoyo del gobierno. Pero, como en cualquier pa\u00eds, pueden surgir problemas.<br \/><br \/><strong>Los padres suelen buscar un buen equilibrio entre trabajo y vida privada.<\/strong>\u00a0Las empresas de los Pa\u00edses Bajos ofrecen horarios flexibles y largos permisos parentales.<br \/>En general, el pa\u00eds es seguro y cuenta con una excelente atenci\u00f3n sanitaria. La delincuencia es relativamente baja. Pero, como siempre, hay problemas con las drogas, el juego y la adicci\u00f3n a los smartphones.<br \/><br \/><strong>Fomentar la independencia.<\/strong>\u00a0A los ni\u00f1os holandeses se les suele ense\u00f1ar a pensar y actuar por su cuenta. Dejarles elegir es la clave.<br \/><br \/><strong>Ay\u00fadales a socializar.<\/strong>\u00a0Las citas para jugar, los deportes y los clubes son habituales y ayudan a los ni\u00f1os a hacer amigos.<br \/><br \/><strong>Pres\u00e9nteles diferentes culturas.\u00a0<\/strong>Con una poblaci\u00f3n diversa, los ni\u00f1os pueden conocer diversas tradiciones y lenguas. Se presta mucha atenci\u00f3n a la inclusi\u00f3n.<\/p>\t\t\t\t\t\t\t\t<\/div>\n\t\t\t\t<\/div>\n\t\t\t\t\t<\/div>\n\t\t<\/div>\n\t\t\t\t<div class=\"elementor-column elementor-col-50 elementor-top-column elementor-element elementor-element-6d6c662\" data-id=\"6d6c662\" data-element_type=\"column\">\n\t\t\t<div class=\"elementor-widget-wrap elementor-element-populated\">\n\t\t\t\t\t\t<div class=\"elementor-element elementor-element-d39c8c8 elementor-widget elementor-widget-image\" data-id=\"d39c8c8\" data-element_type=\"widget\" data-widget_type=\"image.default\">\n\t\t\t\t<div class=\"elementor-widget-container\">\n\t\t\t\t\t\t\t\t\t\t\t\t\t\t\t<img fetchpriority=\"high\" decoding=\"async\" width=\"711\" height=\"988\" src=\"https:\/\/mijn-lo.nl\/wp-content\/uploads\/2024\/02\/rasingg-kids2-711x988-1.webp\" class=\"attachment-large size-large wp-image-4518\" alt=\"\" srcset=\"https:\/\/mijn-lo.nl\/wp-content\/uploads\/2024\/02\/rasingg-kids2-711x988-1.webp 711w, https:\/\/mijn-lo.nl\/wp-content\/uploads\/2024\/02\/rasingg-kids2-711x988-1-216x300.webp 216w, https:\/\/mijn-lo.nl\/wp-content\/uploads\/2024\/02\/rasingg-kids2-711x988-1-9x12.webp 9w, https:\/\/mijn-lo.nl\/wp-content\/uploads\/2024\/02\/rasingg-kids2-711x988-1-17x24.webp 17w, https:\/\/mijn-lo.nl\/wp-content\/uploads\/2024\/02\/rasingg-kids2-711x988-1-26x36.webp 26w, https:\/\/mijn-lo.nl\/wp-content\/uploads\/2024\/02\/rasingg-kids2-711x988-1-35x48.webp 35w\" sizes=\"(max-width: 711px) 100vw, 711px\" \/>\t\t\t\t\t\t\t\t\t\t\t\t\t\t\t<\/div>\n\t\t\t\t<\/div>\n\t\t\t\t<div class=\"elementor-element elementor-element-76799f9 elementor-widget elementor-widget-text-editor\" data-id=\"76799f9\" data-element_type=\"widget\" data-widget_type=\"text-editor.default\">\n\t\t\t\t<div class=\"elementor-widget-container\">\n\t\t\t\t\t\t\t\t\t<p style=\"text-align: center;\">Madre e hija<\/p>\t\t\t\t\t\t\t\t<\/div>\n\t\t\t\t<\/div>\n\t\t\t\t\t<\/div>\n\t\t<\/div>\n\t\t\t\t\t<\/div>\n\t\t<\/section>\n\t\t\t\t<section class=\"elementor-section elementor-top-section elementor-element elementor-element-c2af9c8 elementor-section-boxed elementor-section-height-default elementor-section-height-default\" data-id=\"c2af9c8\" data-element_type=\"section\">\n\t\t\t\t\t\t<div class=\"elementor-container elementor-column-gap-default\">\n\t\t\t\t\t<div class=\"elementor-column elementor-col-50 elementor-top-column elementor-element elementor-element-820f2a6\" data-id=\"820f2a6\" data-element_type=\"column\">\n\t\t\t<div class=\"elementor-widget-wrap elementor-element-populated\">\n\t\t\t\t\t\t<div class=\"elementor-element elementor-element-2e25e9d elementor-widget elementor-widget-image\" data-id=\"2e25e9d\" data-element_type=\"widget\" data-widget_type=\"image.default\">\n\t\t\t\t<div class=\"elementor-widget-container\">\n\t\t\t\t\t\t\t\t\t\t\t\t\t\t\t<img decoding=\"async\" width=\"700\" height=\"486\" src=\"https:\/\/mijn-lo.nl\/wp-content\/uploads\/2024\/02\/jeugdzorg2-700x486-1.webp\" class=\"attachment-large size-large wp-image-5563\" alt=\"\" srcset=\"https:\/\/mijn-lo.nl\/wp-content\/uploads\/2024\/02\/jeugdzorg2-700x486-1.webp 700w, https:\/\/mijn-lo.nl\/wp-content\/uploads\/2024\/02\/jeugdzorg2-700x486-1-300x208.webp 300w, https:\/\/mijn-lo.nl\/wp-content\/uploads\/2024\/02\/jeugdzorg2-700x486-1-18x12.webp 18w, https:\/\/mijn-lo.nl\/wp-content\/uploads\/2024\/02\/jeugdzorg2-700x486-1-24x17.webp 24w, https:\/\/mijn-lo.nl\/wp-content\/uploads\/2024\/02\/jeugdzorg2-700x486-1-36x25.webp 36w, https:\/\/mijn-lo.nl\/wp-content\/uploads\/2024\/02\/jeugdzorg2-700x486-1-48x33.webp 48w\" sizes=\"(max-width: 700px) 100vw, 700px\" \/>\t\t\t\t\t\t\t\t\t\t\t\t\t\t\t<\/div>\n\t\t\t\t<\/div>\n\t\t\t\t<div class=\"elementor-element elementor-element-5552dff elementor-widget elementor-widget-text-editor\" data-id=\"5552dff\" data-element_type=\"widget\" data-widget_type=\"text-editor.default\">\n\t\t\t\t<div class=\"elementor-widget-container\">\n\t\t\t\t\t\t\t\t\t<p style=\"text-align: center;\">En caso de problemas...<\/p>\t\t\t\t\t\t\t\t<\/div>\n\t\t\t\t<\/div>\n\t\t\t\t\t<\/div>\n\t\t<\/div>\n\t\t\t\t<div class=\"elementor-column elementor-col-50 elementor-top-column elementor-element elementor-element-f618cf2\" data-id=\"f618cf2\" data-element_type=\"column\">\n\t\t\t<div class=\"elementor-widget-wrap elementor-element-populated\">\n\t\t\t\t\t\t<div class=\"elementor-element elementor-element-46998ae elementor-widget elementor-widget-text-editor\" data-id=\"46998ae\" data-element_type=\"widget\" data-widget_type=\"text-editor.default\">\n\t\t\t\t<div class=\"elementor-widget-container\">\n\t\t\t\t\t\t\t\t\t<h3 class=\"mbr-section-title mbr-fonts-style mb-3 display-5\"><strong>En caso de problemas: \"jeugdzorg\"<\/strong><\/h3><p class=\"mbr-text mbr-fonts-style display-7\">En caso de problemas, existe un servicio especial de atenci\u00f3n a los j\u00f3venes llamado \"jeugdzorg\".<\/p><p><audio class=\"wp-audio-shortcode\" id=\"audio-5573-1\" preload=\"none\" style=\"width: 100%;\" controls=\"controls\"><source type=\"audio\/wav\" src=\"https:\/\/mijn-lo.nl\/wp-content\/uploads\/2024\/02\/jeugdzorg.wav?_=1\" \/><a href=\"https:\/\/mijn-lo.nl\/wp-content\/uploads\/2024\/02\/jeugdzorg.wav\">https:\/\/mijn-lo.nl\/wp-content\/uploads\/2024\/02\/jeugdzorg.wav<\/a><\/audio><\/p><p><br \/>Este servicio est\u00e1 dirigido a padres e hijos y consta de 3 temas principales:<\/p><p><strong>\"Jeugdhulp\" (ayuda)<\/strong>: Ofrece apoyo a ni\u00f1os con dificultades emocionales, de comportamiento o de desarrollo. Puede incluir terapia, asesoramiento familiar o educaci\u00f3n especializada.<\/p><p>\u201c<strong>Jeugdbescherming\"(protecci\u00f3n)\u00a0<\/strong>Interviene cuando los ni\u00f1os corren riesgo de abandono, maltrato o explotaci\u00f3n. Esto puede implicar colocarlos en hogares de acogida, proporcionar apoyo familiar intensivo o intervenciones legales.<\/p><p><strong>Jeugdreclassering:<\/strong>\u00a0<strong>(abandona el camino criminal y encuentra el camino correcto):<\/strong>\u00a0Trabaja con delincuentes juveniles para abordar su conducta delictiva y ayudarles a reintegrarse en la sociedad. Esto implica supervisi\u00f3n, asesoramiento y servicio comunitario.<\/p><p>Por lo general, las personas pueden preguntar a su m\u00e9dico c\u00f3mo acceder a estos cuidados.<\/p>\t\t\t\t\t\t\t\t<\/div>\n\t\t\t\t<\/div>\n\t\t\t\t\t<\/div>\n\t\t<\/div>\n\t\t\t\t\t<\/div>\n\t\t<\/section>\n\t\t\t\t<section class=\"elementor-section elementor-top-section elementor-element elementor-element-2edcca1 elementor-section-boxed elementor-section-height-default elementor-section-height-default\" data-id=\"2edcca1\" data-element_type=\"section\">\n\t\t\t\t\t\t<div class=\"elementor-container elementor-column-gap-default\">\n\t\t\t\t\t<div class=\"elementor-column elementor-col-100 elementor-top-column elementor-element elementor-element-75349f87\" data-id=\"75349f87\" data-element_type=\"column\">\n\t\t\t<div class=\"elementor-widget-wrap elementor-element-populated\">\n\t\t\t\t\t\t<div class=\"elementor-element elementor-element-2d2d0e50 elementor-align-center elementor-widget elementor-widget-button\" data-id=\"2d2d0e50\" data-element_type=\"widget\" data-widget_type=\"button.default\">\n\t\t\t\t<div class=\"elementor-widget-container\">\n\t\t\t\t\t\t\t\t\t<div class=\"elementor-button-wrapper\">\n\t\t\t\t\t<a class=\"elementor-button elementor-button-link elementor-size-sm\" href=\"https:\/\/mijn-lo.nl\/es\/education\/test-6\/\">\n\t\t\t\t\t\t<span class=\"elementor-button-content-wrapper\">\n\t\t\t\t\t\t\t\t\t<span class=\"elementor-button-text\">continuar<\/span>\n\t\t\t\t\t<\/span>\n\t\t\t\t\t<\/a>\n\t\t\t\t<\/div>\n\t\t\t\t\t\t\t\t<\/div>\n\t\t\t\t<\/div>\n\t\t\t\t\t<\/div>\n\t\t<\/div>\n\t\t\t\t\t<\/div>\n\t\t<\/section>\n\t\t\t\t<\/div>","protected":false},"excerpt":{"rendered":"<p>Raising kids About raising kids Raising kids in the Netherlands is an important issue Kids have to have a happy childhood and have to feel safe.\u00a0The Netherlands often tops lists about children&#8217;s happiness due to good schools, strong family ties, and government support. But as in any countries problems may arise. Parents usualy look for [&hellip;]<\/p>\n","protected":false},"author":1,"featured_media":0,"parent":3363,"menu_order":4,"comment_status":"closed","ping_status":"closed","template":"elementor_canvas","meta":{"site-sidebar-layout":"no-sidebar","site-content-layout":"page-builder","ast-site-content-layout":"full-width-container","site-content-style":"default","site-sidebar-style":"default","ast-global-header-display":"","ast-banner-title-visibility":"","ast-main-header-display":"","ast-hfb-above-header-display":"","ast-hfb-below-header-display":"","ast-hfb-mobile-header-display":"","site-post-title":"disabled","ast-breadcrumbs-content":"","ast-featured-img":"disabled","footer-sml-layout":"","theme-transparent-header-meta":"","adv-header-id-meta":"","stick-header-meta":"","header-above-stick-meta":"","header-main-stick-meta":"","header-below-stick-meta":"","astra-migrate-meta-layouts":"set","ast-page-background-enabled":"default","ast-page-background-meta":{"desktop":{"background-color":"var(--ast-global-color-4)","background-image":"","background-repeat":"repeat","background-position":"center center","background-size":"auto","background-attachment":"scroll","background-type":"","background-media":"","overlay-type":"","overlay-color":"","overlay-opacity":"","overlay-gradient":""},"tablet":{"background-color":"","background-image":"","background-repeat":"repeat","background-position":"center center","background-size":"auto","background-attachment":"scroll","background-type":"","background-media":"","overlay-type":"","overlay-color":"","overlay-opacity":"","overlay-gradient":""},"mobile":{"background-color":"","background-image":"","background-repeat":"repeat","background-position":"center center","background-size":"auto","background-attachment":"scroll","background-type":"","background-media":"","overlay-type":"","overlay-color":"","overlay-opacity":"","overlay-gradient":""}},"ast-content-background-meta":{"desktop":{"background-color":"var(--ast-global-color-5)","background-image":"","background-repeat":"repeat","background-position":"center center","background-size":"auto","background-attachment":"scroll","background-type":"","background-media":"","overlay-type":"","overlay-color":"","overlay-opacity":"","overlay-gradient":""},"tablet":{"background-color":"var(--ast-global-color-5)","background-image":"","background-repeat":"repeat","background-position":"center center","background-size":"auto","background-attachment":"scroll","background-type":"","background-media":"","overlay-type":"","overlay-color":"","overlay-opacity":"","overlay-gradient":""},"mobile":{"background-color":"var(--ast-global-color-5)","background-image":"","background-repeat":"repeat","background-position":"center center","background-size":"auto","background-attachment":"scroll","background-type":"","background-media":"","overlay-type":"","overlay-color":"","overlay-opacity":"","overlay-gradient":""}},"footnotes":""},"class_list":["post-5573","page","type-page","status-publish","hentry"],"_links":{"self":[{"href":"https:\/\/mijn-lo.nl\/es\/wp-json\/wp\/v2\/pages\/5573","targetHints":{"allow":["GET"]}}],"collection":[{"href":"https:\/\/mijn-lo.nl\/es\/wp-json\/wp\/v2\/pages"}],"about":[{"href":"https:\/\/mijn-lo.nl\/es\/wp-json\/wp\/v2\/types\/page"}],"author":[{"embeddable":true,"href":"https:\/\/mijn-lo.nl\/es\/wp-json\/wp\/v2\/users\/1"}],"replies":[{"embeddable":true,"href":"https:\/\/mijn-lo.nl\/es\/wp-json\/wp\/v2\/comments?post=5573"}],"version-history":[{"count":13,"href":"https:\/\/mijn-lo.nl\/es\/wp-json\/wp\/v2\/pages\/5573\/revisions"}],"predecessor-version":[{"id":6301,"href":"https:\/\/mijn-lo.nl\/es\/wp-json\/wp\/v2\/pages\/5573\/revisions\/6301"}],"up":[{"embeddable":true,"href":"https:\/\/mijn-lo.nl\/es\/wp-json\/wp\/v2\/pages\/3363"}],"wp:attachment":[{"href":"https:\/\/mijn-lo.nl\/es\/wp-json\/wp\/v2\/media?parent=5573"}],"curies":[{"name":"wp","href":"https:\/\/api.w.org\/{rel}","templated":true}]}}