{"id":3293,"date":"2023-09-03T09:25:04","date_gmt":"2023-09-03T09:25:04","guid":{"rendered":"http:\/\/mijn-lo.nl\/?page_id=3293"},"modified":"2025-08-19T17:22:22","modified_gmt":"2025-08-19T17:22:22","slug":"dutch-manners","status":"publish","type":"page","link":"https:\/\/mijn-lo.nl\/hu\/people\/dutch-manners\/","title":{"rendered":"Holland modor"},"content":{"rendered":"<div data-elementor-type=\"wp-page\" data-elementor-id=\"3293\" class=\"elementor elementor-3293\" data-elementor-post-type=\"page\">\n\t\t\t\t\t\t<section class=\"elementor-section elementor-top-section elementor-element elementor-element-5c38edc9 elementor-section-boxed elementor-section-height-default elementor-section-height-default\" data-id=\"5c38edc9\" data-element_type=\"section\" data-settings=\"{&quot;background_background&quot;:&quot;classic&quot;}\">\n\t\t\t\t\t\t<div class=\"elementor-container elementor-column-gap-default\">\n\t\t\t\t\t<div class=\"elementor-column elementor-col-100 elementor-top-column elementor-element elementor-element-6cb9d5f0\" data-id=\"6cb9d5f0\" data-element_type=\"column\">\n\t\t\t<div class=\"elementor-widget-wrap elementor-element-populated\">\n\t\t\t\t\t\t<div class=\"elementor-element elementor-element-13fe97bf elementor-widget elementor-widget-heading\" data-id=\"13fe97bf\" data-element_type=\"widget\" data-widget_type=\"heading.default\">\n\t\t\t\t<div class=\"elementor-widget-container\">\n\t\t\t\t\t<h2 class=\"elementor-heading-title elementor-size-default\">EMBEREK<\/h2>\t\t\t\t<\/div>\n\t\t\t\t<\/div>\n\t\t\t\t\t<\/div>\n\t\t<\/div>\n\t\t\t\t\t<\/div>\n\t\t<\/section>\n\t\t\t\t<section class=\"elementor-section elementor-top-section elementor-element elementor-element-919e86c elementor-section-boxed elementor-section-height-default elementor-section-height-default\" data-id=\"919e86c\" data-element_type=\"section\">\n\t\t\t\t\t\t<div class=\"elementor-container elementor-column-gap-default\">\n\t\t\t\t\t<div class=\"elementor-column elementor-col-100 elementor-top-column elementor-element elementor-element-39af052\" data-id=\"39af052\" data-element_type=\"column\">\n\t\t\t<div class=\"elementor-widget-wrap elementor-element-populated\">\n\t\t\t\t\t\t<div class=\"elementor-element elementor-element-17e3281 elementor-widget elementor-widget-image\" data-id=\"17e3281\" data-element_type=\"widget\" data-widget_type=\"image.default\">\n\t\t\t\t<div class=\"elementor-widget-container\">\n\t\t\t\t\t\t\t\t\t\t\t\t\t\t\t<img fetchpriority=\"high\" decoding=\"async\" width=\"1024\" height=\"471\" src=\"https:\/\/mijn-lo.nl\/wp-content\/uploads\/2023\/09\/alkmaar1-1-1200x552-1-1024x471.webp\" class=\"attachment-large size-large wp-image-3295\" alt=\"\" srcset=\"https:\/\/mijn-lo.nl\/wp-content\/uploads\/2023\/09\/alkmaar1-1-1200x552-1-1024x471.webp 1024w, https:\/\/mijn-lo.nl\/wp-content\/uploads\/2023\/09\/alkmaar1-1-1200x552-1-300x138.webp 300w, https:\/\/mijn-lo.nl\/wp-content\/uploads\/2023\/09\/alkmaar1-1-1200x552-1-768x353.webp 768w, https:\/\/mijn-lo.nl\/wp-content\/uploads\/2023\/09\/alkmaar1-1-1200x552-1-18x8.webp 18w, https:\/\/mijn-lo.nl\/wp-content\/uploads\/2023\/09\/alkmaar1-1-1200x552-1-24x11.webp 24w, https:\/\/mijn-lo.nl\/wp-content\/uploads\/2023\/09\/alkmaar1-1-1200x552-1-36x17.webp 36w, https:\/\/mijn-lo.nl\/wp-content\/uploads\/2023\/09\/alkmaar1-1-1200x552-1-48x22.webp 48w, https:\/\/mijn-lo.nl\/wp-content\/uploads\/2023\/09\/alkmaar1-1-1200x552-1.webp 1200w\" sizes=\"(max-width: 1024px) 100vw, 1024px\" \/>\t\t\t\t\t\t\t\t\t\t\t\t\t\t\t<\/div>\n\t\t\t\t<\/div>\n\t\t\t\t\t<\/div>\n\t\t<\/div>\n\t\t\t\t\t<\/div>\n\t\t<\/section>\n\t\t\t\t<section class=\"elementor-section elementor-top-section elementor-element elementor-element-8b766db elementor-section-boxed elementor-section-height-default elementor-section-height-default\" data-id=\"8b766db\" data-element_type=\"section\">\n\t\t\t\t\t\t<div class=\"elementor-container elementor-column-gap-default\">\n\t\t\t\t\t<div class=\"elementor-column elementor-col-100 elementor-top-column elementor-element elementor-element-3ab91f5\" data-id=\"3ab91f5\" data-element_type=\"column\">\n\t\t\t<div class=\"elementor-widget-wrap elementor-element-populated\">\n\t\t\t\t\t\t<div class=\"elementor-element elementor-element-a176388 elementor-widget elementor-widget-text-editor\" data-id=\"a176388\" data-element_type=\"widget\" data-widget_type=\"text-editor.default\">\n\t\t\t\t<div class=\"elementor-widget-container\">\n\t\t\t\t\t\t\t\t\t<p style=\"text-align: center;\">Alkmaar: egy tipikus holland v\u00e1ros<\/p>\t\t\t\t\t\t\t\t<\/div>\n\t\t\t\t<\/div>\n\t\t\t\t\t<\/div>\n\t\t<\/div>\n\t\t\t\t\t<\/div>\n\t\t<\/section>\n\t\t\t\t<section class=\"elementor-section elementor-top-section elementor-element elementor-element-4ab774c elementor-section-boxed elementor-section-height-default elementor-section-height-default\" data-id=\"4ab774c\" data-element_type=\"section\">\n\t\t\t\t\t\t<div class=\"elementor-container elementor-column-gap-default\">\n\t\t\t\t\t<div class=\"elementor-column elementor-col-50 elementor-top-column elementor-element elementor-element-d52035b\" data-id=\"d52035b\" data-element_type=\"column\">\n\t\t\t<div class=\"elementor-widget-wrap elementor-element-populated\">\n\t\t\t\t\t\t<div class=\"elementor-element elementor-element-5307f71 elementor-widget elementor-widget-image\" data-id=\"5307f71\" data-element_type=\"widget\" data-widget_type=\"image.default\">\n\t\t\t\t<div class=\"elementor-widget-container\">\n\t\t\t\t\t\t\t\t\t\t\t\t\t\t\t<img decoding=\"async\" width=\"610\" height=\"597\" src=\"https:\/\/mijn-lo.nl\/wp-content\/uploads\/2023\/09\/tegeltje1-610x597-1.webp\" class=\"attachment-large size-large wp-image-3296\" alt=\"\" srcset=\"https:\/\/mijn-lo.nl\/wp-content\/uploads\/2023\/09\/tegeltje1-610x597-1.webp 610w, https:\/\/mijn-lo.nl\/wp-content\/uploads\/2023\/09\/tegeltje1-610x597-1-300x294.webp 300w, https:\/\/mijn-lo.nl\/wp-content\/uploads\/2023\/09\/tegeltje1-610x597-1-12x12.webp 12w, https:\/\/mijn-lo.nl\/wp-content\/uploads\/2023\/09\/tegeltje1-610x597-1-24x24.webp 24w, https:\/\/mijn-lo.nl\/wp-content\/uploads\/2023\/09\/tegeltje1-610x597-1-36x36.webp 36w, https:\/\/mijn-lo.nl\/wp-content\/uploads\/2023\/09\/tegeltje1-610x597-1-48x48.webp 48w\" sizes=\"(max-width: 610px) 100vw, 610px\" \/>\t\t\t\t\t\t\t\t\t\t\t\t\t\t\t<\/div>\n\t\t\t\t<\/div>\n\t\t\t\t\t<\/div>\n\t\t<\/div>\n\t\t\t\t<div class=\"elementor-column elementor-col-50 elementor-top-column elementor-element elementor-element-0de69c5\" data-id=\"0de69c5\" data-element_type=\"column\">\n\t\t\t<div class=\"elementor-widget-wrap elementor-element-populated\">\n\t\t\t\t\t\t<div class=\"elementor-element elementor-element-3ec27b9 elementor-widget elementor-widget-text-editor\" data-id=\"3ec27b9\" data-element_type=\"widget\" data-widget_type=\"text-editor.default\">\n\t\t\t\t<div class=\"elementor-widget-container\">\n\t\t\t\t\t\t\t\t\t<h3 class=\"mbr-section-title mbr-fonts-style mb-3 display-5\"><strong>Holland modor<\/strong><\/h3><p>Ha m\u00e1s nyelven besz\u00e9lsz: a vide\u00f3 fontos t\u00e9m\u00e1i a k\u00f6vetkez\u0151k:<br \/>1. Sok holland ember m\u00e1r nem j\u00e1r egyh\u00e1zba, \u00e9s az egyh\u00e1z \u00e1ltal gyakran el\u0151\u00edrt \u00e9s t\u00f6rv\u00e9ny \u00e1ltal elfogadott szab\u00e1lyok nagyon meggyeng\u00fcltek. P\u00e9ld\u00e1ul az abortusz megengedett. Az abortuszra vonatkoz\u00f3 szab\u00e1lyokat megk\u00e9rdezheti az orvos\u00e1t\u00f3l.<br \/>2. N\u00e9ha az emberek \u00e9let\u00fck egy olyan v\u00e9gpontj\u00e1hoz \u00e9rkeznek, ahol sok f\u00e1jdalmat szenvednek. Ilyenkor az orvos seg\u00edthet az \u00e9let befejez\u00e9s\u00e9ben. Ilyenkor besz\u00e9l\u00fcnk eutan\u00e1zi\u00e1r\u00f3l.<br \/>3. Hollandi\u00e1ban sokan elv\u00e1ltak. Ez teljesen elfogadott.<br \/>4. A h\u00e1zass\u00e1g f\u00e9rfi \u00e9s f\u00e9rfi vagy n\u0151 \u00e9s n\u0151 k\u00f6z\u00f6tt hivatalosan is lehets\u00e9ges Hollandi\u00e1ban.<br \/>5. Hollandi\u00e1ban h\u00e1zass\u00e1g n\u00e9lk\u00fcl is \u00e9lhetnek egy\u00fctt. Lehet\u0151s\u00e9g van egy\u00fctt\u00e9l\u00e9si meg\u00e1llapod\u00e1s megk\u00f6t\u00e9s\u00e9re.<br \/>6. N\u00e9h\u00e1ny m\u00e1s orsz\u00e1ggal ellent\u00e9tben Hollandi\u00e1ban nem szabad meg\u00fctni a partner\u00e9t vagy a gyermekeit. Ezt nevezz\u00fck csal\u00e1don bel\u00fcli er\u0151szaknak<br \/>7. Hollandi\u00e1ban a fi\u00fakat k\u00f6r\u00fcl lehet met\u00e9lni, de a l\u00e1nyok k\u00f6r\u00fclmet\u00e9l\u00e9se szigor\u00faan tilos.<br \/>8. Tilos a feln\u0151tt \u00e9s 16 \u00e9ven aluliak k\u00f6z\u00f6tti szexu\u00e1lis kapcsolat. Tilos a k\u00e9nyszer alatt t\u00f6rt\u00e9n\u0151 szex, \u00e9s nemi er\u0151szaknak min\u0151s\u00fcl. A h\u00e1zass\u00e1g el\u0151tti nemi \u00e9let tilalm\u00e1t a legt\u00f6bben k\u00e9ptelens\u00e9gnek tartj\u00e1k.<br \/>9. Hollandi\u00e1ban azt l\u00e1tjuk, hogy az emberek a lehet\u0151 legtov\u00e1bb otthonukban \u00e9lnek. M\u00e9g akkor is, ha a partner\u00fck m\u00e1r elhunyt. Ez azt jelenti, hogy sok id\u0151s ember mag\u00e1nyos.<\/p>\t\t\t\t\t\t\t\t<\/div>\n\t\t\t\t<\/div>\n\t\t\t\t\t<\/div>\n\t\t<\/div>\n\t\t\t\t\t<\/div>\n\t\t<\/section>\n\t\t\t\t<section class=\"elementor-section elementor-top-section elementor-element elementor-element-155941f3 elementor-section-boxed elementor-section-height-default elementor-section-height-default\" data-id=\"155941f3\" data-element_type=\"section\">\n\t\t\t\t\t\t<div class=\"elementor-container elementor-column-gap-default\">\n\t\t\t\t\t<div class=\"elementor-column elementor-col-100 elementor-top-column elementor-element elementor-element-5dce2f9\" data-id=\"5dce2f9\" data-element_type=\"column\">\n\t\t\t<div class=\"elementor-widget-wrap elementor-element-populated\">\n\t\t\t\t\t\t<div class=\"elementor-element elementor-element-535cea2c elementor-align-center elementor-widget elementor-widget-button\" data-id=\"535cea2c\" data-element_type=\"widget\" data-widget_type=\"button.default\">\n\t\t\t\t<div class=\"elementor-widget-container\">\n\t\t\t\t\t\t\t\t\t<div class=\"elementor-button-wrapper\">\n\t\t\t\t\t<a class=\"elementor-button elementor-button-link elementor-size-sm\" href=\"https:\/\/mijn-lo.nl\/hu\/people\/important-days-in-the-netherlands\/\">\n\t\t\t\t\t\t<span class=\"elementor-button-content-wrapper\">\n\t\t\t\t\t\t\t\t\t<span class=\"elementor-button-text\">folytat\u00e1s<\/span>\n\t\t\t\t\t<\/span>\n\t\t\t\t\t<\/a>\n\t\t\t\t<\/div>\n\t\t\t\t\t\t\t\t<\/div>\n\t\t\t\t<\/div>\n\t\t\t\t\t<\/div>\n\t\t<\/div>\n\t\t\t\t\t<\/div>\n\t\t<\/section>\n\t\t\t\t<\/div>","protected":false},"excerpt":{"rendered":"<p>PEOPLE Alkmaar: a typical Dutch town Dutch manners If you have a different language: important subjects in the video are:1. Many Dutch people no longer go to a church and rules that are often prescribed by the church and adopted by law have been very weakened. For example, abortion is allowed. You can ask your [&hellip;]<\/p>\n","protected":false},"author":1,"featured_media":0,"parent":3321,"menu_order":1,"comment_status":"closed","ping_status":"closed","template":"elementor_canvas","meta":{"site-sidebar-layout":"no-sidebar","site-content-layout":"page-builder","ast-site-content-layout":"full-width-container","site-content-style":"default","site-sidebar-style":"default","ast-global-header-display":"","ast-banner-title-visibility":"","ast-main-header-display":"","ast-hfb-above-header-display":"","ast-hfb-below-header-display":"","ast-hfb-mobile-header-display":"","site-post-title":"disabled","ast-breadcrumbs-content":"","ast-featured-img":"disabled","footer-sml-layout":"","theme-transparent-header-meta":"","adv-header-id-meta":"","stick-header-meta":"","header-above-stick-meta":"","header-main-stick-meta":"","header-below-stick-meta":"","astra-migrate-meta-layouts":"set","ast-page-background-enabled":"default","ast-page-background-meta":{"desktop":{"background-color":"var(--ast-global-color-4)","background-image":"","background-repeat":"repeat","background-position":"center center","background-size":"auto","background-attachment":"scroll","background-type":"","background-media":"","overlay-type":"","overlay-color":"","overlay-opacity":"","overlay-gradient":""},"tablet":{"background-color":"","background-image":"","background-repeat":"repeat","background-position":"center center","background-size":"auto","background-attachment":"scroll","background-type":"","background-media":"","overlay-type":"","overlay-color":"","overlay-opacity":"","overlay-gradient":""},"mobile":{"background-color":"","background-image":"","background-repeat":"repeat","background-position":"center center","background-size":"auto","background-attachment":"scroll","background-type":"","background-media":"","overlay-type":"","overlay-color":"","overlay-opacity":"","overlay-gradient":""}},"ast-content-background-meta":{"desktop":{"background-color":"var(--ast-global-color-5)","background-image":"","background-repeat":"repeat","background-position":"center center","background-size":"auto","background-attachment":"scroll","background-type":"","background-media":"","overlay-type":"","overlay-color":"","overlay-opacity":"","overlay-gradient":""},"tablet":{"background-color":"var(--ast-global-color-5)","background-image":"","background-repeat":"repeat","background-position":"center center","background-size":"auto","background-attachment":"scroll","background-type":"","background-media":"","overlay-type":"","overlay-color":"","overlay-opacity":"","overlay-gradient":""},"mobile":{"background-color":"var(--ast-global-color-5)","background-image":"","background-repeat":"repeat","background-position":"center center","background-size":"auto","background-attachment":"scroll","background-type":"","background-media":"","overlay-type":"","overlay-color":"","overlay-opacity":"","overlay-gradient":""}},"footnotes":""},"class_list":["post-3293","page","type-page","status-publish","hentry"],"_links":{"self":[{"href":"https:\/\/mijn-lo.nl\/hu\/wp-json\/wp\/v2\/pages\/3293","targetHints":{"allow":["GET"]}}],"collection":[{"href":"https:\/\/mijn-lo.nl\/hu\/wp-json\/wp\/v2\/pages"}],"about":[{"href":"https:\/\/mijn-lo.nl\/hu\/wp-json\/wp\/v2\/types\/page"}],"author":[{"embeddable":true,"href":"https:\/\/mijn-lo.nl\/hu\/wp-json\/wp\/v2\/users\/1"}],"replies":[{"embeddable":true,"href":"https:\/\/mijn-lo.nl\/hu\/wp-json\/wp\/v2\/comments?post=3293"}],"version-history":[{"count":17,"href":"https:\/\/mijn-lo.nl\/hu\/wp-json\/wp\/v2\/pages\/3293\/revisions"}],"predecessor-version":[{"id":6238,"href":"https:\/\/mijn-lo.nl\/hu\/wp-json\/wp\/v2\/pages\/3293\/revisions\/6238"}],"up":[{"embeddable":true,"href":"https:\/\/mijn-lo.nl\/hu\/wp-json\/wp\/v2\/pages\/3321"}],"wp:attachment":[{"href":"https:\/\/mijn-lo.nl\/hu\/wp-json\/wp\/v2\/media?parent=3293"}],"curies":[{"name":"wp","href":"https:\/\/api.w.org\/{rel}","templated":true}]}}