{"id":3473,"date":"2023-09-03T11:16:47","date_gmt":"2023-09-03T11:16:47","guid":{"rendered":"http:\/\/mijn-lo.nl\/?page_id=3473"},"modified":"2025-08-19T17:17:43","modified_gmt":"2025-08-19T17:17:43","slug":"big-cities-and-the-randstad","status":"publish","type":"page","link":"https:\/\/mijn-lo.nl\/hu\/the-netherlands\/big-cities-and-the-randstad\/","title":{"rendered":"Nagyv\u00e1rosok \u00e9s a Randstad"},"content":{"rendered":"<div data-elementor-type=\"wp-page\" data-elementor-id=\"3473\" class=\"elementor elementor-3473\" data-elementor-post-type=\"page\">\n\t\t\t\t\t\t<section class=\"elementor-section elementor-top-section elementor-element elementor-element-4ab774c elementor-section-boxed elementor-section-height-default elementor-section-height-default\" data-id=\"4ab774c\" data-element_type=\"section\">\n\t\t\t\t\t\t\t<div class=\"elementor-background-overlay\"><\/div>\n\t\t\t\t\t\t\t<div class=\"elementor-container elementor-column-gap-default\">\n\t\t\t\t\t<div class=\"elementor-column elementor-col-50 elementor-top-column elementor-element elementor-element-d52035b\" data-id=\"d52035b\" data-element_type=\"column\">\n\t\t\t<div class=\"elementor-widget-wrap elementor-element-populated\">\n\t\t\t\t\t\t<div class=\"elementor-element elementor-element-5307f71 elementor-widget elementor-widget-image\" data-id=\"5307f71\" data-element_type=\"widget\" data-widget_type=\"image.default\">\n\t\t\t\t<div class=\"elementor-widget-container\">\n\t\t\t\t\t\t\t\t\t\t\t\t\t\t\t<img fetchpriority=\"high\" decoding=\"async\" width=\"750\" height=\"457\" src=\"https:\/\/mijn-lo.nl\/wp-content\/uploads\/2023\/09\/amsteradam3-750x457-1.webp\" class=\"attachment-large size-large wp-image-3475\" alt=\"\" srcset=\"https:\/\/mijn-lo.nl\/wp-content\/uploads\/2023\/09\/amsteradam3-750x457-1.webp 750w, https:\/\/mijn-lo.nl\/wp-content\/uploads\/2023\/09\/amsteradam3-750x457-1-300x183.webp 300w, https:\/\/mijn-lo.nl\/wp-content\/uploads\/2023\/09\/amsteradam3-750x457-1-18x12.webp 18w, https:\/\/mijn-lo.nl\/wp-content\/uploads\/2023\/09\/amsteradam3-750x457-1-24x15.webp 24w, https:\/\/mijn-lo.nl\/wp-content\/uploads\/2023\/09\/amsteradam3-750x457-1-36x22.webp 36w, https:\/\/mijn-lo.nl\/wp-content\/uploads\/2023\/09\/amsteradam3-750x457-1-48x29.webp 48w\" sizes=\"(max-width: 750px) 100vw, 750px\" \/>\t\t\t\t\t\t\t\t\t\t\t\t\t\t\t<\/div>\n\t\t\t\t<\/div>\n\t\t\t\t<div class=\"elementor-element elementor-element-12a9154 elementor-widget elementor-widget-text-editor\" data-id=\"12a9154\" data-element_type=\"widget\" data-widget_type=\"text-editor.default\">\n\t\t\t\t<div class=\"elementor-widget-container\">\n\t\t\t\t\t\t\t\t\t<p style=\"text-align: center;\">Amszterdam, csatorna (Fot\u00f3\u00a0<a href=\"https:\/\/pixabay.com\/nl\/users\/corgaasbeek-905824\/?utm_source=link-attribution&amp;utm_medium=referral&amp;utm_campaign=image&amp;utm_content=890698\">Cor Gaasbeek<\/a>\u00a0via\u00a0<a href=\"https:\/\/pixabay.com\/nl\/\/?utm_source=link-attribution&amp;utm_medium=referral&amp;utm_campaign=image&amp;utm_content=890698\">Pixabay<\/a>)<\/p>\t\t\t\t\t\t\t\t<\/div>\n\t\t\t\t<\/div>\n\t\t\t\t\t<\/div>\n\t\t<\/div>\n\t\t\t\t<div class=\"elementor-column elementor-col-50 elementor-top-column elementor-element elementor-element-0de69c5\" data-id=\"0de69c5\" data-element_type=\"column\">\n\t\t\t<div class=\"elementor-widget-wrap elementor-element-populated\">\n\t\t\t\t\t\t<div class=\"elementor-element elementor-element-3ec27b9 elementor-widget elementor-widget-text-editor\" data-id=\"3ec27b9\" data-element_type=\"widget\" data-widget_type=\"text-editor.default\">\n\t\t\t\t<div class=\"elementor-widget-container\">\n\t\t\t\t\t\t\t\t\t<h3 class=\"mbr-section-title mbr-fonts-style mb-3 display-5\"><strong>Nagyv\u00e1rosok \u00e9s a Randstad<\/strong><\/h3>\n<p class=\"mbr-text mbr-fonts-style display-7\"><strong>Amszterdam\u00a0<\/strong>Hollandia f\u0151v\u00e1rosa. A nagy rep\u00fcl\u0151t\u00e9r\u00a0<strong>Schiphol<\/strong>\u00a0Amszterdam k\u00f6zel\u00e9ben tal\u00e1lhat\u00f3.<\/p>\n<p class=\"mbr-text mbr-fonts-style display-7\">Amszterdam egy nagyon sz\u00e9p v\u00e1ros, amely a gy\u00f6ny\u00f6r\u0171 h\u00e1zakkal teli csatorn\u00e1ir\u00f3l ismert. Hollandia f\u0151v\u00e1rosa. Amszterdam h\u00edres helyei a k\u00f6vetkez\u0151k:<\/p>\n\n<ul>\n \t<li class=\"mbr-text mbr-fonts-style display-7\">A \"Dam\" = nagy t\u00e9r a kir\u00e1lyi palot\u00e1val.<\/li>\n \t<li class=\"mbr-text mbr-fonts-style display-7\">Rijksmuseum, h\u00edres m\u00fazeum h\u00edres holland fest\u0151k, p\u00e9ld\u00e1ul Rembrandt festm\u00e9nyeivel.<\/li>\n \t<li class=\"mbr-text mbr-fonts-style display-7\">A csatorn\u00e1k: Egyed\u00fcl\u00e1ll\u00f3ak.<\/li>\n<\/ul>\nG\u00e1t, Rijksmuseum, Rembrandt, csatorn\u00e1k hollandul van:\n\n<audio class=\"wp-audio-shortcode\" id=\"audio-3473-1\" preload=\"none\" style=\"width: 100%;\" controls=\"controls\"><source type=\"audio\/wav\" src=\"https:\/\/mijn-lo.nl\/wp-content\/uploads\/2023\/09\/MAPH1-4-1.wav?_=1\" \/><a href=\"https:\/\/mijn-lo.nl\/wp-content\/uploads\/2023\/09\/MAPH1-4-1.wav\">https:\/\/mijn-lo.nl\/wp-content\/uploads\/2023\/09\/MAPH1-4-1.wav<\/a><\/audio>\t\t\t\t\t\t\t\t<\/div>\n\t\t\t\t<\/div>\n\t\t\t\t\t<\/div>\n\t\t<\/div>\n\t\t\t\t\t<\/div>\n\t\t<\/section>\n\t\t\t\t<section class=\"elementor-section elementor-top-section elementor-element elementor-element-24cf9fa elementor-section-boxed elementor-section-height-default elementor-section-height-default\" data-id=\"24cf9fa\" data-element_type=\"section\">\n\t\t\t\t\t\t<div class=\"elementor-container elementor-column-gap-default\">\n\t\t\t\t\t<div class=\"elementor-column elementor-col-50 elementor-top-column elementor-element elementor-element-b1caf59\" data-id=\"b1caf59\" data-element_type=\"column\">\n\t\t\t<div class=\"elementor-widget-wrap elementor-element-populated\">\n\t\t\t\t\t\t<div class=\"elementor-element elementor-element-6484c7e elementor-widget elementor-widget-image\" data-id=\"6484c7e\" data-element_type=\"widget\" data-widget_type=\"image.default\">\n\t\t\t\t<div class=\"elementor-widget-container\">\n\t\t\t\t\t\t\t\t\t\t\t\t\t\t\t<img decoding=\"async\" width=\"925\" height=\"610\" src=\"https:\/\/mijn-lo.nl\/wp-content\/uploads\/2023\/09\/denhaag2-925x610-1.webp\" class=\"attachment-large size-large wp-image-3483\" alt=\"\" srcset=\"https:\/\/mijn-lo.nl\/wp-content\/uploads\/2023\/09\/denhaag2-925x610-1.webp 925w, https:\/\/mijn-lo.nl\/wp-content\/uploads\/2023\/09\/denhaag2-925x610-1-300x198.webp 300w, https:\/\/mijn-lo.nl\/wp-content\/uploads\/2023\/09\/denhaag2-925x610-1-768x506.webp 768w, https:\/\/mijn-lo.nl\/wp-content\/uploads\/2023\/09\/denhaag2-925x610-1-18x12.webp 18w, https:\/\/mijn-lo.nl\/wp-content\/uploads\/2023\/09\/denhaag2-925x610-1-24x16.webp 24w, https:\/\/mijn-lo.nl\/wp-content\/uploads\/2023\/09\/denhaag2-925x610-1-36x24.webp 36w, https:\/\/mijn-lo.nl\/wp-content\/uploads\/2023\/09\/denhaag2-925x610-1-48x32.webp 48w\" sizes=\"(max-width: 925px) 100vw, 925px\" \/>\t\t\t\t\t\t\t\t\t\t\t\t\t\t\t<\/div>\n\t\t\t\t<\/div>\n\t\t\t\t<div class=\"elementor-element elementor-element-7254094 elementor-widget elementor-widget-text-editor\" data-id=\"7254094\" data-element_type=\"widget\" data-widget_type=\"text-editor.default\">\n\t\t\t\t<div class=\"elementor-widget-container\">\n\t\t\t\t\t\t\t\t\t<p style=\"text-align: center;\">Te Hague (f\u00e9nyk\u00e9p\u00a0<a href=\"https:\/\/pixabay.com\/nl\/users\/corgaasbeek-905824\/?utm_source=link-attribution&amp;utm_medium=referral&amp;utm_campaign=image&amp;utm_content=890698\">Cor Gaasbeek<\/a>\u00a0via\u00a0<a href=\"https:\/\/pixabay.com\/nl\/\/?utm_source=link-attribution&amp;utm_medium=referral&amp;utm_campaign=image&amp;utm_content=890698\">Pixabay<\/a>)<\/p>\t\t\t\t\t\t\t\t<\/div>\n\t\t\t\t<\/div>\n\t\t\t\t\t<\/div>\n\t\t<\/div>\n\t\t\t\t<div class=\"elementor-column elementor-col-50 elementor-top-column elementor-element elementor-element-2c54c47\" data-id=\"2c54c47\" data-element_type=\"column\">\n\t\t\t<div class=\"elementor-widget-wrap elementor-element-populated\">\n\t\t\t\t\t\t<div class=\"elementor-element elementor-element-1830e68 elementor-widget elementor-widget-text-editor\" data-id=\"1830e68\" data-element_type=\"widget\" data-widget_type=\"text-editor.default\">\n\t\t\t\t<div class=\"elementor-widget-container\">\n\t\t\t\t\t\t\t\t\t<h3><strong>H\u00e1ga<\/strong><\/h3>\nH\u00e1ga a korm\u00e1ny sz\u00e9khelye. H\u00e1ga h\u00edres helye az a hely, ahol a miniszterek \u00e9s a k\u00fcl\u00f6nb\u00f6z\u0151 politikai p\u00e1rtok k\u00e9pvisel\u0151i tal\u00e1lkoznak egym\u00e1ssal, hogy megvitass\u00e1k a fontos k\u00e9rd\u00e9seket, p\u00e9ld\u00e1ul az \u00faj t\u00f6rv\u00e9nyjavaslatokat.\n\nHollandia demokr\u00e1cia, ami azt jelenti, hogy a holland lakosok v\u00e1lasztj\u00e1k meg, hogy kik k\u00e9pviselj\u00e9k \u0151ket a v\u00e1laszt\u00e1sokon. Monarchi\u00e1nk is van, de a kir\u00e1lynak \u00e9s a kir\u00e1lyn\u0151nek val\u00f3j\u00e1ban nincs val\u00f3di hatalma, \u00e9s nagyon fontos, hogy k\u00e9pviselje az orsz\u00e1got. A t\u00f6rv\u00e9ny szerint nincs politikai \u00e1ll\u00e1spontjuk.\n\nH\u00e1ga hollandul \u00edgy hangzik:\n\n<audio class=\"wp-audio-shortcode\" id=\"audio-3473-2\" preload=\"none\" style=\"width: 100%;\" controls=\"controls\"><source type=\"audio\/wav\" src=\"https:\/\/mijn-lo.nl\/wp-content\/uploads\/2023\/09\/MAPH1-5-1.wav?_=2\" \/><a href=\"https:\/\/mijn-lo.nl\/wp-content\/uploads\/2023\/09\/MAPH1-5-1.wav\">https:\/\/mijn-lo.nl\/wp-content\/uploads\/2023\/09\/MAPH1-5-1.wav<\/a><\/audio>\t\t\t\t\t\t\t\t<\/div>\n\t\t\t\t<\/div>\n\t\t\t\t\t<\/div>\n\t\t<\/div>\n\t\t\t\t\t<\/div>\n\t\t<\/section>\n\t\t\t\t<section class=\"elementor-section elementor-top-section elementor-element elementor-element-b8f7c24 elementor-section-boxed elementor-section-height-default elementor-section-height-default\" data-id=\"b8f7c24\" data-element_type=\"section\">\n\t\t\t\t\t\t<div class=\"elementor-container elementor-column-gap-default\">\n\t\t\t\t\t<div class=\"elementor-column elementor-col-50 elementor-top-column elementor-element elementor-element-9742133\" data-id=\"9742133\" data-element_type=\"column\">\n\t\t\t<div class=\"elementor-widget-wrap elementor-element-populated\">\n\t\t\t\t\t\t<div class=\"elementor-element elementor-element-371b563 elementor-widget elementor-widget-image\" data-id=\"371b563\" data-element_type=\"widget\" data-widget_type=\"image.default\">\n\t\t\t\t<div class=\"elementor-widget-container\">\n\t\t\t\t\t\t\t\t\t\t\t\t\t\t\t<img decoding=\"async\" width=\"893\" height=\"508\" src=\"https:\/\/mijn-lo.nl\/wp-content\/uploads\/2023\/09\/rotterdam-skyline-893x508-1.webp\" class=\"attachment-large size-large wp-image-3489\" alt=\"\" srcset=\"https:\/\/mijn-lo.nl\/wp-content\/uploads\/2023\/09\/rotterdam-skyline-893x508-1.webp 893w, https:\/\/mijn-lo.nl\/wp-content\/uploads\/2023\/09\/rotterdam-skyline-893x508-1-300x171.webp 300w, https:\/\/mijn-lo.nl\/wp-content\/uploads\/2023\/09\/rotterdam-skyline-893x508-1-768x437.webp 768w, https:\/\/mijn-lo.nl\/wp-content\/uploads\/2023\/09\/rotterdam-skyline-893x508-1-18x10.webp 18w, https:\/\/mijn-lo.nl\/wp-content\/uploads\/2023\/09\/rotterdam-skyline-893x508-1-24x14.webp 24w, https:\/\/mijn-lo.nl\/wp-content\/uploads\/2023\/09\/rotterdam-skyline-893x508-1-36x20.webp 36w, https:\/\/mijn-lo.nl\/wp-content\/uploads\/2023\/09\/rotterdam-skyline-893x508-1-48x27.webp 48w\" sizes=\"(max-width: 893px) 100vw, 893px\" \/>\t\t\t\t\t\t\t\t\t\t\t\t\t\t\t<\/div>\n\t\t\t\t<\/div>\n\t\t\t\t<div class=\"elementor-element elementor-element-c9e2d2d elementor-widget elementor-widget-text-editor\" data-id=\"c9e2d2d\" data-element_type=\"widget\" data-widget_type=\"text-editor.default\">\n\t\t\t\t<div class=\"elementor-widget-container\">\n\t\t\t\t\t\t\t\t\t<p style=\"text-align: center;\">Rotterdami \u00e9gbolt (fot\u00f3:\u00a0<a href=\"https:\/\/pixabay.com\/nl\/users\/ivart-2435700\/?utm_source=link-attribution&amp;utm_medium=referral&amp;utm_campaign=image&amp;utm_content=1611943\">Ravi<\/a>\u00a0via\u00a0<a href=\"https:\/\/pixabay.com\/nl\/\/?utm_source=link-attribution&amp;utm_medium=referral&amp;utm_campaign=image&amp;utm_content=1611943\">Pixabay<\/a>)<\/p>\t\t\t\t\t\t\t\t<\/div>\n\t\t\t\t<\/div>\n\t\t\t\t\t<\/div>\n\t\t<\/div>\n\t\t\t\t<div class=\"elementor-column elementor-col-50 elementor-top-column elementor-element elementor-element-c4128a9\" data-id=\"c4128a9\" data-element_type=\"column\">\n\t\t\t<div class=\"elementor-widget-wrap elementor-element-populated\">\n\t\t\t\t\t\t<div class=\"elementor-element elementor-element-e37e50c elementor-widget elementor-widget-text-editor\" data-id=\"e37e50c\" data-element_type=\"widget\" data-widget_type=\"text-editor.default\">\n\t\t\t\t<div class=\"elementor-widget-container\">\n\t\t\t\t\t\t\t\t\t<h3><strong>Rotterdam<\/strong><\/h3>\n<strong>\n<\/strong>Rotterdam Eur\u00f3pa legnagyobb kik\u00f6t\u0151jek\u00e9nt ismert. Ez\u00e9rt n\u00e9ha \"Eur\u00f3pa kik\u00f6t\u0151j\u00e9nek\" is nevezik. A m\u00e1sodik vil\u00e1gh\u00e1bor\u00fa alatt Rotterdamot teljesen elpuszt\u00edtott\u00e1k a bomb\u00e1z\u00e1sok. \u00cdgy Rotterdam \u00fagy n\u00e9z ki, mint egy \u00faj v\u00e1ros.\n\nM\u00e1s nagyv\u00e1rosokhoz hasonl\u00f3an ezekben a nagyv\u00e1rosokban is sok, k\u00fcl\u00f6nb\u00f6z\u0151 orsz\u00e1gokb\u00f3l, p\u00e9ld\u00e1ul T\u00f6r\u00f6korsz\u00e1gb\u00f3l, Marokk\u00f3b\u00f3l \u00e9s Surinamb\u00f3l sz\u00e1rmaz\u00f3 ember \u00e9l.\n\nRotterdam hollandul \u00edgy hangzik:\n\n<audio class=\"wp-audio-shortcode\" id=\"audio-3473-3\" preload=\"none\" style=\"width: 100%;\" controls=\"controls\"><source type=\"audio\/wav\" src=\"https:\/\/mijn-lo.nl\/wp-content\/uploads\/2023\/09\/MAPH1-5-2.wav?_=3\" \/><a href=\"https:\/\/mijn-lo.nl\/wp-content\/uploads\/2023\/09\/MAPH1-5-2.wav\">https:\/\/mijn-lo.nl\/wp-content\/uploads\/2023\/09\/MAPH1-5-2.wav<\/a><\/audio>\t\t\t\t\t\t\t\t<\/div>\n\t\t\t\t<\/div>\n\t\t\t\t\t<\/div>\n\t\t<\/div>\n\t\t\t\t\t<\/div>\n\t\t<\/section>\n\t\t\t\t<section class=\"elementor-section elementor-top-section elementor-element elementor-element-27f1b0b elementor-section-boxed elementor-section-height-default elementor-section-height-default\" data-id=\"27f1b0b\" data-element_type=\"section\">\n\t\t\t\t\t\t<div class=\"elementor-container elementor-column-gap-default\">\n\t\t\t\t\t<div class=\"elementor-column elementor-col-50 elementor-top-column elementor-element elementor-element-618028c\" data-id=\"618028c\" data-element_type=\"column\">\n\t\t\t<div class=\"elementor-widget-wrap elementor-element-populated\">\n\t\t\t\t\t\t<div class=\"elementor-element elementor-element-ffeaab7 elementor-widget elementor-widget-image\" data-id=\"ffeaab7\" data-element_type=\"widget\" data-widget_type=\"image.default\">\n\t\t\t\t<div class=\"elementor-widget-container\">\n\t\t\t\t\t\t\t\t\t\t\t\t\t\t\t<img loading=\"lazy\" decoding=\"async\" width=\"750\" height=\"472\" src=\"https:\/\/mijn-lo.nl\/wp-content\/uploads\/2023\/09\/domtoren-750x472-1.webp\" class=\"attachment-large size-large wp-image-3491\" alt=\"\" srcset=\"https:\/\/mijn-lo.nl\/wp-content\/uploads\/2023\/09\/domtoren-750x472-1.webp 750w, https:\/\/mijn-lo.nl\/wp-content\/uploads\/2023\/09\/domtoren-750x472-1-300x189.webp 300w, https:\/\/mijn-lo.nl\/wp-content\/uploads\/2023\/09\/domtoren-750x472-1-18x12.webp 18w, https:\/\/mijn-lo.nl\/wp-content\/uploads\/2023\/09\/domtoren-750x472-1-24x15.webp 24w, https:\/\/mijn-lo.nl\/wp-content\/uploads\/2023\/09\/domtoren-750x472-1-36x23.webp 36w, https:\/\/mijn-lo.nl\/wp-content\/uploads\/2023\/09\/domtoren-750x472-1-48x30.webp 48w\" sizes=\"(max-width: 750px) 100vw, 750px\" \/>\t\t\t\t\t\t\t\t\t\t\t\t\t\t\t<\/div>\n\t\t\t\t<\/div>\n\t\t\t\t<div class=\"elementor-element elementor-element-f899ccc elementor-widget elementor-widget-text-editor\" data-id=\"f899ccc\" data-element_type=\"widget\" data-widget_type=\"text-editor.default\">\n\t\t\t\t<div class=\"elementor-widget-container\">\n\t\t\t\t\t\t\t\t\t<p style=\"text-align: center;\">Utrecht, Domtoren (fot\u00f3,\u00a0<a href=\"https:\/\/pixabay.com\/nl\/users\/braico-230377\/?utm_source=link-attribution&amp;utm_medium=referral&amp;utm_campaign=image&amp;utm_content=329484\">Brian Dorff<\/a>\u00a0via\u00a0<a href=\"https:\/\/pixabay.com\/nl\/\/?utm_source=link-attribution&amp;utm_medium=referral&amp;utm_campaign=image&amp;utm_content=329484\">Pixabay<\/a>)<\/p>\t\t\t\t\t\t\t\t<\/div>\n\t\t\t\t<\/div>\n\t\t\t\t\t<\/div>\n\t\t<\/div>\n\t\t\t\t<div class=\"elementor-column elementor-col-50 elementor-top-column elementor-element elementor-element-d41e83a\" data-id=\"d41e83a\" data-element_type=\"column\">\n\t\t\t<div class=\"elementor-widget-wrap elementor-element-populated\">\n\t\t\t\t\t\t<div class=\"elementor-element elementor-element-d9e7e9e elementor-widget elementor-widget-text-editor\" data-id=\"d9e7e9e\" data-element_type=\"widget\" data-widget_type=\"text-editor.default\">\n\t\t\t\t<div class=\"elementor-widget-container\">\n\t\t\t\t\t\t\t\t\t<h3><strong>Utrecht<\/strong><\/h3>\nUtrecht Hollandia k\u00f6zep\u00e9n tal\u00e1lhat\u00f3. Ez egy r\u00e9gi v\u00e1ros. A 700 \u00e9ves Dom-torony sok\u00e1ig Hollandia legmagasabb \u00e9p\u00fclete volt.\n\nUtrecht hollandul \u00edgy hangzik:\n\n<audio class=\"wp-audio-shortcode\" id=\"audio-3473-4\" preload=\"none\" style=\"width: 100%;\" controls=\"controls\"><source type=\"audio\/wav\" src=\"https:\/\/mijn-lo.nl\/wp-content\/uploads\/2023\/09\/MAPH1-5-3.wav?_=4\" \/><a href=\"https:\/\/mijn-lo.nl\/wp-content\/uploads\/2023\/09\/MAPH1-5-3.wav\">https:\/\/mijn-lo.nl\/wp-content\/uploads\/2023\/09\/MAPH1-5-3.wav<\/a><\/audio>\t\t\t\t\t\t\t\t<\/div>\n\t\t\t\t<\/div>\n\t\t\t\t\t<\/div>\n\t\t<\/div>\n\t\t\t\t\t<\/div>\n\t\t<\/section>\n\t\t\t\t<section class=\"elementor-section elementor-top-section elementor-element elementor-element-3a3011f1 elementor-section-boxed elementor-section-height-default elementor-section-height-default\" data-id=\"3a3011f1\" data-element_type=\"section\">\n\t\t\t\t\t\t<div class=\"elementor-container elementor-column-gap-default\">\n\t\t\t\t\t<div class=\"elementor-column elementor-col-100 elementor-top-column elementor-element elementor-element-4ccefaa5\" data-id=\"4ccefaa5\" data-element_type=\"column\">\n\t\t\t<div class=\"elementor-widget-wrap elementor-element-populated\">\n\t\t\t\t\t\t<div class=\"elementor-element elementor-element-5d53655a elementor-align-center elementor-widget elementor-widget-button\" data-id=\"5d53655a\" data-element_type=\"widget\" data-widget_type=\"button.default\">\n\t\t\t\t<div class=\"elementor-widget-container\">\n\t\t\t\t\t\t\t\t\t<div class=\"elementor-button-wrapper\">\n\t\t\t\t\t<a class=\"elementor-button elementor-button-link elementor-size-sm\" href=\"https:\/\/mijn-lo.nl\/hu\/the-netherlands\/water-water-water\/\">\n\t\t\t\t\t\t<span class=\"elementor-button-content-wrapper\">\n\t\t\t\t\t\t\t\t\t<span class=\"elementor-button-text\">folytat\u00e1s<\/span>\n\t\t\t\t\t<\/span>\n\t\t\t\t\t<\/a>\n\t\t\t\t<\/div>\n\t\t\t\t\t\t\t\t<\/div>\n\t\t\t\t<\/div>\n\t\t\t\t\t<\/div>\n\t\t<\/div>\n\t\t\t\t\t<\/div>\n\t\t<\/section>\n\t\t\t\t<\/div>","protected":false},"excerpt":{"rendered":"<p>Amsterdam, canal (Photo\u00a0Cor Gaasbeek\u00a0via\u00a0Pixabay) Big cities and the Randstad Amsterdam\u00a0is the capital of the Netherlands. The big airport\u00a0Schiphol\u00a0is situated near Amsterdam. Amsterdam is a very beautiful city, known for its canals with beautiful houses. It is the capital of the Netherlands. Famous places in Amsterdam are: The &#8220;Dam&#8221; = large square with the royal palace [&hellip;]<\/p>\n","protected":false},"author":1,"featured_media":0,"parent":5002,"menu_order":3,"comment_status":"closed","ping_status":"closed","template":"elementor_canvas","meta":{"site-sidebar-layout":"no-sidebar","site-content-layout":"page-builder","ast-site-content-layout":"full-width-container","site-content-style":"default","site-sidebar-style":"default","ast-global-header-display":"","ast-banner-title-visibility":"","ast-main-header-display":"","ast-hfb-above-header-display":"","ast-hfb-below-header-display":"","ast-hfb-mobile-header-display":"","site-post-title":"disabled","ast-breadcrumbs-content":"","ast-featured-img":"disabled","footer-sml-layout":"","theme-transparent-header-meta":"","adv-header-id-meta":"","stick-header-meta":"","header-above-stick-meta":"","header-main-stick-meta":"","header-below-stick-meta":"","astra-migrate-meta-layouts":"set","ast-page-background-enabled":"default","ast-page-background-meta":{"desktop":{"background-color":"var(--ast-global-color-4)","background-image":"","background-repeat":"repeat","background-position":"center center","background-size":"auto","background-attachment":"scroll","background-type":"","background-media":"","overlay-type":"","overlay-color":"","overlay-opacity":"","overlay-gradient":""},"tablet":{"background-color":"","background-image":"","background-repeat":"repeat","background-position":"center center","background-size":"auto","background-attachment":"scroll","background-type":"","background-media":"","overlay-type":"","overlay-color":"","overlay-opacity":"","overlay-gradient":""},"mobile":{"background-color":"","background-image":"","background-repeat":"repeat","background-position":"center center","background-size":"auto","background-attachment":"scroll","background-type":"","background-media":"","overlay-type":"","overlay-color":"","overlay-opacity":"","overlay-gradient":""}},"ast-content-background-meta":{"desktop":{"background-color":"var(--ast-global-color-5)","background-image":"","background-repeat":"repeat","background-position":"center center","background-size":"auto","background-attachment":"scroll","background-type":"","background-media":"","overlay-type":"","overlay-color":"","overlay-opacity":"","overlay-gradient":""},"tablet":{"background-color":"var(--ast-global-color-5)","background-image":"","background-repeat":"repeat","background-position":"center center","background-size":"auto","background-attachment":"scroll","background-type":"","background-media":"","overlay-type":"","overlay-color":"","overlay-opacity":"","overlay-gradient":""},"mobile":{"background-color":"var(--ast-global-color-5)","background-image":"","background-repeat":"repeat","background-position":"center center","background-size":"auto","background-attachment":"scroll","background-type":"","background-media":"","overlay-type":"","overlay-color":"","overlay-opacity":"","overlay-gradient":""}},"footnotes":""},"class_list":["post-3473","page","type-page","status-publish","hentry"],"_links":{"self":[{"href":"https:\/\/mijn-lo.nl\/hu\/wp-json\/wp\/v2\/pages\/3473","targetHints":{"allow":["GET"]}}],"collection":[{"href":"https:\/\/mijn-lo.nl\/hu\/wp-json\/wp\/v2\/pages"}],"about":[{"href":"https:\/\/mijn-lo.nl\/hu\/wp-json\/wp\/v2\/types\/page"}],"author":[{"embeddable":true,"href":"https:\/\/mijn-lo.nl\/hu\/wp-json\/wp\/v2\/users\/1"}],"replies":[{"embeddable":true,"href":"https:\/\/mijn-lo.nl\/hu\/wp-json\/wp\/v2\/comments?post=3473"}],"version-history":[{"count":29,"href":"https:\/\/mijn-lo.nl\/hu\/wp-json\/wp\/v2\/pages\/3473\/revisions"}],"predecessor-version":[{"id":6214,"href":"https:\/\/mijn-lo.nl\/hu\/wp-json\/wp\/v2\/pages\/3473\/revisions\/6214"}],"up":[{"embeddable":true,"href":"https:\/\/mijn-lo.nl\/hu\/wp-json\/wp\/v2\/pages\/5002"}],"wp:attachment":[{"href":"https:\/\/mijn-lo.nl\/hu\/wp-json\/wp\/v2\/media?parent=3473"}],"curies":[{"name":"wp","href":"https:\/\/api.w.org\/{rel}","templated":true}]}}