{"id":3554,"date":"2023-09-03T11:47:15","date_gmt":"2023-09-03T11:47:15","guid":{"rendered":"http:\/\/mijn-lo.nl\/?page_id=3554"},"modified":"2025-08-19T17:18:44","modified_gmt":"2025-08-19T17:18:44","slug":"cold-in-winter-and-sometimes-hot-in-summer","status":"publish","type":"page","link":"https:\/\/mijn-lo.nl\/hu\/the-netherlands\/cold-in-winter-and-sometimes-hot-in-summer\/","title":{"rendered":"T\u00e9len hideg, ny\u00e1ron n\u00e9ha forr\u00f3"},"content":{"rendered":"<div data-elementor-type=\"wp-page\" data-elementor-id=\"3554\" class=\"elementor elementor-3554\" data-elementor-post-type=\"page\">\n\t\t\t\t\t\t<section class=\"elementor-section elementor-top-section elementor-element elementor-element-b8f7c24 elementor-section-boxed elementor-section-height-default elementor-section-height-default\" data-id=\"b8f7c24\" data-element_type=\"section\">\n\t\t\t\t\t\t<div class=\"elementor-container elementor-column-gap-default\">\n\t\t\t\t\t<div class=\"elementor-column elementor-col-50 elementor-top-column elementor-element elementor-element-c4128a9\" data-id=\"c4128a9\" data-element_type=\"column\">\n\t\t\t<div class=\"elementor-widget-wrap elementor-element-populated\">\n\t\t\t\t\t\t<div class=\"elementor-element elementor-element-371b563 elementor-widget elementor-widget-image\" data-id=\"371b563\" data-element_type=\"widget\" data-widget_type=\"image.default\">\n\t\t\t\t<div class=\"elementor-widget-container\">\n\t\t\t\t\t\t\t\t\t\t\t\t\t\t\t<img fetchpriority=\"high\" decoding=\"async\" width=\"496\" height=\"744\" src=\"https:\/\/mijn-lo.nl\/wp-content\/uploads\/2023\/09\/joey-sidney-winter-496x744-1.webp\" class=\"attachment-large size-large wp-image-3563\" alt=\"\" srcset=\"https:\/\/mijn-lo.nl\/wp-content\/uploads\/2023\/09\/joey-sidney-winter-496x744-1.webp 496w, https:\/\/mijn-lo.nl\/wp-content\/uploads\/2023\/09\/joey-sidney-winter-496x744-1-200x300.webp 200w, https:\/\/mijn-lo.nl\/wp-content\/uploads\/2023\/09\/joey-sidney-winter-496x744-1-8x12.webp 8w, https:\/\/mijn-lo.nl\/wp-content\/uploads\/2023\/09\/joey-sidney-winter-496x744-1-16x24.webp 16w, https:\/\/mijn-lo.nl\/wp-content\/uploads\/2023\/09\/joey-sidney-winter-496x744-1-24x36.webp 24w, https:\/\/mijn-lo.nl\/wp-content\/uploads\/2023\/09\/joey-sidney-winter-496x744-1-32x48.webp 32w\" sizes=\"(max-width: 496px) 100vw, 496px\" \/>\t\t\t\t\t\t\t\t\t\t\t\t\t\t\t<\/div>\n\t\t\t\t<\/div>\n\t\t\t\t\t<\/div>\n\t\t<\/div>\n\t\t\t\t<div class=\"elementor-column elementor-col-50 elementor-top-column elementor-element elementor-element-9742133\" data-id=\"9742133\" data-element_type=\"column\">\n\t\t\t<div class=\"elementor-widget-wrap elementor-element-populated\">\n\t\t\t\t\t\t<div class=\"elementor-element elementor-element-e37e50c elementor-widget elementor-widget-text-editor\" data-id=\"e37e50c\" data-element_type=\"widget\" data-widget_type=\"text-editor.default\">\n\t\t\t\t<div class=\"elementor-widget-container\">\n\t\t\t\t\t\t\t\t\t<h3 class=\"mbr-section-title mbr-fonts-style mb-3 display-5\"><strong>T\u00e9len hideg, ny\u00e1ron n\u00e9ha forr\u00f3<\/strong><\/h3><p class=\"mbr-text mbr-fonts-style display-7\">Hollandi\u00e1ban az id\u0151j\u00e1r\u00e1s v\u00e1ltoz\u00e9kony, \u00e9s minden nap m\u00e1s \u00e9s m\u00e1s lehet. Hallott\u00e1l m\u00e1r az \u00e9vszakokr\u00f3l. Ezek bizonyos h\u00f3napok, amelyekben bizonyos id\u0151j\u00e1r\u00e1s uralkodik.<br \/>Hollandi\u00e1ban 4 \u00e9vszak van:<\/p><p><strong>1. T\u00e9li<\/strong>: December - m\u00e1rcius. R\u00e9gebben a tavak \u00e9s csatorn\u00e1k befagytak, \u00e9s rengetegen korcsoly\u00e1ztak. Ez az \u00e9ghajlatv\u00e1ltoz\u00e1ssal cs\u00f6kkent. A nagy foly\u00f3k m\u00e1r nem fagynak be. R\u00e9gen ez volt a helyzet. De n\u00e9ha havazik (l\u00e1sd a k\u00e9pet).<\/p><p><audio class=\"wp-audio-shortcode\" id=\"audio-3554-1\" preload=\"none\" style=\"width: 100%;\" controls=\"controls\"><source type=\"audio\/wav\" src=\"https:\/\/mijn-lo.nl\/wp-content\/uploads\/2023\/09\/0G1.wav?_=1\" \/><a href=\"https:\/\/mijn-lo.nl\/wp-content\/uploads\/2023\/09\/0G1.wav\">https:\/\/mijn-lo.nl\/wp-content\/uploads\/2023\/09\/0G1.wav<\/a><\/audio><\/p><p><strong style=\"font-style: inherit; color: var( --e-global-color-text ); font-family: var( --e-global-typography-text-font-family ), Sans-serif; background-color: var(--ast-global-color-5);\"><br \/>2. Tavaszi<\/strong><span style=\"font-style: inherit; font-weight: inherit; color: var( --e-global-color-text ); font-family: var( --e-global-typography-text-font-family ), Sans-serif; background-color: var(--ast-global-color-5);\">: M\u00e1rcius - j\u00fanius. Ez az az id\u0151szak, amikor a levelek \u00fajra megjelennek. N\u00e9ha \"tavaszr\u00f3l\" is besz\u00e9l\u00fcnk, amikor err\u0151l az id\u0151szakr\u00f3l besz\u00e9l\u00fcnk.<\/span><\/p><p><audio class=\"wp-audio-shortcode\" id=\"audio-3554-2\" preload=\"none\" style=\"width: 100%;\" controls=\"controls\"><source type=\"audio\/wav\" src=\"https:\/\/mijn-lo.nl\/wp-content\/uploads\/2023\/09\/0G2.wav?_=2\" \/><a href=\"https:\/\/mijn-lo.nl\/wp-content\/uploads\/2023\/09\/0G2.wav\">https:\/\/mijn-lo.nl\/wp-content\/uploads\/2023\/09\/0G2.wav<\/a><\/audio><\/p><p><strong style=\"font-style: inherit; color: var( --e-global-color-text ); font-family: var( --e-global-typography-text-font-family ), Sans-serif; background-color: var(--ast-global-color-5);\"><br \/>3. Ny\u00e1ri<\/strong><span style=\"font-style: inherit; font-weight: inherit; color: var( --e-global-color-text ); font-family: var( --e-global-typography-text-font-family ), Sans-serif; background-color: var(--ast-global-color-5);\">: J\u00fanius - szeptember: ez a legmelegebb id\u0151szak Hollandi\u00e1ban, 30 fok feletti h\u0151m\u00e9rs\u00e9kletekkel. Ez az az id\u0151szak, amikor sokan nyaralni mennek.<\/span><\/p><p><audio class=\"wp-audio-shortcode\" id=\"audio-3554-3\" preload=\"none\" style=\"width: 100%;\" controls=\"controls\"><source type=\"audio\/wav\" src=\"https:\/\/mijn-lo.nl\/wp-content\/uploads\/2023\/09\/0G3.wav?_=3\" \/><a href=\"https:\/\/mijn-lo.nl\/wp-content\/uploads\/2023\/09\/0G3.wav\">https:\/\/mijn-lo.nl\/wp-content\/uploads\/2023\/09\/0G3.wav<\/a><\/audio><\/p><p><strong style=\"font-style: inherit; color: var( --e-global-color-text ); font-family: var( --e-global-typography-text-font-family ), Sans-serif; background-color: var(--ast-global-color-5);\"><br \/>4. \u0150szi<\/strong><span style=\"font-style: inherit; font-weight: inherit; color: var( --e-global-color-text ); font-family: var( --e-global-typography-text-font-family ), Sans-serif; background-color: var(--ast-global-color-5);\">: Szeptember - december. Ez az az id\u0151szak, amikor a levelek ism\u00e9t lehullanak a f\u00e1kr\u00f3l. Az id\u0151j\u00e1r\u00e1s egyre hidegebb lesz. \"\u0150szr\u0151l\" is besz\u00e9l\u00fcnk, amikor err\u0151l az id\u0151szakr\u00f3l besz\u00e9l\u00fcnk.\u00a0<\/span><\/p><p><audio class=\"wp-audio-shortcode\" id=\"audio-3554-4\" preload=\"none\" style=\"width: 100%;\" controls=\"controls\"><source type=\"audio\/wav\" src=\"https:\/\/mijn-lo.nl\/wp-content\/uploads\/2023\/09\/0G4.wav?_=4\" \/><a href=\"https:\/\/mijn-lo.nl\/wp-content\/uploads\/2023\/09\/0G4.wav\">https:\/\/mijn-lo.nl\/wp-content\/uploads\/2023\/09\/0G4.wav<\/a><\/audio><\/p>\t\t\t\t\t\t\t\t<\/div>\n\t\t\t\t<\/div>\n\t\t\t\t\t<\/div>\n\t\t<\/div>\n\t\t\t\t\t<\/div>\n\t\t<\/section>\n\t\t\t\t<section class=\"elementor-section elementor-top-section elementor-element elementor-element-697e472e elementor-section-boxed elementor-section-height-default elementor-section-height-default\" data-id=\"697e472e\" data-element_type=\"section\">\n\t\t\t\t\t\t<div class=\"elementor-container elementor-column-gap-default\">\n\t\t\t\t\t<div class=\"elementor-column elementor-col-100 elementor-top-column elementor-element elementor-element-23b9b023\" data-id=\"23b9b023\" data-element_type=\"column\">\n\t\t\t<div class=\"elementor-widget-wrap elementor-element-populated\">\n\t\t\t\t\t\t<div class=\"elementor-element elementor-element-58057190 elementor-align-center elementor-widget elementor-widget-button\" data-id=\"58057190\" data-element_type=\"widget\" data-widget_type=\"button.default\">\n\t\t\t\t<div class=\"elementor-widget-container\">\n\t\t\t\t\t\t\t\t\t<div class=\"elementor-button-wrapper\">\n\t\t\t\t\t<a class=\"elementor-button elementor-button-link elementor-size-sm\" href=\"https:\/\/mijn-lo.nl\/hu\/the-netherlands\/who-lives-in-the-netherlands\/\">\n\t\t\t\t\t\t<span class=\"elementor-button-content-wrapper\">\n\t\t\t\t\t\t\t\t\t<span class=\"elementor-button-text\">folytat\u00e1s<\/span>\n\t\t\t\t\t<\/span>\n\t\t\t\t\t<\/a>\n\t\t\t\t<\/div>\n\t\t\t\t\t\t\t\t<\/div>\n\t\t\t\t<\/div>\n\t\t\t\t\t<\/div>\n\t\t<\/div>\n\t\t\t\t\t<\/div>\n\t\t<\/section>\n\t\t\t\t<\/div>","protected":false},"excerpt":{"rendered":"<p>Cold in winter and sometimes hot in summer The weather in the Netherlands is changeable and can be different every day. Have you ever heard of seasons. Those are certain months with a certain kind of weather.The Netherlands has 4 seasons: 1. Winter: December \u2013 March. In the past, the lakes and canals froze and [&hellip;]<\/p>\n","protected":false},"author":1,"featured_media":0,"parent":5002,"menu_order":5,"comment_status":"closed","ping_status":"closed","template":"elementor_canvas","meta":{"site-sidebar-layout":"no-sidebar","site-content-layout":"page-builder","ast-site-content-layout":"full-width-container","site-content-style":"default","site-sidebar-style":"default","ast-global-header-display":"","ast-banner-title-visibility":"","ast-main-header-display":"","ast-hfb-above-header-display":"","ast-hfb-below-header-display":"","ast-hfb-mobile-header-display":"","site-post-title":"disabled","ast-breadcrumbs-content":"","ast-featured-img":"disabled","footer-sml-layout":"","theme-transparent-header-meta":"","adv-header-id-meta":"","stick-header-meta":"","header-above-stick-meta":"","header-main-stick-meta":"","header-below-stick-meta":"","astra-migrate-meta-layouts":"set","ast-page-background-enabled":"default","ast-page-background-meta":{"desktop":{"background-color":"var(--ast-global-color-4)","background-image":"","background-repeat":"repeat","background-position":"center center","background-size":"auto","background-attachment":"scroll","background-type":"","background-media":"","overlay-type":"","overlay-color":"","overlay-opacity":"","overlay-gradient":""},"tablet":{"background-color":"","background-image":"","background-repeat":"repeat","background-position":"center center","background-size":"auto","background-attachment":"scroll","background-type":"","background-media":"","overlay-type":"","overlay-color":"","overlay-opacity":"","overlay-gradient":""},"mobile":{"background-color":"","background-image":"","background-repeat":"repeat","background-position":"center center","background-size":"auto","background-attachment":"scroll","background-type":"","background-media":"","overlay-type":"","overlay-color":"","overlay-opacity":"","overlay-gradient":""}},"ast-content-background-meta":{"desktop":{"background-color":"var(--ast-global-color-5)","background-image":"","background-repeat":"repeat","background-position":"center center","background-size":"auto","background-attachment":"scroll","background-type":"","background-media":"","overlay-type":"","overlay-color":"","overlay-opacity":"","overlay-gradient":""},"tablet":{"background-color":"var(--ast-global-color-5)","background-image":"","background-repeat":"repeat","background-position":"center center","background-size":"auto","background-attachment":"scroll","background-type":"","background-media":"","overlay-type":"","overlay-color":"","overlay-opacity":"","overlay-gradient":""},"mobile":{"background-color":"var(--ast-global-color-5)","background-image":"","background-repeat":"repeat","background-position":"center center","background-size":"auto","background-attachment":"scroll","background-type":"","background-media":"","overlay-type":"","overlay-color":"","overlay-opacity":"","overlay-gradient":""}},"footnotes":""},"class_list":["post-3554","page","type-page","status-publish","hentry"],"_links":{"self":[{"href":"https:\/\/mijn-lo.nl\/hu\/wp-json\/wp\/v2\/pages\/3554","targetHints":{"allow":["GET"]}}],"collection":[{"href":"https:\/\/mijn-lo.nl\/hu\/wp-json\/wp\/v2\/pages"}],"about":[{"href":"https:\/\/mijn-lo.nl\/hu\/wp-json\/wp\/v2\/types\/page"}],"author":[{"embeddable":true,"href":"https:\/\/mijn-lo.nl\/hu\/wp-json\/wp\/v2\/users\/1"}],"replies":[{"embeddable":true,"href":"https:\/\/mijn-lo.nl\/hu\/wp-json\/wp\/v2\/comments?post=3554"}],"version-history":[{"count":29,"href":"https:\/\/mijn-lo.nl\/hu\/wp-json\/wp\/v2\/pages\/3554\/revisions"}],"predecessor-version":[{"id":6217,"href":"https:\/\/mijn-lo.nl\/hu\/wp-json\/wp\/v2\/pages\/3554\/revisions\/6217"}],"up":[{"embeddable":true,"href":"https:\/\/mijn-lo.nl\/hu\/wp-json\/wp\/v2\/pages\/5002"}],"wp:attachment":[{"href":"https:\/\/mijn-lo.nl\/hu\/wp-json\/wp\/v2\/media?parent=3554"}],"curies":[{"name":"wp","href":"https:\/\/api.w.org\/{rel}","templated":true}]}}