{"id":3571,"date":"2023-09-03T11:54:51","date_gmt":"2023-09-03T11:54:51","guid":{"rendered":"http:\/\/mijn-lo.nl\/?page_id=3571"},"modified":"2025-08-19T17:19:25","modified_gmt":"2025-08-19T17:19:25","slug":"who-lives-in-the-netherlands","status":"publish","type":"page","link":"https:\/\/mijn-lo.nl\/hu\/the-netherlands\/who-lives-in-the-netherlands\/","title":{"rendered":"Ki \u00e9l Hollandi\u00e1ban?"},"content":{"rendered":"<div data-elementor-type=\"wp-page\" data-elementor-id=\"3571\" class=\"elementor elementor-3571\" data-elementor-post-type=\"page\">\n\t\t\t\t\t\t<section class=\"elementor-section elementor-top-section elementor-element elementor-element-4ab774c elementor-section-boxed elementor-section-height-default elementor-section-height-default\" data-id=\"4ab774c\" data-element_type=\"section\">\n\t\t\t\t\t\t<div class=\"elementor-container elementor-column-gap-default\">\n\t\t\t\t\t<div class=\"elementor-column elementor-col-50 elementor-top-column elementor-element elementor-element-d52035b\" data-id=\"d52035b\" data-element_type=\"column\">\n\t\t\t<div class=\"elementor-widget-wrap elementor-element-populated\">\n\t\t\t\t\t\t<div class=\"elementor-element elementor-element-5307f71 elementor-widget elementor-widget-image\" data-id=\"5307f71\" data-element_type=\"widget\" data-widget_type=\"image.default\">\n\t\t\t\t<div class=\"elementor-widget-container\">\n\t\t\t\t\t\t\t\t\t\t\t\t\t\t\t<img fetchpriority=\"high\" decoding=\"async\" width=\"914\" height=\"825\" src=\"https:\/\/mijn-lo.nl\/wp-content\/uploads\/2023\/09\/bewoners3-914x825-1.webp\" class=\"attachment-large size-large wp-image-3574\" alt=\"\" srcset=\"https:\/\/mijn-lo.nl\/wp-content\/uploads\/2023\/09\/bewoners3-914x825-1.webp 914w, https:\/\/mijn-lo.nl\/wp-content\/uploads\/2023\/09\/bewoners3-914x825-1-300x271.webp 300w, https:\/\/mijn-lo.nl\/wp-content\/uploads\/2023\/09\/bewoners3-914x825-1-768x693.webp 768w, https:\/\/mijn-lo.nl\/wp-content\/uploads\/2023\/09\/bewoners3-914x825-1-13x12.webp 13w, https:\/\/mijn-lo.nl\/wp-content\/uploads\/2023\/09\/bewoners3-914x825-1-24x22.webp 24w, https:\/\/mijn-lo.nl\/wp-content\/uploads\/2023\/09\/bewoners3-914x825-1-36x32.webp 36w, https:\/\/mijn-lo.nl\/wp-content\/uploads\/2023\/09\/bewoners3-914x825-1-48x43.webp 48w\" sizes=\"(max-width: 914px) 100vw, 914px\" \/>\t\t\t\t\t\t\t\t\t\t\t\t\t\t\t<\/div>\n\t\t\t\t<\/div>\n\t\t\t\t\t<\/div>\n\t\t<\/div>\n\t\t\t\t<div class=\"elementor-column elementor-col-50 elementor-top-column elementor-element elementor-element-0de69c5\" data-id=\"0de69c5\" data-element_type=\"column\">\n\t\t\t<div class=\"elementor-widget-wrap elementor-element-populated\">\n\t\t\t\t\t\t<div class=\"elementor-element elementor-element-3ec27b9 elementor-widget elementor-widget-text-editor\" data-id=\"3ec27b9\" data-element_type=\"widget\" data-widget_type=\"text-editor.default\">\n\t\t\t\t<div class=\"elementor-widget-container\">\n\t\t\t\t\t\t\t\t\t<h3 class=\"mbr-section-title mbr-fonts-style mb-3 display-5\"><strong>Ki \u00e9l Hollandi\u00e1ban?<\/strong><\/h3>\n<p class=\"mbr-text mbr-fonts-style display-7\">Hollandi\u00e1ban sokan \u00e9rkeznek k\u00fcl\u00f6nb\u00f6z\u0151 orsz\u00e1gokb\u00f3l. Az orsz\u00e1gban \u00e9l\u0151 emberek legnagyobb csoportja T\u00f6r\u00f6korsz\u00e1gb\u00f3l, Marokk\u00f3b\u00f3l vagy Suriname-b\u00f3l sz\u00e1rmazik. A t\u00f6r\u00f6k \u00e9s a marokk\u00f3i csoport a legnagyobb, mindegyikben k\u00f6zel f\u00e9lmilli\u00f3 emberrel. Ezek a csoportok az ut\u00f3bbi \u00e9vekben n\u00f6vekedtek, k\u00fcl\u00f6n\u00f6sen a m\u00e1sodik gener\u00e1ci\u00f3 megsz\u00fclet\u00e9s\u00e9nek k\u00f6sz\u00f6nhet\u0151en.<\/p>\nA T\u00f6r\u00f6korsz\u00e1gb\u00f3l, Marokk\u00f3b\u00f3l \u00e9s Suriname-b\u00f3l sz\u00e1rmaz\u00f3 emberek holland neve a k\u00f6vetkez\u0151:\n\n<audio class=\"wp-audio-shortcode\" id=\"audio-3571-1\" preload=\"none\" style=\"width: 100%;\" controls=\"controls\"><source type=\"audio\/wav\" src=\"https:\/\/mijn-lo.nl\/wp-content\/uploads\/2023\/09\/MAPH1-7-1.wav?_=1\" \/><a href=\"https:\/\/mijn-lo.nl\/wp-content\/uploads\/2023\/09\/MAPH1-7-1.wav\">https:\/\/mijn-lo.nl\/wp-content\/uploads\/2023\/09\/MAPH1-7-1.wav<\/a><\/audio>\t\t\t\t\t\t\t\t<\/div>\n\t\t\t\t<\/div>\n\t\t\t\t\t<\/div>\n\t\t<\/div>\n\t\t\t\t\t<\/div>\n\t\t<\/section>\n\t\t\t\t<section class=\"elementor-section elementor-top-section elementor-element elementor-element-3f9afad elementor-section-boxed elementor-section-height-default elementor-section-height-default\" data-id=\"3f9afad\" data-element_type=\"section\">\n\t\t\t\t\t\t<div class=\"elementor-container elementor-column-gap-default\">\n\t\t\t\t\t<div class=\"elementor-column elementor-col-100 elementor-top-column elementor-element elementor-element-2369197\" data-id=\"2369197\" data-element_type=\"column\">\n\t\t\t<div class=\"elementor-widget-wrap elementor-element-populated\">\n\t\t\t\t\t\t<div class=\"elementor-element elementor-element-81717f7 elementor-widget elementor-widget-text-editor\" data-id=\"81717f7\" data-element_type=\"widget\" data-widget_type=\"text-editor.default\">\n\t\t\t\t<div class=\"elementor-widget-container\">\n\t\t\t\t\t\t\t\t\t<h3 class=\"mbr-section-subtitle mbr-fonts-style mb-4 display-5\"><strong>N\u00e9h\u00e1ny sz\u00e1m<\/strong><\/h3>\n<p class=\"mbr-text mbr-fonts-style display-7\">Hollandi\u00e1ban k\u00f6zel 18 milli\u00f3 ember \u00e9l, ami azt jelenti, hogy az orsz\u00e1g zs\u00fafolt. \u00c1tlagosan minden n\u00e9gyzetkilom\u00e9teren 500 ember \u00e9l, \u00edgy ez a legs\u0171r\u0171bben lakott orsz\u00e1g Eur\u00f3p\u00e1ban.<\/p>\nA Hollandi\u00e1ban \u00e9l\u0151 emberek t\u00f6bb mint 10%-je nem ott sz\u00fcletett, de gyakran rendelkeznek holland \u00e1llampolg\u00e1rs\u00e1ggal. Maxima kir\u00e1lyn\u0151 j\u00f3 p\u00e9lda erre. \u0150 eredetileg Argent\u00edn\u00e1b\u00f3l sz\u00e1rmazik.\n\nSok k\u00fclf\u00f6ldi \u00e9l Hollandia nagyv\u00e1rosaiban. Vagy ott dolgoznak, vagy kapcsolatban \u00e1llnak egy holland szem\u00e9llyel. Suriname-i emberek Hollandi\u00e1ban \u00e9lnek a k\u00e9t orsz\u00e1g k\u00f6z\u00f6tti t\u00f6rt\u00e9nelmi kapcsolat miatt. A t\u00f6r\u00f6k\u00f6k \u00e9s a marokk\u00f3iak az 1970-es \u00e9vekben vend\u00e9gmunk\u00e1sk\u00e9nt \u00e9rkeztek Hollandi\u00e1ba.\n\nManaps\u00e1g sok menek\u00fclt \u00e9rkezik Hollandi\u00e1ba olyan orsz\u00e1gokb\u00f3l, mint Ir\u00e1n, Irak \u00e9s Szom\u00e1lia. Azonban nem minden menek\u00fclt rendelkezik tart\u00f3zkod\u00e1si enged\u00e9llyel. Ha m\u00e1r van tart\u00f3zkod\u00e1si enged\u00e9lye, akkor \"st\u00e1tustulajdonosnak\" nevezik. A menek\u00fclteken k\u00edv\u00fcl sokan \u00e9rkeztek Hollandi\u00e1ba Lengyelorsz\u00e1gb\u00f3l \u00e9s Rom\u00e1ni\u00e1b\u00f3l is.\n\nA holland sz\u00f3 a menek\u00fcltre a k\u00f6vetkez\u0151: \"vluchteling\":\n\n<audio class=\"wp-audio-shortcode\" id=\"audio-3571-2\" preload=\"none\" style=\"width: 100%;\" controls=\"controls\"><source type=\"audio\/wav\" src=\"https:\/\/mijn-lo.nl\/wp-content\/uploads\/2023\/09\/MAPH1-8-1.wav?_=2\" \/><a href=\"https:\/\/mijn-lo.nl\/wp-content\/uploads\/2023\/09\/MAPH1-8-1.wav\">https:\/\/mijn-lo.nl\/wp-content\/uploads\/2023\/09\/MAPH1-8-1.wav<\/a><\/audio>\t\t\t\t\t\t\t\t<\/div>\n\t\t\t\t<\/div>\n\t\t\t\t\t<\/div>\n\t\t<\/div>\n\t\t\t\t\t<\/div>\n\t\t<\/section>\n\t\t\t\t<section class=\"elementor-section elementor-top-section elementor-element elementor-element-5de23806 elementor-section-boxed elementor-section-height-default elementor-section-height-default\" data-id=\"5de23806\" data-element_type=\"section\">\n\t\t\t\t\t\t<div class=\"elementor-container elementor-column-gap-default\">\n\t\t\t\t\t<div class=\"elementor-column elementor-col-100 elementor-top-column elementor-element elementor-element-4066c27f\" data-id=\"4066c27f\" data-element_type=\"column\">\n\t\t\t<div class=\"elementor-widget-wrap elementor-element-populated\">\n\t\t\t\t\t\t<div class=\"elementor-element elementor-element-37f97aef elementor-align-center elementor-widget elementor-widget-button\" data-id=\"37f97aef\" data-element_type=\"widget\" data-widget_type=\"button.default\">\n\t\t\t\t<div class=\"elementor-widget-container\">\n\t\t\t\t\t\t\t\t\t<div class=\"elementor-button-wrapper\">\n\t\t\t\t\t<a class=\"elementor-button elementor-button-link elementor-size-sm\" href=\"https:\/\/mijn-lo.nl\/hu\/the-netherlands\/the-netherlands-is-a-democracy\/\">\n\t\t\t\t\t\t<span class=\"elementor-button-content-wrapper\">\n\t\t\t\t\t\t\t\t\t<span class=\"elementor-button-text\">folytat\u00e1s<\/span>\n\t\t\t\t\t<\/span>\n\t\t\t\t\t<\/a>\n\t\t\t\t<\/div>\n\t\t\t\t\t\t\t\t<\/div>\n\t\t\t\t<\/div>\n\t\t\t\t\t<\/div>\n\t\t<\/div>\n\t\t\t\t\t<\/div>\n\t\t<\/section>\n\t\t\t\t<\/div>","protected":false},"excerpt":{"rendered":"<p>Who lives in the Netherlands? In the Netherlands, many people come from different countries. The largest groups of people in the country have backgrounds from Turkey, Morocco, or Suriname. The Turkish and Moroccan groups are the biggest, with nearly half a million people in each group. These groups have been growing in recent years, especially [&hellip;]<\/p>\n","protected":false},"author":1,"featured_media":0,"parent":5002,"menu_order":6,"comment_status":"closed","ping_status":"closed","template":"elementor_canvas","meta":{"site-sidebar-layout":"no-sidebar","site-content-layout":"page-builder","ast-site-content-layout":"full-width-container","site-content-style":"default","site-sidebar-style":"default","ast-global-header-display":"","ast-banner-title-visibility":"","ast-main-header-display":"","ast-hfb-above-header-display":"","ast-hfb-below-header-display":"","ast-hfb-mobile-header-display":"","site-post-title":"disabled","ast-breadcrumbs-content":"","ast-featured-img":"disabled","footer-sml-layout":"","theme-transparent-header-meta":"","adv-header-id-meta":"","stick-header-meta":"","header-above-stick-meta":"","header-main-stick-meta":"","header-below-stick-meta":"","astra-migrate-meta-layouts":"set","ast-page-background-enabled":"default","ast-page-background-meta":{"desktop":{"background-color":"var(--ast-global-color-4)","background-image":"","background-repeat":"repeat","background-position":"center center","background-size":"auto","background-attachment":"scroll","background-type":"","background-media":"","overlay-type":"","overlay-color":"","overlay-opacity":"","overlay-gradient":""},"tablet":{"background-color":"","background-image":"","background-repeat":"repeat","background-position":"center center","background-size":"auto","background-attachment":"scroll","background-type":"","background-media":"","overlay-type":"","overlay-color":"","overlay-opacity":"","overlay-gradient":""},"mobile":{"background-color":"","background-image":"","background-repeat":"repeat","background-position":"center center","background-size":"auto","background-attachment":"scroll","background-type":"","background-media":"","overlay-type":"","overlay-color":"","overlay-opacity":"","overlay-gradient":""}},"ast-content-background-meta":{"desktop":{"background-color":"var(--ast-global-color-5)","background-image":"","background-repeat":"repeat","background-position":"center center","background-size":"auto","background-attachment":"scroll","background-type":"","background-media":"","overlay-type":"","overlay-color":"","overlay-opacity":"","overlay-gradient":""},"tablet":{"background-color":"var(--ast-global-color-5)","background-image":"","background-repeat":"repeat","background-position":"center center","background-size":"auto","background-attachment":"scroll","background-type":"","background-media":"","overlay-type":"","overlay-color":"","overlay-opacity":"","overlay-gradient":""},"mobile":{"background-color":"var(--ast-global-color-5)","background-image":"","background-repeat":"repeat","background-position":"center center","background-size":"auto","background-attachment":"scroll","background-type":"","background-media":"","overlay-type":"","overlay-color":"","overlay-opacity":"","overlay-gradient":""}},"footnotes":""},"class_list":["post-3571","page","type-page","status-publish","hentry"],"_links":{"self":[{"href":"https:\/\/mijn-lo.nl\/hu\/wp-json\/wp\/v2\/pages\/3571","targetHints":{"allow":["GET"]}}],"collection":[{"href":"https:\/\/mijn-lo.nl\/hu\/wp-json\/wp\/v2\/pages"}],"about":[{"href":"https:\/\/mijn-lo.nl\/hu\/wp-json\/wp\/v2\/types\/page"}],"author":[{"embeddable":true,"href":"https:\/\/mijn-lo.nl\/hu\/wp-json\/wp\/v2\/users\/1"}],"replies":[{"embeddable":true,"href":"https:\/\/mijn-lo.nl\/hu\/wp-json\/wp\/v2\/comments?post=3571"}],"version-history":[{"count":32,"href":"https:\/\/mijn-lo.nl\/hu\/wp-json\/wp\/v2\/pages\/3571\/revisions"}],"predecessor-version":[{"id":6220,"href":"https:\/\/mijn-lo.nl\/hu\/wp-json\/wp\/v2\/pages\/3571\/revisions\/6220"}],"up":[{"embeddable":true,"href":"https:\/\/mijn-lo.nl\/hu\/wp-json\/wp\/v2\/pages\/5002"}],"wp:attachment":[{"href":"https:\/\/mijn-lo.nl\/hu\/wp-json\/wp\/v2\/media?parent=3571"}],"curies":[{"name":"wp","href":"https:\/\/api.w.org\/{rel}","templated":true}]}}