{"id":3585,"date":"2023-09-03T12:00:13","date_gmt":"2023-09-03T12:00:13","guid":{"rendered":"http:\/\/mijn-lo.nl\/?page_id=3585"},"modified":"2025-08-19T17:19:51","modified_gmt":"2025-08-19T17:19:51","slug":"the-netherlands-is-a-democracy","status":"publish","type":"page","link":"https:\/\/mijn-lo.nl\/hu\/the-netherlands\/the-netherlands-is-a-democracy\/","title":{"rendered":"Hollandia demokr\u00e1cia"},"content":{"rendered":"<div data-elementor-type=\"wp-page\" data-elementor-id=\"3585\" class=\"elementor elementor-3585\" data-elementor-post-type=\"page\">\n\t\t\t\t\t\t<section class=\"elementor-section elementor-top-section elementor-element elementor-element-4ab774c elementor-section-boxed elementor-section-height-default elementor-section-height-default\" data-id=\"4ab774c\" data-element_type=\"section\">\n\t\t\t\t\t\t\t<div class=\"elementor-background-overlay\"><\/div>\n\t\t\t\t\t\t\t<div class=\"elementor-container elementor-column-gap-default\">\n\t\t\t\t\t<div class=\"elementor-column elementor-col-50 elementor-top-column elementor-element elementor-element-d52035b\" data-id=\"d52035b\" data-element_type=\"column\">\n\t\t\t<div class=\"elementor-widget-wrap elementor-element-populated\">\n\t\t\t\t\t\t<div class=\"elementor-element elementor-element-5307f71 elementor-widget elementor-widget-image\" data-id=\"5307f71\" data-element_type=\"widget\" data-widget_type=\"image.default\">\n\t\t\t\t<div class=\"elementor-widget-container\">\n\t\t\t\t\t\t\t\t\t\t\t\t\t\t\t<img fetchpriority=\"high\" decoding=\"async\" width=\"697\" height=\"799\" src=\"https:\/\/mijn-lo.nl\/wp-content\/uploads\/2023\/09\/willem-maxima-697x799-1.webp\" class=\"attachment-large size-large wp-image-3587\" alt=\"\" srcset=\"https:\/\/mijn-lo.nl\/wp-content\/uploads\/2023\/09\/willem-maxima-697x799-1.webp 697w, https:\/\/mijn-lo.nl\/wp-content\/uploads\/2023\/09\/willem-maxima-697x799-1-262x300.webp 262w, https:\/\/mijn-lo.nl\/wp-content\/uploads\/2023\/09\/willem-maxima-697x799-1-10x12.webp 10w, https:\/\/mijn-lo.nl\/wp-content\/uploads\/2023\/09\/willem-maxima-697x799-1-21x24.webp 21w, https:\/\/mijn-lo.nl\/wp-content\/uploads\/2023\/09\/willem-maxima-697x799-1-31x36.webp 31w, https:\/\/mijn-lo.nl\/wp-content\/uploads\/2023\/09\/willem-maxima-697x799-1-42x48.webp 42w\" sizes=\"(max-width: 697px) 100vw, 697px\" \/>\t\t\t\t\t\t\t\t\t\t\t\t\t\t\t<\/div>\n\t\t\t\t<\/div>\n\t\t\t\t<div class=\"elementor-element elementor-element-12a9154 elementor-widget elementor-widget-text-editor\" data-id=\"12a9154\" data-element_type=\"widget\" data-widget_type=\"text-editor.default\">\n\t\t\t\t<div class=\"elementor-widget-container\">\n\t\t\t\t\t\t\t\t\t<p style=\"text-align: center;\">Willem-Alexander kir\u00e1ly \u00e9s Maxima kir\u00e1lyn\u0151<\/p>\t\t\t\t\t\t\t\t<\/div>\n\t\t\t\t<\/div>\n\t\t\t\t\t<\/div>\n\t\t<\/div>\n\t\t\t\t<div class=\"elementor-column elementor-col-50 elementor-top-column elementor-element elementor-element-0de69c5\" data-id=\"0de69c5\" data-element_type=\"column\">\n\t\t\t<div class=\"elementor-widget-wrap elementor-element-populated\">\n\t\t\t\t\t\t<div class=\"elementor-element elementor-element-3ec27b9 elementor-widget elementor-widget-text-editor\" data-id=\"3ec27b9\" data-element_type=\"widget\" data-widget_type=\"text-editor.default\">\n\t\t\t\t<div class=\"elementor-widget-container\">\n\t\t\t\t\t\t\t\t\t<h3 class=\"mbr-section-title mbr-fonts-style mb-3 display-5\"><strong>Hollandia demokr\u00e1cia, kir\u00e1lyi csal\u00e1ddal.<\/strong><\/h3><p class=\"mbr-text mbr-fonts-style display-7\">Az olyan orsz\u00e1gokkal ellent\u00e9tben, mint Franciaorsz\u00e1g \u00e9s N\u00e9metorsz\u00e1g, Hollandia nem k\u00f6zt\u00e1rsas\u00e1g. M\u00e9g mindig van egy kir\u00e1lyi csal\u00e1d, amely rendelkezik bizonyos jogokkal, de ezek a jogok nagyon korl\u00e1tozottak. A kir\u00e1ly \u00e9s a kir\u00e1lyn\u0151, Willem-Alexander kir\u00e1ly \u00e9s Maxima kir\u00e1lyn\u0151 feladata els\u0151sorban az orsz\u00e1g \u00e9s a n\u00e9p k\u00e9pviselete. Nem vesznek r\u00e9szt a politik\u00e1ban. H\u00e1rom k\u00f6z\u00f6s gyermek\u00fck van.<br \/><br \/>Hollandul: \"Koning Willem-Alexander, Koningin Maxima\"<\/p><p><audio class=\"wp-audio-shortcode\" id=\"audio-3585-1\" preload=\"none\" style=\"width: 100%;\" controls=\"controls\"><source type=\"audio\/wav\" src=\"https:\/\/mijn-lo.nl\/wp-content\/uploads\/2023\/09\/MAPH1-9-1.wav?_=1\" \/><a href=\"https:\/\/mijn-lo.nl\/wp-content\/uploads\/2023\/09\/MAPH1-9-1.wav\">https:\/\/mijn-lo.nl\/wp-content\/uploads\/2023\/09\/MAPH1-9-1.wav<\/a><\/audio><\/p><p><br \/>Hollandia demokr\u00e1cia, ami azt jelenti, hogy az emberek v\u00e1laszt\u00e1sok \u00fatj\u00e1n v\u00e1lasztj\u00e1k meg k\u00e9pvisel\u0151iket a parlamentben. A holland \u00e1llampolg\u00e1rok n\u00e9gy\u00e9vente szavazhatnak a parlamentre. A parlamentben a korm\u00e1ny terveit vitatj\u00e1k meg. A korm\u00e1ny \u00faj t\u00f6rv\u00e9nyeket javasol, \u00e9s a parlamentnek jog\u00e1ban \u00e1ll j\u00f3v\u00e1hagyni azokat. A korm\u00e1ny \u00e9s a parlament k\u00f6z\u00f6tti vit\u00e1k egy h\u00edres h\u00e1gai helysz\u00ednen zajlanak: (A m\u00e1sodik \u00fcl\u00e9sterem).<br \/><br \/>Hollandul: \"De Tweede Kamer\"<\/p><p><audio class=\"wp-audio-shortcode\" id=\"audio-3585-2\" preload=\"none\" style=\"width: 100%;\" controls=\"controls\"><source type=\"audio\/wav\" src=\"https:\/\/mijn-lo.nl\/wp-content\/uploads\/2023\/09\/MAPH1-9-2.wav?_=2\" \/><a href=\"https:\/\/mijn-lo.nl\/wp-content\/uploads\/2023\/09\/MAPH1-9-2.wav\">https:\/\/mijn-lo.nl\/wp-content\/uploads\/2023\/09\/MAPH1-9-2.wav<\/a><\/audio><\/p><p><br \/>A korm\u00e1ny \u00e9s a parlament H\u00e1g\u00e1ban tal\u00e1lhat\u00f3.<\/p>\t\t\t\t\t\t\t\t<\/div>\n\t\t\t\t<\/div>\n\t\t\t\t\t<\/div>\n\t\t<\/div>\n\t\t\t\t\t<\/div>\n\t\t<\/section>\n\t\t\t\t<section class=\"elementor-section elementor-top-section elementor-element elementor-element-5fcdf827 elementor-section-boxed elementor-section-height-default elementor-section-height-default\" data-id=\"5fcdf827\" data-element_type=\"section\">\n\t\t\t\t\t\t<div class=\"elementor-container elementor-column-gap-default\">\n\t\t\t\t\t<div class=\"elementor-column elementor-col-100 elementor-top-column elementor-element elementor-element-54c9087\" data-id=\"54c9087\" data-element_type=\"column\">\n\t\t\t<div class=\"elementor-widget-wrap elementor-element-populated\">\n\t\t\t\t\t\t<div class=\"elementor-element elementor-element-2d831a59 elementor-align-center elementor-widget elementor-widget-button\" data-id=\"2d831a59\" data-element_type=\"widget\" data-widget_type=\"button.default\">\n\t\t\t\t<div class=\"elementor-widget-container\">\n\t\t\t\t\t\t\t\t\t<div class=\"elementor-button-wrapper\">\n\t\t\t\t\t<a class=\"elementor-button elementor-button-link elementor-size-sm\" href=\"https:\/\/mijn-lo.nl\/hu\/the-netherlands\/religions\/\">\n\t\t\t\t\t\t<span class=\"elementor-button-content-wrapper\">\n\t\t\t\t\t\t\t\t\t<span class=\"elementor-button-text\">folytat\u00e1s<\/span>\n\t\t\t\t\t<\/span>\n\t\t\t\t\t<\/a>\n\t\t\t\t<\/div>\n\t\t\t\t\t\t\t\t<\/div>\n\t\t\t\t<\/div>\n\t\t\t\t\t<\/div>\n\t\t<\/div>\n\t\t\t\t\t<\/div>\n\t\t<\/section>\n\t\t\t\t<\/div>","protected":false},"excerpt":{"rendered":"<p>King Willem-Alexander and Queen Maxima The Netherlands is a democracy with a royal family Unlike countries like France and Germany, the Netherlands is not a republic. It still has a royal family that has some rights, but those rights are very limited. The king and queen, King Willem-Alexander and Queen Maxima, mainly have a role [&hellip;]<\/p>\n","protected":false},"author":1,"featured_media":0,"parent":5002,"menu_order":7,"comment_status":"closed","ping_status":"closed","template":"elementor_canvas","meta":{"site-sidebar-layout":"no-sidebar","site-content-layout":"page-builder","ast-site-content-layout":"full-width-container","site-content-style":"default","site-sidebar-style":"default","ast-global-header-display":"","ast-banner-title-visibility":"","ast-main-header-display":"","ast-hfb-above-header-display":"","ast-hfb-below-header-display":"","ast-hfb-mobile-header-display":"","site-post-title":"disabled","ast-breadcrumbs-content":"","ast-featured-img":"disabled","footer-sml-layout":"","theme-transparent-header-meta":"","adv-header-id-meta":"","stick-header-meta":"","header-above-stick-meta":"","header-main-stick-meta":"","header-below-stick-meta":"","astra-migrate-meta-layouts":"set","ast-page-background-enabled":"default","ast-page-background-meta":{"desktop":{"background-color":"var(--ast-global-color-4)","background-image":"","background-repeat":"repeat","background-position":"center center","background-size":"auto","background-attachment":"scroll","background-type":"","background-media":"","overlay-type":"","overlay-color":"","overlay-opacity":"","overlay-gradient":""},"tablet":{"background-color":"","background-image":"","background-repeat":"repeat","background-position":"center center","background-size":"auto","background-attachment":"scroll","background-type":"","background-media":"","overlay-type":"","overlay-color":"","overlay-opacity":"","overlay-gradient":""},"mobile":{"background-color":"","background-image":"","background-repeat":"repeat","background-position":"center center","background-size":"auto","background-attachment":"scroll","background-type":"","background-media":"","overlay-type":"","overlay-color":"","overlay-opacity":"","overlay-gradient":""}},"ast-content-background-meta":{"desktop":{"background-color":"var(--ast-global-color-5)","background-image":"","background-repeat":"repeat","background-position":"center center","background-size":"auto","background-attachment":"scroll","background-type":"","background-media":"","overlay-type":"","overlay-color":"","overlay-opacity":"","overlay-gradient":""},"tablet":{"background-color":"var(--ast-global-color-5)","background-image":"","background-repeat":"repeat","background-position":"center center","background-size":"auto","background-attachment":"scroll","background-type":"","background-media":"","overlay-type":"","overlay-color":"","overlay-opacity":"","overlay-gradient":""},"mobile":{"background-color":"var(--ast-global-color-5)","background-image":"","background-repeat":"repeat","background-position":"center center","background-size":"auto","background-attachment":"scroll","background-type":"","background-media":"","overlay-type":"","overlay-color":"","overlay-opacity":"","overlay-gradient":""}},"footnotes":""},"class_list":["post-3585","page","type-page","status-publish","hentry"],"_links":{"self":[{"href":"https:\/\/mijn-lo.nl\/hu\/wp-json\/wp\/v2\/pages\/3585","targetHints":{"allow":["GET"]}}],"collection":[{"href":"https:\/\/mijn-lo.nl\/hu\/wp-json\/wp\/v2\/pages"}],"about":[{"href":"https:\/\/mijn-lo.nl\/hu\/wp-json\/wp\/v2\/types\/page"}],"author":[{"embeddable":true,"href":"https:\/\/mijn-lo.nl\/hu\/wp-json\/wp\/v2\/users\/1"}],"replies":[{"embeddable":true,"href":"https:\/\/mijn-lo.nl\/hu\/wp-json\/wp\/v2\/comments?post=3585"}],"version-history":[{"count":20,"href":"https:\/\/mijn-lo.nl\/hu\/wp-json\/wp\/v2\/pages\/3585\/revisions"}],"predecessor-version":[{"id":6223,"href":"https:\/\/mijn-lo.nl\/hu\/wp-json\/wp\/v2\/pages\/3585\/revisions\/6223"}],"up":[{"embeddable":true,"href":"https:\/\/mijn-lo.nl\/hu\/wp-json\/wp\/v2\/pages\/5002"}],"wp:attachment":[{"href":"https:\/\/mijn-lo.nl\/hu\/wp-json\/wp\/v2\/media?parent=3585"}],"curies":[{"name":"wp","href":"https:\/\/api.w.org\/{rel}","templated":true}]}}