{"id":4140,"date":"2024-02-03T15:55:27","date_gmt":"2024-02-03T15:55:27","guid":{"rendered":"http:\/\/mijn-lo.nl\/?page_id=4140"},"modified":"2025-08-19T17:25:55","modified_gmt":"2025-08-19T17:25:55","slug":"energy","status":"publish","type":"page","link":"https:\/\/mijn-lo.nl\/hu\/housing\/energy\/","title":{"rendered":"Energia"},"content":{"rendered":"<div data-elementor-type=\"wp-page\" data-elementor-id=\"4140\" class=\"elementor elementor-4140\" data-elementor-post-type=\"page\">\n\t\t\t\t\t\t<section class=\"elementor-section elementor-top-section elementor-element elementor-element-d43131f elementor-section-boxed elementor-section-height-default elementor-section-height-default\" data-id=\"d43131f\" data-element_type=\"section\">\n\t\t\t\t\t\t<div class=\"elementor-container elementor-column-gap-default\">\n\t\t\t\t\t<div class=\"elementor-column elementor-col-50 elementor-top-column elementor-element elementor-element-1189115\" data-id=\"1189115\" data-element_type=\"column\">\n\t\t\t<div class=\"elementor-widget-wrap elementor-element-populated\">\n\t\t\t\t\t\t<div class=\"elementor-element elementor-element-ec4366b elementor-widget elementor-widget-image\" data-id=\"ec4366b\" data-element_type=\"widget\" data-widget_type=\"image.default\">\n\t\t\t\t<div class=\"elementor-widget-container\">\n\t\t\t\t\t\t\t\t\t\t\t\t\t\t\t<img fetchpriority=\"high\" decoding=\"async\" width=\"344\" height=\"807\" src=\"https:\/\/mijn-lo.nl\/wp-content\/uploads\/2024\/02\/energy2-344x807-1.webp\" class=\"attachment-large size-large wp-image-4145\" alt=\"\" srcset=\"https:\/\/mijn-lo.nl\/wp-content\/uploads\/2024\/02\/energy2-344x807-1.webp 344w, https:\/\/mijn-lo.nl\/wp-content\/uploads\/2024\/02\/energy2-344x807-1-128x300.webp 128w, https:\/\/mijn-lo.nl\/wp-content\/uploads\/2024\/02\/energy2-344x807-1-5x12.webp 5w, https:\/\/mijn-lo.nl\/wp-content\/uploads\/2024\/02\/energy2-344x807-1-10x24.webp 10w, https:\/\/mijn-lo.nl\/wp-content\/uploads\/2024\/02\/energy2-344x807-1-15x36.webp 15w, https:\/\/mijn-lo.nl\/wp-content\/uploads\/2024\/02\/energy2-344x807-1-20x48.webp 20w\" sizes=\"(max-width: 344px) 100vw, 344px\" \/>\t\t\t\t\t\t\t\t\t\t\t\t\t\t\t<\/div>\n\t\t\t\t<\/div>\n\t\t\t\t<div class=\"elementor-element elementor-element-be81f1b elementor-widget elementor-widget-text-editor\" data-id=\"be81f1b\" data-element_type=\"widget\" data-widget_type=\"text-editor.default\">\n\t\t\t\t<div class=\"elementor-widget-container\">\n\t\t\t\t\t\t\t\t\t<p style=\"text-align: center;\">Sz\u00e9lmalmok minden\u00fctt<\/p>\t\t\t\t\t\t\t\t<\/div>\n\t\t\t\t<\/div>\n\t\t\t\t\t<\/div>\n\t\t<\/div>\n\t\t\t\t<div class=\"elementor-column elementor-col-50 elementor-top-column elementor-element elementor-element-b74fd01\" data-id=\"b74fd01\" data-element_type=\"column\">\n\t\t\t<div class=\"elementor-widget-wrap elementor-element-populated\">\n\t\t\t\t\t\t<div class=\"elementor-element elementor-element-669e7d1 elementor-widget elementor-widget-text-editor\" data-id=\"669e7d1\" data-element_type=\"widget\" data-widget_type=\"text-editor.default\">\n\t\t\t\t<div class=\"elementor-widget-container\">\n\t\t\t\t\t\t\t\t\t<h3 class=\"mbr-section-title mbr-fonts-style mb-3 display-5\"><strong>Energia<\/strong><\/h3><p class=\"mbr-text mbr-fonts-style display-7\">Ahhoz, hogy Hollandi\u00e1ban energiaszerz\u0151d\u00e9st k\u00f6ss\u00f6n otthon\u00e1ra, t\u00f6bb l\u00e9p\u00e9st kell k\u00f6vetnie. \u00cdme a folyamat egyszer\u0171s\u00edtett v\u00e1ltozata:<br \/><br \/><strong>Energiaszolg\u00e1ltat\u00f3k \u00f6sszehasonl\u00edt\u00e1sa<\/strong>: Kezdje a k\u00fcl\u00f6nb\u00f6z\u0151 energiaszolg\u00e1ltat\u00f3k \u00f6sszehasonl\u00edt\u00e1s\u00e1val, hogy megtal\u00e1lja az ig\u00e9nyeinek legmegfelel\u0151bb szerz\u0151d\u00e9st. K\u00fcl\u00f6nb\u00f6z\u0151 \u00f6sszehasonl\u00edt\u00f3 weboldalak \u00e1llnak rendelkez\u00e9sre, ahol \u00f6sszehasonl\u00edthatja a k\u00fcl\u00f6nb\u00f6z\u0151 szolg\u00e1ltat\u00f3k d\u00edjait, felt\u00e9teleit \u00e9s aj\u00e1nlatait.<br \/><br \/><strong>V\u00e1lasszon energiaszolg\u00e1ltat\u00f3t:\u00a0<\/strong>A k\u00fcl\u00f6nb\u00f6z\u0151 lehet\u0151s\u00e9gek \u00e1ttekint\u00e9se ut\u00e1n v\u00e1lassza ki az \u00d6nnek legmegfelel\u0151bb energiaszolg\u00e1ltat\u00f3t. Mivel \u00d6n nem ismeri a holland nyelvet, gondjai lesznek a szerz\u0151d\u00e9s meg\u00e9rt\u00e9s\u00e9vel. K\u00e9rdezze meg, hogyan tudnak seg\u00edteni \u00d6nnek.<br \/><br \/><strong>Kapcsolatfelv\u00e9tel az energiaszolg\u00e1ltat\u00f3val<\/strong>: Vegye fel a kapcsolatot a kiv\u00e1lasztott energiaszolg\u00e1ltat\u00f3val, hogy energiaszerz\u0151d\u00e9st ig\u00e9nyeljen. Ezt \u00e1ltal\u00e1ban online a weboldalukon kereszt\u00fcl vagy telefonon lehet megtenni.<br \/><br \/><strong>Adja meg a sz\u00fcks\u00e9ges inform\u00e1ci\u00f3kat:<\/strong>\u00a0Meg kell adnia n\u00e9h\u00e1ny adatot, p\u00e9ld\u00e1ul szem\u00e9lyes adatait, otthona c\u00edm\u00e9t, az \u00d6n \u00e1ltal haszn\u00e1lt fogyaszt\u00e1sm\u00e9r\u0151 t\u00edpus\u00e1t \u00e9s a jelenlegi energiaszerz\u0151d\u00e9s\u00e9re vonatkoz\u00f3 inform\u00e1ci\u00f3kat (ha van ilyen).<br \/><br \/><strong>M\u00e9r\u0151\u00f3r\u00e1k leolvas\u00e1s\u00e1nak bek\u00fcld\u00e9se<\/strong>: Az energiaszerz\u0151d\u00e9s megk\u00f6t\u00e9se ut\u00e1n be kell ny\u00fajtania a m\u00e9r\u0151\u00f3r\u00e1k leolvas\u00e1s\u00e1t az energiaszolg\u00e1ltat\u00f3nak. Ezt \u00e1ltal\u00e1ban online vagy telefonon kereszt\u00fcl teheti meg. A helyes sz\u00e1ml\u00e1z\u00e1s \u00e9rdek\u00e9ben fontos, hogy pontos m\u00e9r\u0151\u00f3r\u00e1kat adjon meg.<br \/><br \/><strong>Visszaigazol\u00e1s \u00e9s \u00fcdv\u00f6zl\u0151 csomag<\/strong>: Miut\u00e1n megadta az \u00f6sszes sz\u00fcks\u00e9ges inform\u00e1ci\u00f3t, a szolg\u00e1ltat\u00f3t\u00f3l visszaigazol\u00e1st kap az energiaszerz\u0151d\u00e9s\u00e9r\u0151l. \u00c1ltal\u00e1ban egy \u00fcdv\u00f6zl\u0151 csomagot k\u00fcldenek \u00d6nnek, amely tartalmazza a szerz\u0151d\u00e9ssel kapcsolatos fontos r\u00e9szleteket \u00e9s a fizet\u00e9si inform\u00e1ci\u00f3kat.<br \/><br \/><strong>Fizet\u00e9sek megszervez\u00e9se<\/strong>: \u00c1ll\u00edtsa be az energiasz\u00e1ml\u00e1k fizet\u00e9si m\u00f3dj\u00e1t. V\u00e1laszthat automatikus beszed\u00e9st, banki \u00e1tutal\u00e1st vagy az energiaszolg\u00e1ltat\u00f3 \u00e1ltal k\u00edn\u00e1lt m\u00e1s fizet\u00e9si m\u00f3dot.<br \/><br \/>Felh\u00edvjuk figyelm\u00e9t, hogy a pontos l\u00e9p\u00e9sek \u00e9s k\u00f6vetelm\u00e9nyek energiaszolg\u00e1ltat\u00f3konk\u00e9nt elt\u00e9r\u0151ek lehetnek. Mindig b\u00f6lcs dolog k\u00f6vetni a kiv\u00e1lasztott energiaszolg\u00e1ltat\u00f3 \u00e1ltal adott konkr\u00e9t utas\u00edt\u00e1sokat, \u00e9s b\u00e1rmilyen k\u00e9rd\u00e9ssel forduljon hozz\u00e1juk a folyamat tiszt\u00e1z\u00e1sa \u00e9rdek\u00e9ben.<\/p>\t\t\t\t\t\t\t\t<\/div>\n\t\t\t\t<\/div>\n\t\t\t\t\t<\/div>\n\t\t<\/div>\n\t\t\t\t\t<\/div>\n\t\t<\/section>\n\t\t\t\t<section class=\"elementor-section elementor-top-section elementor-element elementor-element-66a8790 elementor-reverse-tablet elementor-reverse-mobile elementor-section-boxed elementor-section-height-default elementor-section-height-default\" data-id=\"66a8790\" data-element_type=\"section\">\n\t\t\t\t\t\t<div class=\"elementor-container elementor-column-gap-default\">\n\t\t\t\t\t<div class=\"elementor-column elementor-col-50 elementor-top-column elementor-element elementor-element-a301002\" data-id=\"a301002\" data-element_type=\"column\">\n\t\t\t<div class=\"elementor-widget-wrap elementor-element-populated\">\n\t\t\t\t\t\t<div class=\"elementor-element elementor-element-c5a19ba elementor-widget elementor-widget-text-editor\" data-id=\"c5a19ba\" data-element_type=\"widget\" data-widget_type=\"text-editor.default\">\n\t\t\t\t<div class=\"elementor-widget-container\">\n\t\t\t\t\t\t\t\t\t<h3 class=\"mbr-section-title mbr-fonts-style mb-3 display-5\"><strong>\u00cdme n\u00e9h\u00e1ny fontos tipp az energiatakar\u00e9koss\u00e1ghoz:<\/strong><\/h3><p class=\"mbr-text mbr-fonts-style display-7\">Az energia nagyon dr\u00e1ga. Ez\u00e9rt adunk n\u00e9h\u00e1ny fontos tippet az energiatakar\u00e9koss\u00e1ghoz, hollandul \"energie besparen\":<\/p><p><strong>Haszn\u00e1ljon energiahat\u00e9kony k\u00e9sz\u00fcl\u00e9keket:\u00a0<\/strong>V\u00e1lasszon magas Energy Star min\u0151s\u00edt\u00e9s\u0171 k\u00e9sz\u00fcl\u00e9keket. Ezek kevesebb \u00e1ramot fogyasztanak, \u00e9s seg\u00edtenek energi\u00e1t megtakar\u00edtani.<br \/><strong><br \/>H\u00fazza ki a k\u00e9sz\u00fcl\u00e9keket, ha nem haszn\u00e1lja \u0151ket:<\/strong>\u00a0Ha nem haszn\u00e1l elektronikus eszk\u00f6z\u00f6ket, p\u00e9ld\u00e1ul t\u00f6lt\u0151ket, laptopokat vagy t\u00e9v\u00e9ket, h\u00fazza ki \u0151ket a konnektorb\u00f3l. M\u00e9g ha ki is vannak kapcsolva, akkor is haszn\u00e1lhatnak \u00e1ramot.<br \/><br \/><strong>V\u00e1ltson LED-es l\u00e1mp\u00e1kra: Cser\u00e9lje le a r\u00e9gi izz\u00f3kat energiatakar\u00e9kos LED-l\u00e1mp\u00e1kra.\u00a0<\/strong>Hosszabb ideig tartanak \u00e9s kevesebb energi\u00e1t fogyasztanak.<br \/><br \/><strong>\u00c1ll\u00edtsa be a termoszt\u00e1tot:<\/strong>\u00a0T\u00e9len cs\u00f6kkentse a f\u0171t\u00e9st, ny\u00e1ron pedig emelje a h\u0171t\u00e9si h\u0151m\u00e9rs\u00e9kletet. Programozhat\u00f3 termoszt\u00e1t seg\u00edts\u00e9g\u00e9vel automatikusan be\u00e1ll\u00edthatja a h\u0151m\u00e9rs\u00e9kletet az \u00d6n id\u0151beoszt\u00e1sa alapj\u00e1n.<br \/><br \/><strong>Szigetelje otthon\u00e1t:<\/strong>\u00a0Szigetelje otthon\u00e1t, hogy t\u00e9len meleg, ny\u00e1ron pedig h\u0171v\u00f6s maradjon. Ez seg\u00edt abban, hogy kevesebb f\u0171t\u00e9st vagy h\u0171t\u00e9st haszn\u00e1ljon. Ha a h\u00e1z nem az \u00d6n\u00e9, k\u00e9rdezze meg a tulajdonost, hogyan kell kezelni a szigetel\u00e9st.<br \/><br \/><strong>Haszn\u00e1lja a term\u00e9szetes f\u00e9nyt:<\/strong>\u00a0Napk\u00f6zben nyissa ki a f\u00fcgg\u00f6ny\u00f6ket \u00e9s a red\u0151ny\u00f6ket, hogy beengedje a napf\u00e9nyt. Kevesebb mesters\u00e9ges vil\u00e1g\u00edt\u00e1ssal energi\u00e1t takar\u00edt meg.<br \/><br \/><strong>L\u00e9gsziv\u00e1rg\u00e1sok t\u00f6m\u00edt\u00e9se<\/strong>: Ellen\u0151rizze, hogy nincsenek-e r\u00e9sek vagy reped\u00e9sek az ablakok, ajt\u00f3k vagy szell\u0151z\u0151k k\u00f6r\u00fcl. Z\u00e1rja le \u0151ket a huzat megel\u0151z\u00e9se \u00e9s az energiatakar\u00e9koss\u00e1g \u00e9rdek\u00e9ben.<br \/><br \/><strong>\u00c1ll\u00edtsa be a v\u00edzmeleg\u00edt\u0151 h\u0151m\u00e9rs\u00e9klet\u00e9t:<\/strong>\u00a0Tartsa a v\u00edzmeleg\u00edt\u0151 h\u0151m\u00e9rs\u00e9klet\u00e9t 49 \u00b0C (120 \u00b0F) k\u00f6r\u00fcl, hogy elker\u00fclje az energiapazarl\u00e1st. Haszn\u00e1ljon hideg vizet a ruh\u00e1k mos\u00e1s\u00e1hoz, \u00e9s zuhanyozzon r\u00f6videbb ideig.<br \/><strong><br \/>Haszn\u00e1ljon h\u00e1l\u00f3zati cs\u00edkokat<\/strong>: Csatlakoztasson t\u00f6bb eszk\u00f6zt a h\u00e1l\u00f3zati cs\u00edkokhoz, \u00e9s kapcsolja ki \u0151ket, amikor nem haszn\u00e1lja \u0151ket. \u00cdgy nem haszn\u00e1lnak k\u00e9szenl\u00e9ti energi\u00e1t.<br \/><br \/><strong>Energiatakar\u00e9kos szok\u00e1sok kialak\u00edt\u00e1sa<\/strong>: Ne feledje, hogy kapcsolja le a vil\u00e1g\u00edt\u00e1st, amikor elhagyja a szob\u00e1t, haszn\u00e1lja az eszk\u00f6z\u00f6k energiatakar\u00e9kos \u00fczemm\u00f3djait, \u00e9s ker\u00fclje az energiaig\u00e9nyes k\u00e9sz\u00fcl\u00e9kek felesleges haszn\u00e1lat\u00e1t.<br \/><br \/>Ezekkel az egyszer\u0171 v\u00e1ltoztat\u00e1sokkal energi\u00e1t takar\u00edthat meg, \u00e9s cs\u00f6kkentheti villanysz\u00e1ml\u00e1it.<\/p>\t\t\t\t\t\t\t\t<\/div>\n\t\t\t\t<\/div>\n\t\t\t\t\t<\/div>\n\t\t<\/div>\n\t\t\t\t<div class=\"elementor-column elementor-col-50 elementor-top-column elementor-element elementor-element-b0ecfdc\" data-id=\"b0ecfdc\" data-element_type=\"column\">\n\t\t\t<div class=\"elementor-widget-wrap elementor-element-populated\">\n\t\t\t\t\t\t<div class=\"elementor-element elementor-element-1c999f8 elementor-widget elementor-widget-image\" data-id=\"1c999f8\" data-element_type=\"widget\" data-widget_type=\"image.default\">\n\t\t\t\t<div class=\"elementor-widget-container\">\n\t\t\t\t\t\t\t\t\t\t\t\t\t\t\t<img decoding=\"async\" width=\"460\" height=\"806\" src=\"https:\/\/mijn-lo.nl\/wp-content\/uploads\/2024\/02\/energy3-460x806-1.webp\" class=\"attachment-large size-large wp-image-4146\" alt=\"\" srcset=\"https:\/\/mijn-lo.nl\/wp-content\/uploads\/2024\/02\/energy3-460x806-1.webp 460w, https:\/\/mijn-lo.nl\/wp-content\/uploads\/2024\/02\/energy3-460x806-1-171x300.webp 171w, https:\/\/mijn-lo.nl\/wp-content\/uploads\/2024\/02\/energy3-460x806-1-7x12.webp 7w, https:\/\/mijn-lo.nl\/wp-content\/uploads\/2024\/02\/energy3-460x806-1-14x24.webp 14w, https:\/\/mijn-lo.nl\/wp-content\/uploads\/2024\/02\/energy3-460x806-1-21x36.webp 21w, https:\/\/mijn-lo.nl\/wp-content\/uploads\/2024\/02\/energy3-460x806-1-27x48.webp 27w\" sizes=\"(max-width: 460px) 100vw, 460px\" \/>\t\t\t\t\t\t\t\t\t\t\t\t\t\t\t<\/div>\n\t\t\t\t<\/div>\n\t\t\t\t<div class=\"elementor-element elementor-element-6942d17 elementor-widget elementor-widget-text-editor\" data-id=\"6942d17\" data-element_type=\"widget\" data-widget_type=\"text-editor.default\">\n\t\t\t\t<div class=\"elementor-widget-container\">\n\t\t\t\t\t\t\t\t\t<p style=\"text-align: center;\">A z\u00f6ld a j\u00f3<\/p>\t\t\t\t\t\t\t\t<\/div>\n\t\t\t\t<\/div>\n\t\t\t\t\t<\/div>\n\t\t<\/div>\n\t\t\t\t\t<\/div>\n\t\t<\/section>\n\t\t\t\t<section class=\"elementor-section elementor-top-section elementor-element elementor-element-2edcca1 elementor-section-boxed elementor-section-height-default elementor-section-height-default\" data-id=\"2edcca1\" data-element_type=\"section\">\n\t\t\t\t\t\t<div class=\"elementor-container elementor-column-gap-default\">\n\t\t\t\t\t<div class=\"elementor-column elementor-col-100 elementor-top-column elementor-element elementor-element-75349f87\" data-id=\"75349f87\" data-element_type=\"column\">\n\t\t\t<div class=\"elementor-widget-wrap elementor-element-populated\">\n\t\t\t\t\t\t<div class=\"elementor-element elementor-element-2d2d0e50 elementor-align-center elementor-widget elementor-widget-button\" data-id=\"2d2d0e50\" data-element_type=\"widget\" data-widget_type=\"button.default\">\n\t\t\t\t<div class=\"elementor-widget-container\">\n\t\t\t\t\t\t\t\t\t<div class=\"elementor-button-wrapper\">\n\t\t\t\t\t<a class=\"elementor-button elementor-button-link elementor-size-sm\" href=\"https:\/\/mijn-lo.nl\/hu\/housing\/environment\/\">\n\t\t\t\t\t\t<span class=\"elementor-button-content-wrapper\">\n\t\t\t\t\t\t\t\t\t<span class=\"elementor-button-text\">folytat\u00e1s<\/span>\n\t\t\t\t\t<\/span>\n\t\t\t\t\t<\/a>\n\t\t\t\t<\/div>\n\t\t\t\t\t\t\t\t<\/div>\n\t\t\t\t<\/div>\n\t\t\t\t\t<\/div>\n\t\t<\/div>\n\t\t\t\t\t<\/div>\n\t\t<\/section>\n\t\t\t\t<\/div>","protected":false},"excerpt":{"rendered":"<p>Windmills everywhere Energy To get an energy contract for your home in the Netherlands, you need to follow several steps. Here&#8217;s a simplified version of the process: Compare energy providers: Start by comparing different energy providers to find the best contract that suits your needs. There are various comparison websites available where you can compare [&hellip;]<\/p>\n","protected":false},"author":1,"featured_media":0,"parent":3311,"menu_order":4,"comment_status":"closed","ping_status":"closed","template":"elementor_canvas","meta":{"site-sidebar-layout":"no-sidebar","site-content-layout":"page-builder","ast-site-content-layout":"full-width-container","site-content-style":"default","site-sidebar-style":"default","ast-global-header-display":"","ast-banner-title-visibility":"","ast-main-header-display":"","ast-hfb-above-header-display":"","ast-hfb-below-header-display":"","ast-hfb-mobile-header-display":"","site-post-title":"disabled","ast-breadcrumbs-content":"","ast-featured-img":"disabled","footer-sml-layout":"","theme-transparent-header-meta":"","adv-header-id-meta":"","stick-header-meta":"","header-above-stick-meta":"","header-main-stick-meta":"","header-below-stick-meta":"","astra-migrate-meta-layouts":"set","ast-page-background-enabled":"default","ast-page-background-meta":{"desktop":{"background-color":"var(--ast-global-color-4)","background-image":"","background-repeat":"repeat","background-position":"center center","background-size":"auto","background-attachment":"scroll","background-type":"","background-media":"","overlay-type":"","overlay-color":"","overlay-opacity":"","overlay-gradient":""},"tablet":{"background-color":"","background-image":"","background-repeat":"repeat","background-position":"center center","background-size":"auto","background-attachment":"scroll","background-type":"","background-media":"","overlay-type":"","overlay-color":"","overlay-opacity":"","overlay-gradient":""},"mobile":{"background-color":"","background-image":"","background-repeat":"repeat","background-position":"center center","background-size":"auto","background-attachment":"scroll","background-type":"","background-media":"","overlay-type":"","overlay-color":"","overlay-opacity":"","overlay-gradient":""}},"ast-content-background-meta":{"desktop":{"background-color":"var(--ast-global-color-5)","background-image":"","background-repeat":"repeat","background-position":"center center","background-size":"auto","background-attachment":"scroll","background-type":"","background-media":"","overlay-type":"","overlay-color":"","overlay-opacity":"","overlay-gradient":""},"tablet":{"background-color":"var(--ast-global-color-5)","background-image":"","background-repeat":"repeat","background-position":"center center","background-size":"auto","background-attachment":"scroll","background-type":"","background-media":"","overlay-type":"","overlay-color":"","overlay-opacity":"","overlay-gradient":""},"mobile":{"background-color":"var(--ast-global-color-5)","background-image":"","background-repeat":"repeat","background-position":"center center","background-size":"auto","background-attachment":"scroll","background-type":"","background-media":"","overlay-type":"","overlay-color":"","overlay-opacity":"","overlay-gradient":""}},"footnotes":""},"class_list":["post-4140","page","type-page","status-publish","hentry"],"_links":{"self":[{"href":"https:\/\/mijn-lo.nl\/hu\/wp-json\/wp\/v2\/pages\/4140","targetHints":{"allow":["GET"]}}],"collection":[{"href":"https:\/\/mijn-lo.nl\/hu\/wp-json\/wp\/v2\/pages"}],"about":[{"href":"https:\/\/mijn-lo.nl\/hu\/wp-json\/wp\/v2\/types\/page"}],"author":[{"embeddable":true,"href":"https:\/\/mijn-lo.nl\/hu\/wp-json\/wp\/v2\/users\/1"}],"replies":[{"embeddable":true,"href":"https:\/\/mijn-lo.nl\/hu\/wp-json\/wp\/v2\/comments?post=4140"}],"version-history":[{"count":13,"href":"https:\/\/mijn-lo.nl\/hu\/wp-json\/wp\/v2\/pages\/4140\/revisions"}],"predecessor-version":[{"id":6259,"href":"https:\/\/mijn-lo.nl\/hu\/wp-json\/wp\/v2\/pages\/4140\/revisions\/6259"}],"up":[{"embeddable":true,"href":"https:\/\/mijn-lo.nl\/hu\/wp-json\/wp\/v2\/pages\/3311"}],"wp:attachment":[{"href":"https:\/\/mijn-lo.nl\/hu\/wp-json\/wp\/v2\/media?parent=4140"}],"curies":[{"name":"wp","href":"https:\/\/api.w.org\/{rel}","templated":true}]}}