{"id":4223,"date":"2024-02-03T17:41:44","date_gmt":"2024-02-03T17:41:44","guid":{"rendered":"http:\/\/mijn-lo.nl\/?page_id=4223"},"modified":"2025-08-19T17:28:05","modified_gmt":"2025-08-19T17:28:05","slug":"basis-insurance","status":"publish","type":"page","link":"https:\/\/mijn-lo.nl\/hu\/healthcare\/basis-insurance\/","title":{"rendered":"Alapbiztos\u00edt\u00e1s"},"content":{"rendered":"<div data-elementor-type=\"wp-page\" data-elementor-id=\"4223\" class=\"elementor elementor-4223\" data-elementor-post-type=\"page\">\n\t\t\t\t\t\t<section class=\"elementor-section elementor-top-section elementor-element elementor-element-54745e55 elementor-section-boxed elementor-section-height-default elementor-section-height-default\" data-id=\"54745e55\" data-element_type=\"section\">\n\t\t\t\t\t\t<div class=\"elementor-container elementor-column-gap-default\">\n\t\t\t\t\t<div class=\"elementor-column elementor-col-50 elementor-top-column elementor-element elementor-element-6ed89152\" data-id=\"6ed89152\" data-element_type=\"column\">\n\t\t\t<div class=\"elementor-widget-wrap elementor-element-populated\">\n\t\t\t\t\t\t<div class=\"elementor-element elementor-element-5a215560 elementor-widget elementor-widget-image\" data-id=\"5a215560\" data-element_type=\"widget\" data-widget_type=\"image.default\">\n\t\t\t\t<div class=\"elementor-widget-container\">\n\t\t\t\t\t\t\t\t\t\t\t\t\t\t\t<img fetchpriority=\"high\" decoding=\"async\" width=\"543\" height=\"859\" src=\"https:\/\/mijn-lo.nl\/wp-content\/uploads\/2024\/02\/hospital2cb-543x859-1.webp\" class=\"attachment-large size-large wp-image-4218\" alt=\"\" srcset=\"https:\/\/mijn-lo.nl\/wp-content\/uploads\/2024\/02\/hospital2cb-543x859-1.webp 543w, https:\/\/mijn-lo.nl\/wp-content\/uploads\/2024\/02\/hospital2cb-543x859-1-190x300.webp 190w, https:\/\/mijn-lo.nl\/wp-content\/uploads\/2024\/02\/hospital2cb-543x859-1-8x12.webp 8w, https:\/\/mijn-lo.nl\/wp-content\/uploads\/2024\/02\/hospital2cb-543x859-1-15x24.webp 15w, https:\/\/mijn-lo.nl\/wp-content\/uploads\/2024\/02\/hospital2cb-543x859-1-23x36.webp 23w, https:\/\/mijn-lo.nl\/wp-content\/uploads\/2024\/02\/hospital2cb-543x859-1-30x48.webp 30w\" sizes=\"(max-width: 543px) 100vw, 543px\" \/>\t\t\t\t\t\t\t\t\t\t\t\t\t\t\t<\/div>\n\t\t\t\t<\/div>\n\t\t\t\t<div class=\"elementor-element elementor-element-4b903e40 elementor-widget elementor-widget-text-editor\" data-id=\"4b903e40\" data-element_type=\"widget\" data-widget_type=\"text-editor.default\">\n\t\t\t\t<div class=\"elementor-widget-container\">\n\t\t\t\t\t\t\t\t\t<p style=\"text-align: center;\">K\u00f3rh\u00e1z<\/p>\t\t\t\t\t\t\t\t<\/div>\n\t\t\t\t<\/div>\n\t\t\t\t\t<\/div>\n\t\t<\/div>\n\t\t\t\t<div class=\"elementor-column elementor-col-50 elementor-top-column elementor-element elementor-element-78ab3ed7\" data-id=\"78ab3ed7\" data-element_type=\"column\">\n\t\t\t<div class=\"elementor-widget-wrap elementor-element-populated\">\n\t\t\t\t\t\t<div class=\"elementor-element elementor-element-3b4bee8e elementor-widget elementor-widget-text-editor\" data-id=\"3b4bee8e\" data-element_type=\"widget\" data-widget_type=\"text-editor.default\">\n\t\t\t\t<div class=\"elementor-widget-container\">\n\t\t\t\t\t\t\t\t\t<h3 class=\"mbr-section-title mbr-fonts-style mb-3 display-5\"><strong>Hogyan szervezik az eg\u00e9szs\u00e9g\u00fcgyi ell\u00e1t\u00e1st Hollandi\u00e1ban<\/strong><\/h3><p class=\"mbr-text mbr-fonts-style display-7\">Hollandi\u00e1ban az eg\u00e9szs\u00e9g\u00fcgyi ell\u00e1t\u00e1st \"zorg\"-nak h\u00edvjuk.<\/p><p><audio class=\"wp-audio-shortcode\" id=\"audio-4223-1\" preload=\"none\" style=\"width: 100%;\" controls=\"controls\"><source type=\"audio\/wav\" src=\"http:\/\/mijn-lo.nl\/wp-content\/uploads\/2024\/02\/zorg.wav?_=1\" \/><a href=\"http:\/\/mijn-lo.nl\/wp-content\/uploads\/2024\/02\/zorg.wav\">http:\/\/mijn-lo.nl\/wp-content\/uploads\/2024\/02\/zorg.wav<\/a><\/audio><\/p><p><strong>Eg\u00e9szs\u00e9gbiztos\u00edt\u00e1s:\u00a0<\/strong>Mindenkinek rendelkeznie kell eg\u00e9szs\u00e9gbiztos\u00edt\u00e1ssal. \u00d6n kiv\u00e1laszt egy t\u00e1rsas\u00e1got, \u00e9s minden h\u00f3napban fizet nekik. Ez seg\u00edt fizetni az orvosl\u00e1togat\u00e1sokat, a k\u00f3rh\u00e1zi tart\u00f3zkod\u00e1sokat \u00e9s a gy\u00f3gyszereket. Ezt a biztos\u00edt\u00e1st \"basisverzekering\"-nek nevezik.<\/p><p><strong>Orvoshoz fordulni:<\/strong>\u00a0Ha beteg vagy, el\u0151sz\u00f6r a h\u00e1ziorvoshoz m\u00e9sz. Ez az orvos az \u00d6n legf\u0151bb eg\u00e9szs\u00e9g\u00fcgyi seg\u00edt\u0151je. Ha tov\u00e1bbi seg\u00edts\u00e9gre van sz\u00fcks\u00e9ge, ez az orvos mondja meg, hogy hov\u00e1 forduljon legk\u00f6zelebb.<\/p><p><strong>Fizet\u00e9s az eg\u00e9szs\u00e9g\u00fcgyi ell\u00e1t\u00e1s\u00e9rt:\u00a0<\/strong>A legt\u00f6bb dolgot a biztos\u00edt\u00f3 fizeti, de n\u00e9ha \u00d6n is fizet egy kicsit. Az, hogy mennyit fizet, att\u00f3l f\u00fcgg, hogy mennyi p\u00e9nzt keres.<\/p><p><strong>Gy\u00f3gyszerek<\/strong>: Ha az orvos ad gy\u00f3gyszert, akkor azt egy gy\u00f3gyszert\u00e1rnak nevezett \u00fczletben kapja meg. Egy r\u00e9sz\u00e9t a biztos\u00edt\u00f3 fizeti, de lehet, hogy te is fizetsz egy keveset. A bolt csak akkor adhat speci\u00e1lis gy\u00f3gyszereket, ha az orvosod le\u00edrja ezeket a gy\u00f3gyszereket.<\/p><p><strong>Fogak \u00e1pol\u00e1sa<\/strong>: A fogorvoshoz j\u00e1r\u00e1st a f\u0151biztos\u00edt\u00e1s nem fizeti teljes m\u00e9rt\u00e9kben. Lehet, hogy kieg\u00e9sz\u00edt\u0151 biztos\u00edt\u00e1st kell k\u00f6tnie, vagy mag\u00e1nak kell fizetnie.<\/p><p><strong>Hossz\u00fa t\u00e1v\u00fa gondoz\u00e1s:<\/strong>\u00a0Ha valakinek hossz\u00fa id\u0151re seg\u00edts\u00e9gre van sz\u00fcks\u00e9ge, p\u00e9ld\u00e1ul egy speci\u00e1lis otthonban kell laknia, akkor m\u00e1s rendszer \u00e1ll rendelkez\u00e9sre, hogy seg\u00edtsen fizetni.<\/p>\t\t\t\t\t\t\t\t<\/div>\n\t\t\t\t<\/div>\n\t\t\t\t\t<\/div>\n\t\t<\/div>\n\t\t\t\t\t<\/div>\n\t\t<\/section>\n\t\t\t\t<section class=\"elementor-section elementor-top-section elementor-element elementor-element-66a8790 elementor-reverse-tablet elementor-reverse-mobile elementor-section-boxed elementor-section-height-default elementor-section-height-default\" data-id=\"66a8790\" data-element_type=\"section\">\n\t\t\t\t\t\t<div class=\"elementor-container elementor-column-gap-default\">\n\t\t\t\t\t<div class=\"elementor-column elementor-col-50 elementor-top-column elementor-element elementor-element-a301002\" data-id=\"a301002\" data-element_type=\"column\">\n\t\t\t<div class=\"elementor-widget-wrap elementor-element-populated\">\n\t\t\t\t\t\t<div class=\"elementor-element elementor-element-c5a19ba elementor-widget elementor-widget-text-editor\" data-id=\"c5a19ba\" data-element_type=\"widget\" data-widget_type=\"text-editor.default\">\n\t\t\t\t<div class=\"elementor-widget-container\">\n\t\t\t\t\t\t\t\t\t<h3 class=\"mbr-section-title mbr-fonts-style mb-3 display-5\"><strong>Basis biztos\u00edt\u00e1s, tov\u00e1bbi inform\u00e1ci\u00f3k<\/strong><\/h3><p class=\"mbr-text mbr-fonts-style display-7\">Hollandi\u00e1ban az alapbiztos\u00edt\u00e1st \"basisverzekering\"-nek nevezz\u00fck.<\/p><p class=\"mbr-text mbr-fonts-style display-7\">\u00a0<\/p><p><audio class=\"wp-audio-shortcode\" id=\"audio-4223-2\" preload=\"none\" style=\"width: 100%;\" controls=\"controls\"><source type=\"audio\/wav\" src=\"http:\/\/mijn-lo.nl\/wp-content\/uploads\/2024\/02\/basisverzekering.wav?_=2\" \/><a href=\"http:\/\/mijn-lo.nl\/wp-content\/uploads\/2024\/02\/basisverzekering.wav\">http:\/\/mijn-lo.nl\/wp-content\/uploads\/2024\/02\/basisverzekering.wav<\/a><\/audio><\/p><p class=\"mbr-section-title mbr-fonts-style mb-3 display-5\">Hollandi\u00e1ban mindenkinek k\u00f6telez\u0151 alapbiztos\u00edt\u00e1ssal rendelkeznie, amelyet mag\u00e1nbiztos\u00edt\u00f3k kezelnek. Az alapbiztos\u00edt\u00e1s a k\u00f6vetkez\u0151kre terjed ki:<br \/>1.\u00a0<strong>Elmegy\u00fcnk az orvoshoz:<\/strong>\u00a0Orvoshoz fordulni, ha beteg vagy orvosi tan\u00e1csra van sz\u00fcks\u00e9ge.<br \/>2.\u00a0<strong>K\u00f3rh\u00e1zi ell\u00e1t\u00e1s:<\/strong>\u00a0K\u00f3rh\u00e1zi kezel\u00e9s \u00e9s ell\u00e1t\u00e1s, bele\u00e9rtve a m\u0171t\u00e9teket \u00e9s a s\u00fcrg\u0151ss\u00e9gi ell\u00e1t\u00e1st.<br \/>3.\u00a0<strong>Gy\u00f3gyszerek:<\/strong>\u00a0A biztos\u00edt\u00e1s \u00e1ltal j\u00f3v\u00e1hagyott \u00e9s felsorolt v\u00e9nyk\u00f6teles gy\u00f3gyszerek.<br \/>4.\u00a0<strong>Kismama ell\u00e1t\u00e1s:<\/strong>\u00a0Terhess\u00e9ggel, sz\u00fcl\u00e9ssel \u00e9s sz\u00fcl\u00e9s ut\u00e1ni ell\u00e1t\u00e1ssal kapcsolatos szolg\u00e1ltat\u00e1sok.<br \/>5.\u00a0<strong>Ment\u00e1lis eg\u00e9szs\u00e9g\u00fcgy:<\/strong>\u00a0Seg\u00edts\u00e9g \u00e9s kezel\u00e9s ment\u00e1lis eg\u00e9szs\u00e9g\u00fcgyi probl\u00e9m\u00e1k eset\u00e9n.<br \/>6.\u00a0<strong>Rehabilit\u00e1ci\u00f3:<\/strong>\u00a0Ter\u00e1pia \u00e9s gyakorlatok a s\u00e9r\u00fcl\u00e9sb\u0151l vagy betegs\u00e9gb\u0151l val\u00f3 fel\u00e9p\u00fcl\u00e9s el\u0151seg\u00edt\u00e9s\u00e9re.<br \/>7.\u00a0<strong>Speci\u00e1lis ell\u00e1t\u00e1s:<\/strong>\u00a0Speci\u00e1lis orvosok felkeres\u00e9se bizonyos eg\u00e9szs\u00e9g\u00fcgyi \u00e1llapotok miatt.<br \/>8.\u00a0<strong>Orvosi berendez\u00e9sek:<\/strong>\u00a0Bizonyos eszk\u00f6z\u00f6k \u00e9s seg\u00e9deszk\u00f6z\u00f6k, p\u00e9ld\u00e1ul kerekessz\u00e9k vagy mank\u00f3, ha sz\u00fcks\u00e9ges.<br \/>9. <strong>Megel\u0151z\u0151 ell\u00e1t\u00e1s:<\/strong>\u00a0Olt\u00e1sok \u00e9s sz\u0171r\u0151vizsg\u00e1latok az eg\u00e9szs\u00e9g\u00fcgyi probl\u00e9m\u00e1k korai felismer\u00e9se \u00e9rdek\u00e9ben.<br \/><br \/>Ne feledje, hogy m\u00e9g mindig lehetnek bizonyos k\u00f6lts\u00e9gek, p\u00e9ld\u00e1ul \u00f6nr\u00e9sz vagy bizonyos szolg\u00e1ltat\u00e1sok\u00e9rt fizetend\u0151 kisebb \u00f6sszegek.<\/p>\t\t\t\t\t\t\t\t<\/div>\n\t\t\t\t<\/div>\n\t\t\t\t\t<\/div>\n\t\t<\/div>\n\t\t\t\t<div class=\"elementor-column elementor-col-50 elementor-top-column elementor-element elementor-element-b0ecfdc\" data-id=\"b0ecfdc\" data-element_type=\"column\">\n\t\t\t<div class=\"elementor-widget-wrap elementor-element-populated\">\n\t\t\t\t\t\t<div class=\"elementor-element elementor-element-1c999f8 elementor-widget elementor-widget-image\" data-id=\"1c999f8\" data-element_type=\"widget\" data-widget_type=\"image.default\">\n\t\t\t\t<div class=\"elementor-widget-container\">\n\t\t\t\t\t\t\t\t\t\t\t\t\t\t\t<img decoding=\"async\" width=\"603\" height=\"809\" src=\"https:\/\/mijn-lo.nl\/wp-content\/uploads\/2024\/02\/chirurg4-603x809-1.webp\" class=\"attachment-large size-large wp-image-4232\" alt=\"\" srcset=\"https:\/\/mijn-lo.nl\/wp-content\/uploads\/2024\/02\/chirurg4-603x809-1.webp 603w, https:\/\/mijn-lo.nl\/wp-content\/uploads\/2024\/02\/chirurg4-603x809-1-224x300.webp 224w, https:\/\/mijn-lo.nl\/wp-content\/uploads\/2024\/02\/chirurg4-603x809-1-9x12.webp 9w, https:\/\/mijn-lo.nl\/wp-content\/uploads\/2024\/02\/chirurg4-603x809-1-18x24.webp 18w, https:\/\/mijn-lo.nl\/wp-content\/uploads\/2024\/02\/chirurg4-603x809-1-27x36.webp 27w, https:\/\/mijn-lo.nl\/wp-content\/uploads\/2024\/02\/chirurg4-603x809-1-36x48.webp 36w\" sizes=\"(max-width: 603px) 100vw, 603px\" \/>\t\t\t\t\t\t\t\t\t\t\t\t\t\t\t<\/div>\n\t\t\t\t<\/div>\n\t\t\t\t<div class=\"elementor-element elementor-element-6942d17 elementor-widget elementor-widget-text-editor\" data-id=\"6942d17\" data-element_type=\"widget\" data-widget_type=\"text-editor.default\">\n\t\t\t\t<div class=\"elementor-widget-container\">\n\t\t\t\t\t\t\t\t\t<p style=\"text-align: center;\">K\u00f3rh\u00e1zi ell\u00e1t\u00e1s<\/p>\t\t\t\t\t\t\t\t<\/div>\n\t\t\t\t<\/div>\n\t\t\t\t\t<\/div>\n\t\t<\/div>\n\t\t\t\t\t<\/div>\n\t\t<\/section>\n\t\t\t\t<section class=\"elementor-section elementor-top-section elementor-element elementor-element-0ff0813 elementor-section-boxed elementor-section-height-default elementor-section-height-default\" data-id=\"0ff0813\" data-element_type=\"section\">\n\t\t\t\t\t\t<div class=\"elementor-container elementor-column-gap-default\">\n\t\t\t\t\t<div class=\"elementor-column elementor-col-50 elementor-top-column elementor-element elementor-element-11e498c\" data-id=\"11e498c\" data-element_type=\"column\">\n\t\t\t<div class=\"elementor-widget-wrap elementor-element-populated\">\n\t\t\t\t\t\t<div class=\"elementor-element elementor-element-9ffb1b0 elementor-widget elementor-widget-image\" data-id=\"9ffb1b0\" data-element_type=\"widget\" data-widget_type=\"image.default\">\n\t\t\t\t<div class=\"elementor-widget-container\">\n\t\t\t\t\t\t\t\t\t\t\t\t\t\t\t<img decoding=\"async\" width=\"600\" height=\"1024\" src=\"https:\/\/mijn-lo.nl\/wp-content\/uploads\/2024\/02\/1-gezondeten-800x1365-1-600x1024.webp\" class=\"attachment-large size-large wp-image-4259\" alt=\"\" srcset=\"https:\/\/mijn-lo.nl\/wp-content\/uploads\/2024\/02\/1-gezondeten-800x1365-1-600x1024.webp 600w, https:\/\/mijn-lo.nl\/wp-content\/uploads\/2024\/02\/1-gezondeten-800x1365-1-176x300.webp 176w, https:\/\/mijn-lo.nl\/wp-content\/uploads\/2024\/02\/1-gezondeten-800x1365-1-768x1310.webp 768w, https:\/\/mijn-lo.nl\/wp-content\/uploads\/2024\/02\/1-gezondeten-800x1365-1-7x12.webp 7w, https:\/\/mijn-lo.nl\/wp-content\/uploads\/2024\/02\/1-gezondeten-800x1365-1-14x24.webp 14w, https:\/\/mijn-lo.nl\/wp-content\/uploads\/2024\/02\/1-gezondeten-800x1365-1-21x36.webp 21w, https:\/\/mijn-lo.nl\/wp-content\/uploads\/2024\/02\/1-gezondeten-800x1365-1-28x48.webp 28w, https:\/\/mijn-lo.nl\/wp-content\/uploads\/2024\/02\/1-gezondeten-800x1365-1.webp 800w\" sizes=\"(max-width: 600px) 100vw, 600px\" \/>\t\t\t\t\t\t\t\t\t\t\t\t\t\t\t<\/div>\n\t\t\t\t<\/div>\n\t\t\t\t\t<\/div>\n\t\t<\/div>\n\t\t\t\t<div class=\"elementor-column elementor-col-50 elementor-top-column elementor-element elementor-element-4ec2c60\" data-id=\"4ec2c60\" data-element_type=\"column\">\n\t\t\t<div class=\"elementor-widget-wrap elementor-element-populated\">\n\t\t\t\t\t\t<div class=\"elementor-element elementor-element-27c87d7 elementor-widget elementor-widget-text-editor\" data-id=\"27c87d7\" data-element_type=\"widget\" data-widget_type=\"text-editor.default\">\n\t\t\t\t<div class=\"elementor-widget-container\">\n\t\t\t\t\t\t\t\t\t<h3 class=\"mbr-section-title mbr-fonts-style mb-3 display-5\"><strong>Eg\u00e9szs\u00e9gesen \u00e9lni<\/strong><\/h3><p>Eg\u00e9szs\u00e9gesen \u00e9lni azt jelenti, hogy j\u00f3 d\u00f6nt\u00e9seket hozunk a test\u00fcnk \u00e9s az elm\u00e9nk sz\u00e1m\u00e1ra. Ez seg\u00edt abban, hogy j\u00f3l \u00e9rezz\u00fck magunkat \u00e9s tov\u00e1bb \u00e9lj\u00fcnk.<br \/><br \/><strong>Hogyan \u00e9lj\u00fcnk eg\u00e9szs\u00e9gesen<br \/><\/strong><br \/><em>Helyesen \u00e9tkezni:<br \/><\/em>Egy\u00e9l k\u00fcl\u00f6nb\u00f6z\u0151 \u00e9teleket, p\u00e9ld\u00e1ul z\u00f6lds\u00e9geket, gy\u00fcm\u00f6lcs\u00f6ket, gabonaf\u00e9l\u00e9ket \u00e9s h\u00fasokat.<br \/>Naponta h\u00e1romszor \u00e9tkezzen. Ne hagyja ki a reggelit.<br \/>Igyon sok vizet.<br \/>Ne fogyasszon t\u00fal sok cukrot, s\u00f3t vagy zs\u00edrt.<br \/>Ellen\u0151rizze az \u00e9lelmiszerek d\u00e1tum\u00e1t \u00e9s tartsa tiszt\u00e1n az \u00e9lelmiszereket.<br \/><br \/><em>Mozg\u00e1s \u00e9s j\u00e1t\u00e9k:<br \/><\/em>Tegyen olyan dolgokat, mint a gyalogl\u00e1s, ker\u00e9kp\u00e1roz\u00e1s vagy sportol\u00e1s.<br \/>Pr\u00f3b\u00e1ljon meg minden nap 30 percet mozogni.<br \/><br \/><em>J\u00f3l alszik<\/em>: Aludjon eleget minden \u00e9jjel, hogy kipihentnek \u00e9rezze mag\u00e1t.<br \/><br \/><em>Relax\u00e1l\u00f3<\/em>: Tegyen sz\u00f3rakoztat\u00f3 dolgokat vagy laz\u00edtson, hogy nyugodtnak \u00e9rezze mag\u00e1t.<br \/><br \/><em>Nincsenek rossz szok\u00e1sok:<\/em><br \/>Ne doh\u00e1nyozzon. Rosszat tesz a t\u00fcd\u0151nek.<br \/>Ne igyon t\u00fal sok alkoholt.<br \/><br \/><strong>Orvosl\u00e1togat\u00e1sok:<\/strong>\u00a0N\u00e9ha menjen el orvoshoz, hogy ellen\u0151rizze, eg\u00e9szs\u00e9ges-e.<br \/><br \/><em>J\u00f3l \u00e9rzem magam bel\u00fcl:\u00a0<\/em>Besz\u00e9ljen a bar\u00e1tokkal \u00e9s a csal\u00e1ddal. K\u00e9rjen seg\u00edts\u00e9get, ha nagyon szomor\u00fanak \u00e9rzi mag\u00e1t.<br \/><br \/><em>Iv\u00f3v\u00edz<\/em>: Gyakran igyon vizet. Ne igy\u00e1l t\u00fal sok \u00e9des italt.<br \/><br \/><strong>Biztons\u00e1gban lenni m\u00e1sokkal:<br \/><\/strong>A l\u00e1nyok bevehetnek egy tablett\u00e1t.<br \/>A fi\u00fak haszn\u00e1lhatnak valamit, amit \u00f3vszernek h\u00edvnak.<br \/>Legyen biztons\u00e1gban, hogy ne betegedjen meg.<\/p>\t\t\t\t\t\t\t\t<\/div>\n\t\t\t\t<\/div>\n\t\t\t\t\t<\/div>\n\t\t<\/div>\n\t\t\t\t\t<\/div>\n\t\t<\/section>\n\t\t\t\t<section class=\"elementor-section elementor-top-section elementor-element elementor-element-2edcca1 elementor-section-boxed elementor-section-height-default elementor-section-height-default\" data-id=\"2edcca1\" data-element_type=\"section\">\n\t\t\t\t\t\t<div class=\"elementor-container elementor-column-gap-default\">\n\t\t\t\t\t<div class=\"elementor-column elementor-col-100 elementor-top-column elementor-element elementor-element-75349f87\" data-id=\"75349f87\" data-element_type=\"column\">\n\t\t\t<div class=\"elementor-widget-wrap elementor-element-populated\">\n\t\t\t\t\t\t<div class=\"elementor-element elementor-element-2d2d0e50 elementor-align-center elementor-widget elementor-widget-button\" data-id=\"2d2d0e50\" data-element_type=\"widget\" data-widget_type=\"button.default\">\n\t\t\t\t<div class=\"elementor-widget-container\">\n\t\t\t\t\t\t\t\t\t<div class=\"elementor-button-wrapper\">\n\t\t\t\t\t<a class=\"elementor-button elementor-button-link elementor-size-sm\" href=\"https:\/\/mijn-lo.nl\/hu\/healthcare\/learn-basic-words\/\">\n\t\t\t\t\t\t<span class=\"elementor-button-content-wrapper\">\n\t\t\t\t\t\t\t\t\t<span class=\"elementor-button-text\">folytat\u00e1s<\/span>\n\t\t\t\t\t<\/span>\n\t\t\t\t\t<\/a>\n\t\t\t\t<\/div>\n\t\t\t\t\t\t\t\t<\/div>\n\t\t\t\t<\/div>\n\t\t\t\t\t<\/div>\n\t\t<\/div>\n\t\t\t\t\t<\/div>\n\t\t<\/section>\n\t\t\t\t<\/div>","protected":false},"excerpt":{"rendered":"<p>Hospital How healthcare is organized in the Netherlands In the Netherlands, we call healthcare &#8220;zorg&#8221;. Health Insurance:\u00a0Everyone must have health insurance. You pick a company and pay them every month. This helps pay for doctor visits, hospital stays, and medicines. This insurance is called &#8220;basisverzekering&#8221;. Seeing a Doctor:\u00a0If you&#8217;re sick, you see a general doctor [&hellip;]<\/p>\n","protected":false},"author":1,"featured_media":0,"parent":4178,"menu_order":2,"comment_status":"closed","ping_status":"closed","template":"elementor_canvas","meta":{"site-sidebar-layout":"no-sidebar","site-content-layout":"page-builder","ast-site-content-layout":"full-width-container","site-content-style":"default","site-sidebar-style":"default","ast-global-header-display":"","ast-banner-title-visibility":"","ast-main-header-display":"","ast-hfb-above-header-display":"","ast-hfb-below-header-display":"","ast-hfb-mobile-header-display":"","site-post-title":"disabled","ast-breadcrumbs-content":"","ast-featured-img":"disabled","footer-sml-layout":"","theme-transparent-header-meta":"","adv-header-id-meta":"","stick-header-meta":"","header-above-stick-meta":"","header-main-stick-meta":"","header-below-stick-meta":"","astra-migrate-meta-layouts":"set","ast-page-background-enabled":"default","ast-page-background-meta":{"desktop":{"background-color":"var(--ast-global-color-4)","background-image":"","background-repeat":"repeat","background-position":"center center","background-size":"auto","background-attachment":"scroll","background-type":"","background-media":"","overlay-type":"","overlay-color":"","overlay-opacity":"","overlay-gradient":""},"tablet":{"background-color":"","background-image":"","background-repeat":"repeat","background-position":"center center","background-size":"auto","background-attachment":"scroll","background-type":"","background-media":"","overlay-type":"","overlay-color":"","overlay-opacity":"","overlay-gradient":""},"mobile":{"background-color":"","background-image":"","background-repeat":"repeat","background-position":"center center","background-size":"auto","background-attachment":"scroll","background-type":"","background-media":"","overlay-type":"","overlay-color":"","overlay-opacity":"","overlay-gradient":""}},"ast-content-background-meta":{"desktop":{"background-color":"var(--ast-global-color-5)","background-image":"","background-repeat":"repeat","background-position":"center center","background-size":"auto","background-attachment":"scroll","background-type":"","background-media":"","overlay-type":"","overlay-color":"","overlay-opacity":"","overlay-gradient":""},"tablet":{"background-color":"var(--ast-global-color-5)","background-image":"","background-repeat":"repeat","background-position":"center center","background-size":"auto","background-attachment":"scroll","background-type":"","background-media":"","overlay-type":"","overlay-color":"","overlay-opacity":"","overlay-gradient":""},"mobile":{"background-color":"var(--ast-global-color-5)","background-image":"","background-repeat":"repeat","background-position":"center center","background-size":"auto","background-attachment":"scroll","background-type":"","background-media":"","overlay-type":"","overlay-color":"","overlay-opacity":"","overlay-gradient":""}},"footnotes":""},"class_list":["post-4223","page","type-page","status-publish","hentry"],"_links":{"self":[{"href":"https:\/\/mijn-lo.nl\/hu\/wp-json\/wp\/v2\/pages\/4223","targetHints":{"allow":["GET"]}}],"collection":[{"href":"https:\/\/mijn-lo.nl\/hu\/wp-json\/wp\/v2\/pages"}],"about":[{"href":"https:\/\/mijn-lo.nl\/hu\/wp-json\/wp\/v2\/types\/page"}],"author":[{"embeddable":true,"href":"https:\/\/mijn-lo.nl\/hu\/wp-json\/wp\/v2\/users\/1"}],"replies":[{"embeddable":true,"href":"https:\/\/mijn-lo.nl\/hu\/wp-json\/wp\/v2\/comments?post=4223"}],"version-history":[{"count":22,"href":"https:\/\/mijn-lo.nl\/hu\/wp-json\/wp\/v2\/pages\/4223\/revisions"}],"predecessor-version":[{"id":6268,"href":"https:\/\/mijn-lo.nl\/hu\/wp-json\/wp\/v2\/pages\/4223\/revisions\/6268"}],"up":[{"embeddable":true,"href":"https:\/\/mijn-lo.nl\/hu\/wp-json\/wp\/v2\/pages\/4178"}],"wp:attachment":[{"href":"https:\/\/mijn-lo.nl\/hu\/wp-json\/wp\/v2\/media?parent=4223"}],"curies":[{"name":"wp","href":"https:\/\/api.w.org\/{rel}","templated":true}]}}