{"id":4777,"date":"2024-02-09T14:01:10","date_gmt":"2024-02-09T14:01:10","guid":{"rendered":"http:\/\/mijn-lo.nl\/?page_id=4777"},"modified":"2025-08-19T17:40:54","modified_gmt":"2025-08-19T17:40:54","slug":"living-together-in-the-netherlands","status":"publish","type":"page","link":"https:\/\/mijn-lo.nl\/hu\/living-together\/living-together-in-the-netherlands\/","title":{"rendered":"Egy\u00fctt\u00e9l\u00e9s Hollandi\u00e1ban"},"content":{"rendered":"<div data-elementor-type=\"wp-page\" data-elementor-id=\"4777\" class=\"elementor elementor-4777\" data-elementor-post-type=\"page\">\n\t\t\t\t\t\t<section class=\"elementor-section elementor-top-section elementor-element elementor-element-225a7cef elementor-section-boxed elementor-section-height-default elementor-section-height-default\" data-id=\"225a7cef\" data-element_type=\"section\" data-settings=\"{&quot;background_background&quot;:&quot;classic&quot;}\">\n\t\t\t\t\t\t<div class=\"elementor-container elementor-column-gap-default\">\n\t\t\t\t\t<div class=\"elementor-column elementor-col-100 elementor-top-column elementor-element elementor-element-7ff2ed98\" data-id=\"7ff2ed98\" data-element_type=\"column\">\n\t\t\t<div class=\"elementor-widget-wrap elementor-element-populated\">\n\t\t\t\t\t\t<div class=\"elementor-element elementor-element-4c131b03 elementor-widget elementor-widget-heading\" data-id=\"4c131b03\" data-element_type=\"widget\" data-widget_type=\"heading.default\">\n\t\t\t\t<div class=\"elementor-widget-container\">\n\t\t\t\t\t<h2 class=\"elementor-heading-title elementor-size-default\">EGY\u00dcTT\u00c9L\u00c9S<\/h2>\t\t\t\t<\/div>\n\t\t\t\t<\/div>\n\t\t\t\t\t<\/div>\n\t\t<\/div>\n\t\t\t\t\t<\/div>\n\t\t<\/section>\n\t\t\t\t<section class=\"elementor-section elementor-top-section elementor-element elementor-element-6887aa9 elementor-section-boxed elementor-section-height-default elementor-section-height-default\" data-id=\"6887aa9\" data-element_type=\"section\">\n\t\t\t\t\t\t<div class=\"elementor-container elementor-column-gap-default\">\n\t\t\t\t\t<div class=\"elementor-column elementor-col-100 elementor-top-column elementor-element elementor-element-fbca87d\" data-id=\"fbca87d\" data-element_type=\"column\">\n\t\t\t<div class=\"elementor-widget-wrap elementor-element-populated\">\n\t\t\t\t\t\t<div class=\"elementor-element elementor-element-e13e3b7 elementor-widget elementor-widget-image\" data-id=\"e13e3b7\" data-element_type=\"widget\" data-widget_type=\"image.default\">\n\t\t\t\t<div class=\"elementor-widget-container\">\n\t\t\t\t\t\t\t\t\t\t\t\t\t\t\t<img fetchpriority=\"high\" decoding=\"async\" width=\"1024\" height=\"528\" src=\"https:\/\/mijn-lo.nl\/wp-content\/uploads\/2024\/02\/leuk-stel-1-1500x773-1-1024x528.webp\" class=\"attachment-large size-large wp-image-4779\" alt=\"\" srcset=\"https:\/\/mijn-lo.nl\/wp-content\/uploads\/2024\/02\/leuk-stel-1-1500x773-1-1024x528.webp 1024w, https:\/\/mijn-lo.nl\/wp-content\/uploads\/2024\/02\/leuk-stel-1-1500x773-1-300x155.webp 300w, https:\/\/mijn-lo.nl\/wp-content\/uploads\/2024\/02\/leuk-stel-1-1500x773-1-768x396.webp 768w, https:\/\/mijn-lo.nl\/wp-content\/uploads\/2024\/02\/leuk-stel-1-1500x773-1-18x9.webp 18w, https:\/\/mijn-lo.nl\/wp-content\/uploads\/2024\/02\/leuk-stel-1-1500x773-1-24x12.webp 24w, https:\/\/mijn-lo.nl\/wp-content\/uploads\/2024\/02\/leuk-stel-1-1500x773-1-36x19.webp 36w, https:\/\/mijn-lo.nl\/wp-content\/uploads\/2024\/02\/leuk-stel-1-1500x773-1-48x25.webp 48w, https:\/\/mijn-lo.nl\/wp-content\/uploads\/2024\/02\/leuk-stel-1-1500x773-1.webp 1500w\" sizes=\"(max-width: 1024px) 100vw, 1024px\" \/>\t\t\t\t\t\t\t\t\t\t\t\t\t\t\t<\/div>\n\t\t\t\t<\/div>\n\t\t\t\t\t<\/div>\n\t\t<\/div>\n\t\t\t\t\t<\/div>\n\t\t<\/section>\n\t\t\t\t<section class=\"elementor-section elementor-top-section elementor-element elementor-element-4ab774c elementor-section-boxed elementor-section-height-default elementor-section-height-default\" data-id=\"4ab774c\" data-element_type=\"section\">\n\t\t\t\t\t\t\t<div class=\"elementor-background-overlay\"><\/div>\n\t\t\t\t\t\t\t<div class=\"elementor-container elementor-column-gap-default\">\n\t\t\t\t\t<div class=\"elementor-column elementor-col-50 elementor-top-column elementor-element elementor-element-d52035b\" data-id=\"d52035b\" data-element_type=\"column\">\n\t\t\t<div class=\"elementor-widget-wrap elementor-element-populated\">\n\t\t\t\t\t\t<div class=\"elementor-element elementor-element-5307f71 elementor-widget elementor-widget-image\" data-id=\"5307f71\" data-element_type=\"widget\" data-widget_type=\"image.default\">\n\t\t\t\t<div class=\"elementor-widget-container\">\n\t\t\t\t\t\t\t\t\t\t\t\t\t\t\t<img decoding=\"async\" width=\"487\" height=\"353\" src=\"https:\/\/mijn-lo.nl\/wp-content\/uploads\/2024\/02\/woman-alone-487x353-1.webp\" class=\"attachment-large size-large wp-image-4780\" alt=\"\" srcset=\"https:\/\/mijn-lo.nl\/wp-content\/uploads\/2024\/02\/woman-alone-487x353-1.webp 487w, https:\/\/mijn-lo.nl\/wp-content\/uploads\/2024\/02\/woman-alone-487x353-1-300x217.webp 300w, https:\/\/mijn-lo.nl\/wp-content\/uploads\/2024\/02\/woman-alone-487x353-1-18x12.webp 18w, https:\/\/mijn-lo.nl\/wp-content\/uploads\/2024\/02\/woman-alone-487x353-1-24x17.webp 24w, https:\/\/mijn-lo.nl\/wp-content\/uploads\/2024\/02\/woman-alone-487x353-1-36x26.webp 36w, https:\/\/mijn-lo.nl\/wp-content\/uploads\/2024\/02\/woman-alone-487x353-1-48x35.webp 48w\" sizes=\"(max-width: 487px) 100vw, 487px\" \/>\t\t\t\t\t\t\t\t\t\t\t\t\t\t\t<\/div>\n\t\t\t\t<\/div>\n\t\t\t\t<div class=\"elementor-element elementor-element-12a9154 elementor-widget elementor-widget-text-editor\" data-id=\"12a9154\" data-element_type=\"widget\" data-widget_type=\"text-editor.default\">\n\t\t\t\t<div class=\"elementor-widget-container\">\n\t\t\t\t\t\t\t\t\t<p style=\"text-align: center;\">Sokan \u00e9lnek egyed\u00fcl<\/p>\t\t\t\t\t\t\t\t<\/div>\n\t\t\t\t<\/div>\n\t\t\t\t\t<\/div>\n\t\t<\/div>\n\t\t\t\t<div class=\"elementor-column elementor-col-50 elementor-top-column elementor-element elementor-element-0de69c5\" data-id=\"0de69c5\" data-element_type=\"column\">\n\t\t\t<div class=\"elementor-widget-wrap elementor-element-populated\">\n\t\t\t\t\t\t<div class=\"elementor-element elementor-element-3ec27b9 elementor-widget elementor-widget-text-editor\" data-id=\"3ec27b9\" data-element_type=\"widget\" data-widget_type=\"text-editor.default\">\n\t\t\t\t<div class=\"elementor-widget-container\">\n\t\t\t\t\t\t\t\t\t<h3 class=\"mbr-section-title mbr-fonts-style mb-3 display-5\"><strong>Sokan \u00e9lnek egyed\u00fcl<\/strong><\/h3><p class=\"mbr-text mbr-fonts-style display-7\">A hollandok jelent\u0151s r\u00e9sze k\u00fcl\u00f6nb\u00f6z\u0151 okok miatt v\u00e1lasztja az egyed\u00fcll\u00e9tet. \u00cdme n\u00e9h\u00e1ny gyakori magyar\u00e1zat:<br \/><br \/><strong>A partner elhunyt:<\/strong>\u00a0Az id\u0151sek eset\u00e9ben az egyed\u00fcl \u00e9l\u00e9s gyakran az\u00e9rt fordul el\u0151, mert a partner\u00fck elhunyt, \u00e9s t\u00e1rs n\u00e9lk\u00fcl tal\u00e1lj\u00e1k magukat.<br \/><br \/><strong>V\u00e1l\u00e1s<\/strong>: A v\u00e1l\u00e1s egy m\u00e1sik gyakori oka az egyed\u00fcl \u00e9l\u00e9snek. Hollandi\u00e1ban ugyanis k\u00f6r\u00fclbel\u00fcl minden harmadik h\u00e1zass\u00e1g v\u00e1l\u00e1ssal v\u00e9gz\u0151dik, ami sokaknak saj\u00e1t h\u00e1ztart\u00e1s l\u00e9trehoz\u00e1s\u00e1hoz vezet.<br \/><br \/><strong>Fiatalok:\u00a0<\/strong>A fiatalok gyakran d\u00f6ntenek \u00fagy, hogy egyed\u00fcl \u00e9lnek, amikor elindulnak a f\u00fcggetlens\u00e9g fel\u00e9 vezet\u0151 \u00faton. \u00c1ltal\u00e1ban a p\u00e1rok kezdenek egy\u00fctt \u00e9lni, mik\u00f6zben nem h\u00e1zasok.\u00a0<br \/><br \/><strong>K\u00fcl\u00f6n \u00e9lnek egy\u00fctt:\u00a0<\/strong>\u00c9rdekes m\u00f3don vannak olyan emberek, akik kapcsolatban \u00e9lnek, de m\u00e9gis az egyed\u00fcll\u00e9tet v\u00e1lasztj\u00e1k. Ez a d\u00f6nt\u00e9s szem\u00e9lyes preferenci\u00e1k, a szem\u00e9lyes t\u00e9r ir\u00e1nti v\u00e1gy vagy m\u00e1s, a k\u00f6r\u00fclm\u00e9nyeikre jellemz\u0151 t\u00e9nyez\u0151k miatt sz\u00fclethet.<\/p>\t\t\t\t\t\t\t\t<\/div>\n\t\t\t\t<\/div>\n\t\t\t\t\t<\/div>\n\t\t<\/div>\n\t\t\t\t\t<\/div>\n\t\t<\/section>\n\t\t\t\t<section class=\"elementor-section elementor-top-section elementor-element elementor-element-24cf9fa elementor-reverse-tablet elementor-reverse-mobile elementor-section-boxed elementor-section-height-default elementor-section-height-default\" data-id=\"24cf9fa\" data-element_type=\"section\">\n\t\t\t\t\t\t<div class=\"elementor-container elementor-column-gap-default\">\n\t\t\t\t\t<div class=\"elementor-column elementor-col-50 elementor-top-column elementor-element elementor-element-2c54c47\" data-id=\"2c54c47\" data-element_type=\"column\">\n\t\t\t<div class=\"elementor-widget-wrap elementor-element-populated\">\n\t\t\t\t\t\t<div class=\"elementor-element elementor-element-1830e68 elementor-widget elementor-widget-text-editor\" data-id=\"1830e68\" data-element_type=\"widget\" data-widget_type=\"text-editor.default\">\n\t\t\t\t<div class=\"elementor-widget-container\">\n\t\t\t\t\t\t\t\t\t<h3 class=\"mbr-section-title mbr-fonts-style mb-3 display-5\"><strong>Csal\u00e1d<\/strong><\/h3><p class=\"mbr-text mbr-fonts-style display-7\">A csal\u00e1d a holland t\u00e1rsadalom szerves r\u00e9sz\u00e9t k\u00e9pezi, a lakoss\u00e1g t\u00f6bb mint fele csal\u00e1dtag. Azonban t\u00f6bb fontos t\u00e9nyt is figyelembe kell venni:<br \/><br \/><strong>Csal\u00e1di m\u00e9ret:<\/strong>\u00a0Egy holland csal\u00e1d \u00e1tlagosan 1-2 gyermekb\u0151l \u00e1ll, ami azt jelzi, hogy a csal\u00e1dok \u00e1ltal\u00e1ban k\u00e9t gyermekn\u00e9l kevesebbet v\u00e1llalnak.\u00a0<br \/><br \/><strong>V\u00e1l\u00e1s \u00e9s \u00fajrah\u00e1zasod\u00e1s:\u00a0<\/strong>A v\u00e1l\u00e1s gyakori jelens\u00e9g Hollandi\u00e1ban, \u00e9s nem ritka, hogy az emberek elv\u00e1lnak, majd k\u00e9s\u0151bb m\u00e1ssal h\u00e1zasodnak \u00f6ssze. T<br \/><br \/><strong>Egysz\u00fcl\u0151s csal\u00e1dok:<\/strong>\u00a0Az orsz\u00e1gban jelent\u0151s az egysz\u00fcl\u0151s csal\u00e1dok sz\u00e1ma is, els\u0151sorban a v\u00e1l\u00e1sok miatt. Ezekben a csal\u00e1dokban egy sz\u00fcl\u0151 (apa vagy anya) neveli a gyermekeket.<br \/><br \/><strong>Partner kiv\u00e1laszt\u00e1sa:\u00a0<\/strong>A holland egy\u00e9nek szabadon v\u00e1laszthatj\u00e1k meg partnereiket. A mai t\u00e1rsadalomban sokan az internetre \u00e9s a t\u00e1rskeres\u0151 oldalakra t\u00e1maszkodnak, hogy potenci\u00e1lis partnerekkel tal\u00e1lkozzanak, ami kisz\u00e9les\u00edti a romantikus kapcsolatok megtal\u00e1l\u00e1s\u00e1nak lehet\u0151s\u00e9geit.<br \/><br \/><strong>Szexu\u00e1lis \u00e9lm\u00e9nyek:\u00a0<\/strong>A holland fiatalok \u00e1tlagosan 16-17 \u00e9ves koruk k\u00f6r\u00fcl szerzik meg els\u0151 szexu\u00e1lis \u00e9lm\u00e9ny\u00fcket. Ez a szexu\u00e1lis aktivit\u00e1s viszonylag korai kezdet\u00e9t jelzi n\u00e9h\u00e1ny m\u00e1s orsz\u00e1ghoz k\u00e9pest. \u00c9rdemes megjegyezni, hogy az egy\u00e9nek szexu\u00e1lis tev\u00e9kenys\u00e9gbe val\u00f3 bekapcsol\u00f3d\u00e1s\u00e1nak \u00e9letkora nagym\u00e9rt\u00e9kben elt\u00e9rhet az egyes egy\u00e9nek k\u00f6z\u00f6tt. A h\u00e1zass\u00e1g el\u0151tti szex sz\u00e9les k\u00f6rben elfogadott.<br \/><br \/><strong>Szexu\u00e1lis nevel\u00e9s:<\/strong>\u00a0Hollandi\u00e1ban sok sz\u00fcl\u0151 ny\u00edltan besz\u00e9lget a szexr\u0151l a gyermekeivel, amikor azok el\u00e9rik a pubert\u00e1skort, jellemz\u0151en 12-18 \u00e9ves koruk k\u00f6z\u00f6tt. Emellett az iskol\u00e1kban \u00e1tfog\u00f3 szexu\u00e1lis felvil\u00e1gos\u00edt\u00e1st tartanak, amely olyan t\u00e9m\u00e1kat \u00e9rint, mint a fi\u00fak \u00e9s l\u00e1nyok testi v\u00e1ltoz\u00e1sai \u00e9s a szexszel kapcsolatos inform\u00e1ci\u00f3k.\u00a0<\/p>\t\t\t\t\t\t\t\t<\/div>\n\t\t\t\t<\/div>\n\t\t\t\t\t<\/div>\n\t\t<\/div>\n\t\t\t\t<div class=\"elementor-column elementor-col-50 elementor-top-column elementor-element elementor-element-b1caf59\" data-id=\"b1caf59\" data-element_type=\"column\">\n\t\t\t<div class=\"elementor-widget-wrap elementor-element-populated\">\n\t\t\t\t\t\t<div class=\"elementor-element elementor-element-6484c7e elementor-widget elementor-widget-image\" data-id=\"6484c7e\" data-element_type=\"widget\" data-widget_type=\"image.default\">\n\t\t\t\t<div class=\"elementor-widget-container\">\n\t\t\t\t\t\t\t\t\t\t\t\t\t\t\t<img decoding=\"async\" width=\"791\" height=\"863\" src=\"https:\/\/mijn-lo.nl\/wp-content\/uploads\/2024\/02\/family2-791x863-1.webp\" class=\"attachment-large size-large wp-image-4781\" alt=\"\" srcset=\"https:\/\/mijn-lo.nl\/wp-content\/uploads\/2024\/02\/family2-791x863-1.webp 791w, https:\/\/mijn-lo.nl\/wp-content\/uploads\/2024\/02\/family2-791x863-1-275x300.webp 275w, https:\/\/mijn-lo.nl\/wp-content\/uploads\/2024\/02\/family2-791x863-1-768x838.webp 768w, https:\/\/mijn-lo.nl\/wp-content\/uploads\/2024\/02\/family2-791x863-1-11x12.webp 11w, https:\/\/mijn-lo.nl\/wp-content\/uploads\/2024\/02\/family2-791x863-1-22x24.webp 22w, https:\/\/mijn-lo.nl\/wp-content\/uploads\/2024\/02\/family2-791x863-1-33x36.webp 33w, https:\/\/mijn-lo.nl\/wp-content\/uploads\/2024\/02\/family2-791x863-1-44x48.webp 44w\" sizes=\"(max-width: 791px) 100vw, 791px\" \/>\t\t\t\t\t\t\t\t\t\t\t\t\t\t\t<\/div>\n\t\t\t\t<\/div>\n\t\t\t\t<div class=\"elementor-element elementor-element-7254094 elementor-widget elementor-widget-text-editor\" data-id=\"7254094\" data-element_type=\"widget\" data-widget_type=\"text-editor.default\">\n\t\t\t\t<div class=\"elementor-widget-container\">\n\t\t\t\t\t\t\t\t\t<p style=\"text-align: center;\">Csal\u00e1d<\/p>\t\t\t\t\t\t\t\t<\/div>\n\t\t\t\t<\/div>\n\t\t\t\t\t<\/div>\n\t\t<\/div>\n\t\t\t\t\t<\/div>\n\t\t<\/section>\n\t\t\t\t<section class=\"elementor-section elementor-top-section elementor-element elementor-element-9b5fa28 elementor-section-boxed elementor-section-height-default elementor-section-height-default\" data-id=\"9b5fa28\" data-element_type=\"section\">\n\t\t\t\t\t\t<div class=\"elementor-container elementor-column-gap-default\">\n\t\t\t\t\t<div class=\"elementor-column elementor-col-100 elementor-top-column elementor-element elementor-element-5d372b1\" data-id=\"5d372b1\" data-element_type=\"column\">\n\t\t\t<div class=\"elementor-widget-wrap elementor-element-populated\">\n\t\t\t\t\t\t<div class=\"elementor-element elementor-element-6371b14 elementor-widget elementor-widget-text-editor\" data-id=\"6371b14\" data-element_type=\"widget\" data-widget_type=\"text-editor.default\">\n\t\t\t\t<div class=\"elementor-widget-container\">\n\t\t\t\t\t\t\t\t\t<h3 class=\"mbr-section-title mbr-fonts-style mb-3 display-5\"><strong>H\u00e1zas vagy nem h\u00e1zas?<\/strong><\/h3><p class=\"mbr-text mbr-fonts-style display-7\">A \"Burgerlijke staat\" kifejez\u00e9s Hollandi\u00e1ban egy szem\u00e9ly csal\u00e1di vagy polg\u00e1ri \u00e1llapot\u00e1ra utal. Azt jelzi, hogy az illet\u0151 egyed\u00fcl\u00e1ll\u00f3, h\u00e1zas, bejegyzett \u00e9lett\u00e1rsi kapcsolatban \u00e9l, elv\u00e1lt, \u00f6zvegy, vagy m\u00e1s, jogilag elfogadott st\u00e1tusszal rendelkezik. A kifejez\u00e9st hivatalos dokumentumokban haszn\u00e1lj\u00e1k, hogy inform\u00e1ci\u00f3t gy\u0171jtsenek egy szem\u00e9ly kapcsolati st\u00e1tusz\u00e1r\u00f3l.<br \/><br \/><strong>P\u00e9ld\u00e1k<\/strong><br \/><br \/><strong>Ongehuwd\/Alleenstaand:\u00a0<\/strong>H\u00e1zass\u00e1g n\u00e9lk\u00fcli\/egyed\u00fcl\u00e1ll\u00f3 - Ez azokra a szem\u00e9lyekre vonatkozik, akik soha nem voltak h\u00e1zasok, vagy jelenleg nem \u00e9lnek jogilag elismert \u00e9lett\u00e1rsi kapcsolatban.<br \/><br \/><strong>Gehuwd\/Getrouwd:<\/strong>\u00a0H\u00e1zas - Ez azt jelzi, hogy a szem\u00e9ly t\u00f6rv\u00e9nyesen h\u00e1zas a h\u00e1zast\u00e1rs\u00e1val.<br \/><br \/><strong>Geregistreerd partnerschap:<\/strong>\u00a0Bejegyzett \u00e9lett\u00e1rsi kapcsolat - Ez a kateg\u00f3ria azokra a p\u00e1rokra vonatkozik, akik a h\u00e1zass\u00e1ghoz hasonl\u00f3, de hivatalos esk\u00fcv\u0151i szertart\u00e1s n\u00e9lk\u00fcl, jogilag elismert \u00e9lett\u00e1rsi kapcsolatot l\u00e9tes\u00edtenek.<br \/><br \/><strong>Gescheiden:<\/strong>\u00a0Elv\u00e1ltak - Ez azokra a szem\u00e9lyekre vonatkozik, akik h\u00e1zass\u00e1guknak v\u00e1l\u00e1s \u00fatj\u00e1n t\u00f6rv\u00e9nyesen v\u00e9get vetettek.<br \/><br \/><strong>Weduwe\/Weduwnaar:<\/strong>\u00a0\u00d6zvegy\/\u00f6zvegyasszony - Ez a kateg\u00f3ria olyan szem\u00e9lyekre vonatkozik, akiknek a h\u00e1zast\u00e1rsa elhunyt.<br \/><br \/>Ezeket a kateg\u00f3ri\u00e1kat hivatalos dokumentumokban, p\u00e9ld\u00e1ul szem\u00e9lyazonos\u00edt\u00f3 igazolv\u00e1nyokban, \u00fatlevelekben \u00e9s jogi formanyomtatv\u00e1nyokban haszn\u00e1lj\u00e1k, hogy inform\u00e1ci\u00f3t adjanak egy szem\u00e9ly jelenlegi \"burgerlijke staat\" vagy csal\u00e1di \u00e1llapot\u00e1r\u00f3l.<\/p>\t\t\t\t\t\t\t\t<\/div>\n\t\t\t\t<\/div>\n\t\t\t\t\t<\/div>\n\t\t<\/div>\n\t\t\t\t\t<\/div>\n\t\t<\/section>\n\t\t\t\t<section class=\"elementor-section elementor-top-section elementor-element elementor-element-27f1b0b elementor-section-boxed elementor-section-height-default elementor-section-height-default\" data-id=\"27f1b0b\" data-element_type=\"section\">\n\t\t\t\t\t\t<div class=\"elementor-container elementor-column-gap-default\">\n\t\t\t\t\t<div class=\"elementor-column elementor-col-50 elementor-top-column elementor-element elementor-element-618028c\" data-id=\"618028c\" data-element_type=\"column\">\n\t\t\t<div class=\"elementor-widget-wrap elementor-element-populated\">\n\t\t\t\t\t\t<div class=\"elementor-element elementor-element-438cd57 elementor-widget elementor-widget-image\" data-id=\"438cd57\" data-element_type=\"widget\" data-widget_type=\"image.default\">\n\t\t\t\t<div class=\"elementor-widget-container\">\n\t\t\t\t\t\t\t\t\t\t\t\t\t\t\t<img loading=\"lazy\" decoding=\"async\" width=\"730\" height=\"532\" src=\"https:\/\/mijn-lo.nl\/wp-content\/uploads\/2024\/02\/burgerlijkestatus-730x532-1.jpg\" class=\"attachment-large size-large wp-image-4782\" alt=\"\" srcset=\"https:\/\/mijn-lo.nl\/wp-content\/uploads\/2024\/02\/burgerlijkestatus-730x532-1.jpg 730w, https:\/\/mijn-lo.nl\/wp-content\/uploads\/2024\/02\/burgerlijkestatus-730x532-1-300x219.jpg 300w, https:\/\/mijn-lo.nl\/wp-content\/uploads\/2024\/02\/burgerlijkestatus-730x532-1-16x12.jpg 16w, https:\/\/mijn-lo.nl\/wp-content\/uploads\/2024\/02\/burgerlijkestatus-730x532-1-24x17.jpg 24w, https:\/\/mijn-lo.nl\/wp-content\/uploads\/2024\/02\/burgerlijkestatus-730x532-1-36x26.jpg 36w, https:\/\/mijn-lo.nl\/wp-content\/uploads\/2024\/02\/burgerlijkestatus-730x532-1-48x35.jpg 48w\" sizes=\"(max-width: 730px) 100vw, 730px\" \/>\t\t\t\t\t\t\t\t\t\t\t\t\t\t\t<\/div>\n\t\t\t\t<\/div>\n\t\t\t\t\t<\/div>\n\t\t<\/div>\n\t\t\t\t<div class=\"elementor-column elementor-col-50 elementor-top-column elementor-element elementor-element-d41e83a\" data-id=\"d41e83a\" data-element_type=\"column\">\n\t\t\t<div class=\"elementor-widget-wrap elementor-element-populated\">\n\t\t\t\t\t\t<div class=\"elementor-element elementor-element-37bb06c elementor-widget__width-initial elementor-widget elementor-widget-text-editor\" data-id=\"37bb06c\" data-element_type=\"widget\" data-widget_type=\"text-editor.default\">\n\t\t\t\t<div class=\"elementor-widget-container\">\n\t\t\t\t\t\t\t\t\t<p>\u00a0<\/p><p>1. Csal\u00e1di \u00e1llapot<\/p><p>2 N\u00e9v: Karel Appel<\/p><p>3 Nem: f\u00e9rfi<\/p><p>4 Sz\u00fcletett: febru\u00e1r 12, 1988<\/p><p>5 Sz\u00fclet\u00e9si hely: Amszterdam<\/p><p>6 H\u00e1zas\/nem h\u00e1zas\/P\u00e1rkapcsolat\/egyed\u00fcl\u00e1ll\u00f3: h\u00e1zas\/nem h\u00e1zas<\/p><p>7 Lak\u00f3hely: Eindhoven<\/p><p>8 C\u00edm: 8: Heuvelplein 8<\/p><p>9 Ir\u00e1ny\u00edt\u00f3sz\u00e1m: 5643 JG<\/p>\t\t\t\t\t\t\t\t<\/div>\n\t\t\t\t<\/div>\n\t\t\t\t\t<\/div>\n\t\t<\/div>\n\t\t\t\t\t<\/div>\n\t\t<\/section>\n\t\t\t\t<section class=\"elementor-section elementor-top-section elementor-element elementor-element-3a3011f1 elementor-section-boxed elementor-section-height-default elementor-section-height-default\" data-id=\"3a3011f1\" data-element_type=\"section\">\n\t\t\t\t\t\t<div class=\"elementor-container elementor-column-gap-default\">\n\t\t\t\t\t<div class=\"elementor-column elementor-col-100 elementor-top-column elementor-element elementor-element-4ccefaa5\" data-id=\"4ccefaa5\" data-element_type=\"column\">\n\t\t\t<div class=\"elementor-widget-wrap elementor-element-populated\">\n\t\t\t\t\t\t<div class=\"elementor-element elementor-element-5d53655a elementor-align-center elementor-widget elementor-widget-button\" data-id=\"5d53655a\" data-element_type=\"widget\" data-widget_type=\"button.default\">\n\t\t\t\t<div class=\"elementor-widget-container\">\n\t\t\t\t\t\t\t\t\t<div class=\"elementor-button-wrapper\">\n\t\t\t\t\t<a class=\"elementor-button elementor-button-link elementor-size-sm\" href=\"https:\/\/mijn-lo.nl\/hu\/living-together\/learn-words-and-expressions\/\">\n\t\t\t\t\t\t<span class=\"elementor-button-content-wrapper\">\n\t\t\t\t\t\t\t\t\t<span class=\"elementor-button-text\">folytat\u00e1s<\/span>\n\t\t\t\t\t<\/span>\n\t\t\t\t\t<\/a>\n\t\t\t\t<\/div>\n\t\t\t\t\t\t\t\t<\/div>\n\t\t\t\t<\/div>\n\t\t\t\t\t<\/div>\n\t\t<\/div>\n\t\t\t\t\t<\/div>\n\t\t<\/section>\n\t\t\t\t<\/div>","protected":false},"excerpt":{"rendered":"<p>LIVING TOGETHER Many people live alone Many people live alone A significant number of Dutch people choose to live alone for various reasons. Here are some common explanations: Partner passed away:\u00a0In the case of older individuals, living alone often occurs because their partner has passed away, and they find themselves without a companion. Divorce: Divorce [&hellip;]<\/p>\n","protected":false},"author":1,"featured_media":0,"parent":3365,"menu_order":1,"comment_status":"closed","ping_status":"closed","template":"elementor_canvas","meta":{"site-sidebar-layout":"no-sidebar","site-content-layout":"page-builder","ast-site-content-layout":"full-width-container","site-content-style":"default","site-sidebar-style":"default","ast-global-header-display":"","ast-banner-title-visibility":"","ast-main-header-display":"","ast-hfb-above-header-display":"","ast-hfb-below-header-display":"","ast-hfb-mobile-header-display":"","site-post-title":"disabled","ast-breadcrumbs-content":"","ast-featured-img":"disabled","footer-sml-layout":"","theme-transparent-header-meta":"","adv-header-id-meta":"","stick-header-meta":"","header-above-stick-meta":"","header-main-stick-meta":"","header-below-stick-meta":"","astra-migrate-meta-layouts":"set","ast-page-background-enabled":"default","ast-page-background-meta":{"desktop":{"background-color":"var(--ast-global-color-4)","background-image":"","background-repeat":"repeat","background-position":"center center","background-size":"auto","background-attachment":"scroll","background-type":"","background-media":"","overlay-type":"","overlay-color":"","overlay-opacity":"","overlay-gradient":""},"tablet":{"background-color":"","background-image":"","background-repeat":"repeat","background-position":"center center","background-size":"auto","background-attachment":"scroll","background-type":"","background-media":"","overlay-type":"","overlay-color":"","overlay-opacity":"","overlay-gradient":""},"mobile":{"background-color":"","background-image":"","background-repeat":"repeat","background-position":"center center","background-size":"auto","background-attachment":"scroll","background-type":"","background-media":"","overlay-type":"","overlay-color":"","overlay-opacity":"","overlay-gradient":""}},"ast-content-background-meta":{"desktop":{"background-color":"var(--ast-global-color-5)","background-image":"","background-repeat":"repeat","background-position":"center center","background-size":"auto","background-attachment":"scroll","background-type":"","background-media":"","overlay-type":"","overlay-color":"","overlay-opacity":"","overlay-gradient":""},"tablet":{"background-color":"var(--ast-global-color-5)","background-image":"","background-repeat":"repeat","background-position":"center center","background-size":"auto","background-attachment":"scroll","background-type":"","background-media":"","overlay-type":"","overlay-color":"","overlay-opacity":"","overlay-gradient":""},"mobile":{"background-color":"var(--ast-global-color-5)","background-image":"","background-repeat":"repeat","background-position":"center center","background-size":"auto","background-attachment":"scroll","background-type":"","background-media":"","overlay-type":"","overlay-color":"","overlay-opacity":"","overlay-gradient":""}},"footnotes":""},"class_list":["post-4777","page","type-page","status-publish","hentry"],"_links":{"self":[{"href":"https:\/\/mijn-lo.nl\/hu\/wp-json\/wp\/v2\/pages\/4777","targetHints":{"allow":["GET"]}}],"collection":[{"href":"https:\/\/mijn-lo.nl\/hu\/wp-json\/wp\/v2\/pages"}],"about":[{"href":"https:\/\/mijn-lo.nl\/hu\/wp-json\/wp\/v2\/types\/page"}],"author":[{"embeddable":true,"href":"https:\/\/mijn-lo.nl\/hu\/wp-json\/wp\/v2\/users\/1"}],"replies":[{"embeddable":true,"href":"https:\/\/mijn-lo.nl\/hu\/wp-json\/wp\/v2\/comments?post=4777"}],"version-history":[{"count":19,"href":"https:\/\/mijn-lo.nl\/hu\/wp-json\/wp\/v2\/pages\/4777\/revisions"}],"predecessor-version":[{"id":6334,"href":"https:\/\/mijn-lo.nl\/hu\/wp-json\/wp\/v2\/pages\/4777\/revisions\/6334"}],"up":[{"embeddable":true,"href":"https:\/\/mijn-lo.nl\/hu\/wp-json\/wp\/v2\/pages\/3365"}],"wp:attachment":[{"href":"https:\/\/mijn-lo.nl\/hu\/wp-json\/wp\/v2\/media?parent=4777"}],"curies":[{"name":"wp","href":"https:\/\/api.w.org\/{rel}","templated":true}]}}