{"id":4866,"date":"2024-02-09T15:25:09","date_gmt":"2024-02-09T15:25:09","guid":{"rendered":"http:\/\/mijn-lo.nl\/?page_id=4866"},"modified":"2025-08-19T17:43:31","modified_gmt":"2025-08-19T17:43:31","slug":"dutch-history","status":"publish","type":"page","link":"https:\/\/mijn-lo.nl\/hu\/history\/dutch-history\/","title":{"rendered":"Holland t\u00f6rt\u00e9nelem"},"content":{"rendered":"<div data-elementor-type=\"wp-page\" data-elementor-id=\"4866\" class=\"elementor elementor-4866\" data-elementor-post-type=\"page\">\n\t\t\t\t\t\t<section class=\"elementor-section elementor-top-section elementor-element elementor-element-6561ff2 elementor-section-boxed elementor-section-height-default elementor-section-height-default\" data-id=\"6561ff2\" data-element_type=\"section\">\n\t\t\t\t\t\t<div class=\"elementor-container elementor-column-gap-default\">\n\t\t\t\t\t<div class=\"elementor-column elementor-col-100 elementor-top-column elementor-element elementor-element-dc03b28\" data-id=\"dc03b28\" data-element_type=\"column\">\n\t\t\t<div class=\"elementor-widget-wrap elementor-element-populated\">\n\t\t\t\t\t\t<div class=\"elementor-element elementor-element-5cb1ced elementor-widget elementor-widget-image\" data-id=\"5cb1ced\" data-element_type=\"widget\" data-widget_type=\"image.default\">\n\t\t\t\t<div class=\"elementor-widget-container\">\n\t\t\t\t\t\t\t\t\t\t\t\t\t\t\t<img fetchpriority=\"high\" decoding=\"async\" width=\"1024\" height=\"505\" src=\"https:\/\/mijn-lo.nl\/wp-content\/uploads\/2024\/02\/thames-1-1500x740-1-1024x505.webp\" class=\"attachment-large size-large wp-image-4868\" alt=\"\" srcset=\"https:\/\/mijn-lo.nl\/wp-content\/uploads\/2024\/02\/thames-1-1500x740-1-1024x505.webp 1024w, https:\/\/mijn-lo.nl\/wp-content\/uploads\/2024\/02\/thames-1-1500x740-1-300x148.webp 300w, https:\/\/mijn-lo.nl\/wp-content\/uploads\/2024\/02\/thames-1-1500x740-1-768x379.webp 768w, https:\/\/mijn-lo.nl\/wp-content\/uploads\/2024\/02\/thames-1-1500x740-1-18x9.webp 18w, https:\/\/mijn-lo.nl\/wp-content\/uploads\/2024\/02\/thames-1-1500x740-1-24x12.webp 24w, https:\/\/mijn-lo.nl\/wp-content\/uploads\/2024\/02\/thames-1-1500x740-1-36x18.webp 36w, https:\/\/mijn-lo.nl\/wp-content\/uploads\/2024\/02\/thames-1-1500x740-1-48x24.webp 48w, https:\/\/mijn-lo.nl\/wp-content\/uploads\/2024\/02\/thames-1-1500x740-1.webp 1500w\" sizes=\"(max-width: 1024px) 100vw, 1024px\" \/>\t\t\t\t\t\t\t\t\t\t\t\t\t\t\t<\/div>\n\t\t\t\t<\/div>\n\t\t\t\t\t<\/div>\n\t\t<\/div>\n\t\t\t\t\t<\/div>\n\t\t<\/section>\n\t\t\t\t<section class=\"elementor-section elementor-top-section elementor-element elementor-element-134c880 elementor-section-boxed elementor-section-height-default elementor-section-height-default\" data-id=\"134c880\" data-element_type=\"section\">\n\t\t\t\t\t\t<div class=\"elementor-container elementor-column-gap-default\">\n\t\t\t\t\t<div class=\"elementor-column elementor-col-50 elementor-top-column elementor-element elementor-element-007db59\" data-id=\"007db59\" data-element_type=\"column\">\n\t\t\t<div class=\"elementor-widget-wrap elementor-element-populated\">\n\t\t\t\t\t\t<div class=\"elementor-element elementor-element-2a15ae7 elementor-widget elementor-widget-image\" data-id=\"2a15ae7\" data-element_type=\"widget\" data-widget_type=\"image.default\">\n\t\t\t\t<div class=\"elementor-widget-container\">\n\t\t\t\t\t\t\t\t\t\t\t\t\t\t\t<img decoding=\"async\" width=\"750\" height=\"526\" src=\"https:\/\/mijn-lo.nl\/wp-content\/uploads\/2024\/02\/romansoldiers-750x526-1.webp\" class=\"attachment-large size-large wp-image-4869\" alt=\"\" srcset=\"https:\/\/mijn-lo.nl\/wp-content\/uploads\/2024\/02\/romansoldiers-750x526-1.webp 750w, https:\/\/mijn-lo.nl\/wp-content\/uploads\/2024\/02\/romansoldiers-750x526-1-300x210.webp 300w, https:\/\/mijn-lo.nl\/wp-content\/uploads\/2024\/02\/romansoldiers-750x526-1-18x12.webp 18w, https:\/\/mijn-lo.nl\/wp-content\/uploads\/2024\/02\/romansoldiers-750x526-1-24x17.webp 24w, https:\/\/mijn-lo.nl\/wp-content\/uploads\/2024\/02\/romansoldiers-750x526-1-36x25.webp 36w, https:\/\/mijn-lo.nl\/wp-content\/uploads\/2024\/02\/romansoldiers-750x526-1-48x34.webp 48w\" sizes=\"(max-width: 750px) 100vw, 750px\" \/>\t\t\t\t\t\t\t\t\t\t\t\t\t\t\t<\/div>\n\t\t\t\t<\/div>\n\t\t\t\t\t<\/div>\n\t\t<\/div>\n\t\t\t\t<div class=\"elementor-column elementor-col-50 elementor-top-column elementor-element elementor-element-ab7892e\" data-id=\"ab7892e\" data-element_type=\"column\">\n\t\t\t<div class=\"elementor-widget-wrap elementor-element-populated\">\n\t\t\t\t\t\t<div class=\"elementor-element elementor-element-aa8be7e elementor-widget elementor-widget-text-editor\" data-id=\"aa8be7e\" data-element_type=\"widget\" data-widget_type=\"text-editor.default\">\n\t\t\t\t<div class=\"elementor-widget-container\">\n\t\t\t\t\t\t\t\t\t<h3 class=\"mbr-section-title mbr-fonts-style mb-3 display-5\"><strong>0-t\u00f3l 1500-ig<\/strong><\/h3><p class=\"mbr-section-title mbr-fonts-style mb-3 display-5\">Ebben az id\u0151szakban \u00e9rkeztek a r\u00f3maiak Hollandi\u00e1ba. R\u00f3m\u00e1b\u00f3l j\u00f6ttek, \u00e9s ekkor keletkeztek az els\u0151 holland v\u00e1rosok (Maastricht).\u00a0<br \/>A d\u00e9li r\u00e9sz a R\u00f3mai Birodalom r\u00e9sz\u00e9v\u00e9 v\u00e1lt, ami v\u00e1rosiasod\u00e1st \u00e9s kultur\u00e1lis hat\u00e1sokat hozott mag\u00e1val.<br \/>A vikingek a tengerparti ter\u00fcleteken porty\u00e1ztak, \u00e9s zavarokat okoztak, a kereszt\u00e9nys\u00e9g pedig a katolikus egyh\u00e1z befoly\u00e1sa mellett meghonosodott. A szerzetesrendek ap\u00e1ts\u00e1gokat alap\u00edtottak, \u00e9s hozz\u00e1j\u00e1rultak az oktat\u00e1shoz \u00e9s a kult\u00far\u00e1hoz.  1500 k\u00f6r\u00fcl egyre t\u00f6bben nem \u00e9rtettek egyet azzal, ahogyan a katolikus egyh\u00e1z ir\u00e1ny\u00edtotta a vall\u00e1st, \u00e9s m\u00e1sodik csoportk\u00e9nt megjelentek a protest\u00e1nsok.\u00a0<\/p>\t\t\t\t\t\t\t\t<\/div>\n\t\t\t\t<\/div>\n\t\t\t\t\t<\/div>\n\t\t<\/div>\n\t\t\t\t\t<\/div>\n\t\t<\/section>\n\t\t\t\t<section class=\"elementor-section elementor-top-section elementor-element elementor-element-ed7b26a elementor-reverse-tablet elementor-reverse-mobile elementor-section-boxed elementor-section-height-default elementor-section-height-default\" data-id=\"ed7b26a\" data-element_type=\"section\">\n\t\t\t\t\t\t<div class=\"elementor-container elementor-column-gap-default\">\n\t\t\t\t\t<div class=\"elementor-column elementor-col-50 elementor-top-column elementor-element elementor-element-764f6f2\" data-id=\"764f6f2\" data-element_type=\"column\">\n\t\t\t<div class=\"elementor-widget-wrap elementor-element-populated\">\n\t\t\t\t\t\t<div class=\"elementor-element elementor-element-a922bc6 elementor-widget elementor-widget-text-editor\" data-id=\"a922bc6\" data-element_type=\"widget\" data-widget_type=\"text-editor.default\">\n\t\t\t\t<div class=\"elementor-widget-container\">\n\t\t\t\t\t\t\t\t\t<h3 class=\"mbr-section-title mbr-fonts-style mb-3 display-5\"><strong>Willem van Oranje<\/strong><\/h3><p class=\"mbr-text mbr-fonts-style display-7\">Ha Hollandia t\u00f6rt\u00e9nelm\u00e9ben szeretne elm\u00e9lyedni, fontos ismernie a legfontosabb korszakokat \u00e9s azok jellemz\u0151it.<br \/><br \/><strong>A Spanyolorsz\u00e1ggal v\u00edvott 80 \u00e9vig tart\u00f3 h\u00e1bor\u00fa (1568 - 1628)<br \/><\/strong>A spanyol uralkod\u00f3t bosszantotta, hogy t\u00e9rs\u00e9g\u00fcnkben egyre t\u00f6bben fordulnak el a katolikus egyh\u00e1zt\u00f3l. Ebben az id\u0151szakban,\u00a0<strong>\"Willem van Oranje herceg\"\u00a0<\/strong>megszervezte a spanyolok elleni felkel\u00e9st. Or\u00e1niai Vilmost Hollandia atyj\u00e1nak tekintik.<br \/>Fontos szempont volt, hogy Hollandi\u00e1ban legyen vall\u00e1sszabads\u00e1g. A spanyol uralkod\u00f3 ellenezte ezt. Or\u00e1niai Vilmost meggyilkolt\u00e1k.\u00a0<br \/><br \/><strong>Hollandia \u00f6n\u00e1ll\u00f3an<br \/><\/strong>1588-ban Hollandia kir\u00e1ly n\u00e9lk\u00fcli k\u00f6zt\u00e1rsas\u00e1gg\u00e1 v\u00e1lt. Hollandia 7 tartom\u00e1nyban m\u0171k\u00f6d\u00f6tt egy\u00fctt. A Spanyolorsz\u00e1g elleni h\u00e1bor\u00fa 1648-ig tartott (ekkor Hollandia szabad volt). Hollandia d\u00e9li r\u00e9sze \u00e9s Belgium Spanyolorsz\u00e1ghoz tartozott. Sokan ott m\u00e9g mindig katolikusok. Az \u00e9szaki r\u00e9szeken sokan protest\u00e1nsok.<br \/><br \/>A h\u00e1bor\u00fa befejez\u00e9se ut\u00e1n a k\u00f6zt\u00e1rsas\u00e1g f\u00fcggetlen \u00e1llamm\u00e1 v\u00e1lt.<br \/>A nemzeti himnusz ahhoz az id\u0151szakhoz k\u00f6t\u0151dik, amikor Vilmos narancsos vezette a felkel\u00e9st. A nemzeti himnusz c\u00edme: \"het\u00a0<strong>Wilhelmus<\/strong>\u201c.<\/p>\t\t\t\t\t\t\t\t<\/div>\n\t\t\t\t<\/div>\n\t\t\t\t\t<\/div>\n\t\t<\/div>\n\t\t\t\t<div class=\"elementor-column elementor-col-50 elementor-top-column elementor-element elementor-element-9cf4488\" data-id=\"9cf4488\" data-element_type=\"column\">\n\t\t\t<div class=\"elementor-widget-wrap elementor-element-populated\">\n\t\t\t\t\t\t<div class=\"elementor-element elementor-element-5b2320d elementor-widget elementor-widget-image\" data-id=\"5b2320d\" data-element_type=\"widget\" data-widget_type=\"image.default\">\n\t\t\t\t<div class=\"elementor-widget-container\">\n\t\t\t\t\t\t\t\t\t\t\t\t\t\t\t<img decoding=\"async\" width=\"352\" height=\"489\" src=\"https:\/\/mijn-lo.nl\/wp-content\/uploads\/2024\/02\/willemvoranje1-title-352x489-1.webp\" class=\"attachment-large size-large wp-image-4870\" alt=\"\" srcset=\"https:\/\/mijn-lo.nl\/wp-content\/uploads\/2024\/02\/willemvoranje1-title-352x489-1.webp 352w, https:\/\/mijn-lo.nl\/wp-content\/uploads\/2024\/02\/willemvoranje1-title-352x489-1-216x300.webp 216w, https:\/\/mijn-lo.nl\/wp-content\/uploads\/2024\/02\/willemvoranje1-title-352x489-1-9x12.webp 9w, https:\/\/mijn-lo.nl\/wp-content\/uploads\/2024\/02\/willemvoranje1-title-352x489-1-17x24.webp 17w, https:\/\/mijn-lo.nl\/wp-content\/uploads\/2024\/02\/willemvoranje1-title-352x489-1-26x36.webp 26w, https:\/\/mijn-lo.nl\/wp-content\/uploads\/2024\/02\/willemvoranje1-title-352x489-1-35x48.webp 35w\" sizes=\"(max-width: 352px) 100vw, 352px\" \/>\t\t\t\t\t\t\t\t\t\t\t\t\t\t\t<\/div>\n\t\t\t\t<\/div>\n\t\t\t\t<div class=\"elementor-element elementor-element-1709357 elementor-widget elementor-widget-text-editor\" data-id=\"1709357\" data-element_type=\"widget\" data-widget_type=\"text-editor.default\">\n\t\t\t\t<div class=\"elementor-widget-container\">\n\t\t\t\t\t\t\t\t\t<p style=\"text-align: center;\">Willen van Oranje herceg<\/p>\t\t\t\t\t\t\t\t<\/div>\n\t\t\t\t<\/div>\n\t\t\t\t\t<\/div>\n\t\t<\/div>\n\t\t\t\t\t<\/div>\n\t\t<\/section>\n\t\t\t\t<section class=\"elementor-section elementor-top-section elementor-element elementor-element-f907c84 elementor-section-boxed elementor-section-height-default elementor-section-height-default\" data-id=\"f907c84\" data-element_type=\"section\">\n\t\t\t\t\t\t<div class=\"elementor-container elementor-column-gap-default\">\n\t\t\t\t\t<div class=\"elementor-column elementor-col-50 elementor-top-column elementor-element elementor-element-61c193e\" data-id=\"61c193e\" data-element_type=\"column\">\n\t\t\t<div class=\"elementor-widget-wrap elementor-element-populated\">\n\t\t\t\t\t\t<div class=\"elementor-element elementor-element-2560c35 elementor-widget elementor-widget-video\" data-id=\"2560c35\" data-element_type=\"widget\" data-settings=\"{&quot;youtube_url&quot;:&quot;https:\\\/\\\/youtu.be\\\/LM5OmyKBTlg&quot;,&quot;video_type&quot;:&quot;youtube&quot;,&quot;controls&quot;:&quot;yes&quot;}\" data-widget_type=\"video.default\">\n\t\t\t\t<div class=\"elementor-widget-container\">\n\t\t\t\t\t\t\t<div class=\"elementor-wrapper elementor-open-inline\">\n\t\t\t<div class=\"elementor-video\"><\/div>\t\t<\/div>\n\t\t\t\t\t\t<\/div>\n\t\t\t\t<\/div>\n\t\t\t\t<div class=\"elementor-element elementor-element-fbc9d7d elementor-widget elementor-widget-text-editor\" data-id=\"fbc9d7d\" data-element_type=\"widget\" data-widget_type=\"text-editor.default\">\n\t\t\t\t<div class=\"elementor-widget-container\">\n\t\t\t\t\t\t\t\t\t<p style=\"text-align: center;\">Holland himnusz<\/p>\t\t\t\t\t\t\t\t<\/div>\n\t\t\t\t<\/div>\n\t\t\t\t\t<\/div>\n\t\t<\/div>\n\t\t\t\t<div class=\"elementor-column elementor-col-50 elementor-top-column elementor-element elementor-element-4fea860\" data-id=\"4fea860\" data-element_type=\"column\">\n\t\t\t<div class=\"elementor-widget-wrap elementor-element-populated\">\n\t\t\t\t\t\t<div class=\"elementor-element elementor-element-056152c elementor-widget elementor-widget-text-editor\" data-id=\"056152c\" data-element_type=\"widget\" data-widget_type=\"text-editor.default\">\n\t\t\t\t<div class=\"elementor-widget-container\">\n\t\t\t\t\t\t\t\t\t<h3 class=\"mbr-section-subtitle mbr-fonts-style mb-3 display-5\"><strong>holland himnusz<\/strong><\/h3><p>\u00a0<\/p><p class=\"mbr-text mbr-fonts-style display-7\">Ez a holland himnusz. A sz\u00f6veg n\u00e9mileg ellentmond\u00e1sos, mivel azt \u00e1ll\u00edtja, hogy:<br \/>- n\u00e9met v\u00e9rb\u0151l sz\u00e1rmazunk \u00e9s<br \/>- mindig tisztelt\u00fck a spanyol kir\u00e1lyt (furcsa a spanyolokkal v\u00edvott h\u00e1bor\u00fa alatt...).<\/p><p>Ennek ellen\u00e9re a hollandok nagyon \u00e9rzelmesek tudnak lenni, ha ezt a himnuszt \u00e9neklik. Nem a szavak, hanem a hangz\u00e1s \u00e1ltal. Csak az els\u0151 percet hallgassuk meg!<\/p>\t\t\t\t\t\t\t\t<\/div>\n\t\t\t\t<\/div>\n\t\t\t\t\t<\/div>\n\t\t<\/div>\n\t\t\t\t\t<\/div>\n\t\t<\/section>\n\t\t\t\t<section class=\"elementor-section elementor-top-section elementor-element elementor-element-2edcca1 elementor-section-boxed elementor-section-height-default elementor-section-height-default\" data-id=\"2edcca1\" data-element_type=\"section\">\n\t\t\t\t\t\t<div class=\"elementor-container elementor-column-gap-default\">\n\t\t\t\t\t<div class=\"elementor-column elementor-col-100 elementor-top-column elementor-element elementor-element-75349f87\" data-id=\"75349f87\" data-element_type=\"column\">\n\t\t\t<div class=\"elementor-widget-wrap elementor-element-populated\">\n\t\t\t\t\t\t<div class=\"elementor-element elementor-element-2d2d0e50 elementor-align-center elementor-widget elementor-widget-button\" data-id=\"2d2d0e50\" data-element_type=\"widget\" data-widget_type=\"button.default\">\n\t\t\t\t<div class=\"elementor-widget-container\">\n\t\t\t\t\t\t\t\t\t<div class=\"elementor-button-wrapper\">\n\t\t\t\t\t<a class=\"elementor-button elementor-button-link elementor-size-sm\" href=\"https:\/\/mijn-lo.nl\/hu\/history\/golden-age\/\">\n\t\t\t\t\t\t<span class=\"elementor-button-content-wrapper\">\n\t\t\t\t\t\t\t\t\t<span class=\"elementor-button-text\">folytat\u00e1s<\/span>\n\t\t\t\t\t<\/span>\n\t\t\t\t\t<\/a>\n\t\t\t\t<\/div>\n\t\t\t\t\t\t\t\t<\/div>\n\t\t\t\t<\/div>\n\t\t\t\t\t<\/div>\n\t\t<\/div>\n\t\t\t\t\t<\/div>\n\t\t<\/section>\n\t\t\t\t<\/div>","protected":false},"excerpt":{"rendered":"<p>From 0 &#8211; 1500 In that period the Romans came to the Netherlands. They came from Rome and the first Dutch cities arose at that time (Maastricht).\u00a0The southern part became part of the Roman Empire, bringing urbanization and cultural influences.Vikings raided coastal areas, causing disruptions and\u00a0Christianity was established, with the Catholic Church&#8217;s influence.\u00a0Monastic orders founded [&hellip;]<\/p>\n","protected":false},"author":1,"featured_media":0,"parent":3258,"menu_order":1,"comment_status":"closed","ping_status":"closed","template":"elementor_canvas","meta":{"site-sidebar-layout":"no-sidebar","site-content-layout":"page-builder","ast-site-content-layout":"full-width-container","site-content-style":"default","site-sidebar-style":"default","ast-global-header-display":"","ast-banner-title-visibility":"","ast-main-header-display":"","ast-hfb-above-header-display":"","ast-hfb-below-header-display":"","ast-hfb-mobile-header-display":"","site-post-title":"disabled","ast-breadcrumbs-content":"","ast-featured-img":"disabled","footer-sml-layout":"","theme-transparent-header-meta":"","adv-header-id-meta":"","stick-header-meta":"","header-above-stick-meta":"","header-main-stick-meta":"","header-below-stick-meta":"","astra-migrate-meta-layouts":"set","ast-page-background-enabled":"default","ast-page-background-meta":{"desktop":{"background-color":"var(--ast-global-color-4)","background-image":"","background-repeat":"repeat","background-position":"center center","background-size":"auto","background-attachment":"scroll","background-type":"","background-media":"","overlay-type":"","overlay-color":"","overlay-opacity":"","overlay-gradient":""},"tablet":{"background-color":"","background-image":"","background-repeat":"repeat","background-position":"center center","background-size":"auto","background-attachment":"scroll","background-type":"","background-media":"","overlay-type":"","overlay-color":"","overlay-opacity":"","overlay-gradient":""},"mobile":{"background-color":"","background-image":"","background-repeat":"repeat","background-position":"center center","background-size":"auto","background-attachment":"scroll","background-type":"","background-media":"","overlay-type":"","overlay-color":"","overlay-opacity":"","overlay-gradient":""}},"ast-content-background-meta":{"desktop":{"background-color":"var(--ast-global-color-5)","background-image":"","background-repeat":"repeat","background-position":"center center","background-size":"auto","background-attachment":"scroll","background-type":"","background-media":"","overlay-type":"","overlay-color":"","overlay-opacity":"","overlay-gradient":""},"tablet":{"background-color":"var(--ast-global-color-5)","background-image":"","background-repeat":"repeat","background-position":"center center","background-size":"auto","background-attachment":"scroll","background-type":"","background-media":"","overlay-type":"","overlay-color":"","overlay-opacity":"","overlay-gradient":""},"mobile":{"background-color":"var(--ast-global-color-5)","background-image":"","background-repeat":"repeat","background-position":"center center","background-size":"auto","background-attachment":"scroll","background-type":"","background-media":"","overlay-type":"","overlay-color":"","overlay-opacity":"","overlay-gradient":""}},"footnotes":""},"class_list":["post-4866","page","type-page","status-publish","hentry"],"_links":{"self":[{"href":"https:\/\/mijn-lo.nl\/hu\/wp-json\/wp\/v2\/pages\/4866","targetHints":{"allow":["GET"]}}],"collection":[{"href":"https:\/\/mijn-lo.nl\/hu\/wp-json\/wp\/v2\/pages"}],"about":[{"href":"https:\/\/mijn-lo.nl\/hu\/wp-json\/wp\/v2\/types\/page"}],"author":[{"embeddable":true,"href":"https:\/\/mijn-lo.nl\/hu\/wp-json\/wp\/v2\/users\/1"}],"replies":[{"embeddable":true,"href":"https:\/\/mijn-lo.nl\/hu\/wp-json\/wp\/v2\/comments?post=4866"}],"version-history":[{"count":16,"href":"https:\/\/mijn-lo.nl\/hu\/wp-json\/wp\/v2\/pages\/4866\/revisions"}],"predecessor-version":[{"id":6349,"href":"https:\/\/mijn-lo.nl\/hu\/wp-json\/wp\/v2\/pages\/4866\/revisions\/6349"}],"up":[{"embeddable":true,"href":"https:\/\/mijn-lo.nl\/hu\/wp-json\/wp\/v2\/pages\/3258"}],"wp:attachment":[{"href":"https:\/\/mijn-lo.nl\/hu\/wp-json\/wp\/v2\/media?parent=4866"}],"curies":[{"name":"wp","href":"https:\/\/api.w.org\/{rel}","templated":true}]}}