{"id":4902,"date":"2024-02-09T15:46:24","date_gmt":"2024-02-09T15:46:24","guid":{"rendered":"http:\/\/mijn-lo.nl\/?page_id=4902"},"modified":"2025-08-19T17:42:36","modified_gmt":"2025-08-19T17:42:36","slug":"municipalities","status":"publish","type":"page","link":"https:\/\/mijn-lo.nl\/hu\/politics\/municipalities\/","title":{"rendered":"\u00d6nkorm\u00e1nyzatok"},"content":{"rendered":"<div data-elementor-type=\"wp-page\" data-elementor-id=\"4902\" class=\"elementor elementor-4902\" data-elementor-post-type=\"page\">\n\t\t\t\t\t\t<section class=\"elementor-section elementor-top-section elementor-element elementor-element-f3da63f elementor-reverse-tablet elementor-reverse-mobile elementor-section-boxed elementor-section-height-default elementor-section-height-default\" data-id=\"f3da63f\" data-element_type=\"section\">\n\t\t\t\t\t\t<div class=\"elementor-container elementor-column-gap-default\">\n\t\t\t\t\t<div class=\"elementor-column elementor-col-50 elementor-top-column elementor-element elementor-element-02860a7\" data-id=\"02860a7\" data-element_type=\"column\">\n\t\t\t<div class=\"elementor-widget-wrap elementor-element-populated\">\n\t\t\t\t\t\t<div class=\"elementor-element elementor-element-c1d4860 elementor-widget elementor-widget-text-editor\" data-id=\"c1d4860\" data-element_type=\"widget\" data-widget_type=\"text-editor.default\">\n\t\t\t\t<div class=\"elementor-widget-container\">\n\t\t\t\t\t\t\t\t\t<h3 class=\"mbr-section-title mbr-fonts-style mb-3 display-5\"><strong>A tartom\u00e1nyok \u00e9s a telep\u00fcl\u00e9sek<\/strong><\/h3><p class=\"mbr-text mbr-fonts-style display-7\">Az \u00d6n \u00e1ltal megadott inform\u00e1ci\u00f3k t\u00f6bbnyire pontosak, de van egy jelent\u0151s hiba: Hollandi\u00e1nak nem csak 2 tartom\u00e1nya van, hanem 12 tartom\u00e1nya. Hadd jav\u00edtsam ki a sz\u00f6veget:<br \/><br \/><strong>Tartom\u00e1ny<\/strong><br \/>Hollandi\u00e1nak 12 tartom\u00e1nya van. Az 1. leck\u00e9ben bemutattuk ezeket a tartom\u00e1nyokat. Minden r\u00e9gi\u00f3t tartom\u00e1nyi tan\u00e1csok ir\u00e1ny\u00edtanak. Ezek a tan\u00e1csok d\u00f6ntenek olyan \u00fcgyekben, mint az utak, a k\u00f6rnyezetv\u00e9delem \u00e9s az \u00e9p\u00edt\u00e9si projektek. A tartom\u00e1nyi k\u00f6zigazgat\u00e1s \u00e9l\u00e9n a kir\u00e1lyi biztos \u00e1ll.<br \/><br \/><strong>\u00d6nkorm\u00e1nyzat<br \/><\/strong>Az \u00f6nkorm\u00e1nyzat egy v\u00e1ros vagy falu, \u00e9s saj\u00e1t \u00f6nkorm\u00e1nyzati tan\u00e1ccsal rendelkezik, amelyre az emberek n\u00e9gy\u00e9vente szavazhatnak. A v\u00e1rosi tan\u00e1cs d\u00f6nt olyan \u00fcgyekben, mint p\u00e9ld\u00e1ul a h\u00e1zak, iskol\u00e1k \u00e9s utak. A polg\u00e1rmester a v\u00e1rosi tan\u00e1cs vezet\u0151je.<br \/><br \/>Hollandia az Eur\u00f3pai Uni\u00f3 tagja, amelyben az eur\u00f3pai orsz\u00e1gok egy\u00fcttm\u0171k\u00f6dnek. Az Eur\u00f3pai Parlamentet \u00f6t\u00e9vente v\u00e1lasztj\u00e1k meg az Eur\u00f3pai Uni\u00f3 polg\u00e1rai, \u00e9s olyan k\u00e9rd\u00e9sekben k\u00f6t meg\u00e1llapod\u00e1sokat, mint a gazdas\u00e1g \u00e9s a biztons\u00e1g.<\/p>\t\t\t\t\t\t\t\t<\/div>\n\t\t\t\t<\/div>\n\t\t\t\t\t<\/div>\n\t\t<\/div>\n\t\t\t\t<div class=\"elementor-column elementor-col-50 elementor-top-column elementor-element elementor-element-fc1ff83\" data-id=\"fc1ff83\" data-element_type=\"column\">\n\t\t\t<div class=\"elementor-widget-wrap elementor-element-populated\">\n\t\t\t\t\t\t<div class=\"elementor-element elementor-element-c64e3d9 elementor-widget elementor-widget-image\" data-id=\"c64e3d9\" data-element_type=\"widget\" data-widget_type=\"image.default\">\n\t\t\t\t<div class=\"elementor-widget-container\">\n\t\t\t\t\t\t\t\t\t\t\t\t\t\t\t<img fetchpriority=\"high\" decoding=\"async\" width=\"581\" height=\"707\" src=\"https:\/\/mijn-lo.nl\/wp-content\/uploads\/2024\/02\/provincies-581x707-1.webp\" class=\"attachment-large size-large wp-image-4851\" alt=\"\" srcset=\"https:\/\/mijn-lo.nl\/wp-content\/uploads\/2024\/02\/provincies-581x707-1.webp 581w, https:\/\/mijn-lo.nl\/wp-content\/uploads\/2024\/02\/provincies-581x707-1-247x300.webp 247w, https:\/\/mijn-lo.nl\/wp-content\/uploads\/2024\/02\/provincies-581x707-1-10x12.webp 10w, https:\/\/mijn-lo.nl\/wp-content\/uploads\/2024\/02\/provincies-581x707-1-20x24.webp 20w, https:\/\/mijn-lo.nl\/wp-content\/uploads\/2024\/02\/provincies-581x707-1-30x36.webp 30w, https:\/\/mijn-lo.nl\/wp-content\/uploads\/2024\/02\/provincies-581x707-1-39x48.webp 39w\" sizes=\"(max-width: 581px) 100vw, 581px\" \/>\t\t\t\t\t\t\t\t\t\t\t\t\t\t\t<\/div>\n\t\t\t\t<\/div>\n\t\t\t\t<div class=\"elementor-element elementor-element-d2fdbf6 elementor-widget elementor-widget-text-editor\" data-id=\"d2fdbf6\" data-element_type=\"widget\" data-widget_type=\"text-editor.default\">\n\t\t\t\t<div class=\"elementor-widget-container\">\n\t\t\t\t\t\t\t\t\t<p style=\"text-align: center;\">A 12 tartom\u00e1ny<\/p>\t\t\t\t\t\t\t\t<\/div>\n\t\t\t\t<\/div>\n\t\t\t\t\t<\/div>\n\t\t<\/div>\n\t\t\t\t\t<\/div>\n\t\t<\/section>\n\t\t\t\t<section class=\"elementor-section elementor-top-section elementor-element elementor-element-21c66c4 elementor-section-boxed elementor-section-height-default elementor-section-height-default\" data-id=\"21c66c4\" data-element_type=\"section\">\n\t\t\t\t\t\t<div class=\"elementor-container elementor-column-gap-default\">\n\t\t\t\t\t<div class=\"elementor-column elementor-col-50 elementor-top-column elementor-element elementor-element-60e1a44\" data-id=\"60e1a44\" data-element_type=\"column\">\n\t\t\t<div class=\"elementor-widget-wrap elementor-element-populated\">\n\t\t\t\t\t\t<div class=\"elementor-element elementor-element-f6c5e96 elementor-widget elementor-widget-image\" data-id=\"f6c5e96\" data-element_type=\"widget\" data-widget_type=\"image.default\">\n\t\t\t\t<div class=\"elementor-widget-container\">\n\t\t\t\t\t\t\t\t\t\t\t\t\t\t\t<img decoding=\"async\" width=\"694\" height=\"582\" src=\"https:\/\/mijn-lo.nl\/wp-content\/uploads\/2024\/02\/rijbewijs2.jpg\" class=\"attachment-large size-large wp-image-4854\" alt=\"\" srcset=\"https:\/\/mijn-lo.nl\/wp-content\/uploads\/2024\/02\/rijbewijs2.jpg 694w, https:\/\/mijn-lo.nl\/wp-content\/uploads\/2024\/02\/rijbewijs2-300x252.jpg 300w, https:\/\/mijn-lo.nl\/wp-content\/uploads\/2024\/02\/rijbewijs2-14x12.jpg 14w, https:\/\/mijn-lo.nl\/wp-content\/uploads\/2024\/02\/rijbewijs2-24x20.jpg 24w, https:\/\/mijn-lo.nl\/wp-content\/uploads\/2024\/02\/rijbewijs2-36x30.jpg 36w, https:\/\/mijn-lo.nl\/wp-content\/uploads\/2024\/02\/rijbewijs2-48x40.jpg 48w\" sizes=\"(max-width: 694px) 100vw, 694px\" \/>\t\t\t\t\t\t\t\t\t\t\t\t\t\t\t<\/div>\n\t\t\t\t<\/div>\n\t\t\t\t<div class=\"elementor-element elementor-element-04aff24 elementor-widget elementor-widget-text-editor\" data-id=\"04aff24\" data-element_type=\"widget\" data-widget_type=\"text-editor.default\">\n\t\t\t\t<div class=\"elementor-widget-container\">\n\t\t\t\t\t\t\t\t\t<p style=\"text-align: center;\">Jogos\u00edtv\u00e1ny<\/p>\t\t\t\t\t\t\t\t<\/div>\n\t\t\t\t<\/div>\n\t\t\t\t\t<\/div>\n\t\t<\/div>\n\t\t\t\t<div class=\"elementor-column elementor-col-50 elementor-top-column elementor-element elementor-element-e531f2e\" data-id=\"e531f2e\" data-element_type=\"column\">\n\t\t\t<div class=\"elementor-widget-wrap elementor-element-populated\">\n\t\t\t\t\t\t<div class=\"elementor-element elementor-element-cb7b0bb elementor-widget elementor-widget-text-editor\" data-id=\"cb7b0bb\" data-element_type=\"widget\" data-widget_type=\"text-editor.default\">\n\t\t\t\t<div class=\"elementor-widget-container\">\n\t\t\t\t\t\t\t\t\t<h3 class=\"mbr-section-title mbr-fonts-style mb-3 display-5\"><strong>Mi\u00e9rt fontosak az \u00f6nkorm\u00e1nyzatok az ott \u00e9l\u0151 emberek sz\u00e1m\u00e1ra?<\/strong><\/h3><p class=\"mbr-text mbr-fonts-style display-7\"><strong>Mi van a v\u00e1rosh\u00e1z\u00e1n?<br \/><\/strong>Pap\u00edrmunka: az \u00e9letesem\u00e9nyekhez:<br \/>Regisztr\u00e1lja a baba sz\u00fclet\u00e9s\u00e9t.<br \/>Szerezzen pap\u00edrokat a h\u00e1zass\u00e1gk\u00f6t\u00e9shez.<br \/>Jelentse valaki hal\u00e1l\u00e1t.<br \/><br \/><strong>Enged\u00e9lyek beszerz\u00e9se:<br \/><\/strong>Enged\u00e9lyt k\u00e9rni egy h\u00e1z \u00e9p\u00edt\u00e9s\u00e9re vagy \u00e1talak\u00edt\u00e1s\u00e1ra.<br \/>Ind\u00edtson v\u00e1llalkoz\u00e1st.<br \/>Szervezzen nagy rendezv\u00e9nyeket vagy bulikat nyilv\u00e1nos helyeken.<br \/><br \/><strong>P\u00e9nz\u00fcgyek:<br \/><\/strong>Fizessen ad\u00f3t h\u00e1za vagy ingatlana ut\u00e1n.<br \/>V\u00e1rosi szolg\u00e1ltat\u00e1sok, p\u00e9ld\u00e1ul v\u00edz- vagy szem\u00e9tsz\u00e1ll\u00edt\u00e1s be\u00e1ll\u00edt\u00e1sa vagy fizet\u00e9se.<br \/><br \/><strong>K\u00e9rd\u00e9sek vagy panaszok:<br \/><\/strong>Besz\u00e9ljen a probl\u00e9m\u00e1kr\u00f3l vagy tegyen fel k\u00e9rd\u00e9seket a v\u00e1rosi szolg\u00e1ltat\u00e1sokkal kapcsolatban.<br \/><br \/>A v\u00e1rosh\u00e1za teh\u00e1t egy olyan hely, ahol az emberek sok mindent el tudnak int\u00e9zni a v\u00e1rossal kapcsolatban, amelyben \u00e9lnek.<\/p>\t\t\t\t\t\t\t\t<\/div>\n\t\t\t\t<\/div>\n\t\t\t\t\t<\/div>\n\t\t<\/div>\n\t\t\t\t\t<\/div>\n\t\t<\/section>\n\t\t\t\t<section class=\"elementor-section elementor-top-section elementor-element elementor-element-311e16a elementor-reverse-tablet elementor-reverse-mobile elementor-section-boxed elementor-section-height-default elementor-section-height-default\" data-id=\"311e16a\" data-element_type=\"section\">\n\t\t\t\t\t\t<div class=\"elementor-container elementor-column-gap-default\">\n\t\t\t\t\t<div class=\"elementor-column elementor-col-50 elementor-top-column elementor-element elementor-element-092da81\" data-id=\"092da81\" data-element_type=\"column\">\n\t\t\t<div class=\"elementor-widget-wrap elementor-element-populated\">\n\t\t\t\t\t\t<div class=\"elementor-element elementor-element-7789889 elementor-widget elementor-widget-text-editor\" data-id=\"7789889\" data-element_type=\"widget\" data-widget_type=\"text-editor.default\">\n\t\t\t\t<div class=\"elementor-widget-container\">\n\t\t\t\t\t\t\t\t\t<h3 class=\"mbr-section-title mbr-fonts-style mb-3 display-5\"><strong>Mi\u00e9rt fontosak az \u00d6n sz\u00e1m\u00e1ra az \u00f6nkorm\u00e1nyzatok (1)\u00a0<\/strong><\/h3><p class=\"mbr-text mbr-fonts-style display-7\">Hollandi\u00e1ban az \u00f6nkorm\u00e1nyzatok (gemeenten) d\u00f6nt\u0151 szerepet j\u00e1tszanak a lakosok, k\u00f6zt\u00fck a menek\u00fcltek, a statushouders (mened\u00e9kjogot kapott menek\u00fcltek) \u00e9s a munk\u00e1ba \u00e1ll\u00f3 bev\u00e1ndorl\u00f3k mindennapi \u00e9let\u00e9ben. \u00cdme, mi\u00e9rt k\u00fcl\u00f6n\u00f6sen fontosak az \u00f6nkorm\u00e1nyzatok ezen csoportok sz\u00e1m\u00e1ra:<br \/><br \/><strong>Menek\u00fcltek<\/strong>:<br \/><strong>Lakhat\u00e1s:\u00a0<\/strong>A tart\u00f3zkod\u00e1si enged\u00e9ly megszerz\u00e9s\u00e9t k\u00f6vet\u0151en a menek\u00fcltek egy adott telep\u00fcl\u00e9sen kapnak lakhat\u00e1si lehet\u0151s\u00e9get. Az \u00f6nkorm\u00e1nyzatok feladata, hogy a lakoss\u00e1gsz\u00e1mukkal ar\u00e1nyosan meghat\u00e1rozott sz\u00e1m\u00fa menek\u00fclt sz\u00e1m\u00e1ra megfelel\u0151 lakhat\u00e1st biztos\u00edtsanak.<br \/><strong>Integr\u00e1ci\u00f3s tanfolyamok:\u00a0<\/strong>Az \u00f6nkorm\u00e1nyzatok gyakran el\u0151seg\u00edtik vagy fel\u00fcgyelik az integr\u00e1ci\u00f3s tanfolyamokat, amelyek seg\u00edtenek a menek\u00fclteknek a holland nyelv, kult\u00fara \u00e9s t\u00e1rsadalom elsaj\u00e1t\u00edt\u00e1s\u00e1ban.<br \/><strong>Szoci\u00e1lis t\u00e1mogat\u00e1s:\u00a0<\/strong>Az \u00f6nkorm\u00e1nyzatok k\u00fcl\u00f6nb\u00f6z\u0151 szoci\u00e1lis szolg\u00e1ltat\u00e1sokat ny\u00fajtanak, a pszichol\u00f3giai t\u00e1mogat\u00e1st\u00f3l kezdve a mindennapi teend\u0151kben val\u00f3 seg\u00edts\u00e9gny\u00fajt\u00e1sig, seg\u00edtve a menek\u00fclteket az \u00faj k\u00f6rnyezet\u00fckh\u00f6z val\u00f3 alkalmazkod\u00e1sban.<br \/><br \/><strong>Statushouders (menek\u00fcltst\u00e1tusszal rendelkez\u0151 menek\u00fcltek):<\/strong><br \/><strong>Integr\u00e1ci\u00f3s k\u00f6vetelm\u00e9ny:\u00a0<\/strong>A statushouderek k\u00f6telesek beilleszkedni a holland t\u00e1rsadalomba. Az \u00f6nkorm\u00e1nyzatok v\u00e9gigk\u00eds\u00e9rik \u0151ket ezen a folyamaton, biztos\u00edtj\u00e1k, hogy r\u00e9szt vegyenek a sz\u00fcks\u00e9ges tanfolyamokon \u00e9s teljes\u00edts\u00e9k az egy\u00e9b k\u00f6vetelm\u00e9nyeket.<br \/><strong>Foglalkoztat\u00e1s \u00e9s oktat\u00e1s:<\/strong>\u00a0Az \u00f6nkorm\u00e1nyzatok seg\u00edtik a statushoudereket a munkahelyek vagy oktat\u00e1si lehet\u0151s\u00e9gek megtal\u00e1l\u00e1s\u00e1ban, gyakran a helyi v\u00e1llalkoz\u00e1sokkal, iskol\u00e1kkal \u00e9s szakk\u00e9pz\u00e9si k\u00f6zpontokkal tartva kapcsolatot.<br \/><strong>P\u00e9nz\u00fcgyi t\u00e1mogat\u00e1s:<\/strong>\u00a0Azok, akik nem tudj\u00e1k magukat azonnal eltartani, \u00f6nkorm\u00e1nyzati szinten kezelt p\u00e9nz\u00fcgyi t\u00e1mogat\u00e1sban r\u00e9szes\u00fclhetnek.<\/p>\t\t\t\t\t\t\t\t<\/div>\n\t\t\t\t<\/div>\n\t\t\t\t\t<\/div>\n\t\t<\/div>\n\t\t\t\t<div class=\"elementor-column elementor-col-50 elementor-top-column elementor-element elementor-element-b6b32b9\" data-id=\"b6b32b9\" data-element_type=\"column\">\n\t\t\t<div class=\"elementor-widget-wrap elementor-element-populated\">\n\t\t\t\t\t\t<div class=\"elementor-element elementor-element-600b574 elementor-widget elementor-widget-image\" data-id=\"600b574\" data-element_type=\"widget\" data-widget_type=\"image.default\">\n\t\t\t\t<div class=\"elementor-widget-container\">\n\t\t\t\t\t\t\t\t\t\t\t\t\t\t\t<img decoding=\"async\" width=\"660\" height=\"1000\" src=\"https:\/\/mijn-lo.nl\/wp-content\/uploads\/2024\/02\/woningen4-660x1000-1.webp\" class=\"attachment-large size-large wp-image-4855\" alt=\"\" srcset=\"https:\/\/mijn-lo.nl\/wp-content\/uploads\/2024\/02\/woningen4-660x1000-1.webp 660w, https:\/\/mijn-lo.nl\/wp-content\/uploads\/2024\/02\/woningen4-660x1000-1-198x300.webp 198w, https:\/\/mijn-lo.nl\/wp-content\/uploads\/2024\/02\/woningen4-660x1000-1-8x12.webp 8w, https:\/\/mijn-lo.nl\/wp-content\/uploads\/2024\/02\/woningen4-660x1000-1-16x24.webp 16w, https:\/\/mijn-lo.nl\/wp-content\/uploads\/2024\/02\/woningen4-660x1000-1-24x36.webp 24w, https:\/\/mijn-lo.nl\/wp-content\/uploads\/2024\/02\/woningen4-660x1000-1-32x48.webp 32w\" sizes=\"(max-width: 660px) 100vw, 660px\" \/>\t\t\t\t\t\t\t\t\t\t\t\t\t\t\t<\/div>\n\t\t\t\t<\/div>\n\t\t\t\t<div class=\"elementor-element elementor-element-0ddf208 elementor-widget elementor-widget-text-editor\" data-id=\"0ddf208\" data-element_type=\"widget\" data-widget_type=\"text-editor.default\">\n\t\t\t\t<div class=\"elementor-widget-container\">\n\t\t\t\t\t\t\t\t\t<p style=\"text-align: center;\">Lakhat\u00e1s<\/p>\t\t\t\t\t\t\t\t<\/div>\n\t\t\t\t<\/div>\n\t\t\t\t\t<\/div>\n\t\t<\/div>\n\t\t\t\t\t<\/div>\n\t\t<\/section>\n\t\t\t\t<section class=\"elementor-section elementor-top-section elementor-element elementor-element-853250f elementor-section-boxed elementor-section-height-default elementor-section-height-default\" data-id=\"853250f\" data-element_type=\"section\">\n\t\t\t\t\t\t<div class=\"elementor-container elementor-column-gap-default\">\n\t\t\t\t\t<div class=\"elementor-column elementor-col-50 elementor-top-column elementor-element elementor-element-f947750\" data-id=\"f947750\" data-element_type=\"column\">\n\t\t\t<div class=\"elementor-widget-wrap elementor-element-populated\">\n\t\t\t\t\t\t<div class=\"elementor-element elementor-element-7bba9c0 elementor-widget elementor-widget-image\" data-id=\"7bba9c0\" data-element_type=\"widget\" data-widget_type=\"image.default\">\n\t\t\t\t<div class=\"elementor-widget-container\">\n\t\t\t\t\t\t\t\t\t\t\t\t\t\t\t<img loading=\"lazy\" decoding=\"async\" width=\"750\" height=\"563\" src=\"https:\/\/mijn-lo.nl\/wp-content\/uploads\/2024\/02\/loket-750x563-1.webp\" class=\"attachment-large size-large wp-image-4856\" alt=\"\" srcset=\"https:\/\/mijn-lo.nl\/wp-content\/uploads\/2024\/02\/loket-750x563-1.webp 750w, https:\/\/mijn-lo.nl\/wp-content\/uploads\/2024\/02\/loket-750x563-1-300x225.webp 300w, https:\/\/mijn-lo.nl\/wp-content\/uploads\/2024\/02\/loket-750x563-1-16x12.webp 16w, https:\/\/mijn-lo.nl\/wp-content\/uploads\/2024\/02\/loket-750x563-1-24x18.webp 24w, https:\/\/mijn-lo.nl\/wp-content\/uploads\/2024\/02\/loket-750x563-1-36x27.webp 36w, https:\/\/mijn-lo.nl\/wp-content\/uploads\/2024\/02\/loket-750x563-1-48x36.webp 48w\" sizes=\"(max-width: 750px) 100vw, 750px\" \/>\t\t\t\t\t\t\t\t\t\t\t\t\t\t\t<\/div>\n\t\t\t\t<\/div>\n\t\t\t\t<div class=\"elementor-element elementor-element-25fb557 elementor-widget elementor-widget-text-editor\" data-id=\"25fb557\" data-element_type=\"widget\" data-widget_type=\"text-editor.default\">\n\t\t\t\t<div class=\"elementor-widget-container\">\n\t\t\t\t\t\t\t\t\t<p style=\"text-align: center;\">\u00d6nkorm\u00e1nyzati szolg\u00e1ltat\u00e1sok<\/p>\t\t\t\t\t\t\t\t<\/div>\n\t\t\t\t<\/div>\n\t\t\t\t\t<\/div>\n\t\t<\/div>\n\t\t\t\t<div class=\"elementor-column elementor-col-50 elementor-top-column elementor-element elementor-element-8db01a1\" data-id=\"8db01a1\" data-element_type=\"column\">\n\t\t\t<div class=\"elementor-widget-wrap elementor-element-populated\">\n\t\t\t\t\t\t<div class=\"elementor-element elementor-element-eb35863 elementor-widget elementor-widget-text-editor\" data-id=\"eb35863\" data-element_type=\"widget\" data-widget_type=\"text-editor.default\">\n\t\t\t\t<div class=\"elementor-widget-container\">\n\t\t\t\t\t\t\t\t\t<h3 class=\"mbr-section-title mbr-fonts-style mb-3 display-5\"><strong>Mi\u00e9rt fontosak az \u00d6n sz\u00e1m\u00e1ra az \u00f6nkorm\u00e1nyzatok (2)\u00a0<\/strong><\/h3><p class=\"mbr-text mbr-fonts-style display-7\"><strong>Munkav\u00e1llal\u00f3 bev\u00e1ndorl\u00f3k:<br \/>Tart\u00f3zkod\u00e1si \u00e9s munkav\u00e1llal\u00e1si enged\u00e9lyek:<\/strong>\u00a0M\u00edg a nemzeti korm\u00e1ny kezeli ezeket az enged\u00e9lyeket, az \u00f6nkorm\u00e1nyzatok biztos\u00edtj\u00e1k a bev\u00e1ndorl\u00f3k sz\u00e1m\u00e1ra sz\u00fcks\u00e9ges alapvet\u0151 helyi regisztr\u00e1ci\u00f3s \u00e9s egy\u00e9b adminisztrat\u00edv folyamatokat.<br \/><strong>Helyi szolg\u00e1ltat\u00e1sok:<\/strong>\u00a0A munk\u00e1ba j\u00e1r\u00f3 bev\u00e1ndorl\u00f3k, mint minden lakos, r\u00e9szes\u00fclnek az \u00f6nkorm\u00e1nyzati szolg\u00e1ltat\u00e1sokb\u00f3l, a t\u00f6megk\u00f6zleked\u00e9st\u0151l az eg\u00e9szs\u00e9g\u00fcgyi ell\u00e1t\u00e1sig. E szolg\u00e1ltat\u00e1sok meg\u00e9rt\u00e9se \u00e9s az azokban val\u00f3 eligazod\u00e1s alapvet\u0151 fontoss\u00e1g\u00fa j\u00f3l\u00e9t\u00fck \u00e9s sikeres beilleszked\u00e9s\u00fck szempontj\u00e1b\u00f3l.<\/p><p><strong>K\u00f6z\u00f6ss\u00e9gi integr\u00e1ci\u00f3:\u00a0<\/strong>Az \u00f6nkorm\u00e1nyzatok gyakran szerveznek rendezv\u00e9nyeket, workshopokat vagy t\u00e1j\u00e9koztat\u00f3kat a bev\u00e1ndorl\u00f3 k\u00f6z\u00f6ss\u00e9g sz\u00e1m\u00e1ra, biztos\u00edtva, hogy a bev\u00e1ndorl\u00f3k sz\u00edvesen l\u00e1tottnak \u00e9rezz\u00e9k magukat \u00e9s a helyi k\u00f6z\u00f6ss\u00e9g r\u00e9sz\u00e9v\u00e9 v\u00e1ljanak.<\/p><p>L\u00e9nyeg\u00e9ben, m\u00edg a nemzeti korm\u00e1ny \u00e1tfog\u00f3 politik\u00e1kat hat\u00e1roz meg, az \u00f6nkorm\u00e1nyzatok e politik\u00e1k sz\u00e1mos gyakorlati vonatkoz\u00e1s\u00e1t v\u00e9grehajtj\u00e1k, ami l\u00e9tfontoss\u00e1g\u00fa a menek\u00fcltek, a hontalanok \u00e9s a munk\u00e1b\u00f3l \u00e9rkez\u0151 bev\u00e1ndorl\u00f3k sikeres integr\u00e1ci\u00f3ja \u00e9s j\u00f3l\u00e9te szempontj\u00e1b\u00f3l.<\/p>\t\t\t\t\t\t\t\t<\/div>\n\t\t\t\t<\/div>\n\t\t\t\t\t<\/div>\n\t\t<\/div>\n\t\t\t\t\t<\/div>\n\t\t<\/section>\n\t\t\t\t<section class=\"elementor-section elementor-top-section elementor-element elementor-element-2edcca1 elementor-section-boxed elementor-section-height-default elementor-section-height-default\" data-id=\"2edcca1\" data-element_type=\"section\">\n\t\t\t\t\t\t<div class=\"elementor-container elementor-column-gap-default\">\n\t\t\t\t\t<div class=\"elementor-column elementor-col-100 elementor-top-column elementor-element elementor-element-75349f87\" data-id=\"75349f87\" data-element_type=\"column\">\n\t\t\t<div class=\"elementor-widget-wrap elementor-element-populated\">\n\t\t\t\t\t\t<div class=\"elementor-element elementor-element-2d2d0e50 elementor-align-center elementor-widget elementor-widget-button\" data-id=\"2d2d0e50\" data-element_type=\"widget\" data-widget_type=\"button.default\">\n\t\t\t\t<div class=\"elementor-widget-container\">\n\t\t\t\t\t\t\t\t\t<div class=\"elementor-button-wrapper\">\n\t\t\t\t\t<a class=\"elementor-button elementor-button-link elementor-size-sm\" href=\"https:\/\/mijn-lo.nl\/hu\/politics\/voting\/\">\n\t\t\t\t\t\t<span class=\"elementor-button-content-wrapper\">\n\t\t\t\t\t\t\t\t\t<span class=\"elementor-button-text\">folytat\u00e1s<\/span>\n\t\t\t\t\t<\/span>\n\t\t\t\t\t<\/a>\n\t\t\t\t<\/div>\n\t\t\t\t\t\t\t\t<\/div>\n\t\t\t\t<\/div>\n\t\t\t\t\t<\/div>\n\t\t<\/div>\n\t\t\t\t\t<\/div>\n\t\t<\/section>\n\t\t\t\t<\/div>","protected":false},"excerpt":{"rendered":"<p>The provinces and the municipalities The information you provided is mostly accurate, but there is a significant error: The Netherlands does not have just 2 provinces; it has 12 provinces. Let me correct the text for you: ProvinceThe Netherlands has 12 provinces. In lesson 1, we introduced these regions. Each region is ruled by Provincial [&hellip;]<\/p>\n","protected":false},"author":1,"featured_media":0,"parent":3371,"menu_order":2,"comment_status":"closed","ping_status":"closed","template":"elementor_canvas","meta":{"site-sidebar-layout":"no-sidebar","site-content-layout":"page-builder","ast-site-content-layout":"full-width-container","site-content-style":"default","site-sidebar-style":"default","ast-global-header-display":"","ast-banner-title-visibility":"","ast-main-header-display":"","ast-hfb-above-header-display":"","ast-hfb-below-header-display":"","ast-hfb-mobile-header-display":"","site-post-title":"disabled","ast-breadcrumbs-content":"","ast-featured-img":"disabled","footer-sml-layout":"","theme-transparent-header-meta":"","adv-header-id-meta":"","stick-header-meta":"","header-above-stick-meta":"","header-main-stick-meta":"","header-below-stick-meta":"","astra-migrate-meta-layouts":"set","ast-page-background-enabled":"default","ast-page-background-meta":{"desktop":{"background-color":"var(--ast-global-color-4)","background-image":"","background-repeat":"repeat","background-position":"center center","background-size":"auto","background-attachment":"scroll","background-type":"","background-media":"","overlay-type":"","overlay-color":"","overlay-opacity":"","overlay-gradient":""},"tablet":{"background-color":"","background-image":"","background-repeat":"repeat","background-position":"center center","background-size":"auto","background-attachment":"scroll","background-type":"","background-media":"","overlay-type":"","overlay-color":"","overlay-opacity":"","overlay-gradient":""},"mobile":{"background-color":"","background-image":"","background-repeat":"repeat","background-position":"center center","background-size":"auto","background-attachment":"scroll","background-type":"","background-media":"","overlay-type":"","overlay-color":"","overlay-opacity":"","overlay-gradient":""}},"ast-content-background-meta":{"desktop":{"background-color":"var(--ast-global-color-5)","background-image":"","background-repeat":"repeat","background-position":"center center","background-size":"auto","background-attachment":"scroll","background-type":"","background-media":"","overlay-type":"","overlay-color":"","overlay-opacity":"","overlay-gradient":""},"tablet":{"background-color":"var(--ast-global-color-5)","background-image":"","background-repeat":"repeat","background-position":"center center","background-size":"auto","background-attachment":"scroll","background-type":"","background-media":"","overlay-type":"","overlay-color":"","overlay-opacity":"","overlay-gradient":""},"mobile":{"background-color":"var(--ast-global-color-5)","background-image":"","background-repeat":"repeat","background-position":"center center","background-size":"auto","background-attachment":"scroll","background-type":"","background-media":"","overlay-type":"","overlay-color":"","overlay-opacity":"","overlay-gradient":""}},"footnotes":""},"class_list":["post-4902","page","type-page","status-publish","hentry"],"_links":{"self":[{"href":"https:\/\/mijn-lo.nl\/hu\/wp-json\/wp\/v2\/pages\/4902","targetHints":{"allow":["GET"]}}],"collection":[{"href":"https:\/\/mijn-lo.nl\/hu\/wp-json\/wp\/v2\/pages"}],"about":[{"href":"https:\/\/mijn-lo.nl\/hu\/wp-json\/wp\/v2\/types\/page"}],"author":[{"embeddable":true,"href":"https:\/\/mijn-lo.nl\/hu\/wp-json\/wp\/v2\/users\/1"}],"replies":[{"embeddable":true,"href":"https:\/\/mijn-lo.nl\/hu\/wp-json\/wp\/v2\/comments?post=4902"}],"version-history":[{"count":7,"href":"https:\/\/mijn-lo.nl\/hu\/wp-json\/wp\/v2\/pages\/4902\/revisions"}],"predecessor-version":[{"id":6343,"href":"https:\/\/mijn-lo.nl\/hu\/wp-json\/wp\/v2\/pages\/4902\/revisions\/6343"}],"up":[{"embeddable":true,"href":"https:\/\/mijn-lo.nl\/hu\/wp-json\/wp\/v2\/pages\/3371"}],"wp:attachment":[{"href":"https:\/\/mijn-lo.nl\/hu\/wp-json\/wp\/v2\/media?parent=4902"}],"curies":[{"name":"wp","href":"https:\/\/api.w.org\/{rel}","templated":true}]}}