{"id":4904,"date":"2024-02-09T15:46:50","date_gmt":"2024-02-09T15:46:50","guid":{"rendered":"http:\/\/mijn-lo.nl\/?page_id=4904"},"modified":"2025-08-19T17:42:57","modified_gmt":"2025-08-19T17:42:57","slug":"voting","status":"publish","type":"page","link":"https:\/\/mijn-lo.nl\/hu\/politics\/voting\/","title":{"rendered":"Szavaz\u00e1s"},"content":{"rendered":"<div data-elementor-type=\"wp-page\" data-elementor-id=\"4904\" class=\"elementor elementor-4904\" data-elementor-post-type=\"page\">\n\t\t\t\t\t\t<section class=\"elementor-section elementor-top-section elementor-element elementor-element-4d3fa3d elementor-reverse-tablet elementor-reverse-mobile elementor-section-boxed elementor-section-height-default elementor-section-height-default\" data-id=\"4d3fa3d\" data-element_type=\"section\">\n\t\t\t\t\t\t<div class=\"elementor-container elementor-column-gap-default\">\n\t\t\t\t\t<div class=\"elementor-column elementor-col-50 elementor-top-column elementor-element elementor-element-fcf9551\" data-id=\"fcf9551\" data-element_type=\"column\">\n\t\t\t<div class=\"elementor-widget-wrap elementor-element-populated\">\n\t\t\t\t\t\t<div class=\"elementor-element elementor-element-db8dc4d elementor-widget elementor-widget-text-editor\" data-id=\"db8dc4d\" data-element_type=\"widget\" data-widget_type=\"text-editor.default\">\n\t\t\t\t<div class=\"elementor-widget-container\">\n\t\t\t\t\t\t\t\t\t<h3 class=\"mbr-section-title mbr-fonts-style mb-3 display-5\"><strong>Szavaz\u00e1s<\/strong><\/h3><p class=\"mbr-text mbr-fonts-style display-7\"><strong>P\u00e9ld\u00e1k a politikai p\u00e1rtokra:<br \/><\/strong>- VVD: szabads\u00e1g mindenkinek, jobb gazdas\u00e1g, munka mindenkinek.<br \/>- PVV: kevesebb k\u00fclf\u00f6ldi, kevesebb egy\u00fcttm\u0171k\u00f6d\u00e9s Eur\u00f3p\u00e1val.<br \/>- CDA: a csal\u00e1d fontos, a kereszt\u00e9ny hit.<br \/>- BBB: k\u00f6z\u00e9pen \u00e9s egy kicsit jobbra. Eredetileg f\u00f6ldm\u0171vesek alap\u00edtott\u00e1k;<br \/>- \u00daj szoci\u00e1lpolitikai szerz\u0151d\u00e9s: \u00faj strukt\u00fara kialak\u00edt\u00e1sa a<br \/>- D66: a demokr\u00e1cia fontos, az oktat\u00e1s fontos.<br \/>- BBB: Boeren-Burgers-Bewegen: egy n\u00e9pszer\u0171 p\u00e1rt, amely a gazd\u00e1kt\u00f3l sz\u00e1rmazik.<br \/>- GroenLinks: a k\u00f6rnyezetv\u00e9delem fontos, a gazdagoknak t\u00f6bb ad\u00f3t kell fizetni\u00fck, es\u00e9lyegyenl\u0151s\u00e9g.<br \/>- SP: a korm\u00e1ny gondoskodjon a szeg\u00e9nyekr\u0151l \u00e9s a betegekr\u0151l, kevesebb egy\u00fcttm\u0171k\u00f6d\u00e9s Eur\u00f3p\u00e1val.<br \/>- PvdA: gazdagok \u00e9s szeg\u00e9nyek egyenl\u0151bbek, a gazdagoknak t\u00f6bb ad\u00f3t kell fizetni\u00fck, oktat\u00e1s.<br \/>- CU: szab\u00e1lyok a Bibli\u00e1b\u00f3l, abortusz ellenes, fontos a k\u00f6rnyezet \u00e9s a csal\u00e1d, a szeg\u00e9nyekkel val\u00f3 t\u00f6r\u0151d\u00e9s.<br \/>- P\u00e1rt az \u00e1llatok\u00e9rt: az \u00e1llatok \u00e9s a k\u00f6rnyezet fontosak.<br \/>- 50Plus: az id\u0151sekr\u0151l val\u00f3 gondoskod\u00e1s.<br \/>- SGP: Kereszt\u00e9ny, a Biblia szerint kell \u00e9ln\u00fcnk.<br \/>- GONDOLJ: mindenkinek ugyanazok a jogai (k\u00fcl\u00f6n\u00f6sen a t\u00f6r\u00f6k\u00f6k \u00e9s a marokk\u00f3iak szavaznak erre).<\/p><p><strong>Baloldali p\u00e1rtok\u00a0<\/strong>cs\u00f6kkenteni akarj\u00e1k a k\u00fcl\u00f6nbs\u00e9get a gazdag \u00e9s a szeg\u00e9ny emberek k\u00f6z\u00f6tt. A gazdagoknak t\u00f6bb ad\u00f3t kell fizetni\u00fck. A korm\u00e1nynak gondoskodnia kell a szeg\u00e9ny emberekr\u0151l, a juttat\u00e1soknak magasabbnak kell lenni\u00fck.<br \/><strong>Jobboldali p\u00e1rtok<\/strong>\u00a0\u00fagy v\u00e9lik, hogy az embereknek gondoskodniuk kell magukr\u00f3l, \u00e9s hogy a gazdagoknak nem kellene sok ad\u00f3t fizetni\u00fck.<br \/><strong>Progressz\u00edv:<\/strong>\u00a0azt jelenti, hogy a t\u00e1rsadalomnak meg kell v\u00e1ltoznia.<br \/><strong>Konzervat\u00edv:<\/strong>\u00a0azt jelenti, hogy nem sok mindent kell megv\u00e1ltoztatni.<\/p>\t\t\t\t\t\t\t\t<\/div>\n\t\t\t\t<\/div>\n\t\t\t\t\t<\/div>\n\t\t<\/div>\n\t\t\t\t<div class=\"elementor-column elementor-col-50 elementor-top-column elementor-element elementor-element-fb8883b\" data-id=\"fb8883b\" data-element_type=\"column\">\n\t\t\t<div class=\"elementor-widget-wrap elementor-element-populated\">\n\t\t\t\t\t\t<div class=\"elementor-element elementor-element-0a1b385 elementor-widget elementor-widget-image\" data-id=\"0a1b385\" data-element_type=\"widget\" data-widget_type=\"image.default\">\n\t\t\t\t<div class=\"elementor-widget-container\">\n\t\t\t\t\t\t\t\t\t\t\t\t\t\t\t<img fetchpriority=\"high\" decoding=\"async\" width=\"478\" height=\"603\" src=\"https:\/\/mijn-lo.nl\/wp-content\/uploads\/2024\/02\/kiezen-478x603-1.webp\" class=\"attachment-large size-large wp-image-4857\" alt=\"\" srcset=\"https:\/\/mijn-lo.nl\/wp-content\/uploads\/2024\/02\/kiezen-478x603-1.webp 478w, https:\/\/mijn-lo.nl\/wp-content\/uploads\/2024\/02\/kiezen-478x603-1-238x300.webp 238w, https:\/\/mijn-lo.nl\/wp-content\/uploads\/2024\/02\/kiezen-478x603-1-10x12.webp 10w, https:\/\/mijn-lo.nl\/wp-content\/uploads\/2024\/02\/kiezen-478x603-1-19x24.webp 19w, https:\/\/mijn-lo.nl\/wp-content\/uploads\/2024\/02\/kiezen-478x603-1-29x36.webp 29w, https:\/\/mijn-lo.nl\/wp-content\/uploads\/2024\/02\/kiezen-478x603-1-38x48.webp 38w\" sizes=\"(max-width: 478px) 100vw, 478px\" \/>\t\t\t\t\t\t\t\t\t\t\t\t\t\t\t<\/div>\n\t\t\t\t<\/div>\n\t\t\t\t<div class=\"elementor-element elementor-element-488cc37 elementor-widget elementor-widget-text-editor\" data-id=\"488cc37\" data-element_type=\"widget\" data-widget_type=\"text-editor.default\">\n\t\t\t\t<div class=\"elementor-widget-container\">\n\t\t\t\t\t\t\t\t\t<p style=\"text-align: center;\">Szavaz\u00e1s<\/p>\t\t\t\t\t\t\t\t<\/div>\n\t\t\t\t<\/div>\n\t\t\t\t\t<\/div>\n\t\t<\/div>\n\t\t\t\t\t<\/div>\n\t\t<\/section>\n\t\t\t\t<section class=\"elementor-section elementor-top-section elementor-element elementor-element-eb6bef8 elementor-section-boxed elementor-section-height-default elementor-section-height-default\" data-id=\"eb6bef8\" data-element_type=\"section\">\n\t\t\t\t\t\t<div class=\"elementor-container elementor-column-gap-default\">\n\t\t\t\t\t<div class=\"elementor-column elementor-col-50 elementor-top-column elementor-element elementor-element-f92d88a\" data-id=\"f92d88a\" data-element_type=\"column\">\n\t\t\t<div class=\"elementor-widget-wrap elementor-element-populated\">\n\t\t\t\t\t\t<div class=\"elementor-element elementor-element-44af40a elementor-widget elementor-widget-image\" data-id=\"44af40a\" data-element_type=\"widget\" data-widget_type=\"image.default\">\n\t\t\t\t<div class=\"elementor-widget-container\">\n\t\t\t\t\t\t\t\t\t\t\t\t\t\t\t<img decoding=\"async\" width=\"750\" height=\"499\" src=\"https:\/\/mijn-lo.nl\/wp-content\/uploads\/2024\/02\/kiezen6-750x499-1.webp\" class=\"attachment-large size-large wp-image-4858\" alt=\"\" srcset=\"https:\/\/mijn-lo.nl\/wp-content\/uploads\/2024\/02\/kiezen6-750x499-1.webp 750w, https:\/\/mijn-lo.nl\/wp-content\/uploads\/2024\/02\/kiezen6-750x499-1-300x200.webp 300w, https:\/\/mijn-lo.nl\/wp-content\/uploads\/2024\/02\/kiezen6-750x499-1-18x12.webp 18w, https:\/\/mijn-lo.nl\/wp-content\/uploads\/2024\/02\/kiezen6-750x499-1-24x16.webp 24w, https:\/\/mijn-lo.nl\/wp-content\/uploads\/2024\/02\/kiezen6-750x499-1-36x24.webp 36w, https:\/\/mijn-lo.nl\/wp-content\/uploads\/2024\/02\/kiezen6-750x499-1-48x32.webp 48w\" sizes=\"(max-width: 750px) 100vw, 750px\" \/>\t\t\t\t\t\t\t\t\t\t\t\t\t\t\t<\/div>\n\t\t\t\t<\/div>\n\t\t\t\t<div class=\"elementor-element elementor-element-0fb6b56 elementor-widget elementor-widget-text-editor\" data-id=\"0fb6b56\" data-element_type=\"widget\" data-widget_type=\"text-editor.default\">\n\t\t\t\t<div class=\"elementor-widget-container\">\n\t\t\t\t\t\t\t\t\t<p style=\"text-align: center;\">Szavaz\u00e1s<\/p>\t\t\t\t\t\t\t\t<\/div>\n\t\t\t\t<\/div>\n\t\t\t\t\t<\/div>\n\t\t<\/div>\n\t\t\t\t<div class=\"elementor-column elementor-col-50 elementor-top-column elementor-element elementor-element-7ec25a6\" data-id=\"7ec25a6\" data-element_type=\"column\">\n\t\t\t<div class=\"elementor-widget-wrap elementor-element-populated\">\n\t\t\t\t\t\t<div class=\"elementor-element elementor-element-89f35ff elementor-widget elementor-widget-text-editor\" data-id=\"89f35ff\" data-element_type=\"widget\" data-widget_type=\"text-editor.default\">\n\t\t\t\t<div class=\"elementor-widget-container\">\n\t\t\t\t\t\t\t\t\t<h3>Frekvencia<\/h3><ul><li>1x a 4 \u00e9v alatt : Parlament (150 minisztert kell v\u00e1lasztani) (NL \u00e1llampolg\u00e1rs\u00e1g, 18+)<\/li><li>1x a megel\u0151z\u0151 4 \u00e9vben : Tartom\u00e1nyi \u00e1llamok minden tartom\u00e1nyban (NL \u00e1llampolg\u00e1rs\u00e1g, 18+)<\/li><li>1x az azt megel\u0151z\u0151 4 \u00e9vben : Helyi tan\u00e1cs (minden helyi hat\u00f3s\u00e1g \u00e1ltal lakott 18 \u00e9v feletti lakos, vagy 5 \u00e9v NL-ban)<\/li><li>1x a 4 \u00e9v alatt : V\u00edz\u00fcgyi Hat\u00f3s\u00e1g (emberek, hogy \u0151 maga elfoglalt, hogy tartsa a v\u00edz Hollandi\u00e1ban)<\/li><li>1x az azt megel\u0151z\u0151 5 \u00e9vben : Eur\u00f3pai Uni\u00f3 (EU-ban lak\u00f3hellyel rendelkez\u0151, EU-s \u00e1llampolg\u00e1rs\u00e1g\u00fa, 18 \u00e9v feletti)<\/li><\/ul>\t\t\t\t\t\t\t\t<\/div>\n\t\t\t\t<\/div>\n\t\t\t\t\t<\/div>\n\t\t<\/div>\n\t\t\t\t\t<\/div>\n\t\t<\/section>\n\t\t\t\t<section class=\"elementor-section elementor-top-section elementor-element elementor-element-2edcca1 elementor-section-boxed elementor-section-height-default elementor-section-height-default\" data-id=\"2edcca1\" data-element_type=\"section\">\n\t\t\t\t\t\t<div class=\"elementor-container elementor-column-gap-default\">\n\t\t\t\t\t<div class=\"elementor-column elementor-col-100 elementor-top-column elementor-element elementor-element-75349f87\" data-id=\"75349f87\" data-element_type=\"column\">\n\t\t\t<div class=\"elementor-widget-wrap elementor-element-populated\">\n\t\t\t\t\t\t<div class=\"elementor-element elementor-element-2d2d0e50 elementor-align-center elementor-widget elementor-widget-button\" data-id=\"2d2d0e50\" data-element_type=\"widget\" data-widget_type=\"button.default\">\n\t\t\t\t<div class=\"elementor-widget-container\">\n\t\t\t\t\t\t\t\t\t<div class=\"elementor-button-wrapper\">\n\t\t\t\t\t<a class=\"elementor-button elementor-button-link elementor-size-sm\" href=\"https:\/\/mijn-lo.nl\/hu\/politics\/test-10\/\">\n\t\t\t\t\t\t<span class=\"elementor-button-content-wrapper\">\n\t\t\t\t\t\t\t\t\t<span class=\"elementor-button-text\">folytat\u00e1s<\/span>\n\t\t\t\t\t<\/span>\n\t\t\t\t\t<\/a>\n\t\t\t\t<\/div>\n\t\t\t\t\t\t\t\t<\/div>\n\t\t\t\t<\/div>\n\t\t\t\t\t<\/div>\n\t\t<\/div>\n\t\t\t\t\t<\/div>\n\t\t<\/section>\n\t\t\t\t<\/div>","protected":false},"excerpt":{"rendered":"<p>Voting Examples of political parties:\u2022 VVD: freedom for everyone, better economy, work for everyone.\u2022 PVV: fewer foreigners, less cooperation with Europe.\u2022 CDA: family is important, Christian faith.\u2022 BBB: mid and a little bit to the right. Originally founded by farmers;\u2022 Nieuw Sociaal Contract: aiming at a new structure for\u2022 D66: democracy is important, education is [&hellip;]<\/p>\n","protected":false},"author":1,"featured_media":0,"parent":3371,"menu_order":3,"comment_status":"closed","ping_status":"closed","template":"elementor_canvas","meta":{"site-sidebar-layout":"no-sidebar","site-content-layout":"page-builder","ast-site-content-layout":"full-width-container","site-content-style":"default","site-sidebar-style":"default","ast-global-header-display":"","ast-banner-title-visibility":"","ast-main-header-display":"","ast-hfb-above-header-display":"","ast-hfb-below-header-display":"","ast-hfb-mobile-header-display":"","site-post-title":"disabled","ast-breadcrumbs-content":"","ast-featured-img":"disabled","footer-sml-layout":"","theme-transparent-header-meta":"","adv-header-id-meta":"","stick-header-meta":"","header-above-stick-meta":"","header-main-stick-meta":"","header-below-stick-meta":"","astra-migrate-meta-layouts":"set","ast-page-background-enabled":"default","ast-page-background-meta":{"desktop":{"background-color":"var(--ast-global-color-4)","background-image":"","background-repeat":"repeat","background-position":"center center","background-size":"auto","background-attachment":"scroll","background-type":"","background-media":"","overlay-type":"","overlay-color":"","overlay-opacity":"","overlay-gradient":""},"tablet":{"background-color":"","background-image":"","background-repeat":"repeat","background-position":"center center","background-size":"auto","background-attachment":"scroll","background-type":"","background-media":"","overlay-type":"","overlay-color":"","overlay-opacity":"","overlay-gradient":""},"mobile":{"background-color":"","background-image":"","background-repeat":"repeat","background-position":"center center","background-size":"auto","background-attachment":"scroll","background-type":"","background-media":"","overlay-type":"","overlay-color":"","overlay-opacity":"","overlay-gradient":""}},"ast-content-background-meta":{"desktop":{"background-color":"var(--ast-global-color-5)","background-image":"","background-repeat":"repeat","background-position":"center center","background-size":"auto","background-attachment":"scroll","background-type":"","background-media":"","overlay-type":"","overlay-color":"","overlay-opacity":"","overlay-gradient":""},"tablet":{"background-color":"var(--ast-global-color-5)","background-image":"","background-repeat":"repeat","background-position":"center center","background-size":"auto","background-attachment":"scroll","background-type":"","background-media":"","overlay-type":"","overlay-color":"","overlay-opacity":"","overlay-gradient":""},"mobile":{"background-color":"var(--ast-global-color-5)","background-image":"","background-repeat":"repeat","background-position":"center center","background-size":"auto","background-attachment":"scroll","background-type":"","background-media":"","overlay-type":"","overlay-color":"","overlay-opacity":"","overlay-gradient":""}},"footnotes":""},"class_list":["post-4904","page","type-page","status-publish","hentry"],"_links":{"self":[{"href":"https:\/\/mijn-lo.nl\/hu\/wp-json\/wp\/v2\/pages\/4904","targetHints":{"allow":["GET"]}}],"collection":[{"href":"https:\/\/mijn-lo.nl\/hu\/wp-json\/wp\/v2\/pages"}],"about":[{"href":"https:\/\/mijn-lo.nl\/hu\/wp-json\/wp\/v2\/types\/page"}],"author":[{"embeddable":true,"href":"https:\/\/mijn-lo.nl\/hu\/wp-json\/wp\/v2\/users\/1"}],"replies":[{"embeddable":true,"href":"https:\/\/mijn-lo.nl\/hu\/wp-json\/wp\/v2\/comments?post=4904"}],"version-history":[{"count":13,"href":"https:\/\/mijn-lo.nl\/hu\/wp-json\/wp\/v2\/pages\/4904\/revisions"}],"predecessor-version":[{"id":6346,"href":"https:\/\/mijn-lo.nl\/hu\/wp-json\/wp\/v2\/pages\/4904\/revisions\/6346"}],"up":[{"embeddable":true,"href":"https:\/\/mijn-lo.nl\/hu\/wp-json\/wp\/v2\/pages\/3371"}],"wp:attachment":[{"href":"https:\/\/mijn-lo.nl\/hu\/wp-json\/wp\/v2\/media?parent=4904"}],"curies":[{"name":"wp","href":"https:\/\/api.w.org\/{rel}","templated":true}]}}