{"id":4920,"date":"2024-02-09T15:53:53","date_gmt":"2024-02-09T15:53:53","guid":{"rendered":"http:\/\/mijn-lo.nl\/?page_id=4920"},"modified":"2025-08-19T17:44:18","modified_gmt":"2025-08-19T17:44:18","slug":"golden-age","status":"publish","type":"page","link":"https:\/\/mijn-lo.nl\/hu\/history\/golden-age\/","title":{"rendered":"Aranykor"},"content":{"rendered":"<div data-elementor-type=\"wp-page\" data-elementor-id=\"4920\" class=\"elementor elementor-4920\" data-elementor-post-type=\"page\">\n\t\t\t\t\t\t<section class=\"elementor-section elementor-top-section elementor-element elementor-element-f3da63f elementor-reverse-tablet elementor-reverse-mobile elementor-section-boxed elementor-section-height-default elementor-section-height-default\" data-id=\"f3da63f\" data-element_type=\"section\">\n\t\t\t\t\t\t<div class=\"elementor-container elementor-column-gap-default\">\n\t\t\t\t\t<div class=\"elementor-column elementor-col-50 elementor-top-column elementor-element elementor-element-02860a7\" data-id=\"02860a7\" data-element_type=\"column\">\n\t\t\t<div class=\"elementor-widget-wrap elementor-element-populated\">\n\t\t\t\t\t\t<div class=\"elementor-element elementor-element-c1d4860 elementor-widget elementor-widget-text-editor\" data-id=\"c1d4860\" data-element_type=\"widget\" data-widget_type=\"text-editor.default\">\n\t\t\t\t<div class=\"elementor-widget-container\">\n\t\t\t\t\t\t\t\t\t<h3 class=\"mbr-section-title mbr-fonts-style mb-3 display-5\"><strong>Aranykor<\/strong><\/h3><p class=\"mbr-text mbr-fonts-style display-7\"><strong>Az id\u0151szak<br \/><\/strong>Az 1600 \u00e9s 1700 k\u00f6z\u00f6tti id\u0151szakot aranykornak nevezik. Hollandi\u00e1nak nagyon j\u00f3l megy. Ez els\u0151sorban a gyarmatokon folytatott kereskedelemnek volt k\u00f6sz\u00f6nhet\u0151. A szervezetet, amely ezt a kereskedelmet szab\u00e1lyozta, VOC-nak h\u00edvt\u00e1k. T<br \/><br \/><strong>VOC<br \/><\/strong>1602 - A Holland Kelet-indiai T\u00e1rsas\u00e1g (VOC) megalakul\u00e1sa: A VOC a vil\u00e1g els\u0151 multinacion\u00e1lis v\u00e1llalatak\u00e9nt j\u00f6tt l\u00e9tre, amely d\u00f6nt\u0151 szerepet j\u00e1tszott a holland felfedez\u00e9sben, kereskedelemben \u00e9s gyarmatos\u00edt\u00e1sban \u00c1zsi\u00e1ban. F\u0171szerekkel, de rabszolg\u00e1kkal is kereskedtek.<br \/><br \/><strong>Az aranykor hat\u00e1sai<br \/><\/strong>Hogy akkoriban j\u00f3l mentek a dolgok, azt p\u00e9ld\u00e1ul az amszterdami csatorn\u00e1k ment\u00e9n \u00e1ll\u00f3 gy\u00f6ny\u00f6r\u0171 h\u00e1zak is bizony\u00edtj\u00e1k. L\u00e1tjuk azokat is\u00a0<strong>gy\u00f6ny\u00f6r\u0171 h\u00e1zak m\u00e1s r\u00e9gi v\u00e1rosokban<\/strong>\u00a0a Randstadban. Ebben az id\u0151ben olyan m\u0171v\u00e9szek is tev\u00e9kenykedtek, akik k\u00e9s\u0151bb vil\u00e1gh\u00edr\u0171v\u00e9 v\u00e1ltak, mint p\u00e9ld\u00e1ul\u00a0<strong>Rembrandt<\/strong>. Legh\u00edresebb festm\u00e9nye az \"\u00c9jszakai \u0151rs\u00e9g\", amely az amszterdami Rijksmuseumban l\u00e1that\u00f3.<br \/><br \/><br \/><strong>Egy \u00e9rdekes vide\u00f3<br \/><\/strong>A k\u00f6vetkez\u0151 vide\u00f3 csak illusztr\u00e1ci\u00f3k\u00e9nt szolg\u00e1l. Sz\u00f3val csak n\u00e9zd meg, ha \u00e9rdekel. Az \"Aranykor\" f\u0151 id\u0151szak\u00e1t mutatja be, \u00e9s azt, hogyan siker\u00fclt Hollandi\u00e1nak vil\u00e1ghatalomm\u00e1 v\u00e1lnia.<br \/>A fogasker\u00e9k seg\u00edts\u00e9g\u00e9vel a c\u00edmz\u00e9shez igazodhat.<\/p>\t\t\t\t\t\t\t\t<\/div>\n\t\t\t\t<\/div>\n\t\t\t\t\t<\/div>\n\t\t<\/div>\n\t\t\t\t<div class=\"elementor-column elementor-col-50 elementor-top-column elementor-element elementor-element-fc1ff83\" data-id=\"fc1ff83\" data-element_type=\"column\">\n\t\t\t<div class=\"elementor-widget-wrap elementor-element-populated\">\n\t\t\t\t\t\t<div class=\"elementor-element elementor-element-c64e3d9 elementor-widget elementor-widget-image\" data-id=\"c64e3d9\" data-element_type=\"widget\" data-widget_type=\"image.default\">\n\t\t\t\t<div class=\"elementor-widget-container\">\n\t\t\t\t\t\t\t\t\t\t\t\t\t\t\t<img fetchpriority=\"high\" decoding=\"async\" width=\"529\" height=\"434\" src=\"https:\/\/mijn-lo.nl\/wp-content\/uploads\/2024\/02\/nachtwacht2-529x434-1.webp\" class=\"attachment-large size-large wp-image-4871\" alt=\"\" srcset=\"https:\/\/mijn-lo.nl\/wp-content\/uploads\/2024\/02\/nachtwacht2-529x434-1.webp 529w, https:\/\/mijn-lo.nl\/wp-content\/uploads\/2024\/02\/nachtwacht2-529x434-1-300x246.webp 300w, https:\/\/mijn-lo.nl\/wp-content\/uploads\/2024\/02\/nachtwacht2-529x434-1-15x12.webp 15w, https:\/\/mijn-lo.nl\/wp-content\/uploads\/2024\/02\/nachtwacht2-529x434-1-24x20.webp 24w, https:\/\/mijn-lo.nl\/wp-content\/uploads\/2024\/02\/nachtwacht2-529x434-1-36x30.webp 36w, https:\/\/mijn-lo.nl\/wp-content\/uploads\/2024\/02\/nachtwacht2-529x434-1-48x39.webp 48w\" sizes=\"(max-width: 529px) 100vw, 529px\" \/>\t\t\t\t\t\t\t\t\t\t\t\t\t\t\t<\/div>\n\t\t\t\t<\/div>\n\t\t\t\t<div class=\"elementor-element elementor-element-d2fdbf6 elementor-widget elementor-widget-text-editor\" data-id=\"d2fdbf6\" data-element_type=\"widget\" data-widget_type=\"text-editor.default\">\n\t\t\t\t<div class=\"elementor-widget-container\">\n\t\t\t\t\t\t\t\t\t<p style=\"text-align: center;\">\u00c9jszakai \u0151rs\u00e9g (Rembrandt)<\/p>\t\t\t\t\t\t\t\t<\/div>\n\t\t\t\t<\/div>\n\t\t\t\t\t<\/div>\n\t\t<\/div>\n\t\t\t\t\t<\/div>\n\t\t<\/section>\n\t\t\t\t<section class=\"elementor-section elementor-top-section elementor-element elementor-element-0fbf82c elementor-section-boxed elementor-section-height-default elementor-section-height-default\" data-id=\"0fbf82c\" data-element_type=\"section\">\n\t\t\t\t\t\t<div class=\"elementor-container elementor-column-gap-default\">\n\t\t\t\t\t<div class=\"elementor-column elementor-col-100 elementor-top-column elementor-element elementor-element-da48bf1\" data-id=\"da48bf1\" data-element_type=\"column\">\n\t\t\t<div class=\"elementor-widget-wrap elementor-element-populated\">\n\t\t\t\t\t\t<div class=\"elementor-element elementor-element-7fa867a elementor-widget elementor-widget-video\" data-id=\"7fa867a\" data-element_type=\"widget\" data-settings=\"{&quot;youtube_url&quot;:&quot;https:\\\/\\\/youtu.be\\\/ewCs5CF5HEg&quot;,&quot;video_type&quot;:&quot;youtube&quot;,&quot;controls&quot;:&quot;yes&quot;}\" data-widget_type=\"video.default\">\n\t\t\t\t<div class=\"elementor-widget-container\">\n\t\t\t\t\t\t\t<div class=\"elementor-wrapper elementor-open-inline\">\n\t\t\t<div class=\"elementor-video\"><\/div>\t\t<\/div>\n\t\t\t\t\t\t<\/div>\n\t\t\t\t<\/div>\n\t\t\t\t\t<\/div>\n\t\t<\/div>\n\t\t\t\t\t<\/div>\n\t\t<\/section>\n\t\t\t\t<section class=\"elementor-section elementor-top-section elementor-element elementor-element-21c66c4 elementor-section-boxed elementor-section-height-default elementor-section-height-default\" data-id=\"21c66c4\" data-element_type=\"section\">\n\t\t\t\t\t\t<div class=\"elementor-container elementor-column-gap-default\">\n\t\t\t\t\t<div class=\"elementor-column elementor-col-50 elementor-top-column elementor-element elementor-element-60e1a44\" data-id=\"60e1a44\" data-element_type=\"column\">\n\t\t\t<div class=\"elementor-widget-wrap elementor-element-populated\">\n\t\t\t\t\t\t<div class=\"elementor-element elementor-element-f6c5e96 elementor-widget elementor-widget-image\" data-id=\"f6c5e96\" data-element_type=\"widget\" data-widget_type=\"image.default\">\n\t\t\t\t<div class=\"elementor-widget-container\">\n\t\t\t\t\t\t\t\t\t\t\t\t\t\t\t<img decoding=\"async\" width=\"780\" height=\"439\" src=\"https:\/\/mijn-lo.nl\/wp-content\/uploads\/2024\/02\/opkomst-textiel-780x439-1.webp\" class=\"attachment-large size-large wp-image-4872\" alt=\"\" srcset=\"https:\/\/mijn-lo.nl\/wp-content\/uploads\/2024\/02\/opkomst-textiel-780x439-1.webp 780w, https:\/\/mijn-lo.nl\/wp-content\/uploads\/2024\/02\/opkomst-textiel-780x439-1-300x169.webp 300w, https:\/\/mijn-lo.nl\/wp-content\/uploads\/2024\/02\/opkomst-textiel-780x439-1-768x432.webp 768w, https:\/\/mijn-lo.nl\/wp-content\/uploads\/2024\/02\/opkomst-textiel-780x439-1-18x10.webp 18w, https:\/\/mijn-lo.nl\/wp-content\/uploads\/2024\/02\/opkomst-textiel-780x439-1-24x14.webp 24w, https:\/\/mijn-lo.nl\/wp-content\/uploads\/2024\/02\/opkomst-textiel-780x439-1-36x20.webp 36w, https:\/\/mijn-lo.nl\/wp-content\/uploads\/2024\/02\/opkomst-textiel-780x439-1-48x27.webp 48w\" sizes=\"(max-width: 780px) 100vw, 780px\" \/>\t\t\t\t\t\t\t\t\t\t\t\t\t\t\t<\/div>\n\t\t\t\t<\/div>\n\t\t\t\t<div class=\"elementor-element elementor-element-04aff24 elementor-widget elementor-widget-text-editor\" data-id=\"04aff24\" data-element_type=\"widget\" data-widget_type=\"text-editor.default\">\n\t\t\t\t<div class=\"elementor-widget-container\">\n\t\t\t\t\t\t\t\t\t<p style=\"text-align: center;\">Ipar\u00e1gak j\u00f6nnek l\u00e9tre... az emberek elk\u00f6lt\u00f6znek a vid\u00e9kr\u0151l...<\/p>\t\t\t\t\t\t\t\t<\/div>\n\t\t\t\t<\/div>\n\t\t\t\t\t<\/div>\n\t\t<\/div>\n\t\t\t\t<div class=\"elementor-column elementor-col-50 elementor-top-column elementor-element elementor-element-e531f2e\" data-id=\"e531f2e\" data-element_type=\"column\">\n\t\t\t<div class=\"elementor-widget-wrap elementor-element-populated\">\n\t\t\t\t\t\t<div class=\"elementor-element elementor-element-cb7b0bb elementor-widget elementor-widget-text-editor\" data-id=\"cb7b0bb\" data-element_type=\"widget\" data-widget_type=\"text-editor.default\">\n\t\t\t\t<div class=\"elementor-widget-container\">\n\t\t\t\t\t\t\t\t\t<h3 class=\"mbr-section-title mbr-fonts-style mb-3 display-5\"><strong>1700-1900 k\u00f6z\u00f6tti id\u0151szak<\/strong><\/h3><div><strong>\u00a0<\/strong><\/div><p class=\"mbr-text mbr-fonts-style display-7\">A 18. sz\u00e1zadban a Holland K\u00f6zt\u00e1rsas\u00e1g a gazdas\u00e1gi n\u00f6veked\u00e9s \u00e9s a j\u00f3l\u00e9t id\u0151szak\u00e1t \u00e9lte \u00e1t, amelyet vir\u00e1gz\u00f3 kereskedelme \u00e9s tengeri ipara t\u00e1pl\u00e1lt. Ezt az id\u0151szakot azonban belpolitikai vit\u00e1k \u00e9s felkel\u00e9sek is jellemezt\u00e9k, bele\u00e9rtve az 1780-as \u00e9vek v\u00e9gi hazafias forradalmat.<br \/><br \/>Hollandia 1814-ben fogadta el az alkotm\u00e1nyt, egy olyan alapt\u00f6rv\u00e9nyt, amely le\u00edrja azokat az elveket, amelyeket egy orsz\u00e1gnak be kell tartania. Az alkotm\u00e1nyban tal\u00e1lunk p\u00e9ld\u00e1ul olyan cikkelyeket, amelyek le\u00edrj\u00e1k, hogy:<br \/>- mindenki egyenl\u0151<br \/>- vall\u00e1sszabads\u00e1g van<br \/>Az alkotm\u00e1nyt k\u00e9s\u0151bb megv\u00e1ltoztatt\u00e1k: a kir\u00e1lyt megfosztott\u00e1k minden hatalm\u00e1t\u00f3l, \u00e9s Hollandia val\u00f3di demokr\u00e1ci\u00e1v\u00e1 v\u00e1lt.<br \/><br \/>Jelent\u0151s v\u00e1ltoz\u00e1sok k\u00fcl\u00f6n\u00f6sen az 1850 ut\u00e1ni id\u0151szakban figyelhet\u0151k meg. Ipar\u00e1gak j\u00f6nnek l\u00e9tre, a textilipar \u00e9s sok ember k\u00f6lt\u00f6zik vid\u00e9kr\u0151l a gy\u00e1rakba. Nagy volt a szeg\u00e9nys\u00e9g.<\/p>\t\t\t\t\t\t\t\t<\/div>\n\t\t\t\t<\/div>\n\t\t\t\t\t<\/div>\n\t\t<\/div>\n\t\t\t\t\t<\/div>\n\t\t<\/section>\n\t\t\t\t<section class=\"elementor-section elementor-top-section elementor-element elementor-element-311e16a elementor-reverse-tablet elementor-reverse-mobile elementor-section-boxed elementor-section-height-default elementor-section-height-default\" data-id=\"311e16a\" data-element_type=\"section\">\n\t\t\t\t\t\t<div class=\"elementor-container elementor-column-gap-default\">\n\t\t\t\t\t<div class=\"elementor-column elementor-col-50 elementor-top-column elementor-element elementor-element-092da81\" data-id=\"092da81\" data-element_type=\"column\">\n\t\t\t<div class=\"elementor-widget-wrap elementor-element-populated\">\n\t\t\t\t\t\t<div class=\"elementor-element elementor-element-7789889 elementor-widget elementor-widget-text-editor\" data-id=\"7789889\" data-element_type=\"widget\" data-widget_type=\"text-editor.default\">\n\t\t\t\t<div class=\"elementor-widget-container\">\n\t\t\t\t\t\t\t\t\t<h3 class=\"mbr-section-title mbr-fonts-style mb-0 display-2\"><strong>1900 ut\u00e1n<\/strong><\/h3><p class=\"mbr-section-title mbr-fonts-style mb-3 display-5\">A demokr\u00e1cia befoly\u00e1sa egyre nyilv\u00e1nval\u00f3bb\u00e1 v\u00e1lik. Lesznek t\u00f6rv\u00e9nyek a munkav\u00e1llal\u00f3k v\u00e9delm\u00e9re.<\/p><p><strong>I. vil\u00e1gh\u00e1bor\u00fa<br \/><\/strong>1914-ben kit\u00f6r az els\u0151 vil\u00e1gh\u00e1bor\u00fa. N\u00e9metorsz\u00e1g sz\u00e1mos eur\u00f3pai orsz\u00e1got megt\u00e1mad. Hollandia p\u00e1rtatlan marad. Belgiumban sok \u00e1ldozatot k\u00f6vetel a h\u00e1bor\u00fa.<\/p><p><strong>V\u00e1ls\u00e1g<br \/><\/strong><\/p><p class=\"mbr-section-title mbr-fonts-style mb-3 display-5\">1930 k\u00f6r\u00fcl az eg\u00e9sz vil\u00e1gon nagyon rosszul ment a gazdas\u00e1g. A gy\u00e1rakat be kellett z\u00e1rni, \u00e9s sokan az utc\u00e1ra vonultak. Ez a nagy szeg\u00e9nys\u00e9g \u00e9s a rossz k\u00f6r\u00fclm\u00e9nyek id\u0151szaka.<\/p>\t\t\t\t\t\t\t\t<\/div>\n\t\t\t\t<\/div>\n\t\t\t\t\t<\/div>\n\t\t<\/div>\n\t\t\t\t<div class=\"elementor-column elementor-col-50 elementor-top-column elementor-element elementor-element-b6b32b9\" data-id=\"b6b32b9\" data-element_type=\"column\">\n\t\t\t<div class=\"elementor-widget-wrap elementor-element-populated\">\n\t\t\t\t\t\t<div class=\"elementor-element elementor-element-2e5276e elementor-widget elementor-widget-video\" data-id=\"2e5276e\" data-element_type=\"widget\" data-settings=\"{&quot;video_type&quot;:&quot;vimeo&quot;}\" data-widget_type=\"video.default\">\n\t\t\t\t<div class=\"elementor-widget-container\">\n\t\t\t\t\t\t\t<div class=\"elementor-wrapper elementor-open-inline\">\n\t\t\t<iframe class=\"elementor-video-iframe\" allowfullscreen allow=\"clipboard-write\" title=\"vimeo Vide\u00f3lej\u00e1tsz\u00f3\" src=\"https:\/\/player.vimeo.com\/video\/816834642?color&amp;autopause=0&amp;loop=0&amp;muted=0&amp;title=1&amp;portrait=1&amp;byline=1#t=\"><\/iframe>\t\t<\/div>\n\t\t\t\t\t\t<\/div>\n\t\t\t\t<\/div>\n\t\t\t\t<div class=\"elementor-element elementor-element-0ddf208 elementor-widget elementor-widget-text-editor\" data-id=\"0ddf208\" data-element_type=\"widget\" data-widget_type=\"text-editor.default\">\n\t\t\t\t<div class=\"elementor-widget-container\">\n\t\t\t\t\t\t\t\t\t<p style=\"text-align: center;\">Szeg\u00e9nys\u00e9g 1850 - 1930\u00a0<\/p>\t\t\t\t\t\t\t\t<\/div>\n\t\t\t\t<\/div>\n\t\t\t\t\t<\/div>\n\t\t<\/div>\n\t\t\t\t\t<\/div>\n\t\t<\/section>\n\t\t\t\t<section class=\"elementor-section elementor-top-section elementor-element elementor-element-2edcca1 elementor-section-boxed elementor-section-height-default elementor-section-height-default\" data-id=\"2edcca1\" data-element_type=\"section\">\n\t\t\t\t\t\t<div class=\"elementor-container elementor-column-gap-default\">\n\t\t\t\t\t<div class=\"elementor-column elementor-col-100 elementor-top-column elementor-element elementor-element-75349f87\" data-id=\"75349f87\" data-element_type=\"column\">\n\t\t\t<div class=\"elementor-widget-wrap elementor-element-populated\">\n\t\t\t\t\t\t<div class=\"elementor-element elementor-element-2d2d0e50 elementor-align-center elementor-widget elementor-widget-button\" data-id=\"2d2d0e50\" data-element_type=\"widget\" data-widget_type=\"button.default\">\n\t\t\t\t<div class=\"elementor-widget-container\">\n\t\t\t\t\t\t\t\t\t<div class=\"elementor-button-wrapper\">\n\t\t\t\t\t<a class=\"elementor-button elementor-button-link elementor-size-sm\" href=\"https:\/\/mijn-lo.nl\/hu\/history\/world-war-2\/\">\n\t\t\t\t\t\t<span class=\"elementor-button-content-wrapper\">\n\t\t\t\t\t\t\t\t\t<span class=\"elementor-button-text\">folytat\u00e1s<\/span>\n\t\t\t\t\t<\/span>\n\t\t\t\t\t<\/a>\n\t\t\t\t<\/div>\n\t\t\t\t\t\t\t\t<\/div>\n\t\t\t\t<\/div>\n\t\t\t\t\t<\/div>\n\t\t<\/div>\n\t\t\t\t\t<\/div>\n\t\t<\/section>\n\t\t\t\t<\/div>","protected":false},"excerpt":{"rendered":"<p>Golden age The periodThe period from 1600 to 1700 is called the golden age. The Netherlands is doing very well. This was mainly due to trade in the colonies. The organization that regulated this trade was called VOC. T VOC1602 &#8211; Formation of the Dutch East India Company (VOC): The VOC was established as the [&hellip;]<\/p>\n","protected":false},"author":1,"featured_media":0,"parent":3258,"menu_order":2,"comment_status":"closed","ping_status":"closed","template":"elementor_canvas","meta":{"site-sidebar-layout":"no-sidebar","site-content-layout":"page-builder","ast-site-content-layout":"full-width-container","site-content-style":"default","site-sidebar-style":"default","ast-global-header-display":"","ast-banner-title-visibility":"","ast-main-header-display":"","ast-hfb-above-header-display":"","ast-hfb-below-header-display":"","ast-hfb-mobile-header-display":"","site-post-title":"disabled","ast-breadcrumbs-content":"","ast-featured-img":"disabled","footer-sml-layout":"","theme-transparent-header-meta":"","adv-header-id-meta":"","stick-header-meta":"","header-above-stick-meta":"","header-main-stick-meta":"","header-below-stick-meta":"","astra-migrate-meta-layouts":"set","ast-page-background-enabled":"default","ast-page-background-meta":{"desktop":{"background-color":"var(--ast-global-color-4)","background-image":"","background-repeat":"repeat","background-position":"center center","background-size":"auto","background-attachment":"scroll","background-type":"","background-media":"","overlay-type":"","overlay-color":"","overlay-opacity":"","overlay-gradient":""},"tablet":{"background-color":"","background-image":"","background-repeat":"repeat","background-position":"center center","background-size":"auto","background-attachment":"scroll","background-type":"","background-media":"","overlay-type":"","overlay-color":"","overlay-opacity":"","overlay-gradient":""},"mobile":{"background-color":"","background-image":"","background-repeat":"repeat","background-position":"center center","background-size":"auto","background-attachment":"scroll","background-type":"","background-media":"","overlay-type":"","overlay-color":"","overlay-opacity":"","overlay-gradient":""}},"ast-content-background-meta":{"desktop":{"background-color":"var(--ast-global-color-5)","background-image":"","background-repeat":"repeat","background-position":"center center","background-size":"auto","background-attachment":"scroll","background-type":"","background-media":"","overlay-type":"","overlay-color":"","overlay-opacity":"","overlay-gradient":""},"tablet":{"background-color":"var(--ast-global-color-5)","background-image":"","background-repeat":"repeat","background-position":"center center","background-size":"auto","background-attachment":"scroll","background-type":"","background-media":"","overlay-type":"","overlay-color":"","overlay-opacity":"","overlay-gradient":""},"mobile":{"background-color":"var(--ast-global-color-5)","background-image":"","background-repeat":"repeat","background-position":"center center","background-size":"auto","background-attachment":"scroll","background-type":"","background-media":"","overlay-type":"","overlay-color":"","overlay-opacity":"","overlay-gradient":""}},"footnotes":""},"class_list":["post-4920","page","type-page","status-publish","hentry"],"_links":{"self":[{"href":"https:\/\/mijn-lo.nl\/hu\/wp-json\/wp\/v2\/pages\/4920","targetHints":{"allow":["GET"]}}],"collection":[{"href":"https:\/\/mijn-lo.nl\/hu\/wp-json\/wp\/v2\/pages"}],"about":[{"href":"https:\/\/mijn-lo.nl\/hu\/wp-json\/wp\/v2\/types\/page"}],"author":[{"embeddable":true,"href":"https:\/\/mijn-lo.nl\/hu\/wp-json\/wp\/v2\/users\/1"}],"replies":[{"embeddable":true,"href":"https:\/\/mijn-lo.nl\/hu\/wp-json\/wp\/v2\/comments?post=4920"}],"version-history":[{"count":10,"href":"https:\/\/mijn-lo.nl\/hu\/wp-json\/wp\/v2\/pages\/4920\/revisions"}],"predecessor-version":[{"id":6352,"href":"https:\/\/mijn-lo.nl\/hu\/wp-json\/wp\/v2\/pages\/4920\/revisions\/6352"}],"up":[{"embeddable":true,"href":"https:\/\/mijn-lo.nl\/hu\/wp-json\/wp\/v2\/pages\/3258"}],"wp:attachment":[{"href":"https:\/\/mijn-lo.nl\/hu\/wp-json\/wp\/v2\/media?parent=4920"}],"curies":[{"name":"wp","href":"https:\/\/api.w.org\/{rel}","templated":true}]}}