{"id":5357,"date":"2024-02-13T14:26:11","date_gmt":"2024-02-13T14:26:11","guid":{"rendered":"http:\/\/mijn-lo.nl\/?page_id=5357"},"modified":"2025-08-19T17:38:00","modified_gmt":"2025-08-19T17:38:00","slug":"contract-and-cao","status":"publish","type":"page","link":"https:\/\/mijn-lo.nl\/hu\/work\/contract-and-cao\/","title":{"rendered":"Szerz\u0151d\u00e9s \u00e9s CAO"},"content":{"rendered":"<div data-elementor-type=\"wp-page\" data-elementor-id=\"5357\" class=\"elementor elementor-5357\" data-elementor-post-type=\"page\">\n\t\t\t\t\t\t<section class=\"elementor-section elementor-top-section elementor-element elementor-element-853250f elementor-reverse-tablet elementor-reverse-mobile elementor-section-boxed elementor-section-height-default elementor-section-height-default\" data-id=\"853250f\" data-element_type=\"section\">\n\t\t\t\t\t\t<div class=\"elementor-container elementor-column-gap-default\">\n\t\t\t\t\t<div class=\"elementor-column elementor-col-50 elementor-top-column elementor-element elementor-element-8db01a1\" data-id=\"8db01a1\" data-element_type=\"column\">\n\t\t\t<div class=\"elementor-widget-wrap elementor-element-populated\">\n\t\t\t\t\t\t<div class=\"elementor-element elementor-element-eb35863 elementor-widget elementor-widget-text-editor\" data-id=\"eb35863\" data-element_type=\"widget\" data-widget_type=\"text-editor.default\">\n\t\t\t\t<div class=\"elementor-widget-container\">\n\t\t\t\t\t\t\t\t\t<h3 class=\"mbr-section-title mbr-fonts-style mb-3 display-5\"><strong>Szerz\u0151d\u00e9s \u00e9s CAO<\/strong><\/h3><p class=\"mbr-text mbr-fonts-style display-7\"><strong>Szerz\u0151d\u00e9s<br \/><\/strong>Ha tal\u00e1lt munk\u00e1t, szerz\u0151d\u00e9st kap. Ez tartalmazza a foglalkoztat\u00e1si felt\u00e9teleket (= a munk\u00e1val kapcsolatos meg\u00e1llapod\u00e1sokat). Heti h\u00e1ny \u00f3r\u00e1t dolgozol, mennyi a fizet\u00e9sed, van-e pr\u00f3baid\u0151d, mennyi szabads\u00e1got kapsz, \u00e9s mikor kezdesz dolgozni. Pr\u00f3baid\u0151 = a munka kipr\u00f3b\u00e1l\u00e1sa. Ezut\u00e1n minden nap felmondhatsz (le\u00e1ll\u00edthatod magad) vagy kir\u00fagnak (le kell \u00e1llnod).<br \/><br \/><strong>CAO<\/strong><br \/>A CAO egy olyan meg\u00e1llapod\u00e1s, amely nagy csoportokra vonatkozik.<br \/>A kollekt\u00edv munkaszerz\u0151d\u00e9s tartalmazza az \u00f6sszes munk\u00e1ltat\u00f3 \u00e9s munkav\u00e1llal\u00f3 k\u00f6z\u00f6tti meg\u00e1llapod\u00e1sokat egy \u00e1gazatra vonatkoz\u00f3an. Vannak jogaid (mit kapsz a f\u0151n\u00f6kt\u0151l) \u00e9s k\u00f6teless\u00e9geid (mit kell tenned a munk\u00e1d\u00e9rt).<\/p>\t\t\t\t\t\t\t\t<\/div>\n\t\t\t\t<\/div>\n\t\t\t\t\t<\/div>\n\t\t<\/div>\n\t\t\t\t<div class=\"elementor-column elementor-col-50 elementor-top-column elementor-element elementor-element-f947750\" data-id=\"f947750\" data-element_type=\"column\">\n\t\t\t<div class=\"elementor-widget-wrap elementor-element-populated\">\n\t\t\t\t\t\t<div class=\"elementor-element elementor-element-7bba9c0 elementor-widget elementor-widget-image\" data-id=\"7bba9c0\" data-element_type=\"widget\" data-widget_type=\"image.default\">\n\t\t\t\t<div class=\"elementor-widget-container\">\n\t\t\t\t\t\t\t\t\t\t\t\t\t\t\t<img fetchpriority=\"high\" decoding=\"async\" width=\"750\" height=\"457\" src=\"https:\/\/mijn-lo.nl\/wp-content\/uploads\/2024\/02\/contract5-750x457-1-1.webp\" class=\"attachment-large size-large wp-image-5328\" alt=\"\" srcset=\"https:\/\/mijn-lo.nl\/wp-content\/uploads\/2024\/02\/contract5-750x457-1-1.webp 750w, https:\/\/mijn-lo.nl\/wp-content\/uploads\/2024\/02\/contract5-750x457-1-1-300x183.webp 300w, https:\/\/mijn-lo.nl\/wp-content\/uploads\/2024\/02\/contract5-750x457-1-1-18x12.webp 18w, https:\/\/mijn-lo.nl\/wp-content\/uploads\/2024\/02\/contract5-750x457-1-1-24x15.webp 24w, https:\/\/mijn-lo.nl\/wp-content\/uploads\/2024\/02\/contract5-750x457-1-1-36x22.webp 36w, https:\/\/mijn-lo.nl\/wp-content\/uploads\/2024\/02\/contract5-750x457-1-1-48x29.webp 48w\" sizes=\"(max-width: 750px) 100vw, 750px\" \/>\t\t\t\t\t\t\t\t\t\t\t\t\t\t\t<\/div>\n\t\t\t\t<\/div>\n\t\t\t\t\t<\/div>\n\t\t<\/div>\n\t\t\t\t\t<\/div>\n\t\t<\/section>\n\t\t\t\t<section class=\"elementor-section elementor-top-section elementor-element elementor-element-fab18fa elementor-section-boxed elementor-section-height-default elementor-section-height-default\" data-id=\"fab18fa\" data-element_type=\"section\">\n\t\t\t\t\t\t<div class=\"elementor-container elementor-column-gap-default\">\n\t\t\t\t\t<div class=\"elementor-column elementor-col-50 elementor-top-column elementor-element elementor-element-443cf3b\" data-id=\"443cf3b\" data-element_type=\"column\">\n\t\t\t<div class=\"elementor-widget-wrap elementor-element-populated\">\n\t\t\t\t\t\t<div class=\"elementor-element elementor-element-69d2c7a elementor-widget elementor-widget-image\" data-id=\"69d2c7a\" data-element_type=\"widget\" data-widget_type=\"image.default\">\n\t\t\t\t<div class=\"elementor-widget-container\">\n\t\t\t\t\t\t\t\t\t\t\t\t\t\t\t<img decoding=\"async\" width=\"632\" height=\"1000\" src=\"https:\/\/mijn-lo.nl\/wp-content\/uploads\/2024\/02\/bonden-632x1000-1.webp\" class=\"attachment-large size-large wp-image-5343\" alt=\"\" srcset=\"https:\/\/mijn-lo.nl\/wp-content\/uploads\/2024\/02\/bonden-632x1000-1.webp 632w, https:\/\/mijn-lo.nl\/wp-content\/uploads\/2024\/02\/bonden-632x1000-1-190x300.webp 190w, https:\/\/mijn-lo.nl\/wp-content\/uploads\/2024\/02\/bonden-632x1000-1-8x12.webp 8w, https:\/\/mijn-lo.nl\/wp-content\/uploads\/2024\/02\/bonden-632x1000-1-15x24.webp 15w, https:\/\/mijn-lo.nl\/wp-content\/uploads\/2024\/02\/bonden-632x1000-1-23x36.webp 23w, https:\/\/mijn-lo.nl\/wp-content\/uploads\/2024\/02\/bonden-632x1000-1-30x48.webp 30w\" sizes=\"(max-width: 632px) 100vw, 632px\" \/>\t\t\t\t\t\t\t\t\t\t\t\t\t\t\t<\/div>\n\t\t\t\t<\/div>\n\t\t\t\t<div class=\"elementor-element elementor-element-0ea2c44 elementor-widget elementor-widget-text-editor\" data-id=\"0ea2c44\" data-element_type=\"widget\" data-widget_type=\"text-editor.default\">\n\t\t\t\t<div class=\"elementor-widget-container\">\n\t\t\t\t\t\t\t\t\t<p style=\"text-align: center;\">Szakszervezetek<\/p>\t\t\t\t\t\t\t\t<\/div>\n\t\t\t\t<\/div>\n\t\t\t\t\t<\/div>\n\t\t<\/div>\n\t\t\t\t<div class=\"elementor-column elementor-col-50 elementor-top-column elementor-element elementor-element-54b5fe6\" data-id=\"54b5fe6\" data-element_type=\"column\">\n\t\t\t<div class=\"elementor-widget-wrap elementor-element-populated\">\n\t\t\t\t\t\t<div class=\"elementor-element elementor-element-904c4f9 elementor-widget elementor-widget-text-editor\" data-id=\"904c4f9\" data-element_type=\"widget\" data-widget_type=\"text-editor.default\">\n\t\t\t\t<div class=\"elementor-widget-container\">\n\t\t\t\t\t\t\t\t\t<h3 class=\"mbr-section-title mbr-fonts-style mb-3 display-5\"><strong>A szakszervezetek Hollandi\u00e1ban<\/strong><\/h3><p class=\"mbr-text mbr-fonts-style display-7\">Hollandi\u00e1nak t\u00f6bb fontos szakszervezete is van, de h\u00e1rom jelent\u0151s szerepl\u0151 kiemelkedik k\u00f6z\u00fcl\u00fck:<br \/><br \/><strong>1. Holland Szakszervezetek Sz\u00f6vets\u00e9ge (FNV):<\/strong><br \/>Ez a legnagyobb, tipikusan szoci\u00e1ldemokrata ir\u00e1nyults\u00e1g\u00fa szakszervezet. Ez a szakszervezet sz\u00e1mos \u00e1gazatra \u00f6sszpontos\u00edt, t\u00f6bbek k\u00f6z\u00f6tt az eg\u00e9szs\u00e9g\u00fcgyre, az oktat\u00e1sra, a k\u00f6zleked\u00e9sre \u00e9s a korm\u00e1nyzati szektorra.\u00a0<br \/><br \/><br \/><strong>2. Kereszt\u00e9ny Nemzeti Szakszervezeti Sz\u00f6vets\u00e9g (CNV):<\/strong><br \/>Ez az uni\u00f3 \"kereszt\u00e9nydemokrata\" ir\u00e1nyults\u00e1g\u00fanak mondhat\u00f3.\u00a0<br \/>A f\u00f3kusz hasonl\u00edt az FNV-hez.\u00a0<br \/><br \/><strong>3. Egy\u00e9b szakszervezetek<br \/><\/strong>T\u00f6bb olyan szakszervezet van, mint a<br \/>a. Szakmai Szakszervezeti Sz\u00f6vets\u00e9g (VCP):<br \/>b. De Unie: A t\u00f6megk\u00f6zleked\u00e9si dolgoz\u00f3kat k\u00e9pviseli, \u00e9s er\u0151s jelenl\u00e9ttel rendelkezik a nagyobb v\u00e1rosokban.<\/p>\t\t\t\t\t\t\t\t<\/div>\n\t\t\t\t<\/div>\n\t\t\t\t\t<\/div>\n\t\t<\/div>\n\t\t\t\t\t<\/div>\n\t\t<\/section>\n\t\t\t\t<section class=\"elementor-section elementor-top-section elementor-element elementor-element-e0933fa elementor-reverse-tablet elementor-reverse-mobile elementor-section-boxed elementor-section-height-default elementor-section-height-default\" data-id=\"e0933fa\" data-element_type=\"section\">\n\t\t\t\t\t\t<div class=\"elementor-container elementor-column-gap-default\">\n\t\t\t\t\t<div class=\"elementor-column elementor-col-50 elementor-top-column elementor-element elementor-element-af72979\" data-id=\"af72979\" data-element_type=\"column\">\n\t\t\t<div class=\"elementor-widget-wrap elementor-element-populated\">\n\t\t\t\t\t\t<div class=\"elementor-element elementor-element-1d1d26a elementor-widget elementor-widget-text-editor\" data-id=\"1d1d26a\" data-element_type=\"widget\" data-widget_type=\"text-editor.default\">\n\t\t\t\t<div class=\"elementor-widget-container\">\n\t\t\t\t\t\t\t\t\t<h3 class=\"mbr-section-title mbr-fonts-style mb-3 display-5\"><strong>A szakszervezetek taks\u00e1i<\/strong><\/h3><p class=\"mbr-text mbr-fonts-style display-7\"><strong>A szakszervezetek \u00e1ltal\u00e1nos feladatai:<br \/><\/strong>T\u00e1rgyal\u00e1sokat folytatnak a kollekt\u00edv szerz\u0151d\u00e9sekr\u0151l (CAO). Ez azt jelenti, hogy olyan t\u00e9m\u00e1kr\u00f3l t\u00e1rgyalnak, mint a jobb fizet\u00e9s \u00e9s a kevesebb munkaid\u0151.<br \/>Emellett jogi seg\u00edts\u00e9get ny\u00fajtanak, jobb munkak\u00f6r\u00fclm\u00e9nyek\u00e9rt \u00e9s b\u00e9rek\u00e9rt kamp\u00e1nyolnak, \u00e9s el\u0151mozd\u00edtj\u00e1k a munkav\u00e1llal\u00f3k jogait. V\u00e9g\u00fcl pedig oktat\u00e1ssal \u00e9s k\u00e9pz\u00e9ssel is foglalkoznak: a tagok sz\u00e1m\u00e1ra a munk\u00e1val kapcsolatos k\u00fcl\u00f6nb\u00f6z\u0151 t\u00e9m\u00e1kban k\u00edn\u00e1lnak k\u00e9pz\u00e9seket \u00e9s oktat\u00e1si programokat.<\/p>\t\t\t\t\t\t\t\t<\/div>\n\t\t\t\t<\/div>\n\t\t\t\t\t<\/div>\n\t\t<\/div>\n\t\t\t\t<div class=\"elementor-column elementor-col-50 elementor-top-column elementor-element elementor-element-609bd5a\" data-id=\"609bd5a\" data-element_type=\"column\">\n\t\t\t<div class=\"elementor-widget-wrap elementor-element-populated\">\n\t\t\t\t\t\t<div class=\"elementor-element elementor-element-d508d55 elementor-widget elementor-widget-image\" data-id=\"d508d55\" data-element_type=\"widget\" data-widget_type=\"image.default\">\n\t\t\t\t<div class=\"elementor-widget-container\">\n\t\t\t\t\t\t\t\t\t\t\t\t\t\t\t<img decoding=\"async\" width=\"800\" height=\"507\" src=\"https:\/\/mijn-lo.nl\/wp-content\/uploads\/2024\/02\/onderhandelen-800x507-1.webp\" class=\"attachment-large size-large wp-image-5344\" alt=\"\" srcset=\"https:\/\/mijn-lo.nl\/wp-content\/uploads\/2024\/02\/onderhandelen-800x507-1.webp 800w, https:\/\/mijn-lo.nl\/wp-content\/uploads\/2024\/02\/onderhandelen-800x507-1-300x190.webp 300w, https:\/\/mijn-lo.nl\/wp-content\/uploads\/2024\/02\/onderhandelen-800x507-1-768x487.webp 768w, https:\/\/mijn-lo.nl\/wp-content\/uploads\/2024\/02\/onderhandelen-800x507-1-18x12.webp 18w, https:\/\/mijn-lo.nl\/wp-content\/uploads\/2024\/02\/onderhandelen-800x507-1-24x15.webp 24w, https:\/\/mijn-lo.nl\/wp-content\/uploads\/2024\/02\/onderhandelen-800x507-1-36x23.webp 36w, https:\/\/mijn-lo.nl\/wp-content\/uploads\/2024\/02\/onderhandelen-800x507-1-48x30.webp 48w\" sizes=\"(max-width: 800px) 100vw, 800px\" \/>\t\t\t\t\t\t\t\t\t\t\t\t\t\t\t<\/div>\n\t\t\t\t<\/div>\n\t\t\t\t<div class=\"elementor-element elementor-element-d2d76f3 elementor-widget elementor-widget-text-editor\" data-id=\"d2d76f3\" data-element_type=\"widget\" data-widget_type=\"text-editor.default\">\n\t\t\t\t<div class=\"elementor-widget-container\">\n\t\t\t\t\t\t\t\t\t<p style=\"text-align: center;\">T\u00e1rgyalni<\/p>\t\t\t\t\t\t\t\t<\/div>\n\t\t\t\t<\/div>\n\t\t\t\t\t<\/div>\n\t\t<\/div>\n\t\t\t\t\t<\/div>\n\t\t<\/section>\n\t\t\t\t<section class=\"elementor-section elementor-top-section elementor-element elementor-element-2edcca1 elementor-section-boxed elementor-section-height-default elementor-section-height-default\" data-id=\"2edcca1\" data-element_type=\"section\">\n\t\t\t\t\t\t<div class=\"elementor-container elementor-column-gap-default\">\n\t\t\t\t\t<div class=\"elementor-column elementor-col-100 elementor-top-column elementor-element elementor-element-75349f87\" data-id=\"75349f87\" data-element_type=\"column\">\n\t\t\t<div class=\"elementor-widget-wrap elementor-element-populated\">\n\t\t\t\t\t\t<div class=\"elementor-element elementor-element-2d2d0e50 elementor-align-center elementor-widget elementor-widget-button\" data-id=\"2d2d0e50\" data-element_type=\"widget\" data-widget_type=\"button.default\">\n\t\t\t\t<div class=\"elementor-widget-container\">\n\t\t\t\t\t\t\t\t\t<div class=\"elementor-button-wrapper\">\n\t\t\t\t\t<a class=\"elementor-button elementor-button-link elementor-size-sm\" href=\"https:\/\/mijn-lo.nl\/hu\/work\/certificates-and-skills\/\">\n\t\t\t\t\t\t<span class=\"elementor-button-content-wrapper\">\n\t\t\t\t\t\t\t\t\t<span class=\"elementor-button-text\">folytat\u00e1s<\/span>\n\t\t\t\t\t<\/span>\n\t\t\t\t\t<\/a>\n\t\t\t\t<\/div>\n\t\t\t\t\t\t\t\t<\/div>\n\t\t\t\t<\/div>\n\t\t\t\t\t<\/div>\n\t\t<\/div>\n\t\t\t\t\t<\/div>\n\t\t<\/section>\n\t\t\t\t<\/div>","protected":false},"excerpt":{"rendered":"<p>Contract and CAO ContractIf you have found work, you will receive a contract. It contains employment conditions (= agreements about the work). How many hours a week you work, what your salary is, whether you have a probationary period, how much holiday you get, and when you start work. Probationary period = trying out the [&hellip;]<\/p>\n","protected":false},"author":1,"featured_media":0,"parent":3364,"menu_order":4,"comment_status":"closed","ping_status":"closed","template":"elementor_canvas","meta":{"site-sidebar-layout":"no-sidebar","site-content-layout":"page-builder","ast-site-content-layout":"full-width-container","site-content-style":"default","site-sidebar-style":"default","ast-global-header-display":"","ast-banner-title-visibility":"","ast-main-header-display":"","ast-hfb-above-header-display":"","ast-hfb-below-header-display":"","ast-hfb-mobile-header-display":"","site-post-title":"disabled","ast-breadcrumbs-content":"","ast-featured-img":"disabled","footer-sml-layout":"","theme-transparent-header-meta":"","adv-header-id-meta":"","stick-header-meta":"","header-above-stick-meta":"","header-main-stick-meta":"","header-below-stick-meta":"","astra-migrate-meta-layouts":"set","ast-page-background-enabled":"default","ast-page-background-meta":{"desktop":{"background-color":"var(--ast-global-color-4)","background-image":"","background-repeat":"repeat","background-position":"center center","background-size":"auto","background-attachment":"scroll","background-type":"","background-media":"","overlay-type":"","overlay-color":"","overlay-opacity":"","overlay-gradient":""},"tablet":{"background-color":"","background-image":"","background-repeat":"repeat","background-position":"center center","background-size":"auto","background-attachment":"scroll","background-type":"","background-media":"","overlay-type":"","overlay-color":"","overlay-opacity":"","overlay-gradient":""},"mobile":{"background-color":"","background-image":"","background-repeat":"repeat","background-position":"center center","background-size":"auto","background-attachment":"scroll","background-type":"","background-media":"","overlay-type":"","overlay-color":"","overlay-opacity":"","overlay-gradient":""}},"ast-content-background-meta":{"desktop":{"background-color":"var(--ast-global-color-5)","background-image":"","background-repeat":"repeat","background-position":"center center","background-size":"auto","background-attachment":"scroll","background-type":"","background-media":"","overlay-type":"","overlay-color":"","overlay-opacity":"","overlay-gradient":""},"tablet":{"background-color":"var(--ast-global-color-5)","background-image":"","background-repeat":"repeat","background-position":"center center","background-size":"auto","background-attachment":"scroll","background-type":"","background-media":"","overlay-type":"","overlay-color":"","overlay-opacity":"","overlay-gradient":""},"mobile":{"background-color":"var(--ast-global-color-5)","background-image":"","background-repeat":"repeat","background-position":"center center","background-size":"auto","background-attachment":"scroll","background-type":"","background-media":"","overlay-type":"","overlay-color":"","overlay-opacity":"","overlay-gradient":""}},"footnotes":""},"class_list":["post-5357","page","type-page","status-publish","hentry"],"_links":{"self":[{"href":"https:\/\/mijn-lo.nl\/hu\/wp-json\/wp\/v2\/pages\/5357","targetHints":{"allow":["GET"]}}],"collection":[{"href":"https:\/\/mijn-lo.nl\/hu\/wp-json\/wp\/v2\/pages"}],"about":[{"href":"https:\/\/mijn-lo.nl\/hu\/wp-json\/wp\/v2\/types\/page"}],"author":[{"embeddable":true,"href":"https:\/\/mijn-lo.nl\/hu\/wp-json\/wp\/v2\/users\/1"}],"replies":[{"embeddable":true,"href":"https:\/\/mijn-lo.nl\/hu\/wp-json\/wp\/v2\/comments?post=5357"}],"version-history":[{"count":19,"href":"https:\/\/mijn-lo.nl\/hu\/wp-json\/wp\/v2\/pages\/5357\/revisions"}],"predecessor-version":[{"id":6313,"href":"https:\/\/mijn-lo.nl\/hu\/wp-json\/wp\/v2\/pages\/5357\/revisions\/6313"}],"up":[{"embeddable":true,"href":"https:\/\/mijn-lo.nl\/hu\/wp-json\/wp\/v2\/pages\/3364"}],"wp:attachment":[{"href":"https:\/\/mijn-lo.nl\/hu\/wp-json\/wp\/v2\/media?parent=5357"}],"curies":[{"name":"wp","href":"https:\/\/api.w.org\/{rel}","templated":true}]}}