{"id":5361,"date":"2024-02-13T14:38:36","date_gmt":"2024-02-13T14:38:36","guid":{"rendered":"http:\/\/mijn-lo.nl\/?page_id=5361"},"modified":"2025-08-19T17:39:13","modified_gmt":"2025-08-19T17:39:13","slug":"salary-and-taxes","status":"publish","type":"page","link":"https:\/\/mijn-lo.nl\/hu\/work\/salary-and-taxes\/","title":{"rendered":"Fizet\u00e9s \u00e9s ad\u00f3k"},"content":{"rendered":"<div data-elementor-type=\"wp-page\" data-elementor-id=\"5361\" class=\"elementor elementor-5361\" data-elementor-post-type=\"page\">\n\t\t\t\t\t\t<section class=\"elementor-section elementor-top-section elementor-element elementor-element-44bcf34 elementor-section-boxed elementor-section-height-default elementor-section-height-default\" data-id=\"44bcf34\" data-element_type=\"section\">\n\t\t\t\t\t\t<div class=\"elementor-container elementor-column-gap-default\">\n\t\t\t\t\t<div class=\"elementor-column elementor-col-50 elementor-top-column elementor-element elementor-element-a440396\" data-id=\"a440396\" data-element_type=\"column\">\n\t\t\t<div class=\"elementor-widget-wrap elementor-element-populated\">\n\t\t\t\t\t\t<div class=\"elementor-element elementor-element-7d0bcb3 elementor-widget elementor-widget-image\" data-id=\"7d0bcb3\" data-element_type=\"widget\" data-widget_type=\"image.default\">\n\t\t\t\t<div class=\"elementor-widget-container\">\n\t\t\t\t\t\t\t\t\t\t\t\t\t\t\t<img fetchpriority=\"high\" decoding=\"async\" width=\"700\" height=\"447\" src=\"https:\/\/mijn-lo.nl\/wp-content\/uploads\/2024\/02\/taxes1-700x447-1.webp\" class=\"attachment-large size-large wp-image-5347\" alt=\"\" srcset=\"https:\/\/mijn-lo.nl\/wp-content\/uploads\/2024\/02\/taxes1-700x447-1.webp 700w, https:\/\/mijn-lo.nl\/wp-content\/uploads\/2024\/02\/taxes1-700x447-1-300x192.webp 300w, https:\/\/mijn-lo.nl\/wp-content\/uploads\/2024\/02\/taxes1-700x447-1-18x12.webp 18w, https:\/\/mijn-lo.nl\/wp-content\/uploads\/2024\/02\/taxes1-700x447-1-24x15.webp 24w, https:\/\/mijn-lo.nl\/wp-content\/uploads\/2024\/02\/taxes1-700x447-1-36x23.webp 36w, https:\/\/mijn-lo.nl\/wp-content\/uploads\/2024\/02\/taxes1-700x447-1-48x31.webp 48w\" sizes=\"(max-width: 700px) 100vw, 700px\" \/>\t\t\t\t\t\t\t\t\t\t\t\t\t\t\t<\/div>\n\t\t\t\t<\/div>\n\t\t\t\t\t<\/div>\n\t\t<\/div>\n\t\t\t\t<div class=\"elementor-column elementor-col-50 elementor-top-column elementor-element elementor-element-876cbcb\" data-id=\"876cbcb\" data-element_type=\"column\">\n\t\t\t<div class=\"elementor-widget-wrap elementor-element-populated\">\n\t\t\t\t\t\t<div class=\"elementor-element elementor-element-4f79eb6 elementor-widget elementor-widget-text-editor\" data-id=\"4f79eb6\" data-element_type=\"widget\" data-widget_type=\"text-editor.default\">\n\t\t\t\t<div class=\"elementor-widget-container\">\n\t\t\t\t\t\t\t\t\t<h3 class=\"mbr-section-title mbr-fonts-style mb-3 display-5\"><strong>Fizet\u00e9s \u00e9s ad\u00f3k<\/strong><\/h3><p class=\"mbr-text mbr-fonts-style display-7\">\u00c9vente egyszer kap egy \u00e9ves kimutat\u00e1st, amely tartalmazza az elm\u00falt \u00e9vi brutt\u00f3 \u00e9s nett\u00f3 fizet\u00e9s\u00e9t. Ezt a dokumentumot kell haszn\u00e1lnia a m\u00e1rcius 1-j\u00e9n beny\u00fajtand\u00f3 ad\u00f3bevall\u00e1s\u00e1hoz. N\u00e9ha p\u00e9nzt kap vissza.<br \/>A fizet\u00e9st a fizet\u00e9si bizonylaton t\u00fcnteti fel:<br \/><strong>Nett\u00f3 fizet\u00e9s<\/strong>\u00a0az az \u00f6sszeg, amelyet a banksz\u00e1ml\u00e1j\u00e1ra kap, ad\u00f3k n\u00e9lk\u00fcl.<br \/><strong>Brutt\u00f3 fizet\u00e9s<\/strong>\u00a0a teljes fizet\u00e9s, bele\u00e9rtve az ad\u00f3kat is, amelyb\u0151l m\u00e9g le kell vonni az ad\u00f3kat.<br \/><br \/><strong>P\u00e9lda<\/strong><br \/>Tegy\u00fck fel, hogy az \u00d6n fizet\u00e9se 1600 eur\u00f3 brutt\u00f3 \u00e9s 1200 eur\u00f3 nett\u00f3. Ebben az esetben 400 eur\u00f3 ad\u00f3t \u00e9s j\u00e1rul\u00e9kot fizet.<br \/><br \/><strong>Ad\u00f3\u00a0<\/strong>az \u00d6n \u00e1ltal a korm\u00e1nynak fizetett \u00f6sszeg, amelyet p\u00e9ld\u00e1ul utak, iskol\u00e1k, rend\u0151rs\u00e9g \u00e9s seg\u00e9lyek finansz\u00edroz\u00e1s\u00e1ra ford\u00edtanak. \u00d6n a munk\u00e1j\u00e1hoz kapcsol\u00f3d\u00f3 biztos\u00edt\u00e1sok\u00e9rt, p\u00e9ld\u00e1ul nyugd\u00edj, munkan\u00e9lk\u00fclis\u00e9g \u00e9s rokkants\u00e1g eset\u00e9n fizet d\u00edjakat.<\/p>\t\t\t\t\t\t\t\t<\/div>\n\t\t\t\t<\/div>\n\t\t\t\t\t<\/div>\n\t\t<\/div>\n\t\t\t\t\t<\/div>\n\t\t<\/section>\n\t\t\t\t<section class=\"elementor-section elementor-top-section elementor-element elementor-element-f378856 elementor-reverse-tablet elementor-reverse-mobile elementor-section-boxed elementor-section-height-default elementor-section-height-default\" data-id=\"f378856\" data-element_type=\"section\">\n\t\t\t\t\t\t<div class=\"elementor-container elementor-column-gap-default\">\n\t\t\t\t\t<div class=\"elementor-column elementor-col-50 elementor-top-column elementor-element elementor-element-c944c5a\" data-id=\"c944c5a\" data-element_type=\"column\">\n\t\t\t<div class=\"elementor-widget-wrap elementor-element-populated\">\n\t\t\t\t\t\t<div class=\"elementor-element elementor-element-06ec7e2 elementor-widget elementor-widget-text-editor\" data-id=\"06ec7e2\" data-element_type=\"widget\" data-widget_type=\"text-editor.default\">\n\t\t\t\t<div class=\"elementor-widget-container\">\n\t\t\t\t\t\t\t\t\t<h3 class=\"mbr-section-title mbr-fonts-style mb-3 display-5\"><strong>Ha \u00d6n egy v\u00e1llalat tulajdonosa vagy alap\u00edt\u00f3ja<\/strong><\/h3><p class=\"mbr-text mbr-fonts-style display-7\">Valaki \u00f6n\u00e1ll\u00f3 v\u00e1llalkoz\u00f3v\u00e1 v\u00e1lhat (= saj\u00e1t c\u00e9get alap\u00edthat). Ekkor maga a f\u0151n\u00f6k. Kem\u00e9ny munka \u00e9s j\u00f3 szervez\u00e9s = sok p\u00e9nzt keresni. Betegs\u00e9g vagy szabads\u00e1g = nincs p\u00e9nz!<br \/><br \/><strong>Mire van sz\u00fcks\u00e9ge?<br \/><\/strong>- N\u00e9ha bizonyos diplom\u00e1kra van sz\u00fcks\u00e9g, p\u00e9ld\u00e1ul ha fodr\u00e1szk\u00e9nt akarsz kezdeni.<br \/>- Az indul\u00e1shoz \u00e1ltal\u00e1ban banki k\u00f6lcs\u00f6nre van sz\u00fcks\u00e9ged.<br \/>- Ahhoz, hogy megkapja a p\u00e9nzt a bankt\u00f3l, \u00fczleti tervet kell \u00edrnia (= meg kell \u00edrnia, hogy mit akar csin\u00e1lni, \u00e9s hogyan fogja csin\u00e1lni). A bank mindig tudni akarja, hogy mi a terved! Ha saj\u00e1t c\u00e9get alap\u00edtasz, be kell jelentkezned a kereskedelmi kamar\u00e1n\u00e1l (= egy olyan szervezet, amely a c\u00e9geket seg\u00edti). Tov\u00e1bbi inform\u00e1ci\u00f3kat a k\u00f6vetkez\u0151 oldalon tal\u00e1lsz:<br \/><br \/><a class=\"text-primary\" href=\"https:\/\/www.kvk.nl\/\" target=\"_blank\" rel=\"noopener\">KVK<\/a>\u00a0 \u00a0sajnos a megadott inform\u00e1ci\u00f3k csak hollandul vannak<br \/><br \/>A KvK ellen\u0151rzi, hogy egy v\u00e1llalat a t\u00f6rv\u00e9nyi szab\u00e1lyoknak megfelel\u0151en m\u0171k\u00f6dik-e. T\u00e1j\u00e9koztat\u00e1st ny\u00fajtanak az ad\u00f3z\u00e1sr\u00f3l, a tanfolyamokr\u00f3l \u00e9s az \u00fczleti tervr\u0151l.<\/p>\t\t\t\t\t\t\t\t<\/div>\n\t\t\t\t<\/div>\n\t\t\t\t\t<\/div>\n\t\t<\/div>\n\t\t\t\t<div class=\"elementor-column elementor-col-50 elementor-top-column elementor-element elementor-element-c440c33\" data-id=\"c440c33\" data-element_type=\"column\">\n\t\t\t<div class=\"elementor-widget-wrap elementor-element-populated\">\n\t\t\t\t\t\t<div class=\"elementor-element elementor-element-dcb091d elementor-widget elementor-widget-image\" data-id=\"dcb091d\" data-element_type=\"widget\" data-widget_type=\"image.default\">\n\t\t\t\t<div class=\"elementor-widget-container\">\n\t\t\t\t\t\t\t\t\t\t\t\t\t\t\t<img decoding=\"async\" width=\"576\" height=\"946\" src=\"https:\/\/mijn-lo.nl\/wp-content\/uploads\/2024\/02\/own-company2-576x946-1-1.webp\" class=\"attachment-large size-large wp-image-5329\" alt=\"\" srcset=\"https:\/\/mijn-lo.nl\/wp-content\/uploads\/2024\/02\/own-company2-576x946-1-1.webp 576w, https:\/\/mijn-lo.nl\/wp-content\/uploads\/2024\/02\/own-company2-576x946-1-1-183x300.webp 183w, https:\/\/mijn-lo.nl\/wp-content\/uploads\/2024\/02\/own-company2-576x946-1-1-7x12.webp 7w, https:\/\/mijn-lo.nl\/wp-content\/uploads\/2024\/02\/own-company2-576x946-1-1-15x24.webp 15w, https:\/\/mijn-lo.nl\/wp-content\/uploads\/2024\/02\/own-company2-576x946-1-1-22x36.webp 22w, https:\/\/mijn-lo.nl\/wp-content\/uploads\/2024\/02\/own-company2-576x946-1-1-29x48.webp 29w\" sizes=\"(max-width: 576px) 100vw, 576px\" \/>\t\t\t\t\t\t\t\t\t\t\t\t\t\t\t<\/div>\n\t\t\t\t<\/div>\n\t\t\t\t\t<\/div>\n\t\t<\/div>\n\t\t\t\t\t<\/div>\n\t\t<\/section>\n\t\t\t\t<section class=\"elementor-section elementor-top-section elementor-element elementor-element-eeab46b elementor-section-boxed elementor-section-height-default elementor-section-height-default\" data-id=\"eeab46b\" data-element_type=\"section\">\n\t\t\t\t\t\t<div class=\"elementor-container elementor-column-gap-default\">\n\t\t\t\t\t<div class=\"elementor-column elementor-col-50 elementor-top-column elementor-element elementor-element-ff9b4f5\" data-id=\"ff9b4f5\" data-element_type=\"column\">\n\t\t\t<div class=\"elementor-widget-wrap elementor-element-populated\">\n\t\t\t\t\t\t<div class=\"elementor-element elementor-element-ac161c3 elementor-widget elementor-widget-image\" data-id=\"ac161c3\" data-element_type=\"widget\" data-widget_type=\"image.default\">\n\t\t\t\t<div class=\"elementor-widget-container\">\n\t\t\t\t\t\t\t\t\t\t\t\t\t\t\t<img decoding=\"async\" width=\"583\" height=\"934\" src=\"https:\/\/mijn-lo.nl\/wp-content\/uploads\/2024\/02\/together2-583x934-1.webp\" class=\"attachment-large size-large wp-image-4593\" alt=\"\" srcset=\"https:\/\/mijn-lo.nl\/wp-content\/uploads\/2024\/02\/together2-583x934-1.webp 583w, https:\/\/mijn-lo.nl\/wp-content\/uploads\/2024\/02\/together2-583x934-1-187x300.webp 187w, https:\/\/mijn-lo.nl\/wp-content\/uploads\/2024\/02\/together2-583x934-1-7x12.webp 7w, https:\/\/mijn-lo.nl\/wp-content\/uploads\/2024\/02\/together2-583x934-1-15x24.webp 15w, https:\/\/mijn-lo.nl\/wp-content\/uploads\/2024\/02\/together2-583x934-1-22x36.webp 22w, https:\/\/mijn-lo.nl\/wp-content\/uploads\/2024\/02\/together2-583x934-1-30x48.webp 30w\" sizes=\"(max-width: 583px) 100vw, 583px\" \/>\t\t\t\t\t\t\t\t\t\t\t\t\t\t\t<\/div>\n\t\t\t\t<\/div>\n\t\t\t\t\t<\/div>\n\t\t<\/div>\n\t\t\t\t<div class=\"elementor-column elementor-col-50 elementor-top-column elementor-element elementor-element-1c75fdc\" data-id=\"1c75fdc\" data-element_type=\"column\">\n\t\t\t<div class=\"elementor-widget-wrap elementor-element-populated\">\n\t\t\t\t\t\t<div class=\"elementor-element elementor-element-4a855f7 elementor-widget elementor-widget-text-editor\" data-id=\"4a855f7\" data-element_type=\"widget\" data-widget_type=\"text-editor.default\">\n\t\t\t\t<div class=\"elementor-widget-container\">\n\t\t\t\t\t\t\t\t\t<h3 class=\"mbr-section-title mbr-fonts-style mb-3 display-5\"><strong>Egy\u00fcttm\u0171k\u00f6d\u00e9s<\/strong><\/h3><p class=\"mbr-text mbr-fonts-style display-7\">Egy\u00fctt dolgozol a koll\u00e9g\u00e1iddal, \u00e9s n\u00e9ha munkakonzult\u00e1ci\u00f3t vagy megbesz\u00e9l\u00e9st tartasz, ahol megbesz\u00e9led a munk\u00e1t, terveket k\u00e9sz\u00edtesz, \u00e9s megvitatod a probl\u00e9m\u00e1kat. Egy v\u00e1llalatn\u00e1l minden r\u00e9szlegnek van egy vezet\u0151je. Az igazgat\u00f3 a vezet\u0151k f\u0151n\u00f6ke. A vezet\u0151ddel m\u00e1sk\u00e9pp besz\u00e9lgetsz, mint a norm\u00e1l koll\u00e9g\u00e1iddal.<\/p><p>- A koll\u00e9g\u00e1k sz\u00f3rakoztat\u00f3bb\u00e1 \u00e9s k\u00f6nnyebb\u00e9 teszik a munk\u00e1t. Seg\u00edtenek egym\u00e1snak, besz\u00e9lgetnek egym\u00e1ssal \u00e9s b\u00f3kolnak egym\u00e1snak. Sok v\u00e1llalatnak van egy szem\u00e9lyzeti egyes\u00fclete, amely sz\u00f3rakoztat\u00f3 tev\u00e9kenys\u00e9geket szervez, p\u00e9ld\u00e1ul partikat vagy bowlingot.<br \/>- Az elej\u00e9n val\u00f3sz\u00edn\u0171leg hib\u00e1zni fogsz, mert m\u00e9g mindig tanulsz. K\u00e9rjen seg\u00edts\u00e9get, \u00e9s legyen nyitott a kritik\u00e1ra. Besz\u00e9ljen a vezet\u0151j\u00e9vel. A teljes\u00edtm\u00e9ny\u00e9rt\u00e9kel\u00e9s egy besz\u00e9lget\u00e9s a vezet\u0151ddel arr\u00f3l, hogyan megy a munka, \u00e9s miben lehetne jav\u00edtani.<br \/>- Kezdetben norm\u00e1lis, hogy hib\u00e1zol, mert m\u00e9g tanulsz. Fontos, hogy seg\u00edts\u00e9get k\u00e9rj \u00e9s nyitott legy\u00e9l a kritik\u00e1ra, hogy a legjobbat hozhasd ki magadb\u00f3l. J\u00f3, ha besz\u00e9lsz a f\u0151n\u00f6k\u00f6ddel.<br \/>- A teljes\u00edtm\u00e9ny\u00e9rt\u00e9kel\u00e9s egy besz\u00e9lget\u00e9s a f\u0151n\u00f6k\u00e9vel arr\u00f3l, hogyan v\u00e9gzi a munk\u00e1j\u00e1t, \u00e9s miben lehetne jav\u00edtani.<br \/>- N\u00e9ha diszkrimin\u00e1ci\u00f3val j\u00e1r, ha k\u00fclf\u00f6ldi vagy, p\u00e9ld\u00e1ul ha muszlim vagy, \u00e9s a koll\u00e9g\u00e1k ideges\u00edtenek, amikor im\u00e1dkozni akarsz. Fontos, hogy ne haragudj k\u00f6nnyen, mert n\u00e9ha ez lehet vicc is. Ha nem hagyja abba, j\u00f3, ha el\u0151sz\u00f6r besz\u00e9lsz a koll\u00e9g\u00e1val. Ha ez sem seg\u00edt, akkor megbesz\u00e9lhetsz egy tal\u00e1lkoz\u00f3t a f\u0151n\u00f6kkel vagy az igazgat\u00f3val. <strong>Tilos a megk\u00fcl\u00f6nb\u00f6ztet\u00e9s<\/strong> \u00e9s jogod van tenni ellene valamit. Ezt b\u00e1rmikor bejelentheti a rend\u0151rs\u00e9gen.<\/p>\t\t\t\t\t\t\t\t<\/div>\n\t\t\t\t<\/div>\n\t\t\t\t\t<\/div>\n\t\t<\/div>\n\t\t\t\t\t<\/div>\n\t\t<\/section>\n\t\t\t\t<section class=\"elementor-section elementor-top-section elementor-element elementor-element-2edcca1 elementor-section-boxed elementor-section-height-default elementor-section-height-default\" data-id=\"2edcca1\" data-element_type=\"section\">\n\t\t\t\t\t\t<div class=\"elementor-container elementor-column-gap-default\">\n\t\t\t\t\t<div class=\"elementor-column elementor-col-100 elementor-top-column elementor-element elementor-element-75349f87\" data-id=\"75349f87\" data-element_type=\"column\">\n\t\t\t<div class=\"elementor-widget-wrap elementor-element-populated\">\n\t\t\t\t\t\t<div class=\"elementor-element elementor-element-2d2d0e50 elementor-align-center elementor-widget elementor-widget-button\" data-id=\"2d2d0e50\" data-element_type=\"widget\" data-widget_type=\"button.default\">\n\t\t\t\t<div class=\"elementor-widget-container\">\n\t\t\t\t\t\t\t\t\t<div class=\"elementor-button-wrapper\">\n\t\t\t\t\t<a class=\"elementor-button elementor-button-link elementor-size-sm\" href=\"https:\/\/mijn-lo.nl\/hu\/work\/learn-words-about-work\/\">\n\t\t\t\t\t\t<span class=\"elementor-button-content-wrapper\">\n\t\t\t\t\t\t\t\t\t<span class=\"elementor-button-text\">folytat\u00e1s<\/span>\n\t\t\t\t\t<\/span>\n\t\t\t\t\t<\/a>\n\t\t\t\t<\/div>\n\t\t\t\t\t\t\t\t<\/div>\n\t\t\t\t<\/div>\n\t\t\t\t\t<\/div>\n\t\t<\/div>\n\t\t\t\t\t<\/div>\n\t\t<\/section>\n\t\t\t\t<\/div>","protected":false},"excerpt":{"rendered":"<p>Salary and Taxes Once a year you will receive an annual statement stating your gross and net salary for the past year. You have to use this document for the tax return that you must submit on March 1. Sometimes you get money back.The salary is stated on your payslip:Net salary\u00a0is the amount you receive [&hellip;]<\/p>\n","protected":false},"author":1,"featured_media":0,"parent":3364,"menu_order":7,"comment_status":"closed","ping_status":"closed","template":"elementor_canvas","meta":{"site-sidebar-layout":"no-sidebar","site-content-layout":"page-builder","ast-site-content-layout":"full-width-container","site-content-style":"default","site-sidebar-style":"default","ast-global-header-display":"","ast-banner-title-visibility":"","ast-main-header-display":"","ast-hfb-above-header-display":"","ast-hfb-below-header-display":"","ast-hfb-mobile-header-display":"","site-post-title":"disabled","ast-breadcrumbs-content":"","ast-featured-img":"disabled","footer-sml-layout":"","theme-transparent-header-meta":"","adv-header-id-meta":"","stick-header-meta":"","header-above-stick-meta":"","header-main-stick-meta":"","header-below-stick-meta":"","astra-migrate-meta-layouts":"set","ast-page-background-enabled":"default","ast-page-background-meta":{"desktop":{"background-color":"var(--ast-global-color-4)","background-image":"","background-repeat":"repeat","background-position":"center center","background-size":"auto","background-attachment":"scroll","background-type":"","background-media":"","overlay-type":"","overlay-color":"","overlay-opacity":"","overlay-gradient":""},"tablet":{"background-color":"","background-image":"","background-repeat":"repeat","background-position":"center center","background-size":"auto","background-attachment":"scroll","background-type":"","background-media":"","overlay-type":"","overlay-color":"","overlay-opacity":"","overlay-gradient":""},"mobile":{"background-color":"","background-image":"","background-repeat":"repeat","background-position":"center center","background-size":"auto","background-attachment":"scroll","background-type":"","background-media":"","overlay-type":"","overlay-color":"","overlay-opacity":"","overlay-gradient":""}},"ast-content-background-meta":{"desktop":{"background-color":"var(--ast-global-color-5)","background-image":"","background-repeat":"repeat","background-position":"center center","background-size":"auto","background-attachment":"scroll","background-type":"","background-media":"","overlay-type":"","overlay-color":"","overlay-opacity":"","overlay-gradient":""},"tablet":{"background-color":"var(--ast-global-color-5)","background-image":"","background-repeat":"repeat","background-position":"center center","background-size":"auto","background-attachment":"scroll","background-type":"","background-media":"","overlay-type":"","overlay-color":"","overlay-opacity":"","overlay-gradient":""},"mobile":{"background-color":"var(--ast-global-color-5)","background-image":"","background-repeat":"repeat","background-position":"center center","background-size":"auto","background-attachment":"scroll","background-type":"","background-media":"","overlay-type":"","overlay-color":"","overlay-opacity":"","overlay-gradient":""}},"footnotes":""},"class_list":["post-5361","page","type-page","status-publish","hentry"],"_links":{"self":[{"href":"https:\/\/mijn-lo.nl\/hu\/wp-json\/wp\/v2\/pages\/5361","targetHints":{"allow":["GET"]}}],"collection":[{"href":"https:\/\/mijn-lo.nl\/hu\/wp-json\/wp\/v2\/pages"}],"about":[{"href":"https:\/\/mijn-lo.nl\/hu\/wp-json\/wp\/v2\/types\/page"}],"author":[{"embeddable":true,"href":"https:\/\/mijn-lo.nl\/hu\/wp-json\/wp\/v2\/users\/1"}],"replies":[{"embeddable":true,"href":"https:\/\/mijn-lo.nl\/hu\/wp-json\/wp\/v2\/comments?post=5361"}],"version-history":[{"count":13,"href":"https:\/\/mijn-lo.nl\/hu\/wp-json\/wp\/v2\/pages\/5361\/revisions"}],"predecessor-version":[{"id":6322,"href":"https:\/\/mijn-lo.nl\/hu\/wp-json\/wp\/v2\/pages\/5361\/revisions\/6322"}],"up":[{"embeddable":true,"href":"https:\/\/mijn-lo.nl\/hu\/wp-json\/wp\/v2\/pages\/3364"}],"wp:attachment":[{"href":"https:\/\/mijn-lo.nl\/hu\/wp-json\/wp\/v2\/media?parent=5361"}],"curies":[{"name":"wp","href":"https:\/\/api.w.org\/{rel}","templated":true}]}}