{"id":5391,"date":"2024-02-13T14:42:51","date_gmt":"2024-02-13T14:42:51","guid":{"rendered":"http:\/\/mijn-lo.nl\/?page_id=5391"},"modified":"2025-08-19T17:38:23","modified_gmt":"2025-08-19T17:38:23","slug":"certificates-and-skills","status":"publish","type":"page","link":"https:\/\/mijn-lo.nl\/hu\/work\/certificates-and-skills\/","title":{"rendered":"Tan\u00fas\u00edtv\u00e1nyok \u00e9s k\u00e9szs\u00e9gek"},"content":{"rendered":"<div data-elementor-type=\"wp-page\" data-elementor-id=\"5391\" class=\"elementor elementor-5391\" data-elementor-post-type=\"page\">\n\t\t\t\t\t\t<section class=\"elementor-section elementor-top-section elementor-element elementor-element-b2e0fea elementor-section-boxed elementor-section-height-default elementor-section-height-default\" data-id=\"b2e0fea\" data-element_type=\"section\">\n\t\t\t\t\t\t<div class=\"elementor-container elementor-column-gap-default\">\n\t\t\t\t\t<div class=\"elementor-column elementor-col-50 elementor-top-column elementor-element elementor-element-2ac8ee4\" data-id=\"2ac8ee4\" data-element_type=\"column\">\n\t\t\t<div class=\"elementor-widget-wrap elementor-element-populated\">\n\t\t\t\t\t\t<div class=\"elementor-element elementor-element-c45326b elementor-widget elementor-widget-image\" data-id=\"c45326b\" data-element_type=\"widget\" data-widget_type=\"image.default\">\n\t\t\t\t<div class=\"elementor-widget-container\">\n\t\t\t\t\t\t\t\t\t\t\t\t\t\t\t<img fetchpriority=\"high\" decoding=\"async\" width=\"610\" height=\"412\" src=\"https:\/\/mijn-lo.nl\/wp-content\/uploads\/2024\/02\/certificat5-610x412-1.webp\" class=\"attachment-large size-large wp-image-4590\" alt=\"\" srcset=\"https:\/\/mijn-lo.nl\/wp-content\/uploads\/2024\/02\/certificat5-610x412-1.webp 610w, https:\/\/mijn-lo.nl\/wp-content\/uploads\/2024\/02\/certificat5-610x412-1-300x203.webp 300w, https:\/\/mijn-lo.nl\/wp-content\/uploads\/2024\/02\/certificat5-610x412-1-18x12.webp 18w, https:\/\/mijn-lo.nl\/wp-content\/uploads\/2024\/02\/certificat5-610x412-1-24x16.webp 24w, https:\/\/mijn-lo.nl\/wp-content\/uploads\/2024\/02\/certificat5-610x412-1-36x24.webp 36w, https:\/\/mijn-lo.nl\/wp-content\/uploads\/2024\/02\/certificat5-610x412-1-48x32.webp 48w\" sizes=\"(max-width: 610px) 100vw, 610px\" \/>\t\t\t\t\t\t\t\t\t\t\t\t\t\t\t<\/div>\n\t\t\t\t<\/div>\n\t\t\t\t<div class=\"elementor-element elementor-element-8483f0d elementor-widget elementor-widget-text-editor\" data-id=\"8483f0d\" data-element_type=\"widget\" data-widget_type=\"text-editor.default\">\n\t\t\t\t<div class=\"elementor-widget-container\">\n\t\t\t\t\t\t\t\t\t<p style=\"text-align: center;\">\u00c1ll\u00e1sinterj\u00fa<\/p>\t\t\t\t\t\t\t\t<\/div>\n\t\t\t\t<\/div>\n\t\t\t\t\t<\/div>\n\t\t<\/div>\n\t\t\t\t<div class=\"elementor-column elementor-col-50 elementor-top-column elementor-element elementor-element-644eb44\" data-id=\"644eb44\" data-element_type=\"column\">\n\t\t\t<div class=\"elementor-widget-wrap elementor-element-populated\">\n\t\t\t\t\t\t<div class=\"elementor-element elementor-element-1b98d7f elementor-widget elementor-widget-text-editor\" data-id=\"1b98d7f\" data-element_type=\"widget\" data-widget_type=\"text-editor.default\">\n\t\t\t\t<div class=\"elementor-widget-container\">\n\t\t\t\t\t\t\t\t\t<h3 class=\"mbr-section-title mbr-fonts-style mb-3 display-5\"><strong>Tan\u00fas\u00edtv\u00e1nyok \u00e9s k\u00e9szs\u00e9gek<\/strong><\/h3><p class=\"mbr-text mbr-fonts-style display-7\">Gyakran sz\u00fcks\u00e9g van diplom\u00e1ra. A k\u00fclf\u00f6ld\u00f6n szerzett diplom\u00e1k \u00e9rt\u00e9kelhet\u0151k (\u00edgy tudhatja, hogy mit tehet egy k\u00fclf\u00f6ldi diplom\u00e1val Hollandi\u00e1ban). Ez online is elv\u00e9gezhet\u0151.<br \/><br \/>Vannak olyan munk\u00e1k is, amelyekhez nem kell diploma (= szakk\u00e9pzetlen munka), p\u00e9ld\u00e1ul a takar\u00edt\u00f3i munka. Ezt a munk\u00e1t k\u00f6nny\u0171 megszerezni, de nem sok p\u00e9nzt lehet vele keresni.<\/p>\t\t\t\t\t\t\t\t<\/div>\n\t\t\t\t<\/div>\n\t\t\t\t\t<\/div>\n\t\t<\/div>\n\t\t\t\t\t<\/div>\n\t\t<\/section>\n\t\t\t\t<section class=\"elementor-section elementor-top-section elementor-element elementor-element-44498a1 elementor-reverse-tablet elementor-reverse-mobile elementor-section-boxed elementor-section-height-default elementor-section-height-default\" data-id=\"44498a1\" data-element_type=\"section\">\n\t\t\t\t\t\t<div class=\"elementor-container elementor-column-gap-default\">\n\t\t\t\t\t<div class=\"elementor-column elementor-col-50 elementor-top-column elementor-element elementor-element-cdbe78f\" data-id=\"cdbe78f\" data-element_type=\"column\">\n\t\t\t<div class=\"elementor-widget-wrap elementor-element-populated\">\n\t\t\t\t\t\t<div class=\"elementor-element elementor-element-3757837 elementor-widget elementor-widget-text-editor\" data-id=\"3757837\" data-element_type=\"widget\" data-widget_type=\"text-editor.default\">\n\t\t\t\t<div class=\"elementor-widget-container\">\n\t\t\t\t\t\t\t\t\t<h3 class=\"mbr-section-title mbr-fonts-style mb-3 display-5\"><strong>Fejlessze k\u00e9szs\u00e9geit<\/strong><\/h3><p class=\"mbr-text mbr-fonts-style display-7\">N\u00e9ha egy tanfolyamot vagy kurzust kell elv\u00e9gezni, vagy szakmai gyakorlatot kell v\u00e9gezni.<br \/>A reintegr\u00e1ci\u00f3s v\u00e1llalat olyan c\u00e9g, amely seg\u00edt munk\u00e1t tal\u00e1lni azoknak, akik m\u00e1r r\u00e9g\u00f3ta nem dolgoztak (\u0151k tan\u00edtj\u00e1k meg \u00f6n\u00f6ket arra is, hogyan kell jelentkezni). A \"tanfolyam\" m\u00e1sik szava az \"oktat\u00e1s\":<br \/>- Tov\u00e1bbk\u00e9pz\u00e9s: tanfolyam valami \u00faj megtanul\u00e1s\u00e1ra (\u00faj dolgok megtanul\u00e1sa a munkahelyen).<br \/>- Tov\u00e1bbk\u00e9pz\u00e9s: a kor\u00e1bban tanultak ism\u00e9tl\u00e9se.<br \/><br \/>Ha r\u00e9szt veszel egy tanfolyamon, regisztr\u00e1lnod kell! N\u00e9ha a munk\u00e1ltat\u00f3 fizeti, n\u00e9ha az ad\u00f3. Ha van tapasztalatod, akkor gyorsan kapsz munk\u00e1t. Mindig alacsonyan kell kezdeni, de k\u00e9s\u0151bb lehet szintet l\u00e9pni. A tulajdons\u00e1gok azt jelentik, hogy miben vagy j\u00f3, \u00e9s milyen a jellemed (megb\u00edzhat\u00f3, rugalmas, kreat\u00edv).<br \/>A motiv\u00e1ci\u00f3 az, hogy mi\u00e9rt akarod ezt a munk\u00e1t. Ezt gyakran kell elmondani egy \u00e1ll\u00e1sinterj\u00fan (Szeretek emberekkel dolgozni).<\/p>\t\t\t\t\t\t\t\t<\/div>\n\t\t\t\t<\/div>\n\t\t\t\t\t<\/div>\n\t\t<\/div>\n\t\t\t\t<div class=\"elementor-column elementor-col-50 elementor-top-column elementor-element elementor-element-9d76a8c\" data-id=\"9d76a8c\" data-element_type=\"column\">\n\t\t\t<div class=\"elementor-widget-wrap elementor-element-populated\">\n\t\t\t\t\t\t<div class=\"elementor-element elementor-element-6155119 elementor-widget elementor-widget-image\" data-id=\"6155119\" data-element_type=\"widget\" data-widget_type=\"image.default\">\n\t\t\t\t<div class=\"elementor-widget-container\">\n\t\t\t\t\t\t\t\t\t\t\t\t\t\t\t<img decoding=\"async\" width=\"747\" height=\"787\" src=\"https:\/\/mijn-lo.nl\/wp-content\/uploads\/2024\/02\/learing5-747x787-1.webp\" class=\"attachment-large size-large wp-image-4591\" alt=\"\" srcset=\"https:\/\/mijn-lo.nl\/wp-content\/uploads\/2024\/02\/learing5-747x787-1.webp 747w, https:\/\/mijn-lo.nl\/wp-content\/uploads\/2024\/02\/learing5-747x787-1-285x300.webp 285w, https:\/\/mijn-lo.nl\/wp-content\/uploads\/2024\/02\/learing5-747x787-1-11x12.webp 11w, https:\/\/mijn-lo.nl\/wp-content\/uploads\/2024\/02\/learing5-747x787-1-24x24.webp 24w, https:\/\/mijn-lo.nl\/wp-content\/uploads\/2024\/02\/learing5-747x787-1-34x36.webp 34w, https:\/\/mijn-lo.nl\/wp-content\/uploads\/2024\/02\/learing5-747x787-1-46x48.webp 46w\" sizes=\"(max-width: 747px) 100vw, 747px\" \/>\t\t\t\t\t\t\t\t\t\t\t\t\t\t\t<\/div>\n\t\t\t\t<\/div>\n\t\t\t\t\t<\/div>\n\t\t<\/div>\n\t\t\t\t\t<\/div>\n\t\t<\/section>\n\t\t\t\t<section class=\"elementor-section elementor-top-section elementor-element elementor-element-2edcca1 elementor-section-boxed elementor-section-height-default elementor-section-height-default\" data-id=\"2edcca1\" data-element_type=\"section\">\n\t\t\t\t\t\t<div class=\"elementor-container elementor-column-gap-default\">\n\t\t\t\t\t<div class=\"elementor-column elementor-col-100 elementor-top-column elementor-element elementor-element-75349f87\" data-id=\"75349f87\" data-element_type=\"column\">\n\t\t\t<div class=\"elementor-widget-wrap elementor-element-populated\">\n\t\t\t\t\t\t<div class=\"elementor-element elementor-element-2d2d0e50 elementor-align-center elementor-widget elementor-widget-button\" data-id=\"2d2d0e50\" data-element_type=\"widget\" data-widget_type=\"button.default\">\n\t\t\t\t<div class=\"elementor-widget-container\">\n\t\t\t\t\t\t\t\t\t<div class=\"elementor-button-wrapper\">\n\t\t\t\t\t<a class=\"elementor-button elementor-button-link elementor-size-sm\" href=\"https:\/\/mijn-lo.nl\/hu\/work\/or-mr-and-arbo\/\">\n\t\t\t\t\t\t<span class=\"elementor-button-content-wrapper\">\n\t\t\t\t\t\t\t\t\t<span class=\"elementor-button-text\">folytat\u00e1s<\/span>\n\t\t\t\t\t<\/span>\n\t\t\t\t\t<\/a>\n\t\t\t\t<\/div>\n\t\t\t\t\t\t\t\t<\/div>\n\t\t\t\t<\/div>\n\t\t\t\t\t<\/div>\n\t\t<\/div>\n\t\t\t\t\t<\/div>\n\t\t<\/section>\n\t\t\t\t<\/div>","protected":false},"excerpt":{"rendered":"<p>Job interview Certificates and skills You often need a degree. Diplomas from abroad can be evaluated (so you know what you can do with a foreign diploma in the Netherlands). This can be done online. There is also work for which you do not need a diploma (= unskilled work), such as cleaning work. This [&hellip;]<\/p>\n","protected":false},"author":1,"featured_media":0,"parent":3364,"menu_order":5,"comment_status":"closed","ping_status":"closed","template":"elementor_canvas","meta":{"site-sidebar-layout":"no-sidebar","site-content-layout":"page-builder","ast-site-content-layout":"full-width-container","site-content-style":"default","site-sidebar-style":"default","ast-global-header-display":"","ast-banner-title-visibility":"","ast-main-header-display":"","ast-hfb-above-header-display":"","ast-hfb-below-header-display":"","ast-hfb-mobile-header-display":"","site-post-title":"disabled","ast-breadcrumbs-content":"","ast-featured-img":"disabled","footer-sml-layout":"","theme-transparent-header-meta":"","adv-header-id-meta":"","stick-header-meta":"","header-above-stick-meta":"","header-main-stick-meta":"","header-below-stick-meta":"","astra-migrate-meta-layouts":"set","ast-page-background-enabled":"default","ast-page-background-meta":{"desktop":{"background-color":"var(--ast-global-color-4)","background-image":"","background-repeat":"repeat","background-position":"center center","background-size":"auto","background-attachment":"scroll","background-type":"","background-media":"","overlay-type":"","overlay-color":"","overlay-opacity":"","overlay-gradient":""},"tablet":{"background-color":"","background-image":"","background-repeat":"repeat","background-position":"center center","background-size":"auto","background-attachment":"scroll","background-type":"","background-media":"","overlay-type":"","overlay-color":"","overlay-opacity":"","overlay-gradient":""},"mobile":{"background-color":"","background-image":"","background-repeat":"repeat","background-position":"center center","background-size":"auto","background-attachment":"scroll","background-type":"","background-media":"","overlay-type":"","overlay-color":"","overlay-opacity":"","overlay-gradient":""}},"ast-content-background-meta":{"desktop":{"background-color":"var(--ast-global-color-5)","background-image":"","background-repeat":"repeat","background-position":"center center","background-size":"auto","background-attachment":"scroll","background-type":"","background-media":"","overlay-type":"","overlay-color":"","overlay-opacity":"","overlay-gradient":""},"tablet":{"background-color":"var(--ast-global-color-5)","background-image":"","background-repeat":"repeat","background-position":"center center","background-size":"auto","background-attachment":"scroll","background-type":"","background-media":"","overlay-type":"","overlay-color":"","overlay-opacity":"","overlay-gradient":""},"mobile":{"background-color":"var(--ast-global-color-5)","background-image":"","background-repeat":"repeat","background-position":"center center","background-size":"auto","background-attachment":"scroll","background-type":"","background-media":"","overlay-type":"","overlay-color":"","overlay-opacity":"","overlay-gradient":""}},"footnotes":""},"class_list":["post-5391","page","type-page","status-publish","hentry"],"_links":{"self":[{"href":"https:\/\/mijn-lo.nl\/hu\/wp-json\/wp\/v2\/pages\/5391","targetHints":{"allow":["GET"]}}],"collection":[{"href":"https:\/\/mijn-lo.nl\/hu\/wp-json\/wp\/v2\/pages"}],"about":[{"href":"https:\/\/mijn-lo.nl\/hu\/wp-json\/wp\/v2\/types\/page"}],"author":[{"embeddable":true,"href":"https:\/\/mijn-lo.nl\/hu\/wp-json\/wp\/v2\/users\/1"}],"replies":[{"embeddable":true,"href":"https:\/\/mijn-lo.nl\/hu\/wp-json\/wp\/v2\/comments?post=5391"}],"version-history":[{"count":10,"href":"https:\/\/mijn-lo.nl\/hu\/wp-json\/wp\/v2\/pages\/5391\/revisions"}],"predecessor-version":[{"id":6316,"href":"https:\/\/mijn-lo.nl\/hu\/wp-json\/wp\/v2\/pages\/5391\/revisions\/6316"}],"up":[{"embeddable":true,"href":"https:\/\/mijn-lo.nl\/hu\/wp-json\/wp\/v2\/pages\/3364"}],"wp:attachment":[{"href":"https:\/\/mijn-lo.nl\/hu\/wp-json\/wp\/v2\/media?parent=5391"}],"curies":[{"name":"wp","href":"https:\/\/api.w.org\/{rel}","templated":true}]}}