{"id":5573,"date":"2024-02-14T16:04:36","date_gmt":"2024-02-14T16:04:36","guid":{"rendered":"http:\/\/mijn-lo.nl\/?page_id=5573"},"modified":"2025-08-19T17:36:17","modified_gmt":"2025-08-19T17:36:17","slug":"raising-kids","status":"publish","type":"page","link":"https:\/\/mijn-lo.nl\/hu\/education\/raising-kids\/","title":{"rendered":"Gyerekek nevel\u00e9se"},"content":{"rendered":"<div data-elementor-type=\"wp-page\" data-elementor-id=\"5573\" class=\"elementor elementor-5573\" data-elementor-post-type=\"page\">\n\t\t\t\t\t\t<section class=\"elementor-section elementor-top-section elementor-element elementor-element-6810fd3 elementor-section-boxed elementor-section-height-default elementor-section-height-default\" data-id=\"6810fd3\" data-element_type=\"section\" data-settings=\"{&quot;background_background&quot;:&quot;classic&quot;}\">\n\t\t\t\t\t\t<div class=\"elementor-container elementor-column-gap-default\">\n\t\t\t\t\t<div class=\"elementor-column elementor-col-100 elementor-top-column elementor-element elementor-element-665021e\" data-id=\"665021e\" data-element_type=\"column\">\n\t\t\t<div class=\"elementor-widget-wrap elementor-element-populated\">\n\t\t\t\t\t\t<div class=\"elementor-element elementor-element-dc5257a elementor-widget elementor-widget-heading\" data-id=\"dc5257a\" data-element_type=\"widget\" data-widget_type=\"heading.default\">\n\t\t\t\t<div class=\"elementor-widget-container\">\n\t\t\t\t\t<h2 class=\"elementor-heading-title elementor-size-default\">Gyerekek nevel\u00e9se <\/h2>\t\t\t\t<\/div>\n\t\t\t\t<\/div>\n\t\t\t\t\t<\/div>\n\t\t<\/div>\n\t\t\t\t\t<\/div>\n\t\t<\/section>\n\t\t\t\t<section class=\"elementor-section elementor-top-section elementor-element elementor-element-f88c832 elementor-reverse-tablet elementor-reverse-mobile elementor-section-boxed elementor-section-height-default elementor-section-height-default\" data-id=\"f88c832\" data-element_type=\"section\">\n\t\t\t\t\t\t<div class=\"elementor-container elementor-column-gap-default\">\n\t\t\t\t\t<div class=\"elementor-column elementor-col-50 elementor-top-column elementor-element elementor-element-748187a\" data-id=\"748187a\" data-element_type=\"column\">\n\t\t\t<div class=\"elementor-widget-wrap elementor-element-populated\">\n\t\t\t\t\t\t<div class=\"elementor-element elementor-element-9ea2d13 elementor-widget elementor-widget-text-editor\" data-id=\"9ea2d13\" data-element_type=\"widget\" data-widget_type=\"text-editor.default\">\n\t\t\t\t<div class=\"elementor-widget-container\">\n\t\t\t\t\t\t\t\t\t<h3 class=\"mbr-section-title mbr-fonts-style mb-3 display-5\"><strong>A gyereknevel\u00e9sr\u0151l<\/strong><\/h3><p class=\"mbr-text mbr-fonts-style display-7\">A gyermeknevel\u00e9s Hollandi\u00e1ban fontos k\u00e9rd\u00e9s<br \/><br \/><strong>A gyerekeknek boldog gyermekkorban kell \u00e9lni\u00fck, \u00e9s biztons\u00e1gban kell \u00e9rezni\u00fck magukat.\u00a0<\/strong>Hollandia a j\u00f3 iskol\u00e1k, az er\u0151s csal\u00e1di k\u00f6tel\u00e9kek \u00e9s a korm\u00e1nyzati t\u00e1mogat\u00e1s miatt gyakran vezeti a gyermekek boldogs\u00e1g\u00e1r\u00f3l sz\u00f3l\u00f3 list\u00e1kat. De mint minden orsz\u00e1gban, itt is ad\u00f3dhatnak probl\u00e9m\u00e1k.<br \/><br \/><strong>A sz\u00fcl\u0151k \u00e1ltal\u00e1ban a munka \u00e9s a mag\u00e1n\u00e9let egyens\u00faly\u00e1t keresik.<\/strong>\u00a0A hollandiai v\u00e1llalatok rugalmas munkaid\u0151t \u00e9s hossz\u00fa sz\u00fcl\u0151i szabads\u00e1got k\u00edn\u00e1lnak.<br \/>Az orsz\u00e1g \u00e1ltal\u00e1ban biztons\u00e1gos, \u00e9s kiv\u00e1l\u00f3 az eg\u00e9szs\u00e9g\u00fcgyi ell\u00e1t\u00e1sa. Ott viszonylag alacsony a b\u0171n\u00f6z\u00e9s. De mint mindig, itt is vannak kih\u00edv\u00e1sok, mint p\u00e9ld\u00e1ul a k\u00e1b\u00edt\u00f3szer- \u00e9s szerencsej\u00e1t\u00e9k-f\u00fcgg\u0151s\u00e9g, valamint az okostelefon-f\u00fcgg\u0151s\u00e9g.<br \/><br \/><strong>\u00d6szt\u00f6n\u00f6zze a f\u00fcggetlens\u00e9get.<\/strong>\u00a0A holland gyerekeket \u00e1ltal\u00e1ban arra tan\u00edtj\u00e1k, hogy \u00f6n\u00e1ll\u00f3an gondolkodjanak \u00e9s cselekedjenek. A legfontosabb, hogy hagyjuk \u0151ket v\u00e1lasztani.<br \/><br \/><strong>Seg\u00edtsen nekik szocializ\u00e1l\u00f3dni.<\/strong>\u00a0A j\u00e1tsz\u00f3tal\u00e1lkoz\u00f3k, a sport \u00e9s a klubok gyakoriak, \u00e9s seg\u00edtenek a gyerekeknek bar\u00e1tokat szerezni.<br \/><br \/><strong>Mutassa be nekik a k\u00fcl\u00f6nb\u00f6z\u0151 kult\u00far\u00e1kat.\u00a0<\/strong>A soksz\u00edn\u0171 lakoss\u00e1gnak k\u00f6sz\u00f6nhet\u0151en a gyerekek k\u00fcl\u00f6nb\u00f6z\u0151 hagyom\u00e1nyokat \u00e9s nyelveket ismerhetnek meg. Nagy figyelmet ford\u00edtanak a befogad\u00e1sra.<\/p>\t\t\t\t\t\t\t\t<\/div>\n\t\t\t\t<\/div>\n\t\t\t\t\t<\/div>\n\t\t<\/div>\n\t\t\t\t<div class=\"elementor-column elementor-col-50 elementor-top-column elementor-element elementor-element-6d6c662\" data-id=\"6d6c662\" data-element_type=\"column\">\n\t\t\t<div class=\"elementor-widget-wrap elementor-element-populated\">\n\t\t\t\t\t\t<div class=\"elementor-element elementor-element-d39c8c8 elementor-widget elementor-widget-image\" data-id=\"d39c8c8\" data-element_type=\"widget\" data-widget_type=\"image.default\">\n\t\t\t\t<div class=\"elementor-widget-container\">\n\t\t\t\t\t\t\t\t\t\t\t\t\t\t\t<img fetchpriority=\"high\" decoding=\"async\" width=\"711\" height=\"988\" src=\"https:\/\/mijn-lo.nl\/wp-content\/uploads\/2024\/02\/rasingg-kids2-711x988-1.webp\" class=\"attachment-large size-large wp-image-4518\" alt=\"\" srcset=\"https:\/\/mijn-lo.nl\/wp-content\/uploads\/2024\/02\/rasingg-kids2-711x988-1.webp 711w, https:\/\/mijn-lo.nl\/wp-content\/uploads\/2024\/02\/rasingg-kids2-711x988-1-216x300.webp 216w, https:\/\/mijn-lo.nl\/wp-content\/uploads\/2024\/02\/rasingg-kids2-711x988-1-9x12.webp 9w, https:\/\/mijn-lo.nl\/wp-content\/uploads\/2024\/02\/rasingg-kids2-711x988-1-17x24.webp 17w, https:\/\/mijn-lo.nl\/wp-content\/uploads\/2024\/02\/rasingg-kids2-711x988-1-26x36.webp 26w, https:\/\/mijn-lo.nl\/wp-content\/uploads\/2024\/02\/rasingg-kids2-711x988-1-35x48.webp 35w\" sizes=\"(max-width: 711px) 100vw, 711px\" \/>\t\t\t\t\t\t\t\t\t\t\t\t\t\t\t<\/div>\n\t\t\t\t<\/div>\n\t\t\t\t<div class=\"elementor-element elementor-element-76799f9 elementor-widget elementor-widget-text-editor\" data-id=\"76799f9\" data-element_type=\"widget\" data-widget_type=\"text-editor.default\">\n\t\t\t\t<div class=\"elementor-widget-container\">\n\t\t\t\t\t\t\t\t\t<p style=\"text-align: center;\">Anya \u00e9s l\u00e1nya<\/p>\t\t\t\t\t\t\t\t<\/div>\n\t\t\t\t<\/div>\n\t\t\t\t\t<\/div>\n\t\t<\/div>\n\t\t\t\t\t<\/div>\n\t\t<\/section>\n\t\t\t\t<section class=\"elementor-section elementor-top-section elementor-element elementor-element-c2af9c8 elementor-section-boxed elementor-section-height-default elementor-section-height-default\" data-id=\"c2af9c8\" data-element_type=\"section\">\n\t\t\t\t\t\t<div class=\"elementor-container elementor-column-gap-default\">\n\t\t\t\t\t<div class=\"elementor-column elementor-col-50 elementor-top-column elementor-element elementor-element-820f2a6\" data-id=\"820f2a6\" data-element_type=\"column\">\n\t\t\t<div class=\"elementor-widget-wrap elementor-element-populated\">\n\t\t\t\t\t\t<div class=\"elementor-element elementor-element-2e25e9d elementor-widget elementor-widget-image\" data-id=\"2e25e9d\" data-element_type=\"widget\" data-widget_type=\"image.default\">\n\t\t\t\t<div class=\"elementor-widget-container\">\n\t\t\t\t\t\t\t\t\t\t\t\t\t\t\t<img decoding=\"async\" width=\"700\" height=\"486\" src=\"https:\/\/mijn-lo.nl\/wp-content\/uploads\/2024\/02\/jeugdzorg2-700x486-1.webp\" class=\"attachment-large size-large wp-image-5563\" alt=\"\" srcset=\"https:\/\/mijn-lo.nl\/wp-content\/uploads\/2024\/02\/jeugdzorg2-700x486-1.webp 700w, https:\/\/mijn-lo.nl\/wp-content\/uploads\/2024\/02\/jeugdzorg2-700x486-1-300x208.webp 300w, https:\/\/mijn-lo.nl\/wp-content\/uploads\/2024\/02\/jeugdzorg2-700x486-1-18x12.webp 18w, https:\/\/mijn-lo.nl\/wp-content\/uploads\/2024\/02\/jeugdzorg2-700x486-1-24x17.webp 24w, https:\/\/mijn-lo.nl\/wp-content\/uploads\/2024\/02\/jeugdzorg2-700x486-1-36x25.webp 36w, https:\/\/mijn-lo.nl\/wp-content\/uploads\/2024\/02\/jeugdzorg2-700x486-1-48x33.webp 48w\" sizes=\"(max-width: 700px) 100vw, 700px\" \/>\t\t\t\t\t\t\t\t\t\t\t\t\t\t\t<\/div>\n\t\t\t\t<\/div>\n\t\t\t\t<div class=\"elementor-element elementor-element-5552dff elementor-widget elementor-widget-text-editor\" data-id=\"5552dff\" data-element_type=\"widget\" data-widget_type=\"text-editor.default\">\n\t\t\t\t<div class=\"elementor-widget-container\">\n\t\t\t\t\t\t\t\t\t<p style=\"text-align: center;\">Probl\u00e9m\u00e1k eset\u00e9n...<\/p>\t\t\t\t\t\t\t\t<\/div>\n\t\t\t\t<\/div>\n\t\t\t\t\t<\/div>\n\t\t<\/div>\n\t\t\t\t<div class=\"elementor-column elementor-col-50 elementor-top-column elementor-element elementor-element-f618cf2\" data-id=\"f618cf2\" data-element_type=\"column\">\n\t\t\t<div class=\"elementor-widget-wrap elementor-element-populated\">\n\t\t\t\t\t\t<div class=\"elementor-element elementor-element-46998ae elementor-widget elementor-widget-text-editor\" data-id=\"46998ae\" data-element_type=\"widget\" data-widget_type=\"text-editor.default\">\n\t\t\t\t<div class=\"elementor-widget-container\">\n\t\t\t\t\t\t\t\t\t<h3 class=\"mbr-section-title mbr-fonts-style mb-3 display-5\"><strong>Probl\u00e9m\u00e1k eset\u00e9n: \"jeugdzorg\"<\/strong><\/h3><p class=\"mbr-text mbr-fonts-style display-7\">Probl\u00e9m\u00e1k eset\u00e9n a \"jeugdzorg\" elnevez\u00e9s\u0171 speci\u00e1lis ifj\u00fas\u00e1gseg\u00edt\u0151 szolg\u00e1lat \u00e1ll rendelkez\u00e9sre.<\/p><p><audio class=\"wp-audio-shortcode\" id=\"audio-5573-1\" preload=\"none\" style=\"width: 100%;\" controls=\"controls\"><source type=\"audio\/wav\" src=\"https:\/\/mijn-lo.nl\/wp-content\/uploads\/2024\/02\/jeugdzorg.wav?_=1\" \/><a href=\"https:\/\/mijn-lo.nl\/wp-content\/uploads\/2024\/02\/jeugdzorg.wav\">https:\/\/mijn-lo.nl\/wp-content\/uploads\/2024\/02\/jeugdzorg.wav<\/a><\/audio><\/p><p><br \/>Ez a szolg\u00e1ltat\u00e1s sz\u00fcl\u0151knek\/gyermekeknek sz\u00f3l, \u00e9s 3 f\u0151 t\u00e9m\u00e1t \u00f6lel fel:<\/p><p><strong>\"Jeugdhulp\" (seg\u00edts\u00e9g)<\/strong>: T\u00e1mogat\u00e1st ny\u00fajt az \u00e9rzelmi, viselked\u00e9si vagy fejl\u0151d\u00e9si neh\u00e9zs\u00e9gekkel k\u00fczd\u0151 gyermekek sz\u00e1m\u00e1ra. Ez mag\u00e1ban foglalhat ter\u00e1pi\u00e1t, csal\u00e1di tan\u00e1csad\u00e1st vagy speci\u00e1lis oktat\u00e1st.<\/p><p>\u201c<strong>Jeugdbescherming\" (v\u00e9delem)\u00a0<\/strong>:Beavatkozik, ha a gyermekeket elhanyagol\u00e1s, b\u00e1ntalmaz\u00e1s vagy kizs\u00e1km\u00e1nyol\u00e1s vesz\u00e9lye fenyegeti. Ez mag\u00e1ban foglalhatja nevel\u0151sz\u00fcl\u0151kn\u00e9l t\u00f6rt\u00e9n\u0151 elhelyez\u00e9st, intenz\u00edv csal\u00e1dt\u00e1mogat\u00e1st vagy jogi beavatkoz\u00e1st.<\/p><p><strong>Jeugdreclassering:<\/strong>\u00a0<strong>(hagyja el a b\u0171n\u00f6s utat, \u00e9s tal\u00e1lja meg a helyes utat):<\/strong>\u00a0Fiatal elk\u00f6vet\u0151kkel dolgozik, hogy foglalkozzon b\u0171nelk\u00f6vet\u00e9si magatart\u00e1sukkal, \u00e9s seg\u00edtse \u0151ket a t\u00e1rsadalomba val\u00f3 visszailleszked\u00e9sben. Ez fel\u00fcgyeletet, tan\u00e1csad\u00e1st \u00e9s k\u00f6zmunk\u00e1t foglal mag\u00e1ban.<\/p><p>Az emberek \u00e1ltal\u00e1ban megk\u00e9rdezhetik orvosukat, hogyan \u00e9rhetik el ezt az ell\u00e1t\u00e1st.<\/p>\t\t\t\t\t\t\t\t<\/div>\n\t\t\t\t<\/div>\n\t\t\t\t\t<\/div>\n\t\t<\/div>\n\t\t\t\t\t<\/div>\n\t\t<\/section>\n\t\t\t\t<section class=\"elementor-section elementor-top-section elementor-element elementor-element-2edcca1 elementor-section-boxed elementor-section-height-default elementor-section-height-default\" data-id=\"2edcca1\" data-element_type=\"section\">\n\t\t\t\t\t\t<div class=\"elementor-container elementor-column-gap-default\">\n\t\t\t\t\t<div class=\"elementor-column elementor-col-100 elementor-top-column elementor-element elementor-element-75349f87\" data-id=\"75349f87\" data-element_type=\"column\">\n\t\t\t<div class=\"elementor-widget-wrap elementor-element-populated\">\n\t\t\t\t\t\t<div class=\"elementor-element elementor-element-2d2d0e50 elementor-align-center elementor-widget elementor-widget-button\" data-id=\"2d2d0e50\" data-element_type=\"widget\" data-widget_type=\"button.default\">\n\t\t\t\t<div class=\"elementor-widget-container\">\n\t\t\t\t\t\t\t\t\t<div class=\"elementor-button-wrapper\">\n\t\t\t\t\t<a class=\"elementor-button elementor-button-link elementor-size-sm\" href=\"https:\/\/mijn-lo.nl\/hu\/education\/test-6\/\">\n\t\t\t\t\t\t<span class=\"elementor-button-content-wrapper\">\n\t\t\t\t\t\t\t\t\t<span class=\"elementor-button-text\">folytat\u00e1s<\/span>\n\t\t\t\t\t<\/span>\n\t\t\t\t\t<\/a>\n\t\t\t\t<\/div>\n\t\t\t\t\t\t\t\t<\/div>\n\t\t\t\t<\/div>\n\t\t\t\t\t<\/div>\n\t\t<\/div>\n\t\t\t\t\t<\/div>\n\t\t<\/section>\n\t\t\t\t<\/div>","protected":false},"excerpt":{"rendered":"<p>Raising kids About raising kids Raising kids in the Netherlands is an important issue Kids have to have a happy childhood and have to feel safe.\u00a0The Netherlands often tops lists about children&#8217;s happiness due to good schools, strong family ties, and government support. But as in any countries problems may arise. Parents usualy look for [&hellip;]<\/p>\n","protected":false},"author":1,"featured_media":0,"parent":3363,"menu_order":4,"comment_status":"closed","ping_status":"closed","template":"elementor_canvas","meta":{"site-sidebar-layout":"no-sidebar","site-content-layout":"page-builder","ast-site-content-layout":"full-width-container","site-content-style":"default","site-sidebar-style":"default","ast-global-header-display":"","ast-banner-title-visibility":"","ast-main-header-display":"","ast-hfb-above-header-display":"","ast-hfb-below-header-display":"","ast-hfb-mobile-header-display":"","site-post-title":"disabled","ast-breadcrumbs-content":"","ast-featured-img":"disabled","footer-sml-layout":"","theme-transparent-header-meta":"","adv-header-id-meta":"","stick-header-meta":"","header-above-stick-meta":"","header-main-stick-meta":"","header-below-stick-meta":"","astra-migrate-meta-layouts":"set","ast-page-background-enabled":"default","ast-page-background-meta":{"desktop":{"background-color":"var(--ast-global-color-4)","background-image":"","background-repeat":"repeat","background-position":"center center","background-size":"auto","background-attachment":"scroll","background-type":"","background-media":"","overlay-type":"","overlay-color":"","overlay-opacity":"","overlay-gradient":""},"tablet":{"background-color":"","background-image":"","background-repeat":"repeat","background-position":"center center","background-size":"auto","background-attachment":"scroll","background-type":"","background-media":"","overlay-type":"","overlay-color":"","overlay-opacity":"","overlay-gradient":""},"mobile":{"background-color":"","background-image":"","background-repeat":"repeat","background-position":"center center","background-size":"auto","background-attachment":"scroll","background-type":"","background-media":"","overlay-type":"","overlay-color":"","overlay-opacity":"","overlay-gradient":""}},"ast-content-background-meta":{"desktop":{"background-color":"var(--ast-global-color-5)","background-image":"","background-repeat":"repeat","background-position":"center center","background-size":"auto","background-attachment":"scroll","background-type":"","background-media":"","overlay-type":"","overlay-color":"","overlay-opacity":"","overlay-gradient":""},"tablet":{"background-color":"var(--ast-global-color-5)","background-image":"","background-repeat":"repeat","background-position":"center center","background-size":"auto","background-attachment":"scroll","background-type":"","background-media":"","overlay-type":"","overlay-color":"","overlay-opacity":"","overlay-gradient":""},"mobile":{"background-color":"var(--ast-global-color-5)","background-image":"","background-repeat":"repeat","background-position":"center center","background-size":"auto","background-attachment":"scroll","background-type":"","background-media":"","overlay-type":"","overlay-color":"","overlay-opacity":"","overlay-gradient":""}},"footnotes":""},"class_list":["post-5573","page","type-page","status-publish","hentry"],"_links":{"self":[{"href":"https:\/\/mijn-lo.nl\/hu\/wp-json\/wp\/v2\/pages\/5573","targetHints":{"allow":["GET"]}}],"collection":[{"href":"https:\/\/mijn-lo.nl\/hu\/wp-json\/wp\/v2\/pages"}],"about":[{"href":"https:\/\/mijn-lo.nl\/hu\/wp-json\/wp\/v2\/types\/page"}],"author":[{"embeddable":true,"href":"https:\/\/mijn-lo.nl\/hu\/wp-json\/wp\/v2\/users\/1"}],"replies":[{"embeddable":true,"href":"https:\/\/mijn-lo.nl\/hu\/wp-json\/wp\/v2\/comments?post=5573"}],"version-history":[{"count":13,"href":"https:\/\/mijn-lo.nl\/hu\/wp-json\/wp\/v2\/pages\/5573\/revisions"}],"predecessor-version":[{"id":6301,"href":"https:\/\/mijn-lo.nl\/hu\/wp-json\/wp\/v2\/pages\/5573\/revisions\/6301"}],"up":[{"embeddable":true,"href":"https:\/\/mijn-lo.nl\/hu\/wp-json\/wp\/v2\/pages\/3363"}],"wp:attachment":[{"href":"https:\/\/mijn-lo.nl\/hu\/wp-json\/wp\/v2\/media?parent=5573"}],"curies":[{"name":"wp","href":"https:\/\/api.w.org\/{rel}","templated":true}]}}