{"id":3327,"date":"2023-09-03T09:40:33","date_gmt":"2023-09-03T09:40:33","guid":{"rendered":"http:\/\/mijn-lo.nl\/?page_id=3327"},"modified":"2025-08-19T17:24:58","modified_gmt":"2025-08-19T17:24:58","slug":"housing","status":"publish","type":"page","link":"https:\/\/mijn-lo.nl\/nl\/housing\/housing\/","title":{"rendered":"Huisvesting"},"content":{"rendered":"<div data-elementor-type=\"wp-page\" data-elementor-id=\"3327\" class=\"elementor elementor-3327\" data-elementor-post-type=\"page\">\n\t\t\t\t\t\t<section class=\"elementor-section elementor-top-section elementor-element elementor-element-4ab774c elementor-section-boxed elementor-section-height-default elementor-section-height-default\" data-id=\"4ab774c\" data-element_type=\"section\">\n\t\t\t\t\t\t<div class=\"elementor-container elementor-column-gap-default\">\n\t\t\t\t\t<div class=\"elementor-column elementor-col-100 elementor-top-column elementor-element elementor-element-0de69c5\" data-id=\"0de69c5\" data-element_type=\"column\">\n\t\t\t<div class=\"elementor-widget-wrap elementor-element-populated\">\n\t\t\t\t\t\t<div class=\"elementor-element elementor-element-3ec27b9 elementor-widget elementor-widget-text-editor\" data-id=\"3ec27b9\" data-element_type=\"widget\" data-widget_type=\"text-editor.default\">\n\t\t\t\t<div class=\"elementor-widget-container\">\n\t\t\t\t\t\t\t\t\t<h3 class=\"mbr-section-subtitle mbr-fonts-style mb-4 display-5\"><strong>Huisvesting<\/strong><\/h3><p class=\"mbr-text mbr-fonts-style display-7\">We merken allereerst dat wonen in Nederland een probleem is omdat er een woningtekort is. E\u00e9n van de redenen voor dit tekort is dat veel woningen slechts door \u00e9\u00e9n persoon bewoond worden. Door het aantal echtscheidingen is er extra vraag naar woningen voor alleenstaanden. Het probleem werd ook groter naarmate mensen langer in hun huis bleven wonen.<\/p><p>Een goed huis is voor Nederland van groot belang, want in een klimaat dat vaak nat en koud is, is een goed huis natuurlijk belangrijk.<\/p>\t\t\t\t\t\t\t\t<\/div>\n\t\t\t\t<\/div>\n\t\t\t\t\t<\/div>\n\t\t<\/div>\n\t\t\t\t\t<\/div>\n\t\t<\/section>\n\t\t\t\t<section class=\"elementor-section elementor-top-section elementor-element elementor-element-919e86c elementor-section-boxed elementor-section-height-default elementor-section-height-default\" data-id=\"919e86c\" data-element_type=\"section\">\n\t\t\t\t\t\t<div class=\"elementor-container elementor-column-gap-default\">\n\t\t\t\t\t<div class=\"elementor-column elementor-col-100 elementor-top-column elementor-element elementor-element-39af052\" data-id=\"39af052\" data-element_type=\"column\">\n\t\t\t<div class=\"elementor-widget-wrap elementor-element-populated\">\n\t\t\t\t\t\t<div class=\"elementor-element elementor-element-17e3281 elementor-widget elementor-widget-image\" data-id=\"17e3281\" data-element_type=\"widget\" data-widget_type=\"image.default\">\n\t\t\t\t<div class=\"elementor-widget-container\">\n\t\t\t\t\t\t\t\t\t\t\t\t\t\t\t<img fetchpriority=\"high\" decoding=\"async\" width=\"1024\" height=\"569\" src=\"https:\/\/mijn-lo.nl\/wp-content\/uploads\/2023\/09\/soorten-huizen123-1095x608-1-1024x569.webp\" class=\"attachment-large size-large wp-image-3329\" alt=\"\" srcset=\"https:\/\/mijn-lo.nl\/wp-content\/uploads\/2023\/09\/soorten-huizen123-1095x608-1-1024x569.webp 1024w, https:\/\/mijn-lo.nl\/wp-content\/uploads\/2023\/09\/soorten-huizen123-1095x608-1-300x167.webp 300w, https:\/\/mijn-lo.nl\/wp-content\/uploads\/2023\/09\/soorten-huizen123-1095x608-1-768x426.webp 768w, https:\/\/mijn-lo.nl\/wp-content\/uploads\/2023\/09\/soorten-huizen123-1095x608-1-18x10.webp 18w, https:\/\/mijn-lo.nl\/wp-content\/uploads\/2023\/09\/soorten-huizen123-1095x608-1-24x13.webp 24w, https:\/\/mijn-lo.nl\/wp-content\/uploads\/2023\/09\/soorten-huizen123-1095x608-1-36x20.webp 36w, https:\/\/mijn-lo.nl\/wp-content\/uploads\/2023\/09\/soorten-huizen123-1095x608-1-48x27.webp 48w, https:\/\/mijn-lo.nl\/wp-content\/uploads\/2023\/09\/soorten-huizen123-1095x608-1.webp 1095w\" sizes=\"(max-width: 1024px) 100vw, 1024px\" \/>\t\t\t\t\t\t\t\t\t\t\t\t\t\t\t<\/div>\n\t\t\t\t<\/div>\n\t\t\t\t\t<\/div>\n\t\t<\/div>\n\t\t\t\t\t<\/div>\n\t\t<\/section>\n\t\t\t\t<section class=\"elementor-section elementor-top-section elementor-element elementor-element-8b766db elementor-section-boxed elementor-section-height-default elementor-section-height-default\" data-id=\"8b766db\" data-element_type=\"section\">\n\t\t\t\t\t\t<div class=\"elementor-container elementor-column-gap-default\">\n\t\t\t\t\t<div class=\"elementor-column elementor-col-100 elementor-top-column elementor-element elementor-element-3ab91f5\" data-id=\"3ab91f5\" data-element_type=\"column\">\n\t\t\t<div class=\"elementor-widget-wrap elementor-element-populated\">\n\t\t\t\t\t\t<div class=\"elementor-element elementor-element-a176388 elementor-widget elementor-widget-text-editor\" data-id=\"a176388\" data-element_type=\"widget\" data-widget_type=\"text-editor.default\">\n\t\t\t\t<div class=\"elementor-widget-container\">\n\t\t\t\t\t\t\t\t\t<p class=\"mbr-section-title mbr-fonts-style mb-4 display-5\" style=\"text-align: center;\">Soorten woningen\u00a0<\/p>\t\t\t\t\t\t\t\t<\/div>\n\t\t\t\t<\/div>\n\t\t\t\t\t<\/div>\n\t\t<\/div>\n\t\t\t\t\t<\/div>\n\t\t<\/section>\n\t\t\t\t<section class=\"elementor-section elementor-top-section elementor-element elementor-element-d43131f elementor-section-boxed elementor-section-height-default elementor-section-height-default\" data-id=\"d43131f\" data-element_type=\"section\">\n\t\t\t\t\t\t<div class=\"elementor-container elementor-column-gap-default\">\n\t\t\t\t\t<div class=\"elementor-column elementor-col-100 elementor-top-column elementor-element elementor-element-b74fd01\" data-id=\"b74fd01\" data-element_type=\"column\">\n\t\t\t<div class=\"elementor-widget-wrap elementor-element-populated\">\n\t\t\t\t\t\t<div class=\"elementor-element elementor-element-669e7d1 elementor-widget elementor-widget-text-editor\" data-id=\"669e7d1\" data-element_type=\"widget\" data-widget_type=\"text-editor.default\">\n\t\t\t\t<div class=\"elementor-widget-container\">\n\t\t\t\t\t\t\t\t\t<h4 style=\"font-weight: 400; line-height: 1.5; font-size: 2rem; word-break: break-word; overflow-wrap: break-word; font-style: normal; font-family: Jost, sans-serif; color: #232323; margin-bottom: 2rem !important;\"><strong>Woningtypen (zie foto hierboven)<\/strong><\/h4><p style=\"margin-bottom: 1rem; line-height: 1.5; word-break: break-word; overflow-wrap: break-word; font-weight: 400; font-style: normal; font-family: Jost, sans-serif; font-size: 1.2rem; color: #232323;\">1.\u00a0<strong>Appartement<\/strong>: we zien vooral appartementen in de stad. Vaak zien we een groot gebouw dat uit een aantal appartementen bestaat. Zo\u2019n groot gebouw noemen wij \u2018een flat\u2019. Soms zijn er speciale appartementen voor studenten.<br \/>2.\u00a0<strong>Eengezinswoning<\/strong>: het betreft een woning voor \u00e9\u00e9n gezin. Dit soort huizen komen we overal tegen. Meestal zijn ze met elkaar verbonden. Daarom wordt in het Nederlands de naam \u201crijhuis\u201d gebruikt. Als dat niet het geval is, spreken we van een vrijstaande woning. De Nederlandse naam verwijst naar een vrij huis.<br \/>3.\u00a0<strong>Vrijstaand huis:<\/strong>\u00a0het is meestal een huis voor rijkere mensen.<br \/>4.\u00a0<strong>Verzorgingstehuis:<\/strong>\u00a0ouderen blijven zo lang mogelijk thuis wonen, maar als dat niet meer kan, wonen ze in een verpleeghuis. Ze wonen bijna nooit bij hun kinderen.<\/p>\t\t\t\t\t\t\t\t<\/div>\n\t\t\t\t<\/div>\n\t\t\t\t\t<\/div>\n\t\t<\/div>\n\t\t\t\t\t<\/div>\n\t\t<\/section>\n\t\t\t\t<section class=\"elementor-section elementor-top-section elementor-element elementor-element-66a8790 elementor-section-boxed elementor-section-height-default elementor-section-height-default\" data-id=\"66a8790\" data-element_type=\"section\">\n\t\t\t\t\t\t<div class=\"elementor-container elementor-column-gap-default\">\n\t\t\t\t\t<div class=\"elementor-column elementor-col-50 elementor-top-column elementor-element elementor-element-b0ecfdc\" data-id=\"b0ecfdc\" data-element_type=\"column\">\n\t\t\t<div class=\"elementor-widget-wrap elementor-element-populated\">\n\t\t\t\t\t\t<div class=\"elementor-element elementor-element-1c999f8 elementor-widget elementor-widget-image\" data-id=\"1c999f8\" data-element_type=\"widget\" data-widget_type=\"image.default\">\n\t\t\t\t<div class=\"elementor-widget-container\">\n\t\t\t\t\t\t\t\t\t\t\t\t\t\t\t<img decoding=\"async\" width=\"534\" height=\"958\" src=\"https:\/\/mijn-lo.nl\/wp-content\/uploads\/2023\/09\/denkenaanhuis-txt534x958-534x958-1.webp\" class=\"attachment-large size-large wp-image-3336\" alt=\"\" srcset=\"https:\/\/mijn-lo.nl\/wp-content\/uploads\/2023\/09\/denkenaanhuis-txt534x958-534x958-1.webp 534w, https:\/\/mijn-lo.nl\/wp-content\/uploads\/2023\/09\/denkenaanhuis-txt534x958-534x958-1-167x300.webp 167w, https:\/\/mijn-lo.nl\/wp-content\/uploads\/2023\/09\/denkenaanhuis-txt534x958-534x958-1-7x12.webp 7w, https:\/\/mijn-lo.nl\/wp-content\/uploads\/2023\/09\/denkenaanhuis-txt534x958-534x958-1-13x24.webp 13w, https:\/\/mijn-lo.nl\/wp-content\/uploads\/2023\/09\/denkenaanhuis-txt534x958-534x958-1-20x36.webp 20w, https:\/\/mijn-lo.nl\/wp-content\/uploads\/2023\/09\/denkenaanhuis-txt534x958-534x958-1-27x48.webp 27w\" sizes=\"(max-width: 534px) 100vw, 534px\" \/>\t\t\t\t\t\t\t\t\t\t\t\t\t\t\t<\/div>\n\t\t\t\t<\/div>\n\t\t\t\t<div class=\"elementor-element elementor-element-6942d17 elementor-widget elementor-widget-text-editor\" data-id=\"6942d17\" data-element_type=\"widget\" data-widget_type=\"text-editor.default\">\n\t\t\t\t<div class=\"elementor-widget-container\">\n\t\t\t\t\t\t\t\t\t<p style=\"text-align: center;\">denk aan een huis...<\/p>\t\t\t\t\t\t\t\t<\/div>\n\t\t\t\t<\/div>\n\t\t\t\t\t<\/div>\n\t\t<\/div>\n\t\t\t\t<div class=\"elementor-column elementor-col-50 elementor-top-column elementor-element elementor-element-a301002\" data-id=\"a301002\" data-element_type=\"column\">\n\t\t\t<div class=\"elementor-widget-wrap elementor-element-populated\">\n\t\t\t\t\t\t<div class=\"elementor-element elementor-element-c5a19ba elementor-widget elementor-widget-text-editor\" data-id=\"c5a19ba\" data-element_type=\"widget\" data-widget_type=\"text-editor.default\">\n\t\t\t\t<div class=\"elementor-widget-container\">\n\t\t\t\t\t\t\t\t\t<h3 class=\"mbr-section-title mbr-fonts-style mb-3 display-5\"><strong>Om een huis te verkrijgen<\/strong><\/h3><p class=\"mbr-text mbr-fonts-style display-7\">In Nederland zijn er verschillende mogelijkheden om een huis te verkrijgen. Hier zijn enkele veelvoorkomende opties:<\/p><p><strong>1: Een huis kopen:<br \/><\/strong>Hierbij gaat het om de aankoop van een onroerend goed via een vastgoedtransactie. U kunt op vastgoedwebsites naar beschikbare huizen zoeken, samenwerken met een makelaar en met de verkoper over de aankoopprijs onderhandelen.<\/p><p><strong>2: Een huis huren:<\/strong><br \/>Huren is een andere veel voorkomende optie. Je kunt ervoor kiezen om een woning te huren bij een particuliere verhuurder of via een woningbouwvereniging. Huurcontracten kunnen qua duur en voorwaarden vari\u00ebren, en er kunnen criteria zijn om in aanmerking te komen, afhankelijk van het type woning.<\/p><p><strong>Sociale huisvesting<\/strong>: Nederland kent een systeem van sociale huisvesting, dat betaalbare huurwoningen biedt aan individuen en gezinnen met lagere inkomens. Om in aanmerking te komen voor een sociale huurwoning moet je aan specifieke inkomenseisen voldoen en je inschrijven bij de plaatselijke woningbouwvereniging.<br \/><em>Meestal is dit voor vergunninghouders de weg als eerste stap naar het verkrijgen van een woning.<br \/><\/em><br \/><strong>Woningco\u00f6peraties<\/strong>: Woningco\u00f6peraties\/Woningverenigingen zijn organisaties waarvan de leden gezamenlijk eigendommen bezitten en beheren. Leden dragen bij aan de co\u00f6peratie en hebben inspraak in de besluitvorming. Deze optie zorgt voor meer controle en betrokkenheid van de gemeenschap bij huisvesting. Soms moet u voor deze mogelijkheid contact opnemen met de gemeente.<\/p>\t\t\t\t\t\t\t\t<\/div>\n\t\t\t\t<\/div>\n\t\t\t\t\t<\/div>\n\t\t<\/div>\n\t\t\t\t\t<\/div>\n\t\t<\/section>\n\t\t\t\t<section class=\"elementor-section elementor-top-section elementor-element elementor-element-19e8993 elementor-reverse-tablet elementor-reverse-mobile elementor-section-boxed elementor-section-height-default elementor-section-height-default\" data-id=\"19e8993\" data-element_type=\"section\">\n\t\t\t\t\t\t<div class=\"elementor-container elementor-column-gap-default\">\n\t\t\t\t\t<div class=\"elementor-column elementor-col-50 elementor-top-column elementor-element elementor-element-0a060ed\" data-id=\"0a060ed\" data-element_type=\"column\">\n\t\t\t<div class=\"elementor-widget-wrap elementor-element-populated\">\n\t\t\t\t\t\t<div class=\"elementor-element elementor-element-0c01867 elementor-widget elementor-widget-text-editor\" data-id=\"0c01867\" data-element_type=\"widget\" data-widget_type=\"text-editor.default\">\n\t\t\t\t<div class=\"elementor-widget-container\">\n\t\t\t\t\t\t\t\t\t<h3 class=\"mbr-section-title mbr-fonts-style mb-3 display-5\"><strong>Een huis huren<\/strong><\/h3><p class=\"mbr-text mbr-fonts-style display-7\">In Nederland kun je op verschillende manieren een huis huren. Hier zijn enkele veelvoorkomende opties:<br \/><br \/><strong>Particuliere huurmarkt:\u00a0<\/strong>Veel huizen en appartementen zijn te huur bij individuele verhuurders of makelaarskantoren. U kunt huurwoningen online vinden, in advertenties of door rechtstreeks contact op te nemen met lokale makelaarskantoren. Bij het huren van een woning bij een woningbouwvereniging liggen de prijzen veel hoger.<br \/><br \/><strong>Sociale huisvesting:<\/strong>\u00a0Nederland kent betaalbare huurwoningen, de zogenaamde sociale huurwoningen. Het is vooral bedoeld voor mensen met een laag inkomen. Om in aanmerking te komen voor een sociale woning moet u zich doorgaans inschrijven bij uw lokale overheid en aan bepaalde inkomens- en andere eisen voldoen. Er kan veel vraag zijn naar sociale woningen, dus er kunnen wachtlijsten zijn.<br \/><br \/><strong>Studenten Huisvesting:<\/strong>\u00a0Als je student bent, zijn er huisvestingsmogelijkheden speciaal voor studenten, zoals slaapzalen, gedeelde appartementen of studentencomplexen. Onderwijsinstellingen of gespecialiseerde huisvestingsorganisaties bieden deze mogelijkheden.<br \/><br \/><strong>Kortetermijnverhuur:\u00a0<\/strong>Als u slechts tijdelijk een verblijfplaats nodig heeft, zijn er huuropties voor de korte termijn. U kunt voor een kortere periode gemeubileerde of gemeubileerde appartementen huren. Deze huurwoningen zijn duurder, maar bieden flexibiliteit.<br \/><br \/><strong>Woningcorporaties:\u00a0<\/strong>Woningcorporaties in Nederland bieden huurwoningen aan, waaronder sociale huurwoningen. Zij bezitten en beheren veel huurwoningen. Via deze verenigingen kun je woonruimte aanvragen, maar de beschikbaarheid kan vari\u00ebren. Meestal is uw eerste huis van een woningbouwvereniging.<br \/><br \/>Houd er rekening mee dat huren in Nederland concurrerend kan zijn, vooral in populaire steden als Amsterdam, Rotterdam en Utrecht. Het is een goed idee om vroeg te beginnen met zoeken, de benodigde documenten en referenties bij de hand te hebben en te overwegen om betrouwbare verhuurplatforms te gebruiken of hulp te krijgen van lokale makelaars of huisvestingsorganisaties.<\/p>\t\t\t\t\t\t\t\t<\/div>\n\t\t\t\t<\/div>\n\t\t\t\t\t<\/div>\n\t\t<\/div>\n\t\t\t\t<div class=\"elementor-column elementor-col-50 elementor-top-column elementor-element elementor-element-8702fd5\" data-id=\"8702fd5\" data-element_type=\"column\">\n\t\t\t<div class=\"elementor-widget-wrap elementor-element-populated\">\n\t\t\t\t\t\t<div class=\"elementor-element elementor-element-94168c2 elementor-widget elementor-widget-image\" data-id=\"94168c2\" data-element_type=\"widget\" data-widget_type=\"image.default\">\n\t\t\t\t<div class=\"elementor-widget-container\">\n\t\t\t\t\t\t\t\t\t\t\t\t\t\t\t<img decoding=\"async\" width=\"708\" height=\"841\" src=\"https:\/\/mijn-lo.nl\/wp-content\/uploads\/2023\/09\/tr-huurkl2-708x841-1.webp\" class=\"attachment-large size-large wp-image-3340\" alt=\"\" srcset=\"https:\/\/mijn-lo.nl\/wp-content\/uploads\/2023\/09\/tr-huurkl2-708x841-1.webp 708w, https:\/\/mijn-lo.nl\/wp-content\/uploads\/2023\/09\/tr-huurkl2-708x841-1-253x300.webp 253w, https:\/\/mijn-lo.nl\/wp-content\/uploads\/2023\/09\/tr-huurkl2-708x841-1-10x12.webp 10w, https:\/\/mijn-lo.nl\/wp-content\/uploads\/2023\/09\/tr-huurkl2-708x841-1-20x24.webp 20w, https:\/\/mijn-lo.nl\/wp-content\/uploads\/2023\/09\/tr-huurkl2-708x841-1-30x36.webp 30w, https:\/\/mijn-lo.nl\/wp-content\/uploads\/2023\/09\/tr-huurkl2-708x841-1-40x48.webp 40w\" sizes=\"(max-width: 708px) 100vw, 708px\" \/>\t\t\t\t\t\t\t\t\t\t\t\t\t\t\t<\/div>\n\t\t\t\t<\/div>\n\t\t\t\t<div class=\"elementor-element elementor-element-fd048d8 elementor-widget elementor-widget-text-editor\" data-id=\"fd048d8\" data-element_type=\"widget\" data-widget_type=\"text-editor.default\">\n\t\t\t\t<div class=\"elementor-widget-container\">\n\t\t\t\t\t\t\t\t\t<p style=\"text-align: center;\">Te huur<\/p>\t\t\t\t\t\t\t\t<\/div>\n\t\t\t\t<\/div>\n\t\t\t\t\t<\/div>\n\t\t<\/div>\n\t\t\t\t\t<\/div>\n\t\t<\/section>\n\t\t\t\t<section class=\"elementor-section elementor-top-section elementor-element elementor-element-2b30f624 elementor-section-boxed elementor-section-height-default elementor-section-height-default\" data-id=\"2b30f624\" data-element_type=\"section\">\n\t\t\t\t\t\t<div class=\"elementor-container elementor-column-gap-default\">\n\t\t\t\t\t<div class=\"elementor-column elementor-col-50 elementor-top-column elementor-element elementor-element-28d905ee\" data-id=\"28d905ee\" data-element_type=\"column\">\n\t\t\t<div class=\"elementor-widget-wrap elementor-element-populated\">\n\t\t\t\t\t\t<div class=\"elementor-element elementor-element-36afbcf0 elementor-widget elementor-widget-image\" data-id=\"36afbcf0\" data-element_type=\"widget\" data-widget_type=\"image.default\">\n\t\t\t\t<div class=\"elementor-widget-container\">\n\t\t\t\t\t\t\t\t\t\t\t\t\t\t\t<img loading=\"lazy\" decoding=\"async\" width=\"562\" height=\"787\" src=\"https:\/\/mijn-lo.nl\/wp-content\/uploads\/2023\/09\/insurancetxt-562x787-1.webp\" class=\"attachment-large size-large wp-image-3349\" alt=\"\" srcset=\"https:\/\/mijn-lo.nl\/wp-content\/uploads\/2023\/09\/insurancetxt-562x787-1.webp 562w, https:\/\/mijn-lo.nl\/wp-content\/uploads\/2023\/09\/insurancetxt-562x787-1-214x300.webp 214w, https:\/\/mijn-lo.nl\/wp-content\/uploads\/2023\/09\/insurancetxt-562x787-1-9x12.webp 9w, https:\/\/mijn-lo.nl\/wp-content\/uploads\/2023\/09\/insurancetxt-562x787-1-17x24.webp 17w, https:\/\/mijn-lo.nl\/wp-content\/uploads\/2023\/09\/insurancetxt-562x787-1-26x36.webp 26w, https:\/\/mijn-lo.nl\/wp-content\/uploads\/2023\/09\/insurancetxt-562x787-1-34x48.webp 34w\" sizes=\"(max-width: 562px) 100vw, 562px\" \/>\t\t\t\t\t\t\t\t\t\t\t\t\t\t\t<\/div>\n\t\t\t\t<\/div>\n\t\t\t\t<div class=\"elementor-element elementor-element-4c9c6d18 elementor-widget elementor-widget-text-editor\" data-id=\"4c9c6d18\" data-element_type=\"widget\" data-widget_type=\"text-editor.default\">\n\t\t\t\t<div class=\"elementor-widget-container\">\n\t\t\t\t\t\t\t\t\t<p style=\"text-align: center;\">Over verzekeringen gesproken<\/p>\t\t\t\t\t\t\t\t<\/div>\n\t\t\t\t<\/div>\n\t\t\t\t\t<\/div>\n\t\t<\/div>\n\t\t\t\t<div class=\"elementor-column elementor-col-50 elementor-top-column elementor-element elementor-element-2a6d68bd\" data-id=\"2a6d68bd\" data-element_type=\"column\">\n\t\t\t<div class=\"elementor-widget-wrap elementor-element-populated\">\n\t\t\t\t\t\t<div class=\"elementor-element elementor-element-4ae0e46c elementor-widget elementor-widget-text-editor\" data-id=\"4ae0e46c\" data-element_type=\"widget\" data-widget_type=\"text-editor.default\">\n\t\t\t\t<div class=\"elementor-widget-container\">\n\t\t\t\t\t\t\t\t\t<h3 class=\"mbr-section-title mbr-fonts-style mb-3 display-5\" style=\"font-weight: 400; line-height: 1.5; font-size: 2rem; word-break: break-word; overflow-wrap: break-word; font-style: normal; font-family: Jost, sans-serif; color: #232323; margin-bottom: 1rem !important;\"><strong>Verzekeringen<\/strong><\/h3><p class=\"mbr-text mbr-fonts-style display-7\" style=\"margin-bottom: 1rem; line-height: 1.5; word-break: break-word; overflow-wrap: break-word; font-weight: 400; font-style: normal; font-family: Jost, sans-serif; font-size: 1.2rem; color: #232323;\">Vergeet de verzekeringen niet.<br \/><br \/><\/p><p>Om verzekerd te zijn, moet u premie betalen.\u00a0<br \/><strong>\u2022 Aansprakelijkheidsverzekering<\/strong>: als je per ongeluk iets kapot maakt bij iemand anders thuis, op school of op straat. Het gaat niet om jouw spullen die kapot zijn, maar om die van iemand anders.<br \/><strong>\u2022 Inboedelverzekering:<\/strong>\u00a0alles in je huis. Als er iets in huis kapot is (door\u00a0<strong>brand, water of diefstal).<br \/>\u2022 Woonhuisverzekering:\u00a0<\/strong>Opstalverzekering: alleen voor koopwoningen. Als er iets kapot gaat in huis door brand, storm of water. Deze verzekering is noodzakelijk voor het verkrijgen van een hypotheek.<br \/>\u2022\u00a0<strong>Ziektekostenverzekering<\/strong>: de basisverzekering is verplicht (aanvullende verzekering is mogelijk).<\/p>\t\t\t\t\t\t\t\t<\/div>\n\t\t\t\t<\/div>\n\t\t\t\t\t<\/div>\n\t\t<\/div>\n\t\t\t\t\t<\/div>\n\t\t<\/section>\n\t\t\t\t<section class=\"elementor-section elementor-top-section elementor-element elementor-element-2edcca1 elementor-section-boxed elementor-section-height-default elementor-section-height-default\" data-id=\"2edcca1\" data-element_type=\"section\">\n\t\t\t\t\t\t<div class=\"elementor-container elementor-column-gap-default\">\n\t\t\t\t\t<div class=\"elementor-column elementor-col-100 elementor-top-column elementor-element elementor-element-75349f87\" data-id=\"75349f87\" data-element_type=\"column\">\n\t\t\t<div class=\"elementor-widget-wrap elementor-element-populated\">\n\t\t\t\t\t\t<div class=\"elementor-element elementor-element-2d2d0e50 elementor-align-center elementor-widget elementor-widget-button\" data-id=\"2d2d0e50\" data-element_type=\"widget\" data-widget_type=\"button.default\">\n\t\t\t\t<div class=\"elementor-widget-container\">\n\t\t\t\t\t\t\t\t\t<div class=\"elementor-button-wrapper\">\n\t\t\t\t\t<a class=\"elementor-button elementor-button-link elementor-size-sm\" href=\"https:\/\/mijn-lo.nl\/nl\/housing\/mortgage\/\">\n\t\t\t\t\t\t<span class=\"elementor-button-content-wrapper\">\n\t\t\t\t\t\t\t\t\t<span class=\"elementor-button-text\">doorgaan<\/span>\n\t\t\t\t\t<\/span>\n\t\t\t\t\t<\/a>\n\t\t\t\t<\/div>\n\t\t\t\t\t\t\t\t<\/div>\n\t\t\t\t<\/div>\n\t\t\t\t\t<\/div>\n\t\t<\/div>\n\t\t\t\t\t<\/div>\n\t\t<\/section>\n\t\t\t\t<\/div>","protected":false},"excerpt":{"rendered":"<p>Housing We first notice that living in the Netherlands is a problem because there is a shortage of housing. One of the reasons for this shortage is that many homes are occupied by only one person. Due to the number of divorces, there is extra demand for homes for single people. The problem also increased [&hellip;]<\/p>\n","protected":false},"author":1,"featured_media":0,"parent":3311,"menu_order":2,"comment_status":"closed","ping_status":"closed","template":"elementor_canvas","meta":{"site-sidebar-layout":"no-sidebar","site-content-layout":"page-builder","ast-site-content-layout":"full-width-container","site-content-style":"default","site-sidebar-style":"default","ast-global-header-display":"","ast-banner-title-visibility":"","ast-main-header-display":"","ast-hfb-above-header-display":"","ast-hfb-below-header-display":"","ast-hfb-mobile-header-display":"","site-post-title":"disabled","ast-breadcrumbs-content":"","ast-featured-img":"disabled","footer-sml-layout":"","theme-transparent-header-meta":"","adv-header-id-meta":"","stick-header-meta":"","header-above-stick-meta":"","header-main-stick-meta":"","header-below-stick-meta":"","astra-migrate-meta-layouts":"set","ast-page-background-enabled":"default","ast-page-background-meta":{"desktop":{"background-color":"var(--ast-global-color-4)","background-image":"","background-repeat":"repeat","background-position":"center center","background-size":"auto","background-attachment":"scroll","background-type":"","background-media":"","overlay-type":"","overlay-color":"","overlay-opacity":"","overlay-gradient":""},"tablet":{"background-color":"","background-image":"","background-repeat":"repeat","background-position":"center center","background-size":"auto","background-attachment":"scroll","background-type":"","background-media":"","overlay-type":"","overlay-color":"","overlay-opacity":"","overlay-gradient":""},"mobile":{"background-color":"","background-image":"","background-repeat":"repeat","background-position":"center center","background-size":"auto","background-attachment":"scroll","background-type":"","background-media":"","overlay-type":"","overlay-color":"","overlay-opacity":"","overlay-gradient":""}},"ast-content-background-meta":{"desktop":{"background-color":"var(--ast-global-color-5)","background-image":"","background-repeat":"repeat","background-position":"center center","background-size":"auto","background-attachment":"scroll","background-type":"","background-media":"","overlay-type":"","overlay-color":"","overlay-opacity":"","overlay-gradient":""},"tablet":{"background-color":"var(--ast-global-color-5)","background-image":"","background-repeat":"repeat","background-position":"center center","background-size":"auto","background-attachment":"scroll","background-type":"","background-media":"","overlay-type":"","overlay-color":"","overlay-opacity":"","overlay-gradient":""},"mobile":{"background-color":"var(--ast-global-color-5)","background-image":"","background-repeat":"repeat","background-position":"center center","background-size":"auto","background-attachment":"scroll","background-type":"","background-media":"","overlay-type":"","overlay-color":"","overlay-opacity":"","overlay-gradient":""}},"footnotes":""},"class_list":["post-3327","page","type-page","status-publish","hentry"],"_links":{"self":[{"href":"https:\/\/mijn-lo.nl\/nl\/wp-json\/wp\/v2\/pages\/3327","targetHints":{"allow":["GET"]}}],"collection":[{"href":"https:\/\/mijn-lo.nl\/nl\/wp-json\/wp\/v2\/pages"}],"about":[{"href":"https:\/\/mijn-lo.nl\/nl\/wp-json\/wp\/v2\/types\/page"}],"author":[{"embeddable":true,"href":"https:\/\/mijn-lo.nl\/nl\/wp-json\/wp\/v2\/users\/1"}],"replies":[{"embeddable":true,"href":"https:\/\/mijn-lo.nl\/nl\/wp-json\/wp\/v2\/comments?post=3327"}],"version-history":[{"count":31,"href":"https:\/\/mijn-lo.nl\/nl\/wp-json\/wp\/v2\/pages\/3327\/revisions"}],"predecessor-version":[{"id":6253,"href":"https:\/\/mijn-lo.nl\/nl\/wp-json\/wp\/v2\/pages\/3327\/revisions\/6253"}],"up":[{"embeddable":true,"href":"https:\/\/mijn-lo.nl\/nl\/wp-json\/wp\/v2\/pages\/3311"}],"wp:attachment":[{"href":"https:\/\/mijn-lo.nl\/nl\/wp-json\/wp\/v2\/media?parent=3327"}],"curies":[{"name":"wp","href":"https:\/\/api.w.org\/{rel}","templated":true}]}}