{"id":3554,"date":"2023-09-03T11:47:15","date_gmt":"2023-09-03T11:47:15","guid":{"rendered":"http:\/\/mijn-lo.nl\/?page_id=3554"},"modified":"2025-08-19T17:18:44","modified_gmt":"2025-08-19T17:18:44","slug":"cold-in-winter-and-sometimes-hot-in-summer","status":"publish","type":"page","link":"https:\/\/mijn-lo.nl\/pl\/the-netherlands\/cold-in-winter-and-sometimes-hot-in-summer\/","title":{"rendered":"Zimno w zimie i czasami gor\u0105co w lecie"},"content":{"rendered":"<div data-elementor-type=\"wp-page\" data-elementor-id=\"3554\" class=\"elementor elementor-3554\" data-elementor-post-type=\"page\">\n\t\t\t\t\t\t<section class=\"elementor-section elementor-top-section elementor-element elementor-element-b8f7c24 elementor-section-boxed elementor-section-height-default elementor-section-height-default\" data-id=\"b8f7c24\" data-element_type=\"section\">\n\t\t\t\t\t\t<div class=\"elementor-container elementor-column-gap-default\">\n\t\t\t\t\t<div class=\"elementor-column elementor-col-50 elementor-top-column elementor-element elementor-element-c4128a9\" data-id=\"c4128a9\" data-element_type=\"column\">\n\t\t\t<div class=\"elementor-widget-wrap elementor-element-populated\">\n\t\t\t\t\t\t<div class=\"elementor-element elementor-element-371b563 elementor-widget elementor-widget-image\" data-id=\"371b563\" data-element_type=\"widget\" data-widget_type=\"image.default\">\n\t\t\t\t<div class=\"elementor-widget-container\">\n\t\t\t\t\t\t\t\t\t\t\t\t\t\t\t<img fetchpriority=\"high\" decoding=\"async\" width=\"496\" height=\"744\" src=\"https:\/\/mijn-lo.nl\/wp-content\/uploads\/2023\/09\/joey-sidney-winter-496x744-1.webp\" class=\"attachment-large size-large wp-image-3563\" alt=\"\" srcset=\"https:\/\/mijn-lo.nl\/wp-content\/uploads\/2023\/09\/joey-sidney-winter-496x744-1.webp 496w, https:\/\/mijn-lo.nl\/wp-content\/uploads\/2023\/09\/joey-sidney-winter-496x744-1-200x300.webp 200w, https:\/\/mijn-lo.nl\/wp-content\/uploads\/2023\/09\/joey-sidney-winter-496x744-1-8x12.webp 8w, https:\/\/mijn-lo.nl\/wp-content\/uploads\/2023\/09\/joey-sidney-winter-496x744-1-16x24.webp 16w, https:\/\/mijn-lo.nl\/wp-content\/uploads\/2023\/09\/joey-sidney-winter-496x744-1-24x36.webp 24w, https:\/\/mijn-lo.nl\/wp-content\/uploads\/2023\/09\/joey-sidney-winter-496x744-1-32x48.webp 32w\" sizes=\"(max-width: 496px) 100vw, 496px\" \/>\t\t\t\t\t\t\t\t\t\t\t\t\t\t\t<\/div>\n\t\t\t\t<\/div>\n\t\t\t\t\t<\/div>\n\t\t<\/div>\n\t\t\t\t<div class=\"elementor-column elementor-col-50 elementor-top-column elementor-element elementor-element-9742133\" data-id=\"9742133\" data-element_type=\"column\">\n\t\t\t<div class=\"elementor-widget-wrap elementor-element-populated\">\n\t\t\t\t\t\t<div class=\"elementor-element elementor-element-e37e50c elementor-widget elementor-widget-text-editor\" data-id=\"e37e50c\" data-element_type=\"widget\" data-widget_type=\"text-editor.default\">\n\t\t\t\t<div class=\"elementor-widget-container\">\n\t\t\t\t\t\t\t\t\t<h3 class=\"mbr-section-title mbr-fonts-style mb-3 display-5\"><strong>Zimno w zimie i czasami gor\u0105co w lecie<\/strong><\/h3><p class=\"mbr-text mbr-fonts-style display-7\">Pogoda w Holandii jest zmienna i ka\u017cdego dnia mo\u017ce by\u0107 inna. Czy s\u0142ysza\u0142e\u015b kiedy\u015b o porach roku? S\u0105 to okre\u015blone miesi\u0105ce z okre\u015blonym rodzajem pogody.<br \/>Holandia ma 4 pory roku:<\/p><p><strong>1. Zima<\/strong>: Grudzie\u0144 - marzec. W przesz\u0142o\u015bci jeziora i kana\u0142y zamarza\u0142y i by\u0142o du\u017co jazdy na \u0142y\u017cwach. Zmniejszy\u0142o si\u0119 to wraz ze zmian\u0105 klimatu. Wielkie rzeki ju\u017c nie zamarzaj\u0105. Tak by\u0142o kiedy\u015b. Ale czasami pada \u015bnieg (patrz zdj\u0119cie).<\/p><p><audio class=\"wp-audio-shortcode\" id=\"audio-3554-1\" preload=\"none\" style=\"width: 100%;\" controls=\"controls\"><source type=\"audio\/wav\" src=\"https:\/\/mijn-lo.nl\/wp-content\/uploads\/2023\/09\/0G1.wav?_=1\" \/><a href=\"https:\/\/mijn-lo.nl\/wp-content\/uploads\/2023\/09\/0G1.wav\">https:\/\/mijn-lo.nl\/wp-content\/uploads\/2023\/09\/0G1.wav<\/a><\/audio><\/p><p><strong style=\"font-style: inherit; color: var( --e-global-color-text ); font-family: var( --e-global-typography-text-font-family ), Sans-serif; background-color: var(--ast-global-color-5);\"><br \/>2. Wiosna<\/strong><span style=\"font-style: inherit; font-weight: inherit; color: var( --e-global-color-text ); font-family: var( --e-global-typography-text-font-family ), Sans-serif; background-color: var(--ast-global-color-5);\">: Marzec - czerwiec. Jest to okres, w kt\u00f3rym ponownie pojawiaj\u0105 si\u0119 li\u015bcie. Czasami m\u00f3wimy r\u00f3wnie\u017c o \"wio\u015bnie\", gdy m\u00f3wimy o tym okresie.<\/span><\/p><p><audio class=\"wp-audio-shortcode\" id=\"audio-3554-2\" preload=\"none\" style=\"width: 100%;\" controls=\"controls\"><source type=\"audio\/wav\" src=\"https:\/\/mijn-lo.nl\/wp-content\/uploads\/2023\/09\/0G2.wav?_=2\" \/><a href=\"https:\/\/mijn-lo.nl\/wp-content\/uploads\/2023\/09\/0G2.wav\">https:\/\/mijn-lo.nl\/wp-content\/uploads\/2023\/09\/0G2.wav<\/a><\/audio><\/p><p><strong style=\"font-style: inherit; color: var( --e-global-color-text ); font-family: var( --e-global-typography-text-font-family ), Sans-serif; background-color: var(--ast-global-color-5);\"><br \/>3. Lato<\/strong><span style=\"font-style: inherit; font-weight: inherit; color: var( --e-global-color-text ); font-family: var( --e-global-typography-text-font-family ), Sans-serif; background-color: var(--ast-global-color-5);\">: Czerwiec - wrzesie\u0144: jest to najcieplejszy okres w Holandii z temperaturami powy\u017cej 30 stopni. Jest to r\u00f3wnie\u017c czas, kiedy wiele os\u00f3b wyje\u017cd\u017ca na wakacje.<\/span><\/p><p><audio class=\"wp-audio-shortcode\" id=\"audio-3554-3\" preload=\"none\" style=\"width: 100%;\" controls=\"controls\"><source type=\"audio\/wav\" src=\"https:\/\/mijn-lo.nl\/wp-content\/uploads\/2023\/09\/0G3.wav?_=3\" \/><a href=\"https:\/\/mijn-lo.nl\/wp-content\/uploads\/2023\/09\/0G3.wav\">https:\/\/mijn-lo.nl\/wp-content\/uploads\/2023\/09\/0G3.wav<\/a><\/audio><\/p><p><strong style=\"font-style: inherit; color: var( --e-global-color-text ); font-family: var( --e-global-typography-text-font-family ), Sans-serif; background-color: var(--ast-global-color-5);\"><br \/>4. Jesie\u0144<\/strong><span style=\"font-style: inherit; font-weight: inherit; color: var( --e-global-color-text ); font-family: var( --e-global-typography-text-font-family ), Sans-serif; background-color: var(--ast-global-color-5);\">: Wrzesie\u0144 - grudzie\u0144. Jest to okres, w kt\u00f3rym li\u015bcie ponownie opadaj\u0105 z drzew. Pogoda staje si\u0119 coraz ch\u0142odniejsza. M\u00f3wimy r\u00f3wnie\u017c o \"jesieni\", gdy m\u00f3wimy o tym okresie.\u00a0<\/span><\/p><p><audio class=\"wp-audio-shortcode\" id=\"audio-3554-4\" preload=\"none\" style=\"width: 100%;\" controls=\"controls\"><source type=\"audio\/wav\" src=\"https:\/\/mijn-lo.nl\/wp-content\/uploads\/2023\/09\/0G4.wav?_=4\" \/><a href=\"https:\/\/mijn-lo.nl\/wp-content\/uploads\/2023\/09\/0G4.wav\">https:\/\/mijn-lo.nl\/wp-content\/uploads\/2023\/09\/0G4.wav<\/a><\/audio><\/p>\t\t\t\t\t\t\t\t<\/div>\n\t\t\t\t<\/div>\n\t\t\t\t\t<\/div>\n\t\t<\/div>\n\t\t\t\t\t<\/div>\n\t\t<\/section>\n\t\t\t\t<section class=\"elementor-section elementor-top-section elementor-element elementor-element-697e472e elementor-section-boxed elementor-section-height-default elementor-section-height-default\" data-id=\"697e472e\" data-element_type=\"section\">\n\t\t\t\t\t\t<div class=\"elementor-container elementor-column-gap-default\">\n\t\t\t\t\t<div class=\"elementor-column elementor-col-100 elementor-top-column elementor-element elementor-element-23b9b023\" data-id=\"23b9b023\" data-element_type=\"column\">\n\t\t\t<div class=\"elementor-widget-wrap elementor-element-populated\">\n\t\t\t\t\t\t<div class=\"elementor-element elementor-element-58057190 elementor-align-center elementor-widget elementor-widget-button\" data-id=\"58057190\" data-element_type=\"widget\" data-widget_type=\"button.default\">\n\t\t\t\t<div class=\"elementor-widget-container\">\n\t\t\t\t\t\t\t\t\t<div class=\"elementor-button-wrapper\">\n\t\t\t\t\t<a class=\"elementor-button elementor-button-link elementor-size-sm\" href=\"https:\/\/mijn-lo.nl\/pl\/the-netherlands\/who-lives-in-the-netherlands\/\">\n\t\t\t\t\t\t<span class=\"elementor-button-content-wrapper\">\n\t\t\t\t\t\t\t\t\t<span class=\"elementor-button-text\">Kontynuowa\u0107<\/span>\n\t\t\t\t\t<\/span>\n\t\t\t\t\t<\/a>\n\t\t\t\t<\/div>\n\t\t\t\t\t\t\t\t<\/div>\n\t\t\t\t<\/div>\n\t\t\t\t\t<\/div>\n\t\t<\/div>\n\t\t\t\t\t<\/div>\n\t\t<\/section>\n\t\t\t\t<\/div>","protected":false},"excerpt":{"rendered":"<p>Cold in winter and sometimes hot in summer The weather in the Netherlands is changeable and can be different every day. Have you ever heard of seasons. Those are certain months with a certain kind of weather.The Netherlands has 4 seasons: 1. Winter: December \u2013 March. In the past, the lakes and canals froze and [&hellip;]<\/p>\n","protected":false},"author":1,"featured_media":0,"parent":5002,"menu_order":5,"comment_status":"closed","ping_status":"closed","template":"elementor_canvas","meta":{"site-sidebar-layout":"no-sidebar","site-content-layout":"page-builder","ast-site-content-layout":"full-width-container","site-content-style":"default","site-sidebar-style":"default","ast-global-header-display":"","ast-banner-title-visibility":"","ast-main-header-display":"","ast-hfb-above-header-display":"","ast-hfb-below-header-display":"","ast-hfb-mobile-header-display":"","site-post-title":"disabled","ast-breadcrumbs-content":"","ast-featured-img":"disabled","footer-sml-layout":"","theme-transparent-header-meta":"","adv-header-id-meta":"","stick-header-meta":"","header-above-stick-meta":"","header-main-stick-meta":"","header-below-stick-meta":"","astra-migrate-meta-layouts":"set","ast-page-background-enabled":"default","ast-page-background-meta":{"desktop":{"background-color":"var(--ast-global-color-4)","background-image":"","background-repeat":"repeat","background-position":"center center","background-size":"auto","background-attachment":"scroll","background-type":"","background-media":"","overlay-type":"","overlay-color":"","overlay-opacity":"","overlay-gradient":""},"tablet":{"background-color":"","background-image":"","background-repeat":"repeat","background-position":"center center","background-size":"auto","background-attachment":"scroll","background-type":"","background-media":"","overlay-type":"","overlay-color":"","overlay-opacity":"","overlay-gradient":""},"mobile":{"background-color":"","background-image":"","background-repeat":"repeat","background-position":"center center","background-size":"auto","background-attachment":"scroll","background-type":"","background-media":"","overlay-type":"","overlay-color":"","overlay-opacity":"","overlay-gradient":""}},"ast-content-background-meta":{"desktop":{"background-color":"var(--ast-global-color-5)","background-image":"","background-repeat":"repeat","background-position":"center center","background-size":"auto","background-attachment":"scroll","background-type":"","background-media":"","overlay-type":"","overlay-color":"","overlay-opacity":"","overlay-gradient":""},"tablet":{"background-color":"var(--ast-global-color-5)","background-image":"","background-repeat":"repeat","background-position":"center center","background-size":"auto","background-attachment":"scroll","background-type":"","background-media":"","overlay-type":"","overlay-color":"","overlay-opacity":"","overlay-gradient":""},"mobile":{"background-color":"var(--ast-global-color-5)","background-image":"","background-repeat":"repeat","background-position":"center center","background-size":"auto","background-attachment":"scroll","background-type":"","background-media":"","overlay-type":"","overlay-color":"","overlay-opacity":"","overlay-gradient":""}},"footnotes":""},"class_list":["post-3554","page","type-page","status-publish","hentry"],"_links":{"self":[{"href":"https:\/\/mijn-lo.nl\/pl\/wp-json\/wp\/v2\/pages\/3554","targetHints":{"allow":["GET"]}}],"collection":[{"href":"https:\/\/mijn-lo.nl\/pl\/wp-json\/wp\/v2\/pages"}],"about":[{"href":"https:\/\/mijn-lo.nl\/pl\/wp-json\/wp\/v2\/types\/page"}],"author":[{"embeddable":true,"href":"https:\/\/mijn-lo.nl\/pl\/wp-json\/wp\/v2\/users\/1"}],"replies":[{"embeddable":true,"href":"https:\/\/mijn-lo.nl\/pl\/wp-json\/wp\/v2\/comments?post=3554"}],"version-history":[{"count":29,"href":"https:\/\/mijn-lo.nl\/pl\/wp-json\/wp\/v2\/pages\/3554\/revisions"}],"predecessor-version":[{"id":6217,"href":"https:\/\/mijn-lo.nl\/pl\/wp-json\/wp\/v2\/pages\/3554\/revisions\/6217"}],"up":[{"embeddable":true,"href":"https:\/\/mijn-lo.nl\/pl\/wp-json\/wp\/v2\/pages\/5002"}],"wp:attachment":[{"href":"https:\/\/mijn-lo.nl\/pl\/wp-json\/wp\/v2\/media?parent=3554"}],"curies":[{"name":"wp","href":"https:\/\/api.w.org\/{rel}","templated":true}]}}