{"id":3637,"date":"2023-09-03T12:19:16","date_gmt":"2023-09-03T12:19:16","guid":{"rendered":"http:\/\/mijn-lo.nl\/?page_id=3637"},"modified":"2025-08-19T17:20:49","modified_gmt":"2025-08-19T17:20:49","slug":"the-language","status":"publish","type":"page","link":"https:\/\/mijn-lo.nl\/pl\/the-netherlands\/the-language\/","title":{"rendered":"J\u0119zyk"},"content":{"rendered":"<div data-elementor-type=\"wp-page\" data-elementor-id=\"3637\" class=\"elementor elementor-3637\" data-elementor-post-type=\"page\">\n\t\t\t\t\t\t<section class=\"elementor-section elementor-top-section elementor-element elementor-element-4ab774c elementor-section-boxed elementor-section-height-default elementor-section-height-default\" data-id=\"4ab774c\" data-element_type=\"section\">\n\t\t\t\t\t\t<div class=\"elementor-container elementor-column-gap-default\">\n\t\t\t\t\t<div class=\"elementor-column elementor-col-50 elementor-top-column elementor-element elementor-element-da67a4a\" data-id=\"da67a4a\" data-element_type=\"column\">\n\t\t\t<div class=\"elementor-widget-wrap elementor-element-populated\">\n\t\t\t\t\t\t<div class=\"elementor-element elementor-element-ea2f344 elementor-widget elementor-widget-image\" data-id=\"ea2f344\" data-element_type=\"widget\" data-widget_type=\"image.default\">\n\t\t\t\t<div class=\"elementor-widget-container\">\n\t\t\t\t\t\t\t\t\t\t\t\t\t\t\t<img fetchpriority=\"high\" decoding=\"async\" width=\"1024\" height=\"685\" src=\"https:\/\/mijn-lo.nl\/wp-content\/uploads\/2023\/09\/talkdutch-1024x685.jpg\" class=\"attachment-large size-large wp-image-3651\" alt=\"\" srcset=\"https:\/\/mijn-lo.nl\/wp-content\/uploads\/2023\/09\/talkdutch-1024x685.jpg 1024w, https:\/\/mijn-lo.nl\/wp-content\/uploads\/2023\/09\/talkdutch-300x201.jpg 300w, https:\/\/mijn-lo.nl\/wp-content\/uploads\/2023\/09\/talkdutch-768x514.jpg 768w, https:\/\/mijn-lo.nl\/wp-content\/uploads\/2023\/09\/talkdutch-18x12.jpg 18w, https:\/\/mijn-lo.nl\/wp-content\/uploads\/2023\/09\/talkdutch-24x16.jpg 24w, https:\/\/mijn-lo.nl\/wp-content\/uploads\/2023\/09\/talkdutch-36x24.jpg 36w, https:\/\/mijn-lo.nl\/wp-content\/uploads\/2023\/09\/talkdutch-48x32.jpg 48w, https:\/\/mijn-lo.nl\/wp-content\/uploads\/2023\/09\/talkdutch.jpg 1200w\" sizes=\"(max-width: 1024px) 100vw, 1024px\" \/>\t\t\t\t\t\t\t\t\t\t\t\t\t\t\t<\/div>\n\t\t\t\t<\/div>\n\t\t\t\t\t<\/div>\n\t\t<\/div>\n\t\t\t\t<div class=\"elementor-column elementor-col-50 elementor-top-column elementor-element elementor-element-0de69c5\" data-id=\"0de69c5\" data-element_type=\"column\">\n\t\t\t<div class=\"elementor-widget-wrap elementor-element-populated\">\n\t\t\t\t\t\t<div class=\"elementor-element elementor-element-3ec27b9 elementor-widget elementor-widget-text-editor\" data-id=\"3ec27b9\" data-element_type=\"widget\" data-widget_type=\"text-editor.default\">\n\t\t\t\t<div class=\"elementor-widget-container\">\n\t\t\t\t\t\t\t\t\t<h4 class=\"mbr-section-subtitle mbr-fonts-style mb-4 display-5\"><strong>J\u0119zyk<\/strong><\/h4>\n<p class=\"mbr-text mbr-fonts-style display-7\">G\u0142\u00f3wnym j\u0119zykiem u\u017cywanym w Holandii jest niderlandzki, kt\u00f3ry ma r\u00f3\u017cne dialekty. We Fryzji, prowincji Holandii, drugim u\u017cywanym j\u0119zykiem jest fryzyjski. Je\u015bli planujesz mieszka\u0107 w Holandii na sta\u0142e, wa\u017cne jest, aby nauczy\u0107 si\u0119 holenderskiego. Wiele os\u00f3b z innych kraj\u00f3w uwa\u017ca, \u017ce nauka holenderskiego jest trudna, ale warto zauwa\u017cy\u0107, \u017ce holenderski ma podobie\u0144stwa do angielskiego, co mo\u017ce by\u0107 pomocne, je\u015bli znasz ju\u017c angielski.<\/p>\nAby oceni\u0107 bieg\u0142o\u015b\u0107 w j\u0119zyku niderlandzkim, ustanowiono r\u00f3\u017cne poziomy:\n\nA0 lub ewentualnie -A0: Jest to najni\u017cszy poziom. Na tym poziomie znasz proste s\u0142owa, zwroty i podstawowe zdania.\nA1: Jest to poziom pocz\u0105tkuj\u0105cy, na kt\u00f3rym mo\u017cesz wyrazi\u0107 swoje potrzeby i zrozumie\u0107 proste pytania. Je\u015bli nie jeste\u015b zaznajomiony z pisaniem, musisz nauczy\u0107 si\u0119 liter. Ta aplikacja pomaga w nauce j\u0119zyka niderlandzkiego na poziomie A1.\nB1: Ten poziom pozwala skutecznie komunikowa\u0107 si\u0119 i rozumie\u0107 proste rozmowy.\n\nNauka holenderskiego pomo\u017ce Ci lepiej zintegrowa\u0107 si\u0119 ze spo\u0142ecze\u0144stwem i komunikowa\u0107 si\u0119 z innymi w Holandii.\n\nHolenderskie s\u0142owo okre\u015blaj\u0105ce ich j\u0119zyk to \"Nederlands\":\n\n<audio class=\"wp-audio-shortcode\" id=\"audio-3637-1\" preload=\"none\" style=\"width: 100%;\" controls=\"controls\"><source type=\"audio\/wav\" src=\"https:\/\/mijn-lo.nl\/wp-content\/uploads\/2023\/09\/MAPH1-9-5.wav?_=1\" \/><a href=\"https:\/\/mijn-lo.nl\/wp-content\/uploads\/2023\/09\/MAPH1-9-5.wav\">https:\/\/mijn-lo.nl\/wp-content\/uploads\/2023\/09\/MAPH1-9-5.wav<\/a><\/audio>\t\t\t\t\t\t\t\t<\/div>\n\t\t\t\t<\/div>\n\t\t\t\t\t<\/div>\n\t\t<\/div>\n\t\t\t\t\t<\/div>\n\t\t<\/section>\n\t\t\t\t<section class=\"elementor-section elementor-top-section elementor-element elementor-element-59279571 elementor-section-boxed elementor-section-height-default elementor-section-height-default\" data-id=\"59279571\" data-element_type=\"section\">\n\t\t\t\t\t\t<div class=\"elementor-container elementor-column-gap-default\">\n\t\t\t\t\t<div class=\"elementor-column elementor-col-100 elementor-top-column elementor-element elementor-element-31387f13\" data-id=\"31387f13\" data-element_type=\"column\">\n\t\t\t<div class=\"elementor-widget-wrap elementor-element-populated\">\n\t\t\t\t\t\t<div class=\"elementor-element elementor-element-2e198351 elementor-align-center elementor-widget elementor-widget-button\" data-id=\"2e198351\" data-element_type=\"widget\" data-widget_type=\"button.default\">\n\t\t\t\t<div class=\"elementor-widget-container\">\n\t\t\t\t\t\t\t\t\t<div class=\"elementor-button-wrapper\">\n\t\t\t\t\t<a class=\"elementor-button elementor-button-link elementor-size-sm\" href=\"https:\/\/mijn-lo.nl\/pl\/the-netherlands\/the-netherlands-and-europe\/\">\n\t\t\t\t\t\t<span class=\"elementor-button-content-wrapper\">\n\t\t\t\t\t\t\t\t\t<span class=\"elementor-button-text\">Kontynuowa\u0107<\/span>\n\t\t\t\t\t<\/span>\n\t\t\t\t\t<\/a>\n\t\t\t\t<\/div>\n\t\t\t\t\t\t\t\t<\/div>\n\t\t\t\t<\/div>\n\t\t\t\t\t<\/div>\n\t\t<\/div>\n\t\t\t\t\t<\/div>\n\t\t<\/section>\n\t\t\t\t<\/div>","protected":false},"excerpt":{"rendered":"<p>The language The main language spoken in the Netherlands is Dutch, and it has various dialects. In Friesland, a province in the Netherlands, the second language spoken is Frisian. If you plan to live in the Netherlands permanently, it&#8217;s important to learn Dutch. Many people from other countries find it challenging to learn Dutch, but [&hellip;]<\/p>\n","protected":false},"author":1,"featured_media":0,"parent":5002,"menu_order":9,"comment_status":"closed","ping_status":"closed","template":"elementor_canvas","meta":{"site-sidebar-layout":"no-sidebar","site-content-layout":"page-builder","ast-site-content-layout":"full-width-container","site-content-style":"default","site-sidebar-style":"default","ast-global-header-display":"","ast-banner-title-visibility":"","ast-main-header-display":"","ast-hfb-above-header-display":"","ast-hfb-below-header-display":"","ast-hfb-mobile-header-display":"","site-post-title":"disabled","ast-breadcrumbs-content":"","ast-featured-img":"disabled","footer-sml-layout":"","theme-transparent-header-meta":"","adv-header-id-meta":"","stick-header-meta":"","header-above-stick-meta":"","header-main-stick-meta":"","header-below-stick-meta":"","astra-migrate-meta-layouts":"set","ast-page-background-enabled":"default","ast-page-background-meta":{"desktop":{"background-color":"var(--ast-global-color-4)","background-image":"","background-repeat":"repeat","background-position":"center center","background-size":"auto","background-attachment":"scroll","background-type":"","background-media":"","overlay-type":"","overlay-color":"","overlay-opacity":"","overlay-gradient":""},"tablet":{"background-color":"","background-image":"","background-repeat":"repeat","background-position":"center center","background-size":"auto","background-attachment":"scroll","background-type":"","background-media":"","overlay-type":"","overlay-color":"","overlay-opacity":"","overlay-gradient":""},"mobile":{"background-color":"","background-image":"","background-repeat":"repeat","background-position":"center center","background-size":"auto","background-attachment":"scroll","background-type":"","background-media":"","overlay-type":"","overlay-color":"","overlay-opacity":"","overlay-gradient":""}},"ast-content-background-meta":{"desktop":{"background-color":"var(--ast-global-color-5)","background-image":"","background-repeat":"repeat","background-position":"center center","background-size":"auto","background-attachment":"scroll","background-type":"","background-media":"","overlay-type":"","overlay-color":"","overlay-opacity":"","overlay-gradient":""},"tablet":{"background-color":"var(--ast-global-color-5)","background-image":"","background-repeat":"repeat","background-position":"center center","background-size":"auto","background-attachment":"scroll","background-type":"","background-media":"","overlay-type":"","overlay-color":"","overlay-opacity":"","overlay-gradient":""},"mobile":{"background-color":"var(--ast-global-color-5)","background-image":"","background-repeat":"repeat","background-position":"center center","background-size":"auto","background-attachment":"scroll","background-type":"","background-media":"","overlay-type":"","overlay-color":"","overlay-opacity":"","overlay-gradient":""}},"footnotes":""},"class_list":["post-3637","page","type-page","status-publish","hentry"],"_links":{"self":[{"href":"https:\/\/mijn-lo.nl\/pl\/wp-json\/wp\/v2\/pages\/3637","targetHints":{"allow":["GET"]}}],"collection":[{"href":"https:\/\/mijn-lo.nl\/pl\/wp-json\/wp\/v2\/pages"}],"about":[{"href":"https:\/\/mijn-lo.nl\/pl\/wp-json\/wp\/v2\/types\/page"}],"author":[{"embeddable":true,"href":"https:\/\/mijn-lo.nl\/pl\/wp-json\/wp\/v2\/users\/1"}],"replies":[{"embeddable":true,"href":"https:\/\/mijn-lo.nl\/pl\/wp-json\/wp\/v2\/comments?post=3637"}],"version-history":[{"count":20,"href":"https:\/\/mijn-lo.nl\/pl\/wp-json\/wp\/v2\/pages\/3637\/revisions"}],"predecessor-version":[{"id":6229,"href":"https:\/\/mijn-lo.nl\/pl\/wp-json\/wp\/v2\/pages\/3637\/revisions\/6229"}],"up":[{"embeddable":true,"href":"https:\/\/mijn-lo.nl\/pl\/wp-json\/wp\/v2\/pages\/5002"}],"wp:attachment":[{"href":"https:\/\/mijn-lo.nl\/pl\/wp-json\/wp\/v2\/media?parent=3637"}],"curies":[{"name":"wp","href":"https:\/\/api.w.org\/{rel}","templated":true}]}}