{"id":4132,"date":"2024-02-03T15:49:17","date_gmt":"2024-02-03T15:49:17","guid":{"rendered":"http:\/\/mijn-lo.nl\/?page_id=4132"},"modified":"2025-08-19T17:25:25","modified_gmt":"2025-08-19T17:25:25","slug":"mortgage","status":"publish","type":"page","link":"https:\/\/mijn-lo.nl\/pl\/housing\/mortgage\/","title":{"rendered":"Hipoteka"},"content":{"rendered":"<div data-elementor-type=\"wp-page\" data-elementor-id=\"4132\" class=\"elementor elementor-4132\" data-elementor-post-type=\"page\">\n\t\t\t\t\t\t<section class=\"elementor-section elementor-top-section elementor-element elementor-element-d43131f elementor-section-boxed elementor-section-height-default elementor-section-height-default\" data-id=\"d43131f\" data-element_type=\"section\">\n\t\t\t\t\t\t<div class=\"elementor-container elementor-column-gap-default\">\n\t\t\t\t\t<div class=\"elementor-column elementor-col-50 elementor-top-column elementor-element elementor-element-1189115\" data-id=\"1189115\" data-element_type=\"column\">\n\t\t\t<div class=\"elementor-widget-wrap elementor-element-populated\">\n\t\t\t\t\t\t<div class=\"elementor-element elementor-element-ec4366b elementor-widget elementor-widget-image\" data-id=\"ec4366b\" data-element_type=\"widget\" data-widget_type=\"image.default\">\n\t\t\t\t<div class=\"elementor-widget-container\">\n\t\t\t\t\t\t\t\t\t\t\t\t\t\t\t<img fetchpriority=\"high\" decoding=\"async\" width=\"570\" height=\"823\" src=\"https:\/\/mijn-lo.nl\/wp-content\/uploads\/2024\/02\/hypotheektxt-570x823-1.webp\" class=\"attachment-large size-large wp-image-4134\" alt=\"\" srcset=\"https:\/\/mijn-lo.nl\/wp-content\/uploads\/2024\/02\/hypotheektxt-570x823-1.webp 570w, https:\/\/mijn-lo.nl\/wp-content\/uploads\/2024\/02\/hypotheektxt-570x823-1-208x300.webp 208w, https:\/\/mijn-lo.nl\/wp-content\/uploads\/2024\/02\/hypotheektxt-570x823-1-8x12.webp 8w, https:\/\/mijn-lo.nl\/wp-content\/uploads\/2024\/02\/hypotheektxt-570x823-1-17x24.webp 17w, https:\/\/mijn-lo.nl\/wp-content\/uploads\/2024\/02\/hypotheektxt-570x823-1-25x36.webp 25w, https:\/\/mijn-lo.nl\/wp-content\/uploads\/2024\/02\/hypotheektxt-570x823-1-33x48.webp 33w\" sizes=\"(max-width: 570px) 100vw, 570px\" \/>\t\t\t\t\t\t\t\t\t\t\t\t\t\t\t<\/div>\n\t\t\t\t<\/div>\n\t\t\t\t<div class=\"elementor-element elementor-element-be81f1b elementor-widget elementor-widget-text-editor\" data-id=\"be81f1b\" data-element_type=\"widget\" data-widget_type=\"text-editor.default\">\n\t\t\t\t<div class=\"elementor-widget-container\">\n\t\t\t\t\t\t\t\t\t<p>Ka\u017cdy kredyt hipoteczny jest powi\u0105zany z procentem<\/p>\t\t\t\t\t\t\t\t<\/div>\n\t\t\t\t<\/div>\n\t\t\t\t\t<\/div>\n\t\t<\/div>\n\t\t\t\t<div class=\"elementor-column elementor-col-50 elementor-top-column elementor-element elementor-element-b74fd01\" data-id=\"b74fd01\" data-element_type=\"column\">\n\t\t\t<div class=\"elementor-widget-wrap elementor-element-populated\">\n\t\t\t\t\t\t<div class=\"elementor-element elementor-element-669e7d1 elementor-widget elementor-widget-text-editor\" data-id=\"669e7d1\" data-element_type=\"widget\" data-widget_type=\"text-editor.default\">\n\t\t\t\t<div class=\"elementor-widget-container\">\n\t\t\t\t\t\t\t\t\t<h3 class=\"mbr-section-title mbr-fonts-style mb-3 display-5\"><strong>Aby uzyska\u0107 kredyt hipoteczny (niderlandzki: \"hypotheek\")<\/strong><\/h3><p>Je\u015bli kupujesz dom, zazwyczaj potrzebujesz kredytu hipotecznego (po\u017cyczki). Aby uzyska\u0107 kredyt hipoteczny z banku, nale\u017cy wykona\u0107 kilka wa\u017cnych krok\u00f3w:<\/p><p><strong>Okre\u015bl sw\u00f3j bud\u017cet:<\/strong>\u00a0Przed z\u0142o\u017ceniem wniosku o kredyt hipoteczny musisz wiedzie\u0107, ile pieni\u0119dzy mo\u017cesz po\u017cyczy\u0107. We\u017a pod uwag\u0119 swoje dochody, wydatki i oszcz\u0119dno\u015bci, aby okre\u015bli\u0107 bud\u017cet na zakup domu.<br \/><strong><br \/>Sprawd\u017a opcje kredytu hipotecznego<\/strong>: Istniej\u0105 r\u00f3\u017cne rodzaje kredyt\u00f3w hipotecznych oferowanych przez banki, z kt\u00f3rych ka\u017cdy ma w\u0142asne warunki i stopy procentowe. Przyjrzyj si\u0119 r\u00f3\u017cnym po\u017cyczkodawcom i por\u00f3wnaj ich opcje hipoteczne, aby znale\u017a\u0107 tak\u0105, kt\u00f3ra odpowiada Twoim potrzebom. Typowe rodzaje obejmuj\u0105 kredyty hipoteczne o sta\u0142ym i zmiennym oprocentowaniu.<\/p><p><strong>Gromadzenie niezb\u0119dnych dokument\u00f3w<\/strong>: Aby ubiega\u0107 si\u0119 o kredyt hipoteczny, nale\u017cy przedstawi\u0107 okre\u015blone dokumenty potwierdzaj\u0105ce sytuacj\u0119 finansow\u0105. Mog\u0105 one obejmowa\u0107 dow\u00f3d dochodu (np. odcinki wyp\u0142aty lub zeznania podatkowe), wyci\u0105gi bankowe, dow\u00f3d to\u017csamo\u015bci, weryfikacj\u0119 zatrudnienia oraz szczeg\u00f3\u0142y dotycz\u0105ce wszelkich istniej\u0105cych d\u0142ug\u00f3w lub po\u017cyczek.<\/p><p><strong>Znajd\u017a nieruchomo\u015b\u0107 i z\u0142\u00f3\u017c ofert\u0119<\/strong>: Gdy znasz ju\u017c sw\u00f3j bud\u017cet, zacznij szuka\u0107 odpowiedniego domu. Mo\u017cesz wsp\u00f3\u0142pracowa\u0107 z agentem nieruchomo\u015bci lub przeszuka\u0107 oferty online. Gdy znajdziesz dom, kt\u00f3ry chcesz kupi\u0107, z\u0142\u00f3\u017c ofert\u0119 sprzedaj\u0105cemu.<\/p><p><strong>Z\u0142\u00f3\u017c wniosek o kredyt hipoteczny:<\/strong>\u00a0Po zaakceptowaniu oferty nale\u017cy z\u0142o\u017cy\u0107 formalny wniosek o kredyt hipoteczny w wybranym banku. Z\u0142\u00f3\u017c wszystkie wymagane dokumenty i wype\u0142nij formularze zg\u0142oszeniowe. Bank przeanalizuje Tw\u00f3j wniosek, w tym histori\u0119 kredytow\u0105, stabilno\u015b\u0107 zatrudnienia i informacje finansowe.<\/p>\t\t\t\t\t\t\t\t<\/div>\n\t\t\t\t<\/div>\n\t\t\t\t\t<\/div>\n\t\t<\/div>\n\t\t\t\t\t<\/div>\n\t\t<\/section>\n\t\t\t\t<section class=\"elementor-section elementor-top-section elementor-element elementor-element-66a8790 elementor-reverse-tablet elementor-reverse-mobile elementor-section-boxed elementor-section-height-default elementor-section-height-default\" data-id=\"66a8790\" data-element_type=\"section\">\n\t\t\t\t\t\t<div class=\"elementor-container elementor-column-gap-default\">\n\t\t\t\t\t<div class=\"elementor-column elementor-col-50 elementor-top-column elementor-element elementor-element-a301002\" data-id=\"a301002\" data-element_type=\"column\">\n\t\t\t<div class=\"elementor-widget-wrap elementor-element-populated\">\n\t\t\t\t\t\t<div class=\"elementor-element elementor-element-c5a19ba elementor-widget elementor-widget-text-editor\" data-id=\"c5a19ba\" data-element_type=\"widget\" data-widget_type=\"text-editor.default\">\n\t\t\t\t<div class=\"elementor-widget-container\">\n\t\t\t\t\t\t\t\t\t<h3 class=\"mbr-section-title mbr-fonts-style mb-3 display-5\"><strong>Uzyskanie domu za po\u015brednictwem sp\u00f3\u0142dzielni mieszkaniowej (niderlandzki: \"woningcorporatie\")<\/strong><\/h3><p>\u00a0<\/p><p class=\"mbr-text mbr-fonts-style display-7\">Zazwyczaj nie masz wystarczaj\u0105co du\u017co pieni\u0119dzy, aby kupi\u0107 dom. Uzyskanie domu za po\u015brednictwem sp\u00f3\u0142dzielni mieszkaniowej w Holandii zazwyczaj obejmuje nast\u0119puj\u0105ce kroki:<br \/><br \/><strong>Zacznij od sp\u00f3\u0142dzielni mieszkaniowych:<\/strong>\u00a0Zacznij od zbadania i zidentyfikowania sp\u00f3\u0142dzielni mieszkaniowych w wybranej lokalizacji. W ca\u0142ej Holandii istniej\u0105 r\u00f3\u017cne sp\u00f3\u0142dzielnie, z kt\u00f3rych ka\u017cda ma w\u0142asne zasady, wymagania i dost\u0119pne nieruchomo\u015bci. Zapoznaj si\u0119 z ich stronami internetowymi, skontaktuj si\u0119 z nimi bezpo\u015brednio lub odwied\u017a ich biura, aby zebra\u0107 informacje.<br \/><br \/><strong>Z\u0142o\u017cy\u0107 wniosek o pozwolenie na mieszkanie:\u00a0<\/strong>W niekt\u00f3rych gminach potrzebne jest pozwolenie na zamieszkanie. Mo\u017cesz o nie poprosi\u0107 w swojej gminie.<br \/>-<br \/><strong>Zgodno\u015b\u0107 z wymogami korporacji mieszkaniowej:\u00a0<\/strong>Sp\u00f3\u0142dzielnia mieszkaniowa mo\u017ce okre\u015bli\u0107 wymagania dotycz\u0105ce wielko\u015bci rodziny. Lub poziomu dochod\u00f3w.<br \/><br \/><strong>Cz\u0142onkostwo i rejestracja:<\/strong>\u00a0Aby uczestniczy\u0107 w sp\u00f3\u0142dzielni mieszkaniowej, zazwyczaj trzeba zosta\u0107 jej cz\u0142onkiem. Sprawd\u017a szczeg\u00f3\u0142owe wymagania dotycz\u0105ce cz\u0142onkostwa, kt\u00f3re mog\u0105 obejmowa\u0107 takie kryteria, jak limity dochod\u00f3w lub inne kryteria kwalifikowalno\u015bci. Zarejestruj si\u0119 w sp\u00f3\u0142dzielni, sk\u0142adaj\u0105c niezb\u0119dne dokumenty i wype\u0142niaj\u0105c wszelkie formularze zg\u0142oszeniowe.<br \/><strong><br \/>Do\u0142\u0105czanie do list oczekuj\u0105cych:<\/strong>\u00a0Sp\u00f3\u0142dzielnie mieszkaniowe cz\u0119sto maj\u0105 listy oczekuj\u0105cych na dost\u0119pne nieruchomo\u015bci. Po uzyskaniu cz\u0142onkostwa mo\u017ce by\u0107 konieczne do\u0142\u0105czenie do listy oczekuj\u0105cych na konkretne typy nieruchomo\u015bci lub dzielnice, kt\u00f3rymi jeste\u015b zainteresowany. Czas oczekiwania mo\u017ce by\u0107 bardzo r\u00f3\u017cny, od kilku miesi\u0119cy do kilku lat, w zale\u017cno\u015bci od popytu i dost\u0119pno\u015bci.<\/p>\t\t\t\t\t\t\t\t<\/div>\n\t\t\t\t<\/div>\n\t\t\t\t\t<\/div>\n\t\t<\/div>\n\t\t\t\t<div class=\"elementor-column elementor-col-50 elementor-top-column elementor-element elementor-element-b0ecfdc\" data-id=\"b0ecfdc\" data-element_type=\"column\">\n\t\t\t<div class=\"elementor-widget-wrap elementor-element-populated\">\n\t\t\t\t\t\t<div class=\"elementor-element elementor-element-1c999f8 elementor-widget elementor-widget-image\" data-id=\"1c999f8\" data-element_type=\"widget\" data-widget_type=\"image.default\">\n\t\t\t\t<div class=\"elementor-widget-container\">\n\t\t\t\t\t\t\t\t\t\t\t\t\t\t\t<img decoding=\"async\" width=\"526\" height=\"785\" src=\"https:\/\/mijn-lo.nl\/wp-content\/uploads\/2024\/02\/alliantie-526x785-1.webp\" class=\"attachment-large size-large wp-image-4135\" alt=\"\" srcset=\"https:\/\/mijn-lo.nl\/wp-content\/uploads\/2024\/02\/alliantie-526x785-1.webp 526w, https:\/\/mijn-lo.nl\/wp-content\/uploads\/2024\/02\/alliantie-526x785-1-201x300.webp 201w, https:\/\/mijn-lo.nl\/wp-content\/uploads\/2024\/02\/alliantie-526x785-1-8x12.webp 8w, https:\/\/mijn-lo.nl\/wp-content\/uploads\/2024\/02\/alliantie-526x785-1-16x24.webp 16w, https:\/\/mijn-lo.nl\/wp-content\/uploads\/2024\/02\/alliantie-526x785-1-24x36.webp 24w, https:\/\/mijn-lo.nl\/wp-content\/uploads\/2024\/02\/alliantie-526x785-1-32x48.webp 32w\" sizes=\"(max-width: 526px) 100vw, 526px\" \/>\t\t\t\t\t\t\t\t\t\t\t\t\t\t\t<\/div>\n\t\t\t\t<\/div>\n\t\t\t\t<div class=\"elementor-element elementor-element-6942d17 elementor-widget elementor-widget-text-editor\" data-id=\"6942d17\" data-element_type=\"widget\" data-widget_type=\"text-editor.default\">\n\t\t\t\t<div class=\"elementor-widget-container\">\n\t\t\t\t\t\t\t\t\t<p style=\"text-align: center;\">sp\u00f3\u0142dzielnia mieszkaniowa (tekst w j\u0119zyku arabskim)<\/p>\t\t\t\t\t\t\t\t<\/div>\n\t\t\t\t<\/div>\n\t\t\t\t\t<\/div>\n\t\t<\/div>\n\t\t\t\t\t<\/div>\n\t\t<\/section>\n\t\t\t\t<section class=\"elementor-section elementor-top-section elementor-element elementor-element-19e8993 elementor-section-boxed elementor-section-height-default elementor-section-height-default\" data-id=\"19e8993\" data-element_type=\"section\">\n\t\t\t\t\t\t<div class=\"elementor-container elementor-column-gap-default\">\n\t\t\t\t\t<div class=\"elementor-column elementor-col-50 elementor-top-column elementor-element elementor-element-8702fd5\" data-id=\"8702fd5\" data-element_type=\"column\">\n\t\t\t<div class=\"elementor-widget-wrap elementor-element-populated\">\n\t\t\t\t\t\t<div class=\"elementor-element elementor-element-94168c2 elementor-widget elementor-widget-image\" data-id=\"94168c2\" data-element_type=\"widget\" data-widget_type=\"image.default\">\n\t\t\t\t<div class=\"elementor-widget-container\">\n\t\t\t\t\t\t\t\t\t\t\t\t\t\t\t<img decoding=\"async\" width=\"553\" height=\"865\" src=\"https:\/\/mijn-lo.nl\/wp-content\/uploads\/2024\/02\/funda1-553x865-1.webp\" class=\"attachment-large size-large wp-image-4136\" alt=\"\" srcset=\"https:\/\/mijn-lo.nl\/wp-content\/uploads\/2024\/02\/funda1-553x865-1.webp 553w, https:\/\/mijn-lo.nl\/wp-content\/uploads\/2024\/02\/funda1-553x865-1-192x300.webp 192w, https:\/\/mijn-lo.nl\/wp-content\/uploads\/2024\/02\/funda1-553x865-1-8x12.webp 8w, https:\/\/mijn-lo.nl\/wp-content\/uploads\/2024\/02\/funda1-553x865-1-15x24.webp 15w, https:\/\/mijn-lo.nl\/wp-content\/uploads\/2024\/02\/funda1-553x865-1-23x36.webp 23w, https:\/\/mijn-lo.nl\/wp-content\/uploads\/2024\/02\/funda1-553x865-1-31x48.webp 31w\" sizes=\"(max-width: 553px) 100vw, 553px\" \/>\t\t\t\t\t\t\t\t\t\t\t\t\t\t\t<\/div>\n\t\t\t\t<\/div>\n\t\t\t\t<div class=\"elementor-element elementor-element-fd048d8 elementor-widget elementor-widget-text-editor\" data-id=\"fd048d8\" data-element_type=\"widget\" data-widget_type=\"text-editor.default\">\n\t\t\t\t<div class=\"elementor-widget-container\">\n\t\t\t\t\t\t\t\t\t<p style=\"text-align: center;\">Strona internetowa Funda<\/p>\t\t\t\t\t\t\t\t<\/div>\n\t\t\t\t<\/div>\n\t\t\t\t\t<\/div>\n\t\t<\/div>\n\t\t\t\t<div class=\"elementor-column elementor-col-50 elementor-top-column elementor-element elementor-element-0a060ed\" data-id=\"0a060ed\" data-element_type=\"column\">\n\t\t\t<div class=\"elementor-widget-wrap elementor-element-populated\">\n\t\t\t\t\t\t<div class=\"elementor-element elementor-element-0c01867 elementor-widget elementor-widget-text-editor\" data-id=\"0c01867\" data-element_type=\"widget\" data-widget_type=\"text-editor.default\">\n\t\t\t\t<div class=\"elementor-widget-container\">\n\t\t\t\t\t\t\t\t\t<h3 class=\"mbr-section-title mbr-fonts-style mb-3 display-5\"><strong>Zakup domu z po\u015brednikiem (niderlandzki: \"makelaar\")<\/strong><\/h3><p>\u00a0<\/p><p>Kupuj\u0105c dom z brokerem, nale\u017cy wzi\u0105\u0107 pod uwag\u0119 kilka wa\u017cnych kwestii:<br \/>Wybierz renomowanego i do\u015bwiadczonego brokera: Po\u015bwi\u0119\u0107 czas na zbadanie i wybranie renomowanego i do\u015bwiadczonego po\u015brednika w obrocie nieruchomo\u015bciami. Poszukaj rekomendacji, przeczytaj recenzje i we\u017a pod uwag\u0119 ich osi\u0105gni\u0119cia na rynku. Niezawodny broker mo\u017ce zapewni\u0107 cenne wskaz\u00f3wki i wsparcie podczas ca\u0142ego procesu zakupu.<br \/><br \/><strong>Jasno komunikuj swoje potrzeby i preferencje:<\/strong>\u00a0Jasno okre\u015bl swoje wymagania, preferencje i bud\u017cet z brokerem.<br \/>Dost\u0119p do ofert i informacji rynkowych: Broker ma dost\u0119p do szerokiej gamy ofert nieruchomo\u015bci i aktualnych informacji rynkowych.<br \/><br \/><strong>Ogl\u0105danie nieruchomo\u015bci i inspekcje:<\/strong>\u00a0Tw\u00f3j broker um\u00f3wi si\u0119 z Tob\u0105 na ogl\u0105danie potencjalnych dom\u00f3w. We\u017a udzia\u0142 w tych spotkaniach ze swoim brokerem i dok\u0142adnie sprawd\u017a nieruchomo\u015b\u0107.<br \/><br \/><strong>Negocjacje i przygotowanie oferty:<\/strong>\u00a0Gdy znajdziesz interesuj\u0105cy Ci\u0119 dom, broker pomo\u017ce Ci w przygotowaniu oferty i negocjacjach ze sprzedaj\u0105cym. Mo\u017ce on udzieli\u0107 wskaz\u00f3wek dotycz\u0105cych cen, warunk\u00f3w rynkowych i warunk\u00f3w oferty. Polegaj na ich do\u015bwiadczeniu, kt\u00f3re pomo\u017ce Ci zawrze\u0107 uczciw\u0105 umow\u0119.<br \/><br \/><strong>Umowa i kwestie prawne:<\/strong>\u00a0Po zaakceptowaniu oferty, broker pomo\u017ce w przejrzeniu umowy i upewnieniu si\u0119, \u017ce wszystkie aspekty prawne s\u0105 w porz\u0105dku. Mo\u017ce on wsp\u00f3\u0142pracowa\u0107 z Tob\u0105 i Twoim przedstawicielem prawnym, aby zaj\u0105\u0107 si\u0119 wszelkimi nieprzewidzianymi sytuacjami, wyja\u015bni\u0107 warunki i zapewni\u0107 p\u0142ynn\u0105 transakcj\u0119.<\/p>\t\t\t\t\t\t\t\t<\/div>\n\t\t\t\t<\/div>\n\t\t\t\t\t<\/div>\n\t\t<\/div>\n\t\t\t\t\t<\/div>\n\t\t<\/section>\n\t\t\t\t<section class=\"elementor-section elementor-top-section elementor-element elementor-element-2edcca1 elementor-section-boxed elementor-section-height-default elementor-section-height-default\" data-id=\"2edcca1\" data-element_type=\"section\">\n\t\t\t\t\t\t<div class=\"elementor-container elementor-column-gap-default\">\n\t\t\t\t\t<div class=\"elementor-column elementor-col-100 elementor-top-column elementor-element elementor-element-75349f87\" data-id=\"75349f87\" data-element_type=\"column\">\n\t\t\t<div class=\"elementor-widget-wrap elementor-element-populated\">\n\t\t\t\t\t\t<div class=\"elementor-element elementor-element-2d2d0e50 elementor-align-center elementor-widget elementor-widget-button\" data-id=\"2d2d0e50\" data-element_type=\"widget\" data-widget_type=\"button.default\">\n\t\t\t\t<div class=\"elementor-widget-container\">\n\t\t\t\t\t\t\t\t\t<div class=\"elementor-button-wrapper\">\n\t\t\t\t\t<a class=\"elementor-button elementor-button-link elementor-size-sm\" href=\"https:\/\/mijn-lo.nl\/pl\/housing\/energy\/\">\n\t\t\t\t\t\t<span class=\"elementor-button-content-wrapper\">\n\t\t\t\t\t\t\t\t\t<span class=\"elementor-button-text\">Kontynuowa\u0107<\/span>\n\t\t\t\t\t<\/span>\n\t\t\t\t\t<\/a>\n\t\t\t\t<\/div>\n\t\t\t\t\t\t\t\t<\/div>\n\t\t\t\t<\/div>\n\t\t\t\t\t<\/div>\n\t\t<\/div>\n\t\t\t\t\t<\/div>\n\t\t<\/section>\n\t\t\t\t<\/div>","protected":false},"excerpt":{"rendered":"<p>Each mortgage is related to a percentage To get a mortgage (Dutch: &#8220;hypotheek&#8221;) If you buy a house, usually you need a mortgage (loan). To get a mortgage from the bank, there are important steps to follow: Figure out your budget:\u00a0Before applying for a mortgage, you need to understand how much money you can afford [&hellip;]<\/p>\n","protected":false},"author":1,"featured_media":0,"parent":3311,"menu_order":3,"comment_status":"closed","ping_status":"closed","template":"elementor_canvas","meta":{"site-sidebar-layout":"no-sidebar","site-content-layout":"page-builder","ast-site-content-layout":"full-width-container","site-content-style":"default","site-sidebar-style":"default","ast-global-header-display":"","ast-banner-title-visibility":"","ast-main-header-display":"","ast-hfb-above-header-display":"","ast-hfb-below-header-display":"","ast-hfb-mobile-header-display":"","site-post-title":"disabled","ast-breadcrumbs-content":"","ast-featured-img":"disabled","footer-sml-layout":"","theme-transparent-header-meta":"","adv-header-id-meta":"","stick-header-meta":"","header-above-stick-meta":"","header-main-stick-meta":"","header-below-stick-meta":"","astra-migrate-meta-layouts":"set","ast-page-background-enabled":"default","ast-page-background-meta":{"desktop":{"background-color":"var(--ast-global-color-4)","background-image":"","background-repeat":"repeat","background-position":"center center","background-size":"auto","background-attachment":"scroll","background-type":"","background-media":"","overlay-type":"","overlay-color":"","overlay-opacity":"","overlay-gradient":""},"tablet":{"background-color":"","background-image":"","background-repeat":"repeat","background-position":"center center","background-size":"auto","background-attachment":"scroll","background-type":"","background-media":"","overlay-type":"","overlay-color":"","overlay-opacity":"","overlay-gradient":""},"mobile":{"background-color":"","background-image":"","background-repeat":"repeat","background-position":"center center","background-size":"auto","background-attachment":"scroll","background-type":"","background-media":"","overlay-type":"","overlay-color":"","overlay-opacity":"","overlay-gradient":""}},"ast-content-background-meta":{"desktop":{"background-color":"var(--ast-global-color-5)","background-image":"","background-repeat":"repeat","background-position":"center center","background-size":"auto","background-attachment":"scroll","background-type":"","background-media":"","overlay-type":"","overlay-color":"","overlay-opacity":"","overlay-gradient":""},"tablet":{"background-color":"var(--ast-global-color-5)","background-image":"","background-repeat":"repeat","background-position":"center center","background-size":"auto","background-attachment":"scroll","background-type":"","background-media":"","overlay-type":"","overlay-color":"","overlay-opacity":"","overlay-gradient":""},"mobile":{"background-color":"var(--ast-global-color-5)","background-image":"","background-repeat":"repeat","background-position":"center center","background-size":"auto","background-attachment":"scroll","background-type":"","background-media":"","overlay-type":"","overlay-color":"","overlay-opacity":"","overlay-gradient":""}},"footnotes":""},"class_list":["post-4132","page","type-page","status-publish","hentry"],"_links":{"self":[{"href":"https:\/\/mijn-lo.nl\/pl\/wp-json\/wp\/v2\/pages\/4132","targetHints":{"allow":["GET"]}}],"collection":[{"href":"https:\/\/mijn-lo.nl\/pl\/wp-json\/wp\/v2\/pages"}],"about":[{"href":"https:\/\/mijn-lo.nl\/pl\/wp-json\/wp\/v2\/types\/page"}],"author":[{"embeddable":true,"href":"https:\/\/mijn-lo.nl\/pl\/wp-json\/wp\/v2\/users\/1"}],"replies":[{"embeddable":true,"href":"https:\/\/mijn-lo.nl\/pl\/wp-json\/wp\/v2\/comments?post=4132"}],"version-history":[{"count":19,"href":"https:\/\/mijn-lo.nl\/pl\/wp-json\/wp\/v2\/pages\/4132\/revisions"}],"predecessor-version":[{"id":6256,"href":"https:\/\/mijn-lo.nl\/pl\/wp-json\/wp\/v2\/pages\/4132\/revisions\/6256"}],"up":[{"embeddable":true,"href":"https:\/\/mijn-lo.nl\/pl\/wp-json\/wp\/v2\/pages\/3311"}],"wp:attachment":[{"href":"https:\/\/mijn-lo.nl\/pl\/wp-json\/wp\/v2\/media?parent=4132"}],"curies":[{"name":"wp","href":"https:\/\/api.w.org\/{rel}","templated":true}]}}