{"id":4140,"date":"2024-02-03T15:55:27","date_gmt":"2024-02-03T15:55:27","guid":{"rendered":"http:\/\/mijn-lo.nl\/?page_id=4140"},"modified":"2025-08-19T17:25:55","modified_gmt":"2025-08-19T17:25:55","slug":"energy","status":"publish","type":"page","link":"https:\/\/mijn-lo.nl\/pl\/housing\/energy\/","title":{"rendered":"Energia"},"content":{"rendered":"<div data-elementor-type=\"wp-page\" data-elementor-id=\"4140\" class=\"elementor elementor-4140\" data-elementor-post-type=\"page\">\n\t\t\t\t\t\t<section class=\"elementor-section elementor-top-section elementor-element elementor-element-d43131f elementor-section-boxed elementor-section-height-default elementor-section-height-default\" data-id=\"d43131f\" data-element_type=\"section\">\n\t\t\t\t\t\t<div class=\"elementor-container elementor-column-gap-default\">\n\t\t\t\t\t<div class=\"elementor-column elementor-col-50 elementor-top-column elementor-element elementor-element-1189115\" data-id=\"1189115\" data-element_type=\"column\">\n\t\t\t<div class=\"elementor-widget-wrap elementor-element-populated\">\n\t\t\t\t\t\t<div class=\"elementor-element elementor-element-ec4366b elementor-widget elementor-widget-image\" data-id=\"ec4366b\" data-element_type=\"widget\" data-widget_type=\"image.default\">\n\t\t\t\t<div class=\"elementor-widget-container\">\n\t\t\t\t\t\t\t\t\t\t\t\t\t\t\t<img fetchpriority=\"high\" decoding=\"async\" width=\"344\" height=\"807\" src=\"https:\/\/mijn-lo.nl\/wp-content\/uploads\/2024\/02\/energy2-344x807-1.webp\" class=\"attachment-large size-large wp-image-4145\" alt=\"\" srcset=\"https:\/\/mijn-lo.nl\/wp-content\/uploads\/2024\/02\/energy2-344x807-1.webp 344w, https:\/\/mijn-lo.nl\/wp-content\/uploads\/2024\/02\/energy2-344x807-1-128x300.webp 128w, https:\/\/mijn-lo.nl\/wp-content\/uploads\/2024\/02\/energy2-344x807-1-5x12.webp 5w, https:\/\/mijn-lo.nl\/wp-content\/uploads\/2024\/02\/energy2-344x807-1-10x24.webp 10w, https:\/\/mijn-lo.nl\/wp-content\/uploads\/2024\/02\/energy2-344x807-1-15x36.webp 15w, https:\/\/mijn-lo.nl\/wp-content\/uploads\/2024\/02\/energy2-344x807-1-20x48.webp 20w\" sizes=\"(max-width: 344px) 100vw, 344px\" \/>\t\t\t\t\t\t\t\t\t\t\t\t\t\t\t<\/div>\n\t\t\t\t<\/div>\n\t\t\t\t<div class=\"elementor-element elementor-element-be81f1b elementor-widget elementor-widget-text-editor\" data-id=\"be81f1b\" data-element_type=\"widget\" data-widget_type=\"text-editor.default\">\n\t\t\t\t<div class=\"elementor-widget-container\">\n\t\t\t\t\t\t\t\t\t<p style=\"text-align: center;\">Wsz\u0119dzie wiatraki<\/p>\t\t\t\t\t\t\t\t<\/div>\n\t\t\t\t<\/div>\n\t\t\t\t\t<\/div>\n\t\t<\/div>\n\t\t\t\t<div class=\"elementor-column elementor-col-50 elementor-top-column elementor-element elementor-element-b74fd01\" data-id=\"b74fd01\" data-element_type=\"column\">\n\t\t\t<div class=\"elementor-widget-wrap elementor-element-populated\">\n\t\t\t\t\t\t<div class=\"elementor-element elementor-element-669e7d1 elementor-widget elementor-widget-text-editor\" data-id=\"669e7d1\" data-element_type=\"widget\" data-widget_type=\"text-editor.default\">\n\t\t\t\t<div class=\"elementor-widget-container\">\n\t\t\t\t\t\t\t\t\t<h3 class=\"mbr-section-title mbr-fonts-style mb-3 display-5\"><strong>Energia<\/strong><\/h3><p class=\"mbr-text mbr-fonts-style display-7\">Aby otrzyma\u0107 umow\u0119 na energi\u0119 dla swojego domu w Holandii nale\u017cy wykona\u0107 kilka krok\u00f3w. Oto uproszczona wersja procesu:<br \/><br \/><strong>Por\u00f3wnaj dostawc\u00f3w energii<\/strong>: Zacznij od por\u00f3wnania r\u00f3\u017cnych dostawc\u00f3w energii, aby znale\u017a\u0107 najlepsz\u0105 umow\u0119 odpowiadaj\u0105c\u0105 Twoim potrzebom. Dost\u0119pne s\u0105 r\u00f3\u017cne por\u00f3wnywarki internetowe, w kt\u00f3rych mo\u017cna por\u00f3wna\u0107 stawki, warunki i oferty r\u00f3\u017cnych dostawc\u00f3w.<br \/><br \/><strong>Wybierz dostawc\u0119 energii:\u00a0<\/strong>Po zapoznaniu si\u0119 z r\u00f3\u017cnymi opcjami wybierz dostawc\u0119 energii, kt\u00f3ry najbardziej Ci odpowiada. Poniewa\u017c nie znasz j\u0119zyka niderlandzkiego, b\u0119dziesz mia\u0142 problemy ze zrozumieniem umowy. Zapytaj, jak mog\u0105 Ci pom\u00f3c.<br \/><br \/><strong>Skontaktuj si\u0119 z dostawc\u0105 energii<\/strong>: Skontaktuj si\u0119 z wybranym dostawc\u0105 energii, aby ubiega\u0107 si\u0119 o umow\u0119 na dostaw\u0119 energii. Zwykle mo\u017cna to zrobi\u0107 online, za po\u015brednictwem strony internetowej lub telefonicznie.<br \/><br \/><strong>Podaj niezb\u0119dne informacje:<\/strong>\u00a0Mo\u017ce by\u0107 konieczne podanie pewnych informacji, takich jak dane osobowe, adres domu, rodzaj posiadanego licznika energii oraz informacje o aktualnej umowie energetycznej (je\u015bli dotyczy).<br \/><br \/><strong>Prze\u015blij odczyty licznik\u00f3w<\/strong>: Po zabezpieczeniu umowy na energi\u0119 b\u0119dziesz musia\u0142 przes\u0142a\u0107 odczyty licznik\u00f3w dostawcy energii. Zwykle mo\u017cna to zrobi\u0107 online lub przez telefon. Aby zapewni\u0107 prawid\u0142owe rozliczenia, wa\u017cne jest zapewnienie dok\u0142adnych odczyt\u00f3w licznik\u00f3w.<br \/><br \/><strong>Potwierdzenie i pakiet powitalny<\/strong>: Po podaniu wszystkich niezb\u0119dnych informacji otrzymasz od dostawcy potwierdzenie zawarcia umowy na dostaw\u0119 energii. Zwykle wy\u015bl\u0105 Ci pakiet powitalny z wa\u017cnymi szczeg\u00f3\u0142ami dotycz\u0105cymi umowy i informacjami o p\u0142atno\u015bci.<br \/><br \/><strong>Zorganizuj p\u0142atno\u015bci<\/strong>: skonfiguruj metod\u0119 p\u0142atno\u015bci za rachunki za energi\u0119. Mo\u017cesz wybra\u0107 automatyczne polecenie zap\u0142aty, przelew bankowy lub inn\u0105 metod\u0119 p\u0142atno\u015bci oferowan\u0105 przez dostawc\u0119 energii.<br \/><br \/>Nale\u017cy pami\u0119ta\u0107, \u017ce dok\u0142adne kroki i wymagania mog\u0105 si\u0119 r\u00f3\u017cni\u0107 w zale\u017cno\u015bci od dostawcy energii. Zawsze m\u0105drze jest post\u0119powa\u0107 zgodnie ze szczeg\u00f3\u0142owymi instrukcjami dostarczonymi przez wybranego dostawc\u0119 energii i kierowa\u0107 do niego wszelkie pytania, aby uzyska\u0107 jasno\u015b\u0107 co do procesu.<\/p>\t\t\t\t\t\t\t\t<\/div>\n\t\t\t\t<\/div>\n\t\t\t\t\t<\/div>\n\t\t<\/div>\n\t\t\t\t\t<\/div>\n\t\t<\/section>\n\t\t\t\t<section class=\"elementor-section elementor-top-section elementor-element elementor-element-66a8790 elementor-reverse-tablet elementor-reverse-mobile elementor-section-boxed elementor-section-height-default elementor-section-height-default\" data-id=\"66a8790\" data-element_type=\"section\">\n\t\t\t\t\t\t<div class=\"elementor-container elementor-column-gap-default\">\n\t\t\t\t\t<div class=\"elementor-column elementor-col-50 elementor-top-column elementor-element elementor-element-a301002\" data-id=\"a301002\" data-element_type=\"column\">\n\t\t\t<div class=\"elementor-widget-wrap elementor-element-populated\">\n\t\t\t\t\t\t<div class=\"elementor-element elementor-element-c5a19ba elementor-widget elementor-widget-text-editor\" data-id=\"c5a19ba\" data-element_type=\"widget\" data-widget_type=\"text-editor.default\">\n\t\t\t\t<div class=\"elementor-widget-container\">\n\t\t\t\t\t\t\t\t\t<h3 class=\"mbr-section-title mbr-fonts-style mb-3 display-5\"><strong>Oto kilka wa\u017cnych wskaz\u00f3wek, jak oszcz\u0119dza\u0107 energi\u0119:<\/strong><\/h3><p class=\"mbr-text mbr-fonts-style display-7\">Energia jest bardzo droga. Dlatego podajemy kilka wa\u017cnych wskaz\u00f3wek dotycz\u0105cych oszcz\u0119dzania energii, w j\u0119zyku niderlandzkim \u201eenergie besparen\u201d:<\/p><p><strong>U\u017cywaj urz\u0105dze\u0144 energooszcz\u0119dnych:\u00a0<\/strong>Wybierz urz\u0105dzenia z wysokimi ocenami Energy Star. Zu\u017cywaj\u0105 mniej energii elektrycznej i pomagaj\u0105 oszcz\u0119dza\u0107 energi\u0119.<br \/><strong><br \/>Od\u0142\u0105cz urz\u0105dzenia, gdy nie s\u0105 u\u017cywane:<\/strong>\u00a0Je\u015bli nie u\u017cywasz urz\u0105dze\u0144 elektronicznych, takich jak \u0142adowarki, laptopy czy telewizory, od\u0142\u0105cz je. Nawet gdy s\u0105 wy\u0142\u0105czone, nadal mog\u0105 korzysta\u0107 z energii.<br \/><br \/><strong>Przejd\u017a na o\u015bwietlenie LED: Wymie\u0144 stare \u017car\u00f3wki na energooszcz\u0119dne lampy LED.\u00a0<\/strong>Wytrzymuj\u0105 d\u0142u\u017cej i zu\u017cywaj\u0105 mniej energii.<br \/><br \/><strong>Dostosuj termostat:<\/strong>\u00a0Obni\u017c temperatur\u0119 zim\u0105 i zwi\u0119ksz temperatur\u0119 ch\u0142odzenia latem. Mo\u017cesz u\u017cy\u0107 programowalnego termostatu, aby automatycznie dostosowa\u0107 temperatur\u0119 w oparciu o harmonogram.<br \/><br \/><strong>Zaizoluj sw\u00f3j dom:<\/strong>\u00a0Dodaj izolacj\u0119 do swojego domu, aby by\u0142 ciep\u0142y zim\u0105 i ch\u0142odny latem. Dzi\u0119ki temu mo\u017cesz zu\u017cywa\u0107 mniej energii na ogrzewanie lub ch\u0142odzenie. Je\u015bli dom nie jest Tw\u00f3j, zapytaj w\u0142a\u015bciciela, jak radzi\u0107 sobie z izolacj\u0105.<br \/><br \/><strong>U\u017cywaj naturalnego \u015bwiat\u0142a:<\/strong>\u00a0W ci\u0105gu dnia otwieraj zas\u0142ony i rolety, aby wpu\u015bci\u0107 \u015bwiat\u0142o s\u0142oneczne. Oszcz\u0119dza energi\u0119, zu\u017cywaj\u0105c mniej sztucznego o\u015bwietlenia.<br \/><br \/><strong>Uszczelnij wycieki powietrza<\/strong>: Sprawd\u017a, czy nie ma \u017cadnych szczelin lub p\u0119kni\u0119\u0107 wok\u00f3\u0142 okien, drzwi lub otwor\u00f3w wentylacyjnych. Uszczelnij je, aby zapobiec przeci\u0105gom i oszcz\u0119dza\u0107 energi\u0119.<br \/><br \/><strong>Ustawiona temperatura podgrzewacza wody:<\/strong>\u00a0Utrzymuj temperatur\u0119 podgrzewacza wody na poziomie oko\u0142o 120\u00b0F (49\u00b0C), aby unikn\u0105\u0107 marnowania energii. Do prania u\u017cywaj zimnej wody i bierz kr\u00f3tsze prysznice.<br \/><strong><br \/>U\u017cyj listew zasilaj\u0105cych<\/strong>: Pod\u0142\u0105cz wiele urz\u0105dze\u0144 do listew zasilaj\u0105cych i wy\u0142\u0105cz je, gdy nie s\u0105 u\u017cywane. Uniemo\u017cliwia im to korzystanie z zasilania w trybie gotowo\u015bci.<br \/><br \/><strong>Rozwijaj nawyki oszcz\u0119dzania energii<\/strong>: Pami\u0119taj, aby wy\u0142\u0105cza\u0107 \u015bwiat\u0142o, wychodz\u0105c z pokoju, korzysta\u0107 z tryb\u00f3w oszcz\u0119dzania energii na urz\u0105dzeniach i unika\u0107 niepotrzebnego u\u017cywania urz\u0105dze\u0144 energoch\u0142onnych.<br \/><br \/>Dokonuj\u0105c tych prostych zmian, mo\u017cesz zaoszcz\u0119dzi\u0107 energi\u0119 i zmniejszy\u0107 rachunki za pr\u0105d.<\/p>\t\t\t\t\t\t\t\t<\/div>\n\t\t\t\t<\/div>\n\t\t\t\t\t<\/div>\n\t\t<\/div>\n\t\t\t\t<div class=\"elementor-column elementor-col-50 elementor-top-column elementor-element elementor-element-b0ecfdc\" data-id=\"b0ecfdc\" data-element_type=\"column\">\n\t\t\t<div class=\"elementor-widget-wrap elementor-element-populated\">\n\t\t\t\t\t\t<div class=\"elementor-element elementor-element-1c999f8 elementor-widget elementor-widget-image\" data-id=\"1c999f8\" data-element_type=\"widget\" data-widget_type=\"image.default\">\n\t\t\t\t<div class=\"elementor-widget-container\">\n\t\t\t\t\t\t\t\t\t\t\t\t\t\t\t<img decoding=\"async\" width=\"460\" height=\"806\" src=\"https:\/\/mijn-lo.nl\/wp-content\/uploads\/2024\/02\/energy3-460x806-1.webp\" class=\"attachment-large size-large wp-image-4146\" alt=\"\" srcset=\"https:\/\/mijn-lo.nl\/wp-content\/uploads\/2024\/02\/energy3-460x806-1.webp 460w, https:\/\/mijn-lo.nl\/wp-content\/uploads\/2024\/02\/energy3-460x806-1-171x300.webp 171w, https:\/\/mijn-lo.nl\/wp-content\/uploads\/2024\/02\/energy3-460x806-1-7x12.webp 7w, https:\/\/mijn-lo.nl\/wp-content\/uploads\/2024\/02\/energy3-460x806-1-14x24.webp 14w, https:\/\/mijn-lo.nl\/wp-content\/uploads\/2024\/02\/energy3-460x806-1-21x36.webp 21w, https:\/\/mijn-lo.nl\/wp-content\/uploads\/2024\/02\/energy3-460x806-1-27x48.webp 27w\" sizes=\"(max-width: 460px) 100vw, 460px\" \/>\t\t\t\t\t\t\t\t\t\t\t\t\t\t\t<\/div>\n\t\t\t\t<\/div>\n\t\t\t\t<div class=\"elementor-element elementor-element-6942d17 elementor-widget elementor-widget-text-editor\" data-id=\"6942d17\" data-element_type=\"widget\" data-widget_type=\"text-editor.default\">\n\t\t\t\t<div class=\"elementor-widget-container\">\n\t\t\t\t\t\t\t\t\t<p style=\"text-align: center;\">Zielony jest dobry<\/p>\t\t\t\t\t\t\t\t<\/div>\n\t\t\t\t<\/div>\n\t\t\t\t\t<\/div>\n\t\t<\/div>\n\t\t\t\t\t<\/div>\n\t\t<\/section>\n\t\t\t\t<section class=\"elementor-section elementor-top-section elementor-element elementor-element-2edcca1 elementor-section-boxed elementor-section-height-default elementor-section-height-default\" data-id=\"2edcca1\" data-element_type=\"section\">\n\t\t\t\t\t\t<div class=\"elementor-container elementor-column-gap-default\">\n\t\t\t\t\t<div class=\"elementor-column elementor-col-100 elementor-top-column elementor-element elementor-element-75349f87\" data-id=\"75349f87\" data-element_type=\"column\">\n\t\t\t<div class=\"elementor-widget-wrap elementor-element-populated\">\n\t\t\t\t\t\t<div class=\"elementor-element elementor-element-2d2d0e50 elementor-align-center elementor-widget elementor-widget-button\" data-id=\"2d2d0e50\" data-element_type=\"widget\" data-widget_type=\"button.default\">\n\t\t\t\t<div class=\"elementor-widget-container\">\n\t\t\t\t\t\t\t\t\t<div class=\"elementor-button-wrapper\">\n\t\t\t\t\t<a class=\"elementor-button elementor-button-link elementor-size-sm\" href=\"https:\/\/mijn-lo.nl\/pl\/housing\/environment\/\">\n\t\t\t\t\t\t<span class=\"elementor-button-content-wrapper\">\n\t\t\t\t\t\t\t\t\t<span class=\"elementor-button-text\">Kontynuowa\u0107<\/span>\n\t\t\t\t\t<\/span>\n\t\t\t\t\t<\/a>\n\t\t\t\t<\/div>\n\t\t\t\t\t\t\t\t<\/div>\n\t\t\t\t<\/div>\n\t\t\t\t\t<\/div>\n\t\t<\/div>\n\t\t\t\t\t<\/div>\n\t\t<\/section>\n\t\t\t\t<\/div>","protected":false},"excerpt":{"rendered":"<p>Windmills everywhere Energy To get an energy contract for your home in the Netherlands, you need to follow several steps. Here&#8217;s a simplified version of the process: Compare energy providers: Start by comparing different energy providers to find the best contract that suits your needs. There are various comparison websites available where you can compare [&hellip;]<\/p>\n","protected":false},"author":1,"featured_media":0,"parent":3311,"menu_order":4,"comment_status":"closed","ping_status":"closed","template":"elementor_canvas","meta":{"site-sidebar-layout":"no-sidebar","site-content-layout":"page-builder","ast-site-content-layout":"full-width-container","site-content-style":"default","site-sidebar-style":"default","ast-global-header-display":"","ast-banner-title-visibility":"","ast-main-header-display":"","ast-hfb-above-header-display":"","ast-hfb-below-header-display":"","ast-hfb-mobile-header-display":"","site-post-title":"disabled","ast-breadcrumbs-content":"","ast-featured-img":"disabled","footer-sml-layout":"","theme-transparent-header-meta":"","adv-header-id-meta":"","stick-header-meta":"","header-above-stick-meta":"","header-main-stick-meta":"","header-below-stick-meta":"","astra-migrate-meta-layouts":"set","ast-page-background-enabled":"default","ast-page-background-meta":{"desktop":{"background-color":"var(--ast-global-color-4)","background-image":"","background-repeat":"repeat","background-position":"center center","background-size":"auto","background-attachment":"scroll","background-type":"","background-media":"","overlay-type":"","overlay-color":"","overlay-opacity":"","overlay-gradient":""},"tablet":{"background-color":"","background-image":"","background-repeat":"repeat","background-position":"center center","background-size":"auto","background-attachment":"scroll","background-type":"","background-media":"","overlay-type":"","overlay-color":"","overlay-opacity":"","overlay-gradient":""},"mobile":{"background-color":"","background-image":"","background-repeat":"repeat","background-position":"center center","background-size":"auto","background-attachment":"scroll","background-type":"","background-media":"","overlay-type":"","overlay-color":"","overlay-opacity":"","overlay-gradient":""}},"ast-content-background-meta":{"desktop":{"background-color":"var(--ast-global-color-5)","background-image":"","background-repeat":"repeat","background-position":"center center","background-size":"auto","background-attachment":"scroll","background-type":"","background-media":"","overlay-type":"","overlay-color":"","overlay-opacity":"","overlay-gradient":""},"tablet":{"background-color":"var(--ast-global-color-5)","background-image":"","background-repeat":"repeat","background-position":"center center","background-size":"auto","background-attachment":"scroll","background-type":"","background-media":"","overlay-type":"","overlay-color":"","overlay-opacity":"","overlay-gradient":""},"mobile":{"background-color":"var(--ast-global-color-5)","background-image":"","background-repeat":"repeat","background-position":"center center","background-size":"auto","background-attachment":"scroll","background-type":"","background-media":"","overlay-type":"","overlay-color":"","overlay-opacity":"","overlay-gradient":""}},"footnotes":""},"class_list":["post-4140","page","type-page","status-publish","hentry"],"_links":{"self":[{"href":"https:\/\/mijn-lo.nl\/pl\/wp-json\/wp\/v2\/pages\/4140","targetHints":{"allow":["GET"]}}],"collection":[{"href":"https:\/\/mijn-lo.nl\/pl\/wp-json\/wp\/v2\/pages"}],"about":[{"href":"https:\/\/mijn-lo.nl\/pl\/wp-json\/wp\/v2\/types\/page"}],"author":[{"embeddable":true,"href":"https:\/\/mijn-lo.nl\/pl\/wp-json\/wp\/v2\/users\/1"}],"replies":[{"embeddable":true,"href":"https:\/\/mijn-lo.nl\/pl\/wp-json\/wp\/v2\/comments?post=4140"}],"version-history":[{"count":13,"href":"https:\/\/mijn-lo.nl\/pl\/wp-json\/wp\/v2\/pages\/4140\/revisions"}],"predecessor-version":[{"id":6259,"href":"https:\/\/mijn-lo.nl\/pl\/wp-json\/wp\/v2\/pages\/4140\/revisions\/6259"}],"up":[{"embeddable":true,"href":"https:\/\/mijn-lo.nl\/pl\/wp-json\/wp\/v2\/pages\/3311"}],"wp:attachment":[{"href":"https:\/\/mijn-lo.nl\/pl\/wp-json\/wp\/v2\/media?parent=4140"}],"curies":[{"name":"wp","href":"https:\/\/api.w.org\/{rel}","templated":true}]}}