{"id":4150,"date":"2024-02-03T16:02:56","date_gmt":"2024-02-03T16:02:56","guid":{"rendered":"http:\/\/mijn-lo.nl\/?page_id=4150"},"modified":"2025-08-19T17:26:26","modified_gmt":"2025-08-19T17:26:26","slug":"environment","status":"publish","type":"page","link":"https:\/\/mijn-lo.nl\/pl\/housing\/environment\/","title":{"rendered":"\u015arodowisko"},"content":{"rendered":"<div data-elementor-type=\"wp-page\" data-elementor-id=\"4150\" class=\"elementor elementor-4150\" data-elementor-post-type=\"page\">\n\t\t\t\t\t\t<section class=\"elementor-section elementor-top-section elementor-element elementor-element-d43131f elementor-section-boxed elementor-section-height-default elementor-section-height-default\" data-id=\"d43131f\" data-element_type=\"section\">\n\t\t\t\t\t\t<div class=\"elementor-container elementor-column-gap-default\">\n\t\t\t\t\t<div class=\"elementor-column elementor-col-50 elementor-top-column elementor-element elementor-element-1189115\" data-id=\"1189115\" data-element_type=\"column\">\n\t\t\t<div class=\"elementor-widget-wrap elementor-element-populated\">\n\t\t\t\t\t\t<div class=\"elementor-element elementor-element-ec4366b elementor-widget elementor-widget-image\" data-id=\"ec4366b\" data-element_type=\"widget\" data-widget_type=\"image.default\">\n\t\t\t\t<div class=\"elementor-widget-container\">\n\t\t\t\t\t\t\t\t\t\t\t\t\t\t\t<img fetchpriority=\"high\" decoding=\"async\" width=\"900\" height=\"839\" src=\"https:\/\/mijn-lo.nl\/wp-content\/uploads\/2024\/02\/bakken-900x839-1.webp\" class=\"attachment-large size-large wp-image-4152\" alt=\"\" srcset=\"https:\/\/mijn-lo.nl\/wp-content\/uploads\/2024\/02\/bakken-900x839-1.webp 900w, https:\/\/mijn-lo.nl\/wp-content\/uploads\/2024\/02\/bakken-900x839-1-300x280.webp 300w, https:\/\/mijn-lo.nl\/wp-content\/uploads\/2024\/02\/bakken-900x839-1-768x716.webp 768w, https:\/\/mijn-lo.nl\/wp-content\/uploads\/2024\/02\/bakken-900x839-1-13x12.webp 13w, https:\/\/mijn-lo.nl\/wp-content\/uploads\/2024\/02\/bakken-900x839-1-24x22.webp 24w, https:\/\/mijn-lo.nl\/wp-content\/uploads\/2024\/02\/bakken-900x839-1-36x34.webp 36w, https:\/\/mijn-lo.nl\/wp-content\/uploads\/2024\/02\/bakken-900x839-1-48x45.webp 48w\" sizes=\"(max-width: 900px) 100vw, 900px\" \/>\t\t\t\t\t\t\t\t\t\t\t\t\t\t\t<\/div>\n\t\t\t\t<\/div>\n\t\t\t\t<div class=\"elementor-element elementor-element-be81f1b elementor-widget elementor-widget-text-editor\" data-id=\"be81f1b\" data-element_type=\"widget\" data-widget_type=\"text-editor.default\">\n\t\t\t\t<div class=\"elementor-widget-container\">\n\t\t\t\t\t\t\t\t\t<p style=\"text-align: center;\">Zielony pojemnik na odpady organiczne i szary pojemnik na odpady og\u00f3lne<\/p>\t\t\t\t\t\t\t\t<\/div>\n\t\t\t\t<\/div>\n\t\t\t\t\t<\/div>\n\t\t<\/div>\n\t\t\t\t<div class=\"elementor-column elementor-col-50 elementor-top-column elementor-element elementor-element-b74fd01\" data-id=\"b74fd01\" data-element_type=\"column\">\n\t\t\t<div class=\"elementor-widget-wrap elementor-element-populated\">\n\t\t\t\t\t\t<div class=\"elementor-element elementor-element-669e7d1 elementor-widget elementor-widget-text-editor\" data-id=\"669e7d1\" data-element_type=\"widget\" data-widget_type=\"text-editor.default\">\n\t\t\t\t<div class=\"elementor-widget-container\">\n\t\t\t\t\t\t\t\t\t<h3 class=\"mbr-section-title mbr-fonts-style mb-3 display-5\"><strong>\u015arodowisko: miejsce, w kt\u00f3rym \u017cyjesz<\/strong><\/h3><p class=\"mbr-text mbr-fonts-style display-7\"><strong>\u015amieci<br \/><\/strong>W Holandii wa\u017cne jest, aby dba\u0107 o \u015brodowisko. Nale\u017cy segregowa\u0107 odpady i wyrzuca\u0107 je do odpowiednich pojemnik\u00f3w. Zielony pojemnik jest przeznaczony na odpady organiczne, a szary na reszt\u0119. Papier i szk\u0142o trafiaj\u0105 do osobnych pojemnik\u00f3w. Zabronione jest wyrzucanie \u015bmieci byle gdzie.\u00a0<\/p><p><strong>Palenie<br \/><\/strong>W Holandii palenie nie jest ju\u017c tak normalne jak kiedy\u015b. Nie wolno ju\u017c pali\u0107 w restauracjach, kawiarniach i w pracy. Je\u015bli sam palisz, musisz wzi\u0105\u0107 to pod uwag\u0119 i nie pali\u0107 tam, gdzie nie jest to dozwolone. Palenie haszyszu (zio\u0142a) jest dozwolone.\u00a0<\/p>\t\t\t\t\t\t\t\t<\/div>\n\t\t\t\t<\/div>\n\t\t\t\t\t<\/div>\n\t\t<\/div>\n\t\t\t\t\t<\/div>\n\t\t<\/section>\n\t\t\t\t<section class=\"elementor-section elementor-top-section elementor-element elementor-element-66a8790 elementor-reverse-tablet elementor-reverse-mobile elementor-section-boxed elementor-section-height-default elementor-section-height-default\" data-id=\"66a8790\" data-element_type=\"section\">\n\t\t\t\t\t\t<div class=\"elementor-container elementor-column-gap-default\">\n\t\t\t\t\t<div class=\"elementor-column elementor-col-50 elementor-top-column elementor-element elementor-element-a301002\" data-id=\"a301002\" data-element_type=\"column\">\n\t\t\t<div class=\"elementor-widget-wrap elementor-element-populated\">\n\t\t\t\t\t\t<div class=\"elementor-element elementor-element-c5a19ba elementor-widget elementor-widget-text-editor\" data-id=\"c5a19ba\" data-element_type=\"widget\" data-widget_type=\"text-editor.default\">\n\t\t\t\t<div class=\"elementor-widget-container\">\n\t\t\t\t\t\t\t\t\t<h3 class=\"mbr-section-title mbr-fonts-style mb-3 display-5\"><strong>Kilka wa\u017cniejszych punkt\u00f3w<\/strong><\/h3><p class=\"mbr-text mbr-fonts-style display-7\">1. Je\u015bli szukasz domu szybko i nie otrzymasz deklaracji pilno\u015bci, mo\u017cesz wynaj\u0105\u0107 dom od osoby prywatnej. Jest to cz\u0119sto kosztowne.<br \/>2. Umowa najmu okre\u015bla wysoko\u015b\u0107 czynszu p\u0142aconego co miesi\u0105c.<br \/>3. Je\u015bli czynsz jest zbyt wysoki, mo\u017cna ubiega\u0107 si\u0119 o ulg\u0119 czynszow\u0105 w Urz\u0119dzie Podatkowym i Celnym.<br \/>4. Je\u015bli kran w wynajmowanym domu jest zepsuty, najlepiej zadzwoni\u0107 do w\u0142a\u015bciciela. W\u0142a\u015bciciel musi w\u00f3wczas dostarczy\u0107 nowy kran. (W domu zamieszkiwanym przez w\u0142a\u015bciciela trzeba to za\u0142atwi\u0107 samodzielnie).<br \/>5. Osoby o niskich dochodach mog\u0105 ubiega\u0107 si\u0119 o zwolnienie z op\u0142aty za odpady od gminy.<br \/>6. Szk\u0142o nale\u017cy wyrzuca\u0107 do pobliskiego pojemnika na szk\u0142o.<br \/>7. Odczyty licznik\u00f3w gazu i energii elektrycznej nale\u017cy przesy\u0142a\u0107 raz w roku.<br \/>8. Je\u015bli nie masz ju\u017c pr\u0105du w swoim domu, powiniene\u015b najpierw sprawdzi\u0107, czy inni ludzie na ulicy nadal maj\u0105 pr\u0105d.<br \/>9. Mo\u017cesz samodzielnie wybra\u0107 abonament telefoniczny, telewizyjny lub internetowy.<br \/>10. Je\u015bli zepsujesz co\u015b w domu znajomego, potrzebujesz ubezpieczenia od odpowiedzialno\u015bci cywilnej.<\/p>\t\t\t\t\t\t\t\t<\/div>\n\t\t\t\t<\/div>\n\t\t\t\t\t<\/div>\n\t\t<\/div>\n\t\t\t\t<div class=\"elementor-column elementor-col-50 elementor-top-column elementor-element elementor-element-b0ecfdc\" data-id=\"b0ecfdc\" data-element_type=\"column\">\n\t\t\t<div class=\"elementor-widget-wrap elementor-element-populated\">\n\t\t\t\t\t\t<div class=\"elementor-element elementor-element-1c999f8 elementor-widget elementor-widget-image\" data-id=\"1c999f8\" data-element_type=\"widget\" data-widget_type=\"image.default\">\n\t\t\t\t<div class=\"elementor-widget-container\">\n\t\t\t\t\t\t\t\t\t\t\t\t\t\t\t<img decoding=\"async\" width=\"446\" height=\"448\" src=\"https:\/\/mijn-lo.nl\/wp-content\/uploads\/2024\/02\/checklist-446x448-1.webp\" class=\"attachment-large size-large wp-image-4153\" alt=\"\" srcset=\"https:\/\/mijn-lo.nl\/wp-content\/uploads\/2024\/02\/checklist-446x448-1.webp 446w, https:\/\/mijn-lo.nl\/wp-content\/uploads\/2024\/02\/checklist-446x448-1-300x300.webp 300w, https:\/\/mijn-lo.nl\/wp-content\/uploads\/2024\/02\/checklist-446x448-1-150x150.webp 150w, https:\/\/mijn-lo.nl\/wp-content\/uploads\/2024\/02\/checklist-446x448-1-12x12.webp 12w, https:\/\/mijn-lo.nl\/wp-content\/uploads\/2024\/02\/checklist-446x448-1-24x24.webp 24w, https:\/\/mijn-lo.nl\/wp-content\/uploads\/2024\/02\/checklist-446x448-1-36x36.webp 36w, https:\/\/mijn-lo.nl\/wp-content\/uploads\/2024\/02\/checklist-446x448-1-48x48.webp 48w\" sizes=\"(max-width: 446px) 100vw, 446px\" \/>\t\t\t\t\t\t\t\t\t\t\t\t\t\t\t<\/div>\n\t\t\t\t<\/div>\n\t\t\t\t<div class=\"elementor-element elementor-element-6942d17 elementor-widget elementor-widget-text-editor\" data-id=\"6942d17\" data-element_type=\"widget\" data-widget_type=\"text-editor.default\">\n\t\t\t\t<div class=\"elementor-widget-container\">\n\t\t\t\t\t\t\t\t\t<p style=\"text-align: center;\">Lista kontrolna<\/p>\t\t\t\t\t\t\t\t<\/div>\n\t\t\t\t<\/div>\n\t\t\t\t\t<\/div>\n\t\t<\/div>\n\t\t\t\t\t<\/div>\n\t\t<\/section>\n\t\t\t\t<section class=\"elementor-section elementor-top-section elementor-element elementor-element-2edcca1 elementor-section-boxed elementor-section-height-default elementor-section-height-default\" data-id=\"2edcca1\" data-element_type=\"section\">\n\t\t\t\t\t\t<div class=\"elementor-container elementor-column-gap-default\">\n\t\t\t\t\t<div class=\"elementor-column elementor-col-100 elementor-top-column elementor-element elementor-element-75349f87\" data-id=\"75349f87\" data-element_type=\"column\">\n\t\t\t<div class=\"elementor-widget-wrap elementor-element-populated\">\n\t\t\t\t\t\t<div class=\"elementor-element elementor-element-2d2d0e50 elementor-align-center elementor-widget elementor-widget-button\" data-id=\"2d2d0e50\" data-element_type=\"widget\" data-widget_type=\"button.default\">\n\t\t\t\t<div class=\"elementor-widget-container\">\n\t\t\t\t\t\t\t\t\t<div class=\"elementor-button-wrapper\">\n\t\t\t\t\t<a class=\"elementor-button elementor-button-link elementor-size-sm\" href=\"https:\/\/mijn-lo.nl\/pl\/housing\/test-3\/\">\n\t\t\t\t\t\t<span class=\"elementor-button-content-wrapper\">\n\t\t\t\t\t\t\t\t\t<span class=\"elementor-button-text\">Kontynuowa\u0107<\/span>\n\t\t\t\t\t<\/span>\n\t\t\t\t\t<\/a>\n\t\t\t\t<\/div>\n\t\t\t\t\t\t\t\t<\/div>\n\t\t\t\t<\/div>\n\t\t\t\t\t<\/div>\n\t\t<\/div>\n\t\t\t\t\t<\/div>\n\t\t<\/section>\n\t\t\t\t<\/div>","protected":false},"excerpt":{"rendered":"<p>Green bin for organic waste and grey bin for general waste Environment: the place where you live GarbageIn the Netherlands it is important to take good care of the environment. You must separate waste and throw it in the right bin. The green bin is for organic waste the grey bin for the rest. Paper [&hellip;]<\/p>\n","protected":false},"author":1,"featured_media":0,"parent":3311,"menu_order":5,"comment_status":"closed","ping_status":"closed","template":"elementor_canvas","meta":{"site-sidebar-layout":"no-sidebar","site-content-layout":"page-builder","ast-site-content-layout":"full-width-container","site-content-style":"default","site-sidebar-style":"default","ast-global-header-display":"","ast-banner-title-visibility":"","ast-main-header-display":"","ast-hfb-above-header-display":"","ast-hfb-below-header-display":"","ast-hfb-mobile-header-display":"","site-post-title":"disabled","ast-breadcrumbs-content":"","ast-featured-img":"disabled","footer-sml-layout":"","theme-transparent-header-meta":"","adv-header-id-meta":"","stick-header-meta":"","header-above-stick-meta":"","header-main-stick-meta":"","header-below-stick-meta":"","astra-migrate-meta-layouts":"set","ast-page-background-enabled":"default","ast-page-background-meta":{"desktop":{"background-color":"var(--ast-global-color-4)","background-image":"","background-repeat":"repeat","background-position":"center center","background-size":"auto","background-attachment":"scroll","background-type":"","background-media":"","overlay-type":"","overlay-color":"","overlay-opacity":"","overlay-gradient":""},"tablet":{"background-color":"","background-image":"","background-repeat":"repeat","background-position":"center center","background-size":"auto","background-attachment":"scroll","background-type":"","background-media":"","overlay-type":"","overlay-color":"","overlay-opacity":"","overlay-gradient":""},"mobile":{"background-color":"","background-image":"","background-repeat":"repeat","background-position":"center center","background-size":"auto","background-attachment":"scroll","background-type":"","background-media":"","overlay-type":"","overlay-color":"","overlay-opacity":"","overlay-gradient":""}},"ast-content-background-meta":{"desktop":{"background-color":"var(--ast-global-color-5)","background-image":"","background-repeat":"repeat","background-position":"center center","background-size":"auto","background-attachment":"scroll","background-type":"","background-media":"","overlay-type":"","overlay-color":"","overlay-opacity":"","overlay-gradient":""},"tablet":{"background-color":"var(--ast-global-color-5)","background-image":"","background-repeat":"repeat","background-position":"center center","background-size":"auto","background-attachment":"scroll","background-type":"","background-media":"","overlay-type":"","overlay-color":"","overlay-opacity":"","overlay-gradient":""},"mobile":{"background-color":"var(--ast-global-color-5)","background-image":"","background-repeat":"repeat","background-position":"center center","background-size":"auto","background-attachment":"scroll","background-type":"","background-media":"","overlay-type":"","overlay-color":"","overlay-opacity":"","overlay-gradient":""}},"footnotes":""},"class_list":["post-4150","page","type-page","status-publish","hentry"],"_links":{"self":[{"href":"https:\/\/mijn-lo.nl\/pl\/wp-json\/wp\/v2\/pages\/4150","targetHints":{"allow":["GET"]}}],"collection":[{"href":"https:\/\/mijn-lo.nl\/pl\/wp-json\/wp\/v2\/pages"}],"about":[{"href":"https:\/\/mijn-lo.nl\/pl\/wp-json\/wp\/v2\/types\/page"}],"author":[{"embeddable":true,"href":"https:\/\/mijn-lo.nl\/pl\/wp-json\/wp\/v2\/users\/1"}],"replies":[{"embeddable":true,"href":"https:\/\/mijn-lo.nl\/pl\/wp-json\/wp\/v2\/comments?post=4150"}],"version-history":[{"count":22,"href":"https:\/\/mijn-lo.nl\/pl\/wp-json\/wp\/v2\/pages\/4150\/revisions"}],"predecessor-version":[{"id":6262,"href":"https:\/\/mijn-lo.nl\/pl\/wp-json\/wp\/v2\/pages\/4150\/revisions\/6262"}],"up":[{"embeddable":true,"href":"https:\/\/mijn-lo.nl\/pl\/wp-json\/wp\/v2\/pages\/3311"}],"wp:attachment":[{"href":"https:\/\/mijn-lo.nl\/pl\/wp-json\/wp\/v2\/media?parent=4150"}],"curies":[{"name":"wp","href":"https:\/\/api.w.org\/{rel}","templated":true}]}}