{"id":4339,"date":"2024-02-04T15:53:54","date_gmt":"2024-02-04T15:53:54","guid":{"rendered":"http:\/\/mijn-lo.nl\/?page_id=4339"},"modified":"2025-08-19T17:29:38","modified_gmt":"2025-08-19T17:29:38","slug":"the-dentist-first-aid-specialistic-care","status":"publish","type":"page","link":"https:\/\/mijn-lo.nl\/pl\/healthcare\/the-dentist-first-aid-specialistic-care\/","title":{"rendered":"Dentysta, Pierwsza pomoc, Opieka specjalistyczna"},"content":{"rendered":"<div data-elementor-type=\"wp-page\" data-elementor-id=\"4339\" class=\"elementor elementor-4339\" data-elementor-post-type=\"page\">\n\t\t\t\t\t\t<section class=\"elementor-section elementor-top-section elementor-element elementor-element-b111678 elementor-reverse-tablet elementor-reverse-mobile elementor-section-boxed elementor-section-height-default elementor-section-height-default\" data-id=\"b111678\" data-element_type=\"section\">\n\t\t\t\t\t\t<div class=\"elementor-container elementor-column-gap-default\">\n\t\t\t\t\t<div class=\"elementor-column elementor-col-50 elementor-top-column elementor-element elementor-element-8c61f63\" data-id=\"8c61f63\" data-element_type=\"column\">\n\t\t\t<div class=\"elementor-widget-wrap elementor-element-populated\">\n\t\t\t\t\t\t<div class=\"elementor-element elementor-element-fd8374c elementor-widget elementor-widget-text-editor\" data-id=\"fd8374c\" data-element_type=\"widget\" data-widget_type=\"text-editor.default\">\n\t\t\t\t<div class=\"elementor-widget-container\">\n\t\t\t\t\t\t\t\t\t<h3 class=\"mbr-section-title mbr-fonts-style mb-3 display-5\"><strong>Dentysta<\/strong><\/h3><p>W j\u0119zyku niderlandzkim: \"tandarts\"<\/p><p><audio class=\"wp-audio-shortcode\" id=\"audio-4339-1\" preload=\"none\" style=\"width: 100%;\" controls=\"controls\"><source type=\"audio\/wav\" src=\"https:\/\/mijn-lo.nl\/wp-content\/uploads\/2024\/02\/tandarts.wav?_=1\" \/><a href=\"https:\/\/mijn-lo.nl\/wp-content\/uploads\/2024\/02\/tandarts.wav\">https:\/\/mijn-lo.nl\/wp-content\/uploads\/2024\/02\/tandarts.wav<\/a><\/audio><\/p><p><br \/>Opieka stomatologiczna w Holandii nie jest w pe\u0142ni obj\u0119ta podstawowym ubezpieczeniem zdrowotnym. Aby pokry\u0107 koszty leczenia stomatologicznego, mo\u017cna wykupi\u0107 dodatkowe ubezpieczenie stomatologiczne w prywatnych firmach. Ubezpieczenie to mo\u017ce pokry\u0107 cz\u0119\u015b\u0107 koszt\u00f3w leczenia stomatologicznego.<\/p><p><strong>Podstawowe ubezpieczenie dentystyczne\u00a0<\/strong>Zazwyczaj obejmuje rutynowe badania kontrolne, czyszczenie i prze\u015bwietlenia. Mo\u017ce r\u00f3wnie\u017c zapewnia\u0107 cz\u0119\u015bciowe pokrycie koszt\u00f3w wype\u0142nie\u0144 lub usuwania z\u0119b\u00f3w. Jednak bardziej rozleg\u0142e zabiegi, takie jak aparaty ortodontyczne, zwykle nie s\u0105 obj\u0119te ubezpieczeniem dla doros\u0142ych, ale dzieci mog\u0105 kwalifikowa\u0107 si\u0119 do aparat\u00f3w ortodontycznych, je\u015bli potrzebuj\u0105 ich ze wzgl\u0119d\u00f3w zdrowotnych.<\/p><p>Nawet w przypadku posiadania ubezpieczenia stomatologicznego mo\u017ce by\u0107 konieczne pokrycie cz\u0119\u015bci koszt\u00f3w we w\u0142asnym zakresie. Dok\u0142adna kwota zale\u017cy od planu ubezpieczeniowego i konkretnego leczenia.<\/p><p><strong>Dla dzieci:<\/strong>\u00a0Wa\u017cne jest, aby wiedzie\u0107, \u017ce opieka stomatologiczna dla dzieci jest obj\u0119ta podstawowym ubezpieczeniem zdrowotnym, w tym badaniami kontrolnymi, wype\u0142nieniami i niezb\u0119dnymi aparatami ortodontycznymi.<\/p><p>Je\u015bli potrzebujesz leczenia stomatologicznego, dobrym pomys\u0142em jest sprawdzenie, co obejmuje Twoje ubezpieczenie stomatologiczne lub rozwa\u017cenie wykupienia ubezpieczenia stomatologicznego, aby pom\u00f3c w pokryciu koszt\u00f3w.<\/p>\t\t\t\t\t\t\t\t<\/div>\n\t\t\t\t<\/div>\n\t\t\t\t\t<\/div>\n\t\t<\/div>\n\t\t\t\t<div class=\"elementor-column elementor-col-50 elementor-top-column elementor-element elementor-element-d3e4923\" data-id=\"d3e4923\" data-element_type=\"column\">\n\t\t\t<div class=\"elementor-widget-wrap elementor-element-populated\">\n\t\t\t\t\t\t<div class=\"elementor-element elementor-element-856007c elementor-widget elementor-widget-image\" data-id=\"856007c\" data-element_type=\"widget\" data-widget_type=\"image.default\">\n\t\t\t\t<div class=\"elementor-widget-container\">\n\t\t\t\t\t\t\t\t\t\t\t\t\t\t\t<img fetchpriority=\"high\" decoding=\"async\" width=\"334\" height=\"500\" src=\"https:\/\/mijn-lo.nl\/wp-content\/uploads\/2024\/02\/geen-suiker-334x500-1.webp\" class=\"attachment-large size-large wp-image-4355\" alt=\"\" srcset=\"https:\/\/mijn-lo.nl\/wp-content\/uploads\/2024\/02\/geen-suiker-334x500-1.webp 334w, https:\/\/mijn-lo.nl\/wp-content\/uploads\/2024\/02\/geen-suiker-334x500-1-200x300.webp 200w, https:\/\/mijn-lo.nl\/wp-content\/uploads\/2024\/02\/geen-suiker-334x500-1-8x12.webp 8w, https:\/\/mijn-lo.nl\/wp-content\/uploads\/2024\/02\/geen-suiker-334x500-1-16x24.webp 16w, https:\/\/mijn-lo.nl\/wp-content\/uploads\/2024\/02\/geen-suiker-334x500-1-24x36.webp 24w, https:\/\/mijn-lo.nl\/wp-content\/uploads\/2024\/02\/geen-suiker-334x500-1-32x48.webp 32w\" sizes=\"(max-width: 334px) 100vw, 334px\" \/>\t\t\t\t\t\t\t\t\t\t\t\t\t\t\t<\/div>\n\t\t\t\t<\/div>\n\t\t\t\t\t<\/div>\n\t\t<\/div>\n\t\t\t\t\t<\/div>\n\t\t<\/section>\n\t\t\t\t<section class=\"elementor-section elementor-top-section elementor-element elementor-element-84bd087 elementor-section-boxed elementor-section-height-default elementor-section-height-default\" data-id=\"84bd087\" data-element_type=\"section\">\n\t\t\t\t\t\t<div class=\"elementor-container elementor-column-gap-default\">\n\t\t\t\t\t<div class=\"elementor-column elementor-col-50 elementor-top-column elementor-element elementor-element-b8c686f\" data-id=\"b8c686f\" data-element_type=\"column\">\n\t\t\t<div class=\"elementor-widget-wrap elementor-element-populated\">\n\t\t\t\t\t\t<div class=\"elementor-element elementor-element-801b584 elementor-widget elementor-widget-image\" data-id=\"801b584\" data-element_type=\"widget\" data-widget_type=\"image.default\">\n\t\t\t\t<div class=\"elementor-widget-container\">\n\t\t\t\t\t\t\t\t\t\t\t\t\t\t\t<img decoding=\"async\" width=\"504\" height=\"151\" src=\"https:\/\/mijn-lo.nl\/wp-content\/uploads\/2024\/02\/bord-tandarts.jpg\" class=\"attachment-large size-large wp-image-4357\" alt=\"\" srcset=\"https:\/\/mijn-lo.nl\/wp-content\/uploads\/2024\/02\/bord-tandarts.jpg 504w, https:\/\/mijn-lo.nl\/wp-content\/uploads\/2024\/02\/bord-tandarts-300x90.jpg 300w, https:\/\/mijn-lo.nl\/wp-content\/uploads\/2024\/02\/bord-tandarts-18x5.jpg 18w, https:\/\/mijn-lo.nl\/wp-content\/uploads\/2024\/02\/bord-tandarts-24x7.jpg 24w, https:\/\/mijn-lo.nl\/wp-content\/uploads\/2024\/02\/bord-tandarts-36x11.jpg 36w, https:\/\/mijn-lo.nl\/wp-content\/uploads\/2024\/02\/bord-tandarts-48x14.jpg 48w\" sizes=\"(max-width: 504px) 100vw, 504px\" \/>\t\t\t\t\t\t\t\t\t\t\t\t\t\t\t<\/div>\n\t\t\t\t<\/div>\n\t\t\t\t<div class=\"elementor-element elementor-element-e230858 elementor-widget elementor-widget-text-editor\" data-id=\"e230858\" data-element_type=\"widget\" data-widget_type=\"text-editor.default\">\n\t\t\t\t<div class=\"elementor-widget-container\">\n\t\t\t\t\t\t\t\t\t<p style=\"text-align: center;\">Poszukiwanie dentysty<\/p>\t\t\t\t\t\t\t\t<\/div>\n\t\t\t\t<\/div>\n\t\t\t\t\t<\/div>\n\t\t<\/div>\n\t\t\t\t<div class=\"elementor-column elementor-col-50 elementor-top-column elementor-element elementor-element-0551744\" data-id=\"0551744\" data-element_type=\"column\">\n\t\t\t<div class=\"elementor-widget-wrap elementor-element-populated\">\n\t\t\t\t\t\t<div class=\"elementor-element elementor-element-c6eb488 elementor-widget elementor-widget-text-editor\" data-id=\"c6eb488\" data-element_type=\"widget\" data-widget_type=\"text-editor.default\">\n\t\t\t\t<div class=\"elementor-widget-container\">\n\t\t\t\t\t\t\t\t\t<h3 class=\"mbr-section-title mbr-fonts-style mb-3 display-5\"><strong>Dodatkowe wskaz\u00f3wki dla uchod\u017ac\u00f3w, kt\u00f3rzy maj\u0105 trudno\u015bci ze znalezieniem dentysty:<\/strong><\/h3><p class=\"mbr-text mbr-fonts-style display-7\">Sprawd\u017a, czy w Twojej okolicy jest dentysta, kt\u00f3ry zajmuje si\u0119 uchod\u017acami.<br \/>Popro\u015b o pomoc organizacj\u0119 zajmuj\u0105c\u0105 si\u0119 uchod\u017acami. Istnieje wiele organizacji, kt\u00f3re mog\u0105 pom\u00f3c w znalezieniu dentysty.<br \/>Rozwa\u017c udanie si\u0119 do dentysty w innej gminie. W du\u017cych miastach cz\u0119sto jest wi\u0119cej dentyst\u00f3w ni\u017c w ma\u0142ych wioskach.<\/p>\t\t\t\t\t\t\t\t<\/div>\n\t\t\t\t<\/div>\n\t\t\t\t\t<\/div>\n\t\t<\/div>\n\t\t\t\t\t<\/div>\n\t\t<\/section>\n\t\t\t\t<section class=\"elementor-section elementor-top-section elementor-element elementor-element-134c880 elementor-reverse-tablet elementor-reverse-mobile elementor-section-boxed elementor-section-height-default elementor-section-height-default\" data-id=\"134c880\" data-element_type=\"section\">\n\t\t\t\t\t\t<div class=\"elementor-container elementor-column-gap-default\">\n\t\t\t\t\t<div class=\"elementor-column elementor-col-50 elementor-top-column elementor-element elementor-element-ab7892e\" data-id=\"ab7892e\" data-element_type=\"column\">\n\t\t\t<div class=\"elementor-widget-wrap elementor-element-populated\">\n\t\t\t\t\t\t<div class=\"elementor-element elementor-element-aa8be7e elementor-widget elementor-widget-text-editor\" data-id=\"aa8be7e\" data-element_type=\"widget\" data-widget_type=\"text-editor.default\">\n\t\t\t\t<div class=\"elementor-widget-container\">\n\t\t\t\t\t\t\t\t\t<h3 class=\"mbr-section-title mbr-fonts-style mb-3 display-5\">Pierwsza pomoc w Holandii<\/h3><p>w j\u0119zyku niderlandzkim: \"spoedeisende hulp SEH\/EHBO\"<br \/><br \/>Najpierw wyja\u015bnijmy, czym jest pierwsza pomoc: jest to oddzia\u0142 w szpitalu, do kt\u00f3rego mo\u017cna si\u0119 uda\u0107 w razie nag\u0142ego problemu zdrowotnego, takiego jak wypadek. W szpitalu znajduje si\u0119 gabinet lekarza pierwszego kontaktu (zasadniczo gabinet lekarski). Przed udaniem si\u0119 na wizyt\u0119 nale\u017cy zadzwoni\u0107 do tego biura. Sprawd\u017a numer telefonu. Je\u015bli nie mo\u017cesz zadzwoni\u0107, udaj si\u0119 bezpo\u015brednio do szpitala i wyja\u015bnij, co si\u0119 dzieje. Je\u015bli sytuacja zagra\u017ca \u017cyciu, nale\u017cy zadzwoni\u0107 pod numer 112.<\/p><p>Kiedy uda\u0107 si\u0119 na oddzia\u0142 pierwszej pomocy w szpitalu w Holandii?<\/p><ol><li><strong>Sytuacje awaryjne:<\/strong> Je\u015bli kto\u015b znajduje si\u0119 w bezpo\u015brednim niebezpiecze\u0144stwie lub ma powa\u017cne problemy zdrowotne, takie jak trudno\u015bci z oddychaniem, powa\u017cne krwawienie lub utrata przytomno\u015bci, nale\u017cy uda\u0107 si\u0119 bezpo\u015brednio do szpitalnego punktu pierwszej pomocy. W sytuacjach zagro\u017cenia \u017cycia nale\u017cy zadzwoni\u0107 pod numer 112.<\/li><li><strong>Wypadki i obra\u017cenia:<\/strong> W przypadku powa\u017cnych obra\u017ce\u0144, takich jak z\u0142amania ko\u015bci, g\u0142\u0119bokie skaleczenia, oparzenia lub urazy g\u0142owy, pomocy mo\u017ce udzieli\u0107 szpitalny oddzia\u0142 pierwszej pomocy.<\/li><li><strong>Nag\u0142a choroba:<\/strong> W przypadku nag\u0142ych i powa\u017cnych problem\u00f3w zdrowotnych, takich jak ci\u0119\u017cka reakcja alergiczna, objawy udaru m\u00f3zgu lub niekontrolowane drgawki, wa\u017cne jest, aby szuka\u0107 pomocy w szpitalnym punkcie pierwszej pomocy.<\/li><\/ol>\t\t\t\t\t\t\t\t<\/div>\n\t\t\t\t<\/div>\n\t\t\t\t\t<\/div>\n\t\t<\/div>\n\t\t\t\t<div class=\"elementor-column elementor-col-50 elementor-top-column elementor-element elementor-element-007db59\" data-id=\"007db59\" data-element_type=\"column\">\n\t\t\t<div class=\"elementor-widget-wrap elementor-element-populated\">\n\t\t\t\t\t\t<div class=\"elementor-element elementor-element-2a15ae7 elementor-widget elementor-widget-image\" data-id=\"2a15ae7\" data-element_type=\"widget\" data-widget_type=\"image.default\">\n\t\t\t\t<div class=\"elementor-widget-container\">\n\t\t\t\t\t\t\t\t\t\t\t\t\t\t\t<img decoding=\"async\" width=\"496\" height=\"838\" src=\"https:\/\/mijn-lo.nl\/wp-content\/uploads\/2024\/02\/seh-496x838-1.webp\" class=\"attachment-large size-large wp-image-4359\" alt=\"\" srcset=\"https:\/\/mijn-lo.nl\/wp-content\/uploads\/2024\/02\/seh-496x838-1.webp 496w, https:\/\/mijn-lo.nl\/wp-content\/uploads\/2024\/02\/seh-496x838-1-178x300.webp 178w, https:\/\/mijn-lo.nl\/wp-content\/uploads\/2024\/02\/seh-496x838-1-7x12.webp 7w, https:\/\/mijn-lo.nl\/wp-content\/uploads\/2024\/02\/seh-496x838-1-14x24.webp 14w, https:\/\/mijn-lo.nl\/wp-content\/uploads\/2024\/02\/seh-496x838-1-21x36.webp 21w, https:\/\/mijn-lo.nl\/wp-content\/uploads\/2024\/02\/seh-496x838-1-28x48.webp 28w\" sizes=\"(max-width: 496px) 100vw, 496px\" \/>\t\t\t\t\t\t\t\t\t\t\t\t\t\t\t<\/div>\n\t\t\t\t<\/div>\n\t\t\t\t<div class=\"elementor-element elementor-element-f4f13bb elementor-widget elementor-widget-text-editor\" data-id=\"f4f13bb\" data-element_type=\"widget\" data-widget_type=\"text-editor.default\">\n\t\t\t\t<div class=\"elementor-widget-container\">\n\t\t\t\t\t\t\t\t\t<p style=\"text-align: center;\">EHBO<\/p>\t\t\t\t\t\t\t\t<\/div>\n\t\t\t\t<\/div>\n\t\t\t\t\t<\/div>\n\t\t<\/div>\n\t\t\t\t\t<\/div>\n\t\t<\/section>\n\t\t\t\t<section class=\"elementor-section elementor-top-section elementor-element elementor-element-26e2316 elementor-section-boxed elementor-section-height-default elementor-section-height-default\" data-id=\"26e2316\" data-element_type=\"section\">\n\t\t\t\t\t\t<div class=\"elementor-container elementor-column-gap-default\">\n\t\t\t\t\t<div class=\"elementor-column elementor-col-50 elementor-top-column elementor-element elementor-element-393b79f\" data-id=\"393b79f\" data-element_type=\"column\">\n\t\t\t<div class=\"elementor-widget-wrap elementor-element-populated\">\n\t\t\t\t\t\t<div class=\"elementor-element elementor-element-98c69f0 elementor-widget elementor-widget-image\" data-id=\"98c69f0\" data-element_type=\"widget\" data-widget_type=\"image.default\">\n\t\t\t\t<div class=\"elementor-widget-container\">\n\t\t\t\t\t\t\t\t\t\t\t\t\t\t\t<img loading=\"lazy\" decoding=\"async\" width=\"750\" height=\"503\" src=\"https:\/\/mijn-lo.nl\/wp-content\/uploads\/2024\/02\/ambulance-750x503-1.webp\" class=\"attachment-large size-large wp-image-4361\" alt=\"\" srcset=\"https:\/\/mijn-lo.nl\/wp-content\/uploads\/2024\/02\/ambulance-750x503-1.webp 750w, https:\/\/mijn-lo.nl\/wp-content\/uploads\/2024\/02\/ambulance-750x503-1-300x201.webp 300w, https:\/\/mijn-lo.nl\/wp-content\/uploads\/2024\/02\/ambulance-750x503-1-18x12.webp 18w, https:\/\/mijn-lo.nl\/wp-content\/uploads\/2024\/02\/ambulance-750x503-1-24x16.webp 24w, https:\/\/mijn-lo.nl\/wp-content\/uploads\/2024\/02\/ambulance-750x503-1-36x24.webp 36w, https:\/\/mijn-lo.nl\/wp-content\/uploads\/2024\/02\/ambulance-750x503-1-48x32.webp 48w\" sizes=\"(max-width: 750px) 100vw, 750px\" \/>\t\t\t\t\t\t\t\t\t\t\t\t\t\t\t<\/div>\n\t\t\t\t<\/div>\n\t\t\t\t\t<\/div>\n\t\t<\/div>\n\t\t\t\t<div class=\"elementor-column elementor-col-50 elementor-top-column elementor-element elementor-element-c6a548c\" data-id=\"c6a548c\" data-element_type=\"column\">\n\t\t\t<div class=\"elementor-widget-wrap elementor-element-populated\">\n\t\t\t\t\t\t<div class=\"elementor-element elementor-element-e3cd877 elementor-widget elementor-widget-text-editor\" data-id=\"e3cd877\" data-element_type=\"widget\" data-widget_type=\"text-editor.default\">\n\t\t\t\t<div class=\"elementor-widget-container\">\n\t\t\t\t\t\t\t\t\t<h3 class=\"mbr-section-title mbr-fonts-style mb-3 display-5\"><strong>Nag\u0142y wypadek<\/strong><\/h3><p>W j\u0119zyku niderlandzkim: \"spoed\"<br \/><br \/>Pilne problemy medyczne: Je\u015bli masz problem zdrowotny, kt\u00f3ry wymaga natychmiastowej uwagi i nie mo\u017cesz czeka\u0107 na zwyk\u0142\u0105 wizyt\u0119 u lekarza, np. powa\u017cn\u0105 infekcj\u0119, silny b\u00f3l lub komplikacje zwi\u0105zane z istniej\u0105c\u0105 chorob\u0105, mo\u017cesz uda\u0107 si\u0119 do punktu pierwszej pomocy w szpitalu.<\/p><p>Nale\u017cy pami\u0119ta\u0107, \u017ce dzia\u0142 pierwszej pomocy jest przeznaczony dla pilnych i powa\u017cnych sytuacji medycznych. W przypadku mniej pilnych problem\u00f3w lub og\u00f3lnych obaw dotycz\u0105cych zdrowia, lepiej uda\u0107 si\u0119 do zwyk\u0142ego lekarza w normalnych godzinach pracy lub zadzwoni\u0107 na infolini\u0119 medyczn\u0105 w celu uzyskania porady.<br \/>Je\u015bli nie masz pewno\u015bci, czy potrzebujesz natychmiastowej pomocy, mo\u017cesz zadzwoni\u0107 do szpitalnego oddzia\u0142u pierwszej pomocy lub pod krajowy numer alarmowy (112), aby uzyska\u0107 wskaz\u00f3wki. Pomog\u0105 oni zrozumie\u0107, co nale\u017cy zrobi\u0107.<\/p>\t\t\t\t\t\t\t\t<\/div>\n\t\t\t\t<\/div>\n\t\t\t\t\t<\/div>\n\t\t<\/div>\n\t\t\t\t\t<\/div>\n\t\t<\/section>\n\t\t\t\t<section class=\"elementor-section elementor-top-section elementor-element elementor-element-ed7b26a elementor-reverse-tablet elementor-reverse-mobile elementor-section-boxed elementor-section-height-default elementor-section-height-default\" data-id=\"ed7b26a\" data-element_type=\"section\">\n\t\t\t\t\t\t<div class=\"elementor-container elementor-column-gap-default\">\n\t\t\t\t\t<div class=\"elementor-column elementor-col-50 elementor-top-column elementor-element elementor-element-764f6f2\" data-id=\"764f6f2\" data-element_type=\"column\">\n\t\t\t<div class=\"elementor-widget-wrap elementor-element-populated\">\n\t\t\t\t\t\t<div class=\"elementor-element elementor-element-a922bc6 elementor-widget elementor-widget-text-editor\" data-id=\"a922bc6\" data-element_type=\"widget\" data-widget_type=\"text-editor.default\">\n\t\t\t\t<div class=\"elementor-widget-container\">\n\t\t\t\t\t\t\t\t\t<h3 class=\"mbr-section-title mbr-fonts-style mb-3 display-5\"><strong>Opieka specjalistyczna<\/strong><\/h3><p>Tutejszy system opieki zdrowotnej mo\u017ce pocz\u0105tkowo wydawa\u0107 si\u0119 nieco zagmatwany, ale mamy nadziej\u0119, \u017ce to wyja\u015bnienie pomo\u017ce ci lepiej go zrozumie\u0107.<br \/><br \/><strong>1. Podstawowa i dodatkowa opieka zdrowotna: Jaka jest r\u00f3\u017cnica?<br \/><\/strong><br \/>W Holandii rozr\u00f3\u017cnia si\u0119 podstawow\u0105 i wt\u00f3rn\u0105 opiek\u0119 zdrowotn\u0105:<br \/><br \/>Opieka podstawowa to podstawowa opieka, kt\u00f3ra jest bezpo\u015brednio dost\u0119pna dla ka\u017cdego. Obejmuje ona na przyk\u0142ad lekarza pierwszego kontaktu (GP), dentyst\u0119 i fizjoterapi\u0119.<br \/><br \/>Opieka dodatkowa to opieka specjalistyczna. Odnosi si\u0119 ona do opieki szpitalnej, specjalistycznego leczenia i niekt\u00f3rych form opieki psychiatrycznej. W przypadku opieki dodatkowej zwykle potrzebne jest skierowanie od \u015bwiadczeniodawcy podstawowej opieki zdrowotnej, takiego jak lekarz rodzinny.<br \/><br \/><strong>2. Jak uzyska\u0107 dost\u0119p do dodatkowej opieki zdrowotnej?<br \/><\/strong><br \/>Je\u015bli masz problem zdrowotny, kt\u00f3rego nie mo\u017cna rozwi\u0105za\u0107 w ramach podstawowej opieki zdrowotnej, Tw\u00f3j lekarz rodzinny skieruje Ci\u0119 do specjalisty w ramach opieki dodatkowej. Mo\u017ce to by\u0107 na przyk\u0142ad kardiolog, chirurg lub psychiatra.<br \/><br \/><strong>3. Koszty i ubezpieczenie<br \/><\/strong><br \/>W Holandii ka\u017cdy musi posiada\u0107 podstawowe ubezpieczenie zdrowotne. Ubezpieczenie to pokrywa koszty wi\u0119kszo\u015bci podstawowej opieki zdrowotnej, w tym znacznej cz\u0119\u015bci opieki specjalistycznej. Jednak w przypadku niekt\u00f3rych zabieg\u00f3w w ramach opieki dodatkowej mo\u017ce obowi\u0105zywa\u0107 wk\u0142ad w\u0142asny lub udzia\u0142 w\u0142asny. Wa\u017cne jest, aby sprawdzi\u0107 to z wyprzedzeniem u swojego ubezpieczyciela zdrowotnego.<\/p>\t\t\t\t\t\t\t\t<\/div>\n\t\t\t\t<\/div>\n\t\t\t\t\t<\/div>\n\t\t<\/div>\n\t\t\t\t<div class=\"elementor-column elementor-col-50 elementor-top-column elementor-element elementor-element-9cf4488\" data-id=\"9cf4488\" data-element_type=\"column\">\n\t\t\t<div class=\"elementor-widget-wrap elementor-element-populated\">\n\t\t\t\t\t\t<div class=\"elementor-element elementor-element-5b2320d elementor-widget elementor-widget-image\" data-id=\"5b2320d\" data-element_type=\"widget\" data-widget_type=\"image.default\">\n\t\t\t\t<div class=\"elementor-widget-container\">\n\t\t\t\t\t\t\t\t\t\t\t\t\t\t\t<img loading=\"lazy\" decoding=\"async\" width=\"643\" height=\"968\" src=\"https:\/\/mijn-lo.nl\/wp-content\/uploads\/2024\/02\/operatiekamer-643x968-1.webp\" class=\"attachment-large size-large wp-image-4362\" alt=\"\" srcset=\"https:\/\/mijn-lo.nl\/wp-content\/uploads\/2024\/02\/operatiekamer-643x968-1.webp 643w, https:\/\/mijn-lo.nl\/wp-content\/uploads\/2024\/02\/operatiekamer-643x968-1-199x300.webp 199w, https:\/\/mijn-lo.nl\/wp-content\/uploads\/2024\/02\/operatiekamer-643x968-1-8x12.webp 8w, https:\/\/mijn-lo.nl\/wp-content\/uploads\/2024\/02\/operatiekamer-643x968-1-16x24.webp 16w, https:\/\/mijn-lo.nl\/wp-content\/uploads\/2024\/02\/operatiekamer-643x968-1-24x36.webp 24w, https:\/\/mijn-lo.nl\/wp-content\/uploads\/2024\/02\/operatiekamer-643x968-1-32x48.webp 32w\" sizes=\"(max-width: 643px) 100vw, 643px\" \/>\t\t\t\t\t\t\t\t\t\t\t\t\t\t\t<\/div>\n\t\t\t\t<\/div>\n\t\t\t\t<div class=\"elementor-element elementor-element-bffb7cf elementor-widget elementor-widget-text-editor\" data-id=\"bffb7cf\" data-element_type=\"widget\" data-widget_type=\"text-editor.default\">\n\t\t\t\t<div class=\"elementor-widget-container\">\n\t\t\t\t\t\t\t\t\t<p style=\"text-align: center;\">Chirurgia<\/p>\t\t\t\t\t\t\t\t<\/div>\n\t\t\t\t<\/div>\n\t\t\t\t\t<\/div>\n\t\t<\/div>\n\t\t\t\t\t<\/div>\n\t\t<\/section>\n\t\t\t\t<section class=\"elementor-section elementor-top-section elementor-element elementor-element-2edcca1 elementor-section-boxed elementor-section-height-default elementor-section-height-default\" data-id=\"2edcca1\" data-element_type=\"section\">\n\t\t\t\t\t\t<div class=\"elementor-container elementor-column-gap-default\">\n\t\t\t\t\t<div class=\"elementor-column elementor-col-100 elementor-top-column elementor-element elementor-element-75349f87\" data-id=\"75349f87\" data-element_type=\"column\">\n\t\t\t<div class=\"elementor-widget-wrap elementor-element-populated\">\n\t\t\t\t\t\t<div class=\"elementor-element elementor-element-2d2d0e50 elementor-align-center elementor-widget elementor-widget-button\" data-id=\"2d2d0e50\" data-element_type=\"widget\" data-widget_type=\"button.default\">\n\t\t\t\t<div class=\"elementor-widget-container\">\n\t\t\t\t\t\t\t\t\t<div class=\"elementor-button-wrapper\">\n\t\t\t\t\t<a class=\"elementor-button elementor-button-link elementor-size-sm\" href=\"https:\/\/mijn-lo.nl\/pl\/healthcare\/pregnancy-childbirth-vaccination-physiotherapy\/\">\n\t\t\t\t\t\t<span class=\"elementor-button-content-wrapper\">\n\t\t\t\t\t\t\t\t\t<span class=\"elementor-button-text\">Kontynuowa\u0107<\/span>\n\t\t\t\t\t<\/span>\n\t\t\t\t\t<\/a>\n\t\t\t\t<\/div>\n\t\t\t\t\t\t\t\t<\/div>\n\t\t\t\t<\/div>\n\t\t\t\t\t<\/div>\n\t\t<\/div>\n\t\t\t\t\t<\/div>\n\t\t<\/section>\n\t\t\t\t<\/div>","protected":false},"excerpt":{"rendered":"<p>Dentist In Dutch: &#8220;tandarts&#8221; Dental care in the Netherlands is not completely covered by the basic health insurance. To help cover dental expenses, you can buy extra dental insurance from private companies. This insurance can pay for some of the costs of dental treatments. Basic dental insurance\u00a0usually covers routine check-ups, cleanings, and X-rays. It may [&hellip;]<\/p>\n","protected":false},"author":1,"featured_media":0,"parent":4178,"menu_order":4,"comment_status":"closed","ping_status":"closed","template":"elementor_canvas","meta":{"site-sidebar-layout":"no-sidebar","site-content-layout":"page-builder","ast-site-content-layout":"full-width-container","site-content-style":"default","site-sidebar-style":"default","ast-global-header-display":"","ast-banner-title-visibility":"","ast-main-header-display":"","ast-hfb-above-header-display":"","ast-hfb-below-header-display":"","ast-hfb-mobile-header-display":"","site-post-title":"disabled","ast-breadcrumbs-content":"","ast-featured-img":"disabled","footer-sml-layout":"","theme-transparent-header-meta":"","adv-header-id-meta":"","stick-header-meta":"","header-above-stick-meta":"","header-main-stick-meta":"","header-below-stick-meta":"","astra-migrate-meta-layouts":"set","ast-page-background-enabled":"default","ast-page-background-meta":{"desktop":{"background-color":"var(--ast-global-color-4)","background-image":"","background-repeat":"repeat","background-position":"center center","background-size":"auto","background-attachment":"scroll","background-type":"","background-media":"","overlay-type":"","overlay-color":"","overlay-opacity":"","overlay-gradient":""},"tablet":{"background-color":"","background-image":"","background-repeat":"repeat","background-position":"center center","background-size":"auto","background-attachment":"scroll","background-type":"","background-media":"","overlay-type":"","overlay-color":"","overlay-opacity":"","overlay-gradient":""},"mobile":{"background-color":"","background-image":"","background-repeat":"repeat","background-position":"center center","background-size":"auto","background-attachment":"scroll","background-type":"","background-media":"","overlay-type":"","overlay-color":"","overlay-opacity":"","overlay-gradient":""}},"ast-content-background-meta":{"desktop":{"background-color":"var(--ast-global-color-5)","background-image":"","background-repeat":"repeat","background-position":"center center","background-size":"auto","background-attachment":"scroll","background-type":"","background-media":"","overlay-type":"","overlay-color":"","overlay-opacity":"","overlay-gradient":""},"tablet":{"background-color":"var(--ast-global-color-5)","background-image":"","background-repeat":"repeat","background-position":"center center","background-size":"auto","background-attachment":"scroll","background-type":"","background-media":"","overlay-type":"","overlay-color":"","overlay-opacity":"","overlay-gradient":""},"mobile":{"background-color":"var(--ast-global-color-5)","background-image":"","background-repeat":"repeat","background-position":"center center","background-size":"auto","background-attachment":"scroll","background-type":"","background-media":"","overlay-type":"","overlay-color":"","overlay-opacity":"","overlay-gradient":""}},"footnotes":""},"class_list":["post-4339","page","type-page","status-publish","hentry"],"_links":{"self":[{"href":"https:\/\/mijn-lo.nl\/pl\/wp-json\/wp\/v2\/pages\/4339","targetHints":{"allow":["GET"]}}],"collection":[{"href":"https:\/\/mijn-lo.nl\/pl\/wp-json\/wp\/v2\/pages"}],"about":[{"href":"https:\/\/mijn-lo.nl\/pl\/wp-json\/wp\/v2\/types\/page"}],"author":[{"embeddable":true,"href":"https:\/\/mijn-lo.nl\/pl\/wp-json\/wp\/v2\/users\/1"}],"replies":[{"embeddable":true,"href":"https:\/\/mijn-lo.nl\/pl\/wp-json\/wp\/v2\/comments?post=4339"}],"version-history":[{"count":21,"href":"https:\/\/mijn-lo.nl\/pl\/wp-json\/wp\/v2\/pages\/4339\/revisions"}],"predecessor-version":[{"id":6274,"href":"https:\/\/mijn-lo.nl\/pl\/wp-json\/wp\/v2\/pages\/4339\/revisions\/6274"}],"up":[{"embeddable":true,"href":"https:\/\/mijn-lo.nl\/pl\/wp-json\/wp\/v2\/pages\/4178"}],"wp:attachment":[{"href":"https:\/\/mijn-lo.nl\/pl\/wp-json\/wp\/v2\/media?parent=4339"}],"curies":[{"name":"wp","href":"https:\/\/api.w.org\/{rel}","templated":true}]}}