{"id":4370,"date":"2024-02-04T16:16:06","date_gmt":"2024-02-04T16:16:06","guid":{"rendered":"http:\/\/mijn-lo.nl\/?page_id=4370"},"modified":"2025-08-19T17:30:58","modified_gmt":"2025-08-19T17:30:58","slug":"learn-words-and-expressions","status":"publish","type":"page","link":"https:\/\/mijn-lo.nl\/pl\/healthcare\/learn-words-and-expressions\/","title":{"rendered":"Naucz si\u0119 s\u0142\u00f3w i wyra\u017ce\u0144"},"content":{"rendered":"<div data-elementor-type=\"wp-page\" data-elementor-id=\"4370\" class=\"elementor elementor-4370\" data-elementor-post-type=\"page\">\n\t\t\t\t\t\t<section class=\"elementor-section elementor-top-section elementor-element elementor-element-2b11771 elementor-section-boxed elementor-section-height-default elementor-section-height-default\" data-id=\"2b11771\" data-element_type=\"section\" data-settings=\"{&quot;background_background&quot;:&quot;classic&quot;}\">\n\t\t\t\t\t\t<div class=\"elementor-container elementor-column-gap-default\">\n\t\t\t\t\t<div class=\"elementor-column elementor-col-100 elementor-top-column elementor-element elementor-element-919d60a\" data-id=\"919d60a\" data-element_type=\"column\">\n\t\t\t<div class=\"elementor-widget-wrap elementor-element-populated\">\n\t\t\t\t\t\t<div class=\"elementor-element elementor-element-0f1142d elementor-widget elementor-widget-heading\" data-id=\"0f1142d\" data-element_type=\"widget\" data-widget_type=\"heading.default\">\n\t\t\t\t<div class=\"elementor-widget-container\">\n\t\t\t\t\t<h2 class=\"elementor-heading-title elementor-size-default\">Naucz si\u0119 s\u0142\u00f3w i wyra\u017ce\u0144<\/h2>\t\t\t\t<\/div>\n\t\t\t\t<\/div>\n\t\t\t\t\t<\/div>\n\t\t<\/div>\n\t\t\t\t\t<\/div>\n\t\t<\/section>\n\t\t\t\t<section class=\"elementor-section elementor-top-section elementor-element elementor-element-203626a elementor-section-boxed elementor-section-height-default elementor-section-height-default\" data-id=\"203626a\" data-element_type=\"section\">\n\t\t\t\t\t\t<div class=\"elementor-container elementor-column-gap-default\">\n\t\t\t\t\t<div class=\"elementor-column elementor-col-33 elementor-top-column elementor-element elementor-element-53e3b11\" data-id=\"53e3b11\" data-element_type=\"column\">\n\t\t\t<div class=\"elementor-widget-wrap elementor-element-populated\">\n\t\t\t\t\t\t<div class=\"elementor-element elementor-element-f23e26a elementor-widget elementor-widget-image\" data-id=\"f23e26a\" data-element_type=\"widget\" data-widget_type=\"image.default\">\n\t\t\t\t<div class=\"elementor-widget-container\">\n\t\t\t\t\t\t\t\t\t\t\t\t\t\t\t<img fetchpriority=\"high\" decoding=\"async\" width=\"815\" height=\"628\" src=\"https:\/\/mijn-lo.nl\/wp-content\/uploads\/2024\/02\/tandarts-b-815x628-1.webp\" class=\"attachment-large size-large wp-image-4372\" alt=\"\" srcset=\"https:\/\/mijn-lo.nl\/wp-content\/uploads\/2024\/02\/tandarts-b-815x628-1.webp 815w, https:\/\/mijn-lo.nl\/wp-content\/uploads\/2024\/02\/tandarts-b-815x628-1-300x231.webp 300w, https:\/\/mijn-lo.nl\/wp-content\/uploads\/2024\/02\/tandarts-b-815x628-1-768x592.webp 768w, https:\/\/mijn-lo.nl\/wp-content\/uploads\/2024\/02\/tandarts-b-815x628-1-16x12.webp 16w, https:\/\/mijn-lo.nl\/wp-content\/uploads\/2024\/02\/tandarts-b-815x628-1-24x18.webp 24w, https:\/\/mijn-lo.nl\/wp-content\/uploads\/2024\/02\/tandarts-b-815x628-1-36x28.webp 36w, https:\/\/mijn-lo.nl\/wp-content\/uploads\/2024\/02\/tandarts-b-815x628-1-48x37.webp 48w\" sizes=\"(max-width: 815px) 100vw, 815px\" \/>\t\t\t\t\t\t\t\t\t\t\t\t\t\t\t<\/div>\n\t\t\t\t<\/div>\n\t\t\t\t\t<\/div>\n\t\t<\/div>\n\t\t\t\t<div class=\"elementor-column elementor-col-33 elementor-top-column elementor-element elementor-element-e91a5ad\" data-id=\"e91a5ad\" data-element_type=\"column\">\n\t\t\t<div class=\"elementor-widget-wrap elementor-element-populated\">\n\t\t\t\t\t\t<div class=\"elementor-element elementor-element-f5175ae elementor-widget elementor-widget-text-editor\" data-id=\"f5175ae\" data-element_type=\"widget\" data-widget_type=\"text-editor.default\">\n\t\t\t\t<div class=\"elementor-widget-container\">\n\t\t\t\t\t\t\t\t\t<p><strong>1. dentysta<\/strong><\/p><p><audio class=\"wp-audio-shortcode\" id=\"audio-4370-1\" preload=\"none\" style=\"width: 100%;\" controls=\"controls\"><source type=\"audio\/wav\" src=\"https:\/\/mijn-lo.nl\/wp-content\/uploads\/2024\/02\/tandarts2.wav?_=1\" \/><a href=\"https:\/\/mijn-lo.nl\/wp-content\/uploads\/2024\/02\/tandarts2.wav\">https:\/\/mijn-lo.nl\/wp-content\/uploads\/2024\/02\/tandarts2.wav<\/a><\/audio><\/p><p><strong><br \/>2. um\u00f3wi\u0107 si\u0119 na spotkanie<\/strong><\/p><p><audio class=\"wp-audio-shortcode\" id=\"audio-4370-2\" preload=\"none\" style=\"width: 100%;\" controls=\"controls\"><source type=\"audio\/wav\" src=\"https:\/\/mijn-lo.nl\/wp-content\/uploads\/2024\/02\/een-afspraak-maken-2.wav?_=2\" \/><a href=\"https:\/\/mijn-lo.nl\/wp-content\/uploads\/2024\/02\/een-afspraak-maken-2.wav\">https:\/\/mijn-lo.nl\/wp-content\/uploads\/2024\/02\/een-afspraak-maken-2.wav<\/a><\/audio><\/p><p><strong><br \/>3. Boli mnie z\u0105b<\/strong><\/p><p><audio class=\"wp-audio-shortcode\" id=\"audio-4370-3\" preload=\"none\" style=\"width: 100%;\" controls=\"controls\"><source type=\"audio\/wav\" src=\"https:\/\/mijn-lo.nl\/wp-content\/uploads\/2024\/02\/ik-heb-kiespijn.wav?_=3\" \/><a href=\"https:\/\/mijn-lo.nl\/wp-content\/uploads\/2024\/02\/ik-heb-kiespijn.wav\">https:\/\/mijn-lo.nl\/wp-content\/uploads\/2024\/02\/ik-heb-kiespijn.wav<\/a><\/audio><\/p><p><strong><br \/>4. ten z\u0105b<\/strong><\/p><p><audio class=\"wp-audio-shortcode\" id=\"audio-4370-4\" preload=\"none\" style=\"width: 100%;\" controls=\"controls\"><source type=\"audio\/wav\" src=\"https:\/\/mijn-lo.nl\/wp-content\/uploads\/2024\/02\/deze-tand.wav?_=4\" \/><a href=\"https:\/\/mijn-lo.nl\/wp-content\/uploads\/2024\/02\/deze-tand.wav\">https:\/\/mijn-lo.nl\/wp-content\/uploads\/2024\/02\/deze-tand.wav<\/a><\/audio><\/p>\t\t\t\t\t\t\t\t<\/div>\n\t\t\t\t<\/div>\n\t\t\t\t\t<\/div>\n\t\t<\/div>\n\t\t\t\t<div class=\"elementor-column elementor-col-33 elementor-top-column elementor-element elementor-element-76e50e8\" data-id=\"76e50e8\" data-element_type=\"column\">\n\t\t\t<div class=\"elementor-widget-wrap elementor-element-populated\">\n\t\t\t\t\t\t<div class=\"elementor-element elementor-element-b77c1d8 elementor-widget elementor-widget-text-editor\" data-id=\"b77c1d8\" data-element_type=\"widget\" data-widget_type=\"text-editor.default\">\n\t\t\t\t<div class=\"elementor-widget-container\">\n\t\t\t\t\t\t\t\t\t<p><strong>5. ten trzonowiec<\/strong><\/p><p><audio class=\"wp-audio-shortcode\" id=\"audio-4370-5\" preload=\"none\" style=\"width: 100%;\" controls=\"controls\"><source type=\"audio\/wav\" src=\"https:\/\/mijn-lo.nl\/wp-content\/uploads\/2024\/02\/deze-kies.wav?_=5\" \/><a href=\"https:\/\/mijn-lo.nl\/wp-content\/uploads\/2024\/02\/deze-kies.wav\">https:\/\/mijn-lo.nl\/wp-content\/uploads\/2024\/02\/deze-kies.wav<\/a><\/audio><\/p><p><strong><br \/>6. od\u0142ama\u0142 si\u0119 kawa\u0142ek<\/strong><\/p><p><audio class=\"wp-audio-shortcode\" id=\"audio-4370-6\" preload=\"none\" style=\"width: 100%;\" controls=\"controls\"><source type=\"audio\/wav\" src=\"https:\/\/mijn-lo.nl\/wp-content\/uploads\/2024\/02\/er-is-een-stuk-afgebroken.wav?_=6\" \/><a href=\"https:\/\/mijn-lo.nl\/wp-content\/uploads\/2024\/02\/er-is-een-stuk-afgebroken.wav\">https:\/\/mijn-lo.nl\/wp-content\/uploads\/2024\/02\/er-is-een-stuk-afgebroken.wav<\/a><\/audio><\/p><p><strong><br \/>7. Musz\u0119 wyrwa\u0107 z\u0105b<\/strong><\/p><p><audio class=\"wp-audio-shortcode\" id=\"audio-4370-7\" preload=\"none\" style=\"width: 100%;\" controls=\"controls\"><source type=\"audio\/wav\" src=\"https:\/\/mijn-lo.nl\/wp-content\/uploads\/2024\/02\/ik-moet-een-kies-trekken.wav?_=7\" \/><a href=\"https:\/\/mijn-lo.nl\/wp-content\/uploads\/2024\/02\/ik-moet-een-kies-trekken.wav\">https:\/\/mijn-lo.nl\/wp-content\/uploads\/2024\/02\/ik-moet-een-kies-trekken.wav<\/a><\/audio><\/p>\t\t\t\t\t\t\t\t<\/div>\n\t\t\t\t<\/div>\n\t\t\t\t\t<\/div>\n\t\t<\/div>\n\t\t\t\t\t<\/div>\n\t\t<\/section>\n\t\t\t\t<section class=\"elementor-section elementor-top-section elementor-element elementor-element-7b20ac9 elementor-section-boxed elementor-section-height-default elementor-section-height-default\" data-id=\"7b20ac9\" data-element_type=\"section\" data-settings=\"{&quot;background_background&quot;:&quot;classic&quot;}\">\n\t\t\t\t\t\t<div class=\"elementor-container elementor-column-gap-default\">\n\t\t\t\t\t<div class=\"elementor-column elementor-col-100 elementor-top-column elementor-element elementor-element-a6ebe79\" data-id=\"a6ebe79\" data-element_type=\"column\">\n\t\t\t<div class=\"elementor-widget-wrap elementor-element-populated\">\n\t\t\t\t\t\t<div class=\"elementor-element elementor-element-d4388e1 elementor-widget elementor-widget-heading\" data-id=\"d4388e1\" data-element_type=\"widget\" data-widget_type=\"heading.default\">\n\t\t\t\t<div class=\"elementor-widget-container\">\n\t\t\t\t\t<h2 class=\"elementor-heading-title elementor-size-default\">S\u0142owa i zdania<\/h2>\t\t\t\t<\/div>\n\t\t\t\t<\/div>\n\t\t\t\t\t<\/div>\n\t\t<\/div>\n\t\t\t\t\t<\/div>\n\t\t<\/section>\n\t\t\t\t<section class=\"elementor-section elementor-top-section elementor-element elementor-element-9e4bd72 elementor-section-boxed elementor-section-height-default elementor-section-height-default\" data-id=\"9e4bd72\" data-element_type=\"section\">\n\t\t\t\t\t\t<div class=\"elementor-container elementor-column-gap-default\">\n\t\t\t\t\t<div class=\"elementor-column elementor-col-33 elementor-top-column elementor-element elementor-element-cfe139a\" data-id=\"cfe139a\" data-element_type=\"column\">\n\t\t\t<div class=\"elementor-widget-wrap elementor-element-populated\">\n\t\t\t\t\t\t<div class=\"elementor-element elementor-element-aaafa3f elementor-widget elementor-widget-image\" data-id=\"aaafa3f\" data-element_type=\"widget\" data-widget_type=\"image.default\">\n\t\t\t\t<div class=\"elementor-widget-container\">\n\t\t\t\t\t\t\t\t\t\t\t\t\t\t\t<img decoding=\"async\" width=\"815\" height=\"729\" src=\"https:\/\/mijn-lo.nl\/wp-content\/uploads\/2024\/02\/geboorte2-815x729-1.webp\" class=\"attachment-large size-large wp-image-4383\" alt=\"\" srcset=\"https:\/\/mijn-lo.nl\/wp-content\/uploads\/2024\/02\/geboorte2-815x729-1.webp 815w, https:\/\/mijn-lo.nl\/wp-content\/uploads\/2024\/02\/geboorte2-815x729-1-300x268.webp 300w, https:\/\/mijn-lo.nl\/wp-content\/uploads\/2024\/02\/geboorte2-815x729-1-768x687.webp 768w, https:\/\/mijn-lo.nl\/wp-content\/uploads\/2024\/02\/geboorte2-815x729-1-13x12.webp 13w, https:\/\/mijn-lo.nl\/wp-content\/uploads\/2024\/02\/geboorte2-815x729-1-24x21.webp 24w, https:\/\/mijn-lo.nl\/wp-content\/uploads\/2024\/02\/geboorte2-815x729-1-36x32.webp 36w, https:\/\/mijn-lo.nl\/wp-content\/uploads\/2024\/02\/geboorte2-815x729-1-48x43.webp 48w\" sizes=\"(max-width: 815px) 100vw, 815px\" \/>\t\t\t\t\t\t\t\t\t\t\t\t\t\t\t<\/div>\n\t\t\t\t<\/div>\n\t\t\t\t\t<\/div>\n\t\t<\/div>\n\t\t\t\t<div class=\"elementor-column elementor-col-33 elementor-top-column elementor-element elementor-element-d2157d6\" data-id=\"d2157d6\" data-element_type=\"column\">\n\t\t\t<div class=\"elementor-widget-wrap elementor-element-populated\">\n\t\t\t\t\t\t<div class=\"elementor-element elementor-element-eb26812 elementor-widget elementor-widget-text-editor\" data-id=\"eb26812\" data-element_type=\"widget\" data-widget_type=\"text-editor.default\">\n\t\t\t\t<div class=\"elementor-widget-container\">\n\t\t\t\t\t\t\t\t\t<p>1.<strong>\u00a0Jestem w ci\u0105\u017cy<\/strong><\/p><p><audio class=\"wp-audio-shortcode\" id=\"audio-4370-8\" preload=\"none\" style=\"width: 100%;\" controls=\"controls\"><source type=\"audio\/wav\" src=\"https:\/\/mijn-lo.nl\/wp-content\/uploads\/2024\/02\/ik-ben-zwanger.wav?_=8\" \/><a href=\"https:\/\/mijn-lo.nl\/wp-content\/uploads\/2024\/02\/ik-ben-zwanger.wav\">https:\/\/mijn-lo.nl\/wp-content\/uploads\/2024\/02\/ik-ben-zwanger.wav<\/a><\/audio><\/p><p><br \/>2. <strong>opieka podczas ci\u0105\u017cy<\/strong><\/p><p><audio class=\"wp-audio-shortcode\" id=\"audio-4370-9\" preload=\"none\" style=\"width: 100%;\" controls=\"controls\"><source type=\"audio\/wav\" src=\"https:\/\/mijn-lo.nl\/wp-content\/uploads\/2024\/02\/zorg-tijdens-de-zwangerschap.wav?_=9\" \/><a href=\"https:\/\/mijn-lo.nl\/wp-content\/uploads\/2024\/02\/zorg-tijdens-de-zwangerschap.wav\">https:\/\/mijn-lo.nl\/wp-content\/uploads\/2024\/02\/zorg-tijdens-de-zwangerschap.wav<\/a><\/audio><\/p><p><br \/>3. <strong>narodziny<\/strong><\/p><p><audio class=\"wp-audio-shortcode\" id=\"audio-4370-10\" preload=\"none\" style=\"width: 100%;\" controls=\"controls\"><source type=\"audio\/wav\" src=\"https:\/\/mijn-lo.nl\/wp-content\/uploads\/2024\/02\/geboorte.wav?_=10\" \/><a href=\"https:\/\/mijn-lo.nl\/wp-content\/uploads\/2024\/02\/geboorte.wav\">https:\/\/mijn-lo.nl\/wp-content\/uploads\/2024\/02\/geboorte.wav<\/a><\/audio><\/p><p><br \/>4. <strong>pomoc podczas porodu<\/strong><\/p><p><audio class=\"wp-audio-shortcode\" id=\"audio-4370-11\" preload=\"none\" style=\"width: 100%;\" controls=\"controls\"><source type=\"audio\/wav\" src=\"https:\/\/mijn-lo.nl\/wp-content\/uploads\/2024\/02\/hulp-tijdens-de-geboorte.wav?_=11\" \/><a href=\"https:\/\/mijn-lo.nl\/wp-content\/uploads\/2024\/02\/hulp-tijdens-de-geboorte.wav\">https:\/\/mijn-lo.nl\/wp-content\/uploads\/2024\/02\/hulp-tijdens-de-geboorte.wav<\/a><\/audio><\/p>\t\t\t\t\t\t\t\t<\/div>\n\t\t\t\t<\/div>\n\t\t\t\t\t<\/div>\n\t\t<\/div>\n\t\t\t\t<div class=\"elementor-column elementor-col-33 elementor-top-column elementor-element elementor-element-e7e816e\" data-id=\"e7e816e\" data-element_type=\"column\">\n\t\t\t<div class=\"elementor-widget-wrap elementor-element-populated\">\n\t\t\t\t\t\t<div class=\"elementor-element elementor-element-b8dabaa elementor-widget elementor-widget-text-editor\" data-id=\"b8dabaa\" data-element_type=\"widget\" data-widget_type=\"text-editor.default\">\n\t\t\t\t<div class=\"elementor-widget-container\">\n\t\t\t\t\t\t\t\t\t<p><strong><span style=\"font-style: inherit; color: var( --e-global-color-text ); font-family: var( --e-global-typography-text-font-family ), Sans-serif; background-color: var(--ast-global-color-5);\">5. <\/span>por\u00f3d<\/strong><\/p><p><audio class=\"wp-audio-shortcode\" id=\"audio-4370-12\" preload=\"none\" style=\"width: 100%;\" controls=\"controls\"><source type=\"audio\/wav\" src=\"https:\/\/mijn-lo.nl\/wp-content\/uploads\/2024\/02\/de-bevalling.wav?_=12\" \/><a href=\"https:\/\/mijn-lo.nl\/wp-content\/uploads\/2024\/02\/de-bevalling.wav\">https:\/\/mijn-lo.nl\/wp-content\/uploads\/2024\/02\/de-bevalling.wav<\/a><\/audio><\/p><p><strong><br \/>6. to by\u0142 trudny por\u00f3d<\/strong><\/p><p><audio class=\"wp-audio-shortcode\" id=\"audio-4370-13\" preload=\"none\" style=\"width: 100%;\" controls=\"controls\"><source type=\"audio\/wav\" src=\"https:\/\/mijn-lo.nl\/wp-content\/uploads\/2024\/02\/het-was-een-zeware-bevalling.wav?_=13\" \/><a href=\"https:\/\/mijn-lo.nl\/wp-content\/uploads\/2024\/02\/het-was-een-zeware-bevalling.wav\">https:\/\/mijn-lo.nl\/wp-content\/uploads\/2024\/02\/het-was-een-zeware-bevalling.wav<\/a><\/audio><\/p><p><strong><br \/>7. agencja konsultacyjna (wszystko w porz\u0105dku z dzieckiem?)<\/strong><\/p><p><audio class=\"wp-audio-shortcode\" id=\"audio-4370-14\" preload=\"none\" style=\"width: 100%;\" controls=\"controls\"><source type=\"audio\/wav\" src=\"https:\/\/mijn-lo.nl\/wp-content\/uploads\/2024\/02\/consultatiebureau.wav?_=14\" \/><a href=\"https:\/\/mijn-lo.nl\/wp-content\/uploads\/2024\/02\/consultatiebureau.wav\">https:\/\/mijn-lo.nl\/wp-content\/uploads\/2024\/02\/consultatiebureau.wav<\/a><\/audio><\/p><p><strong><br \/>8. sprawdzi\u0107 (czy wszystko jest w porz\u0105dku)<\/strong><\/p><p><audio class=\"wp-audio-shortcode\" id=\"audio-4370-15\" preload=\"none\" style=\"width: 100%;\" controls=\"controls\"><source type=\"audio\/wav\" src=\"https:\/\/mijn-lo.nl\/wp-content\/uploads\/2024\/02\/controle.wav?_=15\" \/><a href=\"https:\/\/mijn-lo.nl\/wp-content\/uploads\/2024\/02\/controle.wav\">https:\/\/mijn-lo.nl\/wp-content\/uploads\/2024\/02\/controle.wav<\/a><\/audio><\/p>\t\t\t\t\t\t\t\t<\/div>\n\t\t\t\t<\/div>\n\t\t\t\t\t<\/div>\n\t\t<\/div>\n\t\t\t\t\t<\/div>\n\t\t<\/section>\n\t\t\t\t<section class=\"elementor-section elementor-top-section elementor-element elementor-element-2edcca1 elementor-section-boxed elementor-section-height-default elementor-section-height-default\" data-id=\"2edcca1\" data-element_type=\"section\">\n\t\t\t\t\t\t<div class=\"elementor-container elementor-column-gap-default\">\n\t\t\t\t\t<div class=\"elementor-column elementor-col-100 elementor-top-column elementor-element elementor-element-75349f87\" data-id=\"75349f87\" data-element_type=\"column\">\n\t\t\t<div class=\"elementor-widget-wrap elementor-element-populated\">\n\t\t\t\t\t\t<div class=\"elementor-element elementor-element-2d2d0e50 elementor-align-center elementor-widget elementor-widget-button\" data-id=\"2d2d0e50\" data-element_type=\"widget\" data-widget_type=\"button.default\">\n\t\t\t\t<div class=\"elementor-widget-container\">\n\t\t\t\t\t\t\t\t\t<div class=\"elementor-button-wrapper\">\n\t\t\t\t\t<a class=\"elementor-button elementor-button-link elementor-size-sm\" href=\"https:\/\/mijn-lo.nl\/pl\/healthcare\/test-4\/\">\n\t\t\t\t\t\t<span class=\"elementor-button-content-wrapper\">\n\t\t\t\t\t\t\t\t\t<span class=\"elementor-button-text\">Kontynuowa\u0107<\/span>\n\t\t\t\t\t<\/span>\n\t\t\t\t\t<\/a>\n\t\t\t\t<\/div>\n\t\t\t\t\t\t\t\t<\/div>\n\t\t\t\t<\/div>\n\t\t\t\t\t<\/div>\n\t\t<\/div>\n\t\t\t\t\t<\/div>\n\t\t<\/section>\n\t\t\t\t<\/div>","protected":false},"excerpt":{"rendered":"<p>Learn words and expressions 1. dentist 2. make an appointment 3. I have a toothache 4. this tooth 5. this molar 6. a piece has broken off 7. I have to pull a tooth Words and Sentences 1.\u00a0I am pregnant 2. care during pregnancy 3. birth 4. assistance during birth 5. childbirth 6. it was [&hellip;]<\/p>\n","protected":false},"author":1,"featured_media":0,"parent":4178,"menu_order":6,"comment_status":"closed","ping_status":"closed","template":"elementor_canvas","meta":{"site-sidebar-layout":"no-sidebar","site-content-layout":"page-builder","ast-site-content-layout":"full-width-container","site-content-style":"default","site-sidebar-style":"default","ast-global-header-display":"","ast-banner-title-visibility":"","ast-main-header-display":"","ast-hfb-above-header-display":"","ast-hfb-below-header-display":"","ast-hfb-mobile-header-display":"","site-post-title":"disabled","ast-breadcrumbs-content":"","ast-featured-img":"disabled","footer-sml-layout":"","theme-transparent-header-meta":"","adv-header-id-meta":"","stick-header-meta":"","header-above-stick-meta":"","header-main-stick-meta":"","header-below-stick-meta":"","astra-migrate-meta-layouts":"set","ast-page-background-enabled":"default","ast-page-background-meta":{"desktop":{"background-color":"var(--ast-global-color-4)","background-image":"","background-repeat":"repeat","background-position":"center center","background-size":"auto","background-attachment":"scroll","background-type":"","background-media":"","overlay-type":"","overlay-color":"","overlay-opacity":"","overlay-gradient":""},"tablet":{"background-color":"","background-image":"","background-repeat":"repeat","background-position":"center center","background-size":"auto","background-attachment":"scroll","background-type":"","background-media":"","overlay-type":"","overlay-color":"","overlay-opacity":"","overlay-gradient":""},"mobile":{"background-color":"","background-image":"","background-repeat":"repeat","background-position":"center center","background-size":"auto","background-attachment":"scroll","background-type":"","background-media":"","overlay-type":"","overlay-color":"","overlay-opacity":"","overlay-gradient":""}},"ast-content-background-meta":{"desktop":{"background-color":"var(--ast-global-color-5)","background-image":"","background-repeat":"repeat","background-position":"center center","background-size":"auto","background-attachment":"scroll","background-type":"","background-media":"","overlay-type":"","overlay-color":"","overlay-opacity":"","overlay-gradient":""},"tablet":{"background-color":"var(--ast-global-color-5)","background-image":"","background-repeat":"repeat","background-position":"center center","background-size":"auto","background-attachment":"scroll","background-type":"","background-media":"","overlay-type":"","overlay-color":"","overlay-opacity":"","overlay-gradient":""},"mobile":{"background-color":"var(--ast-global-color-5)","background-image":"","background-repeat":"repeat","background-position":"center center","background-size":"auto","background-attachment":"scroll","background-type":"","background-media":"","overlay-type":"","overlay-color":"","overlay-opacity":"","overlay-gradient":""}},"footnotes":""},"class_list":["post-4370","page","type-page","status-publish","hentry"],"_links":{"self":[{"href":"https:\/\/mijn-lo.nl\/pl\/wp-json\/wp\/v2\/pages\/4370","targetHints":{"allow":["GET"]}}],"collection":[{"href":"https:\/\/mijn-lo.nl\/pl\/wp-json\/wp\/v2\/pages"}],"about":[{"href":"https:\/\/mijn-lo.nl\/pl\/wp-json\/wp\/v2\/types\/page"}],"author":[{"embeddable":true,"href":"https:\/\/mijn-lo.nl\/pl\/wp-json\/wp\/v2\/users\/1"}],"replies":[{"embeddable":true,"href":"https:\/\/mijn-lo.nl\/pl\/wp-json\/wp\/v2\/comments?post=4370"}],"version-history":[{"count":46,"href":"https:\/\/mijn-lo.nl\/pl\/wp-json\/wp\/v2\/pages\/4370\/revisions"}],"predecessor-version":[{"id":6280,"href":"https:\/\/mijn-lo.nl\/pl\/wp-json\/wp\/v2\/pages\/4370\/revisions\/6280"}],"up":[{"embeddable":true,"href":"https:\/\/mijn-lo.nl\/pl\/wp-json\/wp\/v2\/pages\/4178"}],"wp:attachment":[{"href":"https:\/\/mijn-lo.nl\/pl\/wp-json\/wp\/v2\/media?parent=4370"}],"curies":[{"name":"wp","href":"https:\/\/api.w.org\/{rel}","templated":true}]}}