{"id":4736,"date":"2024-02-09T13:32:30","date_gmt":"2024-02-09T13:32:30","guid":{"rendered":"http:\/\/mijn-lo.nl\/?page_id=4736"},"modified":"2025-08-19T17:40:27","modified_gmt":"2025-08-19T17:40:27","slug":"learn-words-and-expressions","status":"publish","type":"page","link":"https:\/\/mijn-lo.nl\/pl\/transport\/learn-words-and-expressions\/","title":{"rendered":"Naucz si\u0119 s\u0142\u00f3w i wyra\u017ce\u0144"},"content":{"rendered":"<div data-elementor-type=\"wp-page\" data-elementor-id=\"4736\" class=\"elementor elementor-4736\" data-elementor-post-type=\"page\">\n\t\t\t\t\t\t<section class=\"elementor-section elementor-top-section elementor-element elementor-element-2b11771 elementor-section-boxed elementor-section-height-default elementor-section-height-default\" data-id=\"2b11771\" data-element_type=\"section\" data-settings=\"{&quot;background_background&quot;:&quot;classic&quot;}\">\n\t\t\t\t\t\t<div class=\"elementor-container elementor-column-gap-default\">\n\t\t\t\t\t<div class=\"elementor-column elementor-col-100 elementor-top-column elementor-element elementor-element-919d60a\" data-id=\"919d60a\" data-element_type=\"column\">\n\t\t\t<div class=\"elementor-widget-wrap elementor-element-populated\">\n\t\t\t\t\t\t<div class=\"elementor-element elementor-element-0f1142d elementor-widget elementor-widget-heading\" data-id=\"0f1142d\" data-element_type=\"widget\" data-widget_type=\"heading.default\">\n\t\t\t\t<div class=\"elementor-widget-container\">\n\t\t\t\t\t<h2 class=\"elementor-heading-title elementor-size-default\">Naucz si\u0119 s\u0142\u00f3w i wyra\u017ce\u0144<\/h2>\t\t\t\t<\/div>\n\t\t\t\t<\/div>\n\t\t\t\t\t<\/div>\n\t\t<\/div>\n\t\t\t\t\t<\/div>\n\t\t<\/section>\n\t\t\t\t<section class=\"elementor-section elementor-top-section elementor-element elementor-element-203626a elementor-section-boxed elementor-section-height-default elementor-section-height-default\" data-id=\"203626a\" data-element_type=\"section\">\n\t\t\t\t\t\t<div class=\"elementor-container elementor-column-gap-default\">\n\t\t\t\t\t<div class=\"elementor-column elementor-col-33 elementor-top-column elementor-element elementor-element-53e3b11\" data-id=\"53e3b11\" data-element_type=\"column\">\n\t\t\t<div class=\"elementor-widget-wrap elementor-element-populated\">\n\t\t\t\t\t\t<div class=\"elementor-element elementor-element-f23e26a elementor-widget elementor-widget-image\" data-id=\"f23e26a\" data-element_type=\"widget\" data-widget_type=\"image.default\">\n\t\t\t\t<div class=\"elementor-widget-container\">\n\t\t\t\t\t\t\t\t\t\t\t\t\t\t\t<img fetchpriority=\"high\" decoding=\"async\" width=\"815\" height=\"647\" src=\"https:\/\/mijn-lo.nl\/wp-content\/uploads\/2024\/02\/kaartke-kopen-815x647-1.webp\" class=\"attachment-large size-large wp-image-4745\" alt=\"\" srcset=\"https:\/\/mijn-lo.nl\/wp-content\/uploads\/2024\/02\/kaartke-kopen-815x647-1.webp 815w, https:\/\/mijn-lo.nl\/wp-content\/uploads\/2024\/02\/kaartke-kopen-815x647-1-300x238.webp 300w, https:\/\/mijn-lo.nl\/wp-content\/uploads\/2024\/02\/kaartke-kopen-815x647-1-768x610.webp 768w, https:\/\/mijn-lo.nl\/wp-content\/uploads\/2024\/02\/kaartke-kopen-815x647-1-15x12.webp 15w, https:\/\/mijn-lo.nl\/wp-content\/uploads\/2024\/02\/kaartke-kopen-815x647-1-24x19.webp 24w, https:\/\/mijn-lo.nl\/wp-content\/uploads\/2024\/02\/kaartke-kopen-815x647-1-36x29.webp 36w, https:\/\/mijn-lo.nl\/wp-content\/uploads\/2024\/02\/kaartke-kopen-815x647-1-48x38.webp 48w\" sizes=\"(max-width: 815px) 100vw, 815px\" \/>\t\t\t\t\t\t\t\t\t\t\t\t\t\t\t<\/div>\n\t\t\t\t<\/div>\n\t\t\t\t\t<\/div>\n\t\t<\/div>\n\t\t\t\t<div class=\"elementor-column elementor-col-33 elementor-top-column elementor-element elementor-element-e91a5ad\" data-id=\"e91a5ad\" data-element_type=\"column\">\n\t\t\t<div class=\"elementor-widget-wrap elementor-element-populated\">\n\t\t\t\t\t\t<div class=\"elementor-element elementor-element-f5175ae elementor-widget elementor-widget-text-editor\" data-id=\"f5175ae\" data-element_type=\"widget\" data-widget_type=\"text-editor.default\">\n\t\t\t\t<div class=\"elementor-widget-container\">\n\t\t\t\t\t\t\t\t\t<p><strong>1. bilet<\/strong><\/p><p><audio class=\"wp-audio-shortcode\" id=\"audio-4736-1\" preload=\"none\" style=\"width: 100%;\" controls=\"controls\"><source type=\"audio\/wav\" src=\"https:\/\/mijn-lo.nl\/wp-content\/uploads\/2024\/02\/een-kaartje.wav?_=1\" \/><a href=\"https:\/\/mijn-lo.nl\/wp-content\/uploads\/2024\/02\/een-kaartje.wav\">https:\/\/mijn-lo.nl\/wp-content\/uploads\/2024\/02\/een-kaartje.wav<\/a><\/audio><\/p><p><strong><br \/>2) z Amsterdamu do Rotterdamu<\/strong><\/p><p><audio class=\"wp-audio-shortcode\" id=\"audio-4736-2\" preload=\"none\" style=\"width: 100%;\" controls=\"controls\"><source type=\"audio\/wav\" src=\"https:\/\/mijn-lo.nl\/wp-content\/uploads\/2024\/02\/van-Amsterdam-naar-Rotterdam.wav?_=2\" \/><a href=\"https:\/\/mijn-lo.nl\/wp-content\/uploads\/2024\/02\/van-Amsterdam-naar-Rotterdam.wav\">https:\/\/mijn-lo.nl\/wp-content\/uploads\/2024\/02\/van-Amsterdam-naar-Rotterdam.wav<\/a><\/audio><\/p><p><strong><br \/>3. \"roczna karta transportu publicznego\" (nazwa karty)<\/strong><\/p><p><audio class=\"wp-audio-shortcode\" id=\"audio-4736-3\" preload=\"none\" style=\"width: 100%;\" controls=\"controls\"><source type=\"audio\/wav\" src=\"https:\/\/mijn-lo.nl\/wp-content\/uploads\/2024\/02\/een-OV-jaarkaart.wav?_=3\" \/><a href=\"https:\/\/mijn-lo.nl\/wp-content\/uploads\/2024\/02\/een-OV-jaarkaart.wav\">https:\/\/mijn-lo.nl\/wp-content\/uploads\/2024\/02\/een-OV-jaarkaart.wav<\/a><\/audio><\/p><p><strong><br \/>4. kupi\u0107 bilet w automacie<\/strong><\/p><p><audio class=\"wp-audio-shortcode\" id=\"audio-4736-4\" preload=\"none\" style=\"width: 100%;\" controls=\"controls\"><source type=\"audio\/wav\" src=\"https:\/\/mijn-lo.nl\/wp-content\/uploads\/2024\/02\/een-kaartje-kopen-bij-de-automaat.wav?_=4\" \/><a href=\"https:\/\/mijn-lo.nl\/wp-content\/uploads\/2024\/02\/een-kaartje-kopen-bij-de-automaat.wav\">https:\/\/mijn-lo.nl\/wp-content\/uploads\/2024\/02\/een-kaartje-kopen-bij-de-automaat.wav<\/a><\/audio><\/p>\t\t\t\t\t\t\t\t<\/div>\n\t\t\t\t<\/div>\n\t\t\t\t\t<\/div>\n\t\t<\/div>\n\t\t\t\t<div class=\"elementor-column elementor-col-33 elementor-top-column elementor-element elementor-element-76e50e8\" data-id=\"76e50e8\" data-element_type=\"column\">\n\t\t\t<div class=\"elementor-widget-wrap elementor-element-populated\">\n\t\t\t\t\t\t<div class=\"elementor-element elementor-element-b77c1d8 elementor-widget elementor-widget-text-editor\" data-id=\"b77c1d8\" data-element_type=\"widget\" data-widget_type=\"text-editor.default\">\n\t\t\t\t<div class=\"elementor-widget-container\">\n\t\t\t\t\t\t\t\t\t<p><strong>5. kupi\u0107 bilet przez Internet<\/strong><\/p><p><audio class=\"wp-audio-shortcode\" id=\"audio-4736-5\" preload=\"none\" style=\"width: 100%;\" controls=\"controls\"><source type=\"audio\/wav\" src=\"https:\/\/mijn-lo.nl\/wp-content\/uploads\/2024\/02\/een-kaartje-kopen-op-internet.wav?_=5\" \/><a href=\"https:\/\/mijn-lo.nl\/wp-content\/uploads\/2024\/02\/een-kaartje-kopen-op-internet.wav\">https:\/\/mijn-lo.nl\/wp-content\/uploads\/2024\/02\/een-kaartje-kopen-op-internet.wav<\/a><\/audio><\/p><p><strong><br \/>6. pierwsza klasa, druga klasa<\/strong><\/p><p><audio class=\"wp-audio-shortcode\" id=\"audio-4736-6\" preload=\"none\" style=\"width: 100%;\" controls=\"controls\"><source type=\"audio\/wav\" src=\"https:\/\/mijn-lo.nl\/wp-content\/uploads\/2024\/02\/eerste-klas-tweede-klas.wav?_=6\" \/><a href=\"https:\/\/mijn-lo.nl\/wp-content\/uploads\/2024\/02\/eerste-klas-tweede-klas.wav\">https:\/\/mijn-lo.nl\/wp-content\/uploads\/2024\/02\/eerste-klas-tweede-klas.wav<\/a><\/audio><\/p><p><strong><br \/>7. dyrygent<\/strong><\/p><p><audio class=\"wp-audio-shortcode\" id=\"audio-4736-7\" preload=\"none\" style=\"width: 100%;\" controls=\"controls\"><source type=\"audio\/wav\" src=\"https:\/\/mijn-lo.nl\/wp-content\/uploads\/2024\/02\/de-conducteur.wav?_=7\" \/><a href=\"https:\/\/mijn-lo.nl\/wp-content\/uploads\/2024\/02\/de-conducteur.wav\">https:\/\/mijn-lo.nl\/wp-content\/uploads\/2024\/02\/de-conducteur.wav<\/a><\/audio><\/p>\t\t\t\t\t\t\t\t<\/div>\n\t\t\t\t<\/div>\n\t\t\t\t\t<\/div>\n\t\t<\/div>\n\t\t\t\t\t<\/div>\n\t\t<\/section>\n\t\t\t\t<section class=\"elementor-section elementor-top-section elementor-element elementor-element-9e4bd72 elementor-section-boxed elementor-section-height-default elementor-section-height-default\" data-id=\"9e4bd72\" data-element_type=\"section\">\n\t\t\t\t\t\t<div class=\"elementor-container elementor-column-gap-default\">\n\t\t\t\t\t<div class=\"elementor-column elementor-col-33 elementor-top-column elementor-element elementor-element-cfe139a\" data-id=\"cfe139a\" data-element_type=\"column\">\n\t\t\t<div class=\"elementor-widget-wrap elementor-element-populated\">\n\t\t\t\t\t\t<div class=\"elementor-element elementor-element-aaafa3f elementor-widget elementor-widget-image\" data-id=\"aaafa3f\" data-element_type=\"widget\" data-widget_type=\"image.default\">\n\t\t\t\t<div class=\"elementor-widget-container\">\n\t\t\t\t\t\t\t\t\t\t\t\t\t\t\t<img decoding=\"async\" width=\"815\" height=\"680\" src=\"https:\/\/mijn-lo.nl\/wp-content\/uploads\/2024\/02\/kaartke-kopen-1-815x680-1.webp\" class=\"attachment-large size-large wp-image-4749\" alt=\"\" srcset=\"https:\/\/mijn-lo.nl\/wp-content\/uploads\/2024\/02\/kaartke-kopen-1-815x680-1.webp 815w, https:\/\/mijn-lo.nl\/wp-content\/uploads\/2024\/02\/kaartke-kopen-1-815x680-1-300x250.webp 300w, https:\/\/mijn-lo.nl\/wp-content\/uploads\/2024\/02\/kaartke-kopen-1-815x680-1-768x641.webp 768w, https:\/\/mijn-lo.nl\/wp-content\/uploads\/2024\/02\/kaartke-kopen-1-815x680-1-14x12.webp 14w, https:\/\/mijn-lo.nl\/wp-content\/uploads\/2024\/02\/kaartke-kopen-1-815x680-1-24x20.webp 24w, https:\/\/mijn-lo.nl\/wp-content\/uploads\/2024\/02\/kaartke-kopen-1-815x680-1-36x30.webp 36w, https:\/\/mijn-lo.nl\/wp-content\/uploads\/2024\/02\/kaartke-kopen-1-815x680-1-48x40.webp 48w\" sizes=\"(max-width: 815px) 100vw, 815px\" \/>\t\t\t\t\t\t\t\t\t\t\t\t\t\t\t<\/div>\n\t\t\t\t<\/div>\n\t\t\t\t\t<\/div>\n\t\t<\/div>\n\t\t\t\t<div class=\"elementor-column elementor-col-33 elementor-top-column elementor-element elementor-element-d2157d6\" data-id=\"d2157d6\" data-element_type=\"column\">\n\t\t\t<div class=\"elementor-widget-wrap elementor-element-populated\">\n\t\t\t\t\t\t<div class=\"elementor-element elementor-element-eb26812 elementor-widget elementor-widget-text-editor\" data-id=\"eb26812\" data-element_type=\"widget\" data-widget_type=\"text-editor.default\">\n\t\t\t\t<div class=\"elementor-widget-container\">\n\t\t\t\t\t\t\t\t\t<p><strong>1. autobus<\/strong><\/p><p><audio class=\"wp-audio-shortcode\" id=\"audio-4736-8\" preload=\"none\" style=\"width: 100%;\" controls=\"controls\"><source type=\"audio\/wav\" src=\"https:\/\/mijn-lo.nl\/wp-content\/uploads\/2024\/02\/de-bus.wav?_=8\" \/><a href=\"https:\/\/mijn-lo.nl\/wp-content\/uploads\/2024\/02\/de-bus.wav\">https:\/\/mijn-lo.nl\/wp-content\/uploads\/2024\/02\/de-bus.wav<\/a><\/audio><\/p><p><strong><br \/>2. przystanek autobusowy<\/strong><\/p><p><audio class=\"wp-audio-shortcode\" id=\"audio-4736-9\" preload=\"none\" style=\"width: 100%;\" controls=\"controls\"><source type=\"audio\/wav\" src=\"https:\/\/mijn-lo.nl\/wp-content\/uploads\/2024\/02\/de-bushalte.wav?_=9\" \/><a href=\"https:\/\/mijn-lo.nl\/wp-content\/uploads\/2024\/02\/de-bushalte.wav\">https:\/\/mijn-lo.nl\/wp-content\/uploads\/2024\/02\/de-bushalte.wav<\/a><\/audio><\/p><p><strong><br \/>3. kierowca<\/strong><\/p><p><audio class=\"wp-audio-shortcode\" id=\"audio-4736-10\" preload=\"none\" style=\"width: 100%;\" controls=\"controls\"><source type=\"audio\/wav\" src=\"https:\/\/mijn-lo.nl\/wp-content\/uploads\/2024\/02\/de-chauffeur.wav?_=10\" \/><a href=\"https:\/\/mijn-lo.nl\/wp-content\/uploads\/2024\/02\/de-chauffeur.wav\">https:\/\/mijn-lo.nl\/wp-content\/uploads\/2024\/02\/de-chauffeur.wav<\/a><\/audio><\/p><p><strong><br \/>4. Musz\u0119 jecha\u0107 do Amsterdamu<\/strong><\/p><p><audio class=\"wp-audio-shortcode\" id=\"audio-4736-11\" preload=\"none\" style=\"width: 100%;\" controls=\"controls\"><source type=\"audio\/wav\" src=\"https:\/\/mijn-lo.nl\/wp-content\/uploads\/2024\/02\/ik-moet-naar-Amsterdam.wav?_=11\" \/><a href=\"https:\/\/mijn-lo.nl\/wp-content\/uploads\/2024\/02\/ik-moet-naar-Amsterdam.wav\">https:\/\/mijn-lo.nl\/wp-content\/uploads\/2024\/02\/ik-moet-naar-Amsterdam.wav<\/a><\/audio><\/p>\t\t\t\t\t\t\t\t<\/div>\n\t\t\t\t<\/div>\n\t\t\t\t\t<\/div>\n\t\t<\/div>\n\t\t\t\t<div class=\"elementor-column elementor-col-33 elementor-top-column elementor-element elementor-element-e7e816e\" data-id=\"e7e816e\" data-element_type=\"column\">\n\t\t\t<div class=\"elementor-widget-wrap elementor-element-populated\">\n\t\t\t\t\t\t<div class=\"elementor-element elementor-element-b8dabaa elementor-widget elementor-widget-text-editor\" data-id=\"b8dabaa\" data-element_type=\"widget\" data-widget_type=\"text-editor.default\">\n\t\t\t\t<div class=\"elementor-widget-container\">\n\t\t\t\t\t\t\t\t\t<p><strong>5. Czy to w\u0142a\u015bciwy autobus?<\/strong><\/p><p><audio class=\"wp-audio-shortcode\" id=\"audio-4736-12\" preload=\"none\" style=\"width: 100%;\" controls=\"controls\"><source type=\"audio\/wav\" src=\"https:\/\/mijn-lo.nl\/wp-content\/uploads\/2024\/02\/is-dit-de-goede-bus.wav?_=12\" \/><a href=\"https:\/\/mijn-lo.nl\/wp-content\/uploads\/2024\/02\/is-dit-de-goede-bus.wav\">https:\/\/mijn-lo.nl\/wp-content\/uploads\/2024\/02\/is-dit-de-goede-bus.wav<\/a><\/audio><\/p><p><strong><br \/>6. gdzie powinienem wysi\u0105\u015b\u0107?<\/strong><\/p><p><audio class=\"wp-audio-shortcode\" id=\"audio-4736-13\" preload=\"none\" style=\"width: 100%;\" controls=\"controls\"><source type=\"audio\/wav\" src=\"https:\/\/mijn-lo.nl\/wp-content\/uploads\/2024\/02\/waar-moet-ik-uitstappen.wav?_=13\" \/><a href=\"https:\/\/mijn-lo.nl\/wp-content\/uploads\/2024\/02\/waar-moet-ik-uitstappen.wav\">https:\/\/mijn-lo.nl\/wp-content\/uploads\/2024\/02\/waar-moet-ik-uitstappen.wav<\/a><\/audio><\/p><p><strong><br \/>7. o kt\u00f3rej przyje\u017cd\u017ca autobus?<\/strong><\/p><p><audio class=\"wp-audio-shortcode\" id=\"audio-4736-14\" preload=\"none\" style=\"width: 100%;\" controls=\"controls\"><source type=\"audio\/wav\" src=\"https:\/\/mijn-lo.nl\/wp-content\/uploads\/2024\/02\/hoe-laat-komt-de-bus.wav?_=14\" \/><a href=\"https:\/\/mijn-lo.nl\/wp-content\/uploads\/2024\/02\/hoe-laat-komt-de-bus.wav\">https:\/\/mijn-lo.nl\/wp-content\/uploads\/2024\/02\/hoe-laat-komt-de-bus.wav<\/a><\/audio><\/p>\t\t\t\t\t\t\t\t<\/div>\n\t\t\t\t<\/div>\n\t\t\t\t\t<\/div>\n\t\t<\/div>\n\t\t\t\t\t<\/div>\n\t\t<\/section>\n\t\t\t\t<section class=\"elementor-section elementor-top-section elementor-element elementor-element-2edcca1 elementor-section-boxed elementor-section-height-default elementor-section-height-default\" data-id=\"2edcca1\" data-element_type=\"section\">\n\t\t\t\t\t\t<div class=\"elementor-container elementor-column-gap-default\">\n\t\t\t\t\t<div class=\"elementor-column elementor-col-100 elementor-top-column elementor-element elementor-element-75349f87\" data-id=\"75349f87\" data-element_type=\"column\">\n\t\t\t<div class=\"elementor-widget-wrap elementor-element-populated\">\n\t\t\t\t\t\t<div class=\"elementor-element elementor-element-2d2d0e50 elementor-align-center elementor-widget elementor-widget-button\" data-id=\"2d2d0e50\" data-element_type=\"widget\" data-widget_type=\"button.default\">\n\t\t\t\t<div class=\"elementor-widget-container\">\n\t\t\t\t\t\t\t\t\t<div class=\"elementor-button-wrapper\">\n\t\t\t\t\t<a class=\"elementor-button elementor-button-link elementor-size-sm\" href=\"https:\/\/mijn-lo.nl\/pl\/transport\/test-8\/\">\n\t\t\t\t\t\t<span class=\"elementor-button-content-wrapper\">\n\t\t\t\t\t\t\t\t\t<span class=\"elementor-button-text\">Kontynuowa\u0107<\/span>\n\t\t\t\t\t<\/span>\n\t\t\t\t\t<\/a>\n\t\t\t\t<\/div>\n\t\t\t\t\t\t\t\t<\/div>\n\t\t\t\t<\/div>\n\t\t\t\t\t<\/div>\n\t\t<\/div>\n\t\t\t\t\t<\/div>\n\t\t<\/section>\n\t\t\t\t<\/div>","protected":false},"excerpt":{"rendered":"<p>Learn words and expressions 1. a ticket 2. from Amsterdam to Rotterdam 3. a &#8220;public transport annual card&#8221; (name of card) 4. buy a ticket at the machine 5. buy a ticket on the internet 6. first class,\u00a0 \u00a0 second class 7. the conductor 1. the bus 2. the bus stop 3. the driver 4. [&hellip;]<\/p>\n","protected":false},"author":1,"featured_media":0,"parent":4715,"menu_order":2,"comment_status":"closed","ping_status":"closed","template":"elementor_canvas","meta":{"site-sidebar-layout":"no-sidebar","site-content-layout":"page-builder","ast-site-content-layout":"full-width-container","site-content-style":"default","site-sidebar-style":"default","ast-global-header-display":"","ast-banner-title-visibility":"","ast-main-header-display":"","ast-hfb-above-header-display":"","ast-hfb-below-header-display":"","ast-hfb-mobile-header-display":"","site-post-title":"disabled","ast-breadcrumbs-content":"","ast-featured-img":"disabled","footer-sml-layout":"","theme-transparent-header-meta":"","adv-header-id-meta":"","stick-header-meta":"","header-above-stick-meta":"","header-main-stick-meta":"","header-below-stick-meta":"","astra-migrate-meta-layouts":"set","ast-page-background-enabled":"default","ast-page-background-meta":{"desktop":{"background-color":"var(--ast-global-color-4)","background-image":"","background-repeat":"repeat","background-position":"center center","background-size":"auto","background-attachment":"scroll","background-type":"","background-media":"","overlay-type":"","overlay-color":"","overlay-opacity":"","overlay-gradient":""},"tablet":{"background-color":"","background-image":"","background-repeat":"repeat","background-position":"center center","background-size":"auto","background-attachment":"scroll","background-type":"","background-media":"","overlay-type":"","overlay-color":"","overlay-opacity":"","overlay-gradient":""},"mobile":{"background-color":"","background-image":"","background-repeat":"repeat","background-position":"center center","background-size":"auto","background-attachment":"scroll","background-type":"","background-media":"","overlay-type":"","overlay-color":"","overlay-opacity":"","overlay-gradient":""}},"ast-content-background-meta":{"desktop":{"background-color":"var(--ast-global-color-5)","background-image":"","background-repeat":"repeat","background-position":"center center","background-size":"auto","background-attachment":"scroll","background-type":"","background-media":"","overlay-type":"","overlay-color":"","overlay-opacity":"","overlay-gradient":""},"tablet":{"background-color":"var(--ast-global-color-5)","background-image":"","background-repeat":"repeat","background-position":"center center","background-size":"auto","background-attachment":"scroll","background-type":"","background-media":"","overlay-type":"","overlay-color":"","overlay-opacity":"","overlay-gradient":""},"mobile":{"background-color":"var(--ast-global-color-5)","background-image":"","background-repeat":"repeat","background-position":"center center","background-size":"auto","background-attachment":"scroll","background-type":"","background-media":"","overlay-type":"","overlay-color":"","overlay-opacity":"","overlay-gradient":""}},"footnotes":""},"class_list":["post-4736","page","type-page","status-publish","hentry"],"_links":{"self":[{"href":"https:\/\/mijn-lo.nl\/pl\/wp-json\/wp\/v2\/pages\/4736","targetHints":{"allow":["GET"]}}],"collection":[{"href":"https:\/\/mijn-lo.nl\/pl\/wp-json\/wp\/v2\/pages"}],"about":[{"href":"https:\/\/mijn-lo.nl\/pl\/wp-json\/wp\/v2\/types\/page"}],"author":[{"embeddable":true,"href":"https:\/\/mijn-lo.nl\/pl\/wp-json\/wp\/v2\/users\/1"}],"replies":[{"embeddable":true,"href":"https:\/\/mijn-lo.nl\/pl\/wp-json\/wp\/v2\/comments?post=4736"}],"version-history":[{"count":34,"href":"https:\/\/mijn-lo.nl\/pl\/wp-json\/wp\/v2\/pages\/4736\/revisions"}],"predecessor-version":[{"id":6331,"href":"https:\/\/mijn-lo.nl\/pl\/wp-json\/wp\/v2\/pages\/4736\/revisions\/6331"}],"up":[{"embeddable":true,"href":"https:\/\/mijn-lo.nl\/pl\/wp-json\/wp\/v2\/pages\/4715"}],"wp:attachment":[{"href":"https:\/\/mijn-lo.nl\/pl\/wp-json\/wp\/v2\/media?parent=4736"}],"curies":[{"name":"wp","href":"https:\/\/api.w.org\/{rel}","templated":true}]}}