{"id":4902,"date":"2024-02-09T15:46:24","date_gmt":"2024-02-09T15:46:24","guid":{"rendered":"http:\/\/mijn-lo.nl\/?page_id=4902"},"modified":"2025-08-19T17:42:36","modified_gmt":"2025-08-19T17:42:36","slug":"municipalities","status":"publish","type":"page","link":"https:\/\/mijn-lo.nl\/pl\/politics\/municipalities\/","title":{"rendered":"Gminy"},"content":{"rendered":"<div data-elementor-type=\"wp-page\" data-elementor-id=\"4902\" class=\"elementor elementor-4902\" data-elementor-post-type=\"page\">\n\t\t\t\t\t\t<section class=\"elementor-section elementor-top-section elementor-element elementor-element-f3da63f elementor-reverse-tablet elementor-reverse-mobile elementor-section-boxed elementor-section-height-default elementor-section-height-default\" data-id=\"f3da63f\" data-element_type=\"section\">\n\t\t\t\t\t\t<div class=\"elementor-container elementor-column-gap-default\">\n\t\t\t\t\t<div class=\"elementor-column elementor-col-50 elementor-top-column elementor-element elementor-element-02860a7\" data-id=\"02860a7\" data-element_type=\"column\">\n\t\t\t<div class=\"elementor-widget-wrap elementor-element-populated\">\n\t\t\t\t\t\t<div class=\"elementor-element elementor-element-c1d4860 elementor-widget elementor-widget-text-editor\" data-id=\"c1d4860\" data-element_type=\"widget\" data-widget_type=\"text-editor.default\">\n\t\t\t\t<div class=\"elementor-widget-container\">\n\t\t\t\t\t\t\t\t\t<h3 class=\"mbr-section-title mbr-fonts-style mb-3 display-5\"><strong>Prowincje i gminy<\/strong><\/h3><p class=\"mbr-text mbr-fonts-style display-7\">Podane przez Ciebie informacje s\u0105 w wi\u0119kszo\u015bci dok\u0142adne, ale jest w nich znacz\u0105cy b\u0142\u0105d: Holandia nie ma tylko 2 prowincji; ma 12 prowincji. Pozwol\u0119 sobie poprawi\u0107 tekst:<br \/><br \/><strong>Prowincja<\/strong><br \/>Holandia ma 12 prowincji. W lekcji 1 przedstawili\u015bmy te regiony. Ka\u017cdy region jest zarz\u0105dzany przez rady prowincji. Rady te decyduj\u0105 o sprawach takich jak drogi, \u015brodowisko i projekty budowlane. Komisarz kr\u00f3lewski jest szefem administracji prowincji.<br \/><br \/><strong>Miasto<br \/><\/strong>Gmina jest miastem lub wsi\u0105 i posiada w\u0142asn\u0105 rad\u0119 miejsk\u0105, na kt\u00f3r\u0105 mieszka\u0144cy mog\u0105 g\u0142osowa\u0107 co cztery lata. Rada miejska decyduje o sprawach takich jak domy, szko\u0142y i drogi. Burmistrz jest przewodnicz\u0105cym rady miejskiej.<br \/><br \/>Holandia jest cz\u0142onkiem Unii Europejskiej, w ramach kt\u00f3rej kraje Europy wsp\u00f3\u0142pracuj\u0105 ze sob\u0105. Parlament Europejski jest wybierany co pi\u0119\u0107 lat przez obywateli Unii Europejskiej i zawiera porozumienia w sprawach takich jak gospodarka i bezpiecze\u0144stwo.<\/p>\t\t\t\t\t\t\t\t<\/div>\n\t\t\t\t<\/div>\n\t\t\t\t\t<\/div>\n\t\t<\/div>\n\t\t\t\t<div class=\"elementor-column elementor-col-50 elementor-top-column elementor-element elementor-element-fc1ff83\" data-id=\"fc1ff83\" data-element_type=\"column\">\n\t\t\t<div class=\"elementor-widget-wrap elementor-element-populated\">\n\t\t\t\t\t\t<div class=\"elementor-element elementor-element-c64e3d9 elementor-widget elementor-widget-image\" data-id=\"c64e3d9\" data-element_type=\"widget\" data-widget_type=\"image.default\">\n\t\t\t\t<div class=\"elementor-widget-container\">\n\t\t\t\t\t\t\t\t\t\t\t\t\t\t\t<img fetchpriority=\"high\" decoding=\"async\" width=\"581\" height=\"707\" src=\"https:\/\/mijn-lo.nl\/wp-content\/uploads\/2024\/02\/provincies-581x707-1.webp\" class=\"attachment-large size-large wp-image-4851\" alt=\"\" srcset=\"https:\/\/mijn-lo.nl\/wp-content\/uploads\/2024\/02\/provincies-581x707-1.webp 581w, https:\/\/mijn-lo.nl\/wp-content\/uploads\/2024\/02\/provincies-581x707-1-247x300.webp 247w, https:\/\/mijn-lo.nl\/wp-content\/uploads\/2024\/02\/provincies-581x707-1-10x12.webp 10w, https:\/\/mijn-lo.nl\/wp-content\/uploads\/2024\/02\/provincies-581x707-1-20x24.webp 20w, https:\/\/mijn-lo.nl\/wp-content\/uploads\/2024\/02\/provincies-581x707-1-30x36.webp 30w, https:\/\/mijn-lo.nl\/wp-content\/uploads\/2024\/02\/provincies-581x707-1-39x48.webp 39w\" sizes=\"(max-width: 581px) 100vw, 581px\" \/>\t\t\t\t\t\t\t\t\t\t\t\t\t\t\t<\/div>\n\t\t\t\t<\/div>\n\t\t\t\t<div class=\"elementor-element elementor-element-d2fdbf6 elementor-widget elementor-widget-text-editor\" data-id=\"d2fdbf6\" data-element_type=\"widget\" data-widget_type=\"text-editor.default\">\n\t\t\t\t<div class=\"elementor-widget-container\">\n\t\t\t\t\t\t\t\t\t<p style=\"text-align: center;\">12 prowincji<\/p>\t\t\t\t\t\t\t\t<\/div>\n\t\t\t\t<\/div>\n\t\t\t\t\t<\/div>\n\t\t<\/div>\n\t\t\t\t\t<\/div>\n\t\t<\/section>\n\t\t\t\t<section class=\"elementor-section elementor-top-section elementor-element elementor-element-21c66c4 elementor-section-boxed elementor-section-height-default elementor-section-height-default\" data-id=\"21c66c4\" data-element_type=\"section\">\n\t\t\t\t\t\t<div class=\"elementor-container elementor-column-gap-default\">\n\t\t\t\t\t<div class=\"elementor-column elementor-col-50 elementor-top-column elementor-element elementor-element-60e1a44\" data-id=\"60e1a44\" data-element_type=\"column\">\n\t\t\t<div class=\"elementor-widget-wrap elementor-element-populated\">\n\t\t\t\t\t\t<div class=\"elementor-element elementor-element-f6c5e96 elementor-widget elementor-widget-image\" data-id=\"f6c5e96\" data-element_type=\"widget\" data-widget_type=\"image.default\">\n\t\t\t\t<div class=\"elementor-widget-container\">\n\t\t\t\t\t\t\t\t\t\t\t\t\t\t\t<img decoding=\"async\" width=\"694\" height=\"582\" src=\"https:\/\/mijn-lo.nl\/wp-content\/uploads\/2024\/02\/rijbewijs2.jpg\" class=\"attachment-large size-large wp-image-4854\" alt=\"\" srcset=\"https:\/\/mijn-lo.nl\/wp-content\/uploads\/2024\/02\/rijbewijs2.jpg 694w, https:\/\/mijn-lo.nl\/wp-content\/uploads\/2024\/02\/rijbewijs2-300x252.jpg 300w, https:\/\/mijn-lo.nl\/wp-content\/uploads\/2024\/02\/rijbewijs2-14x12.jpg 14w, https:\/\/mijn-lo.nl\/wp-content\/uploads\/2024\/02\/rijbewijs2-24x20.jpg 24w, https:\/\/mijn-lo.nl\/wp-content\/uploads\/2024\/02\/rijbewijs2-36x30.jpg 36w, https:\/\/mijn-lo.nl\/wp-content\/uploads\/2024\/02\/rijbewijs2-48x40.jpg 48w\" sizes=\"(max-width: 694px) 100vw, 694px\" \/>\t\t\t\t\t\t\t\t\t\t\t\t\t\t\t<\/div>\n\t\t\t\t<\/div>\n\t\t\t\t<div class=\"elementor-element elementor-element-04aff24 elementor-widget elementor-widget-text-editor\" data-id=\"04aff24\" data-element_type=\"widget\" data-widget_type=\"text-editor.default\">\n\t\t\t\t<div class=\"elementor-widget-container\">\n\t\t\t\t\t\t\t\t\t<p style=\"text-align: center;\">Prawo jazdy<\/p>\t\t\t\t\t\t\t\t<\/div>\n\t\t\t\t<\/div>\n\t\t\t\t\t<\/div>\n\t\t<\/div>\n\t\t\t\t<div class=\"elementor-column elementor-col-50 elementor-top-column elementor-element elementor-element-e531f2e\" data-id=\"e531f2e\" data-element_type=\"column\">\n\t\t\t<div class=\"elementor-widget-wrap elementor-element-populated\">\n\t\t\t\t\t\t<div class=\"elementor-element elementor-element-cb7b0bb elementor-widget elementor-widget-text-editor\" data-id=\"cb7b0bb\" data-element_type=\"widget\" data-widget_type=\"text-editor.default\">\n\t\t\t\t<div class=\"elementor-widget-container\">\n\t\t\t\t\t\t\t\t\t<h3 class=\"mbr-section-title mbr-fonts-style mb-3 display-5\"><strong>Dlaczego gminy s\u0105 wa\u017cne dla wszystkich ich mieszka\u0144c\u00f3w?<\/strong><\/h3><p class=\"mbr-text mbr-fonts-style display-7\"><strong>Co masz w ratuszu?<br \/><\/strong>Dokumentacja: dla wydarze\u0144 \u017cyciowych:<br \/>Zarejestruj narodziny dziecka.<br \/>Uzyskaj dokumenty potrzebne do zawarcia ma\u0142\u017ce\u0144stwa.<br \/>Zg\u0142o\u015b czyj\u0105\u015b \u015bmier\u0107.<br \/><br \/><strong>Uzyskiwanie pozwole\u0144:<br \/><\/strong>Uzyskanie pozwolenia na budow\u0119 lub przebudow\u0119 domu.<br \/>Rozpocz\u0119cie dzia\u0142alno\u015bci gospodarczej.<br \/>Organizuj du\u017ce wydarzenia lub imprezy w miejscach publicznych.<br \/><br \/><strong>Sprawy zwi\u0105zane z pieni\u0119dzmi:<br \/><\/strong>P\u0142a\u0107 podatki za sw\u00f3j dom lub nieruchomo\u015b\u0107.<br \/>Skonfiguruj lub zap\u0142a\u0107 za us\u0142ugi miejskie, takie jak woda lub wyw\u00f3z \u015bmieci.<br \/><br \/><strong>Zadawaj pytania lub sk\u0142adaj skargi:<br \/><\/strong>Porozmawiaj o problemach lub zadaj pytania dotycz\u0105ce us\u0142ug miejskich.<br \/><br \/>Ratusz jest wi\u0119c miejscem, w kt\u00f3rym ludzie mog\u0105 za\u0142atwi\u0107 wiele spraw zwi\u0105zanych z miastem, w kt\u00f3rym mieszkaj\u0105.<\/p>\t\t\t\t\t\t\t\t<\/div>\n\t\t\t\t<\/div>\n\t\t\t\t\t<\/div>\n\t\t<\/div>\n\t\t\t\t\t<\/div>\n\t\t<\/section>\n\t\t\t\t<section class=\"elementor-section elementor-top-section elementor-element elementor-element-311e16a elementor-reverse-tablet elementor-reverse-mobile elementor-section-boxed elementor-section-height-default elementor-section-height-default\" data-id=\"311e16a\" data-element_type=\"section\">\n\t\t\t\t\t\t<div class=\"elementor-container elementor-column-gap-default\">\n\t\t\t\t\t<div class=\"elementor-column elementor-col-50 elementor-top-column elementor-element elementor-element-092da81\" data-id=\"092da81\" data-element_type=\"column\">\n\t\t\t<div class=\"elementor-widget-wrap elementor-element-populated\">\n\t\t\t\t\t\t<div class=\"elementor-element elementor-element-7789889 elementor-widget elementor-widget-text-editor\" data-id=\"7789889\" data-element_type=\"widget\" data-widget_type=\"text-editor.default\">\n\t\t\t\t<div class=\"elementor-widget-container\">\n\t\t\t\t\t\t\t\t\t<h3 class=\"mbr-section-title mbr-fonts-style mb-3 display-5\"><strong>Dlaczego gminy s\u0105 dla Ciebie wa\u017cne (1)\u00a0<\/strong><\/h3><p class=\"mbr-text mbr-fonts-style display-7\">W Holandii gminy (gemeenten) odgrywaj\u0105 kluczow\u0105 rol\u0119 w codziennym \u017cyciu mieszka\u0144c\u00f3w, w tym uchod\u017ac\u00f3w, statushouders (uchod\u017ac\u00f3w, kt\u00f3rym przyznano status uchod\u017acy) i imigrant\u00f3w zarobkowych. Oto dlaczego gminy s\u0105 szczeg\u00f3lnie wa\u017cne dla tych grup:<br \/><br \/><strong>Uchod\u017acy<\/strong>:<br \/><strong>Obudowa:\u00a0<\/strong>Po otrzymaniu zezwolenia na pobyt uchod\u017acom przydzielane s\u0105 mieszkania w okre\u015blonej gminie. Gminy s\u0105 odpowiedzialne za zapewnienie odpowiednich mieszka\u0144 dla okre\u015blonej liczby uchod\u017ac\u00f3w, proporcjonalnie do liczby ich mieszka\u0144c\u00f3w.<br \/><strong>Kursy integracyjne:\u00a0<\/strong>Gminy cz\u0119sto u\u0142atwiaj\u0105 lub nadzoruj\u0105 kursy integracyjne, kt\u00f3re pomagaj\u0105 uchod\u017acom nauczy\u0107 si\u0119 holenderskiego j\u0119zyka, kultury i spo\u0142ecze\u0144stwa.<br \/><strong>Wsparcie spo\u0142eczne:\u00a0<\/strong>Gminy oferuj\u0105 r\u00f3\u017cne us\u0142ugi socjalne, od wsparcia psychologicznego po pomoc w codziennych zadaniach, pomagaj\u0105c uchod\u017acom w przystosowaniu si\u0119 do nowego \u015brodowiska.<br \/><br \/><strong>Statushouders (uchod\u017acy posiadaj\u0105cy status uchod\u017acy):<\/strong><br \/><strong>Wym\u00f3g integracji:\u00a0<\/strong>Statushouders musz\u0105 zintegrowa\u0107 si\u0119 z holenderskim spo\u0142ecze\u0144stwem. Gminy prowadz\u0105 ich przez ten proces, zapewniaj\u0105c, \u017ce ucz\u0119szczaj\u0105 na niezb\u0119dne kursy i spe\u0142niaj\u0105 inne wymagania.<br \/><strong>Zatrudnienie i edukacja:<\/strong>\u00a0Gminy pomagaj\u0105 statushouders w znalezieniu pracy lub mo\u017cliwo\u015bci edukacyjnych, cz\u0119sto wsp\u00f3\u0142pracuj\u0105c z lokalnymi firmami, szko\u0142ami i o\u015brodkami szkolenia zawodowego.<br \/><strong>Pomoc finansowa:<\/strong>\u00a0Osoby, kt\u00f3re nie s\u0105 w stanie utrzyma\u0107 si\u0119 samodzielnie, mog\u0105 otrzyma\u0107 pomoc finansow\u0105, zarz\u0105dzan\u0105 na poziomie gminy.<\/p>\t\t\t\t\t\t\t\t<\/div>\n\t\t\t\t<\/div>\n\t\t\t\t\t<\/div>\n\t\t<\/div>\n\t\t\t\t<div class=\"elementor-column elementor-col-50 elementor-top-column elementor-element elementor-element-b6b32b9\" data-id=\"b6b32b9\" data-element_type=\"column\">\n\t\t\t<div class=\"elementor-widget-wrap elementor-element-populated\">\n\t\t\t\t\t\t<div class=\"elementor-element elementor-element-600b574 elementor-widget elementor-widget-image\" data-id=\"600b574\" data-element_type=\"widget\" data-widget_type=\"image.default\">\n\t\t\t\t<div class=\"elementor-widget-container\">\n\t\t\t\t\t\t\t\t\t\t\t\t\t\t\t<img decoding=\"async\" width=\"660\" height=\"1000\" src=\"https:\/\/mijn-lo.nl\/wp-content\/uploads\/2024\/02\/woningen4-660x1000-1.webp\" class=\"attachment-large size-large wp-image-4855\" alt=\"\" srcset=\"https:\/\/mijn-lo.nl\/wp-content\/uploads\/2024\/02\/woningen4-660x1000-1.webp 660w, https:\/\/mijn-lo.nl\/wp-content\/uploads\/2024\/02\/woningen4-660x1000-1-198x300.webp 198w, https:\/\/mijn-lo.nl\/wp-content\/uploads\/2024\/02\/woningen4-660x1000-1-8x12.webp 8w, https:\/\/mijn-lo.nl\/wp-content\/uploads\/2024\/02\/woningen4-660x1000-1-16x24.webp 16w, https:\/\/mijn-lo.nl\/wp-content\/uploads\/2024\/02\/woningen4-660x1000-1-24x36.webp 24w, https:\/\/mijn-lo.nl\/wp-content\/uploads\/2024\/02\/woningen4-660x1000-1-32x48.webp 32w\" sizes=\"(max-width: 660px) 100vw, 660px\" \/>\t\t\t\t\t\t\t\t\t\t\t\t\t\t\t<\/div>\n\t\t\t\t<\/div>\n\t\t\t\t<div class=\"elementor-element elementor-element-0ddf208 elementor-widget elementor-widget-text-editor\" data-id=\"0ddf208\" data-element_type=\"widget\" data-widget_type=\"text-editor.default\">\n\t\t\t\t<div class=\"elementor-widget-container\">\n\t\t\t\t\t\t\t\t\t<p style=\"text-align: center;\">Mieszkania<\/p>\t\t\t\t\t\t\t\t<\/div>\n\t\t\t\t<\/div>\n\t\t\t\t\t<\/div>\n\t\t<\/div>\n\t\t\t\t\t<\/div>\n\t\t<\/section>\n\t\t\t\t<section class=\"elementor-section elementor-top-section elementor-element elementor-element-853250f elementor-section-boxed elementor-section-height-default elementor-section-height-default\" data-id=\"853250f\" data-element_type=\"section\">\n\t\t\t\t\t\t<div class=\"elementor-container elementor-column-gap-default\">\n\t\t\t\t\t<div class=\"elementor-column elementor-col-50 elementor-top-column elementor-element elementor-element-f947750\" data-id=\"f947750\" data-element_type=\"column\">\n\t\t\t<div class=\"elementor-widget-wrap elementor-element-populated\">\n\t\t\t\t\t\t<div class=\"elementor-element elementor-element-7bba9c0 elementor-widget elementor-widget-image\" data-id=\"7bba9c0\" data-element_type=\"widget\" data-widget_type=\"image.default\">\n\t\t\t\t<div class=\"elementor-widget-container\">\n\t\t\t\t\t\t\t\t\t\t\t\t\t\t\t<img loading=\"lazy\" decoding=\"async\" width=\"750\" height=\"563\" src=\"https:\/\/mijn-lo.nl\/wp-content\/uploads\/2024\/02\/loket-750x563-1.webp\" class=\"attachment-large size-large wp-image-4856\" alt=\"\" srcset=\"https:\/\/mijn-lo.nl\/wp-content\/uploads\/2024\/02\/loket-750x563-1.webp 750w, https:\/\/mijn-lo.nl\/wp-content\/uploads\/2024\/02\/loket-750x563-1-300x225.webp 300w, https:\/\/mijn-lo.nl\/wp-content\/uploads\/2024\/02\/loket-750x563-1-16x12.webp 16w, https:\/\/mijn-lo.nl\/wp-content\/uploads\/2024\/02\/loket-750x563-1-24x18.webp 24w, https:\/\/mijn-lo.nl\/wp-content\/uploads\/2024\/02\/loket-750x563-1-36x27.webp 36w, https:\/\/mijn-lo.nl\/wp-content\/uploads\/2024\/02\/loket-750x563-1-48x36.webp 48w\" sizes=\"(max-width: 750px) 100vw, 750px\" \/>\t\t\t\t\t\t\t\t\t\t\t\t\t\t\t<\/div>\n\t\t\t\t<\/div>\n\t\t\t\t<div class=\"elementor-element elementor-element-25fb557 elementor-widget elementor-widget-text-editor\" data-id=\"25fb557\" data-element_type=\"widget\" data-widget_type=\"text-editor.default\">\n\t\t\t\t<div class=\"elementor-widget-container\">\n\t\t\t\t\t\t\t\t\t<p style=\"text-align: center;\">Us\u0142ugi komunalne<\/p>\t\t\t\t\t\t\t\t<\/div>\n\t\t\t\t<\/div>\n\t\t\t\t\t<\/div>\n\t\t<\/div>\n\t\t\t\t<div class=\"elementor-column elementor-col-50 elementor-top-column elementor-element elementor-element-8db01a1\" data-id=\"8db01a1\" data-element_type=\"column\">\n\t\t\t<div class=\"elementor-widget-wrap elementor-element-populated\">\n\t\t\t\t\t\t<div class=\"elementor-element elementor-element-eb35863 elementor-widget elementor-widget-text-editor\" data-id=\"eb35863\" data-element_type=\"widget\" data-widget_type=\"text-editor.default\">\n\t\t\t\t<div class=\"elementor-widget-container\">\n\t\t\t\t\t\t\t\t\t<h3 class=\"mbr-section-title mbr-fonts-style mb-3 display-5\"><strong>Dlaczego gminy s\u0105 dla Ciebie wa\u017cne (2)\u00a0<\/strong><\/h3><p class=\"mbr-text mbr-fonts-style display-7\"><strong>Imigranci zarobkowi:<br \/>Zezwolenia na pobyt i prac\u0119:<\/strong>\u00a0Podczas gdy rz\u0105d krajowy zajmuje si\u0119 tymi pozwoleniami, gminy zapewniaj\u0105 niezb\u0119dn\u0105 lokaln\u0105 rejestracj\u0119 i inne procesy administracyjne, kt\u00f3rych potrzebuj\u0105 imigranci.<br \/><strong>Us\u0142ugi lokalne:<\/strong>\u00a0Imigranci zarobkowi, podobnie jak wszyscy mieszka\u0144cy, korzystaj\u0105 z us\u0142ug miejskich, od transportu publicznego po opiek\u0119 zdrowotn\u0105. Zrozumienie i poruszanie si\u0119 po tych us\u0142ugach jest niezb\u0119dne dla ich dobrego samopoczucia i udanej integracji.<\/p><p><strong>Integracja spo\u0142eczno\u015bci:\u00a0<\/strong>Gminy cz\u0119sto organizuj\u0105 wydarzenia, warsztaty lub sesje informacyjne skierowane do spo\u0142eczno\u015bci imigrant\u00f3w, zapewniaj\u0105c, \u017ce czuj\u0105 si\u0119 oni mile widziani i staj\u0105 si\u0119 cz\u0119\u015bci\u0105 lokalnej spo\u0142eczno\u015bci.<\/p><p>Zasadniczo, podczas gdy rz\u0105d krajowy ustanawia nadrz\u0119dn\u0105 polityk\u0119, to gminy wdra\u017caj\u0105 wiele praktycznych aspekt\u00f3w tej polityki, co czyni je kluczowymi dla pomy\u015blnej integracji i dobrobytu uchod\u017ac\u00f3w, os\u00f3b ze statusem uchod\u017acy i imigrant\u00f3w zarobkowych.<\/p>\t\t\t\t\t\t\t\t<\/div>\n\t\t\t\t<\/div>\n\t\t\t\t\t<\/div>\n\t\t<\/div>\n\t\t\t\t\t<\/div>\n\t\t<\/section>\n\t\t\t\t<section class=\"elementor-section elementor-top-section elementor-element elementor-element-2edcca1 elementor-section-boxed elementor-section-height-default elementor-section-height-default\" data-id=\"2edcca1\" data-element_type=\"section\">\n\t\t\t\t\t\t<div class=\"elementor-container elementor-column-gap-default\">\n\t\t\t\t\t<div class=\"elementor-column elementor-col-100 elementor-top-column elementor-element elementor-element-75349f87\" data-id=\"75349f87\" data-element_type=\"column\">\n\t\t\t<div class=\"elementor-widget-wrap elementor-element-populated\">\n\t\t\t\t\t\t<div class=\"elementor-element elementor-element-2d2d0e50 elementor-align-center elementor-widget elementor-widget-button\" data-id=\"2d2d0e50\" data-element_type=\"widget\" data-widget_type=\"button.default\">\n\t\t\t\t<div class=\"elementor-widget-container\">\n\t\t\t\t\t\t\t\t\t<div class=\"elementor-button-wrapper\">\n\t\t\t\t\t<a class=\"elementor-button elementor-button-link elementor-size-sm\" href=\"https:\/\/mijn-lo.nl\/pl\/politics\/voting\/\">\n\t\t\t\t\t\t<span class=\"elementor-button-content-wrapper\">\n\t\t\t\t\t\t\t\t\t<span class=\"elementor-button-text\">Kontynuowa\u0107<\/span>\n\t\t\t\t\t<\/span>\n\t\t\t\t\t<\/a>\n\t\t\t\t<\/div>\n\t\t\t\t\t\t\t\t<\/div>\n\t\t\t\t<\/div>\n\t\t\t\t\t<\/div>\n\t\t<\/div>\n\t\t\t\t\t<\/div>\n\t\t<\/section>\n\t\t\t\t<\/div>","protected":false},"excerpt":{"rendered":"<p>The provinces and the municipalities The information you provided is mostly accurate, but there is a significant error: The Netherlands does not have just 2 provinces; it has 12 provinces. Let me correct the text for you: ProvinceThe Netherlands has 12 provinces. In lesson 1, we introduced these regions. Each region is ruled by Provincial [&hellip;]<\/p>\n","protected":false},"author":1,"featured_media":0,"parent":3371,"menu_order":2,"comment_status":"closed","ping_status":"closed","template":"elementor_canvas","meta":{"site-sidebar-layout":"no-sidebar","site-content-layout":"page-builder","ast-site-content-layout":"full-width-container","site-content-style":"default","site-sidebar-style":"default","ast-global-header-display":"","ast-banner-title-visibility":"","ast-main-header-display":"","ast-hfb-above-header-display":"","ast-hfb-below-header-display":"","ast-hfb-mobile-header-display":"","site-post-title":"disabled","ast-breadcrumbs-content":"","ast-featured-img":"disabled","footer-sml-layout":"","theme-transparent-header-meta":"","adv-header-id-meta":"","stick-header-meta":"","header-above-stick-meta":"","header-main-stick-meta":"","header-below-stick-meta":"","astra-migrate-meta-layouts":"set","ast-page-background-enabled":"default","ast-page-background-meta":{"desktop":{"background-color":"var(--ast-global-color-4)","background-image":"","background-repeat":"repeat","background-position":"center center","background-size":"auto","background-attachment":"scroll","background-type":"","background-media":"","overlay-type":"","overlay-color":"","overlay-opacity":"","overlay-gradient":""},"tablet":{"background-color":"","background-image":"","background-repeat":"repeat","background-position":"center center","background-size":"auto","background-attachment":"scroll","background-type":"","background-media":"","overlay-type":"","overlay-color":"","overlay-opacity":"","overlay-gradient":""},"mobile":{"background-color":"","background-image":"","background-repeat":"repeat","background-position":"center center","background-size":"auto","background-attachment":"scroll","background-type":"","background-media":"","overlay-type":"","overlay-color":"","overlay-opacity":"","overlay-gradient":""}},"ast-content-background-meta":{"desktop":{"background-color":"var(--ast-global-color-5)","background-image":"","background-repeat":"repeat","background-position":"center center","background-size":"auto","background-attachment":"scroll","background-type":"","background-media":"","overlay-type":"","overlay-color":"","overlay-opacity":"","overlay-gradient":""},"tablet":{"background-color":"var(--ast-global-color-5)","background-image":"","background-repeat":"repeat","background-position":"center center","background-size":"auto","background-attachment":"scroll","background-type":"","background-media":"","overlay-type":"","overlay-color":"","overlay-opacity":"","overlay-gradient":""},"mobile":{"background-color":"var(--ast-global-color-5)","background-image":"","background-repeat":"repeat","background-position":"center center","background-size":"auto","background-attachment":"scroll","background-type":"","background-media":"","overlay-type":"","overlay-color":"","overlay-opacity":"","overlay-gradient":""}},"footnotes":""},"class_list":["post-4902","page","type-page","status-publish","hentry"],"_links":{"self":[{"href":"https:\/\/mijn-lo.nl\/pl\/wp-json\/wp\/v2\/pages\/4902","targetHints":{"allow":["GET"]}}],"collection":[{"href":"https:\/\/mijn-lo.nl\/pl\/wp-json\/wp\/v2\/pages"}],"about":[{"href":"https:\/\/mijn-lo.nl\/pl\/wp-json\/wp\/v2\/types\/page"}],"author":[{"embeddable":true,"href":"https:\/\/mijn-lo.nl\/pl\/wp-json\/wp\/v2\/users\/1"}],"replies":[{"embeddable":true,"href":"https:\/\/mijn-lo.nl\/pl\/wp-json\/wp\/v2\/comments?post=4902"}],"version-history":[{"count":7,"href":"https:\/\/mijn-lo.nl\/pl\/wp-json\/wp\/v2\/pages\/4902\/revisions"}],"predecessor-version":[{"id":6343,"href":"https:\/\/mijn-lo.nl\/pl\/wp-json\/wp\/v2\/pages\/4902\/revisions\/6343"}],"up":[{"embeddable":true,"href":"https:\/\/mijn-lo.nl\/pl\/wp-json\/wp\/v2\/pages\/3371"}],"wp:attachment":[{"href":"https:\/\/mijn-lo.nl\/pl\/wp-json\/wp\/v2\/media?parent=4902"}],"curies":[{"name":"wp","href":"https:\/\/api.w.org\/{rel}","templated":true}]}}