{"id":4904,"date":"2024-02-09T15:46:50","date_gmt":"2024-02-09T15:46:50","guid":{"rendered":"http:\/\/mijn-lo.nl\/?page_id=4904"},"modified":"2025-08-19T17:42:57","modified_gmt":"2025-08-19T17:42:57","slug":"voting","status":"publish","type":"page","link":"https:\/\/mijn-lo.nl\/pl\/politics\/voting\/","title":{"rendered":"G\u0142osowanie"},"content":{"rendered":"<div data-elementor-type=\"wp-page\" data-elementor-id=\"4904\" class=\"elementor elementor-4904\" data-elementor-post-type=\"page\">\n\t\t\t\t\t\t<section class=\"elementor-section elementor-top-section elementor-element elementor-element-4d3fa3d elementor-reverse-tablet elementor-reverse-mobile elementor-section-boxed elementor-section-height-default elementor-section-height-default\" data-id=\"4d3fa3d\" data-element_type=\"section\">\n\t\t\t\t\t\t<div class=\"elementor-container elementor-column-gap-default\">\n\t\t\t\t\t<div class=\"elementor-column elementor-col-50 elementor-top-column elementor-element elementor-element-fcf9551\" data-id=\"fcf9551\" data-element_type=\"column\">\n\t\t\t<div class=\"elementor-widget-wrap elementor-element-populated\">\n\t\t\t\t\t\t<div class=\"elementor-element elementor-element-db8dc4d elementor-widget elementor-widget-text-editor\" data-id=\"db8dc4d\" data-element_type=\"widget\" data-widget_type=\"text-editor.default\">\n\t\t\t\t<div class=\"elementor-widget-container\">\n\t\t\t\t\t\t\t\t\t<h3 class=\"mbr-section-title mbr-fonts-style mb-3 display-5\"><strong>G\u0142osowanie<\/strong><\/h3><p class=\"mbr-text mbr-fonts-style display-7\"><strong>Przyk\u0142ady partii politycznych:<br \/><\/strong>- VVD: wolno\u015b\u0107 dla wszystkich, lepsza gospodarka, praca dla wszystkich.<br \/>- PVV: mniej obcokrajowc\u00f3w, mniej wsp\u00f3\u0142pracy z Europ\u0105.<br \/>- CDA: rodzina jest wa\u017cna, wiara chrze\u015bcija\u0144ska.<br \/>- BBB: po\u015brodku i nieco po prawej stronie. Pierwotnie za\u0142o\u017cona przez rolnik\u00f3w;<br \/>- Nieuw Sociaal Contract: d\u0105\u017cenie do nowej struktury dla<br \/>- D66: demokracja jest wa\u017cna, edukacja jest wa\u017cna.<br \/>- BBB: Boeren-Burgers-Bewegen: popularna impreza wywodz\u0105ca si\u0119 od rolnik\u00f3w.<br \/>- GroenLinks: \u015brodowisko jest wa\u017cne, bogaci musz\u0105 p\u0142aci\u0107 wy\u017csze podatki, r\u00f3wne szanse.<br \/>- SP: rz\u0105d powinien dba\u0107 o biednych i chorych, mniej wsp\u00f3\u0142pracy z Europ\u0105.<br \/>- PvdA: bogaci i biedni bardziej r\u00f3wni, bogaci musz\u0105 p\u0142aci\u0107 wi\u0119cej podatk\u00f3w, edukacja.<br \/>- CU: zasady z Biblii, przeciw aborcji, \u015brodowisko i rodzina s\u0105 wa\u017cne, troska o biednych.<br \/>- Impreza dla zwierz\u0105t: zwierz\u0119ta i \u015brodowisko s\u0105 wa\u017cne.<br \/>- 50Plus: opieka nad osobami starszymi.<br \/>- SGP: Chrze\u015bcijanie, musimy \u017cy\u0107 wed\u0142ug Biblii.<br \/>- MY\u015aL: wszyscy maj\u0105 takie same prawa (szczeg\u00f3lnie Turcy i Maroka\u0144czycy g\u0142osuj\u0105 za tym).<\/p><p><strong>Partie lewicowe\u00a0<\/strong>chc\u0105 zmniejszy\u0107 r\u00f3\u017cnic\u0119 mi\u0119dzy bogatymi i biednymi lud\u017ami. Bogaci ludzie musz\u0105 p\u0142aci\u0107 wy\u017csze podatki. Rz\u0105d musi dba\u0107 o biednych ludzi, zasi\u0142ki musz\u0105 by\u0107 wy\u017csze.<br \/><strong>Partie prawicowe<\/strong>\u00a0wierz\u0105, \u017ce ludzie powinni dba\u0107 o siebie i \u017ce bogaci ludzie nie powinni p\u0142aci\u0107 wysokich podatk\u00f3w.<br \/><strong>Progresywny:<\/strong>\u00a0oznacza, \u017ce spo\u0142ecze\u0144stwo musi si\u0119 zmieni\u0107.<br \/><strong>Konserwatywny:<\/strong>\u00a0Oznacza to, \u017ce niewiele rzeczy musi si\u0119 zmieni\u0107.<\/p>\t\t\t\t\t\t\t\t<\/div>\n\t\t\t\t<\/div>\n\t\t\t\t\t<\/div>\n\t\t<\/div>\n\t\t\t\t<div class=\"elementor-column elementor-col-50 elementor-top-column elementor-element elementor-element-fb8883b\" data-id=\"fb8883b\" data-element_type=\"column\">\n\t\t\t<div class=\"elementor-widget-wrap elementor-element-populated\">\n\t\t\t\t\t\t<div class=\"elementor-element elementor-element-0a1b385 elementor-widget elementor-widget-image\" data-id=\"0a1b385\" data-element_type=\"widget\" data-widget_type=\"image.default\">\n\t\t\t\t<div class=\"elementor-widget-container\">\n\t\t\t\t\t\t\t\t\t\t\t\t\t\t\t<img fetchpriority=\"high\" decoding=\"async\" width=\"478\" height=\"603\" src=\"https:\/\/mijn-lo.nl\/wp-content\/uploads\/2024\/02\/kiezen-478x603-1.webp\" class=\"attachment-large size-large wp-image-4857\" alt=\"\" srcset=\"https:\/\/mijn-lo.nl\/wp-content\/uploads\/2024\/02\/kiezen-478x603-1.webp 478w, https:\/\/mijn-lo.nl\/wp-content\/uploads\/2024\/02\/kiezen-478x603-1-238x300.webp 238w, https:\/\/mijn-lo.nl\/wp-content\/uploads\/2024\/02\/kiezen-478x603-1-10x12.webp 10w, https:\/\/mijn-lo.nl\/wp-content\/uploads\/2024\/02\/kiezen-478x603-1-19x24.webp 19w, https:\/\/mijn-lo.nl\/wp-content\/uploads\/2024\/02\/kiezen-478x603-1-29x36.webp 29w, https:\/\/mijn-lo.nl\/wp-content\/uploads\/2024\/02\/kiezen-478x603-1-38x48.webp 38w\" sizes=\"(max-width: 478px) 100vw, 478px\" \/>\t\t\t\t\t\t\t\t\t\t\t\t\t\t\t<\/div>\n\t\t\t\t<\/div>\n\t\t\t\t<div class=\"elementor-element elementor-element-488cc37 elementor-widget elementor-widget-text-editor\" data-id=\"488cc37\" data-element_type=\"widget\" data-widget_type=\"text-editor.default\">\n\t\t\t\t<div class=\"elementor-widget-container\">\n\t\t\t\t\t\t\t\t\t<p style=\"text-align: center;\">G\u0142osowanie<\/p>\t\t\t\t\t\t\t\t<\/div>\n\t\t\t\t<\/div>\n\t\t\t\t\t<\/div>\n\t\t<\/div>\n\t\t\t\t\t<\/div>\n\t\t<\/section>\n\t\t\t\t<section class=\"elementor-section elementor-top-section elementor-element elementor-element-eb6bef8 elementor-section-boxed elementor-section-height-default elementor-section-height-default\" data-id=\"eb6bef8\" data-element_type=\"section\">\n\t\t\t\t\t\t<div class=\"elementor-container elementor-column-gap-default\">\n\t\t\t\t\t<div class=\"elementor-column elementor-col-50 elementor-top-column elementor-element elementor-element-f92d88a\" data-id=\"f92d88a\" data-element_type=\"column\">\n\t\t\t<div class=\"elementor-widget-wrap elementor-element-populated\">\n\t\t\t\t\t\t<div class=\"elementor-element elementor-element-44af40a elementor-widget elementor-widget-image\" data-id=\"44af40a\" data-element_type=\"widget\" data-widget_type=\"image.default\">\n\t\t\t\t<div class=\"elementor-widget-container\">\n\t\t\t\t\t\t\t\t\t\t\t\t\t\t\t<img decoding=\"async\" width=\"750\" height=\"499\" src=\"https:\/\/mijn-lo.nl\/wp-content\/uploads\/2024\/02\/kiezen6-750x499-1.webp\" class=\"attachment-large size-large wp-image-4858\" alt=\"\" srcset=\"https:\/\/mijn-lo.nl\/wp-content\/uploads\/2024\/02\/kiezen6-750x499-1.webp 750w, https:\/\/mijn-lo.nl\/wp-content\/uploads\/2024\/02\/kiezen6-750x499-1-300x200.webp 300w, https:\/\/mijn-lo.nl\/wp-content\/uploads\/2024\/02\/kiezen6-750x499-1-18x12.webp 18w, https:\/\/mijn-lo.nl\/wp-content\/uploads\/2024\/02\/kiezen6-750x499-1-24x16.webp 24w, https:\/\/mijn-lo.nl\/wp-content\/uploads\/2024\/02\/kiezen6-750x499-1-36x24.webp 36w, https:\/\/mijn-lo.nl\/wp-content\/uploads\/2024\/02\/kiezen6-750x499-1-48x32.webp 48w\" sizes=\"(max-width: 750px) 100vw, 750px\" \/>\t\t\t\t\t\t\t\t\t\t\t\t\t\t\t<\/div>\n\t\t\t\t<\/div>\n\t\t\t\t<div class=\"elementor-element elementor-element-0fb6b56 elementor-widget elementor-widget-text-editor\" data-id=\"0fb6b56\" data-element_type=\"widget\" data-widget_type=\"text-editor.default\">\n\t\t\t\t<div class=\"elementor-widget-container\">\n\t\t\t\t\t\t\t\t\t<p style=\"text-align: center;\">G\u0142osowanie<\/p>\t\t\t\t\t\t\t\t<\/div>\n\t\t\t\t<\/div>\n\t\t\t\t\t<\/div>\n\t\t<\/div>\n\t\t\t\t<div class=\"elementor-column elementor-col-50 elementor-top-column elementor-element elementor-element-7ec25a6\" data-id=\"7ec25a6\" data-element_type=\"column\">\n\t\t\t<div class=\"elementor-widget-wrap elementor-element-populated\">\n\t\t\t\t\t\t<div class=\"elementor-element elementor-element-89f35ff elementor-widget elementor-widget-text-editor\" data-id=\"89f35ff\" data-element_type=\"widget\" data-widget_type=\"text-editor.default\">\n\t\t\t\t<div class=\"elementor-widget-container\">\n\t\t\t\t\t\t\t\t\t<h3>Cz\u0119stotliwo\u015b\u0107<\/h3><ul><li>1x w ci\u0105gu 4 lat dla : Parlament (150 ministr\u00f3w do wyboru) (obywatelstwo NL, 18+)<\/li><li>1x w ci\u0105gu 4 lat: Stany prowincji w ka\u017cdej prowincji (obywatelstwo NL, 18+)<\/li><li>1x w ci\u0105gu 4 lat przed: Samorz\u0105d lokalny (ka\u017cdy mieszkaniec przez samorz\u0105d lokalny 18+, lub 5 lat w NL)<\/li><li>1x w ci\u0105gu 4 lat dla : Urz\u0105d ds. wody (ludzie, kt\u00f3rzy s\u0105 zaj\u0119ci utrzymaniem wody w Holandii)<\/li><li>1x w ci\u0105gu 5 lat przed: Unia Europejska (rezydent UE, obywatelstwo UE, 18+)<\/li><\/ul>\t\t\t\t\t\t\t\t<\/div>\n\t\t\t\t<\/div>\n\t\t\t\t\t<\/div>\n\t\t<\/div>\n\t\t\t\t\t<\/div>\n\t\t<\/section>\n\t\t\t\t<section class=\"elementor-section elementor-top-section elementor-element elementor-element-2edcca1 elementor-section-boxed elementor-section-height-default elementor-section-height-default\" data-id=\"2edcca1\" data-element_type=\"section\">\n\t\t\t\t\t\t<div class=\"elementor-container elementor-column-gap-default\">\n\t\t\t\t\t<div class=\"elementor-column elementor-col-100 elementor-top-column elementor-element elementor-element-75349f87\" data-id=\"75349f87\" data-element_type=\"column\">\n\t\t\t<div class=\"elementor-widget-wrap elementor-element-populated\">\n\t\t\t\t\t\t<div class=\"elementor-element elementor-element-2d2d0e50 elementor-align-center elementor-widget elementor-widget-button\" data-id=\"2d2d0e50\" data-element_type=\"widget\" data-widget_type=\"button.default\">\n\t\t\t\t<div class=\"elementor-widget-container\">\n\t\t\t\t\t\t\t\t\t<div class=\"elementor-button-wrapper\">\n\t\t\t\t\t<a class=\"elementor-button elementor-button-link elementor-size-sm\" href=\"https:\/\/mijn-lo.nl\/pl\/politics\/test-10\/\">\n\t\t\t\t\t\t<span class=\"elementor-button-content-wrapper\">\n\t\t\t\t\t\t\t\t\t<span class=\"elementor-button-text\">Kontynuowa\u0107<\/span>\n\t\t\t\t\t<\/span>\n\t\t\t\t\t<\/a>\n\t\t\t\t<\/div>\n\t\t\t\t\t\t\t\t<\/div>\n\t\t\t\t<\/div>\n\t\t\t\t\t<\/div>\n\t\t<\/div>\n\t\t\t\t\t<\/div>\n\t\t<\/section>\n\t\t\t\t<\/div>","protected":false},"excerpt":{"rendered":"<p>Voting Examples of political parties:\u2022 VVD: freedom for everyone, better economy, work for everyone.\u2022 PVV: fewer foreigners, less cooperation with Europe.\u2022 CDA: family is important, Christian faith.\u2022 BBB: mid and a little bit to the right. Originally founded by farmers;\u2022 Nieuw Sociaal Contract: aiming at a new structure for\u2022 D66: democracy is important, education is [&hellip;]<\/p>\n","protected":false},"author":1,"featured_media":0,"parent":3371,"menu_order":3,"comment_status":"closed","ping_status":"closed","template":"elementor_canvas","meta":{"site-sidebar-layout":"no-sidebar","site-content-layout":"page-builder","ast-site-content-layout":"full-width-container","site-content-style":"default","site-sidebar-style":"default","ast-global-header-display":"","ast-banner-title-visibility":"","ast-main-header-display":"","ast-hfb-above-header-display":"","ast-hfb-below-header-display":"","ast-hfb-mobile-header-display":"","site-post-title":"disabled","ast-breadcrumbs-content":"","ast-featured-img":"disabled","footer-sml-layout":"","theme-transparent-header-meta":"","adv-header-id-meta":"","stick-header-meta":"","header-above-stick-meta":"","header-main-stick-meta":"","header-below-stick-meta":"","astra-migrate-meta-layouts":"set","ast-page-background-enabled":"default","ast-page-background-meta":{"desktop":{"background-color":"var(--ast-global-color-4)","background-image":"","background-repeat":"repeat","background-position":"center center","background-size":"auto","background-attachment":"scroll","background-type":"","background-media":"","overlay-type":"","overlay-color":"","overlay-opacity":"","overlay-gradient":""},"tablet":{"background-color":"","background-image":"","background-repeat":"repeat","background-position":"center center","background-size":"auto","background-attachment":"scroll","background-type":"","background-media":"","overlay-type":"","overlay-color":"","overlay-opacity":"","overlay-gradient":""},"mobile":{"background-color":"","background-image":"","background-repeat":"repeat","background-position":"center center","background-size":"auto","background-attachment":"scroll","background-type":"","background-media":"","overlay-type":"","overlay-color":"","overlay-opacity":"","overlay-gradient":""}},"ast-content-background-meta":{"desktop":{"background-color":"var(--ast-global-color-5)","background-image":"","background-repeat":"repeat","background-position":"center center","background-size":"auto","background-attachment":"scroll","background-type":"","background-media":"","overlay-type":"","overlay-color":"","overlay-opacity":"","overlay-gradient":""},"tablet":{"background-color":"var(--ast-global-color-5)","background-image":"","background-repeat":"repeat","background-position":"center center","background-size":"auto","background-attachment":"scroll","background-type":"","background-media":"","overlay-type":"","overlay-color":"","overlay-opacity":"","overlay-gradient":""},"mobile":{"background-color":"var(--ast-global-color-5)","background-image":"","background-repeat":"repeat","background-position":"center center","background-size":"auto","background-attachment":"scroll","background-type":"","background-media":"","overlay-type":"","overlay-color":"","overlay-opacity":"","overlay-gradient":""}},"footnotes":""},"class_list":["post-4904","page","type-page","status-publish","hentry"],"_links":{"self":[{"href":"https:\/\/mijn-lo.nl\/pl\/wp-json\/wp\/v2\/pages\/4904","targetHints":{"allow":["GET"]}}],"collection":[{"href":"https:\/\/mijn-lo.nl\/pl\/wp-json\/wp\/v2\/pages"}],"about":[{"href":"https:\/\/mijn-lo.nl\/pl\/wp-json\/wp\/v2\/types\/page"}],"author":[{"embeddable":true,"href":"https:\/\/mijn-lo.nl\/pl\/wp-json\/wp\/v2\/users\/1"}],"replies":[{"embeddable":true,"href":"https:\/\/mijn-lo.nl\/pl\/wp-json\/wp\/v2\/comments?post=4904"}],"version-history":[{"count":13,"href":"https:\/\/mijn-lo.nl\/pl\/wp-json\/wp\/v2\/pages\/4904\/revisions"}],"predecessor-version":[{"id":6346,"href":"https:\/\/mijn-lo.nl\/pl\/wp-json\/wp\/v2\/pages\/4904\/revisions\/6346"}],"up":[{"embeddable":true,"href":"https:\/\/mijn-lo.nl\/pl\/wp-json\/wp\/v2\/pages\/3371"}],"wp:attachment":[{"href":"https:\/\/mijn-lo.nl\/pl\/wp-json\/wp\/v2\/media?parent=4904"}],"curies":[{"name":"wp","href":"https:\/\/api.w.org\/{rel}","templated":true}]}}