{"id":4920,"date":"2024-02-09T15:53:53","date_gmt":"2024-02-09T15:53:53","guid":{"rendered":"http:\/\/mijn-lo.nl\/?page_id=4920"},"modified":"2025-08-19T17:44:18","modified_gmt":"2025-08-19T17:44:18","slug":"golden-age","status":"publish","type":"page","link":"https:\/\/mijn-lo.nl\/pl\/history\/golden-age\/","title":{"rendered":"z\u0142oty wiek"},"content":{"rendered":"<div data-elementor-type=\"wp-page\" data-elementor-id=\"4920\" class=\"elementor elementor-4920\" data-elementor-post-type=\"page\">\n\t\t\t\t\t\t<section class=\"elementor-section elementor-top-section elementor-element elementor-element-f3da63f elementor-reverse-tablet elementor-reverse-mobile elementor-section-boxed elementor-section-height-default elementor-section-height-default\" data-id=\"f3da63f\" data-element_type=\"section\">\n\t\t\t\t\t\t<div class=\"elementor-container elementor-column-gap-default\">\n\t\t\t\t\t<div class=\"elementor-column elementor-col-50 elementor-top-column elementor-element elementor-element-02860a7\" data-id=\"02860a7\" data-element_type=\"column\">\n\t\t\t<div class=\"elementor-widget-wrap elementor-element-populated\">\n\t\t\t\t\t\t<div class=\"elementor-element elementor-element-c1d4860 elementor-widget elementor-widget-text-editor\" data-id=\"c1d4860\" data-element_type=\"widget\" data-widget_type=\"text-editor.default\">\n\t\t\t\t<div class=\"elementor-widget-container\">\n\t\t\t\t\t\t\t\t\t<h3 class=\"mbr-section-title mbr-fonts-style mb-3 display-5\"><strong>z\u0142oty wiek<\/strong><\/h3><p class=\"mbr-text mbr-fonts-style display-7\"><strong>Okres<br \/><\/strong>Okres od 1600 do 1700 roku nazywany jest z\u0142otym wiekiem. Holandia radzi\u0142a sobie bardzo dobrze. Wynika\u0142o to g\u0142\u00f3wnie z handlu w koloniach. Organizacja, kt\u00f3ra regulowa\u0142a ten handel, nazywa\u0142a si\u0119 VOC. T<br \/><br \/><strong>VOC<br \/><\/strong>1602 - Utworzenie Holenderskiej Kompanii Wschodnioindyjskiej (VOC): VOC zosta\u0142a za\u0142o\u017cona jako pierwsza na \u015bwiecie wielonarodowa korporacja, kt\u00f3ra odegra\u0142a kluczow\u0105 rol\u0119 w holenderskiej eksploracji, handlu i kolonizacji w Azji. Prowadzono handel przyprawami, ale tak\u017ce niewolnikami.<br \/><br \/><strong>Efekty Z\u0142otego Wieku<br \/><\/strong>Fakt, \u017ce w tamtych czasach wszystko sz\u0142o dobrze, wida\u0107 na przyk\u0142ad w pi\u0119knych domach wzd\u0142u\u017c kana\u0142\u00f3w w Amsterdamie. Widzimy r\u00f3wnie\u017c te\u00a0<strong>pi\u0119kne domy w innych starych miastach<\/strong>\u00a0w Randstad. W tym czasie dzia\u0142ali r\u00f3wnie\u017c arty\u015bci, kt\u00f3rzy p\u00f3\u017aniej stali si\u0119 s\u0142awni na ca\u0142ym \u015bwiecie, tacy jak\u00a0<strong>Rembrandt<\/strong>. Jego najbardziej znanym obrazem jest \"Stra\u017c nocna\", kt\u00f3r\u0105 mo\u017cna zobaczy\u0107 w Rijksmuseum w Amsterdamie.<br \/><br \/><br \/><strong>Interesuj\u0105ce wideo<br \/><\/strong>Nast\u0119pny film jest tylko ilustracj\u0105. Obejrzyj go, je\u015bli Ci\u0119 interesuje. Pokazuje on g\u0142\u00f3wny okres \"Z\u0142otego Wieku\" i to, jak Holandii uda\u0142o si\u0119 sta\u0107 \u015bwiatow\u0105 pot\u0119g\u0105.<br \/>Za pomoc\u0105 ko\u0142a z\u0119batego mo\u017cna dostosowa\u0107 napisy.<\/p>\t\t\t\t\t\t\t\t<\/div>\n\t\t\t\t<\/div>\n\t\t\t\t\t<\/div>\n\t\t<\/div>\n\t\t\t\t<div class=\"elementor-column elementor-col-50 elementor-top-column elementor-element elementor-element-fc1ff83\" data-id=\"fc1ff83\" data-element_type=\"column\">\n\t\t\t<div class=\"elementor-widget-wrap elementor-element-populated\">\n\t\t\t\t\t\t<div class=\"elementor-element elementor-element-c64e3d9 elementor-widget elementor-widget-image\" data-id=\"c64e3d9\" data-element_type=\"widget\" data-widget_type=\"image.default\">\n\t\t\t\t<div class=\"elementor-widget-container\">\n\t\t\t\t\t\t\t\t\t\t\t\t\t\t\t<img fetchpriority=\"high\" decoding=\"async\" width=\"529\" height=\"434\" src=\"https:\/\/mijn-lo.nl\/wp-content\/uploads\/2024\/02\/nachtwacht2-529x434-1.webp\" class=\"attachment-large size-large wp-image-4871\" alt=\"\" srcset=\"https:\/\/mijn-lo.nl\/wp-content\/uploads\/2024\/02\/nachtwacht2-529x434-1.webp 529w, https:\/\/mijn-lo.nl\/wp-content\/uploads\/2024\/02\/nachtwacht2-529x434-1-300x246.webp 300w, https:\/\/mijn-lo.nl\/wp-content\/uploads\/2024\/02\/nachtwacht2-529x434-1-15x12.webp 15w, https:\/\/mijn-lo.nl\/wp-content\/uploads\/2024\/02\/nachtwacht2-529x434-1-24x20.webp 24w, https:\/\/mijn-lo.nl\/wp-content\/uploads\/2024\/02\/nachtwacht2-529x434-1-36x30.webp 36w, https:\/\/mijn-lo.nl\/wp-content\/uploads\/2024\/02\/nachtwacht2-529x434-1-48x39.webp 48w\" sizes=\"(max-width: 529px) 100vw, 529px\" \/>\t\t\t\t\t\t\t\t\t\t\t\t\t\t\t<\/div>\n\t\t\t\t<\/div>\n\t\t\t\t<div class=\"elementor-element elementor-element-d2fdbf6 elementor-widget elementor-widget-text-editor\" data-id=\"d2fdbf6\" data-element_type=\"widget\" data-widget_type=\"text-editor.default\">\n\t\t\t\t<div class=\"elementor-widget-container\">\n\t\t\t\t\t\t\t\t\t<p style=\"text-align: center;\">Stra\u017c nocna (Rembrandt)<\/p>\t\t\t\t\t\t\t\t<\/div>\n\t\t\t\t<\/div>\n\t\t\t\t\t<\/div>\n\t\t<\/div>\n\t\t\t\t\t<\/div>\n\t\t<\/section>\n\t\t\t\t<section class=\"elementor-section elementor-top-section elementor-element elementor-element-0fbf82c elementor-section-boxed elementor-section-height-default elementor-section-height-default\" data-id=\"0fbf82c\" data-element_type=\"section\">\n\t\t\t\t\t\t<div class=\"elementor-container elementor-column-gap-default\">\n\t\t\t\t\t<div class=\"elementor-column elementor-col-100 elementor-top-column elementor-element elementor-element-da48bf1\" data-id=\"da48bf1\" data-element_type=\"column\">\n\t\t\t<div class=\"elementor-widget-wrap elementor-element-populated\">\n\t\t\t\t\t\t<div class=\"elementor-element elementor-element-7fa867a elementor-widget elementor-widget-video\" data-id=\"7fa867a\" data-element_type=\"widget\" data-settings=\"{&quot;youtube_url&quot;:&quot;https:\\\/\\\/youtu.be\\\/ewCs5CF5HEg&quot;,&quot;video_type&quot;:&quot;youtube&quot;,&quot;controls&quot;:&quot;yes&quot;}\" data-widget_type=\"video.default\">\n\t\t\t\t<div class=\"elementor-widget-container\">\n\t\t\t\t\t\t\t<div class=\"elementor-wrapper elementor-open-inline\">\n\t\t\t<div class=\"elementor-video\"><\/div>\t\t<\/div>\n\t\t\t\t\t\t<\/div>\n\t\t\t\t<\/div>\n\t\t\t\t\t<\/div>\n\t\t<\/div>\n\t\t\t\t\t<\/div>\n\t\t<\/section>\n\t\t\t\t<section class=\"elementor-section elementor-top-section elementor-element elementor-element-21c66c4 elementor-section-boxed elementor-section-height-default elementor-section-height-default\" data-id=\"21c66c4\" data-element_type=\"section\">\n\t\t\t\t\t\t<div class=\"elementor-container elementor-column-gap-default\">\n\t\t\t\t\t<div class=\"elementor-column elementor-col-50 elementor-top-column elementor-element elementor-element-60e1a44\" data-id=\"60e1a44\" data-element_type=\"column\">\n\t\t\t<div class=\"elementor-widget-wrap elementor-element-populated\">\n\t\t\t\t\t\t<div class=\"elementor-element elementor-element-f6c5e96 elementor-widget elementor-widget-image\" data-id=\"f6c5e96\" data-element_type=\"widget\" data-widget_type=\"image.default\">\n\t\t\t\t<div class=\"elementor-widget-container\">\n\t\t\t\t\t\t\t\t\t\t\t\t\t\t\t<img decoding=\"async\" width=\"780\" height=\"439\" src=\"https:\/\/mijn-lo.nl\/wp-content\/uploads\/2024\/02\/opkomst-textiel-780x439-1.webp\" class=\"attachment-large size-large wp-image-4872\" alt=\"\" srcset=\"https:\/\/mijn-lo.nl\/wp-content\/uploads\/2024\/02\/opkomst-textiel-780x439-1.webp 780w, https:\/\/mijn-lo.nl\/wp-content\/uploads\/2024\/02\/opkomst-textiel-780x439-1-300x169.webp 300w, https:\/\/mijn-lo.nl\/wp-content\/uploads\/2024\/02\/opkomst-textiel-780x439-1-768x432.webp 768w, https:\/\/mijn-lo.nl\/wp-content\/uploads\/2024\/02\/opkomst-textiel-780x439-1-18x10.webp 18w, https:\/\/mijn-lo.nl\/wp-content\/uploads\/2024\/02\/opkomst-textiel-780x439-1-24x14.webp 24w, https:\/\/mijn-lo.nl\/wp-content\/uploads\/2024\/02\/opkomst-textiel-780x439-1-36x20.webp 36w, https:\/\/mijn-lo.nl\/wp-content\/uploads\/2024\/02\/opkomst-textiel-780x439-1-48x27.webp 48w\" sizes=\"(max-width: 780px) 100vw, 780px\" \/>\t\t\t\t\t\t\t\t\t\t\t\t\t\t\t<\/div>\n\t\t\t\t<\/div>\n\t\t\t\t<div class=\"elementor-element elementor-element-04aff24 elementor-widget elementor-widget-text-editor\" data-id=\"04aff24\" data-element_type=\"widget\" data-widget_type=\"text-editor.default\">\n\t\t\t\t<div class=\"elementor-widget-container\">\n\t\t\t\t\t\t\t\t\t<p style=\"text-align: center;\">Powstaj\u0105 ga\u0142\u0119zie przemys\u0142u... ludzie przenosz\u0105 si\u0119 z okolic<\/p>\t\t\t\t\t\t\t\t<\/div>\n\t\t\t\t<\/div>\n\t\t\t\t\t<\/div>\n\t\t<\/div>\n\t\t\t\t<div class=\"elementor-column elementor-col-50 elementor-top-column elementor-element elementor-element-e531f2e\" data-id=\"e531f2e\" data-element_type=\"column\">\n\t\t\t<div class=\"elementor-widget-wrap elementor-element-populated\">\n\t\t\t\t\t\t<div class=\"elementor-element elementor-element-cb7b0bb elementor-widget elementor-widget-text-editor\" data-id=\"cb7b0bb\" data-element_type=\"widget\" data-widget_type=\"text-editor.default\">\n\t\t\t\t<div class=\"elementor-widget-container\">\n\t\t\t\t\t\t\t\t\t<h3 class=\"mbr-section-title mbr-fonts-style mb-3 display-5\"><strong>Okres 1700-1900<\/strong><\/h3><div><strong>\u00a0<\/strong><\/div><p class=\"mbr-text mbr-fonts-style display-7\">W XVIII wieku Republika Holenderska do\u015bwiadczy\u0142a okresu wzrostu gospodarczego i dobrobytu, nap\u0119dzanego przez kwitn\u0105cy handel i przemys\u0142 morski. Okres ten by\u0142 jednak r\u00f3wnie\u017c naznaczony wewn\u0119trznymi sporami politycznymi i powstaniami, w tym rewolucj\u0105 patriotyczn\u0105 pod koniec lat 1780.<br \/><br \/>W 1814 roku Holandia przyj\u0119\u0142a konstytucj\u0119, podstawow\u0105 ustaw\u0119 opisuj\u0105c\u0105 zasady, kt\u00f3rych kraj musi przestrzega\u0107. Na przyk\u0142ad w konstytucji znajdziemy artyku\u0142y, kt\u00f3re opisuj\u0105, \u017ce:<br \/>- wszyscy s\u0105 r\u00f3wni<br \/>- istnieje wolno\u015b\u0107 wyznania<br \/>Konstytucja ta zosta\u0142a p\u00f3\u017aniej zmieniona: kr\u00f3l zosta\u0142 pozbawiony wszelkiej w\u0142adzy, a Holandia sta\u0142a si\u0119 prawdziw\u0105 demokracj\u0105.<br \/><br \/>Istotne zmiany mo\u017cna zaobserwowa\u0107 zw\u0142aszcza w okresie po 1850 roku. Powstaje przemys\u0142 tekstylny, a wiele os\u00f3b przenosi si\u0119 ze wsi do fabryk. By\u0142o du\u017co ub\u00f3stwa.<\/p>\t\t\t\t\t\t\t\t<\/div>\n\t\t\t\t<\/div>\n\t\t\t\t\t<\/div>\n\t\t<\/div>\n\t\t\t\t\t<\/div>\n\t\t<\/section>\n\t\t\t\t<section class=\"elementor-section elementor-top-section elementor-element elementor-element-311e16a elementor-reverse-tablet elementor-reverse-mobile elementor-section-boxed elementor-section-height-default elementor-section-height-default\" data-id=\"311e16a\" data-element_type=\"section\">\n\t\t\t\t\t\t<div class=\"elementor-container elementor-column-gap-default\">\n\t\t\t\t\t<div class=\"elementor-column elementor-col-50 elementor-top-column elementor-element elementor-element-092da81\" data-id=\"092da81\" data-element_type=\"column\">\n\t\t\t<div class=\"elementor-widget-wrap elementor-element-populated\">\n\t\t\t\t\t\t<div class=\"elementor-element elementor-element-7789889 elementor-widget elementor-widget-text-editor\" data-id=\"7789889\" data-element_type=\"widget\" data-widget_type=\"text-editor.default\">\n\t\t\t\t<div class=\"elementor-widget-container\">\n\t\t\t\t\t\t\t\t\t<h3 class=\"mbr-section-title mbr-fonts-style mb-0 display-2\"><strong>Po 1900 r.<\/strong><\/h3><p class=\"mbr-section-title mbr-fonts-style mb-3 display-5\">Wp\u0142yw demokracji staje si\u0119 coraz bardziej widoczny. Pojawi\u0105 si\u0119 prawa chroni\u0105ce pracownik\u00f3w.<\/p><p><strong>I wojna \u015bwiatowa<br \/><\/strong>W 1914 roku wybucha pierwsza wojna \u015bwiatowa. Niemcy atakuj\u0105 wiele kraj\u00f3w w Europie. Holandia pozostaje bezstronna. W Belgii jest wiele ofiar.<\/p><p><strong>Kryzys<br \/><\/strong><\/p><p class=\"mbr-section-title mbr-fonts-style mb-3 display-5\">Oko\u0142o 1930 roku gospodarka na ca\u0142ym \u015bwiecie mia\u0142a si\u0119 bardzo \u017ale. Fabryki musia\u0142y zosta\u0107 zamkni\u0119te, a wielu ludzi wysz\u0142o na ulice. To czas wielkiego ub\u00f3stwa i z\u0142ych warunk\u00f3w.<\/p>\t\t\t\t\t\t\t\t<\/div>\n\t\t\t\t<\/div>\n\t\t\t\t\t<\/div>\n\t\t<\/div>\n\t\t\t\t<div class=\"elementor-column elementor-col-50 elementor-top-column elementor-element elementor-element-b6b32b9\" data-id=\"b6b32b9\" data-element_type=\"column\">\n\t\t\t<div class=\"elementor-widget-wrap elementor-element-populated\">\n\t\t\t\t\t\t<div class=\"elementor-element elementor-element-2e5276e elementor-widget elementor-widget-video\" data-id=\"2e5276e\" data-element_type=\"widget\" data-settings=\"{&quot;video_type&quot;:&quot;vimeo&quot;}\" data-widget_type=\"video.default\">\n\t\t\t\t<div class=\"elementor-widget-container\">\n\t\t\t\t\t\t\t<div class=\"elementor-wrapper elementor-open-inline\">\n\t\t\t<iframe class=\"elementor-video-iframe\" allowfullscreen allow=\"clipboard-write\" title=\"Odtwarzacz wideo Vimeo\" src=\"https:\/\/player.vimeo.com\/video\/816834642?color&amp;autopause=0&amp;loop=0&amp;muted=0&amp;title=1&amp;portrait=1&amp;byline=1#t=\"><\/iframe>\t\t<\/div>\n\t\t\t\t\t\t<\/div>\n\t\t\t\t<\/div>\n\t\t\t\t<div class=\"elementor-element elementor-element-0ddf208 elementor-widget elementor-widget-text-editor\" data-id=\"0ddf208\" data-element_type=\"widget\" data-widget_type=\"text-editor.default\">\n\t\t\t\t<div class=\"elementor-widget-container\">\n\t\t\t\t\t\t\t\t\t<p style=\"text-align: center;\">Ub\u00f3stwo 1850-1930\u00a0<\/p>\t\t\t\t\t\t\t\t<\/div>\n\t\t\t\t<\/div>\n\t\t\t\t\t<\/div>\n\t\t<\/div>\n\t\t\t\t\t<\/div>\n\t\t<\/section>\n\t\t\t\t<section class=\"elementor-section elementor-top-section elementor-element elementor-element-2edcca1 elementor-section-boxed elementor-section-height-default elementor-section-height-default\" data-id=\"2edcca1\" data-element_type=\"section\">\n\t\t\t\t\t\t<div class=\"elementor-container elementor-column-gap-default\">\n\t\t\t\t\t<div class=\"elementor-column elementor-col-100 elementor-top-column elementor-element elementor-element-75349f87\" data-id=\"75349f87\" data-element_type=\"column\">\n\t\t\t<div class=\"elementor-widget-wrap elementor-element-populated\">\n\t\t\t\t\t\t<div class=\"elementor-element elementor-element-2d2d0e50 elementor-align-center elementor-widget elementor-widget-button\" data-id=\"2d2d0e50\" data-element_type=\"widget\" data-widget_type=\"button.default\">\n\t\t\t\t<div class=\"elementor-widget-container\">\n\t\t\t\t\t\t\t\t\t<div class=\"elementor-button-wrapper\">\n\t\t\t\t\t<a class=\"elementor-button elementor-button-link elementor-size-sm\" href=\"https:\/\/mijn-lo.nl\/pl\/history\/world-war-2\/\">\n\t\t\t\t\t\t<span class=\"elementor-button-content-wrapper\">\n\t\t\t\t\t\t\t\t\t<span class=\"elementor-button-text\">Kontynuowa\u0107<\/span>\n\t\t\t\t\t<\/span>\n\t\t\t\t\t<\/a>\n\t\t\t\t<\/div>\n\t\t\t\t\t\t\t\t<\/div>\n\t\t\t\t<\/div>\n\t\t\t\t\t<\/div>\n\t\t<\/div>\n\t\t\t\t\t<\/div>\n\t\t<\/section>\n\t\t\t\t<\/div>","protected":false},"excerpt":{"rendered":"<p>Golden age The periodThe period from 1600 to 1700 is called the golden age. The Netherlands is doing very well. This was mainly due to trade in the colonies. The organization that regulated this trade was called VOC. T VOC1602 &#8211; Formation of the Dutch East India Company (VOC): The VOC was established as the [&hellip;]<\/p>\n","protected":false},"author":1,"featured_media":0,"parent":3258,"menu_order":2,"comment_status":"closed","ping_status":"closed","template":"elementor_canvas","meta":{"site-sidebar-layout":"no-sidebar","site-content-layout":"page-builder","ast-site-content-layout":"full-width-container","site-content-style":"default","site-sidebar-style":"default","ast-global-header-display":"","ast-banner-title-visibility":"","ast-main-header-display":"","ast-hfb-above-header-display":"","ast-hfb-below-header-display":"","ast-hfb-mobile-header-display":"","site-post-title":"disabled","ast-breadcrumbs-content":"","ast-featured-img":"disabled","footer-sml-layout":"","theme-transparent-header-meta":"","adv-header-id-meta":"","stick-header-meta":"","header-above-stick-meta":"","header-main-stick-meta":"","header-below-stick-meta":"","astra-migrate-meta-layouts":"set","ast-page-background-enabled":"default","ast-page-background-meta":{"desktop":{"background-color":"var(--ast-global-color-4)","background-image":"","background-repeat":"repeat","background-position":"center center","background-size":"auto","background-attachment":"scroll","background-type":"","background-media":"","overlay-type":"","overlay-color":"","overlay-opacity":"","overlay-gradient":""},"tablet":{"background-color":"","background-image":"","background-repeat":"repeat","background-position":"center center","background-size":"auto","background-attachment":"scroll","background-type":"","background-media":"","overlay-type":"","overlay-color":"","overlay-opacity":"","overlay-gradient":""},"mobile":{"background-color":"","background-image":"","background-repeat":"repeat","background-position":"center center","background-size":"auto","background-attachment":"scroll","background-type":"","background-media":"","overlay-type":"","overlay-color":"","overlay-opacity":"","overlay-gradient":""}},"ast-content-background-meta":{"desktop":{"background-color":"var(--ast-global-color-5)","background-image":"","background-repeat":"repeat","background-position":"center center","background-size":"auto","background-attachment":"scroll","background-type":"","background-media":"","overlay-type":"","overlay-color":"","overlay-opacity":"","overlay-gradient":""},"tablet":{"background-color":"var(--ast-global-color-5)","background-image":"","background-repeat":"repeat","background-position":"center center","background-size":"auto","background-attachment":"scroll","background-type":"","background-media":"","overlay-type":"","overlay-color":"","overlay-opacity":"","overlay-gradient":""},"mobile":{"background-color":"var(--ast-global-color-5)","background-image":"","background-repeat":"repeat","background-position":"center center","background-size":"auto","background-attachment":"scroll","background-type":"","background-media":"","overlay-type":"","overlay-color":"","overlay-opacity":"","overlay-gradient":""}},"footnotes":""},"class_list":["post-4920","page","type-page","status-publish","hentry"],"_links":{"self":[{"href":"https:\/\/mijn-lo.nl\/pl\/wp-json\/wp\/v2\/pages\/4920","targetHints":{"allow":["GET"]}}],"collection":[{"href":"https:\/\/mijn-lo.nl\/pl\/wp-json\/wp\/v2\/pages"}],"about":[{"href":"https:\/\/mijn-lo.nl\/pl\/wp-json\/wp\/v2\/types\/page"}],"author":[{"embeddable":true,"href":"https:\/\/mijn-lo.nl\/pl\/wp-json\/wp\/v2\/users\/1"}],"replies":[{"embeddable":true,"href":"https:\/\/mijn-lo.nl\/pl\/wp-json\/wp\/v2\/comments?post=4920"}],"version-history":[{"count":10,"href":"https:\/\/mijn-lo.nl\/pl\/wp-json\/wp\/v2\/pages\/4920\/revisions"}],"predecessor-version":[{"id":6352,"href":"https:\/\/mijn-lo.nl\/pl\/wp-json\/wp\/v2\/pages\/4920\/revisions\/6352"}],"up":[{"embeddable":true,"href":"https:\/\/mijn-lo.nl\/pl\/wp-json\/wp\/v2\/pages\/3258"}],"wp:attachment":[{"href":"https:\/\/mijn-lo.nl\/pl\/wp-json\/wp\/v2\/media?parent=4920"}],"curies":[{"name":"wp","href":"https:\/\/api.w.org\/{rel}","templated":true}]}}