{"id":4922,"date":"2024-02-09T15:54:15","date_gmt":"2024-02-09T15:54:15","guid":{"rendered":"http:\/\/mijn-lo.nl\/?page_id=4922"},"modified":"2025-08-19T17:47:38","modified_gmt":"2025-08-19T17:47:38","slug":"world-war-2","status":"publish","type":"page","link":"https:\/\/mijn-lo.nl\/pl\/history\/world-war-2\/","title":{"rendered":"II wojna \u015bwiatowa"},"content":{"rendered":"<div data-elementor-type=\"wp-page\" data-elementor-id=\"4922\" class=\"elementor elementor-4922\" data-elementor-post-type=\"page\">\n\t\t\t\t\t\t<section class=\"elementor-section elementor-top-section elementor-element elementor-element-853250f elementor-section-boxed elementor-section-height-default elementor-section-height-default\" data-id=\"853250f\" data-element_type=\"section\">\n\t\t\t\t\t\t<div class=\"elementor-container elementor-column-gap-default\">\n\t\t\t\t\t<div class=\"elementor-column elementor-col-50 elementor-top-column elementor-element elementor-element-f947750\" data-id=\"f947750\" data-element_type=\"column\">\n\t\t\t<div class=\"elementor-widget-wrap elementor-element-populated\">\n\t\t\t\t\t\t<div class=\"elementor-element elementor-element-7bba9c0 elementor-widget elementor-widget-image\" data-id=\"7bba9c0\" data-element_type=\"widget\" data-widget_type=\"image.default\">\n\t\t\t\t<div class=\"elementor-widget-container\">\n\t\t\t\t\t\t\t\t\t\t\t\t\t\t\t<img fetchpriority=\"high\" decoding=\"async\" width=\"1024\" height=\"639\" src=\"https:\/\/mijn-lo.nl\/wp-content\/uploads\/2024\/02\/tank.jpg\" class=\"attachment-large size-large wp-image-4874\" alt=\"\" srcset=\"https:\/\/mijn-lo.nl\/wp-content\/uploads\/2024\/02\/tank.jpg 1024w, https:\/\/mijn-lo.nl\/wp-content\/uploads\/2024\/02\/tank-300x187.jpg 300w, https:\/\/mijn-lo.nl\/wp-content\/uploads\/2024\/02\/tank-768x479.jpg 768w, https:\/\/mijn-lo.nl\/wp-content\/uploads\/2024\/02\/tank-18x12.jpg 18w, https:\/\/mijn-lo.nl\/wp-content\/uploads\/2024\/02\/tank-24x15.jpg 24w, https:\/\/mijn-lo.nl\/wp-content\/uploads\/2024\/02\/tank-36x22.jpg 36w, https:\/\/mijn-lo.nl\/wp-content\/uploads\/2024\/02\/tank-48x30.jpg 48w\" sizes=\"(max-width: 1024px) 100vw, 1024px\" \/>\t\t\t\t\t\t\t\t\t\t\t\t\t\t\t<\/div>\n\t\t\t\t<\/div>\n\t\t\t\t<div class=\"elementor-element elementor-element-25fb557 elementor-widget elementor-widget-text-editor\" data-id=\"25fb557\" data-element_type=\"widget\" data-widget_type=\"text-editor.default\">\n\t\t\t\t<div class=\"elementor-widget-container\">\n\t\t\t\t\t\t\t\t\t<p style=\"text-align: center;\">Wojna<\/p>\t\t\t\t\t\t\t\t<\/div>\n\t\t\t\t<\/div>\n\t\t\t\t\t<\/div>\n\t\t<\/div>\n\t\t\t\t<div class=\"elementor-column elementor-col-50 elementor-top-column elementor-element elementor-element-8db01a1\" data-id=\"8db01a1\" data-element_type=\"column\">\n\t\t\t<div class=\"elementor-widget-wrap elementor-element-populated\">\n\t\t\t\t\t\t<div class=\"elementor-element elementor-element-eb35863 elementor-widget elementor-widget-text-editor\" data-id=\"eb35863\" data-element_type=\"widget\" data-widget_type=\"text-editor.default\">\n\t\t\t\t<div class=\"elementor-widget-container\">\n\t\t\t\t\t\t\t\t\t<h3 class=\"mbr-section-title mbr-fonts-style mb-3 display-5\"><strong>II wojna \u015bwiatowa<\/strong><\/h3><div>\u00a0<\/div><p class=\"mbr-text mbr-fonts-style display-7\"><strong>Nazistowskie Niemcy<br \/><\/strong>Podczas II wojny \u015bwiatowej Holandia zosta\u0142a przej\u0119ta przez nazistowskie Niemcy, dowodzone przez Adolfa Hitlera. Niemieckie wojska najecha\u0142y kraj w 1940 roku i po kr\u00f3tkiej walce Holendrzy poddali si\u0119. Okupacja trwa\u0142a do 1945 roku i by\u0142 to trudny czas dla Holendr\u00f3w. Miasto Rotterdam zosta\u0142o zniszczone przez bombardowania. Holendrzy przestali walczy\u0107, a kr\u00f3lowa uciek\u0142a do Anglii.<br \/><br \/><strong>Sytuacja \u017byd\u00f3w<br \/><\/strong>Hitler obwinia\u0142 \u017byd\u00f3w za problemy Europy. \u017bydzi mieli ograniczone prawa, byli umieszczani w wi\u0119zieniach i wysy\u0142ani do oboz\u00f3w. W tych obozach wielu z nich zosta\u0142o zabitych w komorach gazowych lub zmar\u0142o z powodu chor\u00f3b i g\u0142odu. Niekt\u00f3rzy \u017bydzi ukrywali si\u0119 w tajnych miejscach, znanych jako ukrywaj\u0105cy si\u0119. \u0141\u0105cznie zabito sze\u015b\u0107 milion\u00f3w \u017byd\u00f3w.<br \/><br \/><strong>Wreszcie wolno\u015b\u0107<br \/><\/strong>Wojna przynios\u0142a trudno\u015bci, ma\u0142o jedzenia i zimno. Ka\u017cdy, kto pomaga\u0142 \u017bydom, by\u0142 karany. Hitler pr\u00f3bowa\u0142 r\u00f3wnie\u017c podbi\u0107 Rosj\u0119, ale surowe warunki zimowe utrudnia\u0142y to niemieckim \u017co\u0142nierzom. Kraje takie jak Ameryka, Kanada, Anglia i Rosja walczy\u0142y przeciwko Niemcom. W 1945 roku Niemcy zosta\u0142y pokonane, a 5 maja Holandia zosta\u0142a wyzwolona.<\/p>\t\t\t\t\t\t\t\t<\/div>\n\t\t\t\t<\/div>\n\t\t\t\t\t<\/div>\n\t\t<\/div>\n\t\t\t\t\t<\/div>\n\t\t<\/section>\n\t\t\t\t<section class=\"elementor-section elementor-top-section elementor-element elementor-element-4d3fa3d elementor-reverse-tablet elementor-reverse-mobile elementor-section-boxed elementor-section-height-default elementor-section-height-default\" data-id=\"4d3fa3d\" data-element_type=\"section\">\n\t\t\t\t\t\t<div class=\"elementor-container elementor-column-gap-default\">\n\t\t\t\t\t<div class=\"elementor-column elementor-col-50 elementor-top-column elementor-element elementor-element-fcf9551\" data-id=\"fcf9551\" data-element_type=\"column\">\n\t\t\t<div class=\"elementor-widget-wrap elementor-element-populated\">\n\t\t\t\t\t\t<div class=\"elementor-element elementor-element-db8dc4d elementor-widget elementor-widget-text-editor\" data-id=\"db8dc4d\" data-element_type=\"widget\" data-widget_type=\"text-editor.default\">\n\t\t\t\t<div class=\"elementor-widget-container\">\n\t\t\t\t\t\t\t\t\t<h3 class=\"mbr-section-title mbr-fonts-style mb-3 display-5\"><strong>Anne Frank<\/strong><\/h3><p class=\"mbr-text mbr-fonts-style display-7\">Anne Frank by\u0142a \u017cydowsk\u0105 dziewczynk\u0105, kt\u00f3ra mieszka\u0142a w Amsterdamie podczas II wojny \u015bwiatowej. Ona i jej rodzina ukryli si\u0119 w 1942 roku, aby unikn\u0105\u0107 schwytania przez nazist\u00f3w, kt\u00f3rzy \u0142apali \u017byd\u00f3w i wysy\u0142ali ich do oboz\u00f3w koncentracyjnych. Anne i jej rodzina mieszkali w tajnym aneksie przez dwa lata, zanim zostali zdradzeni i schwytani przez nazist\u00f3w w 1944 roku. Anne zmar\u0142a w obozie koncentracyjnym w Niemczech w 1945 roku, w wieku 15 lat.<br \/><br \/><strong>Jej s\u0142ynny pami\u0119tnik<br \/><\/strong>Jej pami\u0119tnik, kt\u00f3ry prowadzi\u0142a podczas ukrywania si\u0119, zosta\u0142 p\u00f3\u017aniej opublikowany i sta\u0142 si\u0119 jedn\u0105 z najcz\u0119\u015bciej czytanych ksi\u0105\u017cek na \u015bwiecie, dostarczaj\u0105c osobistej i przejmuj\u0105cej relacji o okrucie\u0144stwach Holokaustu.<\/p>\t\t\t\t\t\t\t\t<\/div>\n\t\t\t\t<\/div>\n\t\t\t\t\t<\/div>\n\t\t<\/div>\n\t\t\t\t<div class=\"elementor-column elementor-col-50 elementor-top-column elementor-element elementor-element-fb8883b\" data-id=\"fb8883b\" data-element_type=\"column\">\n\t\t\t<div class=\"elementor-widget-wrap elementor-element-populated\">\n\t\t\t\t\t\t<div class=\"elementor-element elementor-element-0a1b385 elementor-widget elementor-widget-image\" data-id=\"0a1b385\" data-element_type=\"widget\" data-widget_type=\"image.default\">\n\t\t\t\t<div class=\"elementor-widget-container\">\n\t\t\t\t\t\t\t\t\t\t\t\t\t\t\t<img decoding=\"async\" width=\"701\" height=\"664\" src=\"https:\/\/mijn-lo.nl\/wp-content\/uploads\/2024\/02\/anne-frank-701x664-1.webp\" class=\"attachment-large size-large wp-image-4875\" alt=\"\" srcset=\"https:\/\/mijn-lo.nl\/wp-content\/uploads\/2024\/02\/anne-frank-701x664-1.webp 701w, https:\/\/mijn-lo.nl\/wp-content\/uploads\/2024\/02\/anne-frank-701x664-1-300x284.webp 300w, https:\/\/mijn-lo.nl\/wp-content\/uploads\/2024\/02\/anne-frank-701x664-1-13x12.webp 13w, https:\/\/mijn-lo.nl\/wp-content\/uploads\/2024\/02\/anne-frank-701x664-1-24x24.webp 24w, https:\/\/mijn-lo.nl\/wp-content\/uploads\/2024\/02\/anne-frank-701x664-1-36x34.webp 36w, https:\/\/mijn-lo.nl\/wp-content\/uploads\/2024\/02\/anne-frank-701x664-1-48x45.webp 48w\" sizes=\"(max-width: 701px) 100vw, 701px\" \/>\t\t\t\t\t\t\t\t\t\t\t\t\t\t\t<\/div>\n\t\t\t\t<\/div>\n\t\t\t\t<div class=\"elementor-element elementor-element-488cc37 elementor-widget elementor-widget-text-editor\" data-id=\"488cc37\" data-element_type=\"widget\" data-widget_type=\"text-editor.default\">\n\t\t\t\t<div class=\"elementor-widget-container\">\n\t\t\t\t\t\t\t\t\t<p style=\"text-align: center;\">Anne Frank<\/p>\t\t\t\t\t\t\t\t<\/div>\n\t\t\t\t<\/div>\n\t\t\t\t\t<\/div>\n\t\t<\/div>\n\t\t\t\t\t<\/div>\n\t\t<\/section>\n\t\t\t\t<section class=\"elementor-section elementor-top-section elementor-element elementor-element-eb6bef8 elementor-section-boxed elementor-section-height-default elementor-section-height-default\" data-id=\"eb6bef8\" data-element_type=\"section\">\n\t\t\t\t\t\t<div class=\"elementor-container elementor-column-gap-default\">\n\t\t\t\t\t<div class=\"elementor-column elementor-col-50 elementor-top-column elementor-element elementor-element-f92d88a\" data-id=\"f92d88a\" data-element_type=\"column\">\n\t\t\t<div class=\"elementor-widget-wrap elementor-element-populated\">\n\t\t\t\t\t\t<div class=\"elementor-element elementor-element-44af40a elementor-widget elementor-widget-image\" data-id=\"44af40a\" data-element_type=\"widget\" data-widget_type=\"image.default\">\n\t\t\t\t<div class=\"elementor-widget-container\">\n\t\t\t\t\t\t\t\t\t\t\t\t\t\t\t<img decoding=\"async\" width=\"744\" height=\"830\" src=\"https:\/\/mijn-lo.nl\/wp-content\/uploads\/2024\/02\/wtarsnood5-744x830-1.webp\" class=\"attachment-large size-large wp-image-4876\" alt=\"\" srcset=\"https:\/\/mijn-lo.nl\/wp-content\/uploads\/2024\/02\/wtarsnood5-744x830-1.webp 744w, https:\/\/mijn-lo.nl\/wp-content\/uploads\/2024\/02\/wtarsnood5-744x830-1-269x300.webp 269w, https:\/\/mijn-lo.nl\/wp-content\/uploads\/2024\/02\/wtarsnood5-744x830-1-11x12.webp 11w, https:\/\/mijn-lo.nl\/wp-content\/uploads\/2024\/02\/wtarsnood5-744x830-1-22x24.webp 22w, https:\/\/mijn-lo.nl\/wp-content\/uploads\/2024\/02\/wtarsnood5-744x830-1-32x36.webp 32w, https:\/\/mijn-lo.nl\/wp-content\/uploads\/2024\/02\/wtarsnood5-744x830-1-43x48.webp 43w\" sizes=\"(max-width: 744px) 100vw, 744px\" \/>\t\t\t\t\t\t\t\t\t\t\t\t\t\t\t<\/div>\n\t\t\t\t<\/div>\n\t\t\t\t<div class=\"elementor-element elementor-element-0fb6b56 elementor-widget elementor-widget-text-editor\" data-id=\"0fb6b56\" data-element_type=\"widget\" data-widget_type=\"text-editor.default\">\n\t\t\t\t<div class=\"elementor-widget-container\">\n\t\t\t\t\t\t\t\t\t<p style=\"text-align: center;\">Kl\u0119ska powodzi w 1953 r.<\/p>\t\t\t\t\t\t\t\t<\/div>\n\t\t\t\t<\/div>\n\t\t\t\t\t<\/div>\n\t\t<\/div>\n\t\t\t\t<div class=\"elementor-column elementor-col-50 elementor-top-column elementor-element elementor-element-7ec25a6\" data-id=\"7ec25a6\" data-element_type=\"column\">\n\t\t\t<div class=\"elementor-widget-wrap elementor-element-populated\">\n\t\t\t\t\t\t<div class=\"elementor-element elementor-element-89f35ff elementor-widget elementor-widget-text-editor\" data-id=\"89f35ff\" data-element_type=\"widget\" data-widget_type=\"text-editor.default\">\n\t\t\t\t<div class=\"elementor-widget-container\">\n\t\t\t\t\t\t\t\t\t<h3 class=\"mbr-section-title mbr-fonts-style mb-3 display-5\"><strong>Po zako\u0144czeniu wojny<\/strong><\/h3><div><strong>\u00a0<\/strong><\/div><p class=\"mbr-text mbr-fonts-style display-7\">Po zako\u0144czeniu II wojny \u015bwiatowej w 1945 r. Holandia przesz\u0142a okres odbudowy i rekonstrukcji. Kraj bardzo ucierpia\u0142 podczas wojny, a du\u017ca cz\u0119\u015b\u0107 jego infrastruktury zosta\u0142a zniszczona, a wielu obywateli zgin\u0119\u0142o lub zosta\u0142o wysiedlonych. Holendrzy byli jednak zdeterminowani do odbudowy, a dzi\u0119ki pomocy zagranicznej i programom rz\u0105dowym kraj by\u0142 w stanie odzyska\u0107 si\u0142y.<br \/><br \/>Okres powojenny przyni\u00f3s\u0142 znacz\u0105ce zmiany spo\u0142eczne, gospodarcze i polityczne w Holandii. Kraj sta\u0142 si\u0119 bardziej zamo\u017cny i rozwini\u0119ty, z silnym naciskiem na opiek\u0119 spo\u0142eczn\u0105 i stworzenie nowoczesnego pa\u0144stwa opieku\u0144czego. W 1953 roku dosz\u0142o do katastrofy. Du\u017ca cz\u0119\u015b\u0107 kraju, zw\u0142aszcza prowincja Zeeland, zosta\u0142a zalana. Zgin\u0119\u0142o ponad 1800 os\u00f3b. Po tym wydarzeniu wzmocniono wa\u0142y przeciwpowodziowe i zbudowano nowe tamy (projekt nazwano Delta-plan).<br \/><br \/><strong>Do\u0142\u0105czenie do Organizacji Narod\u00f3w Zjednoczonych<br \/><\/strong>Holendrzy odgrywali r\u00f3wnie\u017c aktywn\u0105 rol\u0119 w spo\u0142eczno\u015bci mi\u0119dzynarodowej, do\u0142\u0105czaj\u0105c do Organizacji Narod\u00f3w Zjednoczonych i innych organizacji mi\u0119dzynarodowych.<br \/><br \/>W kolejnych dziesi\u0119cioleciach Holandia sta\u0142a si\u0119 znana z liberalnego i tolerancyjnego podej\u015bcia do kwestii spo\u0142ecznych, takich jak polityka narkotykowa, eutanazja i ma\u0142\u017ce\u0144stwa os\u00f3b tej samej p\u0142ci.<br \/><br \/><strong>Przyst\u0105pienie do NATO<br \/><\/strong>Holandia jest cz\u0142onkiem NATO. Kiedy kraj przyst\u0119puje do NATO, oznacza to, \u017ce staje si\u0119 cz\u0142onkiem grupy zwanej Organizacj\u0105 Traktatu P\u00f3\u0142nocnoatlantyckiego. NATO sk\u0142ada si\u0119 z kraj\u00f3w Ameryki P\u00f3\u0142nocnej i Europy. G\u0142\u00f3wnym celem NATO jest wsp\u00f3\u0142praca w celu wzajemnej obrony i ochrony. Dlatego jest to organizacja wojskowa.<\/p>\t\t\t\t\t\t\t\t<\/div>\n\t\t\t\t<\/div>\n\t\t\t\t\t<\/div>\n\t\t<\/div>\n\t\t\t\t\t<\/div>\n\t\t<\/section>\n\t\t\t\t<section class=\"elementor-section elementor-top-section elementor-element elementor-element-be602bb elementor-reverse-tablet elementor-reverse-mobile elementor-section-boxed elementor-section-height-default elementor-section-height-default\" data-id=\"be602bb\" data-element_type=\"section\">\n\t\t\t\t\t\t<div class=\"elementor-container elementor-column-gap-default\">\n\t\t\t\t\t<div class=\"elementor-column elementor-col-50 elementor-top-column elementor-element elementor-element-e17c5d1\" data-id=\"e17c5d1\" data-element_type=\"column\">\n\t\t\t<div class=\"elementor-widget-wrap elementor-element-populated\">\n\t\t\t\t\t\t<div class=\"elementor-element elementor-element-d3ac2d1 elementor-widget elementor-widget-text-editor\" data-id=\"d3ac2d1\" data-element_type=\"widget\" data-widget_type=\"text-editor.default\">\n\t\t\t\t<div class=\"elementor-widget-container\">\n\t\t\t\t\t\t\t\t\t<h3 class=\"mbr-section-title mbr-fonts-style mb-3 display-5\"><strong>Ludzie z innych kraj\u00f3w<\/strong><\/h3><div>\u00a0<\/div><p class=\"mbr-text mbr-fonts-style display-7\"><strong>1970, nowi imigranci<br \/><\/strong>Oko\u0142o 1970 r. gospodarka silnie si\u0119 rozwin\u0119\u0142a. Holendrzy nie chcieli wykonywa\u0107 wielu prac, kt\u00f3re nale\u017ca\u0142o wykona\u0107. Sprowadzono ludzi z Turcji i Maroka, kt\u00f3rzy byli ch\u0119tni do wykonywania tej pracy. Ci imigranci s\u0105 nazywani \"pracownikami-go\u015b\u0107mi\". Wielu z nich wr\u00f3ci\u0142o, ale wielu te\u017c zosta\u0142o. Doprowadzi\u0142o to do istotnych zmian w sk\u0142adzie populacji, zw\u0142aszcza w du\u017cych miastach, takich jak Rotterdam i Haga. Doprowadzi\u0142o to do napi\u0119\u0107. Obecnie trudno jest wjecha\u0107 do Holandii. Ustawa o integracji obywatelskiej obowi\u0105zuje od 2007 roku.<br \/><br \/><strong>Ludzie z Unii Europejskiej<br \/><\/strong>Poniewa\u017c ludzie z Unii Europejskiej mog\u0105 swobodnie podr\u00f3\u017cowa\u0107, wiele os\u00f3b, na przyk\u0142ad z Polski i Rumunii, wjecha\u0142o do tego kraju. Na przyk\u0142ad wiele os\u00f3b z Polski pracuje w budownictwie.<\/p>\t\t\t\t\t\t\t\t<\/div>\n\t\t\t\t<\/div>\n\t\t\t\t\t<\/div>\n\t\t<\/div>\n\t\t\t\t<div class=\"elementor-column elementor-col-50 elementor-top-column elementor-element elementor-element-165f104\" data-id=\"165f104\" data-element_type=\"column\">\n\t\t\t<div class=\"elementor-widget-wrap elementor-element-populated\">\n\t\t\t\t\t\t<div class=\"elementor-element elementor-element-13281ba elementor-widget elementor-widget-image\" data-id=\"13281ba\" data-element_type=\"widget\" data-widget_type=\"image.default\">\n\t\t\t\t<div class=\"elementor-widget-container\">\n\t\t\t\t\t\t\t\t\t\t\t\t\t\t\t<img loading=\"lazy\" decoding=\"async\" width=\"627\" height=\"658\" src=\"https:\/\/mijn-lo.nl\/wp-content\/uploads\/2024\/02\/polen-bouw-627x658-1.webp\" class=\"attachment-large size-large wp-image-4877\" alt=\"\" srcset=\"https:\/\/mijn-lo.nl\/wp-content\/uploads\/2024\/02\/polen-bouw-627x658-1.webp 627w, https:\/\/mijn-lo.nl\/wp-content\/uploads\/2024\/02\/polen-bouw-627x658-1-286x300.webp 286w, https:\/\/mijn-lo.nl\/wp-content\/uploads\/2024\/02\/polen-bouw-627x658-1-11x12.webp 11w, https:\/\/mijn-lo.nl\/wp-content\/uploads\/2024\/02\/polen-bouw-627x658-1-24x24.webp 24w, https:\/\/mijn-lo.nl\/wp-content\/uploads\/2024\/02\/polen-bouw-627x658-1-34x36.webp 34w, https:\/\/mijn-lo.nl\/wp-content\/uploads\/2024\/02\/polen-bouw-627x658-1-46x48.webp 46w\" sizes=\"(max-width: 627px) 100vw, 627px\" \/>\t\t\t\t\t\t\t\t\t\t\t\t\t\t\t<\/div>\n\t\t\t\t<\/div>\n\t\t\t\t<div class=\"elementor-element elementor-element-e63d61c elementor-widget elementor-widget-text-editor\" data-id=\"e63d61c\" data-element_type=\"widget\" data-widget_type=\"text-editor.default\">\n\t\t\t\t<div class=\"elementor-widget-container\">\n\t\t\t\t\t\t\t\t\t<p style=\"text-align: center;\">Pracownicy go\u015bcinni, wielu z nich pochodzi\u0142o z Polski\u00a0<\/p>\t\t\t\t\t\t\t\t<\/div>\n\t\t\t\t<\/div>\n\t\t\t\t\t<\/div>\n\t\t<\/div>\n\t\t\t\t\t<\/div>\n\t\t<\/section>\n\t\t\t\t<section class=\"elementor-section elementor-top-section elementor-element elementor-element-2edcca1 elementor-section-boxed elementor-section-height-default elementor-section-height-default\" data-id=\"2edcca1\" data-element_type=\"section\">\n\t\t\t\t\t\t<div class=\"elementor-container elementor-column-gap-default\">\n\t\t\t\t\t<div class=\"elementor-column elementor-col-100 elementor-top-column elementor-element elementor-element-75349f87\" data-id=\"75349f87\" data-element_type=\"column\">\n\t\t\t<div class=\"elementor-widget-wrap elementor-element-populated\">\n\t\t\t\t\t\t<div class=\"elementor-element elementor-element-2d2d0e50 elementor-align-center elementor-widget elementor-widget-button\" data-id=\"2d2d0e50\" data-element_type=\"widget\" data-widget_type=\"button.default\">\n\t\t\t\t<div class=\"elementor-widget-container\">\n\t\t\t\t\t\t\t\t\t<div class=\"elementor-button-wrapper\">\n\t\t\t\t\t<a class=\"elementor-button elementor-button-link elementor-size-sm\" href=\"https:\/\/mijn-lo.nl\/pl\/history\/test-11\/\">\n\t\t\t\t\t\t<span class=\"elementor-button-content-wrapper\">\n\t\t\t\t\t\t\t\t\t<span class=\"elementor-button-text\">Kontynuowa\u0107<\/span>\n\t\t\t\t\t<\/span>\n\t\t\t\t\t<\/a>\n\t\t\t\t<\/div>\n\t\t\t\t\t\t\t\t<\/div>\n\t\t\t\t<\/div>\n\t\t\t\t\t<\/div>\n\t\t<\/div>\n\t\t\t\t\t<\/div>\n\t\t<\/section>\n\t\t\t\t<\/div>","protected":false},"excerpt":{"rendered":"<p>War World War II \u00a0 Nazi GermanyDuring World War II, the Netherlands was taken over by Nazi Germany, led by Adolf Hitler. German troops invaded the country in 1940, and after a short fight, the Dutch surrendered. The occupation lasted until 1945, and it was a difficult time for the Dutch people. The city of [&hellip;]<\/p>\n","protected":false},"author":1,"featured_media":0,"parent":3258,"menu_order":3,"comment_status":"closed","ping_status":"closed","template":"elementor_canvas","meta":{"site-sidebar-layout":"no-sidebar","site-content-layout":"page-builder","ast-site-content-layout":"full-width-container","site-content-style":"default","site-sidebar-style":"default","ast-global-header-display":"","ast-banner-title-visibility":"","ast-main-header-display":"","ast-hfb-above-header-display":"","ast-hfb-below-header-display":"","ast-hfb-mobile-header-display":"","site-post-title":"disabled","ast-breadcrumbs-content":"","ast-featured-img":"disabled","footer-sml-layout":"","theme-transparent-header-meta":"","adv-header-id-meta":"","stick-header-meta":"","header-above-stick-meta":"","header-main-stick-meta":"","header-below-stick-meta":"","astra-migrate-meta-layouts":"set","ast-page-background-enabled":"default","ast-page-background-meta":{"desktop":{"background-color":"var(--ast-global-color-4)","background-image":"","background-repeat":"repeat","background-position":"center center","background-size":"auto","background-attachment":"scroll","background-type":"","background-media":"","overlay-type":"","overlay-color":"","overlay-opacity":"","overlay-gradient":""},"tablet":{"background-color":"","background-image":"","background-repeat":"repeat","background-position":"center center","background-size":"auto","background-attachment":"scroll","background-type":"","background-media":"","overlay-type":"","overlay-color":"","overlay-opacity":"","overlay-gradient":""},"mobile":{"background-color":"","background-image":"","background-repeat":"repeat","background-position":"center center","background-size":"auto","background-attachment":"scroll","background-type":"","background-media":"","overlay-type":"","overlay-color":"","overlay-opacity":"","overlay-gradient":""}},"ast-content-background-meta":{"desktop":{"background-color":"var(--ast-global-color-5)","background-image":"","background-repeat":"repeat","background-position":"center center","background-size":"auto","background-attachment":"scroll","background-type":"","background-media":"","overlay-type":"","overlay-color":"","overlay-opacity":"","overlay-gradient":""},"tablet":{"background-color":"var(--ast-global-color-5)","background-image":"","background-repeat":"repeat","background-position":"center center","background-size":"auto","background-attachment":"scroll","background-type":"","background-media":"","overlay-type":"","overlay-color":"","overlay-opacity":"","overlay-gradient":""},"mobile":{"background-color":"var(--ast-global-color-5)","background-image":"","background-repeat":"repeat","background-position":"center center","background-size":"auto","background-attachment":"scroll","background-type":"","background-media":"","overlay-type":"","overlay-color":"","overlay-opacity":"","overlay-gradient":""}},"footnotes":""},"class_list":["post-4922","page","type-page","status-publish","hentry"],"_links":{"self":[{"href":"https:\/\/mijn-lo.nl\/pl\/wp-json\/wp\/v2\/pages\/4922","targetHints":{"allow":["GET"]}}],"collection":[{"href":"https:\/\/mijn-lo.nl\/pl\/wp-json\/wp\/v2\/pages"}],"about":[{"href":"https:\/\/mijn-lo.nl\/pl\/wp-json\/wp\/v2\/types\/page"}],"author":[{"embeddable":true,"href":"https:\/\/mijn-lo.nl\/pl\/wp-json\/wp\/v2\/users\/1"}],"replies":[{"embeddable":true,"href":"https:\/\/mijn-lo.nl\/pl\/wp-json\/wp\/v2\/comments?post=4922"}],"version-history":[{"count":16,"href":"https:\/\/mijn-lo.nl\/pl\/wp-json\/wp\/v2\/pages\/4922\/revisions"}],"predecessor-version":[{"id":6358,"href":"https:\/\/mijn-lo.nl\/pl\/wp-json\/wp\/v2\/pages\/4922\/revisions\/6358"}],"up":[{"embeddable":true,"href":"https:\/\/mijn-lo.nl\/pl\/wp-json\/wp\/v2\/pages\/3258"}],"wp:attachment":[{"href":"https:\/\/mijn-lo.nl\/pl\/wp-json\/wp\/v2\/media?parent=4922"}],"curies":[{"name":"wp","href":"https:\/\/api.w.org\/{rel}","templated":true}]}}