{"id":5355,"date":"2024-02-13T14:25:47","date_gmt":"2024-02-13T14:25:47","guid":{"rendered":"http:\/\/mijn-lo.nl\/?page_id=5355"},"modified":"2025-08-19T17:37:38","modified_gmt":"2025-08-19T17:37:38","slug":"to-get-a-job","status":"publish","type":"page","link":"https:\/\/mijn-lo.nl\/pl\/work\/to-get-a-job\/","title":{"rendered":"Dosta\u0107 prac\u0119"},"content":{"rendered":"<div data-elementor-type=\"wp-page\" data-elementor-id=\"5355\" class=\"elementor elementor-5355\" data-elementor-post-type=\"page\">\n\t\t\t\t\t\t<section class=\"elementor-section elementor-top-section elementor-element elementor-element-6d1bc34 elementor-reverse-tablet elementor-reverse-mobile elementor-section-boxed elementor-section-height-default elementor-section-height-default\" data-id=\"6d1bc34\" data-element_type=\"section\">\n\t\t\t\t\t\t<div class=\"elementor-container elementor-column-gap-default\">\n\t\t\t\t\t<div class=\"elementor-column elementor-col-50 elementor-top-column elementor-element elementor-element-3623a85\" data-id=\"3623a85\" data-element_type=\"column\">\n\t\t\t<div class=\"elementor-widget-wrap elementor-element-populated\">\n\t\t\t\t\t\t<div class=\"elementor-element elementor-element-ccfa1df elementor-widget elementor-widget-text-editor\" data-id=\"ccfa1df\" data-element_type=\"widget\" data-widget_type=\"text-editor.default\">\n\t\t\t\t<div class=\"elementor-widget-container\">\n\t\t\t\t\t\t\t\t\t<h3 class=\"mbr-section-title mbr-fonts-style mb-3 display-5\"><strong>Wyra\u017cenia wskazuj\u0105ce rodzaje pracy:<\/strong><\/h3><p class=\"mbr-text mbr-fonts-style display-7\">Zatrudnionych jest wiele os\u00f3b w wieku od 15 do 67,5 lat. W wieku oko\u0142o 67,5 lat mo\u017cesz przej\u015b\u0107 na emerytur\u0119.<br \/>\u2022 Wolontariat: praca bez wynagrodzenia, ale dobra ze wzgl\u0119du na do\u015bwiadczenie. Na przyk\u0142ad pomoc uchod\u017acom.<br \/>\u2022 Praca tymczasowa: praca na kr\u00f3tki okres za wynagrodzeniem.<br \/>\u2022 Praca sta\u0142a: sta\u0142a praca z wynagrodzeniem na d\u0142u\u017cszy okres.<br \/>\u2022 Praca elastyczna: praca tymczasowa, kt\u00f3ra nigdy nie staje si\u0119 prac\u0105 sta\u0142\u0105 (poprzez agencj\u0119 pracy).<br \/>\u2022 W\u0142asna firma: nie pracujesz dla szefa, ale jeste\u015b niezale\u017cnym przedsi\u0119biorc\u0105 (np. w sklepie).<br \/>\u2022 Praca na czarno: praca bez p\u0142acenia podatk\u00f3w, co jest zabronione.<br \/>\u2022 Praca w niepe\u0142nym wymiarze godzin: praca kr\u00f3cej ni\u017c pe\u0142ny tydzie\u0144 pracy, na przyk\u0142ad 2 lub 3 dni.<br \/>\u2022 Pe\u0142ny etat: praca przez ca\u0142y tydzie\u0144 pracy.<br \/>\u2022 Regularne godziny pracy: praca codziennie o tej samej porze.<br \/>\u2022 Nieregularne godziny pracy: praca o r\u00f3\u017cnych porach, czasem w nocy, rano lub wieczorem.<br \/>\u2022 Pracodawca: szef, kt\u00f3ry wyp\u0142aca wynagrodzenie.<br \/>\u2022 Pracownik: osoba, kt\u00f3ra pracuje dla pracodawcy i otrzymuje wynagrodzenie.<\/p>\t\t\t\t\t\t\t\t<\/div>\n\t\t\t\t<\/div>\n\t\t\t\t\t<\/div>\n\t\t<\/div>\n\t\t\t\t<div class=\"elementor-column elementor-col-50 elementor-top-column elementor-element elementor-element-192f551\" data-id=\"192f551\" data-element_type=\"column\">\n\t\t\t<div class=\"elementor-widget-wrap elementor-element-populated\">\n\t\t\t\t\t\t<div class=\"elementor-element elementor-element-03f252e elementor-widget elementor-widget-image\" data-id=\"03f252e\" data-element_type=\"widget\" data-widget_type=\"image.default\">\n\t\t\t\t<div class=\"elementor-widget-container\">\n\t\t\t\t\t\t\t\t\t\t\t\t\t\t\t<img fetchpriority=\"high\" decoding=\"async\" width=\"704\" height=\"750\" src=\"https:\/\/mijn-lo.nl\/wp-content\/uploads\/2024\/02\/jobs1-704x750-1.webp\" class=\"attachment-large size-large wp-image-4575\" alt=\"\" srcset=\"https:\/\/mijn-lo.nl\/wp-content\/uploads\/2024\/02\/jobs1-704x750-1.webp 704w, https:\/\/mijn-lo.nl\/wp-content\/uploads\/2024\/02\/jobs1-704x750-1-282x300.webp 282w, https:\/\/mijn-lo.nl\/wp-content\/uploads\/2024\/02\/jobs1-704x750-1-11x12.webp 11w, https:\/\/mijn-lo.nl\/wp-content\/uploads\/2024\/02\/jobs1-704x750-1-34x36.webp 34w, https:\/\/mijn-lo.nl\/wp-content\/uploads\/2024\/02\/jobs1-704x750-1-45x48.webp 45w\" sizes=\"(max-width: 704px) 100vw, 704px\" \/>\t\t\t\t\t\t\t\t\t\t\t\t\t\t\t<\/div>\n\t\t\t\t<\/div>\n\t\t\t\t\t<\/div>\n\t\t<\/div>\n\t\t\t\t\t<\/div>\n\t\t<\/section>\n\t\t\t\t<section class=\"elementor-section elementor-top-section elementor-element elementor-element-e9a6043 elementor-section-boxed elementor-section-height-default elementor-section-height-default\" data-id=\"e9a6043\" data-element_type=\"section\">\n\t\t\t\t\t\t<div class=\"elementor-container elementor-column-gap-default\">\n\t\t\t\t\t<div class=\"elementor-column elementor-col-50 elementor-top-column elementor-element elementor-element-8e5e8dd\" data-id=\"8e5e8dd\" data-element_type=\"column\">\n\t\t\t<div class=\"elementor-widget-wrap elementor-element-populated\">\n\t\t\t\t\t\t<div class=\"elementor-element elementor-element-9aedc1b elementor-widget elementor-widget-image\" data-id=\"9aedc1b\" data-element_type=\"widget\" data-widget_type=\"image.default\">\n\t\t\t\t<div class=\"elementor-widget-container\">\n\t\t\t\t\t\t\t\t\t\t\t\t\t\t\t<img decoding=\"async\" width=\"752\" height=\"655\" src=\"https:\/\/mijn-lo.nl\/wp-content\/uploads\/2024\/02\/jobsearch-752x655-1.webp\" class=\"attachment-large size-large wp-image-4583\" alt=\"\" srcset=\"https:\/\/mijn-lo.nl\/wp-content\/uploads\/2024\/02\/jobsearch-752x655-1.webp 752w, https:\/\/mijn-lo.nl\/wp-content\/uploads\/2024\/02\/jobsearch-752x655-1-300x261.webp 300w, https:\/\/mijn-lo.nl\/wp-content\/uploads\/2024\/02\/jobsearch-752x655-1-14x12.webp 14w, https:\/\/mijn-lo.nl\/wp-content\/uploads\/2024\/02\/jobsearch-752x655-1-24x21.webp 24w, https:\/\/mijn-lo.nl\/wp-content\/uploads\/2024\/02\/jobsearch-752x655-1-36x31.webp 36w, https:\/\/mijn-lo.nl\/wp-content\/uploads\/2024\/02\/jobsearch-752x655-1-48x42.webp 48w\" sizes=\"(max-width: 752px) 100vw, 752px\" \/>\t\t\t\t\t\t\t\t\t\t\t\t\t\t\t<\/div>\n\t\t\t\t<\/div>\n\t\t\t\t\t<\/div>\n\t\t<\/div>\n\t\t\t\t<div class=\"elementor-column elementor-col-50 elementor-top-column elementor-element elementor-element-ad83f1b\" data-id=\"ad83f1b\" data-element_type=\"column\">\n\t\t\t<div class=\"elementor-widget-wrap elementor-element-populated\">\n\t\t\t\t\t\t<div class=\"elementor-element elementor-element-ce21131 elementor-widget elementor-widget-text-editor\" data-id=\"ce21131\" data-element_type=\"widget\" data-widget_type=\"text-editor.default\">\n\t\t\t\t<div class=\"elementor-widget-container\">\n\t\t\t\t\t\t\t\t\t<h3 class=\"mbr-section-title mbr-fonts-style mb-3 display-5\"><strong>Dosta\u0107 prac\u0119<\/strong><\/h3><p>Aplikowanie oznacza pr\u00f3b\u0119 znalezienia pracy. Nie mo\u017cesz aplikowa\u0107 na wszystkie stanowiska. Trzeba patrze\u0107 na to, jak\u0105 prac\u0119 lubisz, jakie masz dyplomy, ile godzin chcesz pracowa\u0107 i ile chcesz zarabia\u0107.<br \/><br \/>Wiele os\u00f3b pracuje w sektorze us\u0142ug (= robisz co\u015b dla innych).<br \/>\u2022 Opieka i opieka spo\u0142eczna: opieka nad dzie\u0107mi, dom opieki, opieka nad niepe\u0142nosprawnymi, lekarz.<br \/>- Technika: mechanik samochodowy. Oczywi\u015bcie potrzebne s\u0105 specjalne certyfikaty potwierdzaj\u0105ce umiej\u0119tno\u015bci<br \/>\u2022 Budownictwo: malarz, cie\u015bla, tynkarz.<br \/>\u2022 Wy\u017cywienie: restauracja, kawiarnia.<br \/>\u2022 Handel i transport: sklep, bar z przek\u0105skami, kierowca autobusu, taks\u00f3wkarz.<br \/>\u2022 Administracja i ochrona: ochroniarz, sekretarz.<br \/>- Sektor zielony: ogrodnik, rolnik. W tej bran\u017cy znajduje si\u0119 wielu pracownik\u00f3w pochodz\u0105cych z UE, takich jak pracownicy z Polski i Rumunii.<\/p>\t\t\t\t\t\t\t\t<\/div>\n\t\t\t\t<\/div>\n\t\t\t\t\t<\/div>\n\t\t<\/div>\n\t\t\t\t\t<\/div>\n\t\t<\/section>\n\t\t\t\t<section class=\"elementor-section elementor-top-section elementor-element elementor-element-f3da63f elementor-reverse-tablet elementor-reverse-mobile elementor-section-boxed elementor-section-height-default elementor-section-height-default\" data-id=\"f3da63f\" data-element_type=\"section\">\n\t\t\t\t\t\t<div class=\"elementor-container elementor-column-gap-default\">\n\t\t\t\t\t<div class=\"elementor-column elementor-col-50 elementor-top-column elementor-element elementor-element-02860a7\" data-id=\"02860a7\" data-element_type=\"column\">\n\t\t\t<div class=\"elementor-widget-wrap elementor-element-populated\">\n\t\t\t\t\t\t<div class=\"elementor-element elementor-element-c1d4860 elementor-widget elementor-widget-text-editor\" data-id=\"c1d4860\" data-element_type=\"widget\" data-widget_type=\"text-editor.default\">\n\t\t\t\t<div class=\"elementor-widget-container\">\n\t\t\t\t\t\t\t\t\t<h3 class=\"mbr-section-title mbr-fonts-style mb-3 display-5\"><strong>UWV<\/strong><\/h3><p class=\"mbr-text mbr-fonts-style display-7\">Je\u015bli szukasz pracy, jeste\u015b osob\u0105 poszukuj\u0105c\u0105 pracy. Bezrobotny oznacza, \u017ce nie masz pracy. Je\u015bli jeste\u015b bezrobotny w Holandii, musisz w ci\u0105gu kilku dni zarejestrowa\u0107 si\u0119 w UWV. UWV zapewnia \u015bwiadczenie (pieni\u0105dze, je\u015bli nie masz pracy). Otrzymujesz tak\u017ce trenera pracy (osob\u0119, kt\u00f3ra pomaga Ci szuka\u0107 pracy). Trener pracy za po\u015brednictwem UWV mo\u017ce wskaza\u0107, \u017ce musisz uda\u0107 si\u0119 do firmy reintegracyjnej (kt\u00f3ra prowadzi kursy i gdzie mo\u017cesz odby\u0107 sta\u017c w celu zdobycia do\u015bwiadczenia).<br \/><br \/><strong>Korzy\u015b\u0107 = dodatkowe wsparcie finansowe<br \/><\/strong>O \u015bwiadczenie ubiegasz si\u0119 w UWV. Zasi\u0142ek dla bezrobotnych otrzymasz, je\u015bli jeste\u015b bezrobotny i przepracowa\u0142e\u015b ponad sze\u015b\u0107 miesi\u0119cy. Zdarza si\u0119, \u017ce ludzie s\u0105 niezdolni do pracy (nie mog\u0105 pracowa\u0107 ze wzgl\u0119du na problemy zdrowotne). Osoby te otrzymuj\u0105 \u015bwiadczenie WIA.<br \/>\u015awiadczenia z pomocy spo\u0142ecznej przeznaczone s\u0105 dla os\u00f3b, kt\u00f3re nie mog\u0105 ubiega\u0107 si\u0119 o \u015bwiadczenia i nie maj\u0105 \u015brodk\u00f3w na \u017cycie. To nie s\u0105 du\u017ce pieni\u0105dze i trudno zwi\u0105za\u0107 koniec z ko\u0144cem.\u00a0<\/p>\t\t\t\t\t\t\t\t<\/div>\n\t\t\t\t<\/div>\n\t\t\t\t\t<\/div>\n\t\t<\/div>\n\t\t\t\t<div class=\"elementor-column elementor-col-50 elementor-top-column elementor-element elementor-element-fc1ff83\" data-id=\"fc1ff83\" data-element_type=\"column\">\n\t\t\t<div class=\"elementor-widget-wrap elementor-element-populated\">\n\t\t\t\t\t\t<div class=\"elementor-element elementor-element-c64e3d9 elementor-widget elementor-widget-image\" data-id=\"c64e3d9\" data-element_type=\"widget\" data-widget_type=\"image.default\">\n\t\t\t\t<div class=\"elementor-widget-container\">\n\t\t\t\t\t\t\t\t\t\t\t\t\t\t\t<img decoding=\"async\" width=\"661\" height=\"654\" src=\"https:\/\/mijn-lo.nl\/wp-content\/uploads\/2024\/02\/uwv2-661x654-1.webp\" class=\"attachment-large size-large wp-image-4585\" alt=\"\" srcset=\"https:\/\/mijn-lo.nl\/wp-content\/uploads\/2024\/02\/uwv2-661x654-1.webp 661w, https:\/\/mijn-lo.nl\/wp-content\/uploads\/2024\/02\/uwv2-661x654-1-300x297.webp 300w, https:\/\/mijn-lo.nl\/wp-content\/uploads\/2024\/02\/uwv2-661x654-1-12x12.webp 12w, https:\/\/mijn-lo.nl\/wp-content\/uploads\/2024\/02\/uwv2-661x654-1-24x24.webp 24w, https:\/\/mijn-lo.nl\/wp-content\/uploads\/2024\/02\/uwv2-661x654-1-36x36.webp 36w, https:\/\/mijn-lo.nl\/wp-content\/uploads\/2024\/02\/uwv2-661x654-1-48x48.webp 48w\" sizes=\"(max-width: 661px) 100vw, 661px\" \/>\t\t\t\t\t\t\t\t\t\t\t\t\t\t\t<\/div>\n\t\t\t\t<\/div>\n\t\t\t\t\t<\/div>\n\t\t<\/div>\n\t\t\t\t\t<\/div>\n\t\t<\/section>\n\t\t\t\t<section class=\"elementor-section elementor-top-section elementor-element elementor-element-21c66c4 elementor-section-boxed elementor-section-height-default elementor-section-height-default\" data-id=\"21c66c4\" data-element_type=\"section\">\n\t\t\t\t\t\t<div class=\"elementor-container elementor-column-gap-default\">\n\t\t\t\t\t<div class=\"elementor-column elementor-col-50 elementor-top-column elementor-element elementor-element-60e1a44\" data-id=\"60e1a44\" data-element_type=\"column\">\n\t\t\t<div class=\"elementor-widget-wrap elementor-element-populated\">\n\t\t\t\t\t\t<div class=\"elementor-element elementor-element-f6c5e96 elementor-widget elementor-widget-image\" data-id=\"f6c5e96\" data-element_type=\"widget\" data-widget_type=\"image.default\">\n\t\t\t\t<div class=\"elementor-widget-container\">\n\t\t\t\t\t\t\t\t\t\t\t\t\t\t\t<img loading=\"lazy\" decoding=\"async\" width=\"750\" height=\"518\" src=\"https:\/\/mijn-lo.nl\/wp-content\/uploads\/2024\/02\/uitzendbureau-750x518-1.webp\" class=\"attachment-large size-large wp-image-4586\" alt=\"\" srcset=\"https:\/\/mijn-lo.nl\/wp-content\/uploads\/2024\/02\/uitzendbureau-750x518-1.webp 750w, https:\/\/mijn-lo.nl\/wp-content\/uploads\/2024\/02\/uitzendbureau-750x518-1-300x207.webp 300w, https:\/\/mijn-lo.nl\/wp-content\/uploads\/2024\/02\/uitzendbureau-750x518-1-18x12.webp 18w, https:\/\/mijn-lo.nl\/wp-content\/uploads\/2024\/02\/uitzendbureau-750x518-1-24x17.webp 24w, https:\/\/mijn-lo.nl\/wp-content\/uploads\/2024\/02\/uitzendbureau-750x518-1-36x25.webp 36w, https:\/\/mijn-lo.nl\/wp-content\/uploads\/2024\/02\/uitzendbureau-750x518-1-48x33.webp 48w\" sizes=\"(max-width: 750px) 100vw, 750px\" \/>\t\t\t\t\t\t\t\t\t\t\t\t\t\t\t<\/div>\n\t\t\t\t<\/div>\n\t\t\t\t<div class=\"elementor-element elementor-element-04aff24 elementor-widget elementor-widget-text-editor\" data-id=\"04aff24\" data-element_type=\"widget\" data-widget_type=\"text-editor.default\">\n\t\t\t\t<div class=\"elementor-widget-container\">\n\t\t\t\t\t\t\t\t\t<p style=\"text-align: center;\">Agencja Pracy<\/p>\t\t\t\t\t\t\t\t<\/div>\n\t\t\t\t<\/div>\n\t\t\t\t\t<\/div>\n\t\t<\/div>\n\t\t\t\t<div class=\"elementor-column elementor-col-50 elementor-top-column elementor-element elementor-element-e531f2e\" data-id=\"e531f2e\" data-element_type=\"column\">\n\t\t\t<div class=\"elementor-widget-wrap elementor-element-populated\">\n\t\t\t\t\t\t<div class=\"elementor-element elementor-element-cb7b0bb elementor-widget elementor-widget-text-editor\" data-id=\"cb7b0bb\" data-element_type=\"widget\" data-widget_type=\"text-editor.default\">\n\t\t\t\t<div class=\"elementor-widget-container\">\n\t\t\t\t\t\t\t\t\t<h3 class=\"mbr-section-title mbr-fonts-style mb-3 display-5\"><strong>Agencje zatrudnienia<\/strong><\/h3><p class=\"mbr-text mbr-fonts-style display-7\">Agencja pracy b\u0119dzie szuka\u0107 dla Ciebie pracy, cz\u0119sto pracy tymczasowej, wynagrodzenia za po\u015brednictwem agencji pracy. Wakat lub og\u0142oszenie podaje stanowisko, zadania, wymagania na stanowisko (dyplomy, do\u015bwiadczenie, poziom), godziny pracy, ile godzin, w jakie dni, nazw\u0119 firmy z adresem i numerem telefonu oraz termin, w kt\u00f3rym nale\u017cy aplikowa\u0107 . Czasami wspomina si\u0119 tak\u017ce o wynagrodzeniu.<br \/><br \/>Zanim z\u0142o\u017cysz aplikacj\u0119, mo\u017cesz poprosi\u0107 firm\u0119 o informacje, aby upewni\u0107 si\u0119, \u017ce naprawd\u0119 lubisz t\u0119 prac\u0119. CV to dokument zawieraj\u0105cy informacje o Tobie (imi\u0119 i nazwisko, adres, dyplomy, do\u015bwiadczenie zawodowe). Piszesz list motywacyjny, w kt\u00f3rym informujesz nas, dlaczego chcesz t\u0119 prac\u0119 (w tym CV).<\/p>\t\t\t\t\t\t\t\t<\/div>\n\t\t\t\t<\/div>\n\t\t\t\t\t<\/div>\n\t\t<\/div>\n\t\t\t\t\t<\/div>\n\t\t<\/section>\n\t\t\t\t<section class=\"elementor-section elementor-top-section elementor-element elementor-element-311e16a elementor-reverse-tablet elementor-reverse-mobile elementor-section-boxed elementor-section-height-default elementor-section-height-default\" data-id=\"311e16a\" data-element_type=\"section\">\n\t\t\t\t\t\t<div class=\"elementor-container elementor-column-gap-default\">\n\t\t\t\t\t<div class=\"elementor-column elementor-col-50 elementor-top-column elementor-element elementor-element-092da81\" data-id=\"092da81\" data-element_type=\"column\">\n\t\t\t<div class=\"elementor-widget-wrap elementor-element-populated\">\n\t\t\t\t\t\t<div class=\"elementor-element elementor-element-7789889 elementor-widget elementor-widget-text-editor\" data-id=\"7789889\" data-element_type=\"widget\" data-widget_type=\"text-editor.default\">\n\t\t\t\t<div class=\"elementor-widget-container\">\n\t\t\t\t\t\t\t\t\t<h3 class=\"mbr-section-title mbr-fonts-style mb-3 display-5\"><strong>Rozmowa kwalifikacyjna<\/strong><\/h3><p class=\"mbr-text mbr-fonts-style display-7\"><br \/>Rozmowa kwalifikacyjna to rozmowa, podczas kt\u00f3rej sprawdzamy, czy dostaniesz prac\u0119. Rozmowa jest wa\u017cna!<br \/>Trzeba si\u0119 dobrze przygotowa\u0107 (o co chcesz zapyta\u0107?).<br \/>\u2022 Przy wej\u015bciu podajcie sobie r\u0119ce, przedstawcie si\u0119 (\u201eJestem Malek\u201d).<br \/>\u2022 Prosimy o noszenie eleganckich ubra\u0144 (bez czepka).<br \/>\u2022 By\u0107 na czas!<br \/>\u2022 Uwa\u017caj na mow\u0119 cia\u0142a (patrz ludziom w oczy, sied\u017a prosto).<br \/><br \/>Kroki, aby zdoby\u0107 prac\u0119:<br \/>1. Szukasz wolnych stanowisk pracy.<br \/>2. Szukasz informacji o firmie z wakatu.<br \/>3. Wysy\u0142asz swoje CV i list motywacyjny.<br \/>4. Idziesz na rozmow\u0119 kwalifikacyjn\u0105.<br \/>5. Us\u0142yszysz, je\u015bli dostaniesz t\u0119 prac\u0119.<br \/>6. Podpisujesz umow\u0119.<br \/>7. Zaczynasz od pracy!<\/p>\t\t\t\t\t\t\t\t<\/div>\n\t\t\t\t<\/div>\n\t\t\t\t\t<\/div>\n\t\t<\/div>\n\t\t\t\t<div class=\"elementor-column elementor-col-50 elementor-top-column elementor-element elementor-element-b6b32b9\" data-id=\"b6b32b9\" data-element_type=\"column\">\n\t\t\t<div class=\"elementor-widget-wrap elementor-element-populated\">\n\t\t\t\t\t\t<div class=\"elementor-element elementor-element-600b574 elementor-widget elementor-widget-image\" data-id=\"600b574\" data-element_type=\"widget\" data-widget_type=\"image.default\">\n\t\t\t\t<div class=\"elementor-widget-container\">\n\t\t\t\t\t\t\t\t\t\t\t\t\t\t\t<img loading=\"lazy\" decoding=\"async\" width=\"667\" height=\"874\" src=\"https:\/\/mijn-lo.nl\/wp-content\/uploads\/2024\/02\/application-1-667x874-1.webp\" class=\"attachment-large size-large wp-image-4587\" alt=\"\" srcset=\"https:\/\/mijn-lo.nl\/wp-content\/uploads\/2024\/02\/application-1-667x874-1.webp 667w, https:\/\/mijn-lo.nl\/wp-content\/uploads\/2024\/02\/application-1-667x874-1-229x300.webp 229w, https:\/\/mijn-lo.nl\/wp-content\/uploads\/2024\/02\/application-1-667x874-1-9x12.webp 9w, https:\/\/mijn-lo.nl\/wp-content\/uploads\/2024\/02\/application-1-667x874-1-18x24.webp 18w, https:\/\/mijn-lo.nl\/wp-content\/uploads\/2024\/02\/application-1-667x874-1-27x36.webp 27w, https:\/\/mijn-lo.nl\/wp-content\/uploads\/2024\/02\/application-1-667x874-1-37x48.webp 37w\" sizes=\"(max-width: 667px) 100vw, 667px\" \/>\t\t\t\t\t\t\t\t\t\t\t\t\t\t\t<\/div>\n\t\t\t\t<\/div>\n\t\t\t\t<div class=\"elementor-element elementor-element-cafad67 elementor-widget elementor-widget-text-editor\" data-id=\"cafad67\" data-element_type=\"widget\" data-widget_type=\"text-editor.default\">\n\t\t\t\t<div class=\"elementor-widget-container\">\n\t\t\t\t\t\t\t\t\t<p style=\"text-align: center;\">Rozmowa kwalifikacyjna<\/p>\t\t\t\t\t\t\t\t<\/div>\n\t\t\t\t<\/div>\n\t\t\t\t\t<\/div>\n\t\t<\/div>\n\t\t\t\t\t<\/div>\n\t\t<\/section>\n\t\t\t\t<section class=\"elementor-section elementor-top-section elementor-element elementor-element-2edcca1 elementor-section-boxed elementor-section-height-default elementor-section-height-default\" data-id=\"2edcca1\" data-element_type=\"section\">\n\t\t\t\t\t\t<div class=\"elementor-container elementor-column-gap-default\">\n\t\t\t\t\t<div class=\"elementor-column elementor-col-100 elementor-top-column elementor-element elementor-element-75349f87\" data-id=\"75349f87\" data-element_type=\"column\">\n\t\t\t<div class=\"elementor-widget-wrap elementor-element-populated\">\n\t\t\t\t\t\t<div class=\"elementor-element elementor-element-2d2d0e50 elementor-align-center elementor-widget elementor-widget-button\" data-id=\"2d2d0e50\" data-element_type=\"widget\" data-widget_type=\"button.default\">\n\t\t\t\t<div class=\"elementor-widget-container\">\n\t\t\t\t\t\t\t\t\t<div class=\"elementor-button-wrapper\">\n\t\t\t\t\t<a class=\"elementor-button elementor-button-link elementor-size-sm\" href=\"https:\/\/mijn-lo.nl\/pl\/work\/contract-and-cao\/\">\n\t\t\t\t\t\t<span class=\"elementor-button-content-wrapper\">\n\t\t\t\t\t\t\t\t\t<span class=\"elementor-button-text\">Kontynuowa\u0107<\/span>\n\t\t\t\t\t<\/span>\n\t\t\t\t\t<\/a>\n\t\t\t\t<\/div>\n\t\t\t\t\t\t\t\t<\/div>\n\t\t\t\t<\/div>\n\t\t\t\t\t<\/div>\n\t\t<\/div>\n\t\t\t\t\t<\/div>\n\t\t<\/section>\n\t\t\t\t<\/div>","protected":false},"excerpt":{"rendered":"<p>Expressions to indicate types of work: Many people between the ages of 15 and 67,5 are employed. At the age of about 67,5 you can retire.\u2022 Volunteer work: work without salary, but good for experience. For instance helping refugees.\u2022 Temporary work: work for a short period with a salary.\u2022 Permanent work: a permanent job with [&hellip;]<\/p>\n","protected":false},"author":1,"featured_media":0,"parent":3364,"menu_order":3,"comment_status":"closed","ping_status":"closed","template":"elementor_canvas","meta":{"site-sidebar-layout":"no-sidebar","site-content-layout":"page-builder","ast-site-content-layout":"full-width-container","site-content-style":"default","site-sidebar-style":"default","ast-global-header-display":"","ast-banner-title-visibility":"","ast-main-header-display":"","ast-hfb-above-header-display":"","ast-hfb-below-header-display":"","ast-hfb-mobile-header-display":"","site-post-title":"disabled","ast-breadcrumbs-content":"","ast-featured-img":"disabled","footer-sml-layout":"","theme-transparent-header-meta":"","adv-header-id-meta":"","stick-header-meta":"","header-above-stick-meta":"","header-main-stick-meta":"","header-below-stick-meta":"","astra-migrate-meta-layouts":"set","ast-page-background-enabled":"default","ast-page-background-meta":{"desktop":{"background-color":"var(--ast-global-color-4)","background-image":"","background-repeat":"repeat","background-position":"center center","background-size":"auto","background-attachment":"scroll","background-type":"","background-media":"","overlay-type":"","overlay-color":"","overlay-opacity":"","overlay-gradient":""},"tablet":{"background-color":"","background-image":"","background-repeat":"repeat","background-position":"center center","background-size":"auto","background-attachment":"scroll","background-type":"","background-media":"","overlay-type":"","overlay-color":"","overlay-opacity":"","overlay-gradient":""},"mobile":{"background-color":"","background-image":"","background-repeat":"repeat","background-position":"center center","background-size":"auto","background-attachment":"scroll","background-type":"","background-media":"","overlay-type":"","overlay-color":"","overlay-opacity":"","overlay-gradient":""}},"ast-content-background-meta":{"desktop":{"background-color":"var(--ast-global-color-5)","background-image":"","background-repeat":"repeat","background-position":"center center","background-size":"auto","background-attachment":"scroll","background-type":"","background-media":"","overlay-type":"","overlay-color":"","overlay-opacity":"","overlay-gradient":""},"tablet":{"background-color":"var(--ast-global-color-5)","background-image":"","background-repeat":"repeat","background-position":"center center","background-size":"auto","background-attachment":"scroll","background-type":"","background-media":"","overlay-type":"","overlay-color":"","overlay-opacity":"","overlay-gradient":""},"mobile":{"background-color":"var(--ast-global-color-5)","background-image":"","background-repeat":"repeat","background-position":"center center","background-size":"auto","background-attachment":"scroll","background-type":"","background-media":"","overlay-type":"","overlay-color":"","overlay-opacity":"","overlay-gradient":""}},"footnotes":""},"class_list":["post-5355","page","type-page","status-publish","hentry"],"_links":{"self":[{"href":"https:\/\/mijn-lo.nl\/pl\/wp-json\/wp\/v2\/pages\/5355","targetHints":{"allow":["GET"]}}],"collection":[{"href":"https:\/\/mijn-lo.nl\/pl\/wp-json\/wp\/v2\/pages"}],"about":[{"href":"https:\/\/mijn-lo.nl\/pl\/wp-json\/wp\/v2\/types\/page"}],"author":[{"embeddable":true,"href":"https:\/\/mijn-lo.nl\/pl\/wp-json\/wp\/v2\/users\/1"}],"replies":[{"embeddable":true,"href":"https:\/\/mijn-lo.nl\/pl\/wp-json\/wp\/v2\/comments?post=5355"}],"version-history":[{"count":13,"href":"https:\/\/mijn-lo.nl\/pl\/wp-json\/wp\/v2\/pages\/5355\/revisions"}],"predecessor-version":[{"id":6310,"href":"https:\/\/mijn-lo.nl\/pl\/wp-json\/wp\/v2\/pages\/5355\/revisions\/6310"}],"up":[{"embeddable":true,"href":"https:\/\/mijn-lo.nl\/pl\/wp-json\/wp\/v2\/pages\/3364"}],"wp:attachment":[{"href":"https:\/\/mijn-lo.nl\/pl\/wp-json\/wp\/v2\/media?parent=5355"}],"curies":[{"name":"wp","href":"https:\/\/api.w.org\/{rel}","templated":true}]}}