{"id":5357,"date":"2024-02-13T14:26:11","date_gmt":"2024-02-13T14:26:11","guid":{"rendered":"http:\/\/mijn-lo.nl\/?page_id=5357"},"modified":"2025-08-19T17:38:00","modified_gmt":"2025-08-19T17:38:00","slug":"contract-and-cao","status":"publish","type":"page","link":"https:\/\/mijn-lo.nl\/pl\/work\/contract-and-cao\/","title":{"rendered":"Umowa i CAO"},"content":{"rendered":"<div data-elementor-type=\"wp-page\" data-elementor-id=\"5357\" class=\"elementor elementor-5357\" data-elementor-post-type=\"page\">\n\t\t\t\t\t\t<section class=\"elementor-section elementor-top-section elementor-element elementor-element-853250f elementor-reverse-tablet elementor-reverse-mobile elementor-section-boxed elementor-section-height-default elementor-section-height-default\" data-id=\"853250f\" data-element_type=\"section\">\n\t\t\t\t\t\t<div class=\"elementor-container elementor-column-gap-default\">\n\t\t\t\t\t<div class=\"elementor-column elementor-col-50 elementor-top-column elementor-element elementor-element-8db01a1\" data-id=\"8db01a1\" data-element_type=\"column\">\n\t\t\t<div class=\"elementor-widget-wrap elementor-element-populated\">\n\t\t\t\t\t\t<div class=\"elementor-element elementor-element-eb35863 elementor-widget elementor-widget-text-editor\" data-id=\"eb35863\" data-element_type=\"widget\" data-widget_type=\"text-editor.default\">\n\t\t\t\t<div class=\"elementor-widget-container\">\n\t\t\t\t\t\t\t\t\t<h3 class=\"mbr-section-title mbr-fonts-style mb-3 display-5\"><strong>Umowa i CAO<\/strong><\/h3><p class=\"mbr-text mbr-fonts-style display-7\"><strong>Umowa<br \/><\/strong>Je\u015bli znalaz\u0142e\u015b prac\u0119, otrzymasz umow\u0119. Zawiera ona warunki zatrudnienia (= umowy dotycz\u0105ce pracy). Ile godzin tygodniowo pracujesz, jakie jest Twoje wynagrodzenie, czy masz okres pr\u00f3bny, ile urlopu Ci przys\u0142uguje i kiedy zaczynasz prac\u0119. Okres pr\u00f3bny = wypr\u00f3bowanie pracy. Nast\u0119pnie mo\u017cesz zrezygnowa\u0107 ka\u017cdego dnia (zatrzyma\u0107 si\u0119) lub zosta\u0107 zwolnionym (musisz przesta\u0107).<br \/><br \/><strong>CAO<\/strong><br \/>CAO to umowa, kt\u00f3ra ma zastosowanie do du\u017cych grup<br \/>Zbiorowy uk\u0142ad pracy zawiera umowy mi\u0119dzy wszystkimi pracodawcami i pracownikami w jednym sektorze. Masz prawa (co otrzymujesz od szefa) i obowi\u0105zki (co musisz robi\u0107 w ramach pracy).<\/p>\t\t\t\t\t\t\t\t<\/div>\n\t\t\t\t<\/div>\n\t\t\t\t\t<\/div>\n\t\t<\/div>\n\t\t\t\t<div class=\"elementor-column elementor-col-50 elementor-top-column elementor-element elementor-element-f947750\" data-id=\"f947750\" data-element_type=\"column\">\n\t\t\t<div class=\"elementor-widget-wrap elementor-element-populated\">\n\t\t\t\t\t\t<div class=\"elementor-element elementor-element-7bba9c0 elementor-widget elementor-widget-image\" data-id=\"7bba9c0\" data-element_type=\"widget\" data-widget_type=\"image.default\">\n\t\t\t\t<div class=\"elementor-widget-container\">\n\t\t\t\t\t\t\t\t\t\t\t\t\t\t\t<img fetchpriority=\"high\" decoding=\"async\" width=\"750\" height=\"457\" src=\"https:\/\/mijn-lo.nl\/wp-content\/uploads\/2024\/02\/contract5-750x457-1-1.webp\" class=\"attachment-large size-large wp-image-5328\" alt=\"\" srcset=\"https:\/\/mijn-lo.nl\/wp-content\/uploads\/2024\/02\/contract5-750x457-1-1.webp 750w, https:\/\/mijn-lo.nl\/wp-content\/uploads\/2024\/02\/contract5-750x457-1-1-300x183.webp 300w, https:\/\/mijn-lo.nl\/wp-content\/uploads\/2024\/02\/contract5-750x457-1-1-18x12.webp 18w, https:\/\/mijn-lo.nl\/wp-content\/uploads\/2024\/02\/contract5-750x457-1-1-24x15.webp 24w, https:\/\/mijn-lo.nl\/wp-content\/uploads\/2024\/02\/contract5-750x457-1-1-36x22.webp 36w, https:\/\/mijn-lo.nl\/wp-content\/uploads\/2024\/02\/contract5-750x457-1-1-48x29.webp 48w\" sizes=\"(max-width: 750px) 100vw, 750px\" \/>\t\t\t\t\t\t\t\t\t\t\t\t\t\t\t<\/div>\n\t\t\t\t<\/div>\n\t\t\t\t\t<\/div>\n\t\t<\/div>\n\t\t\t\t\t<\/div>\n\t\t<\/section>\n\t\t\t\t<section class=\"elementor-section elementor-top-section elementor-element elementor-element-fab18fa elementor-section-boxed elementor-section-height-default elementor-section-height-default\" data-id=\"fab18fa\" data-element_type=\"section\">\n\t\t\t\t\t\t<div class=\"elementor-container elementor-column-gap-default\">\n\t\t\t\t\t<div class=\"elementor-column elementor-col-50 elementor-top-column elementor-element elementor-element-443cf3b\" data-id=\"443cf3b\" data-element_type=\"column\">\n\t\t\t<div class=\"elementor-widget-wrap elementor-element-populated\">\n\t\t\t\t\t\t<div class=\"elementor-element elementor-element-69d2c7a elementor-widget elementor-widget-image\" data-id=\"69d2c7a\" data-element_type=\"widget\" data-widget_type=\"image.default\">\n\t\t\t\t<div class=\"elementor-widget-container\">\n\t\t\t\t\t\t\t\t\t\t\t\t\t\t\t<img decoding=\"async\" width=\"632\" height=\"1000\" src=\"https:\/\/mijn-lo.nl\/wp-content\/uploads\/2024\/02\/bonden-632x1000-1.webp\" class=\"attachment-large size-large wp-image-5343\" alt=\"\" srcset=\"https:\/\/mijn-lo.nl\/wp-content\/uploads\/2024\/02\/bonden-632x1000-1.webp 632w, https:\/\/mijn-lo.nl\/wp-content\/uploads\/2024\/02\/bonden-632x1000-1-190x300.webp 190w, https:\/\/mijn-lo.nl\/wp-content\/uploads\/2024\/02\/bonden-632x1000-1-8x12.webp 8w, https:\/\/mijn-lo.nl\/wp-content\/uploads\/2024\/02\/bonden-632x1000-1-15x24.webp 15w, https:\/\/mijn-lo.nl\/wp-content\/uploads\/2024\/02\/bonden-632x1000-1-23x36.webp 23w, https:\/\/mijn-lo.nl\/wp-content\/uploads\/2024\/02\/bonden-632x1000-1-30x48.webp 30w\" sizes=\"(max-width: 632px) 100vw, 632px\" \/>\t\t\t\t\t\t\t\t\t\t\t\t\t\t\t<\/div>\n\t\t\t\t<\/div>\n\t\t\t\t<div class=\"elementor-element elementor-element-0ea2c44 elementor-widget elementor-widget-text-editor\" data-id=\"0ea2c44\" data-element_type=\"widget\" data-widget_type=\"text-editor.default\">\n\t\t\t\t<div class=\"elementor-widget-container\">\n\t\t\t\t\t\t\t\t\t<p style=\"text-align: center;\">Zwi\u0105zki zawodowe<\/p>\t\t\t\t\t\t\t\t<\/div>\n\t\t\t\t<\/div>\n\t\t\t\t\t<\/div>\n\t\t<\/div>\n\t\t\t\t<div class=\"elementor-column elementor-col-50 elementor-top-column elementor-element elementor-element-54b5fe6\" data-id=\"54b5fe6\" data-element_type=\"column\">\n\t\t\t<div class=\"elementor-widget-wrap elementor-element-populated\">\n\t\t\t\t\t\t<div class=\"elementor-element elementor-element-904c4f9 elementor-widget elementor-widget-text-editor\" data-id=\"904c4f9\" data-element_type=\"widget\" data-widget_type=\"text-editor.default\">\n\t\t\t\t<div class=\"elementor-widget-container\">\n\t\t\t\t\t\t\t\t\t<h3 class=\"mbr-section-title mbr-fonts-style mb-3 display-5\"><strong>Zwi\u0105zki zawodowe w Holandii<\/strong><\/h3><p class=\"mbr-text mbr-fonts-style display-7\">W Holandii dzia\u0142a kilka wa\u017cnych zwi\u0105zk\u00f3w zawodowych, ale wyr\u00f3\u017cnia si\u0119 trzech g\u0142\u00f3wnych graczy:<br \/><br \/><strong>1. Federacja Holenderskich Zwi\u0105zk\u00f3w Zawodowych (FNV):<\/strong><br \/>Jest to najwi\u0119kszy zwi\u0105zek zawodowy o typowo socjaldemokratycznej orientacji. Koncentruje si\u0119 na wielu sektorach, w tym opiece zdrowotnej, edukacji, transporcie i administracji rz\u0105dowej.\u00a0<br \/><br \/><br \/><strong>2. Chrze\u015bcija\u0144sko-Narodowa Federacja Zwi\u0105zk\u00f3w Zawodowych (CNV):<\/strong><br \/>Zwi\u0105zek ten ma orientacj\u0119, kt\u00f3r\u0105 mo\u017cna okre\u015bli\u0107 jako \"chrze\u015bcija\u0144sko-demokratyczn\u0105\".\u00a0<br \/>Koncentracja przypomina t\u0119 z FNV.\u00a0<br \/><br \/><strong>3. Inne zwi\u0105zki<br \/><\/strong>Istnieje wi\u0119cej zwi\u0105zk\u00f3w takich jak<br \/>a. Federacja Zwi\u0105zk\u00f3w Zawodowych Profesjonalist\u00f3w (VCP):<br \/>b. De Unie: Reprezentuje pracownik\u00f3w transportu publicznego i jest silnie obecna w du\u017cych miastach.<\/p>\t\t\t\t\t\t\t\t<\/div>\n\t\t\t\t<\/div>\n\t\t\t\t\t<\/div>\n\t\t<\/div>\n\t\t\t\t\t<\/div>\n\t\t<\/section>\n\t\t\t\t<section class=\"elementor-section elementor-top-section elementor-element elementor-element-e0933fa elementor-reverse-tablet elementor-reverse-mobile elementor-section-boxed elementor-section-height-default elementor-section-height-default\" data-id=\"e0933fa\" data-element_type=\"section\">\n\t\t\t\t\t\t<div class=\"elementor-container elementor-column-gap-default\">\n\t\t\t\t\t<div class=\"elementor-column elementor-col-50 elementor-top-column elementor-element elementor-element-af72979\" data-id=\"af72979\" data-element_type=\"column\">\n\t\t\t<div class=\"elementor-widget-wrap elementor-element-populated\">\n\t\t\t\t\t\t<div class=\"elementor-element elementor-element-1d1d26a elementor-widget elementor-widget-text-editor\" data-id=\"1d1d26a\" data-element_type=\"widget\" data-widget_type=\"text-editor.default\">\n\t\t\t\t<div class=\"elementor-widget-container\">\n\t\t\t\t\t\t\t\t\t<h3 class=\"mbr-section-title mbr-fonts-style mb-3 display-5\"><strong>Zwi\u0105zki zawodowe<\/strong><\/h3><p class=\"mbr-text mbr-fonts-style display-7\"><strong>Og\u00f3lne zadania zwi\u0105zk\u00f3w zawodowych:<br \/><\/strong>Negocjuj\u0105 oni uk\u0142ady zbiorowe pracy (CAO). Oznacza to, \u017ce negocjuj\u0105 oni takie kwestie jak lepsze wynagrodzenie i mniej godzin pracy.<br \/>Ponadto zapewniaj\u0105 pomoc prawn\u0105, prowadz\u0105 kampanie na rzecz lepszych warunk\u00f3w pracy i p\u0142ac oraz promuj\u0105 prawa pracownicze. Zajmuj\u0105 si\u0119 tak\u017ce edukacj\u0105 i szkoleniami, oferuj\u0105c cz\u0142onkom programy szkoleniowe i edukacyjne na r\u00f3\u017cne tematy zwi\u0105zane z prac\u0105.<\/p>\t\t\t\t\t\t\t\t<\/div>\n\t\t\t\t<\/div>\n\t\t\t\t\t<\/div>\n\t\t<\/div>\n\t\t\t\t<div class=\"elementor-column elementor-col-50 elementor-top-column elementor-element elementor-element-609bd5a\" data-id=\"609bd5a\" data-element_type=\"column\">\n\t\t\t<div class=\"elementor-widget-wrap elementor-element-populated\">\n\t\t\t\t\t\t<div class=\"elementor-element elementor-element-d508d55 elementor-widget elementor-widget-image\" data-id=\"d508d55\" data-element_type=\"widget\" data-widget_type=\"image.default\">\n\t\t\t\t<div class=\"elementor-widget-container\">\n\t\t\t\t\t\t\t\t\t\t\t\t\t\t\t<img decoding=\"async\" width=\"800\" height=\"507\" src=\"https:\/\/mijn-lo.nl\/wp-content\/uploads\/2024\/02\/onderhandelen-800x507-1.webp\" class=\"attachment-large size-large wp-image-5344\" alt=\"\" srcset=\"https:\/\/mijn-lo.nl\/wp-content\/uploads\/2024\/02\/onderhandelen-800x507-1.webp 800w, https:\/\/mijn-lo.nl\/wp-content\/uploads\/2024\/02\/onderhandelen-800x507-1-300x190.webp 300w, https:\/\/mijn-lo.nl\/wp-content\/uploads\/2024\/02\/onderhandelen-800x507-1-768x487.webp 768w, https:\/\/mijn-lo.nl\/wp-content\/uploads\/2024\/02\/onderhandelen-800x507-1-18x12.webp 18w, https:\/\/mijn-lo.nl\/wp-content\/uploads\/2024\/02\/onderhandelen-800x507-1-24x15.webp 24w, https:\/\/mijn-lo.nl\/wp-content\/uploads\/2024\/02\/onderhandelen-800x507-1-36x23.webp 36w, https:\/\/mijn-lo.nl\/wp-content\/uploads\/2024\/02\/onderhandelen-800x507-1-48x30.webp 48w\" sizes=\"(max-width: 800px) 100vw, 800px\" \/>\t\t\t\t\t\t\t\t\t\t\t\t\t\t\t<\/div>\n\t\t\t\t<\/div>\n\t\t\t\t<div class=\"elementor-element elementor-element-d2d76f3 elementor-widget elementor-widget-text-editor\" data-id=\"d2d76f3\" data-element_type=\"widget\" data-widget_type=\"text-editor.default\">\n\t\t\t\t<div class=\"elementor-widget-container\">\n\t\t\t\t\t\t\t\t\t<p style=\"text-align: center;\">Negocjuj<\/p>\t\t\t\t\t\t\t\t<\/div>\n\t\t\t\t<\/div>\n\t\t\t\t\t<\/div>\n\t\t<\/div>\n\t\t\t\t\t<\/div>\n\t\t<\/section>\n\t\t\t\t<section class=\"elementor-section elementor-top-section elementor-element elementor-element-2edcca1 elementor-section-boxed elementor-section-height-default elementor-section-height-default\" data-id=\"2edcca1\" data-element_type=\"section\">\n\t\t\t\t\t\t<div class=\"elementor-container elementor-column-gap-default\">\n\t\t\t\t\t<div class=\"elementor-column elementor-col-100 elementor-top-column elementor-element elementor-element-75349f87\" data-id=\"75349f87\" data-element_type=\"column\">\n\t\t\t<div class=\"elementor-widget-wrap elementor-element-populated\">\n\t\t\t\t\t\t<div class=\"elementor-element elementor-element-2d2d0e50 elementor-align-center elementor-widget elementor-widget-button\" data-id=\"2d2d0e50\" data-element_type=\"widget\" data-widget_type=\"button.default\">\n\t\t\t\t<div class=\"elementor-widget-container\">\n\t\t\t\t\t\t\t\t\t<div class=\"elementor-button-wrapper\">\n\t\t\t\t\t<a class=\"elementor-button elementor-button-link elementor-size-sm\" href=\"https:\/\/mijn-lo.nl\/pl\/work\/certificates-and-skills\/\">\n\t\t\t\t\t\t<span class=\"elementor-button-content-wrapper\">\n\t\t\t\t\t\t\t\t\t<span class=\"elementor-button-text\">Kontynuowa\u0107<\/span>\n\t\t\t\t\t<\/span>\n\t\t\t\t\t<\/a>\n\t\t\t\t<\/div>\n\t\t\t\t\t\t\t\t<\/div>\n\t\t\t\t<\/div>\n\t\t\t\t\t<\/div>\n\t\t<\/div>\n\t\t\t\t\t<\/div>\n\t\t<\/section>\n\t\t\t\t<\/div>","protected":false},"excerpt":{"rendered":"<p>Contract and CAO ContractIf you have found work, you will receive a contract. It contains employment conditions (= agreements about the work). How many hours a week you work, what your salary is, whether you have a probationary period, how much holiday you get, and when you start work. Probationary period = trying out the [&hellip;]<\/p>\n","protected":false},"author":1,"featured_media":0,"parent":3364,"menu_order":4,"comment_status":"closed","ping_status":"closed","template":"elementor_canvas","meta":{"site-sidebar-layout":"no-sidebar","site-content-layout":"page-builder","ast-site-content-layout":"full-width-container","site-content-style":"default","site-sidebar-style":"default","ast-global-header-display":"","ast-banner-title-visibility":"","ast-main-header-display":"","ast-hfb-above-header-display":"","ast-hfb-below-header-display":"","ast-hfb-mobile-header-display":"","site-post-title":"disabled","ast-breadcrumbs-content":"","ast-featured-img":"disabled","footer-sml-layout":"","theme-transparent-header-meta":"","adv-header-id-meta":"","stick-header-meta":"","header-above-stick-meta":"","header-main-stick-meta":"","header-below-stick-meta":"","astra-migrate-meta-layouts":"set","ast-page-background-enabled":"default","ast-page-background-meta":{"desktop":{"background-color":"var(--ast-global-color-4)","background-image":"","background-repeat":"repeat","background-position":"center center","background-size":"auto","background-attachment":"scroll","background-type":"","background-media":"","overlay-type":"","overlay-color":"","overlay-opacity":"","overlay-gradient":""},"tablet":{"background-color":"","background-image":"","background-repeat":"repeat","background-position":"center center","background-size":"auto","background-attachment":"scroll","background-type":"","background-media":"","overlay-type":"","overlay-color":"","overlay-opacity":"","overlay-gradient":""},"mobile":{"background-color":"","background-image":"","background-repeat":"repeat","background-position":"center center","background-size":"auto","background-attachment":"scroll","background-type":"","background-media":"","overlay-type":"","overlay-color":"","overlay-opacity":"","overlay-gradient":""}},"ast-content-background-meta":{"desktop":{"background-color":"var(--ast-global-color-5)","background-image":"","background-repeat":"repeat","background-position":"center center","background-size":"auto","background-attachment":"scroll","background-type":"","background-media":"","overlay-type":"","overlay-color":"","overlay-opacity":"","overlay-gradient":""},"tablet":{"background-color":"var(--ast-global-color-5)","background-image":"","background-repeat":"repeat","background-position":"center center","background-size":"auto","background-attachment":"scroll","background-type":"","background-media":"","overlay-type":"","overlay-color":"","overlay-opacity":"","overlay-gradient":""},"mobile":{"background-color":"var(--ast-global-color-5)","background-image":"","background-repeat":"repeat","background-position":"center center","background-size":"auto","background-attachment":"scroll","background-type":"","background-media":"","overlay-type":"","overlay-color":"","overlay-opacity":"","overlay-gradient":""}},"footnotes":""},"class_list":["post-5357","page","type-page","status-publish","hentry"],"_links":{"self":[{"href":"https:\/\/mijn-lo.nl\/pl\/wp-json\/wp\/v2\/pages\/5357","targetHints":{"allow":["GET"]}}],"collection":[{"href":"https:\/\/mijn-lo.nl\/pl\/wp-json\/wp\/v2\/pages"}],"about":[{"href":"https:\/\/mijn-lo.nl\/pl\/wp-json\/wp\/v2\/types\/page"}],"author":[{"embeddable":true,"href":"https:\/\/mijn-lo.nl\/pl\/wp-json\/wp\/v2\/users\/1"}],"replies":[{"embeddable":true,"href":"https:\/\/mijn-lo.nl\/pl\/wp-json\/wp\/v2\/comments?post=5357"}],"version-history":[{"count":19,"href":"https:\/\/mijn-lo.nl\/pl\/wp-json\/wp\/v2\/pages\/5357\/revisions"}],"predecessor-version":[{"id":6313,"href":"https:\/\/mijn-lo.nl\/pl\/wp-json\/wp\/v2\/pages\/5357\/revisions\/6313"}],"up":[{"embeddable":true,"href":"https:\/\/mijn-lo.nl\/pl\/wp-json\/wp\/v2\/pages\/3364"}],"wp:attachment":[{"href":"https:\/\/mijn-lo.nl\/pl\/wp-json\/wp\/v2\/media?parent=5357"}],"curies":[{"name":"wp","href":"https:\/\/api.w.org\/{rel}","templated":true}]}}