{"id":5359,"date":"2024-02-13T14:26:29","date_gmt":"2024-02-13T14:26:29","guid":{"rendered":"http:\/\/mijn-lo.nl\/?page_id=5359"},"modified":"2025-08-19T17:38:44","modified_gmt":"2025-08-19T17:38:44","slug":"or-mr-and-arbo","status":"publish","type":"page","link":"https:\/\/mijn-lo.nl\/pl\/work\/or-mr-and-arbo\/","title":{"rendered":"LUB, MR i ARBO"},"content":{"rendered":"<div data-elementor-type=\"wp-page\" data-elementor-id=\"5359\" class=\"elementor elementor-5359\" data-elementor-post-type=\"page\">\n\t\t\t\t\t\t<section class=\"elementor-section elementor-top-section elementor-element elementor-element-489fbd7 elementor-section-boxed elementor-section-height-default elementor-section-height-default\" data-id=\"489fbd7\" data-element_type=\"section\">\n\t\t\t\t\t\t<div class=\"elementor-container elementor-column-gap-default\">\n\t\t\t\t\t<div class=\"elementor-column elementor-col-50 elementor-top-column elementor-element elementor-element-0f39a21\" data-id=\"0f39a21\" data-element_type=\"column\">\n\t\t\t<div class=\"elementor-widget-wrap elementor-element-populated\">\n\t\t\t\t\t\t<div class=\"elementor-element elementor-element-77c3ca6 elementor-widget elementor-widget-image\" data-id=\"77c3ca6\" data-element_type=\"widget\" data-widget_type=\"image.default\">\n\t\t\t\t<div class=\"elementor-widget-container\">\n\t\t\t\t\t\t\t\t\t\t\t\t\t\t\t<img fetchpriority=\"high\" decoding=\"async\" width=\"604\" height=\"882\" src=\"https:\/\/mijn-lo.nl\/wp-content\/uploads\/2024\/02\/or-mr-604x882-1.webp\" class=\"attachment-large size-large wp-image-5345\" alt=\"\" srcset=\"https:\/\/mijn-lo.nl\/wp-content\/uploads\/2024\/02\/or-mr-604x882-1.webp 604w, https:\/\/mijn-lo.nl\/wp-content\/uploads\/2024\/02\/or-mr-604x882-1-205x300.webp 205w, https:\/\/mijn-lo.nl\/wp-content\/uploads\/2024\/02\/or-mr-604x882-1-8x12.webp 8w, https:\/\/mijn-lo.nl\/wp-content\/uploads\/2024\/02\/or-mr-604x882-1-16x24.webp 16w, https:\/\/mijn-lo.nl\/wp-content\/uploads\/2024\/02\/or-mr-604x882-1-25x36.webp 25w, https:\/\/mijn-lo.nl\/wp-content\/uploads\/2024\/02\/or-mr-604x882-1-33x48.webp 33w\" sizes=\"(max-width: 604px) 100vw, 604px\" \/>\t\t\t\t\t\t\t\t\t\t\t\t\t\t\t<\/div>\n\t\t\t\t<\/div>\n\t\t\t\t\t<\/div>\n\t\t<\/div>\n\t\t\t\t<div class=\"elementor-column elementor-col-50 elementor-top-column elementor-element elementor-element-d6be124\" data-id=\"d6be124\" data-element_type=\"column\">\n\t\t\t<div class=\"elementor-widget-wrap elementor-element-populated\">\n\t\t\t\t\t\t<div class=\"elementor-element elementor-element-f047b54 elementor-widget elementor-widget-text-editor\" data-id=\"f047b54\" data-element_type=\"widget\" data-widget_type=\"text-editor.default\">\n\t\t\t\t<div class=\"elementor-widget-container\">\n\t\t\t\t\t\t\t\t\t<h3 class=\"mbr-section-title mbr-fonts-style mb-3 display-5\"><strong>OR i MR<\/strong><\/h3><p class=\"mbr-text mbr-fonts-style display-7\">\u00a0\"ondernemingsraad (OR)\" i \"medezeggenschapsraad (MR)\" to dwa wa\u017cne organy w Holandii, kt\u00f3re reprezentuj\u0105 interesy pracownik\u00f3w w miejscu pracy.<br \/><br \/><strong>\"Ondernemingsraad (OR)\"<br \/><\/strong>Sp\u00f3\u0142ki zatrudniaj\u0105ce 50 lub wi\u0119cej pracownik\u00f3w musz\u0105 posiada\u0107 \"RN\". Rada ta sk\u0142ada si\u0119 z wybranych przedstawicieli zar\u00f3wno kierownictwa, jak i pracownik\u00f3w.<br \/>Rada ta musi doradza\u0107 w przypadku wa\u017cnych decyzji maj\u0105cych wp\u0142yw na sp\u00f3\u0142k\u0119, takich jak:<br \/>- fuzje i przej\u0119cia<br \/>- g\u0142\u00f3wne inwestycje<br \/>- restrukturyzacja si\u0142y roboczej<br \/>- warunki pracy<br \/>W ten spos\u00f3b pracownicy maj\u0105 \"g\u0142os\", kt\u00f3ry jest s\u0142yszalny na najwy\u017cszym szczeblu.<br \/><br \/><strong>Medezeggenschapsraad (MR):<br \/><\/strong>MR jest r\u00f3wnie\u017c specjaln\u0105 komisj\u0105. Jest ona ustanawiana w instytucjach publicznych i edukacyjnych zatrudniaj\u0105cych 50 lub wi\u0119cej pracownik\u00f3w.<br \/>Jego funkcja jest prawie podobna do funkcji RNO, ale koncentruje si\u0119 na kwestiach specyficznych dla sektora publicznego<br \/><br \/><strong>Zar\u00f3wno OR, jak i MR:<br \/><\/strong>Odgrywaj\u0105 wa\u017cn\u0105 rol\u0119 w promowaniu demokracji i przejrzysto\u015bci w miejscu pracy.<br \/>Og\u00f3lnie rzecz bior\u0105c, RN i MR s\u0105 wa\u017cnymi instytucjami, kt\u00f3re pomagaj\u0105 chroni\u0107 prawa pracownik\u00f3w i promowa\u0107 bardziej sprawiedliwe i r\u00f3wne miejsce pracy.<\/p>\t\t\t\t\t\t\t\t<\/div>\n\t\t\t\t<\/div>\n\t\t\t\t\t<\/div>\n\t\t<\/div>\n\t\t\t\t\t<\/div>\n\t\t<\/section>\n\t\t\t\t<section class=\"elementor-section elementor-top-section elementor-element elementor-element-6fd9a28 elementor-reverse-tablet elementor-reverse-mobile elementor-section-boxed elementor-section-height-default elementor-section-height-default\" data-id=\"6fd9a28\" data-element_type=\"section\">\n\t\t\t\t\t\t<div class=\"elementor-container elementor-column-gap-default\">\n\t\t\t\t\t<div class=\"elementor-column elementor-col-50 elementor-top-column elementor-element elementor-element-443efd3\" data-id=\"443efd3\" data-element_type=\"column\">\n\t\t\t<div class=\"elementor-widget-wrap elementor-element-populated\">\n\t\t\t\t\t\t<div class=\"elementor-element elementor-element-69fa9c8 elementor-widget elementor-widget-text-editor\" data-id=\"69fa9c8\" data-element_type=\"widget\" data-widget_type=\"text-editor.default\">\n\t\t\t\t<div class=\"elementor-widget-container\">\n\t\t\t\t\t\t\t\t\t<h3 class=\"mbr-section-title mbr-fonts-style mb-3 display-5\"><strong>ARBO<\/strong><\/h3><p class=\"mbr-text mbr-fonts-style display-7\">W Holandii \"ARBO\" nie jest w rzeczywisto\u015bci organizacj\u0105, ale skr\u00f3tem od \"Arbeidsomstandigheden\", co t\u0142umaczy si\u0119 jako \"Warunki pracy\". Odnosi si\u0119 on do ca\u0142ego systemu bezpiecze\u0144stwa i higieny pracy w Holandii. Centralnym punktem informacyjnym jest:<br \/><br \/><a class=\"text-primary\" href=\"https:\/\/www.arboportaal.nl\/\" target=\"_blank\" rel=\"noopener\">www.arboportaal.nl<\/a><br \/><br \/>Niestety informacje podane s\u0105 tylko w j\u0119zyku niderlandzkim<br \/>Niniejsze punkty informacyjne zawieraj\u0105 informacje na temat holenderskiego prawa w odniesieniu do<br \/>- bezpiecze\u0144stwo w pracy;<br \/>- jak radzi\u0107 sobie z problemami zdrowotnymi<br \/>- jak bada\u0107 mo\u017cliwe zagro\u017cenia w miejscu pracy<br \/>- jak promowa\u0107 bezpieczn\u0105 prac\u0119<\/p>\t\t\t\t\t\t\t\t<\/div>\n\t\t\t\t<\/div>\n\t\t\t\t\t<\/div>\n\t\t<\/div>\n\t\t\t\t<div class=\"elementor-column elementor-col-50 elementor-top-column elementor-element elementor-element-c159fdd\" data-id=\"c159fdd\" data-element_type=\"column\">\n\t\t\t<div class=\"elementor-widget-wrap elementor-element-populated\">\n\t\t\t\t\t\t<div class=\"elementor-element elementor-element-567519f elementor-widget elementor-widget-image\" data-id=\"567519f\" data-element_type=\"widget\" data-widget_type=\"image.default\">\n\t\t\t\t<div class=\"elementor-widget-container\">\n\t\t\t\t\t\t\t\t\t\t\t\t\t\t\t<img decoding=\"async\" width=\"853\" height=\"675\" src=\"https:\/\/mijn-lo.nl\/wp-content\/uploads\/2024\/02\/arbo-853x675-1.webp\" class=\"attachment-large size-large wp-image-5346\" alt=\"\" srcset=\"https:\/\/mijn-lo.nl\/wp-content\/uploads\/2024\/02\/arbo-853x675-1.webp 853w, https:\/\/mijn-lo.nl\/wp-content\/uploads\/2024\/02\/arbo-853x675-1-300x237.webp 300w, https:\/\/mijn-lo.nl\/wp-content\/uploads\/2024\/02\/arbo-853x675-1-768x608.webp 768w, https:\/\/mijn-lo.nl\/wp-content\/uploads\/2024\/02\/arbo-853x675-1-15x12.webp 15w, https:\/\/mijn-lo.nl\/wp-content\/uploads\/2024\/02\/arbo-853x675-1-24x19.webp 24w, https:\/\/mijn-lo.nl\/wp-content\/uploads\/2024\/02\/arbo-853x675-1-36x28.webp 36w, https:\/\/mijn-lo.nl\/wp-content\/uploads\/2024\/02\/arbo-853x675-1-48x38.webp 48w\" sizes=\"(max-width: 853px) 100vw, 853px\" \/>\t\t\t\t\t\t\t\t\t\t\t\t\t\t\t<\/div>\n\t\t\t\t<\/div>\n\t\t\t\t\t<\/div>\n\t\t<\/div>\n\t\t\t\t\t<\/div>\n\t\t<\/section>\n\t\t\t\t<section class=\"elementor-section elementor-top-section elementor-element elementor-element-2edcca1 elementor-section-boxed elementor-section-height-default elementor-section-height-default\" data-id=\"2edcca1\" data-element_type=\"section\">\n\t\t\t\t\t\t<div class=\"elementor-container elementor-column-gap-default\">\n\t\t\t\t\t<div class=\"elementor-column elementor-col-100 elementor-top-column elementor-element elementor-element-75349f87\" data-id=\"75349f87\" data-element_type=\"column\">\n\t\t\t<div class=\"elementor-widget-wrap elementor-element-populated\">\n\t\t\t\t\t\t<div class=\"elementor-element elementor-element-2d2d0e50 elementor-align-center elementor-widget elementor-widget-button\" data-id=\"2d2d0e50\" data-element_type=\"widget\" data-widget_type=\"button.default\">\n\t\t\t\t<div class=\"elementor-widget-container\">\n\t\t\t\t\t\t\t\t\t<div class=\"elementor-button-wrapper\">\n\t\t\t\t\t<a class=\"elementor-button elementor-button-link elementor-size-sm\" href=\"https:\/\/mijn-lo.nl\/pl\/work\/salary-and-taxes\/\">\n\t\t\t\t\t\t<span class=\"elementor-button-content-wrapper\">\n\t\t\t\t\t\t\t\t\t<span class=\"elementor-button-text\">Kontynuowa\u0107<\/span>\n\t\t\t\t\t<\/span>\n\t\t\t\t\t<\/a>\n\t\t\t\t<\/div>\n\t\t\t\t\t\t\t\t<\/div>\n\t\t\t\t<\/div>\n\t\t\t\t\t<\/div>\n\t\t<\/div>\n\t\t\t\t\t<\/div>\n\t\t<\/section>\n\t\t\t\t<\/div>","protected":false},"excerpt":{"rendered":"<p>OR and MR \u00a0The &#8220;ondernemingsraad (OR)&#8221; and : the medezeggenschapsraad (MR)&#8221; are two important bodies in the Netherlands that represent the interests of employees in the workplace. &#8220;Ondernemingsraad (OR)&#8221;Companies with 50 or more employees need to have a &#8220;OR&#8221;. This board is composed\u00a0of elected representatives from both management and employees.This board has to give an [&hellip;]<\/p>\n","protected":false},"author":1,"featured_media":0,"parent":3364,"menu_order":6,"comment_status":"closed","ping_status":"closed","template":"elementor_canvas","meta":{"site-sidebar-layout":"no-sidebar","site-content-layout":"page-builder","ast-site-content-layout":"full-width-container","site-content-style":"default","site-sidebar-style":"default","ast-global-header-display":"","ast-banner-title-visibility":"","ast-main-header-display":"","ast-hfb-above-header-display":"","ast-hfb-below-header-display":"","ast-hfb-mobile-header-display":"","site-post-title":"disabled","ast-breadcrumbs-content":"","ast-featured-img":"disabled","footer-sml-layout":"","theme-transparent-header-meta":"","adv-header-id-meta":"","stick-header-meta":"","header-above-stick-meta":"","header-main-stick-meta":"","header-below-stick-meta":"","astra-migrate-meta-layouts":"set","ast-page-background-enabled":"default","ast-page-background-meta":{"desktop":{"background-color":"var(--ast-global-color-4)","background-image":"","background-repeat":"repeat","background-position":"center center","background-size":"auto","background-attachment":"scroll","background-type":"","background-media":"","overlay-type":"","overlay-color":"","overlay-opacity":"","overlay-gradient":""},"tablet":{"background-color":"","background-image":"","background-repeat":"repeat","background-position":"center center","background-size":"auto","background-attachment":"scroll","background-type":"","background-media":"","overlay-type":"","overlay-color":"","overlay-opacity":"","overlay-gradient":""},"mobile":{"background-color":"","background-image":"","background-repeat":"repeat","background-position":"center center","background-size":"auto","background-attachment":"scroll","background-type":"","background-media":"","overlay-type":"","overlay-color":"","overlay-opacity":"","overlay-gradient":""}},"ast-content-background-meta":{"desktop":{"background-color":"var(--ast-global-color-5)","background-image":"","background-repeat":"repeat","background-position":"center center","background-size":"auto","background-attachment":"scroll","background-type":"","background-media":"","overlay-type":"","overlay-color":"","overlay-opacity":"","overlay-gradient":""},"tablet":{"background-color":"var(--ast-global-color-5)","background-image":"","background-repeat":"repeat","background-position":"center center","background-size":"auto","background-attachment":"scroll","background-type":"","background-media":"","overlay-type":"","overlay-color":"","overlay-opacity":"","overlay-gradient":""},"mobile":{"background-color":"var(--ast-global-color-5)","background-image":"","background-repeat":"repeat","background-position":"center center","background-size":"auto","background-attachment":"scroll","background-type":"","background-media":"","overlay-type":"","overlay-color":"","overlay-opacity":"","overlay-gradient":""}},"footnotes":""},"class_list":["post-5359","page","type-page","status-publish","hentry"],"_links":{"self":[{"href":"https:\/\/mijn-lo.nl\/pl\/wp-json\/wp\/v2\/pages\/5359","targetHints":{"allow":["GET"]}}],"collection":[{"href":"https:\/\/mijn-lo.nl\/pl\/wp-json\/wp\/v2\/pages"}],"about":[{"href":"https:\/\/mijn-lo.nl\/pl\/wp-json\/wp\/v2\/types\/page"}],"author":[{"embeddable":true,"href":"https:\/\/mijn-lo.nl\/pl\/wp-json\/wp\/v2\/users\/1"}],"replies":[{"embeddable":true,"href":"https:\/\/mijn-lo.nl\/pl\/wp-json\/wp\/v2\/comments?post=5359"}],"version-history":[{"count":10,"href":"https:\/\/mijn-lo.nl\/pl\/wp-json\/wp\/v2\/pages\/5359\/revisions"}],"predecessor-version":[{"id":6319,"href":"https:\/\/mijn-lo.nl\/pl\/wp-json\/wp\/v2\/pages\/5359\/revisions\/6319"}],"up":[{"embeddable":true,"href":"https:\/\/mijn-lo.nl\/pl\/wp-json\/wp\/v2\/pages\/3364"}],"wp:attachment":[{"href":"https:\/\/mijn-lo.nl\/pl\/wp-json\/wp\/v2\/media?parent=5359"}],"curies":[{"name":"wp","href":"https:\/\/api.w.org\/{rel}","templated":true}]}}