{"id":5361,"date":"2024-02-13T14:38:36","date_gmt":"2024-02-13T14:38:36","guid":{"rendered":"http:\/\/mijn-lo.nl\/?page_id=5361"},"modified":"2025-08-19T17:39:13","modified_gmt":"2025-08-19T17:39:13","slug":"salary-and-taxes","status":"publish","type":"page","link":"https:\/\/mijn-lo.nl\/pl\/work\/salary-and-taxes\/","title":{"rendered":"Wynagrodzenie i podatki"},"content":{"rendered":"<div data-elementor-type=\"wp-page\" data-elementor-id=\"5361\" class=\"elementor elementor-5361\" data-elementor-post-type=\"page\">\n\t\t\t\t\t\t<section class=\"elementor-section elementor-top-section elementor-element elementor-element-44bcf34 elementor-section-boxed elementor-section-height-default elementor-section-height-default\" data-id=\"44bcf34\" data-element_type=\"section\">\n\t\t\t\t\t\t<div class=\"elementor-container elementor-column-gap-default\">\n\t\t\t\t\t<div class=\"elementor-column elementor-col-50 elementor-top-column elementor-element elementor-element-a440396\" data-id=\"a440396\" data-element_type=\"column\">\n\t\t\t<div class=\"elementor-widget-wrap elementor-element-populated\">\n\t\t\t\t\t\t<div class=\"elementor-element elementor-element-7d0bcb3 elementor-widget elementor-widget-image\" data-id=\"7d0bcb3\" data-element_type=\"widget\" data-widget_type=\"image.default\">\n\t\t\t\t<div class=\"elementor-widget-container\">\n\t\t\t\t\t\t\t\t\t\t\t\t\t\t\t<img fetchpriority=\"high\" decoding=\"async\" width=\"700\" height=\"447\" src=\"https:\/\/mijn-lo.nl\/wp-content\/uploads\/2024\/02\/taxes1-700x447-1.webp\" class=\"attachment-large size-large wp-image-5347\" alt=\"\" srcset=\"https:\/\/mijn-lo.nl\/wp-content\/uploads\/2024\/02\/taxes1-700x447-1.webp 700w, https:\/\/mijn-lo.nl\/wp-content\/uploads\/2024\/02\/taxes1-700x447-1-300x192.webp 300w, https:\/\/mijn-lo.nl\/wp-content\/uploads\/2024\/02\/taxes1-700x447-1-18x12.webp 18w, https:\/\/mijn-lo.nl\/wp-content\/uploads\/2024\/02\/taxes1-700x447-1-24x15.webp 24w, https:\/\/mijn-lo.nl\/wp-content\/uploads\/2024\/02\/taxes1-700x447-1-36x23.webp 36w, https:\/\/mijn-lo.nl\/wp-content\/uploads\/2024\/02\/taxes1-700x447-1-48x31.webp 48w\" sizes=\"(max-width: 700px) 100vw, 700px\" \/>\t\t\t\t\t\t\t\t\t\t\t\t\t\t\t<\/div>\n\t\t\t\t<\/div>\n\t\t\t\t\t<\/div>\n\t\t<\/div>\n\t\t\t\t<div class=\"elementor-column elementor-col-50 elementor-top-column elementor-element elementor-element-876cbcb\" data-id=\"876cbcb\" data-element_type=\"column\">\n\t\t\t<div class=\"elementor-widget-wrap elementor-element-populated\">\n\t\t\t\t\t\t<div class=\"elementor-element elementor-element-4f79eb6 elementor-widget elementor-widget-text-editor\" data-id=\"4f79eb6\" data-element_type=\"widget\" data-widget_type=\"text-editor.default\">\n\t\t\t\t<div class=\"elementor-widget-container\">\n\t\t\t\t\t\t\t\t\t<h3 class=\"mbr-section-title mbr-fonts-style mb-3 display-5\"><strong>Wynagrodzenie i podatki<\/strong><\/h3><p class=\"mbr-text mbr-fonts-style display-7\">Raz w roku otrzymasz roczne rozliczenie zawieraj\u0105ce Twoje wynagrodzenie brutto i netto za ubieg\u0142y rok. Dokument ten nale\u017cy wykorzysta\u0107 w zeznaniu podatkowym, kt\u00f3re nale\u017cy z\u0142o\u017cy\u0107 1 marca. Czasami mo\u017cna otrzyma\u0107 zwrot pieni\u0119dzy.<br \/>Wynagrodzenie jest podane na odcinku wyp\u0142aty:<br \/><strong>Wynagrodzenie netto<\/strong>\u00a0to kwota otrzymana na konto bankowe, bez podatk\u00f3w.<br \/><strong>Wynagrodzenie brutto<\/strong>\u00a0to ca\u0142kowite wynagrodzenie, w tym podatki, od kt\u00f3rego nale\u017cy jeszcze odliczy\u0107 podatki.<br \/><br \/><strong>Przyk\u0142ad<\/strong><br \/>Za\u0142\u00f3\u017cmy, \u017ce Twoje wynagrodzenie wynosi 1600 euro brutto i 1200 euro netto. W takim przypadku p\u0142acisz 400 euro podatk\u00f3w i sk\u0142adek.<br \/><br \/><strong>Podatek\u00a0<\/strong>to kwota, kt\u00f3r\u0105 p\u0142acisz rz\u0105dowi, a kt\u00f3ra jest wykorzystywana na przyk\u0142ad do finansowania dr\u00f3g, szk\u00f3\u0142, policji i \u015bwiadcze\u0144. P\u0142acisz sk\u0142adki na polisy ubezpieczeniowe zwi\u0105zane z Twoj\u0105 prac\u0105, takie jak emerytura, bezrobocie i niepe\u0142nosprawno\u015b\u0107.<\/p>\t\t\t\t\t\t\t\t<\/div>\n\t\t\t\t<\/div>\n\t\t\t\t\t<\/div>\n\t\t<\/div>\n\t\t\t\t\t<\/div>\n\t\t<\/section>\n\t\t\t\t<section class=\"elementor-section elementor-top-section elementor-element elementor-element-f378856 elementor-reverse-tablet elementor-reverse-mobile elementor-section-boxed elementor-section-height-default elementor-section-height-default\" data-id=\"f378856\" data-element_type=\"section\">\n\t\t\t\t\t\t<div class=\"elementor-container elementor-column-gap-default\">\n\t\t\t\t\t<div class=\"elementor-column elementor-col-50 elementor-top-column elementor-element elementor-element-c944c5a\" data-id=\"c944c5a\" data-element_type=\"column\">\n\t\t\t<div class=\"elementor-widget-wrap elementor-element-populated\">\n\t\t\t\t\t\t<div class=\"elementor-element elementor-element-06ec7e2 elementor-widget elementor-widget-text-editor\" data-id=\"06ec7e2\" data-element_type=\"widget\" data-widget_type=\"text-editor.default\">\n\t\t\t\t<div class=\"elementor-widget-container\">\n\t\t\t\t\t\t\t\t\t<h3 class=\"mbr-section-title mbr-fonts-style mb-3 display-5\"><strong>Je\u015bli jeste\u015b w\u0142a\u015bcicielem lub zak\u0142adasz firm\u0119<\/strong><\/h3><p class=\"mbr-text mbr-fonts-style display-7\">Kto\u015b mo\u017ce zosta\u0107 niezale\u017cnym przedsi\u0119biorc\u0105 (= za\u0142o\u017cy\u0107 w\u0142asn\u0105 firm\u0119). Sam jeste\u015b sobie szefem. Ci\u0119\u017cka praca i dobra organizacja = zarabianie du\u017cych pieni\u0119dzy. Choroba lub urlop = brak pieni\u0119dzy!<br \/><br \/><strong>Czego potrzebujesz?<br \/><\/strong>- Czasami wymagane s\u0105 pewne dyplomy, na przyk\u0142ad je\u015bli chcesz rozpocz\u0105\u0107 prac\u0119 jako fryzjer.<br \/>- Aby rozpocz\u0105\u0107, zwykle potrzebne s\u0105 pieni\u0105dze, kt\u00f3re mo\u017cna po\u017cyczy\u0107 z banku<br \/>- Aby otrzyma\u0107 pieni\u0105dze z banku, musisz napisa\u0107 biznesplan (= okre\u015bla on, co chcesz zrobi\u0107 i jak zamierzasz to zrobi\u0107). Bank zawsze chce wiedzie\u0107, jaki jest Tw\u00f3j plan! Je\u015bli zak\u0142adasz w\u0142asn\u0105 firm\u0119, musisz zarejestrowa\u0107 si\u0119 w Izbie Handlowej (= organizacja, kt\u00f3ra pomaga firmom). Wi\u0119cej informacji mo\u017cna znale\u017a\u0107 na stronie:<br \/><br \/><a class=\"text-primary\" href=\"https:\/\/www.kvk.nl\/\" target=\"_blank\" rel=\"noopener\">KVK<\/a>\u00a0 \u00a0Niestety podane informacje s\u0105 tylko w j\u0119zyku niderlandzkim<br \/><br \/>KvK sprawdza, czy firma dzia\u0142a zgodnie z przepisami prawa. Udziela informacji na temat podatk\u00f3w, kurs\u00f3w i biznesplanu.<\/p>\t\t\t\t\t\t\t\t<\/div>\n\t\t\t\t<\/div>\n\t\t\t\t\t<\/div>\n\t\t<\/div>\n\t\t\t\t<div class=\"elementor-column elementor-col-50 elementor-top-column elementor-element elementor-element-c440c33\" data-id=\"c440c33\" data-element_type=\"column\">\n\t\t\t<div class=\"elementor-widget-wrap elementor-element-populated\">\n\t\t\t\t\t\t<div class=\"elementor-element elementor-element-dcb091d elementor-widget elementor-widget-image\" data-id=\"dcb091d\" data-element_type=\"widget\" data-widget_type=\"image.default\">\n\t\t\t\t<div class=\"elementor-widget-container\">\n\t\t\t\t\t\t\t\t\t\t\t\t\t\t\t<img decoding=\"async\" width=\"576\" height=\"946\" src=\"https:\/\/mijn-lo.nl\/wp-content\/uploads\/2024\/02\/own-company2-576x946-1-1.webp\" class=\"attachment-large size-large wp-image-5329\" alt=\"\" srcset=\"https:\/\/mijn-lo.nl\/wp-content\/uploads\/2024\/02\/own-company2-576x946-1-1.webp 576w, https:\/\/mijn-lo.nl\/wp-content\/uploads\/2024\/02\/own-company2-576x946-1-1-183x300.webp 183w, https:\/\/mijn-lo.nl\/wp-content\/uploads\/2024\/02\/own-company2-576x946-1-1-7x12.webp 7w, https:\/\/mijn-lo.nl\/wp-content\/uploads\/2024\/02\/own-company2-576x946-1-1-15x24.webp 15w, https:\/\/mijn-lo.nl\/wp-content\/uploads\/2024\/02\/own-company2-576x946-1-1-22x36.webp 22w, https:\/\/mijn-lo.nl\/wp-content\/uploads\/2024\/02\/own-company2-576x946-1-1-29x48.webp 29w\" sizes=\"(max-width: 576px) 100vw, 576px\" \/>\t\t\t\t\t\t\t\t\t\t\t\t\t\t\t<\/div>\n\t\t\t\t<\/div>\n\t\t\t\t\t<\/div>\n\t\t<\/div>\n\t\t\t\t\t<\/div>\n\t\t<\/section>\n\t\t\t\t<section class=\"elementor-section elementor-top-section elementor-element elementor-element-eeab46b elementor-section-boxed elementor-section-height-default elementor-section-height-default\" data-id=\"eeab46b\" data-element_type=\"section\">\n\t\t\t\t\t\t<div class=\"elementor-container elementor-column-gap-default\">\n\t\t\t\t\t<div class=\"elementor-column elementor-col-50 elementor-top-column elementor-element elementor-element-ff9b4f5\" data-id=\"ff9b4f5\" data-element_type=\"column\">\n\t\t\t<div class=\"elementor-widget-wrap elementor-element-populated\">\n\t\t\t\t\t\t<div class=\"elementor-element elementor-element-ac161c3 elementor-widget elementor-widget-image\" data-id=\"ac161c3\" data-element_type=\"widget\" data-widget_type=\"image.default\">\n\t\t\t\t<div class=\"elementor-widget-container\">\n\t\t\t\t\t\t\t\t\t\t\t\t\t\t\t<img decoding=\"async\" width=\"583\" height=\"934\" src=\"https:\/\/mijn-lo.nl\/wp-content\/uploads\/2024\/02\/together2-583x934-1.webp\" class=\"attachment-large size-large wp-image-4593\" alt=\"\" srcset=\"https:\/\/mijn-lo.nl\/wp-content\/uploads\/2024\/02\/together2-583x934-1.webp 583w, https:\/\/mijn-lo.nl\/wp-content\/uploads\/2024\/02\/together2-583x934-1-187x300.webp 187w, https:\/\/mijn-lo.nl\/wp-content\/uploads\/2024\/02\/together2-583x934-1-7x12.webp 7w, https:\/\/mijn-lo.nl\/wp-content\/uploads\/2024\/02\/together2-583x934-1-15x24.webp 15w, https:\/\/mijn-lo.nl\/wp-content\/uploads\/2024\/02\/together2-583x934-1-22x36.webp 22w, https:\/\/mijn-lo.nl\/wp-content\/uploads\/2024\/02\/together2-583x934-1-30x48.webp 30w\" sizes=\"(max-width: 583px) 100vw, 583px\" \/>\t\t\t\t\t\t\t\t\t\t\t\t\t\t\t<\/div>\n\t\t\t\t<\/div>\n\t\t\t\t\t<\/div>\n\t\t<\/div>\n\t\t\t\t<div class=\"elementor-column elementor-col-50 elementor-top-column elementor-element elementor-element-1c75fdc\" data-id=\"1c75fdc\" data-element_type=\"column\">\n\t\t\t<div class=\"elementor-widget-wrap elementor-element-populated\">\n\t\t\t\t\t\t<div class=\"elementor-element elementor-element-4a855f7 elementor-widget elementor-widget-text-editor\" data-id=\"4a855f7\" data-element_type=\"widget\" data-widget_type=\"text-editor.default\">\n\t\t\t\t<div class=\"elementor-widget-container\">\n\t\t\t\t\t\t\t\t\t<h3 class=\"mbr-section-title mbr-fonts-style mb-3 display-5\"><strong>Pracowa\u0107 razem<\/strong><\/h3><p class=\"mbr-text mbr-fonts-style display-7\">Pracujesz razem z kolegami i czasami organizujesz konsultacje lub spotkania zawodowe, podczas kt\u00f3rych rozmawiasz o pracy, planujesz i omawiasz problemy. W firmie ka\u017cdy dzia\u0142 ma mened\u017cera. Dyrektor jest szefem kadry kierowniczej. Ze swoim menad\u017cerem rozmawiasz inaczej ni\u017c ze zwyk\u0142ymi wsp\u00f3\u0142pracownikami.<\/p><p>\u2022 Dzi\u0119ki wsp\u00f3\u0142pracownikom praca staje si\u0119 przyjemniejsza i \u0142atwiejsza. Pomagacie sobie nawzajem, rozmawiacie ze sob\u0105 i komplementujecie si\u0119. W wielu firmach dzia\u0142aj\u0105 stowarzyszenia pracownik\u00f3w, kt\u00f3re organizuj\u0105 ciekawe zaj\u0119cia, takie jak przyj\u0119cia lub gra w kr\u0119gle.<br \/>\u2022 Prawdopodobnie na pocz\u0105tku b\u0119dziesz pope\u0142nia\u0107 b\u0142\u0119dy, poniewa\u017c wci\u0105\u017c si\u0119 uczysz. Pro\u015b o pomoc i b\u0105d\u017a otwarty na krytyk\u0119. Porozmawiaj ze swoim menad\u017cerem. Przegl\u0105d wynik\u00f3w to rozmowa z prze\u0142o\u017conym na temat przebiegu pracy i tego, co mo\u017cna ulepszy\u0107.<br \/>\u2022 To normalne, \u017ce na pocz\u0105tku pope\u0142niasz b\u0142\u0119dy, poniewa\u017c wci\u0105\u017c si\u0119 uczysz. Wa\u017cne jest, aby prosi\u0107 o pomoc i by\u0107 otwartym na krytyk\u0119, aby da\u0107 z siebie wszystko. Dobrze jest porozmawia\u0107 z szefem.<br \/>\u2022 Ocena wynik\u00f3w to rozmowa z szefem na temat tego, jak wykonujesz swoj\u0105 prac\u0119 i co mo\u017cna ulepszy\u0107.<br \/>- Czasami dochodzi do dyskryminacji, je\u015bli jeste\u015b obcokrajowcem, na przyk\u0142ad je\u015bli jeste\u015b muzu\u0142maninem, a koledzy denerwuj\u0105 si\u0119, gdy chcesz si\u0119 pomodli\u0107. Wa\u017cne jest, aby nie z\u0142o\u015bci\u0107 si\u0119 \u0142atwo, poniewa\u017c czasami mo\u017ce to by\u0107 \u017cart. Je\u015bli to nie ustaje, dobrze jest najpierw porozmawia\u0107 z koleg\u0105. Je\u015bli to nie pomo\u017ce, mo\u017cesz um\u00f3wi\u0107 si\u0119 na spotkanie z szefem lub dyrektorem. <strong>Dyskryminacja jest zabroniona<\/strong> i masz prawo co\u015b z tym zrobi\u0107. Zawsze mo\u017cesz zg\u0142osi\u0107 to na policj\u0119.<\/p>\t\t\t\t\t\t\t\t<\/div>\n\t\t\t\t<\/div>\n\t\t\t\t\t<\/div>\n\t\t<\/div>\n\t\t\t\t\t<\/div>\n\t\t<\/section>\n\t\t\t\t<section class=\"elementor-section elementor-top-section elementor-element elementor-element-2edcca1 elementor-section-boxed elementor-section-height-default elementor-section-height-default\" data-id=\"2edcca1\" data-element_type=\"section\">\n\t\t\t\t\t\t<div class=\"elementor-container elementor-column-gap-default\">\n\t\t\t\t\t<div class=\"elementor-column elementor-col-100 elementor-top-column elementor-element elementor-element-75349f87\" data-id=\"75349f87\" data-element_type=\"column\">\n\t\t\t<div class=\"elementor-widget-wrap elementor-element-populated\">\n\t\t\t\t\t\t<div class=\"elementor-element elementor-element-2d2d0e50 elementor-align-center elementor-widget elementor-widget-button\" data-id=\"2d2d0e50\" data-element_type=\"widget\" data-widget_type=\"button.default\">\n\t\t\t\t<div class=\"elementor-widget-container\">\n\t\t\t\t\t\t\t\t\t<div class=\"elementor-button-wrapper\">\n\t\t\t\t\t<a class=\"elementor-button elementor-button-link elementor-size-sm\" href=\"https:\/\/mijn-lo.nl\/pl\/work\/learn-words-about-work\/\">\n\t\t\t\t\t\t<span class=\"elementor-button-content-wrapper\">\n\t\t\t\t\t\t\t\t\t<span class=\"elementor-button-text\">Kontynuowa\u0107<\/span>\n\t\t\t\t\t<\/span>\n\t\t\t\t\t<\/a>\n\t\t\t\t<\/div>\n\t\t\t\t\t\t\t\t<\/div>\n\t\t\t\t<\/div>\n\t\t\t\t\t<\/div>\n\t\t<\/div>\n\t\t\t\t\t<\/div>\n\t\t<\/section>\n\t\t\t\t<\/div>","protected":false},"excerpt":{"rendered":"<p>Salary and Taxes Once a year you will receive an annual statement stating your gross and net salary for the past year. You have to use this document for the tax return that you must submit on March 1. Sometimes you get money back.The salary is stated on your payslip:Net salary\u00a0is the amount you receive [&hellip;]<\/p>\n","protected":false},"author":1,"featured_media":0,"parent":3364,"menu_order":7,"comment_status":"closed","ping_status":"closed","template":"elementor_canvas","meta":{"site-sidebar-layout":"no-sidebar","site-content-layout":"page-builder","ast-site-content-layout":"full-width-container","site-content-style":"default","site-sidebar-style":"default","ast-global-header-display":"","ast-banner-title-visibility":"","ast-main-header-display":"","ast-hfb-above-header-display":"","ast-hfb-below-header-display":"","ast-hfb-mobile-header-display":"","site-post-title":"disabled","ast-breadcrumbs-content":"","ast-featured-img":"disabled","footer-sml-layout":"","theme-transparent-header-meta":"","adv-header-id-meta":"","stick-header-meta":"","header-above-stick-meta":"","header-main-stick-meta":"","header-below-stick-meta":"","astra-migrate-meta-layouts":"set","ast-page-background-enabled":"default","ast-page-background-meta":{"desktop":{"background-color":"var(--ast-global-color-4)","background-image":"","background-repeat":"repeat","background-position":"center center","background-size":"auto","background-attachment":"scroll","background-type":"","background-media":"","overlay-type":"","overlay-color":"","overlay-opacity":"","overlay-gradient":""},"tablet":{"background-color":"","background-image":"","background-repeat":"repeat","background-position":"center center","background-size":"auto","background-attachment":"scroll","background-type":"","background-media":"","overlay-type":"","overlay-color":"","overlay-opacity":"","overlay-gradient":""},"mobile":{"background-color":"","background-image":"","background-repeat":"repeat","background-position":"center center","background-size":"auto","background-attachment":"scroll","background-type":"","background-media":"","overlay-type":"","overlay-color":"","overlay-opacity":"","overlay-gradient":""}},"ast-content-background-meta":{"desktop":{"background-color":"var(--ast-global-color-5)","background-image":"","background-repeat":"repeat","background-position":"center center","background-size":"auto","background-attachment":"scroll","background-type":"","background-media":"","overlay-type":"","overlay-color":"","overlay-opacity":"","overlay-gradient":""},"tablet":{"background-color":"var(--ast-global-color-5)","background-image":"","background-repeat":"repeat","background-position":"center center","background-size":"auto","background-attachment":"scroll","background-type":"","background-media":"","overlay-type":"","overlay-color":"","overlay-opacity":"","overlay-gradient":""},"mobile":{"background-color":"var(--ast-global-color-5)","background-image":"","background-repeat":"repeat","background-position":"center center","background-size":"auto","background-attachment":"scroll","background-type":"","background-media":"","overlay-type":"","overlay-color":"","overlay-opacity":"","overlay-gradient":""}},"footnotes":""},"class_list":["post-5361","page","type-page","status-publish","hentry"],"_links":{"self":[{"href":"https:\/\/mijn-lo.nl\/pl\/wp-json\/wp\/v2\/pages\/5361","targetHints":{"allow":["GET"]}}],"collection":[{"href":"https:\/\/mijn-lo.nl\/pl\/wp-json\/wp\/v2\/pages"}],"about":[{"href":"https:\/\/mijn-lo.nl\/pl\/wp-json\/wp\/v2\/types\/page"}],"author":[{"embeddable":true,"href":"https:\/\/mijn-lo.nl\/pl\/wp-json\/wp\/v2\/users\/1"}],"replies":[{"embeddable":true,"href":"https:\/\/mijn-lo.nl\/pl\/wp-json\/wp\/v2\/comments?post=5361"}],"version-history":[{"count":13,"href":"https:\/\/mijn-lo.nl\/pl\/wp-json\/wp\/v2\/pages\/5361\/revisions"}],"predecessor-version":[{"id":6322,"href":"https:\/\/mijn-lo.nl\/pl\/wp-json\/wp\/v2\/pages\/5361\/revisions\/6322"}],"up":[{"embeddable":true,"href":"https:\/\/mijn-lo.nl\/pl\/wp-json\/wp\/v2\/pages\/3364"}],"wp:attachment":[{"href":"https:\/\/mijn-lo.nl\/pl\/wp-json\/wp\/v2\/media?parent=5361"}],"curies":[{"name":"wp","href":"https:\/\/api.w.org\/{rel}","templated":true}]}}