{"id":5571,"date":"2024-02-14T16:04:17","date_gmt":"2024-02-14T16:04:17","guid":{"rendered":"http:\/\/mijn-lo.nl\/?page_id=5571"},"modified":"2025-08-19T17:35:53","modified_gmt":"2025-08-19T17:35:53","slug":"finance","status":"publish","type":"page","link":"https:\/\/mijn-lo.nl\/pl\/education\/finance\/","title":{"rendered":"Finanse"},"content":{"rendered":"<div data-elementor-type=\"wp-page\" data-elementor-id=\"5571\" class=\"elementor elementor-5571\" data-elementor-post-type=\"page\">\n\t\t\t\t\t\t<section class=\"elementor-section elementor-top-section elementor-element elementor-element-820a8ba elementor-section-boxed elementor-section-height-default elementor-section-height-default\" data-id=\"820a8ba\" data-element_type=\"section\" data-settings=\"{&quot;background_background&quot;:&quot;classic&quot;}\">\n\t\t\t\t\t\t<div class=\"elementor-container elementor-column-gap-default\">\n\t\t\t\t\t<div class=\"elementor-column elementor-col-100 elementor-top-column elementor-element elementor-element-4f68968\" data-id=\"4f68968\" data-element_type=\"column\">\n\t\t\t<div class=\"elementor-widget-wrap elementor-element-populated\">\n\t\t\t\t\t\t<div class=\"elementor-element elementor-element-cf64e00 elementor-widget elementor-widget-heading\" data-id=\"cf64e00\" data-element_type=\"widget\" data-widget_type=\"heading.default\">\n\t\t\t\t<div class=\"elementor-widget-container\">\n\t\t\t\t\t<h2 class=\"elementor-heading-title elementor-size-default\">Finanse <\/h2>\t\t\t\t<\/div>\n\t\t\t\t<\/div>\n\t\t\t\t\t<\/div>\n\t\t<\/div>\n\t\t\t\t\t<\/div>\n\t\t<\/section>\n\t\t\t\t<section class=\"elementor-section elementor-top-section elementor-element elementor-element-21c66c4 elementor-section-boxed elementor-section-height-default elementor-section-height-default\" data-id=\"21c66c4\" data-element_type=\"section\">\n\t\t\t\t\t\t<div class=\"elementor-container elementor-column-gap-default\">\n\t\t\t\t\t<div class=\"elementor-column elementor-col-50 elementor-top-column elementor-element elementor-element-60e1a44\" data-id=\"60e1a44\" data-element_type=\"column\">\n\t\t\t<div class=\"elementor-widget-wrap elementor-element-populated\">\n\t\t\t\t\t\t<div class=\"elementor-element elementor-element-f6c5e96 elementor-widget elementor-widget-image\" data-id=\"f6c5e96\" data-element_type=\"widget\" data-widget_type=\"image.default\">\n\t\t\t\t<div class=\"elementor-widget-container\">\n\t\t\t\t\t\t\t\t\t\t\t\t\t\t\t<img fetchpriority=\"high\" decoding=\"async\" width=\"766\" height=\"667\" src=\"https:\/\/mijn-lo.nl\/wp-content\/uploads\/2024\/02\/money-766x667-1.webp\" class=\"attachment-large size-large wp-image-4513\" alt=\"\" srcset=\"https:\/\/mijn-lo.nl\/wp-content\/uploads\/2024\/02\/money-766x667-1.webp 766w, https:\/\/mijn-lo.nl\/wp-content\/uploads\/2024\/02\/money-766x667-1-300x261.webp 300w, https:\/\/mijn-lo.nl\/wp-content\/uploads\/2024\/02\/money-766x667-1-14x12.webp 14w, https:\/\/mijn-lo.nl\/wp-content\/uploads\/2024\/02\/money-766x667-1-24x21.webp 24w, https:\/\/mijn-lo.nl\/wp-content\/uploads\/2024\/02\/money-766x667-1-36x31.webp 36w, https:\/\/mijn-lo.nl\/wp-content\/uploads\/2024\/02\/money-766x667-1-48x42.webp 48w\" sizes=\"(max-width: 766px) 100vw, 766px\" \/>\t\t\t\t\t\t\t\t\t\t\t\t\t\t\t<\/div>\n\t\t\t\t<\/div>\n\t\t\t\t<div class=\"elementor-element elementor-element-04aff24 elementor-widget elementor-widget-text-editor\" data-id=\"04aff24\" data-element_type=\"widget\" data-widget_type=\"text-editor.default\">\n\t\t\t\t<div class=\"elementor-widget-container\">\n\t\t\t\t\t\t\t\t\t<p style=\"text-align: center;\">Pieni\u0105dze<\/p>\t\t\t\t\t\t\t\t<\/div>\n\t\t\t\t<\/div>\n\t\t\t\t\t<\/div>\n\t\t<\/div>\n\t\t\t\t<div class=\"elementor-column elementor-col-50 elementor-top-column elementor-element elementor-element-e531f2e\" data-id=\"e531f2e\" data-element_type=\"column\">\n\t\t\t<div class=\"elementor-widget-wrap elementor-element-populated\">\n\t\t\t\t\t\t<div class=\"elementor-element elementor-element-cb7b0bb elementor-widget elementor-widget-text-editor\" data-id=\"cb7b0bb\" data-element_type=\"widget\" data-widget_type=\"text-editor.default\">\n\t\t\t\t<div class=\"elementor-widget-container\">\n\t\t\t\t\t\t\t\t\t<h3 class=\"mbr-section-title mbr-fonts-style mb-3 display-5\"><strong>Edukacja i koszty<\/strong><\/h3><p class=\"mbr-text mbr-fonts-style display-7\">W Holandii koszty szkolne zmieniaj\u0105 si\u0119 w zale\u017cno\u015bci od typu szko\u0142y.<br \/><br \/>Dla ma\u0142ych dzieci w szkole podstawowej (basisschool) jest to bezp\u0142atne. Rodzice mog\u0105 jednak zap\u0142aci\u0107 za niekt\u00f3re rzeczy, takie jak o\u0142\u00f3wki i ksi\u0105\u017cki.<br \/><br \/>Dla wi\u0119kszych dzieci w szkole \u015bredniej (voortgezet onderwijs) jest to r\u00f3wnie\u017c bezp\u0142atne. Ale rodzice musz\u0105 kupi\u0107 niekt\u00f3re rzeczy szkolne.<br \/><br \/>Uczniowie szk\u00f3\u0142 wy\u017cszych (hoger onderwijs) musz\u0105 p\u0142aci\u0107 pieni\u0105dze. Oto, ile mog\u0105 zap\u0142aci\u0107:<br \/><br \/>Uniwersytet: Holenderscy studenci p\u0142ac\u0105 oko\u0142o kilku tysi\u0119cy euro rocznie. Studenci z innych kraj\u00f3w p\u0142ac\u0105 znacznie wi\u0119cej.<br \/>Szko\u0142a nauk stosowanych: Holenderscy studenci p\u0142ac\u0105 kilka tysi\u0119cy euro rocznie. Studenci z innych kraj\u00f3w p\u0142ac\u0105 znacznie wi\u0119cej.<\/p>\t\t\t\t\t\t\t\t<\/div>\n\t\t\t\t<\/div>\n\t\t\t\t\t<\/div>\n\t\t<\/div>\n\t\t\t\t\t<\/div>\n\t\t<\/section>\n\t\t\t\t<section class=\"elementor-section elementor-top-section elementor-element elementor-element-11d6ec2 elementor-reverse-tablet elementor-reverse-mobile elementor-section-boxed elementor-section-height-default elementor-section-height-default\" data-id=\"11d6ec2\" data-element_type=\"section\">\n\t\t\t\t\t\t<div class=\"elementor-container elementor-column-gap-default\">\n\t\t\t\t\t<div class=\"elementor-column elementor-col-50 elementor-top-column elementor-element elementor-element-213854b\" data-id=\"213854b\" data-element_type=\"column\">\n\t\t\t<div class=\"elementor-widget-wrap elementor-element-populated\">\n\t\t\t\t\t\t<div class=\"elementor-element elementor-element-6d77de9 elementor-widget elementor-widget-text-editor\" data-id=\"6d77de9\" data-element_type=\"widget\" data-widget_type=\"text-editor.default\">\n\t\t\t\t<div class=\"elementor-widget-container\">\n\t\t\t\t\t\t\t\t\t<h3 class=\"mbr-section-title mbr-fonts-style mb-3 display-5\"><strong>Po szkole podstawowej<\/strong><\/h3><p class=\"mbr-text mbr-fonts-style display-7\">Odnosimy si\u0119 do podanej ju\u017c ilustracji. Najpierw widzimy okres 2 lat. W rzeczywisto\u015bci wszystkie dzieci otrzymuj\u0105 w tym okresie tak\u0105 sam\u0105 edukacj\u0119. Nast\u0119pnie musz\u0105 wybra\u0107 vwo, havo lub vmbo. Ten wsp\u00f3lny okres zosta\u0142 wprowadzony ze wzgl\u0119d\u00f3w politycznych, ale w praktyce dzieci chodz\u0105 ju\u017c do szko\u0142y vmbo, havo lub vwo. Dlatego w praktyce mo\u017cna napotka\u0107 wyra\u017ane r\u00f3\u017cnice. VWO ma 2 mo\u017cliwo\u015bci: Atheneum i Gymnasium. Gymnasium jest uwa\u017cane za \"najwy\u017csz\u0105 mo\u017cliwo\u015b\u0107\" z kursami \u0142aciny i greki.\u00a0<\/p>\t\t\t\t\t\t\t\t<\/div>\n\t\t\t\t<\/div>\n\t\t\t\t\t<\/div>\n\t\t<\/div>\n\t\t\t\t<div class=\"elementor-column elementor-col-50 elementor-top-column elementor-element elementor-element-0a869f7\" data-id=\"0a869f7\" data-element_type=\"column\">\n\t\t\t<div class=\"elementor-widget-wrap elementor-element-populated\">\n\t\t\t\t\t\t<div class=\"elementor-element elementor-element-78fd82c elementor-widget elementor-widget-image\" data-id=\"78fd82c\" data-element_type=\"widget\" data-widget_type=\"image.default\">\n\t\t\t\t<div class=\"elementor-widget-container\">\n\t\t\t\t\t\t\t\t\t\t\t\t\t\t\t<img decoding=\"async\" width=\"872\" height=\"629\" src=\"https:\/\/mijn-lo.nl\/wp-content\/uploads\/2024\/02\/schoolsysteem2-872x629-1.webp\" class=\"attachment-large size-large wp-image-5562\" alt=\"\" srcset=\"https:\/\/mijn-lo.nl\/wp-content\/uploads\/2024\/02\/schoolsysteem2-872x629-1.webp 872w, https:\/\/mijn-lo.nl\/wp-content\/uploads\/2024\/02\/schoolsysteem2-872x629-1-300x216.webp 300w, https:\/\/mijn-lo.nl\/wp-content\/uploads\/2024\/02\/schoolsysteem2-872x629-1-768x554.webp 768w, https:\/\/mijn-lo.nl\/wp-content\/uploads\/2024\/02\/schoolsysteem2-872x629-1-18x12.webp 18w, https:\/\/mijn-lo.nl\/wp-content\/uploads\/2024\/02\/schoolsysteem2-872x629-1-24x17.webp 24w, https:\/\/mijn-lo.nl\/wp-content\/uploads\/2024\/02\/schoolsysteem2-872x629-1-36x26.webp 36w, https:\/\/mijn-lo.nl\/wp-content\/uploads\/2024\/02\/schoolsysteem2-872x629-1-48x35.webp 48w\" sizes=\"(max-width: 872px) 100vw, 872px\" \/>\t\t\t\t\t\t\t\t\t\t\t\t\t\t\t<\/div>\n\t\t\t\t<\/div>\n\t\t\t\t<div class=\"elementor-element elementor-element-07b498e elementor-widget elementor-widget-text-editor\" data-id=\"07b498e\" data-element_type=\"widget\" data-widget_type=\"text-editor.default\">\n\t\t\t\t<div class=\"elementor-widget-container\">\n\t\t\t\t\t\t\t\t\t<p style=\"text-align: center;\">Pieni\u0105dze<\/p>\t\t\t\t\t\t\t\t<\/div>\n\t\t\t\t<\/div>\n\t\t\t\t\t<\/div>\n\t\t<\/div>\n\t\t\t\t\t<\/div>\n\t\t<\/section>\n\t\t\t\t<section class=\"elementor-section elementor-top-section elementor-element elementor-element-311e16a elementor-section-boxed elementor-section-height-default elementor-section-height-default\" data-id=\"311e16a\" data-element_type=\"section\">\n\t\t\t\t\t\t<div class=\"elementor-container elementor-column-gap-default\">\n\t\t\t\t\t<div class=\"elementor-column elementor-col-50 elementor-top-column elementor-element elementor-element-b6b32b9\" data-id=\"b6b32b9\" data-element_type=\"column\">\n\t\t\t<div class=\"elementor-widget-wrap elementor-element-populated\">\n\t\t\t\t\t\t<div class=\"elementor-element elementor-element-600b574 elementor-widget elementor-widget-image\" data-id=\"600b574\" data-element_type=\"widget\" data-widget_type=\"image.default\">\n\t\t\t\t<div class=\"elementor-widget-container\">\n\t\t\t\t\t\t\t\t\t\t\t\t\t\t\t<img decoding=\"async\" width=\"332\" height=\"500\" src=\"https:\/\/mijn-lo.nl\/wp-content\/uploads\/2024\/02\/euro-help-332x500-1.webp\" class=\"attachment-large size-large wp-image-4514\" alt=\"\" srcset=\"https:\/\/mijn-lo.nl\/wp-content\/uploads\/2024\/02\/euro-help-332x500-1.webp 332w, https:\/\/mijn-lo.nl\/wp-content\/uploads\/2024\/02\/euro-help-332x500-1-199x300.webp 199w, https:\/\/mijn-lo.nl\/wp-content\/uploads\/2024\/02\/euro-help-332x500-1-8x12.webp 8w, https:\/\/mijn-lo.nl\/wp-content\/uploads\/2024\/02\/euro-help-332x500-1-16x24.webp 16w, https:\/\/mijn-lo.nl\/wp-content\/uploads\/2024\/02\/euro-help-332x500-1-24x36.webp 24w, https:\/\/mijn-lo.nl\/wp-content\/uploads\/2024\/02\/euro-help-332x500-1-32x48.webp 32w\" sizes=\"(max-width: 332px) 100vw, 332px\" \/>\t\t\t\t\t\t\t\t\t\t\t\t\t\t\t<\/div>\n\t\t\t\t<\/div>\n\t\t\t\t<div class=\"elementor-element elementor-element-cafad67 elementor-widget elementor-widget-text-editor\" data-id=\"cafad67\" data-element_type=\"widget\" data-widget_type=\"text-editor.default\">\n\t\t\t\t<div class=\"elementor-widget-container\">\n\t\t\t\t\t\t\t\t\t<p style=\"text-align: center;\">Pomoc finansowa<\/p>\t\t\t\t\t\t\t\t<\/div>\n\t\t\t\t<\/div>\n\t\t\t\t\t<\/div>\n\t\t<\/div>\n\t\t\t\t<div class=\"elementor-column elementor-col-50 elementor-top-column elementor-element elementor-element-092da81\" data-id=\"092da81\" data-element_type=\"column\">\n\t\t\t<div class=\"elementor-widget-wrap elementor-element-populated\">\n\t\t\t\t\t\t<div class=\"elementor-element elementor-element-7789889 elementor-widget elementor-widget-text-editor\" data-id=\"7789889\" data-element_type=\"widget\" data-widget_type=\"text-editor.default\">\n\t\t\t\t<div class=\"elementor-widget-container\">\n\t\t\t\t\t\t\t\t\t<h3 class=\"mbr-section-title mbr-fonts-style mb-3 display-5\"><strong>Pomoc finansowa<\/strong><\/h3><p class=\"mbr-text mbr-fonts-style display-7\">Rz\u0105d holenderski zapewnia szereg program\u00f3w pomocy finansowej, aby pom\u00f3c rodzicom o niskich dochodach w pokryciu koszt\u00f3w edukacji ich dzieci. Programy te obejmuj\u0105:<br \/><br \/><strong>\"Bud\u017cet Kindgebonden\"\u00a0<\/strong>(zasi\u0142ek na dziecko): Jest to miesi\u0119czny zasi\u0142ek wyp\u0142acany rodzicom dzieci w wieku poni\u017cej 18 lat. Wysoko\u015b\u0107 zasi\u0142ku zale\u017cy od dochodu rodziny i liczby posiadanych dzieci.<br \/><strong>\"Studietoeslag\"\u00a0<\/strong>(stypendium dla student\u00f3w): Jest to stypendium dost\u0119pne dla student\u00f3w ucz\u0119szczaj\u0105cych do szk\u00f3\u0142 \u015brednich zawodowych (MBO lub VMBO) lub szk\u00f3\u0142 wy\u017cszych (HBO lub WO). Kwota stypendium zale\u017cy od dochodu studenta, dochodu jego rodzic\u00f3w i rodzaju edukacji, kt\u00f3r\u0105 studiuje.<br \/><strong>\"MBO-studentenfonds\"<\/strong>(Fundusz studencki MBO): Fundusz ten udziela po\u017cyczek i dotacji studentom ucz\u0119szczaj\u0105cym do \u015brednich szk\u00f3\u0142 zawodowych (MBO). Po\u017cyczki s\u0105 nieoprocentowane w okresie studi\u00f3w, a okres sp\u0142aty wynosi dziesi\u0119\u0107 lat po uko\u0144czeniu studi\u00f3w.<br \/><strong>\"Tegemoetkoming onderwijskosten\"<\/strong>\u00a0(dodatek na wydatki edukacyjne): Zasi\u0142ek ten jest dost\u0119pny dla student\u00f3w, kt\u00f3rzy ucz\u0119szczaj\u0105 do szko\u0142y \u015bredniej zawodowej (MBO lub VMBO) lub wy\u017cszej (HBO lub WO) i kt\u00f3rzy maj\u0105 niskie dochody. Dodatek ma na celu pom\u00f3c uczniom w pokryciu koszt\u00f3w czesnego, ksi\u0105\u017cek i innych wydatk\u00f3w edukacyjnych.<br \/><br \/>Opr\u00f3cz tych program\u00f3w, rz\u0105d holenderski oferuje r\u00f3wnie\u017c szereg innych \u015bwiadcze\u0144 i zasi\u0142k\u00f3w, kt\u00f3re mog\u0105 pom\u00f3c rodzinom o niskich dochodach w pokryciu koszt\u00f3w wychowania dzieci, takich jak:<br \/><br \/><strong>\"Zorgtoeslag\"<\/strong>\u00a0(zasi\u0142ek na opiek\u0119 zdrowotn\u0105): Zasi\u0142ek ten pomaga pokry\u0107 koszty holenderskiego ubezpieczenia zdrowotnego.<br \/><strong>\"Huurtoeslag\"<\/strong>\u00a0(dodatek czynszowy): Dodatek ten pomaga ludziom pokry\u0107 koszty czynszu.<br \/><strong>\"Kinderbijslag\"<\/strong>\u00a0(dodatek na dziecko): Dodatek ten wyp\u0142acany jest rodzicom dzieci w wieku poni\u017cej 18 lat. Kwota dodatku jest taka sama dla wszystkich rodzin, niezale\u017cnie od dochodu.<br \/><br \/>Aby ubiega\u0107 si\u0119 o udzia\u0142 w kt\u00f3rymkolwiek z tych program\u00f3w, rodzice lub uczniowie mog\u0105 skontaktowa\u0107 si\u0119 z holendersk\u0105 administracj\u0105 podatkow\u0105 i celn\u0105 (<strong>\"Belastingdienst\"<\/strong>). Aby uzyska\u0107 wi\u0119cej informacji, odwied\u017a stron\u0119 internetow\u0105 Belastingdienst lub zadzwo\u0144 na lini\u0119 obs\u0142ugi klienta Belastingdienst pod numer 0800-0543.<\/p>\t\t\t\t\t\t\t\t<\/div>\n\t\t\t\t<\/div>\n\t\t\t\t\t<\/div>\n\t\t<\/div>\n\t\t\t\t\t<\/div>\n\t\t<\/section>\n\t\t\t\t<section class=\"elementor-section elementor-top-section elementor-element elementor-element-2edcca1 elementor-section-boxed elementor-section-height-default elementor-section-height-default\" data-id=\"2edcca1\" data-element_type=\"section\">\n\t\t\t\t\t\t<div class=\"elementor-container elementor-column-gap-default\">\n\t\t\t\t\t<div class=\"elementor-column elementor-col-100 elementor-top-column elementor-element elementor-element-75349f87\" data-id=\"75349f87\" data-element_type=\"column\">\n\t\t\t<div class=\"elementor-widget-wrap elementor-element-populated\">\n\t\t\t\t\t\t<div class=\"elementor-element elementor-element-2d2d0e50 elementor-align-center elementor-widget elementor-widget-button\" data-id=\"2d2d0e50\" data-element_type=\"widget\" data-widget_type=\"button.default\">\n\t\t\t\t<div class=\"elementor-widget-container\">\n\t\t\t\t\t\t\t\t\t<div class=\"elementor-button-wrapper\">\n\t\t\t\t\t<a class=\"elementor-button elementor-button-link elementor-size-sm\" href=\"https:\/\/mijn-lo.nl\/pl\/education\/raising-kids\/\">\n\t\t\t\t\t\t<span class=\"elementor-button-content-wrapper\">\n\t\t\t\t\t\t\t\t\t<span class=\"elementor-button-text\">Kontynuowa\u0107<\/span>\n\t\t\t\t\t<\/span>\n\t\t\t\t\t<\/a>\n\t\t\t\t<\/div>\n\t\t\t\t\t\t\t\t<\/div>\n\t\t\t\t<\/div>\n\t\t\t\t\t<\/div>\n\t\t<\/div>\n\t\t\t\t\t<\/div>\n\t\t<\/section>\n\t\t\t\t<\/div>","protected":false},"excerpt":{"rendered":"<p>Finance Money Education and costs In the Netherlands, school costs change based on the school type. For little kids in primary school (basisschool), it&#8217;s free. But, parents might need to pay for some things like pencils and books. For bigger kids in secondary school (voortgezet onderwijs), it&#8217;s also free. But, parents have to buy some [&hellip;]<\/p>\n","protected":false},"author":1,"featured_media":0,"parent":3363,"menu_order":3,"comment_status":"closed","ping_status":"closed","template":"elementor_canvas","meta":{"site-sidebar-layout":"no-sidebar","site-content-layout":"page-builder","ast-site-content-layout":"full-width-container","site-content-style":"default","site-sidebar-style":"default","ast-global-header-display":"","ast-banner-title-visibility":"","ast-main-header-display":"","ast-hfb-above-header-display":"","ast-hfb-below-header-display":"","ast-hfb-mobile-header-display":"","site-post-title":"disabled","ast-breadcrumbs-content":"","ast-featured-img":"disabled","footer-sml-layout":"","theme-transparent-header-meta":"","adv-header-id-meta":"","stick-header-meta":"","header-above-stick-meta":"","header-main-stick-meta":"","header-below-stick-meta":"","astra-migrate-meta-layouts":"set","ast-page-background-enabled":"default","ast-page-background-meta":{"desktop":{"background-color":"var(--ast-global-color-4)","background-image":"","background-repeat":"repeat","background-position":"center center","background-size":"auto","background-attachment":"scroll","background-type":"","background-media":"","overlay-type":"","overlay-color":"","overlay-opacity":"","overlay-gradient":""},"tablet":{"background-color":"","background-image":"","background-repeat":"repeat","background-position":"center center","background-size":"auto","background-attachment":"scroll","background-type":"","background-media":"","overlay-type":"","overlay-color":"","overlay-opacity":"","overlay-gradient":""},"mobile":{"background-color":"","background-image":"","background-repeat":"repeat","background-position":"center center","background-size":"auto","background-attachment":"scroll","background-type":"","background-media":"","overlay-type":"","overlay-color":"","overlay-opacity":"","overlay-gradient":""}},"ast-content-background-meta":{"desktop":{"background-color":"var(--ast-global-color-5)","background-image":"","background-repeat":"repeat","background-position":"center center","background-size":"auto","background-attachment":"scroll","background-type":"","background-media":"","overlay-type":"","overlay-color":"","overlay-opacity":"","overlay-gradient":""},"tablet":{"background-color":"var(--ast-global-color-5)","background-image":"","background-repeat":"repeat","background-position":"center center","background-size":"auto","background-attachment":"scroll","background-type":"","background-media":"","overlay-type":"","overlay-color":"","overlay-opacity":"","overlay-gradient":""},"mobile":{"background-color":"var(--ast-global-color-5)","background-image":"","background-repeat":"repeat","background-position":"center center","background-size":"auto","background-attachment":"scroll","background-type":"","background-media":"","overlay-type":"","overlay-color":"","overlay-opacity":"","overlay-gradient":""}},"footnotes":""},"class_list":["post-5571","page","type-page","status-publish","hentry"],"_links":{"self":[{"href":"https:\/\/mijn-lo.nl\/pl\/wp-json\/wp\/v2\/pages\/5571","targetHints":{"allow":["GET"]}}],"collection":[{"href":"https:\/\/mijn-lo.nl\/pl\/wp-json\/wp\/v2\/pages"}],"about":[{"href":"https:\/\/mijn-lo.nl\/pl\/wp-json\/wp\/v2\/types\/page"}],"author":[{"embeddable":true,"href":"https:\/\/mijn-lo.nl\/pl\/wp-json\/wp\/v2\/users\/1"}],"replies":[{"embeddable":true,"href":"https:\/\/mijn-lo.nl\/pl\/wp-json\/wp\/v2\/comments?post=5571"}],"version-history":[{"count":7,"href":"https:\/\/mijn-lo.nl\/pl\/wp-json\/wp\/v2\/pages\/5571\/revisions"}],"predecessor-version":[{"id":6298,"href":"https:\/\/mijn-lo.nl\/pl\/wp-json\/wp\/v2\/pages\/5571\/revisions\/6298"}],"up":[{"embeddable":true,"href":"https:\/\/mijn-lo.nl\/pl\/wp-json\/wp\/v2\/pages\/3363"}],"wp:attachment":[{"href":"https:\/\/mijn-lo.nl\/pl\/wp-json\/wp\/v2\/media?parent=5571"}],"curies":[{"name":"wp","href":"https:\/\/api.w.org\/{rel}","templated":true}]}}