{"id":3384,"date":"2023-09-03T10:00:13","date_gmt":"2023-09-03T10:00:13","guid":{"rendered":"http:\/\/mijn-lo.nl\/?page_id=3384"},"modified":"2025-08-19T17:17:29","modified_gmt":"2025-08-19T17:17:29","slug":"the-netherlands-on-the-map","status":"publish","type":"page","link":"https:\/\/mijn-lo.nl\/pt\/the-netherlands\/the-netherlands-on-the-map\/","title":{"rendered":"Os Pa\u00edses Baixos no mapa"},"content":{"rendered":"<div data-elementor-type=\"wp-page\" data-elementor-id=\"3384\" class=\"elementor elementor-3384\" data-elementor-post-type=\"page\">\n\t\t\t\t\t\t<section class=\"elementor-section elementor-top-section elementor-element elementor-element-4ab774c elementor-section-boxed elementor-section-height-default elementor-section-height-default\" data-id=\"4ab774c\" data-element_type=\"section\">\n\t\t\t\t\t\t<div class=\"elementor-container elementor-column-gap-default\">\n\t\t\t\t\t<div class=\"elementor-column elementor-col-50 elementor-top-column elementor-element elementor-element-d52035b\" data-id=\"d52035b\" data-element_type=\"column\">\n\t\t\t<div class=\"elementor-widget-wrap elementor-element-populated\">\n\t\t\t\t\t\t<div class=\"elementor-element elementor-element-5307f71 elementor-widget elementor-widget-image\" data-id=\"5307f71\" data-element_type=\"widget\" data-widget_type=\"image.default\">\n\t\t\t\t<div class=\"elementor-widget-container\">\n\t\t\t\t\t\t\t\t\t\t\t\t\t\t\t<img fetchpriority=\"high\" decoding=\"async\" width=\"786\" height=\"786\" src=\"https:\/\/mijn-lo.nl\/wp-content\/uploads\/2023\/09\/provincies1-786x786-1.webp\" class=\"attachment-large size-large wp-image-3387\" alt=\"\" srcset=\"https:\/\/mijn-lo.nl\/wp-content\/uploads\/2023\/09\/provincies1-786x786-1.webp 786w, https:\/\/mijn-lo.nl\/wp-content\/uploads\/2023\/09\/provincies1-786x786-1-300x300.webp 300w, https:\/\/mijn-lo.nl\/wp-content\/uploads\/2023\/09\/provincies1-786x786-1-150x150.webp 150w, https:\/\/mijn-lo.nl\/wp-content\/uploads\/2023\/09\/provincies1-786x786-1-768x768.webp 768w, https:\/\/mijn-lo.nl\/wp-content\/uploads\/2023\/09\/provincies1-786x786-1-12x12.webp 12w, https:\/\/mijn-lo.nl\/wp-content\/uploads\/2023\/09\/provincies1-786x786-1-24x24.webp 24w, https:\/\/mijn-lo.nl\/wp-content\/uploads\/2023\/09\/provincies1-786x786-1-36x36.webp 36w, https:\/\/mijn-lo.nl\/wp-content\/uploads\/2023\/09\/provincies1-786x786-1-48x48.webp 48w\" sizes=\"(max-width: 786px) 100vw, 786px\" \/>\t\t\t\t\t\t\t\t\t\t\t\t\t\t\t<\/div>\n\t\t\t\t<\/div>\n\t\t\t\t<div class=\"elementor-element elementor-element-12a9154 elementor-widget elementor-widget-text-editor\" data-id=\"12a9154\" data-element_type=\"widget\" data-widget_type=\"text-editor.default\">\n\t\t\t\t<div class=\"elementor-widget-container\">\n\t\t\t\t\t\t\t\t\t<p style=\"text-align: center;\">12 prov\u00edncias = regi\u00e3o com governo e capital pr\u00f3prios<\/p>\t\t\t\t\t\t\t\t<\/div>\n\t\t\t\t<\/div>\n\t\t\t\t\t<\/div>\n\t\t<\/div>\n\t\t\t\t<div class=\"elementor-column elementor-col-50 elementor-top-column elementor-element elementor-element-0de69c5\" data-id=\"0de69c5\" data-element_type=\"column\">\n\t\t\t<div class=\"elementor-widget-wrap elementor-element-populated\">\n\t\t\t\t\t\t<div class=\"elementor-element elementor-element-3ec27b9 elementor-widget elementor-widget-text-editor\" data-id=\"3ec27b9\" data-element_type=\"widget\" data-widget_type=\"text-editor.default\">\n\t\t\t\t<div class=\"elementor-widget-container\">\n\t\t\t\t\t\t\t\t\t<h3 class=\"mbr-section-title mbr-fonts-style mb-3 display-5\"><strong>Os Pa\u00edses Baixos no mapa<\/strong><\/h3>\n<p class=\"mbr-text mbr-fonts-style display-7\">Os Pa\u00edses Baixos s\u00e3o um pa\u00eds pequeno. \u00c9 muito mais pequeno do que, por exemplo, Marrocos e a Turquia. Se conduzir o carro de norte a sul, s\u00e3o cerca de 300 quil\u00f3metros e de este a oeste s\u00e3o cerca de 180 quil\u00f3metros. O ponto mais alto \u00e9\nTamb\u00e9m pode ver as prov\u00edncias no mapa atrav\u00e9s das regi\u00f5es coloridas. Uma prov\u00edncia \u00e9 uma \u00e1rea com o seu pr\u00f3prio governo. Os Pa\u00edses Baixos t\u00eam\u00a0<strong>doze prov\u00edncias<\/strong>\u00a0e cada prov\u00edncia tem a sua pr\u00f3pria capital. Num mapa separado, est\u00e3o indicadas todas as prov\u00edncias.<\/p>\n\u00c9 claro que n\u00e3o precisa de saber todos esses nomes. Mas precisa de saber em que cidade e prov\u00edncia vive. Podem perguntar-lhe isso num exame.\nPelo menos, deve saber os nomes das grandes cidades, como\u00a0<strong>Amesterd\u00e3o, Haia, Roterd\u00e3o<\/strong>\u00a0e\u00a0<strong>Utreque<\/strong>. Em conjunto, formam uma \u00e1rea que se designa por \"<strong>Randstad<\/strong>\u201c.\n\n<audio class=\"wp-audio-shortcode\" id=\"audio-3384-1\" preload=\"none\" style=\"width: 100%;\" controls=\"controls\"><source type=\"audio\/wav\" src=\"https:\/\/mijn-lo.nl\/wp-content\/uploads\/2023\/09\/MAPH1-2-1.wav?_=1\" \/><a href=\"https:\/\/mijn-lo.nl\/wp-content\/uploads\/2023\/09\/MAPH1-2-1.wav\">https:\/\/mijn-lo.nl\/wp-content\/uploads\/2023\/09\/MAPH1-2-1.wav<\/a><\/audio>\t\t\t\t\t\t\t\t<\/div>\n\t\t\t\t<\/div>\n\t\t\t\t\t<\/div>\n\t\t<\/div>\n\t\t\t\t\t<\/div>\n\t\t<\/section>\n\t\t\t\t<section class=\"elementor-section elementor-top-section elementor-element elementor-element-7923254 elementor-section-boxed elementor-section-height-default elementor-section-height-default\" data-id=\"7923254\" data-element_type=\"section\" data-settings=\"{&quot;background_background&quot;:&quot;classic&quot;}\">\n\t\t\t\t\t\t<div class=\"elementor-container elementor-column-gap-default\">\n\t\t\t\t\t<div class=\"elementor-column elementor-col-50 elementor-top-column elementor-element elementor-element-97aa865\" data-id=\"97aa865\" data-element_type=\"column\">\n\t\t\t<div class=\"elementor-widget-wrap elementor-element-populated\">\n\t\t\t\t\t\t<div class=\"elementor-element elementor-element-1f1835d elementor-widget elementor-widget-text-editor\" data-id=\"1f1835d\" data-element_type=\"widget\" data-widget_type=\"text-editor.default\">\n\t\t\t\t<div class=\"elementor-widget-container\">\n\t\t\t\t\t\t\t\t\t<p><strong>Pode indicar no mapa em que prov\u00edncia se encontra atualmente?<\/strong><\/p><p>Os nomes das prov\u00edncias s\u00e3o: Groningen, Friesland, Drenthe, Overijssel, Gelderland, Utrecht, Flevoland, Noord-Holland, Zuid-Holland, Noord-Brabant, Zeeland, Limburg<\/p>\t\t\t\t\t\t\t\t<\/div>\n\t\t\t\t<\/div>\n\t\t\t\t\t<\/div>\n\t\t<\/div>\n\t\t\t\t<div class=\"elementor-column elementor-col-50 elementor-top-column elementor-element elementor-element-dc65b0e\" data-id=\"dc65b0e\" data-element_type=\"column\">\n\t\t\t<div class=\"elementor-widget-wrap elementor-element-populated\">\n\t\t\t\t\t\t<div class=\"elementor-element elementor-element-dab5ec0 elementor-widget elementor-widget-video\" data-id=\"dab5ec0\" data-element_type=\"widget\" data-settings=\"{&quot;video_type&quot;:&quot;vimeo&quot;}\" data-widget_type=\"video.default\">\n\t\t\t\t<div class=\"elementor-widget-container\">\n\t\t\t\t\t\t\t<div class=\"elementor-wrapper elementor-open-inline\">\n\t\t\t<iframe class=\"elementor-video-iframe\" allowfullscreen allow=\"clipboard-write\" title=\"Leitor de V\u00eddeo Vimeo\" src=\"https:\/\/player.vimeo.com\/video\/860605269?color&amp;autopause=0&amp;loop=0&amp;muted=0&amp;title=1&amp;portrait=1&amp;byline=1&amp;h=3707e15853#t=\"><\/iframe>\t\t<\/div>\n\t\t\t\t\t\t<\/div>\n\t\t\t\t<\/div>\n\t\t\t\t<div class=\"elementor-element elementor-element-6518cac elementor-widget elementor-widget-text-editor\" data-id=\"6518cac\" data-element_type=\"widget\" data-widget_type=\"text-editor.default\">\n\t\t\t\t<div class=\"elementor-widget-container\">\n\t\t\t\t\t\t\t\t\t<p style=\"text-align: center;\">12 prov\u00edncias = regi\u00e3o com governo e capital pr\u00f3prios<\/p>\t\t\t\t\t\t\t\t<\/div>\n\t\t\t\t<\/div>\n\t\t\t\t\t<\/div>\n\t\t<\/div>\n\t\t\t\t\t<\/div>\n\t\t<\/section>\n\t\t\t\t<section class=\"elementor-section elementor-top-section elementor-element elementor-element-af23b0c elementor-section-boxed elementor-section-height-default elementor-section-height-default\" data-id=\"af23b0c\" data-element_type=\"section\">\n\t\t\t\t\t\t<div class=\"elementor-container elementor-column-gap-default\">\n\t\t\t\t\t<div class=\"elementor-column elementor-col-100 elementor-top-column elementor-element elementor-element-bd11c90\" data-id=\"bd11c90\" data-element_type=\"column\">\n\t\t\t<div class=\"elementor-widget-wrap elementor-element-populated\">\n\t\t\t\t\t\t<div class=\"elementor-element elementor-element-6c48c85 elementor-widget elementor-widget-text-editor\" data-id=\"6c48c85\" data-element_type=\"widget\" data-widget_type=\"text-editor.default\">\n\t\t\t\t<div class=\"elementor-widget-container\">\n\t\t\t\t\t\t\t\t\t<h3><span style=\"font-style: inherit; color: var( --e-global-color-text ); font-family: var( --e-global-typography-text-font-family ), Sans-serif; background-color: var(--ast-global-color-5);\">Como se pode ver, os Pa\u00edses Baixos est\u00e3o situados no Mar do Norte e t\u00eam dois pa\u00edses vizinhos, nomeadamente a Alemanha a leste e a B\u00e9lgica a sul.<\/span><\/h3>\t\t\t\t\t\t\t\t<\/div>\n\t\t\t\t<\/div>\n\t\t\t\t\t<\/div>\n\t\t<\/div>\n\t\t\t\t\t<\/div>\n\t\t<\/section>\n\t\t\t\t<section class=\"elementor-section elementor-top-section elementor-element elementor-element-69facff elementor-section-boxed elementor-section-height-default elementor-section-height-default\" data-id=\"69facff\" data-element_type=\"section\">\n\t\t\t\t\t\t<div class=\"elementor-container elementor-column-gap-default\">\n\t\t\t\t\t<div class=\"elementor-column elementor-col-33 elementor-top-column elementor-element elementor-element-2215d22\" data-id=\"2215d22\" data-element_type=\"column\">\n\t\t\t<div class=\"elementor-widget-wrap elementor-element-populated\">\n\t\t\t\t\t\t<div class=\"elementor-element elementor-element-16c53cd elementor-widget elementor-widget-image\" data-id=\"16c53cd\" data-element_type=\"widget\" data-widget_type=\"image.default\">\n\t\t\t\t<div class=\"elementor-widget-container\">\n\t\t\t\t\t\t\t\t\t\t\t\t\t\t\t<img decoding=\"async\" width=\"739\" height=\"900\" src=\"https:\/\/mijn-lo.nl\/wp-content\/uploads\/2023\/09\/nl1-739x900-1.webp\" class=\"attachment-large size-large wp-image-3396\" alt=\"\" srcset=\"https:\/\/mijn-lo.nl\/wp-content\/uploads\/2023\/09\/nl1-739x900-1.webp 739w, https:\/\/mijn-lo.nl\/wp-content\/uploads\/2023\/09\/nl1-739x900-1-246x300.webp 246w, https:\/\/mijn-lo.nl\/wp-content\/uploads\/2023\/09\/nl1-739x900-1-10x12.webp 10w, https:\/\/mijn-lo.nl\/wp-content\/uploads\/2023\/09\/nl1-739x900-1-20x24.webp 20w, https:\/\/mijn-lo.nl\/wp-content\/uploads\/2023\/09\/nl1-739x900-1-30x36.webp 30w, https:\/\/mijn-lo.nl\/wp-content\/uploads\/2023\/09\/nl1-739x900-1-39x48.webp 39w\" sizes=\"(max-width: 739px) 100vw, 739px\" \/>\t\t\t\t\t\t\t\t\t\t\t\t\t\t\t<\/div>\n\t\t\t\t<\/div>\n\t\t\t\t\t<\/div>\n\t\t<\/div>\n\t\t\t\t<div class=\"elementor-column elementor-col-33 elementor-top-column elementor-element elementor-element-0c44531\" data-id=\"0c44531\" data-element_type=\"column\">\n\t\t\t<div class=\"elementor-widget-wrap elementor-element-populated\">\n\t\t\t\t\t\t<div class=\"elementor-element elementor-element-7a2e8eb elementor-widget__width-initial elementor-widget elementor-widget-text-editor\" data-id=\"7a2e8eb\" data-element_type=\"widget\" data-widget_type=\"text-editor.default\">\n\t\t\t\t<div class=\"elementor-widget-container\">\n\t\t\t\t\t\t\t\t\t<strong>1. Pa\u00edses Baixos<\/strong>\n\n<audio class=\"wp-audio-shortcode\" id=\"audio-3384-2\" preload=\"none\" style=\"width: 100%;\" controls=\"controls\"><source type=\"audio\/wav\" src=\"https:\/\/mijn-lo.nl\/wp-content\/uploads\/2023\/09\/nederland.wav?_=2\" \/><a href=\"https:\/\/mijn-lo.nl\/wp-content\/uploads\/2023\/09\/nederland.wav\">https:\/\/mijn-lo.nl\/wp-content\/uploads\/2023\/09\/nederland.wav<\/a><\/audio>\n\n<strong>2. B\u00e9lgica<\/strong>\n\n<audio class=\"wp-audio-shortcode\" id=\"audio-3384-3\" preload=\"none\" style=\"width: 100%;\" controls=\"controls\"><source type=\"audio\/wav\" src=\"https:\/\/mijn-lo.nl\/wp-content\/uploads\/2023\/09\/belgie.wav?_=3\" \/><a href=\"https:\/\/mijn-lo.nl\/wp-content\/uploads\/2023\/09\/belgie.wav\">https:\/\/mijn-lo.nl\/wp-content\/uploads\/2023\/09\/belgie.wav<\/a><\/audio>\n\n<strong>3. Duitsland<\/strong>\n\n<audio class=\"wp-audio-shortcode\" id=\"audio-3384-4\" preload=\"none\" style=\"width: 100%;\" controls=\"controls\"><source type=\"audio\/wav\" src=\"https:\/\/mijn-lo.nl\/wp-content\/uploads\/2023\/09\/duitsland.wav?_=4\" \/><a href=\"https:\/\/mijn-lo.nl\/wp-content\/uploads\/2023\/09\/duitsland.wav\">https:\/\/mijn-lo.nl\/wp-content\/uploads\/2023\/09\/duitsland.wav<\/a><\/audio>\n\n<strong>4. Noordzee<\/strong>\n\n<audio class=\"wp-audio-shortcode\" id=\"audio-3384-5\" preload=\"none\" style=\"width: 100%;\" controls=\"controls\"><source type=\"audio\/wav\" src=\"https:\/\/mijn-lo.nl\/wp-content\/uploads\/2023\/09\/noordzee.wav?_=5\" \/><a href=\"https:\/\/mijn-lo.nl\/wp-content\/uploads\/2023\/09\/noordzee.wav\">https:\/\/mijn-lo.nl\/wp-content\/uploads\/2023\/09\/noordzee.wav<\/a><\/audio>\n\n<strong><span style=\"color: #ff0000;\">5. Amesterd\u00e3o<\/span><\/strong>\n\n<audio class=\"wp-audio-shortcode\" id=\"audio-3384-6\" preload=\"none\" style=\"width: 100%;\" controls=\"controls\"><source type=\"audio\/wav\" src=\"https:\/\/mijn-lo.nl\/wp-content\/uploads\/2023\/09\/amsterdam.wav?_=6\" \/><a href=\"https:\/\/mijn-lo.nl\/wp-content\/uploads\/2023\/09\/amsterdam.wav\">https:\/\/mijn-lo.nl\/wp-content\/uploads\/2023\/09\/amsterdam.wav<\/a><\/audio>\n\n<strong><span style=\"color: #ff0000;\">6. Haia<\/span><\/strong>\n\n<audio class=\"wp-audio-shortcode\" id=\"audio-3384-7\" preload=\"none\" style=\"width: 100%;\" controls=\"controls\"><source type=\"audio\/wav\" src=\"https:\/\/mijn-lo.nl\/wp-content\/uploads\/2023\/09\/denhaag.wav?_=7\" \/><a href=\"https:\/\/mijn-lo.nl\/wp-content\/uploads\/2023\/09\/denhaag.wav\">https:\/\/mijn-lo.nl\/wp-content\/uploads\/2023\/09\/denhaag.wav<\/a><\/audio>\n\n<strong><span style=\"color: #ff0000;\">7. Roterd\u00e3o<\/span><\/strong>\n\n<audio class=\"wp-audio-shortcode\" id=\"audio-3384-8\" preload=\"none\" style=\"width: 100%;\" controls=\"controls\"><source type=\"audio\/wav\" src=\"https:\/\/mijn-lo.nl\/wp-content\/uploads\/2023\/09\/rotterdam.wav?_=8\" \/><a href=\"https:\/\/mijn-lo.nl\/wp-content\/uploads\/2023\/09\/rotterdam.wav\">https:\/\/mijn-lo.nl\/wp-content\/uploads\/2023\/09\/rotterdam.wav<\/a><\/audio>\t\t\t\t\t\t\t\t<\/div>\n\t\t\t\t<\/div>\n\t\t\t\t\t<\/div>\n\t\t<\/div>\n\t\t\t\t<div class=\"elementor-column elementor-col-33 elementor-top-column elementor-element elementor-element-009a1f7\" data-id=\"009a1f7\" data-element_type=\"column\">\n\t\t\t<div class=\"elementor-widget-wrap elementor-element-populated\">\n\t\t\t\t\t\t<div class=\"elementor-element elementor-element-aee7727 elementor-widget__width-initial elementor-widget elementor-widget-text-editor\" data-id=\"aee7727\" data-element_type=\"widget\" data-widget_type=\"text-editor.default\">\n\t\t\t\t<div class=\"elementor-widget-container\">\n\t\t\t\t\t\t\t\t\t<strong><span style=\"color: #ff0000;\">8. Utreque<\/span><\/strong>\n\n<audio class=\"wp-audio-shortcode\" id=\"audio-3384-9\" preload=\"none\" style=\"width: 100%;\" controls=\"controls\"><source type=\"audio\/wav\" src=\"https:\/\/mijn-lo.nl\/wp-content\/uploads\/2023\/09\/utrecht.wav?_=9\" \/><a href=\"https:\/\/mijn-lo.nl\/wp-content\/uploads\/2023\/09\/utrecht.wav\">https:\/\/mijn-lo.nl\/wp-content\/uploads\/2023\/09\/utrecht.wav<\/a><\/audio>\n\n<strong><span style=\"color: #ff0000;\">9. Eindhoven<\/span><\/strong>\n\n<audio class=\"wp-audio-shortcode\" id=\"audio-3384-10\" preload=\"none\" style=\"width: 100%;\" controls=\"controls\"><source type=\"audio\/wav\" src=\"https:\/\/mijn-lo.nl\/wp-content\/uploads\/2023\/09\/eindhoven.wav?_=10\" \/><a href=\"https:\/\/mijn-lo.nl\/wp-content\/uploads\/2023\/09\/eindhoven.wav\">https:\/\/mijn-lo.nl\/wp-content\/uploads\/2023\/09\/eindhoven.wav<\/a><\/audio>\n\n<strong><span style=\"color: #ff0000;\">10. Maastricht<\/span><\/strong>\n\n<audio class=\"wp-audio-shortcode\" id=\"audio-3384-11\" preload=\"none\" style=\"width: 100%;\" controls=\"controls\"><source type=\"audio\/wav\" src=\"https:\/\/mijn-lo.nl\/wp-content\/uploads\/2023\/09\/maastricht.wav?_=11\" \/><a href=\"https:\/\/mijn-lo.nl\/wp-content\/uploads\/2023\/09\/maastricht.wav\">https:\/\/mijn-lo.nl\/wp-content\/uploads\/2023\/09\/maastricht.wav<\/a><\/audio>\n\n<strong><span style=\"color: #ff0000;\">11. Groningen<\/span><\/strong>\n\n<audio class=\"wp-audio-shortcode\" id=\"audio-3384-12\" preload=\"none\" style=\"width: 100%;\" controls=\"controls\"><source type=\"audio\/wav\" src=\"https:\/\/mijn-lo.nl\/wp-content\/uploads\/2023\/09\/groningen.wav?_=12\" \/><a href=\"https:\/\/mijn-lo.nl\/wp-content\/uploads\/2023\/09\/groningen.wav\">https:\/\/mijn-lo.nl\/wp-content\/uploads\/2023\/09\/groningen.wav<\/a><\/audio>\n\n<strong><span style=\"color: #ff0000;\">12. Leeuwarden<\/span><\/strong>\n\n<audio class=\"wp-audio-shortcode\" id=\"audio-3384-13\" preload=\"none\" style=\"width: 100%;\" controls=\"controls\"><source type=\"audio\/wav\" src=\"https:\/\/mijn-lo.nl\/wp-content\/uploads\/2023\/09\/leeuwarden.wav?_=13\" \/><a href=\"https:\/\/mijn-lo.nl\/wp-content\/uploads\/2023\/09\/leeuwarden.wav\">https:\/\/mijn-lo.nl\/wp-content\/uploads\/2023\/09\/leeuwarden.wav<\/a><\/audio>\n\n<strong><span style=\"color: #ff0000;\">13. Zwolle<\/span><\/strong>\n\n<audio class=\"wp-audio-shortcode\" id=\"audio-3384-14\" preload=\"none\" style=\"width: 100%;\" controls=\"controls\"><source type=\"audio\/wav\" src=\"https:\/\/mijn-lo.nl\/wp-content\/uploads\/2023\/09\/zwolle.wav?_=14\" \/><a href=\"https:\/\/mijn-lo.nl\/wp-content\/uploads\/2023\/09\/zwolle.wav\">https:\/\/mijn-lo.nl\/wp-content\/uploads\/2023\/09\/zwolle.wav<\/a><\/audio>\n\n<strong><span style=\"color: #ff0000;\">14. Arnhem<\/span><\/strong>\n\n<audio class=\"wp-audio-shortcode\" id=\"audio-3384-15\" preload=\"none\" style=\"width: 100%;\" controls=\"controls\"><source type=\"audio\/wav\" src=\"https:\/\/mijn-lo.nl\/wp-content\/uploads\/2023\/09\/arnhem.wav?_=15\" \/><a href=\"https:\/\/mijn-lo.nl\/wp-content\/uploads\/2023\/09\/arnhem.wav\">https:\/\/mijn-lo.nl\/wp-content\/uploads\/2023\/09\/arnhem.wav<\/a><\/audio>\t\t\t\t\t\t\t\t<\/div>\n\t\t\t\t<\/div>\n\t\t\t\t\t<\/div>\n\t\t<\/div>\n\t\t\t\t\t<\/div>\n\t\t<\/section>\n\t\t\t\t<section class=\"elementor-section elementor-top-section elementor-element elementor-element-59279571 elementor-section-boxed elementor-section-height-default elementor-section-height-default\" data-id=\"59279571\" data-element_type=\"section\">\n\t\t\t\t\t\t<div class=\"elementor-container elementor-column-gap-default\">\n\t\t\t\t\t<div class=\"elementor-column elementor-col-100 elementor-top-column elementor-element elementor-element-31387f13\" data-id=\"31387f13\" data-element_type=\"column\">\n\t\t\t<div class=\"elementor-widget-wrap elementor-element-populated\">\n\t\t\t\t\t\t<div class=\"elementor-element elementor-element-2e198351 elementor-align-center elementor-widget elementor-widget-button\" data-id=\"2e198351\" data-element_type=\"widget\" data-widget_type=\"button.default\">\n\t\t\t\t<div class=\"elementor-widget-container\">\n\t\t\t\t\t\t\t\t\t<div class=\"elementor-button-wrapper\">\n\t\t\t\t\t<a class=\"elementor-button elementor-button-link elementor-size-sm\" href=\"https:\/\/mijn-lo.nl\/pt\/the-netherlands\/big-cities-and-the-randstad\/\">\n\t\t\t\t\t\t<span class=\"elementor-button-content-wrapper\">\n\t\t\t\t\t\t\t\t\t<span class=\"elementor-button-text\">continuar<\/span>\n\t\t\t\t\t<\/span>\n\t\t\t\t\t<\/a>\n\t\t\t\t<\/div>\n\t\t\t\t\t\t\t\t<\/div>\n\t\t\t\t<\/div>\n\t\t\t\t\t<\/div>\n\t\t<\/div>\n\t\t\t\t\t<\/div>\n\t\t<\/section>\n\t\t\t\t<\/div>","protected":false},"excerpt":{"rendered":"<p>12 provinces = region with own government and capital The Netherlands on the map The Netherlands is a small country. It is much smaller than, for example, Morocco and Turkey. If you drive the car from north to south it is about 300 kilometers and from east to west it is about 180 kilometers. The [&hellip;]<\/p>\n","protected":false},"author":1,"featured_media":0,"parent":5002,"menu_order":2,"comment_status":"closed","ping_status":"closed","template":"elementor_canvas","meta":{"site-sidebar-layout":"no-sidebar","site-content-layout":"page-builder","ast-site-content-layout":"full-width-container","site-content-style":"default","site-sidebar-style":"default","ast-global-header-display":"","ast-banner-title-visibility":"","ast-main-header-display":"","ast-hfb-above-header-display":"","ast-hfb-below-header-display":"","ast-hfb-mobile-header-display":"","site-post-title":"disabled","ast-breadcrumbs-content":"","ast-featured-img":"disabled","footer-sml-layout":"","theme-transparent-header-meta":"","adv-header-id-meta":"","stick-header-meta":"","header-above-stick-meta":"","header-main-stick-meta":"","header-below-stick-meta":"","astra-migrate-meta-layouts":"set","ast-page-background-enabled":"default","ast-page-background-meta":{"desktop":{"background-color":"var(--ast-global-color-4)","background-image":"","background-repeat":"repeat","background-position":"center center","background-size":"auto","background-attachment":"scroll","background-type":"","background-media":"","overlay-type":"","overlay-color":"","overlay-opacity":"","overlay-gradient":""},"tablet":{"background-color":"","background-image":"","background-repeat":"repeat","background-position":"center center","background-size":"auto","background-attachment":"scroll","background-type":"","background-media":"","overlay-type":"","overlay-color":"","overlay-opacity":"","overlay-gradient":""},"mobile":{"background-color":"","background-image":"","background-repeat":"repeat","background-position":"center center","background-size":"auto","background-attachment":"scroll","background-type":"","background-media":"","overlay-type":"","overlay-color":"","overlay-opacity":"","overlay-gradient":""}},"ast-content-background-meta":{"desktop":{"background-color":"var(--ast-global-color-5)","background-image":"","background-repeat":"repeat","background-position":"center center","background-size":"auto","background-attachment":"scroll","background-type":"","background-media":"","overlay-type":"","overlay-color":"","overlay-opacity":"","overlay-gradient":""},"tablet":{"background-color":"var(--ast-global-color-5)","background-image":"","background-repeat":"repeat","background-position":"center center","background-size":"auto","background-attachment":"scroll","background-type":"","background-media":"","overlay-type":"","overlay-color":"","overlay-opacity":"","overlay-gradient":""},"mobile":{"background-color":"var(--ast-global-color-5)","background-image":"","background-repeat":"repeat","background-position":"center center","background-size":"auto","background-attachment":"scroll","background-type":"","background-media":"","overlay-type":"","overlay-color":"","overlay-opacity":"","overlay-gradient":""}},"footnotes":""},"class_list":["post-3384","page","type-page","status-publish","hentry"],"_links":{"self":[{"href":"https:\/\/mijn-lo.nl\/pt\/wp-json\/wp\/v2\/pages\/3384","targetHints":{"allow":["GET"]}}],"collection":[{"href":"https:\/\/mijn-lo.nl\/pt\/wp-json\/wp\/v2\/pages"}],"about":[{"href":"https:\/\/mijn-lo.nl\/pt\/wp-json\/wp\/v2\/types\/page"}],"author":[{"embeddable":true,"href":"https:\/\/mijn-lo.nl\/pt\/wp-json\/wp\/v2\/users\/1"}],"replies":[{"embeddable":true,"href":"https:\/\/mijn-lo.nl\/pt\/wp-json\/wp\/v2\/comments?post=3384"}],"version-history":[{"count":97,"href":"https:\/\/mijn-lo.nl\/pt\/wp-json\/wp\/v2\/pages\/3384\/revisions"}],"predecessor-version":[{"id":6211,"href":"https:\/\/mijn-lo.nl\/pt\/wp-json\/wp\/v2\/pages\/3384\/revisions\/6211"}],"up":[{"embeddable":true,"href":"https:\/\/mijn-lo.nl\/pt\/wp-json\/wp\/v2\/pages\/5002"}],"wp:attachment":[{"href":"https:\/\/mijn-lo.nl\/pt\/wp-json\/wp\/v2\/media?parent=3384"}],"curies":[{"name":"wp","href":"https:\/\/api.w.org\/{rel}","templated":true}]}}