{"id":4132,"date":"2024-02-03T15:49:17","date_gmt":"2024-02-03T15:49:17","guid":{"rendered":"http:\/\/mijn-lo.nl\/?page_id=4132"},"modified":"2025-08-19T17:25:25","modified_gmt":"2025-08-19T17:25:25","slug":"mortgage","status":"publish","type":"page","link":"https:\/\/mijn-lo.nl\/pt\/housing\/mortgage\/","title":{"rendered":"Mortgage"},"content":{"rendered":"<div data-elementor-type=\"wp-page\" data-elementor-id=\"4132\" class=\"elementor elementor-4132\" data-elementor-post-type=\"page\">\n\t\t\t\t\t\t<section class=\"elementor-section elementor-top-section elementor-element elementor-element-d43131f elementor-section-boxed elementor-section-height-default elementor-section-height-default\" data-id=\"d43131f\" data-element_type=\"section\">\n\t\t\t\t\t\t<div class=\"elementor-container elementor-column-gap-default\">\n\t\t\t\t\t<div class=\"elementor-column elementor-col-50 elementor-top-column elementor-element elementor-element-1189115\" data-id=\"1189115\" data-element_type=\"column\">\n\t\t\t<div class=\"elementor-widget-wrap elementor-element-populated\">\n\t\t\t\t\t\t<div class=\"elementor-element elementor-element-ec4366b elementor-widget elementor-widget-image\" data-id=\"ec4366b\" data-element_type=\"widget\" data-widget_type=\"image.default\">\n\t\t\t\t<div class=\"elementor-widget-container\">\n\t\t\t\t\t\t\t\t\t\t\t\t\t\t\t<img fetchpriority=\"high\" decoding=\"async\" width=\"570\" height=\"823\" src=\"https:\/\/mijn-lo.nl\/wp-content\/uploads\/2024\/02\/hypotheektxt-570x823-1.webp\" class=\"attachment-large size-large wp-image-4134\" alt=\"\" srcset=\"https:\/\/mijn-lo.nl\/wp-content\/uploads\/2024\/02\/hypotheektxt-570x823-1.webp 570w, https:\/\/mijn-lo.nl\/wp-content\/uploads\/2024\/02\/hypotheektxt-570x823-1-208x300.webp 208w, https:\/\/mijn-lo.nl\/wp-content\/uploads\/2024\/02\/hypotheektxt-570x823-1-8x12.webp 8w, https:\/\/mijn-lo.nl\/wp-content\/uploads\/2024\/02\/hypotheektxt-570x823-1-17x24.webp 17w, https:\/\/mijn-lo.nl\/wp-content\/uploads\/2024\/02\/hypotheektxt-570x823-1-25x36.webp 25w, https:\/\/mijn-lo.nl\/wp-content\/uploads\/2024\/02\/hypotheektxt-570x823-1-33x48.webp 33w\" sizes=\"(max-width: 570px) 100vw, 570px\" \/>\t\t\t\t\t\t\t\t\t\t\t\t\t\t\t<\/div>\n\t\t\t\t<\/div>\n\t\t\t\t<div class=\"elementor-element elementor-element-be81f1b elementor-widget elementor-widget-text-editor\" data-id=\"be81f1b\" data-element_type=\"widget\" data-widget_type=\"text-editor.default\">\n\t\t\t\t<div class=\"elementor-widget-container\">\n\t\t\t\t\t\t\t\t\t<p>Cada hipoteca est\u00e1 relacionada com uma percentagem<\/p>\t\t\t\t\t\t\t\t<\/div>\n\t\t\t\t<\/div>\n\t\t\t\t\t<\/div>\n\t\t<\/div>\n\t\t\t\t<div class=\"elementor-column elementor-col-50 elementor-top-column elementor-element elementor-element-b74fd01\" data-id=\"b74fd01\" data-element_type=\"column\">\n\t\t\t<div class=\"elementor-widget-wrap elementor-element-populated\">\n\t\t\t\t\t\t<div class=\"elementor-element elementor-element-669e7d1 elementor-widget elementor-widget-text-editor\" data-id=\"669e7d1\" data-element_type=\"widget\" data-widget_type=\"text-editor.default\">\n\t\t\t\t<div class=\"elementor-widget-container\">\n\t\t\t\t\t\t\t\t\t<h3 class=\"mbr-section-title mbr-fonts-style mb-3 display-5\"><strong>Para obter uma hipoteca (neerland\u00eas: \"hypotheek\")<\/strong><\/h3><p>Para comprar uma casa, \u00e9 geralmente necess\u00e1rio um empr\u00e9stimo hipotec\u00e1rio. Para obter uma hipoteca do banco, h\u00e1 passos importantes a seguir:<\/p><p><strong>Calcule o seu or\u00e7amento:<\/strong>\u00a0Antes de solicitar um empr\u00e9stimo hipotec\u00e1rio, \u00e9 necess\u00e1rio saber quanto dinheiro pode pedir emprestado. Considere os seus rendimentos, despesas e poupan\u00e7as para determinar um or\u00e7amento para comprar uma casa.<br \/><strong><br \/>Pesquisar op\u00e7\u00f5es de hipoteca<\/strong>: Existem diferentes tipos de empr\u00e9stimos hipotec\u00e1rios propostos pelos bancos, cada um com as suas pr\u00f3prias condi\u00e7\u00f5es e taxas de juro. Procure diferentes credores e compare as suas op\u00e7\u00f5es de hipoteca para encontrar uma que se adapte \u00e0s suas necessidades. Os tipos mais comuns incluem hipotecas de taxa fixa e de taxa ajust\u00e1vel.<\/p><p><strong>Reunir os documentos necess\u00e1rios<\/strong>: Para se candidatar a uma hipoteca, ter\u00e1 de fornecer documentos espec\u00edficos que demonstrem a sua situa\u00e7\u00e3o financeira. Estes podem incluir prova de rendimento (como recibos de vencimento ou declara\u00e7\u00f5es de impostos), extractos banc\u00e1rios, identifica\u00e7\u00e3o, verifica\u00e7\u00e3o de emprego e detalhes sobre quaisquer d\u00edvidas ou empr\u00e9stimos existentes.<\/p><p><strong>Encontrar um im\u00f3vel e fazer uma oferta<\/strong>: Depois de conhecer o seu or\u00e7amento, comece a procurar uma casa adequada. Pode recorrer a um agente imobili\u00e1rio ou procurar an\u00fancios online. Quando encontrar uma casa que queira comprar, fa\u00e7a uma oferta ao vendedor.<\/p><p><strong>Solicitar a hipoteca:<\/strong>\u00a0Depois de a sua oferta ser aceite, ter\u00e1 de solicitar formalmente a hipoteca ao banco que escolheu. Apresente todos os documentos necess\u00e1rios e preencha os formul\u00e1rios de candidatura. O banco analisar\u00e1 o seu pedido, incluindo o seu historial de cr\u00e9dito, estabilidade de emprego e informa\u00e7\u00f5es financeiras.<\/p>\t\t\t\t\t\t\t\t<\/div>\n\t\t\t\t<\/div>\n\t\t\t\t\t<\/div>\n\t\t<\/div>\n\t\t\t\t\t<\/div>\n\t\t<\/section>\n\t\t\t\t<section class=\"elementor-section elementor-top-section elementor-element elementor-element-66a8790 elementor-reverse-tablet elementor-reverse-mobile elementor-section-boxed elementor-section-height-default elementor-section-height-default\" data-id=\"66a8790\" data-element_type=\"section\">\n\t\t\t\t\t\t<div class=\"elementor-container elementor-column-gap-default\">\n\t\t\t\t\t<div class=\"elementor-column elementor-col-50 elementor-top-column elementor-element elementor-element-a301002\" data-id=\"a301002\" data-element_type=\"column\">\n\t\t\t<div class=\"elementor-widget-wrap elementor-element-populated\">\n\t\t\t\t\t\t<div class=\"elementor-element elementor-element-c5a19ba elementor-widget elementor-widget-text-editor\" data-id=\"c5a19ba\" data-element_type=\"widget\" data-widget_type=\"text-editor.default\">\n\t\t\t\t<div class=\"elementor-widget-container\">\n\t\t\t\t\t\t\t\t\t<h3 class=\"mbr-section-title mbr-fonts-style mb-3 display-5\"><strong>Obten\u00e7\u00e3o de uma casa atrav\u00e9s de uma associa\u00e7\u00e3o de habita\u00e7\u00e3o (em neerland\u00eas: \"woningcorporatie\")<\/strong><\/h3><p>\u00a0<\/p><p class=\"mbr-text mbr-fonts-style display-7\">Normalmente, n\u00e3o se tem dinheiro suficiente para comprar uma casa. A obten\u00e7\u00e3o de uma casa atrav\u00e9s de uma cooperativa de habita\u00e7\u00e3o nos Pa\u00edses Baixos envolve normalmente os seguintes passos:<br \/><br \/><strong>Comece pelas cooperativas de habita\u00e7\u00e3o:<\/strong>\u00a0Comece por pesquisar e identificar as cooperativas de habita\u00e7\u00e3o no local pretendido. Existem v\u00e1rias cooperativas nos Pa\u00edses Baixos, cada uma com as suas pr\u00f3prias regras, requisitos e propriedades dispon\u00edveis. Explore os seus s\u00edtios Web, contacte-as diretamente ou visite os seus escrit\u00f3rios para obter informa\u00e7\u00f5es.<br \/><br \/><strong>Pedir uma autoriza\u00e7\u00e3o de alojamento:\u00a0<\/strong>Nalgumas autarquias \u00e9 necess\u00e1ria uma licen\u00e7a de habita\u00e7\u00e3o. Pode solicit\u00e1-la junto do seu munic\u00edpio.<br \/>-<br \/><strong>Cumprir os requisitos da sociedade de habita\u00e7\u00e3o:\u00a0<\/strong>A associa\u00e7\u00e3o de habita\u00e7\u00e3o pode estabelecer requisitos relativamente \u00e0 dimens\u00e3o da sua fam\u00edlia. Ou o n\u00edvel dos seus rendimentos.<br \/><br \/><strong>Ades\u00e3o e registo:<\/strong>\u00a0Para participar numa cooperativa de habita\u00e7\u00e3o, normalmente \u00e9 necess\u00e1rio tornar-se membro. Verifique os requisitos espec\u00edficos para ser membro, que podem incluir crit\u00e9rios como limites de rendimento ou outros crit\u00e9rios de elegibilidade. Inscreva-se na cooperativa apresentando os documentos necess\u00e1rios e preenchendo os formul\u00e1rios de candidatura.<br \/><strong><br \/>Aderir \u00e0s listas de espera:<\/strong>\u00a0As cooperativas de habita\u00e7\u00e3o t\u00eam frequentemente listas de espera para os im\u00f3veis dispon\u00edveis. Depois de se tornar membro, pode ter de se inscrever na lista de espera para os tipos espec\u00edficos de propriedades ou bairros em que est\u00e1 interessado. Os tempos de espera podem variar muito, desde alguns meses a v\u00e1rios anos, consoante a procura e a disponibilidade.<\/p>\t\t\t\t\t\t\t\t<\/div>\n\t\t\t\t<\/div>\n\t\t\t\t\t<\/div>\n\t\t<\/div>\n\t\t\t\t<div class=\"elementor-column elementor-col-50 elementor-top-column elementor-element elementor-element-b0ecfdc\" data-id=\"b0ecfdc\" data-element_type=\"column\">\n\t\t\t<div class=\"elementor-widget-wrap elementor-element-populated\">\n\t\t\t\t\t\t<div class=\"elementor-element elementor-element-1c999f8 elementor-widget elementor-widget-image\" data-id=\"1c999f8\" data-element_type=\"widget\" data-widget_type=\"image.default\">\n\t\t\t\t<div class=\"elementor-widget-container\">\n\t\t\t\t\t\t\t\t\t\t\t\t\t\t\t<img decoding=\"async\" width=\"526\" height=\"785\" src=\"https:\/\/mijn-lo.nl\/wp-content\/uploads\/2024\/02\/alliantie-526x785-1.webp\" class=\"attachment-large size-large wp-image-4135\" alt=\"\" srcset=\"https:\/\/mijn-lo.nl\/wp-content\/uploads\/2024\/02\/alliantie-526x785-1.webp 526w, https:\/\/mijn-lo.nl\/wp-content\/uploads\/2024\/02\/alliantie-526x785-1-201x300.webp 201w, https:\/\/mijn-lo.nl\/wp-content\/uploads\/2024\/02\/alliantie-526x785-1-8x12.webp 8w, https:\/\/mijn-lo.nl\/wp-content\/uploads\/2024\/02\/alliantie-526x785-1-16x24.webp 16w, https:\/\/mijn-lo.nl\/wp-content\/uploads\/2024\/02\/alliantie-526x785-1-24x36.webp 24w, https:\/\/mijn-lo.nl\/wp-content\/uploads\/2024\/02\/alliantie-526x785-1-32x48.webp 32w\" sizes=\"(max-width: 526px) 100vw, 526px\" \/>\t\t\t\t\t\t\t\t\t\t\t\t\t\t\t<\/div>\n\t\t\t\t<\/div>\n\t\t\t\t<div class=\"elementor-element elementor-element-6942d17 elementor-widget elementor-widget-text-editor\" data-id=\"6942d17\" data-element_type=\"widget\" data-widget_type=\"text-editor.default\">\n\t\t\t\t<div class=\"elementor-widget-container\">\n\t\t\t\t\t\t\t\t\t<p style=\"text-align: center;\">associa\u00e7\u00e3o de habita\u00e7\u00e3o (texto em \u00e1rabe)<\/p>\t\t\t\t\t\t\t\t<\/div>\n\t\t\t\t<\/div>\n\t\t\t\t\t<\/div>\n\t\t<\/div>\n\t\t\t\t\t<\/div>\n\t\t<\/section>\n\t\t\t\t<section class=\"elementor-section elementor-top-section elementor-element elementor-element-19e8993 elementor-section-boxed elementor-section-height-default elementor-section-height-default\" data-id=\"19e8993\" data-element_type=\"section\">\n\t\t\t\t\t\t<div class=\"elementor-container elementor-column-gap-default\">\n\t\t\t\t\t<div class=\"elementor-column elementor-col-50 elementor-top-column elementor-element elementor-element-8702fd5\" data-id=\"8702fd5\" data-element_type=\"column\">\n\t\t\t<div class=\"elementor-widget-wrap elementor-element-populated\">\n\t\t\t\t\t\t<div class=\"elementor-element elementor-element-94168c2 elementor-widget elementor-widget-image\" data-id=\"94168c2\" data-element_type=\"widget\" data-widget_type=\"image.default\">\n\t\t\t\t<div class=\"elementor-widget-container\">\n\t\t\t\t\t\t\t\t\t\t\t\t\t\t\t<img decoding=\"async\" width=\"553\" height=\"865\" src=\"https:\/\/mijn-lo.nl\/wp-content\/uploads\/2024\/02\/funda1-553x865-1.webp\" class=\"attachment-large size-large wp-image-4136\" alt=\"\" srcset=\"https:\/\/mijn-lo.nl\/wp-content\/uploads\/2024\/02\/funda1-553x865-1.webp 553w, https:\/\/mijn-lo.nl\/wp-content\/uploads\/2024\/02\/funda1-553x865-1-192x300.webp 192w, https:\/\/mijn-lo.nl\/wp-content\/uploads\/2024\/02\/funda1-553x865-1-8x12.webp 8w, https:\/\/mijn-lo.nl\/wp-content\/uploads\/2024\/02\/funda1-553x865-1-15x24.webp 15w, https:\/\/mijn-lo.nl\/wp-content\/uploads\/2024\/02\/funda1-553x865-1-23x36.webp 23w, https:\/\/mijn-lo.nl\/wp-content\/uploads\/2024\/02\/funda1-553x865-1-31x48.webp 31w\" sizes=\"(max-width: 553px) 100vw, 553px\" \/>\t\t\t\t\t\t\t\t\t\t\t\t\t\t\t<\/div>\n\t\t\t\t<\/div>\n\t\t\t\t<div class=\"elementor-element elementor-element-fd048d8 elementor-widget elementor-widget-text-editor\" data-id=\"fd048d8\" data-element_type=\"widget\" data-widget_type=\"text-editor.default\">\n\t\t\t\t<div class=\"elementor-widget-container\">\n\t\t\t\t\t\t\t\t\t<p style=\"text-align: center;\">S\u00edtio Web da Funda<\/p>\t\t\t\t\t\t\t\t<\/div>\n\t\t\t\t<\/div>\n\t\t\t\t\t<\/div>\n\t\t<\/div>\n\t\t\t\t<div class=\"elementor-column elementor-col-50 elementor-top-column elementor-element elementor-element-0a060ed\" data-id=\"0a060ed\" data-element_type=\"column\">\n\t\t\t<div class=\"elementor-widget-wrap elementor-element-populated\">\n\t\t\t\t\t\t<div class=\"elementor-element elementor-element-0c01867 elementor-widget elementor-widget-text-editor\" data-id=\"0c01867\" data-element_type=\"widget\" data-widget_type=\"text-editor.default\">\n\t\t\t\t<div class=\"elementor-widget-container\">\n\t\t\t\t\t\t\t\t\t<h3 class=\"mbr-section-title mbr-fonts-style mb-3 display-5\"><strong>Comprar uma casa com um corretor (holand\u00eas: \"makelaar\")<\/strong><\/h3><p>\u00a0<\/p><p>Ao comprar uma casa com um intermedi\u00e1rio, eis alguns pontos importantes a considerar:<br \/>Escolha um mediador com reputa\u00e7\u00e3o e experi\u00eancia: Reserve algum tempo para pesquisar e selecionar um mediador imobili\u00e1rio com reputa\u00e7\u00e3o e experi\u00eancia. Procure recomenda\u00e7\u00f5es, leia cr\u00edticas e considere o seu historial no mercado. Um corretor de confian\u00e7a pode fornecer orienta\u00e7\u00e3o e apoio valiosos durante todo o processo de compra.<br \/><br \/><strong>Comunique claramente as suas necessidades e prefer\u00eancias:<\/strong>\u00a0Seja claro quanto aos seus requisitos, prefer\u00eancias e or\u00e7amento com o seu corretor.<br \/>Acesso a an\u00fancios e informa\u00e7\u00f5es sobre o mercado: Um corretor ter\u00e1 acesso a uma vasta gama de an\u00fancios de im\u00f3veis e a informa\u00e7\u00f5es actualizadas sobre o mercado.<br \/><br \/><strong>Visitas e inspec\u00e7\u00f5es de im\u00f3veis:<\/strong>\u00a0O seu mediador marcar\u00e1 visitas a im\u00f3veis para que possa visitar potenciais casas. Compare\u00e7a a estas visitas com o seu mediador e inspeccione cuidadosamente a propriedade.<br \/><br \/><strong>Negocia\u00e7\u00e3o e prepara\u00e7\u00e3o da oferta:<\/strong>\u00a0Quando encontrar uma casa que lhe interesse, o seu corretor ajud\u00e1-lo-\u00e1 a preparar uma oferta e a negociar com o vendedor. Ele pode fornecer orienta\u00e7\u00e3o sobre pre\u00e7os, condi\u00e7\u00f5es de mercado e termos da oferta. Confie na sua experi\u00eancia para o ajudar a garantir um neg\u00f3cio justo.<br \/><br \/><strong>Considera\u00e7\u00f5es contratuais e jur\u00eddicas:<\/strong>\u00a0Assim que a sua oferta for aceite, o seu corretor ajud\u00e1-lo-\u00e1 a rever o contrato e a garantir que todos os aspectos legais est\u00e3o em ordem. Pode trabalhar consigo e com o seu representante legal para resolver quaisquer conting\u00eancias, clarificar termos e assegurar uma transa\u00e7\u00e3o tranquila.<\/p>\t\t\t\t\t\t\t\t<\/div>\n\t\t\t\t<\/div>\n\t\t\t\t\t<\/div>\n\t\t<\/div>\n\t\t\t\t\t<\/div>\n\t\t<\/section>\n\t\t\t\t<section class=\"elementor-section elementor-top-section elementor-element elementor-element-2edcca1 elementor-section-boxed elementor-section-height-default elementor-section-height-default\" data-id=\"2edcca1\" data-element_type=\"section\">\n\t\t\t\t\t\t<div class=\"elementor-container elementor-column-gap-default\">\n\t\t\t\t\t<div class=\"elementor-column elementor-col-100 elementor-top-column elementor-element elementor-element-75349f87\" data-id=\"75349f87\" data-element_type=\"column\">\n\t\t\t<div class=\"elementor-widget-wrap elementor-element-populated\">\n\t\t\t\t\t\t<div class=\"elementor-element elementor-element-2d2d0e50 elementor-align-center elementor-widget elementor-widget-button\" data-id=\"2d2d0e50\" data-element_type=\"widget\" data-widget_type=\"button.default\">\n\t\t\t\t<div class=\"elementor-widget-container\">\n\t\t\t\t\t\t\t\t\t<div class=\"elementor-button-wrapper\">\n\t\t\t\t\t<a class=\"elementor-button elementor-button-link elementor-size-sm\" href=\"https:\/\/mijn-lo.nl\/pt\/housing\/energy\/\">\n\t\t\t\t\t\t<span class=\"elementor-button-content-wrapper\">\n\t\t\t\t\t\t\t\t\t<span class=\"elementor-button-text\">continuar<\/span>\n\t\t\t\t\t<\/span>\n\t\t\t\t\t<\/a>\n\t\t\t\t<\/div>\n\t\t\t\t\t\t\t\t<\/div>\n\t\t\t\t<\/div>\n\t\t\t\t\t<\/div>\n\t\t<\/div>\n\t\t\t\t\t<\/div>\n\t\t<\/section>\n\t\t\t\t<\/div>","protected":false},"excerpt":{"rendered":"<p>Each mortgage is related to a percentage To get a mortgage (Dutch: &#8220;hypotheek&#8221;) If you buy a house, usually you need a mortgage (loan). To get a mortgage from the bank, there are important steps to follow: Figure out your budget:\u00a0Before applying for a mortgage, you need to understand how much money you can afford [&hellip;]<\/p>\n","protected":false},"author":1,"featured_media":0,"parent":3311,"menu_order":3,"comment_status":"closed","ping_status":"closed","template":"elementor_canvas","meta":{"site-sidebar-layout":"no-sidebar","site-content-layout":"page-builder","ast-site-content-layout":"full-width-container","site-content-style":"default","site-sidebar-style":"default","ast-global-header-display":"","ast-banner-title-visibility":"","ast-main-header-display":"","ast-hfb-above-header-display":"","ast-hfb-below-header-display":"","ast-hfb-mobile-header-display":"","site-post-title":"disabled","ast-breadcrumbs-content":"","ast-featured-img":"disabled","footer-sml-layout":"","theme-transparent-header-meta":"","adv-header-id-meta":"","stick-header-meta":"","header-above-stick-meta":"","header-main-stick-meta":"","header-below-stick-meta":"","astra-migrate-meta-layouts":"set","ast-page-background-enabled":"default","ast-page-background-meta":{"desktop":{"background-color":"var(--ast-global-color-4)","background-image":"","background-repeat":"repeat","background-position":"center center","background-size":"auto","background-attachment":"scroll","background-type":"","background-media":"","overlay-type":"","overlay-color":"","overlay-opacity":"","overlay-gradient":""},"tablet":{"background-color":"","background-image":"","background-repeat":"repeat","background-position":"center center","background-size":"auto","background-attachment":"scroll","background-type":"","background-media":"","overlay-type":"","overlay-color":"","overlay-opacity":"","overlay-gradient":""},"mobile":{"background-color":"","background-image":"","background-repeat":"repeat","background-position":"center center","background-size":"auto","background-attachment":"scroll","background-type":"","background-media":"","overlay-type":"","overlay-color":"","overlay-opacity":"","overlay-gradient":""}},"ast-content-background-meta":{"desktop":{"background-color":"var(--ast-global-color-5)","background-image":"","background-repeat":"repeat","background-position":"center center","background-size":"auto","background-attachment":"scroll","background-type":"","background-media":"","overlay-type":"","overlay-color":"","overlay-opacity":"","overlay-gradient":""},"tablet":{"background-color":"var(--ast-global-color-5)","background-image":"","background-repeat":"repeat","background-position":"center center","background-size":"auto","background-attachment":"scroll","background-type":"","background-media":"","overlay-type":"","overlay-color":"","overlay-opacity":"","overlay-gradient":""},"mobile":{"background-color":"var(--ast-global-color-5)","background-image":"","background-repeat":"repeat","background-position":"center center","background-size":"auto","background-attachment":"scroll","background-type":"","background-media":"","overlay-type":"","overlay-color":"","overlay-opacity":"","overlay-gradient":""}},"footnotes":""},"class_list":["post-4132","page","type-page","status-publish","hentry"],"_links":{"self":[{"href":"https:\/\/mijn-lo.nl\/pt\/wp-json\/wp\/v2\/pages\/4132","targetHints":{"allow":["GET"]}}],"collection":[{"href":"https:\/\/mijn-lo.nl\/pt\/wp-json\/wp\/v2\/pages"}],"about":[{"href":"https:\/\/mijn-lo.nl\/pt\/wp-json\/wp\/v2\/types\/page"}],"author":[{"embeddable":true,"href":"https:\/\/mijn-lo.nl\/pt\/wp-json\/wp\/v2\/users\/1"}],"replies":[{"embeddable":true,"href":"https:\/\/mijn-lo.nl\/pt\/wp-json\/wp\/v2\/comments?post=4132"}],"version-history":[{"count":19,"href":"https:\/\/mijn-lo.nl\/pt\/wp-json\/wp\/v2\/pages\/4132\/revisions"}],"predecessor-version":[{"id":6256,"href":"https:\/\/mijn-lo.nl\/pt\/wp-json\/wp\/v2\/pages\/4132\/revisions\/6256"}],"up":[{"embeddable":true,"href":"https:\/\/mijn-lo.nl\/pt\/wp-json\/wp\/v2\/pages\/3311"}],"wp:attachment":[{"href":"https:\/\/mijn-lo.nl\/pt\/wp-json\/wp\/v2\/media?parent=4132"}],"curies":[{"name":"wp","href":"https:\/\/api.w.org\/{rel}","templated":true}]}}